{"id":34683,"date":"2026-04-09T16:12:49","date_gmt":"2026-04-09T14:12:49","guid":{"rendered":"https:\/\/www.bertazzofood.com\/?post_type=product&#038;p=34683"},"modified":"2026-04-09T16:23:39","modified_gmt":"2026-04-09T14:23:39","slug":"huile-dolive-extra-vierge-frantoi-cutrera-primo-organic","status":"publish","type":"product","link":"https:\/\/www.bertazzofood.com\/fr\/prodotto\/huile-dolive-extra-vierge-frantoi-cutrera-primo-organic\/","title":{"rendered":"Huile d&#8217;olive extra vierge Frantoi Cutrera Primo organic"},"content":{"rendered":"<p><strong>Primo BIO : Huile d&#8217;olive sicilienne et biologique.<\/strong><br \/>\n<strong>Primo BIO<\/strong> est l&#8217;huile d&#8217;olive extra vierge monocultivar obtenue avec 100% d&#8217;olives issues de la culture biologique.<\/p>\n<p><strong>L&#8217;huile d&#8217;olive extra vierge en t\u00eate des classements.<\/strong><br \/>\n<strong>Primo BIO<\/strong> est la marque phare de Frantoi Cutrera, une ligne biologique. Et c\u2019est l\u2019un des plus r\u00e9compens\u00e9s au niveau national et international. Elle figure toujours en t\u00eate des classements des principaux concours d&#8217;huile d&#8217;olive extra vierge dans le monde pour la cat\u00e9gorie biologique.<\/p>\n<p><strong>La vraie huile d&#8217;olive biologique \u00e0 table.<\/strong><br \/>\n<strong>Primo BIO<\/strong> n&#8217;est pas un simple condiment. C&#8217;est un vrai aliment. C&#8217;est une huile d&#8217;olive extra vierge intense, robuste et tr\u00e8s parfum\u00e9e, adapt\u00e9e aux entr\u00e9es consistantes, aux viandes et aux l\u00e9gumineuses. Rehausse les poissons grill\u00e9s, les soupes et salades, les bruschetta et les capresi. Et il est capable de d\u00e9finir, par son intensit\u00e9, le destin de chaque plat.<\/p>\n<p><strong>Origine<\/strong><br \/>\nFabriqu\u00e9 en Italie. <strong>Primo BIO<\/strong> est produit sur les monts Iblei, \u00e0 350-450 m\u00e8tres d&#8217;altitude, \u00e0 partir d&#8217;oliveraies centenaires cultiv\u00e9es de mani\u00e8re biologique et expos\u00e9es au sud. Principalement la vari\u00e9t\u00e9 Tonda Iblea.<\/p>\n<p><strong>Extraction<\/strong><br \/>\nUniquement m\u00e9canique, avec cycle continu, broyeur biphas\u00e9 et \u00e0 froid.<\/p>\n<p><strong>Parfum<\/strong><br \/>\nIntens\u00e9ment fruit\u00e9 avec des notes prononc\u00e9es de tomate verte, d&#8217;herbe fra\u00eechement coup\u00e9e et d&#8217;herbes aromatiques fra\u00eeches.<\/p>\n<p><strong>Saveur \/ Ar\u00f4me<\/strong><br \/>\nCors\u00e9 et intense, amer et \u00e9pic\u00e9 pr\u00e9sent et \u00e9quilibr\u00e9, ar\u00f4me de tomate verte et d&#8217;herbes fra\u00eeches.<\/p>\n<p><strong>Derni\u00e8res r\u00e9compenses obtenues<\/strong><br \/>\n&#8211; \u00ab BIOL 2025 \u00bb, Prix international de la meilleure huile d&#8217;olive extra vierge biologique au monde, M\u00e9daille d&#8217;or suppl\u00e9mentaire<\/p>\n<p>&#8211; Der Feinschmecker Olio Award, les meilleures huiles d&#8217;olive du monde 2025\u00a0: TOP 100<\/p>\n<p>&#8211; Prix international de l&#8217;huile d&#8217;olive Biolnovello 2025, Top 10 Biol<\/p>\n<p>&#8211; Prix EQOO \u00abPremio il Magnifico 2024\u00bb 2024, Huile d&#8217;Olive de Qualit\u00e9 Extra. 1 \u00e9toile<\/p>\n<p>&#8211; Guide des huiles italiennes \u00ab GAMBERO ROSSO 2024 \u00bb : Guide de l&#8217;huile d&#8217;olive extra vierge, Two Red Leaves<\/p>\n<p>&#8211; BIOFACH 2024 S\u00e9lection Mondiale Extra Vierge : Top 10 des Huiles d&#8217;Olive 2024<\/p>\n<p>&#8211; Guide des huiles italiennes \u00ab GAMBERO ROSSO 2023 \u00bb : Guide de l&#8217;huile d&#8217;olive extra vierge, Two Red Leaves<\/p>\n<p>&#8211; Concours r\u00e9gional \u00ab\u00a0\u039c\u03bf\u03c1\u03b3\u03b1\u03bd\u03c4\u03af\u03bd\u03c9\u03bd\u2013Morgant\u00ecnon\u00a0\u00bb 2023\u00a0: 1re place, cat\u00e9gorie Bio<\/p>\n","protected":false},"excerpt":{"rendered":"<p>Primo BIO : Huile d&#8217;olive sicilienne et biologique. Primo BIO est l&#8217;huile d&#8217;olive extra vierge monocultivar obtenue avec 100% d&#8217;olives issues de la culture biologique. L&#8217;huile d&#8217;olive extra vierge en t\u00eate des classements. Primo BIO est la marque phare de Frantoi Cutrera, une ligne biologique. Et c\u2019est l\u2019un des plus r\u00e9compens\u00e9s au niveau national et [&hellip;]<\/p>\n","protected":false},"featured_media":34693,"comment_status":"open","ping_status":"closed","template":"","meta":{"_acf_changed":false,"iawp_total_views":1},"product_brand":[],"product_cat":[1215,1228],"product_tag":[],"brands":[1915],"flag_home":[],"class_list":{"0":"post-34683","1":"product","2":"type-product","3":"status-publish","4":"has-post-thumbnail","6":"product_cat-huile-extra-vierge-dolive-biologique","7":"product_cat-huile-dolive-extra-vierge","8":"pa_formato-3l","9":"pa_formato-5l","10":"pa_formato-0-75l","11":"brands-frantoi-cutrera","13":"first","14":"instock","15":"taxable","16":"shipping-taxable","17":"purchasable","18":"product-type-variable","19":"has-default-attributes"},"acf":[],"yoast_head":"<!-- This site is optimized with the Yoast SEO plugin v27.5 - https:\/\/yoast.com\/product\/yoast-seo-wordpress\/ -->\n<title>Huile d&#039;olive extra vierge Frantoi Cutrera Primo organic<\/title>\n<meta name=\"robots\" content=\"index, follow, max-snippet:-1, max-image-preview:large, max-video-preview:-1\" \/>\n<link rel=\"canonical\" href=\"https:\/\/www.bertazzofood.com\/fr\/prodotto\/huile-dolive-extra-vierge-frantoi-cutrera-primo-organic\/\" \/>\n<meta property=\"og:locale\" content=\"fr_FR\" \/>\n<meta property=\"og:type\" content=\"article\" \/>\n<meta property=\"og:title\" content=\"Huile d&#039;olive extra vierge Frantoi Cutrera Primo organic\" \/>\n<meta property=\"og:description\" content=\"Primo BIO : Huile d&#8217;olive sicilienne et biologique. Primo BIO est l&#8217;huile d&#8217;olive extra vierge monocultivar obtenue avec 100% d&#8217;olives issues de la culture biologique. L&#8217;huile d&#8217;olive extra vierge en t\u00eate des classements. Primo BIO est la marque phare de Frantoi Cutrera, une ligne biologique. Et c\u2019est l\u2019un des plus r\u00e9compens\u00e9s au niveau national et [&hellip;]\" \/>\n<meta property=\"og:url\" content=\"https:\/\/www.bertazzofood.com\/fr\/prodotto\/huile-dolive-extra-vierge-frantoi-cutrera-primo-organic\/\" \/>\n<meta property=\"og:site_name\" content=\"Bertazzo Food\" \/>\n<meta property=\"article:publisher\" content=\"https:\/\/www.facebook.com\/BertazzoItalianQualityFood\" \/>\n<meta property=\"article:modified_time\" content=\"2026-04-09T14:23:39+00:00\" \/>\n<meta property=\"og:image\" content=\"https:\/\/www.bertazzofood.com\/wp-content\/uploads\/2026\/04\/Cutrera-Primo-BIO-3L.jpg\" \/>\n\t<meta property=\"og:image:width\" content=\"800\" \/>\n\t<meta property=\"og:image:height\" content=\"800\" \/>\n\t<meta property=\"og:image:type\" content=\"image\/jpeg\" \/>\n<meta name=\"twitter:card\" content=\"summary_large_image\" \/>\n<meta name=\"twitter:label1\" content=\"Dur\u00e9e de lecture estim\u00e9e\" \/>\n\t<meta name=\"twitter:data1\" content=\"2 minutes\" \/>\n<script type=\"application\/ld+json\" class=\"yoast-schema-graph\">{\"@context\":\"https:\\\/\\\/schema.org\",\"@graph\":[{\"@type\":\"WebPage\",\"@id\":\"https:\\\/\\\/www.bertazzofood.com\\\/fr\\\/prodotto\\\/huile-dolive-extra-vierge-frantoi-cutrera-primo-organic\\\/\",\"url\":\"https:\\\/\\\/www.bertazzofood.com\\\/fr\\\/prodotto\\\/huile-dolive-extra-vierge-frantoi-cutrera-primo-organic\\\/\",\"name\":\"Huile d'olive extra vierge Frantoi Cutrera Primo organic\",\"isPartOf\":{\"@id\":\"https:\\\/\\\/www.bertazzofood.com\\\/fr\\\/#website\"},\"primaryImageOfPage\":{\"@id\":\"https:\\\/\\\/www.bertazzofood.com\\\/fr\\\/prodotto\\\/huile-dolive-extra-vierge-frantoi-cutrera-primo-organic\\\/#primaryimage\"},\"image\":{\"@id\":\"https:\\\/\\\/www.bertazzofood.com\\\/fr\\\/prodotto\\\/huile-dolive-extra-vierge-frantoi-cutrera-primo-organic\\\/#primaryimage\"},\"thumbnailUrl\":\"https:\\\/\\\/www.bertazzofood.com\\\/wp-content\\\/uploads\\\/2026\\\/04\\\/Cutrera-Primo-BIO-3L.jpg\",\"datePublished\":\"2026-04-09T14:12:49+00:00\",\"dateModified\":\"2026-04-09T14:23:39+00:00\",\"breadcrumb\":{\"@id\":\"https:\\\/\\\/www.bertazzofood.com\\\/fr\\\/prodotto\\\/huile-dolive-extra-vierge-frantoi-cutrera-primo-organic\\\/#breadcrumb\"},\"inLanguage\":\"fr-FR\",\"potentialAction\":[{\"@type\":\"ReadAction\",\"target\":[\"https:\\\/\\\/www.bertazzofood.com\\\/fr\\\/prodotto\\\/huile-dolive-extra-vierge-frantoi-cutrera-primo-organic\\\/\"]}]},{\"@type\":\"ImageObject\",\"inLanguage\":\"fr-FR\",\"@id\":\"https:\\\/\\\/www.bertazzofood.com\\\/fr\\\/prodotto\\\/huile-dolive-extra-vierge-frantoi-cutrera-primo-organic\\\/#primaryimage\",\"url\":\"https:\\\/\\\/www.bertazzofood.com\\\/wp-content\\\/uploads\\\/2026\\\/04\\\/Cutrera-Primo-BIO-3L.jpg\",\"contentUrl\":\"https:\\\/\\\/www.bertazzofood.com\\\/wp-content\\\/uploads\\\/2026\\\/04\\\/Cutrera-Primo-BIO-3L.jpg\",\"width\":800,\"height\":800},{\"@type\":\"BreadcrumbList\",\"@id\":\"https:\\\/\\\/www.bertazzofood.com\\\/fr\\\/prodotto\\\/huile-dolive-extra-vierge-frantoi-cutrera-primo-organic\\\/#breadcrumb\",\"itemListElement\":[{\"@type\":\"ListItem\",\"position\":1,\"name\":\"Home\",\"item\":\"https:\\\/\\\/www.bertazzofood.com\\\/fr\\\/homepage\\\/\"},{\"@type\":\"ListItem\",\"position\":2,\"name\":\"Produits\",\"item\":\"https:\\\/\\\/www.bertazzofood.com\\\/fr\\\/shop\\\/\"},{\"@type\":\"ListItem\",\"position\":3,\"name\":\"Huile d&#8217;olive extra vierge Frantoi Cutrera Primo organic\"}]},{\"@type\":\"WebSite\",\"@id\":\"https:\\\/\\\/www.bertazzofood.com\\\/fr\\\/#website\",\"url\":\"https:\\\/\\\/www.bertazzofood.com\\\/fr\\\/\",\"name\":\"Bertazzo Food\",\"description\":\"Prodotti Alimentari Italiani Online e Macchine Da Caff\u00e8\",\"publisher\":{\"@id\":\"https:\\\/\\\/www.bertazzofood.com\\\/fr\\\/#organization\"},\"potentialAction\":[{\"@type\":\"SearchAction\",\"target\":{\"@type\":\"EntryPoint\",\"urlTemplate\":\"https:\\\/\\\/www.bertazzofood.com\\\/fr\\\/?s={search_term_string}\"},\"query-input\":{\"@type\":\"PropertyValueSpecification\",\"valueRequired\":true,\"valueName\":\"search_term_string\"}}],\"inLanguage\":\"fr-FR\"},{\"@type\":\"Organization\",\"@id\":\"https:\\\/\\\/www.bertazzofood.com\\\/fr\\\/#organization\",\"name\":\"Bertazzo Italian Quality Food S.a.s. di Bertazzo Fabio & C.\",\"alternateName\":\"Bertazzo Food\",\"url\":\"https:\\\/\\\/www.bertazzofood.com\\\/fr\\\/\",\"logo\":{\"@type\":\"ImageObject\",\"inLanguage\":\"fr-FR\",\"@id\":\"https:\\\/\\\/www.bertazzofood.com\\\/fr\\\/#\\\/schema\\\/logo\\\/image\\\/\",\"url\":\"https:\\\/\\\/www.bertazzofood.com\\\/wp-content\\\/uploads\\\/2024\\\/06\\\/logo-bertazzo.webp\",\"contentUrl\":\"https:\\\/\\\/www.bertazzofood.com\\\/wp-content\\\/uploads\\\/2024\\\/06\\\/logo-bertazzo.webp\",\"width\":410,\"height\":166,\"caption\":\"Bertazzo Italian Quality Food S.a.s. di Bertazzo Fabio & C.\"},\"image\":{\"@id\":\"https:\\\/\\\/www.bertazzofood.com\\\/fr\\\/#\\\/schema\\\/logo\\\/image\\\/\"},\"sameAs\":[\"https:\\\/\\\/www.facebook.com\\\/BertazzoItalianQualityFood\",\"https:\\\/\\\/www.instagram.com\\\/bertazzo_italian_quality_food\\\/\"]}]}<\/script>\n<!-- \/ Yoast SEO plugin. -->","yoast_head_json":{"title":"Huile d'olive extra vierge Frantoi Cutrera Primo organic","robots":{"index":"index","follow":"follow","max-snippet":"max-snippet:-1","max-image-preview":"max-image-preview:large","max-video-preview":"max-video-preview:-1"},"canonical":"https:\/\/www.bertazzofood.com\/fr\/prodotto\/huile-dolive-extra-vierge-frantoi-cutrera-primo-organic\/","og_locale":"fr_FR","og_type":"article","og_title":"Huile d'olive extra vierge Frantoi Cutrera Primo organic","og_description":"Primo BIO : Huile d&#8217;olive sicilienne et biologique. Primo BIO est l&#8217;huile d&#8217;olive extra vierge monocultivar obtenue avec 100% d&#8217;olives issues de la culture biologique. L&#8217;huile d&#8217;olive extra vierge en t\u00eate des classements. Primo BIO est la marque phare de Frantoi Cutrera, une ligne biologique. Et c\u2019est l\u2019un des plus r\u00e9compens\u00e9s au niveau national et [&hellip;]","og_url":"https:\/\/www.bertazzofood.com\/fr\/prodotto\/huile-dolive-extra-vierge-frantoi-cutrera-primo-organic\/","og_site_name":"Bertazzo Food","article_publisher":"https:\/\/www.facebook.com\/BertazzoItalianQualityFood","article_modified_time":"2026-04-09T14:23:39+00:00","og_image":[{"width":800,"height":800,"url":"https:\/\/www.bertazzofood.com\/wp-content\/uploads\/2026\/04\/Cutrera-Primo-BIO-3L.jpg","type":"image\/jpeg"}],"twitter_card":"summary_large_image","twitter_misc":{"Dur\u00e9e de lecture estim\u00e9e":"2 minutes"},"schema":{"@context":"https:\/\/schema.org","@graph":[{"@type":"WebPage","@id":"https:\/\/www.bertazzofood.com\/fr\/prodotto\/huile-dolive-extra-vierge-frantoi-cutrera-primo-organic\/","url":"https:\/\/www.bertazzofood.com\/fr\/prodotto\/huile-dolive-extra-vierge-frantoi-cutrera-primo-organic\/","name":"Huile d'olive extra vierge Frantoi Cutrera Primo organic","isPartOf":{"@id":"https:\/\/www.bertazzofood.com\/fr\/#website"},"primaryImageOfPage":{"@id":"https:\/\/www.bertazzofood.com\/fr\/prodotto\/huile-dolive-extra-vierge-frantoi-cutrera-primo-organic\/#primaryimage"},"image":{"@id":"https:\/\/www.bertazzofood.com\/fr\/prodotto\/huile-dolive-extra-vierge-frantoi-cutrera-primo-organic\/#primaryimage"},"thumbnailUrl":"https:\/\/www.bertazzofood.com\/wp-content\/uploads\/2026\/04\/Cutrera-Primo-BIO-3L.jpg","datePublished":"2026-04-09T14:12:49+00:00","dateModified":"2026-04-09T14:23:39+00:00","breadcrumb":{"@id":"https:\/\/www.bertazzofood.com\/fr\/prodotto\/huile-dolive-extra-vierge-frantoi-cutrera-primo-organic\/#breadcrumb"},"inLanguage":"fr-FR","potentialAction":[{"@type":"ReadAction","target":["https:\/\/www.bertazzofood.com\/fr\/prodotto\/huile-dolive-extra-vierge-frantoi-cutrera-primo-organic\/"]}]},{"@type":"ImageObject","inLanguage":"fr-FR","@id":"https:\/\/www.bertazzofood.com\/fr\/prodotto\/huile-dolive-extra-vierge-frantoi-cutrera-primo-organic\/#primaryimage","url":"https:\/\/www.bertazzofood.com\/wp-content\/uploads\/2026\/04\/Cutrera-Primo-BIO-3L.jpg","contentUrl":"https:\/\/www.bertazzofood.com\/wp-content\/uploads\/2026\/04\/Cutrera-Primo-BIO-3L.jpg","width":800,"height":800},{"@type":"BreadcrumbList","@id":"https:\/\/www.bertazzofood.com\/fr\/prodotto\/huile-dolive-extra-vierge-frantoi-cutrera-primo-organic\/#breadcrumb","itemListElement":[{"@type":"ListItem","position":1,"name":"Home","item":"https:\/\/www.bertazzofood.com\/fr\/homepage\/"},{"@type":"ListItem","position":2,"name":"Produits","item":"https:\/\/www.bertazzofood.com\/fr\/shop\/"},{"@type":"ListItem","position":3,"name":"Huile d&#8217;olive extra vierge Frantoi Cutrera Primo organic"}]},{"@type":"WebSite","@id":"https:\/\/www.bertazzofood.com\/fr\/#website","url":"https:\/\/www.bertazzofood.com\/fr\/","name":"Bertazzo Food","description":"Prodotti Alimentari Italiani Online e Macchine Da Caff\u00e8","publisher":{"@id":"https:\/\/www.bertazzofood.com\/fr\/#organization"},"potentialAction":[{"@type":"SearchAction","target":{"@type":"EntryPoint","urlTemplate":"https:\/\/www.bertazzofood.com\/fr\/?s={search_term_string}"},"query-input":{"@type":"PropertyValueSpecification","valueRequired":true,"valueName":"search_term_string"}}],"inLanguage":"fr-FR"},{"@type":"Organization","@id":"https:\/\/www.bertazzofood.com\/fr\/#organization","name":"Bertazzo Italian Quality Food S.a.s. di Bertazzo Fabio & C.","alternateName":"Bertazzo Food","url":"https:\/\/www.bertazzofood.com\/fr\/","logo":{"@type":"ImageObject","inLanguage":"fr-FR","@id":"https:\/\/www.bertazzofood.com\/fr\/#\/schema\/logo\/image\/","url":"https:\/\/www.bertazzofood.com\/wp-content\/uploads\/2024\/06\/logo-bertazzo.webp","contentUrl":"https:\/\/www.bertazzofood.com\/wp-content\/uploads\/2024\/06\/logo-bertazzo.webp","width":410,"height":166,"caption":"Bertazzo Italian Quality Food S.a.s. di Bertazzo Fabio & C."},"image":{"@id":"https:\/\/www.bertazzofood.com\/fr\/#\/schema\/logo\/image\/"},"sameAs":["https:\/\/www.facebook.com\/BertazzoItalianQualityFood","https:\/\/www.instagram.com\/bertazzo_italian_quality_food\/"]}]}},"_links":{"self":[{"href":"https:\/\/www.bertazzofood.com\/fr\/wp-json\/wp\/v2\/product\/34683","targetHints":{"allow":["GET"]}}],"collection":[{"href":"https:\/\/www.bertazzofood.com\/fr\/wp-json\/wp\/v2\/product"}],"about":[{"href":"https:\/\/www.bertazzofood.com\/fr\/wp-json\/wp\/v2\/types\/product"}],"replies":[{"embeddable":true,"href":"https:\/\/www.bertazzofood.com\/fr\/wp-json\/wp\/v2\/comments?post=34683"}],"version-history":[{"count":6,"href":"https:\/\/www.bertazzofood.com\/fr\/wp-json\/wp\/v2\/product\/34683\/revisions"}],"predecessor-version":[{"id":34723,"href":"https:\/\/www.bertazzofood.com\/fr\/wp-json\/wp\/v2\/product\/34683\/revisions\/34723"}],"wp:featuredmedia":[{"embeddable":true,"href":"https:\/\/www.bertazzofood.com\/fr\/wp-json\/wp\/v2\/media\/34693"}],"wp:attachment":[{"href":"https:\/\/www.bertazzofood.com\/fr\/wp-json\/wp\/v2\/media?parent=34683"}],"wp:term":[{"taxonomy":"product_brand","embeddable":true,"href":"https:\/\/www.bertazzofood.com\/fr\/wp-json\/wp\/v2\/product_brand?post=34683"},{"taxonomy":"product_cat","embeddable":true,"href":"https:\/\/www.bertazzofood.com\/fr\/wp-json\/wp\/v2\/product_cat?post=34683"},{"taxonomy":"product_tag","embeddable":true,"href":"https:\/\/www.bertazzofood.com\/fr\/wp-json\/wp\/v2\/product_tag?post=34683"},{"taxonomy":"brands","embeddable":true,"href":"https:\/\/www.bertazzofood.com\/fr\/wp-json\/wp\/v2\/brands?post=34683"},{"taxonomy":"flag_home","embeddable":true,"href":"https:\/\/www.bertazzofood.com\/fr\/wp-json\/wp\/v2\/flag_home?post=34683"}],"curies":[{"name":"wp","href":"https:\/\/api.w.org\/{rel}","templated":true}]}}