{"id":34626,"date":"2026-04-09T15:43:30","date_gmt":"2026-04-09T13:43:30","guid":{"rendered":"https:\/\/www.bertazzofood.com\/?post_type=product&#038;p=34626"},"modified":"2026-04-09T16:27:02","modified_gmt":"2026-04-09T14:27:02","slug":"huile-dolive-extra-vierge-frantoi-cutrera-primo-dop","status":"publish","type":"product","link":"https:\/\/www.bertazzofood.com\/fr\/prodotto\/huile-dolive-extra-vierge-frantoi-cutrera-primo-dop\/","title":{"rendered":"Huile d&#8217;olive extra vierge Frantoi Cutrera Primo DOP"},"content":{"rendered":"<p><strong>L&#8217;huile sicilienne par excellence.<\/strong><br \/>\n<strong>Primo<\/strong> est une huile d&#8217;olive extra vierge monovari\u00e9tale AOP obtenue \u00e0 partir d&#8217;olives 100% issues de la premi\u00e8re r\u00e9colte de l&#8217;ann\u00e9e.<\/p>\n<p><strong>Premi\u00e8re AOP\u00a0: l\u2019huile d\u2019olive extra vierge prim\u00e9e.<\/strong><br \/>\n<strong>Primo DOP<\/strong> est la marque phare de Frantoi Cutrera, la premi\u00e8re \u00e0 recevoir cette distinction en 2001. Depuis, elle demeure notre plus grande fiert\u00e9 et n&#8217;a jamais quitt\u00e9 le podium\u00a0: elle se classe r\u00e9guli\u00e8rement en t\u00eate des principaux concours nationaux et internationaux d&#8217;huile d&#8217;olive extra vierge. Un gage incontestable de qualit\u00e9 constante.<\/p>\n<p><strong>Le directeur de la photographie Monti Iblei \u00e0 table.<\/strong><br \/>\n<strong>Primo<\/strong> a \u00e9t\u00e9 la premi\u00e8re huile d&#8217;olive extra vierge sicilienne \u00e0 obtenir l&#8217;appellation d&#8217;origine contr\u00f4l\u00e9e Monti Iblei. Aujourd&#8217;hui, elle compte parmi les plus recherch\u00e9es et les plus pris\u00e9es. Car en cuisine, bien plus qu&#8217;un simple assaisonnement, elle se consid\u00e8re comme un v\u00e9ritable aliment\u00a0: une huile intense, riche et parfum\u00e9e, id\u00e9ale pour les entr\u00e9es copieuses, les viandes et les l\u00e9gumineuses. Elle sublime les poissons grill\u00e9s, les soupes et les salades, les bruschettas et la salade Caprese. Son intensit\u00e9 donne \u00e0 chaque plat toute sa saveur.<\/p>\n<p><strong>Origine<\/strong><br \/>\nFabriqu\u00e9 en Italie. <strong>Primo DOP<\/strong> est produit sur les monts Iblei, \u00e0 350-450 m\u00e8tres d&#8217;altitude, \u00e0 partir d&#8217;oliveraies certifi\u00e9es DOP vieilles de plusieurs si\u00e8cles. orient\u00e9 au sud. Principalement la vari\u00e9t\u00e9 Tonda Iblea.<\/p>\n<p><strong>Extraction<\/strong><br \/>\nUniquement m\u00e9caniquement, dans une huilerie de derni\u00e8re g\u00e9n\u00e9ration avec technologie cycle continu 4.0, extraction en deux phases, sans ajout d&#8217;eau et \u00e0 temp\u00e9rature &#8220;froide&#8221; contr\u00f4l\u00e9e (inf\u00e9rieure \u00e0 27 degr\u00e9s).<\/p>\n<p><strong>Parfum<\/strong><br \/>\nIntens\u00e9ment fruit\u00e9 avec des notes prononc\u00e9es de tomate verte, d&#8217;herbe fra\u00eechement coup\u00e9e et d&#8217;herbes aromatiques fra\u00eeches.<\/p>\n<p><strong>Saveur \/ Ar\u00f4me<\/strong><br \/>\nCors\u00e9 et intense, amer et \u00e9pic\u00e9 pr\u00e9sent et \u00e9quilibr\u00e9, ar\u00f4me de tomate verte et d&#8217;herbes fra\u00eeches.<\/p>\n<p><strong>Derni\u00e8res r\u00e9compenses obtenues<\/strong><br \/>\n&#8211; HUILE D&#8217;OLIVE MONOCULTIVAR TOP 2026 &#8211; Top Expo Gold 2026<\/p>\n<p>&#8211; Concours mondial de l&#8217;huile d&#8217;olive NYIOOC\u00a0: Meilleures huiles d&#8217;olive du monde pour 2025, M\u00c9DAILLE D&#8217;OR<\/p>\n<p>Guide Slow Food Italie 2025 des huiles d&#8217;olive extra vierges, Great Oil<\/p>\n<p>&#8211; MERUM &#8211; S\u00e9lection d&#8217;huile d&#8217;olive extra vierge 2025, Exzellentes Oliven\u00f6l<\/p>\n<p>&#8211; S\u00e9lection AIRO 2025, Meilleure cat\u00e9gorie DOP sicilienne<\/p>\n<p>&#8211; Concours OLIVE JAPAN 2025 : FINALISTE OR, Prix sp\u00e9cial du sommelier TOSHYA TADA<\/p>\n<p>&#8211; Prix international de l&#8217;huile d&#8217;olive de Milan 2025, Bicciere d&#8217;oro\/Coupe de d\u00e9gustation d&#8217;or<\/p>\n<p>&#8211; Ma\u00eetre du p\u00e9trole 2025, Ma\u00eetre couronn\u00e9 du p\u00e9trole 2025<\/p>\n<p>&#8211; Lion d&#8217;or 2025, finaliste AOP\/IGP 2025<\/p>\n<p>&#8211; Ercole Olivario 2025, 2e place dans la cat\u00e9gorie DOP\/IGP<\/p>\n<p>&#8211; Der Feinschmecker Olio Award, les meilleures huiles d&#8217;olive du monde 2025 Mention sp\u00e9ciale<\/p>\n<p>BIBENDA 2025\u00a0: Les meilleures huiles d\u2019olive extra vierges italiennes, 5 Gouttes d\u2019Excellence<\/p>\n<p>&#8211; Prix national \u00ab L&#8217;Oro d&#8217;Italia 2025 \u00bb, 5 gouttes d&#8217;or de l&#8217;OLEA<\/p>\n","protected":false},"excerpt":{"rendered":"<p>L&#8217;huile sicilienne par excellence. Primo est une huile d&#8217;olive extra vierge monovari\u00e9tale AOP obtenue \u00e0 partir d&#8217;olives 100% issues de la premi\u00e8re r\u00e9colte de l&#8217;ann\u00e9e. Premi\u00e8re AOP\u00a0: l\u2019huile d\u2019olive extra vierge prim\u00e9e. Primo DOP est la marque phare de Frantoi Cutrera, la premi\u00e8re \u00e0 recevoir cette distinction en 2001. Depuis, elle demeure notre plus grande [&hellip;]<\/p>\n","protected":false},"featured_media":34636,"comment_status":"open","ping_status":"closed","template":"","meta":{"_acf_changed":false,"iawp_total_views":2},"product_brand":[],"product_cat":[1207,1228],"product_tag":[],"brands":[1915],"flag_home":[],"class_list":{"0":"post-34626","1":"product","2":"type-product","3":"status-publish","4":"has-post-thumbnail","6":"product_cat-huile-dolive-extra-vierge-a-o-p","7":"product_cat-huile-dolive-extra-vierge","8":"pa_formato-3l","9":"pa_formato-5l","10":"pa_formato-0-75l","11":"brands-frantoi-cutrera","13":"first","14":"instock","15":"taxable","16":"shipping-taxable","17":"purchasable","18":"product-type-variable","19":"has-default-attributes"},"acf":[],"yoast_head":"<!-- This site is optimized with the Yoast SEO plugin v27.5 - https:\/\/yoast.com\/product\/yoast-seo-wordpress\/ -->\n<title>Huile d&#039;olive extra vierge Frantoi Cutrera Primo DOP<\/title>\n<meta name=\"robots\" content=\"index, follow, max-snippet:-1, max-image-preview:large, max-video-preview:-1\" \/>\n<link rel=\"canonical\" href=\"https:\/\/www.bertazzofood.com\/fr\/prodotto\/huile-dolive-extra-vierge-frantoi-cutrera-primo-dop\/\" \/>\n<meta property=\"og:locale\" content=\"fr_FR\" \/>\n<meta property=\"og:type\" content=\"article\" \/>\n<meta property=\"og:title\" content=\"Huile d&#039;olive extra vierge Frantoi Cutrera Primo DOP\" \/>\n<meta property=\"og:description\" content=\"L&#8217;huile sicilienne par excellence. Primo est une huile d&#8217;olive extra vierge monovari\u00e9tale AOP obtenue \u00e0 partir d&#8217;olives 100% issues de la premi\u00e8re r\u00e9colte de l&#8217;ann\u00e9e. Premi\u00e8re AOP\u00a0: l\u2019huile d\u2019olive extra vierge prim\u00e9e. Primo DOP est la marque phare de Frantoi Cutrera, la premi\u00e8re \u00e0 recevoir cette distinction en 2001. Depuis, elle demeure notre plus grande [&hellip;]\" \/>\n<meta property=\"og:url\" content=\"https:\/\/www.bertazzofood.com\/fr\/prodotto\/huile-dolive-extra-vierge-frantoi-cutrera-primo-dop\/\" \/>\n<meta property=\"og:site_name\" content=\"Bertazzo Food\" \/>\n<meta property=\"article:publisher\" content=\"https:\/\/www.facebook.com\/BertazzoItalianQualityFood\" \/>\n<meta property=\"article:modified_time\" content=\"2026-04-09T14:27:02+00:00\" \/>\n<meta property=\"og:image\" content=\"https:\/\/www.bertazzofood.com\/wp-content\/uploads\/2026\/04\/Cutrera-Primo-DOP-3L.jpg\" \/>\n\t<meta property=\"og:image:width\" content=\"800\" \/>\n\t<meta property=\"og:image:height\" content=\"800\" \/>\n\t<meta property=\"og:image:type\" content=\"image\/jpeg\" \/>\n<meta name=\"twitter:card\" content=\"summary_large_image\" \/>\n<meta name=\"twitter:label1\" content=\"Dur\u00e9e de lecture estim\u00e9e\" \/>\n\t<meta name=\"twitter:data1\" content=\"2 minutes\" \/>\n<script type=\"application\/ld+json\" class=\"yoast-schema-graph\">{\"@context\":\"https:\\\/\\\/schema.org\",\"@graph\":[{\"@type\":\"WebPage\",\"@id\":\"https:\\\/\\\/www.bertazzofood.com\\\/fr\\\/prodotto\\\/huile-dolive-extra-vierge-frantoi-cutrera-primo-dop\\\/\",\"url\":\"https:\\\/\\\/www.bertazzofood.com\\\/fr\\\/prodotto\\\/huile-dolive-extra-vierge-frantoi-cutrera-primo-dop\\\/\",\"name\":\"Huile d'olive extra vierge Frantoi Cutrera Primo DOP\",\"isPartOf\":{\"@id\":\"https:\\\/\\\/www.bertazzofood.com\\\/fr\\\/#website\"},\"primaryImageOfPage\":{\"@id\":\"https:\\\/\\\/www.bertazzofood.com\\\/fr\\\/prodotto\\\/huile-dolive-extra-vierge-frantoi-cutrera-primo-dop\\\/#primaryimage\"},\"image\":{\"@id\":\"https:\\\/\\\/www.bertazzofood.com\\\/fr\\\/prodotto\\\/huile-dolive-extra-vierge-frantoi-cutrera-primo-dop\\\/#primaryimage\"},\"thumbnailUrl\":\"https:\\\/\\\/www.bertazzofood.com\\\/wp-content\\\/uploads\\\/2026\\\/04\\\/Cutrera-Primo-DOP-3L.jpg\",\"datePublished\":\"2026-04-09T13:43:30+00:00\",\"dateModified\":\"2026-04-09T14:27:02+00:00\",\"breadcrumb\":{\"@id\":\"https:\\\/\\\/www.bertazzofood.com\\\/fr\\\/prodotto\\\/huile-dolive-extra-vierge-frantoi-cutrera-primo-dop\\\/#breadcrumb\"},\"inLanguage\":\"fr-FR\",\"potentialAction\":[{\"@type\":\"ReadAction\",\"target\":[\"https:\\\/\\\/www.bertazzofood.com\\\/fr\\\/prodotto\\\/huile-dolive-extra-vierge-frantoi-cutrera-primo-dop\\\/\"]}]},{\"@type\":\"ImageObject\",\"inLanguage\":\"fr-FR\",\"@id\":\"https:\\\/\\\/www.bertazzofood.com\\\/fr\\\/prodotto\\\/huile-dolive-extra-vierge-frantoi-cutrera-primo-dop\\\/#primaryimage\",\"url\":\"https:\\\/\\\/www.bertazzofood.com\\\/wp-content\\\/uploads\\\/2026\\\/04\\\/Cutrera-Primo-DOP-3L.jpg\",\"contentUrl\":\"https:\\\/\\\/www.bertazzofood.com\\\/wp-content\\\/uploads\\\/2026\\\/04\\\/Cutrera-Primo-DOP-3L.jpg\",\"width\":800,\"height\":800},{\"@type\":\"BreadcrumbList\",\"@id\":\"https:\\\/\\\/www.bertazzofood.com\\\/fr\\\/prodotto\\\/huile-dolive-extra-vierge-frantoi-cutrera-primo-dop\\\/#breadcrumb\",\"itemListElement\":[{\"@type\":\"ListItem\",\"position\":1,\"name\":\"Home\",\"item\":\"https:\\\/\\\/www.bertazzofood.com\\\/fr\\\/homepage\\\/\"},{\"@type\":\"ListItem\",\"position\":2,\"name\":\"Produits\",\"item\":\"https:\\\/\\\/www.bertazzofood.com\\\/fr\\\/shop\\\/\"},{\"@type\":\"ListItem\",\"position\":3,\"name\":\"Huile d&#8217;olive extra vierge Frantoi Cutrera Primo DOP\"}]},{\"@type\":\"WebSite\",\"@id\":\"https:\\\/\\\/www.bertazzofood.com\\\/fr\\\/#website\",\"url\":\"https:\\\/\\\/www.bertazzofood.com\\\/fr\\\/\",\"name\":\"Bertazzo Food\",\"description\":\"Prodotti Alimentari Italiani Online e Macchine Da Caff\u00e8\",\"publisher\":{\"@id\":\"https:\\\/\\\/www.bertazzofood.com\\\/fr\\\/#organization\"},\"potentialAction\":[{\"@type\":\"SearchAction\",\"target\":{\"@type\":\"EntryPoint\",\"urlTemplate\":\"https:\\\/\\\/www.bertazzofood.com\\\/fr\\\/?s={search_term_string}\"},\"query-input\":{\"@type\":\"PropertyValueSpecification\",\"valueRequired\":true,\"valueName\":\"search_term_string\"}}],\"inLanguage\":\"fr-FR\"},{\"@type\":\"Organization\",\"@id\":\"https:\\\/\\\/www.bertazzofood.com\\\/fr\\\/#organization\",\"name\":\"Bertazzo Italian Quality Food S.a.s. di Bertazzo Fabio & C.\",\"alternateName\":\"Bertazzo Food\",\"url\":\"https:\\\/\\\/www.bertazzofood.com\\\/fr\\\/\",\"logo\":{\"@type\":\"ImageObject\",\"inLanguage\":\"fr-FR\",\"@id\":\"https:\\\/\\\/www.bertazzofood.com\\\/fr\\\/#\\\/schema\\\/logo\\\/image\\\/\",\"url\":\"https:\\\/\\\/www.bertazzofood.com\\\/wp-content\\\/uploads\\\/2024\\\/06\\\/logo-bertazzo.webp\",\"contentUrl\":\"https:\\\/\\\/www.bertazzofood.com\\\/wp-content\\\/uploads\\\/2024\\\/06\\\/logo-bertazzo.webp\",\"width\":410,\"height\":166,\"caption\":\"Bertazzo Italian Quality Food S.a.s. di Bertazzo Fabio & C.\"},\"image\":{\"@id\":\"https:\\\/\\\/www.bertazzofood.com\\\/fr\\\/#\\\/schema\\\/logo\\\/image\\\/\"},\"sameAs\":[\"https:\\\/\\\/www.facebook.com\\\/BertazzoItalianQualityFood\",\"https:\\\/\\\/www.instagram.com\\\/bertazzo_italian_quality_food\\\/\"]}]}<\/script>\n<!-- \/ Yoast SEO plugin. -->","yoast_head_json":{"title":"Huile d'olive extra vierge Frantoi Cutrera Primo DOP","robots":{"index":"index","follow":"follow","max-snippet":"max-snippet:-1","max-image-preview":"max-image-preview:large","max-video-preview":"max-video-preview:-1"},"canonical":"https:\/\/www.bertazzofood.com\/fr\/prodotto\/huile-dolive-extra-vierge-frantoi-cutrera-primo-dop\/","og_locale":"fr_FR","og_type":"article","og_title":"Huile d'olive extra vierge Frantoi Cutrera Primo DOP","og_description":"L&#8217;huile sicilienne par excellence. Primo est une huile d&#8217;olive extra vierge monovari\u00e9tale AOP obtenue \u00e0 partir d&#8217;olives 100% issues de la premi\u00e8re r\u00e9colte de l&#8217;ann\u00e9e. Premi\u00e8re AOP\u00a0: l\u2019huile d\u2019olive extra vierge prim\u00e9e. Primo DOP est la marque phare de Frantoi Cutrera, la premi\u00e8re \u00e0 recevoir cette distinction en 2001. Depuis, elle demeure notre plus grande [&hellip;]","og_url":"https:\/\/www.bertazzofood.com\/fr\/prodotto\/huile-dolive-extra-vierge-frantoi-cutrera-primo-dop\/","og_site_name":"Bertazzo Food","article_publisher":"https:\/\/www.facebook.com\/BertazzoItalianQualityFood","article_modified_time":"2026-04-09T14:27:02+00:00","og_image":[{"width":800,"height":800,"url":"https:\/\/www.bertazzofood.com\/wp-content\/uploads\/2026\/04\/Cutrera-Primo-DOP-3L.jpg","type":"image\/jpeg"}],"twitter_card":"summary_large_image","twitter_misc":{"Dur\u00e9e de lecture estim\u00e9e":"2 minutes"},"schema":{"@context":"https:\/\/schema.org","@graph":[{"@type":"WebPage","@id":"https:\/\/www.bertazzofood.com\/fr\/prodotto\/huile-dolive-extra-vierge-frantoi-cutrera-primo-dop\/","url":"https:\/\/www.bertazzofood.com\/fr\/prodotto\/huile-dolive-extra-vierge-frantoi-cutrera-primo-dop\/","name":"Huile d'olive extra vierge Frantoi Cutrera Primo DOP","isPartOf":{"@id":"https:\/\/www.bertazzofood.com\/fr\/#website"},"primaryImageOfPage":{"@id":"https:\/\/www.bertazzofood.com\/fr\/prodotto\/huile-dolive-extra-vierge-frantoi-cutrera-primo-dop\/#primaryimage"},"image":{"@id":"https:\/\/www.bertazzofood.com\/fr\/prodotto\/huile-dolive-extra-vierge-frantoi-cutrera-primo-dop\/#primaryimage"},"thumbnailUrl":"https:\/\/www.bertazzofood.com\/wp-content\/uploads\/2026\/04\/Cutrera-Primo-DOP-3L.jpg","datePublished":"2026-04-09T13:43:30+00:00","dateModified":"2026-04-09T14:27:02+00:00","breadcrumb":{"@id":"https:\/\/www.bertazzofood.com\/fr\/prodotto\/huile-dolive-extra-vierge-frantoi-cutrera-primo-dop\/#breadcrumb"},"inLanguage":"fr-FR","potentialAction":[{"@type":"ReadAction","target":["https:\/\/www.bertazzofood.com\/fr\/prodotto\/huile-dolive-extra-vierge-frantoi-cutrera-primo-dop\/"]}]},{"@type":"ImageObject","inLanguage":"fr-FR","@id":"https:\/\/www.bertazzofood.com\/fr\/prodotto\/huile-dolive-extra-vierge-frantoi-cutrera-primo-dop\/#primaryimage","url":"https:\/\/www.bertazzofood.com\/wp-content\/uploads\/2026\/04\/Cutrera-Primo-DOP-3L.jpg","contentUrl":"https:\/\/www.bertazzofood.com\/wp-content\/uploads\/2026\/04\/Cutrera-Primo-DOP-3L.jpg","width":800,"height":800},{"@type":"BreadcrumbList","@id":"https:\/\/www.bertazzofood.com\/fr\/prodotto\/huile-dolive-extra-vierge-frantoi-cutrera-primo-dop\/#breadcrumb","itemListElement":[{"@type":"ListItem","position":1,"name":"Home","item":"https:\/\/www.bertazzofood.com\/fr\/homepage\/"},{"@type":"ListItem","position":2,"name":"Produits","item":"https:\/\/www.bertazzofood.com\/fr\/shop\/"},{"@type":"ListItem","position":3,"name":"Huile d&#8217;olive extra vierge Frantoi Cutrera Primo DOP"}]},{"@type":"WebSite","@id":"https:\/\/www.bertazzofood.com\/fr\/#website","url":"https:\/\/www.bertazzofood.com\/fr\/","name":"Bertazzo Food","description":"Prodotti Alimentari Italiani Online e Macchine Da Caff\u00e8","publisher":{"@id":"https:\/\/www.bertazzofood.com\/fr\/#organization"},"potentialAction":[{"@type":"SearchAction","target":{"@type":"EntryPoint","urlTemplate":"https:\/\/www.bertazzofood.com\/fr\/?s={search_term_string}"},"query-input":{"@type":"PropertyValueSpecification","valueRequired":true,"valueName":"search_term_string"}}],"inLanguage":"fr-FR"},{"@type":"Organization","@id":"https:\/\/www.bertazzofood.com\/fr\/#organization","name":"Bertazzo Italian Quality Food S.a.s. di Bertazzo Fabio & C.","alternateName":"Bertazzo Food","url":"https:\/\/www.bertazzofood.com\/fr\/","logo":{"@type":"ImageObject","inLanguage":"fr-FR","@id":"https:\/\/www.bertazzofood.com\/fr\/#\/schema\/logo\/image\/","url":"https:\/\/www.bertazzofood.com\/wp-content\/uploads\/2024\/06\/logo-bertazzo.webp","contentUrl":"https:\/\/www.bertazzofood.com\/wp-content\/uploads\/2024\/06\/logo-bertazzo.webp","width":410,"height":166,"caption":"Bertazzo Italian Quality Food S.a.s. di Bertazzo Fabio & C."},"image":{"@id":"https:\/\/www.bertazzofood.com\/fr\/#\/schema\/logo\/image\/"},"sameAs":["https:\/\/www.facebook.com\/BertazzoItalianQualityFood","https:\/\/www.instagram.com\/bertazzo_italian_quality_food\/"]}]}},"_links":{"self":[{"href":"https:\/\/www.bertazzofood.com\/fr\/wp-json\/wp\/v2\/product\/34626","targetHints":{"allow":["GET"]}}],"collection":[{"href":"https:\/\/www.bertazzofood.com\/fr\/wp-json\/wp\/v2\/product"}],"about":[{"href":"https:\/\/www.bertazzofood.com\/fr\/wp-json\/wp\/v2\/types\/product"}],"replies":[{"embeddable":true,"href":"https:\/\/www.bertazzofood.com\/fr\/wp-json\/wp\/v2\/comments?post=34626"}],"version-history":[{"count":5,"href":"https:\/\/www.bertazzofood.com\/fr\/wp-json\/wp\/v2\/product\/34626\/revisions"}],"predecessor-version":[{"id":34728,"href":"https:\/\/www.bertazzofood.com\/fr\/wp-json\/wp\/v2\/product\/34626\/revisions\/34728"}],"wp:featuredmedia":[{"embeddable":true,"href":"https:\/\/www.bertazzofood.com\/fr\/wp-json\/wp\/v2\/media\/34636"}],"wp:attachment":[{"href":"https:\/\/www.bertazzofood.com\/fr\/wp-json\/wp\/v2\/media?parent=34626"}],"wp:term":[{"taxonomy":"product_brand","embeddable":true,"href":"https:\/\/www.bertazzofood.com\/fr\/wp-json\/wp\/v2\/product_brand?post=34626"},{"taxonomy":"product_cat","embeddable":true,"href":"https:\/\/www.bertazzofood.com\/fr\/wp-json\/wp\/v2\/product_cat?post=34626"},{"taxonomy":"product_tag","embeddable":true,"href":"https:\/\/www.bertazzofood.com\/fr\/wp-json\/wp\/v2\/product_tag?post=34626"},{"taxonomy":"brands","embeddable":true,"href":"https:\/\/www.bertazzofood.com\/fr\/wp-json\/wp\/v2\/brands?post=34626"},{"taxonomy":"flag_home","embeddable":true,"href":"https:\/\/www.bertazzofood.com\/fr\/wp-json\/wp\/v2\/flag_home?post=34626"}],"curies":[{"name":"wp","href":"https:\/\/api.w.org\/{rel}","templated":true}]}}