{"id":34526,"date":"2026-04-09T11:06:02","date_gmt":"2026-04-09T09:06:02","guid":{"rendered":"https:\/\/www.bertazzofood.com\/?post_type=product&#038;p=34526"},"modified":"2026-04-09T15:00:38","modified_gmt":"2026-04-09T13:00:38","slug":"huile-dolive-extra-vierge-selezione-frantoi-cutrera","status":"publish","type":"product","link":"https:\/\/www.bertazzofood.com\/fr\/prodotto\/huile-dolive-extra-vierge-selezione-frantoi-cutrera\/","title":{"rendered":"Huile d&#8217;olive extra vierge Selezione Frantoi Cutrera"},"content":{"rendered":"<p><strong>Selezione Frantoi Cutrera<\/strong> est l&#8217;huile d&#8217;olive extra vierge obtenue \u00e0 partir de la s\u00e9lection des meilleurs cultivars siciliens en termes de propri\u00e9t\u00e9s et de rendement. Un produit avec un excellent rapport qualit\u00e9-prix, polyvalent en cuisine et adapt\u00e9 \u00e0 tous les usages.<\/p>\n<p><strong>De nombreux cultivars, tellement de go\u00fbt.<\/strong><br \/>\nNotre huile d&#8217;olive extra vierge <strong>Selezione Frantoi Cutrera<\/strong>\u00a0est produite \u00e0 partir de certains des meilleurs cultivars siciliens : Moresca, Biancolilla, Nocellara, Cerasuola et Tonda Iblea, provenant de jeunes oliveraies des territoires vallonn\u00e9s et plats siciliens proches de la mer M\u00e9diterran\u00e9e.<\/p>\n<p><strong>L&#8217;huile d&#8217;olive extra vierge pour la table et la cuisine.<\/strong><br \/>\n<strong>Selezione Frantoi Cutrera<\/strong> est une huile cors\u00e9e et intense, avec un \u00e9quilibre parfait entre piquant et amertume. Il est excellent sur les poissons marin\u00e9s, les champignons, les salades, les soupes et les d\u00e9licates viandes rouges grill\u00e9es. Mais il peut \u00e9galement \u00eatre utilis\u00e9 en cuisine pour la pr\u00e9paration de n\u2019importe quelle recette de la cuisine m\u00e9diterran\u00e9enne.<\/p>\n<p><strong>Extraction<\/strong><br \/>\nUniquement m\u00e9canique, avec cycle continu, broyeur biphas\u00e9 et \u00e0 froid.<\/p>\n<p><strong>Parfum<\/strong><br \/>\nFruit\u00e9 moyen avec des notes pr\u00e9dominantes d&#8217;artichaut, d&#8217;herbe fra\u00eechement coup\u00e9e, d&#8217;amande verte et de tomate m\u00fbre.<\/p>\n<p><strong>Saveur \/ Ar\u00f4me<\/strong><br \/>\nCors\u00e9 et intense, avec une amertume et un piquant tr\u00e8s \u00e9quilibr\u00e9s, il a l&#8217;ar\u00f4me d&#8217;artichaut et d&#8217;origan.<\/p>\n","protected":false},"excerpt":{"rendered":"<p>Selezione Frantoi Cutrera est l&#8217;huile d&#8217;olive extra vierge obtenue \u00e0 partir de la s\u00e9lection des meilleurs cultivars siciliens en termes de propri\u00e9t\u00e9s et de rendement. Un produit avec un excellent rapport qualit\u00e9-prix, polyvalent en cuisine et adapt\u00e9 \u00e0 tous les usages. De nombreux cultivars, tellement de go\u00fbt. Notre huile d&#8217;olive extra vierge Selezione Frantoi Cutrera\u00a0est [&hellip;]<\/p>\n","protected":false},"featured_media":34531,"comment_status":"open","ping_status":"closed","template":"","meta":{"_acf_changed":false,"iawp_total_views":1},"product_brand":[],"product_cat":[1199,1228],"product_tag":[],"brands":[1915],"flag_home":[],"class_list":{"0":"post-34526","1":"product","2":"type-product","3":"status-publish","4":"has-post-thumbnail","6":"product_cat-huile-dolive","7":"product_cat-huile-dolive-extra-vierge","8":"pa_formato-3l","9":"pa_formato-5l","10":"pa_formato-1l","11":"brands-frantoi-cutrera","13":"first","14":"instock","15":"taxable","16":"shipping-taxable","17":"purchasable","18":"product-type-variable","19":"has-default-attributes"},"acf":[],"yoast_head":"<!-- This site is optimized with the Yoast SEO plugin v27.5 - https:\/\/yoast.com\/product\/yoast-seo-wordpress\/ -->\n<title>Huile d&#039;olive extra vierge Selezione Frantoi Cutrera<\/title>\n<meta name=\"robots\" content=\"index, follow, max-snippet:-1, max-image-preview:large, max-video-preview:-1\" \/>\n<link rel=\"canonical\" href=\"https:\/\/www.bertazzofood.com\/fr\/prodotto\/huile-dolive-extra-vierge-selezione-frantoi-cutrera\/\" \/>\n<meta property=\"og:locale\" content=\"fr_FR\" \/>\n<meta property=\"og:type\" content=\"article\" \/>\n<meta property=\"og:title\" content=\"Huile d&#039;olive extra vierge Selezione Frantoi Cutrera\" \/>\n<meta property=\"og:description\" content=\"Selezione Frantoi Cutrera est l&#8217;huile d&#8217;olive extra vierge obtenue \u00e0 partir de la s\u00e9lection des meilleurs cultivars siciliens en termes de propri\u00e9t\u00e9s et de rendement. Un produit avec un excellent rapport qualit\u00e9-prix, polyvalent en cuisine et adapt\u00e9 \u00e0 tous les usages. De nombreux cultivars, tellement de go\u00fbt. Notre huile d&#8217;olive extra vierge Selezione Frantoi Cutrera\u00a0est [&hellip;]\" \/>\n<meta property=\"og:url\" content=\"https:\/\/www.bertazzofood.com\/fr\/prodotto\/huile-dolive-extra-vierge-selezione-frantoi-cutrera\/\" \/>\n<meta property=\"og:site_name\" content=\"Bertazzo Food\" \/>\n<meta property=\"article:publisher\" content=\"https:\/\/www.facebook.com\/BertazzoItalianQualityFood\" \/>\n<meta property=\"article:modified_time\" content=\"2026-04-09T13:00:38+00:00\" \/>\n<meta property=\"og:image\" content=\"https:\/\/www.bertazzofood.com\/wp-content\/uploads\/2026\/04\/Selezione-Cutrera-latta-3L.jpg\" \/>\n\t<meta property=\"og:image:width\" content=\"800\" \/>\n\t<meta property=\"og:image:height\" content=\"800\" \/>\n\t<meta property=\"og:image:type\" content=\"image\/jpeg\" \/>\n<meta name=\"twitter:card\" content=\"summary_large_image\" \/>\n<meta name=\"twitter:label1\" content=\"Dur\u00e9e de lecture estim\u00e9e\" \/>\n\t<meta name=\"twitter:data1\" content=\"1 minute\" \/>\n<script type=\"application\/ld+json\" class=\"yoast-schema-graph\">{\"@context\":\"https:\\\/\\\/schema.org\",\"@graph\":[{\"@type\":\"WebPage\",\"@id\":\"https:\\\/\\\/www.bertazzofood.com\\\/fr\\\/prodotto\\\/huile-dolive-extra-vierge-selezione-frantoi-cutrera\\\/\",\"url\":\"https:\\\/\\\/www.bertazzofood.com\\\/fr\\\/prodotto\\\/huile-dolive-extra-vierge-selezione-frantoi-cutrera\\\/\",\"name\":\"Huile d'olive extra vierge Selezione Frantoi Cutrera\",\"isPartOf\":{\"@id\":\"https:\\\/\\\/www.bertazzofood.com\\\/fr\\\/#website\"},\"primaryImageOfPage\":{\"@id\":\"https:\\\/\\\/www.bertazzofood.com\\\/fr\\\/prodotto\\\/huile-dolive-extra-vierge-selezione-frantoi-cutrera\\\/#primaryimage\"},\"image\":{\"@id\":\"https:\\\/\\\/www.bertazzofood.com\\\/fr\\\/prodotto\\\/huile-dolive-extra-vierge-selezione-frantoi-cutrera\\\/#primaryimage\"},\"thumbnailUrl\":\"https:\\\/\\\/www.bertazzofood.com\\\/wp-content\\\/uploads\\\/2026\\\/04\\\/Selezione-Cutrera-latta-3L.jpg\",\"datePublished\":\"2026-04-09T09:06:02+00:00\",\"dateModified\":\"2026-04-09T13:00:38+00:00\",\"breadcrumb\":{\"@id\":\"https:\\\/\\\/www.bertazzofood.com\\\/fr\\\/prodotto\\\/huile-dolive-extra-vierge-selezione-frantoi-cutrera\\\/#breadcrumb\"},\"inLanguage\":\"fr-FR\",\"potentialAction\":[{\"@type\":\"ReadAction\",\"target\":[\"https:\\\/\\\/www.bertazzofood.com\\\/fr\\\/prodotto\\\/huile-dolive-extra-vierge-selezione-frantoi-cutrera\\\/\"]}]},{\"@type\":\"ImageObject\",\"inLanguage\":\"fr-FR\",\"@id\":\"https:\\\/\\\/www.bertazzofood.com\\\/fr\\\/prodotto\\\/huile-dolive-extra-vierge-selezione-frantoi-cutrera\\\/#primaryimage\",\"url\":\"https:\\\/\\\/www.bertazzofood.com\\\/wp-content\\\/uploads\\\/2026\\\/04\\\/Selezione-Cutrera-latta-3L.jpg\",\"contentUrl\":\"https:\\\/\\\/www.bertazzofood.com\\\/wp-content\\\/uploads\\\/2026\\\/04\\\/Selezione-Cutrera-latta-3L.jpg\",\"width\":800,\"height\":800},{\"@type\":\"BreadcrumbList\",\"@id\":\"https:\\\/\\\/www.bertazzofood.com\\\/fr\\\/prodotto\\\/huile-dolive-extra-vierge-selezione-frantoi-cutrera\\\/#breadcrumb\",\"itemListElement\":[{\"@type\":\"ListItem\",\"position\":1,\"name\":\"Home\",\"item\":\"https:\\\/\\\/www.bertazzofood.com\\\/fr\\\/homepage\\\/\"},{\"@type\":\"ListItem\",\"position\":2,\"name\":\"Produits\",\"item\":\"https:\\\/\\\/www.bertazzofood.com\\\/fr\\\/shop\\\/\"},{\"@type\":\"ListItem\",\"position\":3,\"name\":\"Huile d&#8217;olive extra vierge Selezione Frantoi Cutrera\"}]},{\"@type\":\"WebSite\",\"@id\":\"https:\\\/\\\/www.bertazzofood.com\\\/fr\\\/#website\",\"url\":\"https:\\\/\\\/www.bertazzofood.com\\\/fr\\\/\",\"name\":\"Bertazzo Food\",\"description\":\"Prodotti Alimentari Italiani Online e Macchine Da Caff\u00e8\",\"publisher\":{\"@id\":\"https:\\\/\\\/www.bertazzofood.com\\\/fr\\\/#organization\"},\"potentialAction\":[{\"@type\":\"SearchAction\",\"target\":{\"@type\":\"EntryPoint\",\"urlTemplate\":\"https:\\\/\\\/www.bertazzofood.com\\\/fr\\\/?s={search_term_string}\"},\"query-input\":{\"@type\":\"PropertyValueSpecification\",\"valueRequired\":true,\"valueName\":\"search_term_string\"}}],\"inLanguage\":\"fr-FR\"},{\"@type\":\"Organization\",\"@id\":\"https:\\\/\\\/www.bertazzofood.com\\\/fr\\\/#organization\",\"name\":\"Bertazzo Italian Quality Food S.a.s. di Bertazzo Fabio & C.\",\"alternateName\":\"Bertazzo Food\",\"url\":\"https:\\\/\\\/www.bertazzofood.com\\\/fr\\\/\",\"logo\":{\"@type\":\"ImageObject\",\"inLanguage\":\"fr-FR\",\"@id\":\"https:\\\/\\\/www.bertazzofood.com\\\/fr\\\/#\\\/schema\\\/logo\\\/image\\\/\",\"url\":\"https:\\\/\\\/www.bertazzofood.com\\\/wp-content\\\/uploads\\\/2024\\\/06\\\/logo-bertazzo.webp\",\"contentUrl\":\"https:\\\/\\\/www.bertazzofood.com\\\/wp-content\\\/uploads\\\/2024\\\/06\\\/logo-bertazzo.webp\",\"width\":410,\"height\":166,\"caption\":\"Bertazzo Italian Quality Food S.a.s. di Bertazzo Fabio & C.\"},\"image\":{\"@id\":\"https:\\\/\\\/www.bertazzofood.com\\\/fr\\\/#\\\/schema\\\/logo\\\/image\\\/\"},\"sameAs\":[\"https:\\\/\\\/www.facebook.com\\\/BertazzoItalianQualityFood\",\"https:\\\/\\\/www.instagram.com\\\/bertazzo_italian_quality_food\\\/\"]}]}<\/script>\n<!-- \/ Yoast SEO plugin. -->","yoast_head_json":{"title":"Huile d'olive extra vierge Selezione Frantoi Cutrera","robots":{"index":"index","follow":"follow","max-snippet":"max-snippet:-1","max-image-preview":"max-image-preview:large","max-video-preview":"max-video-preview:-1"},"canonical":"https:\/\/www.bertazzofood.com\/fr\/prodotto\/huile-dolive-extra-vierge-selezione-frantoi-cutrera\/","og_locale":"fr_FR","og_type":"article","og_title":"Huile d'olive extra vierge Selezione Frantoi Cutrera","og_description":"Selezione Frantoi Cutrera est l&#8217;huile d&#8217;olive extra vierge obtenue \u00e0 partir de la s\u00e9lection des meilleurs cultivars siciliens en termes de propri\u00e9t\u00e9s et de rendement. Un produit avec un excellent rapport qualit\u00e9-prix, polyvalent en cuisine et adapt\u00e9 \u00e0 tous les usages. De nombreux cultivars, tellement de go\u00fbt. Notre huile d&#8217;olive extra vierge Selezione Frantoi Cutrera\u00a0est [&hellip;]","og_url":"https:\/\/www.bertazzofood.com\/fr\/prodotto\/huile-dolive-extra-vierge-selezione-frantoi-cutrera\/","og_site_name":"Bertazzo Food","article_publisher":"https:\/\/www.facebook.com\/BertazzoItalianQualityFood","article_modified_time":"2026-04-09T13:00:38+00:00","og_image":[{"width":800,"height":800,"url":"https:\/\/www.bertazzofood.com\/wp-content\/uploads\/2026\/04\/Selezione-Cutrera-latta-3L.jpg","type":"image\/jpeg"}],"twitter_card":"summary_large_image","twitter_misc":{"Dur\u00e9e de lecture estim\u00e9e":"1 minute"},"schema":{"@context":"https:\/\/schema.org","@graph":[{"@type":"WebPage","@id":"https:\/\/www.bertazzofood.com\/fr\/prodotto\/huile-dolive-extra-vierge-selezione-frantoi-cutrera\/","url":"https:\/\/www.bertazzofood.com\/fr\/prodotto\/huile-dolive-extra-vierge-selezione-frantoi-cutrera\/","name":"Huile d'olive extra vierge Selezione Frantoi Cutrera","isPartOf":{"@id":"https:\/\/www.bertazzofood.com\/fr\/#website"},"primaryImageOfPage":{"@id":"https:\/\/www.bertazzofood.com\/fr\/prodotto\/huile-dolive-extra-vierge-selezione-frantoi-cutrera\/#primaryimage"},"image":{"@id":"https:\/\/www.bertazzofood.com\/fr\/prodotto\/huile-dolive-extra-vierge-selezione-frantoi-cutrera\/#primaryimage"},"thumbnailUrl":"https:\/\/www.bertazzofood.com\/wp-content\/uploads\/2026\/04\/Selezione-Cutrera-latta-3L.jpg","datePublished":"2026-04-09T09:06:02+00:00","dateModified":"2026-04-09T13:00:38+00:00","breadcrumb":{"@id":"https:\/\/www.bertazzofood.com\/fr\/prodotto\/huile-dolive-extra-vierge-selezione-frantoi-cutrera\/#breadcrumb"},"inLanguage":"fr-FR","potentialAction":[{"@type":"ReadAction","target":["https:\/\/www.bertazzofood.com\/fr\/prodotto\/huile-dolive-extra-vierge-selezione-frantoi-cutrera\/"]}]},{"@type":"ImageObject","inLanguage":"fr-FR","@id":"https:\/\/www.bertazzofood.com\/fr\/prodotto\/huile-dolive-extra-vierge-selezione-frantoi-cutrera\/#primaryimage","url":"https:\/\/www.bertazzofood.com\/wp-content\/uploads\/2026\/04\/Selezione-Cutrera-latta-3L.jpg","contentUrl":"https:\/\/www.bertazzofood.com\/wp-content\/uploads\/2026\/04\/Selezione-Cutrera-latta-3L.jpg","width":800,"height":800},{"@type":"BreadcrumbList","@id":"https:\/\/www.bertazzofood.com\/fr\/prodotto\/huile-dolive-extra-vierge-selezione-frantoi-cutrera\/#breadcrumb","itemListElement":[{"@type":"ListItem","position":1,"name":"Home","item":"https:\/\/www.bertazzofood.com\/fr\/homepage\/"},{"@type":"ListItem","position":2,"name":"Produits","item":"https:\/\/www.bertazzofood.com\/fr\/shop\/"},{"@type":"ListItem","position":3,"name":"Huile d&#8217;olive extra vierge Selezione Frantoi Cutrera"}]},{"@type":"WebSite","@id":"https:\/\/www.bertazzofood.com\/fr\/#website","url":"https:\/\/www.bertazzofood.com\/fr\/","name":"Bertazzo Food","description":"Prodotti Alimentari Italiani Online e Macchine Da Caff\u00e8","publisher":{"@id":"https:\/\/www.bertazzofood.com\/fr\/#organization"},"potentialAction":[{"@type":"SearchAction","target":{"@type":"EntryPoint","urlTemplate":"https:\/\/www.bertazzofood.com\/fr\/?s={search_term_string}"},"query-input":{"@type":"PropertyValueSpecification","valueRequired":true,"valueName":"search_term_string"}}],"inLanguage":"fr-FR"},{"@type":"Organization","@id":"https:\/\/www.bertazzofood.com\/fr\/#organization","name":"Bertazzo Italian Quality Food S.a.s. di Bertazzo Fabio & C.","alternateName":"Bertazzo Food","url":"https:\/\/www.bertazzofood.com\/fr\/","logo":{"@type":"ImageObject","inLanguage":"fr-FR","@id":"https:\/\/www.bertazzofood.com\/fr\/#\/schema\/logo\/image\/","url":"https:\/\/www.bertazzofood.com\/wp-content\/uploads\/2024\/06\/logo-bertazzo.webp","contentUrl":"https:\/\/www.bertazzofood.com\/wp-content\/uploads\/2024\/06\/logo-bertazzo.webp","width":410,"height":166,"caption":"Bertazzo Italian Quality Food S.a.s. di Bertazzo Fabio & C."},"image":{"@id":"https:\/\/www.bertazzofood.com\/fr\/#\/schema\/logo\/image\/"},"sameAs":["https:\/\/www.facebook.com\/BertazzoItalianQualityFood","https:\/\/www.instagram.com\/bertazzo_italian_quality_food\/"]}]}},"_links":{"self":[{"href":"https:\/\/www.bertazzofood.com\/fr\/wp-json\/wp\/v2\/product\/34526","targetHints":{"allow":["GET"]}}],"collection":[{"href":"https:\/\/www.bertazzofood.com\/fr\/wp-json\/wp\/v2\/product"}],"about":[{"href":"https:\/\/www.bertazzofood.com\/fr\/wp-json\/wp\/v2\/types\/product"}],"replies":[{"embeddable":true,"href":"https:\/\/www.bertazzofood.com\/fr\/wp-json\/wp\/v2\/comments?post=34526"}],"version-history":[{"count":4,"href":"https:\/\/www.bertazzofood.com\/fr\/wp-json\/wp\/v2\/product\/34526\/revisions"}],"predecessor-version":[{"id":34592,"href":"https:\/\/www.bertazzofood.com\/fr\/wp-json\/wp\/v2\/product\/34526\/revisions\/34592"}],"wp:featuredmedia":[{"embeddable":true,"href":"https:\/\/www.bertazzofood.com\/fr\/wp-json\/wp\/v2\/media\/34531"}],"wp:attachment":[{"href":"https:\/\/www.bertazzofood.com\/fr\/wp-json\/wp\/v2\/media?parent=34526"}],"wp:term":[{"taxonomy":"product_brand","embeddable":true,"href":"https:\/\/www.bertazzofood.com\/fr\/wp-json\/wp\/v2\/product_brand?post=34526"},{"taxonomy":"product_cat","embeddable":true,"href":"https:\/\/www.bertazzofood.com\/fr\/wp-json\/wp\/v2\/product_cat?post=34526"},{"taxonomy":"product_tag","embeddable":true,"href":"https:\/\/www.bertazzofood.com\/fr\/wp-json\/wp\/v2\/product_tag?post=34526"},{"taxonomy":"brands","embeddable":true,"href":"https:\/\/www.bertazzofood.com\/fr\/wp-json\/wp\/v2\/brands?post=34526"},{"taxonomy":"flag_home","embeddable":true,"href":"https:\/\/www.bertazzofood.com\/fr\/wp-json\/wp\/v2\/flag_home?post=34526"}],"curies":[{"name":"wp","href":"https:\/\/api.w.org\/{rel}","templated":true}]}}