{"id":31825,"date":"2025-11-07T11:01:48","date_gmt":"2025-11-07T10:01:48","guid":{"rendered":"https:\/\/www.bertazzofood.com\/?post_type=product&#038;p=31825"},"modified":"2025-11-07T11:32:41","modified_gmt":"2025-11-07T10:32:41","slug":"astoria-ab200-noir","status":"publish","type":"product","link":"https:\/\/www.bertazzofood.com\/fr\/prodotto\/astoria-ab200-noir\/","title":{"rendered":"Astoria AB200 noir"},"content":{"rendered":"<p><strong><em>Astoria AB200 <\/em><\/strong>: l\u2019espace de travail valorise l\u2019ergonomie et la fluidit\u00e9 des gestes, avec des formes nettes et intuitives parfaitement agenc\u00e9es\u00a0: de la zone de contr\u00f4le \u00e0 l\u2019\u00e9cran tactile, jusqu\u2019au bac r\u00e9glable. Chaque composant du mod\u00e8le AB200 a \u00e9t\u00e9 soigneusement choisi pour assurer une durabilit\u00e9 maximale et une esth\u00e9tique sans faille. L&#8217;AB200 offre de nombreuses possibilit\u00e9s de personnalisation sur les c\u00f4t\u00e9s et \u00e0 l&#8217;arri\u00e8re. Il est \u00e9galement possible de peindre la partie du corps en ABS comme on le souhaite.<\/p>\n<p><strong>La photo est non contractuelle\u00a0; l\u2019\u00e9cran tactile est optionnel. Contactez-nous pour d\u00e9couvrir toutes les options et obtenir un devis personnalis\u00e9.<\/strong><\/p>\n<p>Fiche technique:<\/p>\n<p>\u2022 Capacit\u00e9 chaudi\u00e8re 5L<\/p>\n<p>\u2022 Pompe volum\u00e9trique<\/p>\n<p>\u2022 Chaudi\u00e8re avanc\u00e9e<\/p>\n<p>\u2022 Nouveau groupe de caf\u00e9<\/p>\n<p>\u2022 Nouveaux porte-filtres Astoria<\/p>\n<p>\u2022 Bac r\u00e9glable en deux hauteurs<\/p>\n<p>\u2022 Fonction d&#8217;\u00e9conomie d&#8217;\u00e9nergie<\/p>\n<p>\u2022 Shot counter sur chaque groupe<\/p>\n<p>\u2022 Levier vapeur avec fonction Purge<\/p>\n<p>\u2022 Lance \u00e0 eau chaude<\/p>\n<p>\u2022\u00a0 lance \u00e0 vapeur manuelle<\/p>\n<p>\u2022 Port USB<\/p>\n<p>\u2022 Acc\u00e8s facile pour l\u2019entretien<\/p>\n<p>\u2022 Filtre de 58 mm<\/p>\n<p>\u2022 Poids 40 kg<\/p>\n<p>\u2022 Puissance 3200 W<\/p>\n<p><strong>24 mois de garantie.<\/strong><\/p>\n<p><strong>Livraison gratuite.\u00a0<\/strong><\/p>\n","protected":false},"excerpt":{"rendered":"<p>Astoria AB200 : l\u2019espace de travail valorise l\u2019ergonomie et la fluidit\u00e9 des gestes, avec des formes nettes et intuitives parfaitement agenc\u00e9es\u00a0: de la zone de contr\u00f4le \u00e0 l\u2019\u00e9cran tactile, jusqu\u2019au bac r\u00e9glable. Chaque composant du mod\u00e8le AB200 a \u00e9t\u00e9 soigneusement choisi pour assurer une durabilit\u00e9 maximale et une esth\u00e9tique sans faille. L&#8217;AB200 offre de nombreuses [&hellip;]<\/p>\n","protected":false},"featured_media":31828,"comment_status":"open","ping_status":"closed","template":"","meta":{"_acf_changed":false,"iawp_total_views":14},"product_brand":[],"product_cat":[1219,1233],"product_tag":[],"brands":[1697],"flag_home":[],"class_list":{"0":"post-31825","1":"product","2":"type-product","3":"status-publish","4":"has-post-thumbnail","6":"product_cat-equipements-cafe","7":"product_cat-machines-a-cafe-espresso","8":"pa_garanzia-24-mois","9":"pa_tipo-di-alimentazione-acqua-connexion-directe-au-reseau-hydrique","10":"pa_tipo-di-caldaia-une-chaudiere","11":"pa_tipo-di-pompa-rotative","12":"brands-astoria","14":"first","15":"instock","16":"taxable","17":"shipping-taxable","18":"purchasable","19":"product-type-simple"},"acf":[],"yoast_head":"<!-- This site is optimized with the Yoast SEO plugin v27.5 - https:\/\/yoast.com\/product\/yoast-seo-wordpress\/ -->\n<title>Astoria AB200 noir<\/title>\n<meta name=\"robots\" content=\"index, follow, max-snippet:-1, max-image-preview:large, max-video-preview:-1\" \/>\n<link rel=\"canonical\" href=\"https:\/\/www.bertazzofood.com\/fr\/prodotto\/astoria-ab200-noir\/\" \/>\n<meta property=\"og:locale\" content=\"fr_FR\" \/>\n<meta property=\"og:type\" content=\"article\" \/>\n<meta property=\"og:title\" content=\"Astoria AB200 noir\" \/>\n<meta property=\"og:description\" content=\"Astoria AB200 : l\u2019espace de travail valorise l\u2019ergonomie et la fluidit\u00e9 des gestes, avec des formes nettes et intuitives parfaitement agenc\u00e9es\u00a0: de la zone de contr\u00f4le \u00e0 l\u2019\u00e9cran tactile, jusqu\u2019au bac r\u00e9glable. Chaque composant du mod\u00e8le AB200 a \u00e9t\u00e9 soigneusement choisi pour assurer une durabilit\u00e9 maximale et une esth\u00e9tique sans faille. L&#8217;AB200 offre de nombreuses [&hellip;]\" \/>\n<meta property=\"og:url\" content=\"https:\/\/www.bertazzofood.com\/fr\/prodotto\/astoria-ab200-noir\/\" \/>\n<meta property=\"og:site_name\" content=\"Bertazzo Food\" \/>\n<meta property=\"article:publisher\" content=\"https:\/\/www.facebook.com\/BertazzoItalianQualityFood\" \/>\n<meta property=\"article:modified_time\" content=\"2025-11-07T10:32:41+00:00\" \/>\n<meta property=\"og:image\" content=\"https:\/\/www.bertazzofood.com\/wp-content\/uploads\/2025\/11\/Astoria-AB200-1gr.jpg\" \/>\n\t<meta property=\"og:image:width\" content=\"800\" \/>\n\t<meta property=\"og:image:height\" content=\"800\" \/>\n\t<meta property=\"og:image:type\" content=\"image\/jpeg\" \/>\n<meta name=\"twitter:card\" content=\"summary_large_image\" \/>\n<meta name=\"twitter:label1\" content=\"Dur\u00e9e de lecture estim\u00e9e\" \/>\n\t<meta name=\"twitter:data1\" content=\"1 minute\" \/>\n<script type=\"application\/ld+json\" class=\"yoast-schema-graph\">{\"@context\":\"https:\\\/\\\/schema.org\",\"@graph\":[{\"@type\":\"WebPage\",\"@id\":\"https:\\\/\\\/www.bertazzofood.com\\\/fr\\\/prodotto\\\/astoria-ab200-noir\\\/\",\"url\":\"https:\\\/\\\/www.bertazzofood.com\\\/fr\\\/prodotto\\\/astoria-ab200-noir\\\/\",\"name\":\"Astoria AB200 noir\",\"isPartOf\":{\"@id\":\"https:\\\/\\\/www.bertazzofood.com\\\/fr\\\/#website\"},\"primaryImageOfPage\":{\"@id\":\"https:\\\/\\\/www.bertazzofood.com\\\/fr\\\/prodotto\\\/astoria-ab200-noir\\\/#primaryimage\"},\"image\":{\"@id\":\"https:\\\/\\\/www.bertazzofood.com\\\/fr\\\/prodotto\\\/astoria-ab200-noir\\\/#primaryimage\"},\"thumbnailUrl\":\"https:\\\/\\\/www.bertazzofood.com\\\/wp-content\\\/uploads\\\/2025\\\/11\\\/Astoria-AB200-1gr.jpg\",\"datePublished\":\"2025-11-07T10:01:48+00:00\",\"dateModified\":\"2025-11-07T10:32:41+00:00\",\"breadcrumb\":{\"@id\":\"https:\\\/\\\/www.bertazzofood.com\\\/fr\\\/prodotto\\\/astoria-ab200-noir\\\/#breadcrumb\"},\"inLanguage\":\"fr-FR\",\"potentialAction\":[{\"@type\":\"ReadAction\",\"target\":[\"https:\\\/\\\/www.bertazzofood.com\\\/fr\\\/prodotto\\\/astoria-ab200-noir\\\/\"]}]},{\"@type\":\"ImageObject\",\"inLanguage\":\"fr-FR\",\"@id\":\"https:\\\/\\\/www.bertazzofood.com\\\/fr\\\/prodotto\\\/astoria-ab200-noir\\\/#primaryimage\",\"url\":\"https:\\\/\\\/www.bertazzofood.com\\\/wp-content\\\/uploads\\\/2025\\\/11\\\/Astoria-AB200-1gr.jpg\",\"contentUrl\":\"https:\\\/\\\/www.bertazzofood.com\\\/wp-content\\\/uploads\\\/2025\\\/11\\\/Astoria-AB200-1gr.jpg\",\"width\":800,\"height\":800},{\"@type\":\"BreadcrumbList\",\"@id\":\"https:\\\/\\\/www.bertazzofood.com\\\/fr\\\/prodotto\\\/astoria-ab200-noir\\\/#breadcrumb\",\"itemListElement\":[{\"@type\":\"ListItem\",\"position\":1,\"name\":\"Home\",\"item\":\"https:\\\/\\\/www.bertazzofood.com\\\/fr\\\/homepage\\\/\"},{\"@type\":\"ListItem\",\"position\":2,\"name\":\"Produits\",\"item\":\"https:\\\/\\\/www.bertazzofood.com\\\/fr\\\/shop\\\/\"},{\"@type\":\"ListItem\",\"position\":3,\"name\":\"Astoria AB200 noir\"}]},{\"@type\":\"WebSite\",\"@id\":\"https:\\\/\\\/www.bertazzofood.com\\\/fr\\\/#website\",\"url\":\"https:\\\/\\\/www.bertazzofood.com\\\/fr\\\/\",\"name\":\"Bertazzo Food\",\"description\":\"Prodotti Alimentari Italiani Online e Macchine Da Caff\u00e8\",\"publisher\":{\"@id\":\"https:\\\/\\\/www.bertazzofood.com\\\/fr\\\/#organization\"},\"potentialAction\":[{\"@type\":\"SearchAction\",\"target\":{\"@type\":\"EntryPoint\",\"urlTemplate\":\"https:\\\/\\\/www.bertazzofood.com\\\/fr\\\/?s={search_term_string}\"},\"query-input\":{\"@type\":\"PropertyValueSpecification\",\"valueRequired\":true,\"valueName\":\"search_term_string\"}}],\"inLanguage\":\"fr-FR\"},{\"@type\":\"Organization\",\"@id\":\"https:\\\/\\\/www.bertazzofood.com\\\/fr\\\/#organization\",\"name\":\"Bertazzo Italian Quality Food S.a.s. di Bertazzo Fabio & C.\",\"alternateName\":\"Bertazzo Food\",\"url\":\"https:\\\/\\\/www.bertazzofood.com\\\/fr\\\/\",\"logo\":{\"@type\":\"ImageObject\",\"inLanguage\":\"fr-FR\",\"@id\":\"https:\\\/\\\/www.bertazzofood.com\\\/fr\\\/#\\\/schema\\\/logo\\\/image\\\/\",\"url\":\"https:\\\/\\\/www.bertazzofood.com\\\/wp-content\\\/uploads\\\/2024\\\/06\\\/logo-bertazzo.webp\",\"contentUrl\":\"https:\\\/\\\/www.bertazzofood.com\\\/wp-content\\\/uploads\\\/2024\\\/06\\\/logo-bertazzo.webp\",\"width\":410,\"height\":166,\"caption\":\"Bertazzo Italian Quality Food S.a.s. di Bertazzo Fabio & C.\"},\"image\":{\"@id\":\"https:\\\/\\\/www.bertazzofood.com\\\/fr\\\/#\\\/schema\\\/logo\\\/image\\\/\"},\"sameAs\":[\"https:\\\/\\\/www.facebook.com\\\/BertazzoItalianQualityFood\",\"https:\\\/\\\/www.instagram.com\\\/bertazzo_italian_quality_food\\\/\"]}]}<\/script>\n<!-- \/ Yoast SEO plugin. -->","yoast_head_json":{"title":"Astoria AB200 noir","robots":{"index":"index","follow":"follow","max-snippet":"max-snippet:-1","max-image-preview":"max-image-preview:large","max-video-preview":"max-video-preview:-1"},"canonical":"https:\/\/www.bertazzofood.com\/fr\/prodotto\/astoria-ab200-noir\/","og_locale":"fr_FR","og_type":"article","og_title":"Astoria AB200 noir","og_description":"Astoria AB200 : l\u2019espace de travail valorise l\u2019ergonomie et la fluidit\u00e9 des gestes, avec des formes nettes et intuitives parfaitement agenc\u00e9es\u00a0: de la zone de contr\u00f4le \u00e0 l\u2019\u00e9cran tactile, jusqu\u2019au bac r\u00e9glable. Chaque composant du mod\u00e8le AB200 a \u00e9t\u00e9 soigneusement choisi pour assurer une durabilit\u00e9 maximale et une esth\u00e9tique sans faille. L&#8217;AB200 offre de nombreuses [&hellip;]","og_url":"https:\/\/www.bertazzofood.com\/fr\/prodotto\/astoria-ab200-noir\/","og_site_name":"Bertazzo Food","article_publisher":"https:\/\/www.facebook.com\/BertazzoItalianQualityFood","article_modified_time":"2025-11-07T10:32:41+00:00","og_image":[{"width":800,"height":800,"url":"https:\/\/www.bertazzofood.com\/wp-content\/uploads\/2025\/11\/Astoria-AB200-1gr.jpg","type":"image\/jpeg"}],"twitter_card":"summary_large_image","twitter_misc":{"Dur\u00e9e de lecture estim\u00e9e":"1 minute"},"schema":{"@context":"https:\/\/schema.org","@graph":[{"@type":"WebPage","@id":"https:\/\/www.bertazzofood.com\/fr\/prodotto\/astoria-ab200-noir\/","url":"https:\/\/www.bertazzofood.com\/fr\/prodotto\/astoria-ab200-noir\/","name":"Astoria AB200 noir","isPartOf":{"@id":"https:\/\/www.bertazzofood.com\/fr\/#website"},"primaryImageOfPage":{"@id":"https:\/\/www.bertazzofood.com\/fr\/prodotto\/astoria-ab200-noir\/#primaryimage"},"image":{"@id":"https:\/\/www.bertazzofood.com\/fr\/prodotto\/astoria-ab200-noir\/#primaryimage"},"thumbnailUrl":"https:\/\/www.bertazzofood.com\/wp-content\/uploads\/2025\/11\/Astoria-AB200-1gr.jpg","datePublished":"2025-11-07T10:01:48+00:00","dateModified":"2025-11-07T10:32:41+00:00","breadcrumb":{"@id":"https:\/\/www.bertazzofood.com\/fr\/prodotto\/astoria-ab200-noir\/#breadcrumb"},"inLanguage":"fr-FR","potentialAction":[{"@type":"ReadAction","target":["https:\/\/www.bertazzofood.com\/fr\/prodotto\/astoria-ab200-noir\/"]}]},{"@type":"ImageObject","inLanguage":"fr-FR","@id":"https:\/\/www.bertazzofood.com\/fr\/prodotto\/astoria-ab200-noir\/#primaryimage","url":"https:\/\/www.bertazzofood.com\/wp-content\/uploads\/2025\/11\/Astoria-AB200-1gr.jpg","contentUrl":"https:\/\/www.bertazzofood.com\/wp-content\/uploads\/2025\/11\/Astoria-AB200-1gr.jpg","width":800,"height":800},{"@type":"BreadcrumbList","@id":"https:\/\/www.bertazzofood.com\/fr\/prodotto\/astoria-ab200-noir\/#breadcrumb","itemListElement":[{"@type":"ListItem","position":1,"name":"Home","item":"https:\/\/www.bertazzofood.com\/fr\/homepage\/"},{"@type":"ListItem","position":2,"name":"Produits","item":"https:\/\/www.bertazzofood.com\/fr\/shop\/"},{"@type":"ListItem","position":3,"name":"Astoria AB200 noir"}]},{"@type":"WebSite","@id":"https:\/\/www.bertazzofood.com\/fr\/#website","url":"https:\/\/www.bertazzofood.com\/fr\/","name":"Bertazzo Food","description":"Prodotti Alimentari Italiani Online e Macchine Da Caff\u00e8","publisher":{"@id":"https:\/\/www.bertazzofood.com\/fr\/#organization"},"potentialAction":[{"@type":"SearchAction","target":{"@type":"EntryPoint","urlTemplate":"https:\/\/www.bertazzofood.com\/fr\/?s={search_term_string}"},"query-input":{"@type":"PropertyValueSpecification","valueRequired":true,"valueName":"search_term_string"}}],"inLanguage":"fr-FR"},{"@type":"Organization","@id":"https:\/\/www.bertazzofood.com\/fr\/#organization","name":"Bertazzo Italian Quality Food S.a.s. di Bertazzo Fabio & C.","alternateName":"Bertazzo Food","url":"https:\/\/www.bertazzofood.com\/fr\/","logo":{"@type":"ImageObject","inLanguage":"fr-FR","@id":"https:\/\/www.bertazzofood.com\/fr\/#\/schema\/logo\/image\/","url":"https:\/\/www.bertazzofood.com\/wp-content\/uploads\/2024\/06\/logo-bertazzo.webp","contentUrl":"https:\/\/www.bertazzofood.com\/wp-content\/uploads\/2024\/06\/logo-bertazzo.webp","width":410,"height":166,"caption":"Bertazzo Italian Quality Food S.a.s. di Bertazzo Fabio & C."},"image":{"@id":"https:\/\/www.bertazzofood.com\/fr\/#\/schema\/logo\/image\/"},"sameAs":["https:\/\/www.facebook.com\/BertazzoItalianQualityFood","https:\/\/www.instagram.com\/bertazzo_italian_quality_food\/"]}]}},"_links":{"self":[{"href":"https:\/\/www.bertazzofood.com\/fr\/wp-json\/wp\/v2\/product\/31825","targetHints":{"allow":["GET"]}}],"collection":[{"href":"https:\/\/www.bertazzofood.com\/fr\/wp-json\/wp\/v2\/product"}],"about":[{"href":"https:\/\/www.bertazzofood.com\/fr\/wp-json\/wp\/v2\/types\/product"}],"replies":[{"embeddable":true,"href":"https:\/\/www.bertazzofood.com\/fr\/wp-json\/wp\/v2\/comments?post=31825"}],"version-history":[{"count":0,"href":"https:\/\/www.bertazzofood.com\/fr\/wp-json\/wp\/v2\/product\/31825\/revisions"}],"wp:featuredmedia":[{"embeddable":true,"href":"https:\/\/www.bertazzofood.com\/fr\/wp-json\/wp\/v2\/media\/31828"}],"wp:attachment":[{"href":"https:\/\/www.bertazzofood.com\/fr\/wp-json\/wp\/v2\/media?parent=31825"}],"wp:term":[{"taxonomy":"product_brand","embeddable":true,"href":"https:\/\/www.bertazzofood.com\/fr\/wp-json\/wp\/v2\/product_brand?post=31825"},{"taxonomy":"product_cat","embeddable":true,"href":"https:\/\/www.bertazzofood.com\/fr\/wp-json\/wp\/v2\/product_cat?post=31825"},{"taxonomy":"product_tag","embeddable":true,"href":"https:\/\/www.bertazzofood.com\/fr\/wp-json\/wp\/v2\/product_tag?post=31825"},{"taxonomy":"brands","embeddable":true,"href":"https:\/\/www.bertazzofood.com\/fr\/wp-json\/wp\/v2\/brands?post=31825"},{"taxonomy":"flag_home","embeddable":true,"href":"https:\/\/www.bertazzofood.com\/fr\/wp-json\/wp\/v2\/flag_home?post=31825"}],"curies":[{"name":"wp","href":"https:\/\/api.w.org\/{rel}","templated":true}]}}