{"id":13391,"date":"2023-04-26T09:21:09","date_gmt":"2023-04-26T07:21:09","guid":{"rendered":"https:\/\/thegarden.it\/staging8\/prodotto\/moulin-a-cafe-fiorenzato-f83-e-xgi-noir-mat-dark-t\/"},"modified":"2024-10-02T15:35:45","modified_gmt":"2024-10-02T13:35:45","slug":"moulin-a-cafe-fiorenzato-f83-e-xgi-2-0-noir-mat","status":"publish","type":"product","link":"https:\/\/www.bertazzofood.com\/fr\/prodotto\/moulin-a-cafe-fiorenzato-f83-e-xgi-2-0-noir-mat\/","title":{"rendered":"Moulin \u00e0 caf\u00e9 Fiorenzato F83 E XGi 2.0 noir mat"},"content":{"rendered":"<p>Fiorenzato F83 E XGi: moulin \u00e0 caf\u00e9 \u00e9lectronique, nouveau afficheur TOUCHSCREEN avec technologie CapSense. Fiche technique:<\/p>\n<p>\u2022 <strong>Mouture en grammes ! PATENT SYSTEM &#8211; La quantit\u00e9 de caf\u00e9 distribu\u00e9e, calcul\u00e9e en grammes, est programm\u00e9e. UNE SEULE FOIS.<\/strong><\/p>\n<p>\u2022 R\u00e9glage de la mouture microm\u00e9trique en continue<\/p>\n<p>\u2022 Puissance: 850 Watt<\/p>\n<p>\u2022 Meules plates diam\u00e8tre 83 mm <strong>avec traitement<\/strong><span class=\"Y2IQFc\" lang=\"fr\"> <strong>Dark-T\u00ae<\/strong>, \u00e9volution de nos meules M340, cr\u00e9\u00e9es pour am\u00e9liorer encore les performances de meulage. Le rev\u00eatement noir en titane, aluminium, carbone et azote garantit une dur\u00e9e 5 fois plus longue que les meules standards<\/span><\/p>\n<p>\u2022 Contenance bac caf\u00e9 en grains: 1,5 kg<\/p>\n<p>\u2022 Vitesse des meules: 1350\/min<\/p>\n<p>\u2022 Afficheur TOUCH<\/p>\n<p>\u2022 Poids net: 18,6 kg<\/p>\n<p><strong>24 mois de garantie<\/strong>.<\/p>\n<p><strong>Livraison gratuite<\/strong>.<\/p>\n","protected":false},"excerpt":{"rendered":"<p>Fiorenzato F83 E XGi: moulin \u00e0 caf\u00e9 \u00e9lectronique, nouveau afficheur TOUCHSCREEN avec technologie CapSense. Fiche technique: \u2022 Mouture en grammes ! PATENT SYSTEM &#8211; La quantit\u00e9 de caf\u00e9 distribu\u00e9e, calcul\u00e9e en grammes, est programm\u00e9e. UNE SEULE FOIS. \u2022 R\u00e9glage de la mouture microm\u00e9trique en continue \u2022 Puissance: 850 Watt \u2022 Meules plates diam\u00e8tre 83 mm [&hellip;]<\/p>\n","protected":false},"featured_media":0,"comment_status":"open","ping_status":"closed","template":"","meta":{"_acf_changed":false,"iawp_total_views":3},"product_brand":[],"product_cat":[1219,1235],"product_tag":[1556],"brands":[1640],"flag_home":[],"class_list":{"0":"post-13391","1":"product","2":"type-product","3":"status-publish","5":"product_cat-equipements-cafe","6":"product_cat-moulin-a-cafe","7":"product_tag-ads-ottobre-2024-fr","8":"pa_diametro-macine-83-mm","9":"pa_garanzia-24-mois","10":"pa_tipo-macinacaffe-a-la-demande","11":"brands-fiorenzato","13":"first","14":"outofstock","15":"taxable","16":"shipping-taxable","17":"purchasable","18":"product-type-simple"},"acf":[],"yoast_head":"<!-- This site is optimized with the Yoast SEO plugin v27.5 - https:\/\/yoast.com\/product\/yoast-seo-wordpress\/ -->\n<title>Moulin \u00e0 caf\u00e9 Fiorenzato F83 E XGi 2.0 noir mat<\/title>\n<meta name=\"robots\" content=\"index, follow, max-snippet:-1, max-image-preview:large, max-video-preview:-1\" \/>\n<link rel=\"canonical\" href=\"https:\/\/www.bertazzofood.com\/fr\/prodotto\/moulin-a-cafe-fiorenzato-f83-e-xgi-2-0-noir-mat\/\" \/>\n<meta property=\"og:locale\" content=\"fr_FR\" \/>\n<meta property=\"og:type\" content=\"article\" \/>\n<meta property=\"og:title\" content=\"Moulin \u00e0 caf\u00e9 Fiorenzato F83 E XGi 2.0 noir mat\" \/>\n<meta property=\"og:description\" content=\"Fiorenzato F83 E XGi: moulin \u00e0 caf\u00e9 \u00e9lectronique, nouveau afficheur TOUCHSCREEN avec technologie CapSense. Fiche technique: \u2022 Mouture en grammes ! PATENT SYSTEM &#8211; La quantit\u00e9 de caf\u00e9 distribu\u00e9e, calcul\u00e9e en grammes, est programm\u00e9e. UNE SEULE FOIS. \u2022 R\u00e9glage de la mouture microm\u00e9trique en continue \u2022 Puissance: 850 Watt \u2022 Meules plates diam\u00e8tre 83 mm [&hellip;]\" \/>\n<meta property=\"og:url\" content=\"https:\/\/www.bertazzofood.com\/fr\/prodotto\/moulin-a-cafe-fiorenzato-f83-e-xgi-2-0-noir-mat\/\" \/>\n<meta property=\"og:site_name\" content=\"Bertazzo Food\" \/>\n<meta property=\"article:publisher\" content=\"https:\/\/www.facebook.com\/BertazzoItalianQualityFood\" \/>\n<meta property=\"article:modified_time\" content=\"2024-10-02T13:35:45+00:00\" \/>\n<meta property=\"og:image\" content=\"https:\/\/www.bertazzofood.com\/wp-content\/uploads\/2023\/04\/Fiorenzato-F83-E-Xgi-nero.jpg\" \/>\n\t<meta property=\"og:image:width\" content=\"800\" \/>\n\t<meta property=\"og:image:height\" content=\"800\" \/>\n\t<meta property=\"og:image:type\" content=\"image\/jpeg\" \/>\n<meta name=\"twitter:card\" content=\"summary_large_image\" \/>\n<meta name=\"twitter:label1\" content=\"Dur\u00e9e de lecture estim\u00e9e\" \/>\n\t<meta name=\"twitter:data1\" content=\"1 minute\" \/>\n<script type=\"application\/ld+json\" class=\"yoast-schema-graph\">{\"@context\":\"https:\\\/\\\/schema.org\",\"@graph\":[{\"@type\":\"WebPage\",\"@id\":\"https:\\\/\\\/www.bertazzofood.com\\\/fr\\\/prodotto\\\/moulin-a-cafe-fiorenzato-f83-e-xgi-2-0-noir-mat\\\/\",\"url\":\"https:\\\/\\\/www.bertazzofood.com\\\/fr\\\/prodotto\\\/moulin-a-cafe-fiorenzato-f83-e-xgi-2-0-noir-mat\\\/\",\"name\":\"Moulin \u00e0 caf\u00e9 Fiorenzato F83 E XGi 2.0 noir mat\",\"isPartOf\":{\"@id\":\"https:\\\/\\\/www.bertazzofood.com\\\/fr\\\/#website\"},\"datePublished\":\"2023-04-26T07:21:09+00:00\",\"dateModified\":\"2024-10-02T13:35:45+00:00\",\"breadcrumb\":{\"@id\":\"https:\\\/\\\/www.bertazzofood.com\\\/fr\\\/prodotto\\\/moulin-a-cafe-fiorenzato-f83-e-xgi-2-0-noir-mat\\\/#breadcrumb\"},\"inLanguage\":\"fr-FR\",\"potentialAction\":[{\"@type\":\"ReadAction\",\"target\":[\"https:\\\/\\\/www.bertazzofood.com\\\/fr\\\/prodotto\\\/moulin-a-cafe-fiorenzato-f83-e-xgi-2-0-noir-mat\\\/\"]}]},{\"@type\":\"BreadcrumbList\",\"@id\":\"https:\\\/\\\/www.bertazzofood.com\\\/fr\\\/prodotto\\\/moulin-a-cafe-fiorenzato-f83-e-xgi-2-0-noir-mat\\\/#breadcrumb\",\"itemListElement\":[{\"@type\":\"ListItem\",\"position\":1,\"name\":\"Home\",\"item\":\"https:\\\/\\\/www.bertazzofood.com\\\/fr\\\/homepage\\\/\"},{\"@type\":\"ListItem\",\"position\":2,\"name\":\"Produits\",\"item\":\"https:\\\/\\\/www.bertazzofood.com\\\/fr\\\/shop\\\/\"},{\"@type\":\"ListItem\",\"position\":3,\"name\":\"Moulin \u00e0 caf\u00e9 Fiorenzato F83 E XGi 2.0 noir mat\"}]},{\"@type\":\"WebSite\",\"@id\":\"https:\\\/\\\/www.bertazzofood.com\\\/fr\\\/#website\",\"url\":\"https:\\\/\\\/www.bertazzofood.com\\\/fr\\\/\",\"name\":\"Bertazzo Food\",\"description\":\"Prodotti Alimentari Italiani Online e Macchine Da Caff\u00e8\",\"publisher\":{\"@id\":\"https:\\\/\\\/www.bertazzofood.com\\\/fr\\\/#organization\"},\"potentialAction\":[{\"@type\":\"SearchAction\",\"target\":{\"@type\":\"EntryPoint\",\"urlTemplate\":\"https:\\\/\\\/www.bertazzofood.com\\\/fr\\\/?s={search_term_string}\"},\"query-input\":{\"@type\":\"PropertyValueSpecification\",\"valueRequired\":true,\"valueName\":\"search_term_string\"}}],\"inLanguage\":\"fr-FR\"},{\"@type\":\"Organization\",\"@id\":\"https:\\\/\\\/www.bertazzofood.com\\\/fr\\\/#organization\",\"name\":\"Bertazzo Italian Quality Food S.a.s. di Bertazzo Fabio & C.\",\"alternateName\":\"Bertazzo Food\",\"url\":\"https:\\\/\\\/www.bertazzofood.com\\\/fr\\\/\",\"logo\":{\"@type\":\"ImageObject\",\"inLanguage\":\"fr-FR\",\"@id\":\"https:\\\/\\\/www.bertazzofood.com\\\/fr\\\/#\\\/schema\\\/logo\\\/image\\\/\",\"url\":\"https:\\\/\\\/www.bertazzofood.com\\\/wp-content\\\/uploads\\\/2024\\\/06\\\/logo-bertazzo.webp\",\"contentUrl\":\"https:\\\/\\\/www.bertazzofood.com\\\/wp-content\\\/uploads\\\/2024\\\/06\\\/logo-bertazzo.webp\",\"width\":410,\"height\":166,\"caption\":\"Bertazzo Italian Quality Food S.a.s. di Bertazzo Fabio & C.\"},\"image\":{\"@id\":\"https:\\\/\\\/www.bertazzofood.com\\\/fr\\\/#\\\/schema\\\/logo\\\/image\\\/\"},\"sameAs\":[\"https:\\\/\\\/www.facebook.com\\\/BertazzoItalianQualityFood\",\"https:\\\/\\\/www.instagram.com\\\/bertazzo_italian_quality_food\\\/\"]}]}<\/script>\n<!-- \/ Yoast SEO plugin. -->","yoast_head_json":{"title":"Moulin \u00e0 caf\u00e9 Fiorenzato F83 E XGi 2.0 noir mat","robots":{"index":"index","follow":"follow","max-snippet":"max-snippet:-1","max-image-preview":"max-image-preview:large","max-video-preview":"max-video-preview:-1"},"canonical":"https:\/\/www.bertazzofood.com\/fr\/prodotto\/moulin-a-cafe-fiorenzato-f83-e-xgi-2-0-noir-mat\/","og_locale":"fr_FR","og_type":"article","og_title":"Moulin \u00e0 caf\u00e9 Fiorenzato F83 E XGi 2.0 noir mat","og_description":"Fiorenzato F83 E XGi: moulin \u00e0 caf\u00e9 \u00e9lectronique, nouveau afficheur TOUCHSCREEN avec technologie CapSense. Fiche technique: \u2022 Mouture en grammes ! PATENT SYSTEM &#8211; La quantit\u00e9 de caf\u00e9 distribu\u00e9e, calcul\u00e9e en grammes, est programm\u00e9e. UNE SEULE FOIS. \u2022 R\u00e9glage de la mouture microm\u00e9trique en continue \u2022 Puissance: 850 Watt \u2022 Meules plates diam\u00e8tre 83 mm [&hellip;]","og_url":"https:\/\/www.bertazzofood.com\/fr\/prodotto\/moulin-a-cafe-fiorenzato-f83-e-xgi-2-0-noir-mat\/","og_site_name":"Bertazzo Food","article_publisher":"https:\/\/www.facebook.com\/BertazzoItalianQualityFood","article_modified_time":"2024-10-02T13:35:45+00:00","og_image":[{"width":800,"height":800,"url":"https:\/\/www.bertazzofood.com\/wp-content\/uploads\/2023\/04\/Fiorenzato-F83-E-Xgi-nero.jpg","type":"image\/jpeg"}],"twitter_card":"summary_large_image","twitter_misc":{"Dur\u00e9e de lecture estim\u00e9e":"1 minute"},"schema":{"@context":"https:\/\/schema.org","@graph":[{"@type":"WebPage","@id":"https:\/\/www.bertazzofood.com\/fr\/prodotto\/moulin-a-cafe-fiorenzato-f83-e-xgi-2-0-noir-mat\/","url":"https:\/\/www.bertazzofood.com\/fr\/prodotto\/moulin-a-cafe-fiorenzato-f83-e-xgi-2-0-noir-mat\/","name":"Moulin \u00e0 caf\u00e9 Fiorenzato F83 E XGi 2.0 noir mat","isPartOf":{"@id":"https:\/\/www.bertazzofood.com\/fr\/#website"},"datePublished":"2023-04-26T07:21:09+00:00","dateModified":"2024-10-02T13:35:45+00:00","breadcrumb":{"@id":"https:\/\/www.bertazzofood.com\/fr\/prodotto\/moulin-a-cafe-fiorenzato-f83-e-xgi-2-0-noir-mat\/#breadcrumb"},"inLanguage":"fr-FR","potentialAction":[{"@type":"ReadAction","target":["https:\/\/www.bertazzofood.com\/fr\/prodotto\/moulin-a-cafe-fiorenzato-f83-e-xgi-2-0-noir-mat\/"]}]},{"@type":"BreadcrumbList","@id":"https:\/\/www.bertazzofood.com\/fr\/prodotto\/moulin-a-cafe-fiorenzato-f83-e-xgi-2-0-noir-mat\/#breadcrumb","itemListElement":[{"@type":"ListItem","position":1,"name":"Home","item":"https:\/\/www.bertazzofood.com\/fr\/homepage\/"},{"@type":"ListItem","position":2,"name":"Produits","item":"https:\/\/www.bertazzofood.com\/fr\/shop\/"},{"@type":"ListItem","position":3,"name":"Moulin \u00e0 caf\u00e9 Fiorenzato F83 E XGi 2.0 noir mat"}]},{"@type":"WebSite","@id":"https:\/\/www.bertazzofood.com\/fr\/#website","url":"https:\/\/www.bertazzofood.com\/fr\/","name":"Bertazzo Food","description":"Prodotti Alimentari Italiani Online e Macchine Da Caff\u00e8","publisher":{"@id":"https:\/\/www.bertazzofood.com\/fr\/#organization"},"potentialAction":[{"@type":"SearchAction","target":{"@type":"EntryPoint","urlTemplate":"https:\/\/www.bertazzofood.com\/fr\/?s={search_term_string}"},"query-input":{"@type":"PropertyValueSpecification","valueRequired":true,"valueName":"search_term_string"}}],"inLanguage":"fr-FR"},{"@type":"Organization","@id":"https:\/\/www.bertazzofood.com\/fr\/#organization","name":"Bertazzo Italian Quality Food S.a.s. di Bertazzo Fabio & C.","alternateName":"Bertazzo Food","url":"https:\/\/www.bertazzofood.com\/fr\/","logo":{"@type":"ImageObject","inLanguage":"fr-FR","@id":"https:\/\/www.bertazzofood.com\/fr\/#\/schema\/logo\/image\/","url":"https:\/\/www.bertazzofood.com\/wp-content\/uploads\/2024\/06\/logo-bertazzo.webp","contentUrl":"https:\/\/www.bertazzofood.com\/wp-content\/uploads\/2024\/06\/logo-bertazzo.webp","width":410,"height":166,"caption":"Bertazzo Italian Quality Food S.a.s. di Bertazzo Fabio & C."},"image":{"@id":"https:\/\/www.bertazzofood.com\/fr\/#\/schema\/logo\/image\/"},"sameAs":["https:\/\/www.facebook.com\/BertazzoItalianQualityFood","https:\/\/www.instagram.com\/bertazzo_italian_quality_food\/"]}]}},"_links":{"self":[{"href":"https:\/\/www.bertazzofood.com\/fr\/wp-json\/wp\/v2\/product\/13391","targetHints":{"allow":["GET"]}}],"collection":[{"href":"https:\/\/www.bertazzofood.com\/fr\/wp-json\/wp\/v2\/product"}],"about":[{"href":"https:\/\/www.bertazzofood.com\/fr\/wp-json\/wp\/v2\/types\/product"}],"replies":[{"embeddable":true,"href":"https:\/\/www.bertazzofood.com\/fr\/wp-json\/wp\/v2\/comments?post=13391"}],"version-history":[{"count":0,"href":"https:\/\/www.bertazzofood.com\/fr\/wp-json\/wp\/v2\/product\/13391\/revisions"}],"wp:attachment":[{"href":"https:\/\/www.bertazzofood.com\/fr\/wp-json\/wp\/v2\/media?parent=13391"}],"wp:term":[{"taxonomy":"product_brand","embeddable":true,"href":"https:\/\/www.bertazzofood.com\/fr\/wp-json\/wp\/v2\/product_brand?post=13391"},{"taxonomy":"product_cat","embeddable":true,"href":"https:\/\/www.bertazzofood.com\/fr\/wp-json\/wp\/v2\/product_cat?post=13391"},{"taxonomy":"product_tag","embeddable":true,"href":"https:\/\/www.bertazzofood.com\/fr\/wp-json\/wp\/v2\/product_tag?post=13391"},{"taxonomy":"brands","embeddable":true,"href":"https:\/\/www.bertazzofood.com\/fr\/wp-json\/wp\/v2\/brands?post=13391"},{"taxonomy":"flag_home","embeddable":true,"href":"https:\/\/www.bertazzofood.com\/fr\/wp-json\/wp\/v2\/flag_home?post=13391"}],"curies":[{"name":"wp","href":"https:\/\/api.w.org\/{rel}","templated":true}]}}