{"id":13291,"date":"2022-11-14T16:07:13","date_gmt":"2022-11-14T15:07:13","guid":{"rendered":"https:\/\/thegarden.it\/staging8\/prodotto\/machine-a-cafe-bfc-experta\/"},"modified":"2024-06-23T22:46:16","modified_gmt":"2024-06-23T20:46:16","slug":"machine-a-cafe-bfc-experta","status":"publish","type":"product","link":"https:\/\/www.bertazzofood.com\/fr\/prodotto\/machine-a-cafe-bfc-experta\/","title":{"rendered":"Machine \u00e0 caf\u00e9 BFC Experta"},"content":{"rendered":"<p><strong>BFC Experta <\/strong><span class=\"Y2IQFc\" lang=\"fr\">est une m<\/span>achine \u00e0 caf\u00e9 expresso 1 groupe, semi-automatique avec groupe de distribution \u00e0 manette. Chaudi\u00e8re en cuivre avec circulation \u00e0 thermosiphon, enti\u00e8rement construites en acier. Seule la combinaison de mat\u00e9riaux de haute qualit\u00e9 est en mesure de garantir l\u2019art de pr\u00e9parer et d\u00e9guster la qualit\u00e9 extraordinaire de votre caf\u00e9.<\/p>\n<p>Fiche technique:<\/p>\n<p>\u2022 Chaudi\u00e8re en cuivre, circulation par thermosiph &#8211; 1,3 litri<\/p>\n<p>\u2022 Acier inoxydable 18\/8<\/p>\n<p>\u2022 1 Lances vapeur<\/p>\n<p>\u2022 1 Lance eau chaude<\/p>\n<p>\u2022 Pompe a vibration<\/p>\n<p>\u2022 Contr\u00f2le automatique du niveau de l&#8217;eau<\/p>\n<p>\u2022 Groupe thermocompens\u00e9s<\/p>\n<p>\u2022 Reservoir interieur 3 litri<\/p>\n<p>\u2022 Alimentation: 230V &#8211; 50Hz<\/p>\n<p>\u2022 Absorption r\u00e9sistance: 1450W<\/p>\n<p>\u2022 Poids 18 kg<\/p>\n<p>\u2022 Diam\u00e8tre du filtre 58 mm<\/p>\n<p><strong>24 mois de garantie<\/strong>.<\/p>\n<p><strong>Livraison gratuite<\/strong>.<\/p>\n","protected":false},"excerpt":{"rendered":"<p>BFC Experta est une machine \u00e0 caf\u00e9 expresso 1 groupe, semi-automatique avec groupe de distribution \u00e0 manette. Chaudi\u00e8re en cuivre avec circulation \u00e0 thermosiphon, enti\u00e8rement construites en acier. Seule la combinaison de mat\u00e9riaux de haute qualit\u00e9 est en mesure de garantir l\u2019art de pr\u00e9parer et d\u00e9guster la qualit\u00e9 extraordinaire de votre caf\u00e9. Fiche technique: \u2022 [&hellip;]<\/p>\n","protected":false},"featured_media":8328,"comment_status":"open","ping_status":"closed","template":"","meta":{"_acf_changed":false,"iawp_total_views":174},"product_brand":[],"product_cat":[1219,1233],"product_tag":[],"brands":[1847],"flag_home":[],"class_list":{"0":"post-13291","1":"product","2":"type-product","3":"status-publish","4":"has-post-thumbnail","6":"product_cat-equipements-cafe","7":"product_cat-machines-a-cafe-espresso","8":"pa_garanzia-24-mois","9":"pa_tipo-di-alimentazione-acqua-reservoir-deau","10":"pa_tipo-di-caldaia-une-chaudiere","11":"pa_tipo-di-pompa-a-vibration","12":"brands-bfc","14":"first","15":"instock","16":"taxable","17":"shipping-taxable","18":"purchasable","19":"product-type-simple"},"acf":[],"yoast_head":"<!-- This site is optimized with the Yoast SEO plugin v27.5 - https:\/\/yoast.com\/product\/yoast-seo-wordpress\/ -->\n<title>Machine \u00e0 caf\u00e9 BFC Experta<\/title>\n<meta name=\"robots\" content=\"index, follow, max-snippet:-1, max-image-preview:large, max-video-preview:-1\" \/>\n<link rel=\"canonical\" href=\"https:\/\/www.bertazzofood.com\/fr\/prodotto\/machine-a-cafe-bfc-experta\/\" \/>\n<meta property=\"og:locale\" content=\"fr_FR\" \/>\n<meta property=\"og:type\" content=\"article\" \/>\n<meta property=\"og:title\" content=\"Machine \u00e0 caf\u00e9 BFC Experta\" \/>\n<meta property=\"og:description\" content=\"BFC Experta est une machine \u00e0 caf\u00e9 expresso 1 groupe, semi-automatique avec groupe de distribution \u00e0 manette. Chaudi\u00e8re en cuivre avec circulation \u00e0 thermosiphon, enti\u00e8rement construites en acier. Seule la combinaison de mat\u00e9riaux de haute qualit\u00e9 est en mesure de garantir l\u2019art de pr\u00e9parer et d\u00e9guster la qualit\u00e9 extraordinaire de votre caf\u00e9. Fiche technique: \u2022 [&hellip;]\" \/>\n<meta property=\"og:url\" content=\"https:\/\/www.bertazzofood.com\/fr\/prodotto\/machine-a-cafe-bfc-experta\/\" \/>\n<meta property=\"og:site_name\" content=\"Bertazzo Food\" \/>\n<meta property=\"article:publisher\" content=\"https:\/\/www.facebook.com\/BertazzoItalianQualityFood\" \/>\n<meta property=\"article:modified_time\" content=\"2024-06-23T20:46:16+00:00\" \/>\n<meta property=\"og:image\" content=\"https:\/\/www.bertazzofood.com\/wp-content\/uploads\/2024\/06\/BFC-Experta-3-2.jpg\" \/>\n\t<meta property=\"og:image:width\" content=\"800\" \/>\n\t<meta property=\"og:image:height\" content=\"800\" \/>\n\t<meta property=\"og:image:type\" content=\"image\/jpeg\" \/>\n<meta name=\"twitter:card\" content=\"summary_large_image\" \/>\n<meta name=\"twitter:label1\" content=\"Dur\u00e9e de lecture estim\u00e9e\" \/>\n\t<meta name=\"twitter:data1\" content=\"1 minute\" \/>\n<script type=\"application\/ld+json\" class=\"yoast-schema-graph\">{\"@context\":\"https:\\\/\\\/schema.org\",\"@graph\":[{\"@type\":\"WebPage\",\"@id\":\"https:\\\/\\\/www.bertazzofood.com\\\/fr\\\/prodotto\\\/machine-a-cafe-bfc-experta\\\/\",\"url\":\"https:\\\/\\\/www.bertazzofood.com\\\/fr\\\/prodotto\\\/machine-a-cafe-bfc-experta\\\/\",\"name\":\"Machine \u00e0 caf\u00e9 BFC Experta\",\"isPartOf\":{\"@id\":\"https:\\\/\\\/www.bertazzofood.com\\\/fr\\\/#website\"},\"primaryImageOfPage\":{\"@id\":\"https:\\\/\\\/www.bertazzofood.com\\\/fr\\\/prodotto\\\/machine-a-cafe-bfc-experta\\\/#primaryimage\"},\"image\":{\"@id\":\"https:\\\/\\\/www.bertazzofood.com\\\/fr\\\/prodotto\\\/machine-a-cafe-bfc-experta\\\/#primaryimage\"},\"thumbnailUrl\":\"https:\\\/\\\/www.bertazzofood.com\\\/wp-content\\\/uploads\\\/2024\\\/06\\\/BFC-Experta-3-2.jpg\",\"datePublished\":\"2022-11-14T15:07:13+00:00\",\"dateModified\":\"2024-06-23T20:46:16+00:00\",\"breadcrumb\":{\"@id\":\"https:\\\/\\\/www.bertazzofood.com\\\/fr\\\/prodotto\\\/machine-a-cafe-bfc-experta\\\/#breadcrumb\"},\"inLanguage\":\"fr-FR\",\"potentialAction\":[{\"@type\":\"ReadAction\",\"target\":[\"https:\\\/\\\/www.bertazzofood.com\\\/fr\\\/prodotto\\\/machine-a-cafe-bfc-experta\\\/\"]}]},{\"@type\":\"ImageObject\",\"inLanguage\":\"fr-FR\",\"@id\":\"https:\\\/\\\/www.bertazzofood.com\\\/fr\\\/prodotto\\\/machine-a-cafe-bfc-experta\\\/#primaryimage\",\"url\":\"https:\\\/\\\/www.bertazzofood.com\\\/wp-content\\\/uploads\\\/2024\\\/06\\\/BFC-Experta-3-2.jpg\",\"contentUrl\":\"https:\\\/\\\/www.bertazzofood.com\\\/wp-content\\\/uploads\\\/2024\\\/06\\\/BFC-Experta-3-2.jpg\",\"width\":800,\"height\":800},{\"@type\":\"BreadcrumbList\",\"@id\":\"https:\\\/\\\/www.bertazzofood.com\\\/fr\\\/prodotto\\\/machine-a-cafe-bfc-experta\\\/#breadcrumb\",\"itemListElement\":[{\"@type\":\"ListItem\",\"position\":1,\"name\":\"Home\",\"item\":\"https:\\\/\\\/www.bertazzofood.com\\\/fr\\\/homepage\\\/\"},{\"@type\":\"ListItem\",\"position\":2,\"name\":\"Produits\",\"item\":\"https:\\\/\\\/www.bertazzofood.com\\\/fr\\\/shop\\\/\"},{\"@type\":\"ListItem\",\"position\":3,\"name\":\"Machine \u00e0 caf\u00e9 BFC Experta\"}]},{\"@type\":\"WebSite\",\"@id\":\"https:\\\/\\\/www.bertazzofood.com\\\/fr\\\/#website\",\"url\":\"https:\\\/\\\/www.bertazzofood.com\\\/fr\\\/\",\"name\":\"Bertazzo Food\",\"description\":\"Prodotti Alimentari Italiani Online e Macchine Da Caff\u00e8\",\"publisher\":{\"@id\":\"https:\\\/\\\/www.bertazzofood.com\\\/fr\\\/#organization\"},\"potentialAction\":[{\"@type\":\"SearchAction\",\"target\":{\"@type\":\"EntryPoint\",\"urlTemplate\":\"https:\\\/\\\/www.bertazzofood.com\\\/fr\\\/?s={search_term_string}\"},\"query-input\":{\"@type\":\"PropertyValueSpecification\",\"valueRequired\":true,\"valueName\":\"search_term_string\"}}],\"inLanguage\":\"fr-FR\"},{\"@type\":\"Organization\",\"@id\":\"https:\\\/\\\/www.bertazzofood.com\\\/fr\\\/#organization\",\"name\":\"Bertazzo Italian Quality Food S.a.s. di Bertazzo Fabio & C.\",\"alternateName\":\"Bertazzo Food\",\"url\":\"https:\\\/\\\/www.bertazzofood.com\\\/fr\\\/\",\"logo\":{\"@type\":\"ImageObject\",\"inLanguage\":\"fr-FR\",\"@id\":\"https:\\\/\\\/www.bertazzofood.com\\\/fr\\\/#\\\/schema\\\/logo\\\/image\\\/\",\"url\":\"https:\\\/\\\/www.bertazzofood.com\\\/wp-content\\\/uploads\\\/2024\\\/06\\\/logo-bertazzo.webp\",\"contentUrl\":\"https:\\\/\\\/www.bertazzofood.com\\\/wp-content\\\/uploads\\\/2024\\\/06\\\/logo-bertazzo.webp\",\"width\":410,\"height\":166,\"caption\":\"Bertazzo Italian Quality Food S.a.s. di Bertazzo Fabio & C.\"},\"image\":{\"@id\":\"https:\\\/\\\/www.bertazzofood.com\\\/fr\\\/#\\\/schema\\\/logo\\\/image\\\/\"},\"sameAs\":[\"https:\\\/\\\/www.facebook.com\\\/BertazzoItalianQualityFood\",\"https:\\\/\\\/www.instagram.com\\\/bertazzo_italian_quality_food\\\/\"]}]}<\/script>\n<!-- \/ Yoast SEO plugin. -->","yoast_head_json":{"title":"Machine \u00e0 caf\u00e9 BFC Experta","robots":{"index":"index","follow":"follow","max-snippet":"max-snippet:-1","max-image-preview":"max-image-preview:large","max-video-preview":"max-video-preview:-1"},"canonical":"https:\/\/www.bertazzofood.com\/fr\/prodotto\/machine-a-cafe-bfc-experta\/","og_locale":"fr_FR","og_type":"article","og_title":"Machine \u00e0 caf\u00e9 BFC Experta","og_description":"BFC Experta est une machine \u00e0 caf\u00e9 expresso 1 groupe, semi-automatique avec groupe de distribution \u00e0 manette. Chaudi\u00e8re en cuivre avec circulation \u00e0 thermosiphon, enti\u00e8rement construites en acier. Seule la combinaison de mat\u00e9riaux de haute qualit\u00e9 est en mesure de garantir l\u2019art de pr\u00e9parer et d\u00e9guster la qualit\u00e9 extraordinaire de votre caf\u00e9. Fiche technique: \u2022 [&hellip;]","og_url":"https:\/\/www.bertazzofood.com\/fr\/prodotto\/machine-a-cafe-bfc-experta\/","og_site_name":"Bertazzo Food","article_publisher":"https:\/\/www.facebook.com\/BertazzoItalianQualityFood","article_modified_time":"2024-06-23T20:46:16+00:00","og_image":[{"width":800,"height":800,"url":"https:\/\/www.bertazzofood.com\/wp-content\/uploads\/2024\/06\/BFC-Experta-3-2.jpg","type":"image\/jpeg"}],"twitter_card":"summary_large_image","twitter_misc":{"Dur\u00e9e de lecture estim\u00e9e":"1 minute"},"schema":{"@context":"https:\/\/schema.org","@graph":[{"@type":"WebPage","@id":"https:\/\/www.bertazzofood.com\/fr\/prodotto\/machine-a-cafe-bfc-experta\/","url":"https:\/\/www.bertazzofood.com\/fr\/prodotto\/machine-a-cafe-bfc-experta\/","name":"Machine \u00e0 caf\u00e9 BFC Experta","isPartOf":{"@id":"https:\/\/www.bertazzofood.com\/fr\/#website"},"primaryImageOfPage":{"@id":"https:\/\/www.bertazzofood.com\/fr\/prodotto\/machine-a-cafe-bfc-experta\/#primaryimage"},"image":{"@id":"https:\/\/www.bertazzofood.com\/fr\/prodotto\/machine-a-cafe-bfc-experta\/#primaryimage"},"thumbnailUrl":"https:\/\/www.bertazzofood.com\/wp-content\/uploads\/2024\/06\/BFC-Experta-3-2.jpg","datePublished":"2022-11-14T15:07:13+00:00","dateModified":"2024-06-23T20:46:16+00:00","breadcrumb":{"@id":"https:\/\/www.bertazzofood.com\/fr\/prodotto\/machine-a-cafe-bfc-experta\/#breadcrumb"},"inLanguage":"fr-FR","potentialAction":[{"@type":"ReadAction","target":["https:\/\/www.bertazzofood.com\/fr\/prodotto\/machine-a-cafe-bfc-experta\/"]}]},{"@type":"ImageObject","inLanguage":"fr-FR","@id":"https:\/\/www.bertazzofood.com\/fr\/prodotto\/machine-a-cafe-bfc-experta\/#primaryimage","url":"https:\/\/www.bertazzofood.com\/wp-content\/uploads\/2024\/06\/BFC-Experta-3-2.jpg","contentUrl":"https:\/\/www.bertazzofood.com\/wp-content\/uploads\/2024\/06\/BFC-Experta-3-2.jpg","width":800,"height":800},{"@type":"BreadcrumbList","@id":"https:\/\/www.bertazzofood.com\/fr\/prodotto\/machine-a-cafe-bfc-experta\/#breadcrumb","itemListElement":[{"@type":"ListItem","position":1,"name":"Home","item":"https:\/\/www.bertazzofood.com\/fr\/homepage\/"},{"@type":"ListItem","position":2,"name":"Produits","item":"https:\/\/www.bertazzofood.com\/fr\/shop\/"},{"@type":"ListItem","position":3,"name":"Machine \u00e0 caf\u00e9 BFC Experta"}]},{"@type":"WebSite","@id":"https:\/\/www.bertazzofood.com\/fr\/#website","url":"https:\/\/www.bertazzofood.com\/fr\/","name":"Bertazzo Food","description":"Prodotti Alimentari Italiani Online e Macchine Da Caff\u00e8","publisher":{"@id":"https:\/\/www.bertazzofood.com\/fr\/#organization"},"potentialAction":[{"@type":"SearchAction","target":{"@type":"EntryPoint","urlTemplate":"https:\/\/www.bertazzofood.com\/fr\/?s={search_term_string}"},"query-input":{"@type":"PropertyValueSpecification","valueRequired":true,"valueName":"search_term_string"}}],"inLanguage":"fr-FR"},{"@type":"Organization","@id":"https:\/\/www.bertazzofood.com\/fr\/#organization","name":"Bertazzo Italian Quality Food S.a.s. di Bertazzo Fabio & C.","alternateName":"Bertazzo Food","url":"https:\/\/www.bertazzofood.com\/fr\/","logo":{"@type":"ImageObject","inLanguage":"fr-FR","@id":"https:\/\/www.bertazzofood.com\/fr\/#\/schema\/logo\/image\/","url":"https:\/\/www.bertazzofood.com\/wp-content\/uploads\/2024\/06\/logo-bertazzo.webp","contentUrl":"https:\/\/www.bertazzofood.com\/wp-content\/uploads\/2024\/06\/logo-bertazzo.webp","width":410,"height":166,"caption":"Bertazzo Italian Quality Food S.a.s. di Bertazzo Fabio & C."},"image":{"@id":"https:\/\/www.bertazzofood.com\/fr\/#\/schema\/logo\/image\/"},"sameAs":["https:\/\/www.facebook.com\/BertazzoItalianQualityFood","https:\/\/www.instagram.com\/bertazzo_italian_quality_food\/"]}]}},"_links":{"self":[{"href":"https:\/\/www.bertazzofood.com\/fr\/wp-json\/wp\/v2\/product\/13291","targetHints":{"allow":["GET"]}}],"collection":[{"href":"https:\/\/www.bertazzofood.com\/fr\/wp-json\/wp\/v2\/product"}],"about":[{"href":"https:\/\/www.bertazzofood.com\/fr\/wp-json\/wp\/v2\/types\/product"}],"replies":[{"embeddable":true,"href":"https:\/\/www.bertazzofood.com\/fr\/wp-json\/wp\/v2\/comments?post=13291"}],"version-history":[{"count":0,"href":"https:\/\/www.bertazzofood.com\/fr\/wp-json\/wp\/v2\/product\/13291\/revisions"}],"wp:featuredmedia":[{"embeddable":true,"href":"https:\/\/www.bertazzofood.com\/fr\/wp-json\/wp\/v2\/media\/8328"}],"wp:attachment":[{"href":"https:\/\/www.bertazzofood.com\/fr\/wp-json\/wp\/v2\/media?parent=13291"}],"wp:term":[{"taxonomy":"product_brand","embeddable":true,"href":"https:\/\/www.bertazzofood.com\/fr\/wp-json\/wp\/v2\/product_brand?post=13291"},{"taxonomy":"product_cat","embeddable":true,"href":"https:\/\/www.bertazzofood.com\/fr\/wp-json\/wp\/v2\/product_cat?post=13291"},{"taxonomy":"product_tag","embeddable":true,"href":"https:\/\/www.bertazzofood.com\/fr\/wp-json\/wp\/v2\/product_tag?post=13291"},{"taxonomy":"brands","embeddable":true,"href":"https:\/\/www.bertazzofood.com\/fr\/wp-json\/wp\/v2\/brands?post=13291"},{"taxonomy":"flag_home","embeddable":true,"href":"https:\/\/www.bertazzofood.com\/fr\/wp-json\/wp\/v2\/flag_home?post=13291"}],"curies":[{"name":"wp","href":"https:\/\/api.w.org\/{rel}","templated":true}]}}