{"id":13191,"date":"2022-08-22T13:13:11","date_gmt":"2022-08-22T11:13:11","guid":{"rendered":"https:\/\/thegarden.it\/staging8\/prodotto\/moulin-a-cafe-fiorenzato-f64-e-pro-blanc\/"},"modified":"2024-12-11T11:19:42","modified_gmt":"2024-12-11T10:19:42","slug":"moulin-a-cafe-fiorenzato-f64-e-pro-blanc","status":"publish","type":"product","link":"https:\/\/www.bertazzofood.com\/fr\/prodotto\/moulin-a-cafe-fiorenzato-f64-e-pro-blanc\/","title":{"rendered":"Moulin \u00e0 caf\u00e9 Fiorenzato F64 E PRO blanc"},"content":{"rendered":"<p><strong>Fiorenzato F64 E PRO<\/strong>: moulin \u00e0 caf\u00e9 \u00e9lectronique, nouveau afficheur TOUCHSCREEN avec technologie CapSense.<\/p>\n<p>Fiche technique:<\/p>\n<p>\u2022 Gr\u00e2ce \u00e0 la chambre extractible de la Ligne Pro,\u00a0<strong>l\u2019acc\u00e8s \u00e0 la zone de mouture est encore plus simple et rapide<\/strong>. Nul besoin de retirer la bague de r\u00e9glage pour effectuer un nettoyage p\u00e9riodique, remplacer les meules ou \u00e9ventuellement retirer un corps \u00e9tranger pouvant provoquer le blocage du moteur. Il suffit simplement de rel\u00e2cher les deux leviers situ\u00e9s sur les c\u00f4t\u00e9s du moulin \u00e0 caf\u00e9 et d\u2019extraire la chambre de mouture.\u00a0<strong>Pour simplifier les op\u00e9rations de maintenance sans perdre le r\u00e9glage de la mouture tout en r\u00e9duisant la r\u00e9tention jusqu\u2019\u00e0 50% par rapport aux mod\u00e8les standards<\/strong><\/p>\n<p>\u2022 R\u00e9glage de la mouture microm\u00e9trique en continue<\/p>\n<p>\u2022 Puissance: 450 Watt<\/p>\n<p>\u2022 <strong>Meules plates diam\u00e8tre 64 mm avec traitement<\/strong><span class=\"Y2IQFc\" lang=\"fr\"> <strong>Dark-T\u00ae<\/strong>, \u00e9volution de nos meules M340, cr\u00e9\u00e9es pour am\u00e9liorer encore les performances de meulage. Le rev\u00eatement noir en titane, aluminium, carbone et azote garantit une dur\u00e9e 5 fois plus longue que les meules standards<\/span><\/p>\n<p>\u2022 Contenance bac caf\u00e9 en grains: 1,5 kg<\/p>\n<p>\u2022 Vitesse des meules: 1350\/min<\/p>\n<p>\u2022 Afficheur TOUCH<\/p>\n<p>\u2022 Fourchette\u00a0r\u00e9glable, avec support<\/p>\n<p>\u2022 Poids net:\u00a013 kg<\/p>\n<p><strong><a href=\"https:\/\/youtu.be\/dEYptTKJSP8\">Click for the video<\/a><\/strong><\/p>\n<p><strong>24 mois de garantie<\/strong>.<\/p>\n<p><strong>Livraison gratuite<\/strong>.<\/p>\n","protected":false},"excerpt":{"rendered":"<p>Fiorenzato F64 E PRO: moulin \u00e0 caf\u00e9 \u00e9lectronique, nouveau afficheur TOUCHSCREEN avec technologie CapSense. Fiche technique: \u2022 Gr\u00e2ce \u00e0 la chambre extractible de la Ligne Pro,\u00a0l\u2019acc\u00e8s \u00e0 la zone de mouture est encore plus simple et rapide. Nul besoin de retirer la bague de r\u00e9glage pour effectuer un nettoyage p\u00e9riodique, remplacer les meules ou \u00e9ventuellement [&hellip;]<\/p>\n","protected":false},"featured_media":7794,"comment_status":"open","ping_status":"closed","template":"","meta":{"_acf_changed":false,"iawp_total_views":81},"product_brand":[],"product_cat":[1219,1235],"product_tag":[1556],"brands":[1640],"flag_home":[],"class_list":{"0":"post-13191","1":"product","2":"type-product","3":"status-publish","4":"has-post-thumbnail","6":"product_cat-equipements-cafe","7":"product_cat-moulin-a-cafe","8":"product_tag-ads-ottobre-2024-fr","9":"pa_diametro-macine-64-mm","10":"pa_garanzia-24-mois","11":"pa_tipo-macinacaffe-a-la-demande","12":"brands-fiorenzato","14":"first","15":"instock","16":"taxable","17":"shipping-taxable","18":"purchasable","19":"product-type-simple"},"acf":[],"yoast_head":"<!-- This site is optimized with the Yoast SEO plugin v27.5 - https:\/\/yoast.com\/product\/yoast-seo-wordpress\/ -->\n<title>Moulin \u00e0 caf\u00e9 Fiorenzato F64 E PRO blanc<\/title>\n<meta name=\"robots\" content=\"index, follow, max-snippet:-1, max-image-preview:large, max-video-preview:-1\" \/>\n<link rel=\"canonical\" href=\"https:\/\/www.bertazzofood.com\/fr\/prodotto\/moulin-a-cafe-fiorenzato-f64-e-pro-blanc\/\" \/>\n<meta property=\"og:locale\" content=\"fr_FR\" \/>\n<meta property=\"og:type\" content=\"article\" \/>\n<meta property=\"og:title\" content=\"Moulin \u00e0 caf\u00e9 Fiorenzato F64 E PRO blanc\" \/>\n<meta property=\"og:description\" content=\"Fiorenzato F64 E PRO: moulin \u00e0 caf\u00e9 \u00e9lectronique, nouveau afficheur TOUCHSCREEN avec technologie CapSense. Fiche technique: \u2022 Gr\u00e2ce \u00e0 la chambre extractible de la Ligne Pro,\u00a0l\u2019acc\u00e8s \u00e0 la zone de mouture est encore plus simple et rapide. Nul besoin de retirer la bague de r\u00e9glage pour effectuer un nettoyage p\u00e9riodique, remplacer les meules ou \u00e9ventuellement [&hellip;]\" \/>\n<meta property=\"og:url\" content=\"https:\/\/www.bertazzofood.com\/fr\/prodotto\/moulin-a-cafe-fiorenzato-f64-e-pro-blanc\/\" \/>\n<meta property=\"og:site_name\" content=\"Bertazzo Food\" \/>\n<meta property=\"article:publisher\" content=\"https:\/\/www.facebook.com\/BertazzoItalianQualityFood\" \/>\n<meta property=\"article:modified_time\" content=\"2024-12-11T10:19:42+00:00\" \/>\n<meta property=\"og:image\" content=\"https:\/\/www.bertazzofood.com\/wp-content\/uploads\/2024\/06\/Fiorenzato-F64-E-PRO-white-2.jpg\" \/>\n\t<meta property=\"og:image:width\" content=\"800\" \/>\n\t<meta property=\"og:image:height\" content=\"800\" \/>\n\t<meta property=\"og:image:type\" content=\"image\/jpeg\" \/>\n<meta name=\"twitter:card\" content=\"summary_large_image\" \/>\n<meta name=\"twitter:label1\" content=\"Dur\u00e9e de lecture estim\u00e9e\" \/>\n\t<meta name=\"twitter:data1\" content=\"1 minute\" \/>\n<script type=\"application\/ld+json\" class=\"yoast-schema-graph\">{\"@context\":\"https:\\\/\\\/schema.org\",\"@graph\":[{\"@type\":\"WebPage\",\"@id\":\"https:\\\/\\\/www.bertazzofood.com\\\/fr\\\/prodotto\\\/moulin-a-cafe-fiorenzato-f64-e-pro-blanc\\\/\",\"url\":\"https:\\\/\\\/www.bertazzofood.com\\\/fr\\\/prodotto\\\/moulin-a-cafe-fiorenzato-f64-e-pro-blanc\\\/\",\"name\":\"Moulin \u00e0 caf\u00e9 Fiorenzato F64 E PRO blanc\",\"isPartOf\":{\"@id\":\"https:\\\/\\\/www.bertazzofood.com\\\/fr\\\/#website\"},\"primaryImageOfPage\":{\"@id\":\"https:\\\/\\\/www.bertazzofood.com\\\/fr\\\/prodotto\\\/moulin-a-cafe-fiorenzato-f64-e-pro-blanc\\\/#primaryimage\"},\"image\":{\"@id\":\"https:\\\/\\\/www.bertazzofood.com\\\/fr\\\/prodotto\\\/moulin-a-cafe-fiorenzato-f64-e-pro-blanc\\\/#primaryimage\"},\"thumbnailUrl\":\"https:\\\/\\\/www.bertazzofood.com\\\/wp-content\\\/uploads\\\/2024\\\/06\\\/Fiorenzato-F64-E-PRO-white-2.jpg\",\"datePublished\":\"2022-08-22T11:13:11+00:00\",\"dateModified\":\"2024-12-11T10:19:42+00:00\",\"breadcrumb\":{\"@id\":\"https:\\\/\\\/www.bertazzofood.com\\\/fr\\\/prodotto\\\/moulin-a-cafe-fiorenzato-f64-e-pro-blanc\\\/#breadcrumb\"},\"inLanguage\":\"fr-FR\",\"potentialAction\":[{\"@type\":\"ReadAction\",\"target\":[\"https:\\\/\\\/www.bertazzofood.com\\\/fr\\\/prodotto\\\/moulin-a-cafe-fiorenzato-f64-e-pro-blanc\\\/\"]}]},{\"@type\":\"ImageObject\",\"inLanguage\":\"fr-FR\",\"@id\":\"https:\\\/\\\/www.bertazzofood.com\\\/fr\\\/prodotto\\\/moulin-a-cafe-fiorenzato-f64-e-pro-blanc\\\/#primaryimage\",\"url\":\"https:\\\/\\\/www.bertazzofood.com\\\/wp-content\\\/uploads\\\/2024\\\/06\\\/Fiorenzato-F64-E-PRO-white-2.jpg\",\"contentUrl\":\"https:\\\/\\\/www.bertazzofood.com\\\/wp-content\\\/uploads\\\/2024\\\/06\\\/Fiorenzato-F64-E-PRO-white-2.jpg\",\"width\":800,\"height\":800},{\"@type\":\"BreadcrumbList\",\"@id\":\"https:\\\/\\\/www.bertazzofood.com\\\/fr\\\/prodotto\\\/moulin-a-cafe-fiorenzato-f64-e-pro-blanc\\\/#breadcrumb\",\"itemListElement\":[{\"@type\":\"ListItem\",\"position\":1,\"name\":\"Home\",\"item\":\"https:\\\/\\\/www.bertazzofood.com\\\/fr\\\/homepage\\\/\"},{\"@type\":\"ListItem\",\"position\":2,\"name\":\"Produits\",\"item\":\"https:\\\/\\\/www.bertazzofood.com\\\/fr\\\/shop\\\/\"},{\"@type\":\"ListItem\",\"position\":3,\"name\":\"Moulin \u00e0 caf\u00e9 Fiorenzato F64 E PRO blanc\"}]},{\"@type\":\"WebSite\",\"@id\":\"https:\\\/\\\/www.bertazzofood.com\\\/fr\\\/#website\",\"url\":\"https:\\\/\\\/www.bertazzofood.com\\\/fr\\\/\",\"name\":\"Bertazzo Food\",\"description\":\"Prodotti Alimentari Italiani Online e Macchine Da Caff\u00e8\",\"publisher\":{\"@id\":\"https:\\\/\\\/www.bertazzofood.com\\\/fr\\\/#organization\"},\"potentialAction\":[{\"@type\":\"SearchAction\",\"target\":{\"@type\":\"EntryPoint\",\"urlTemplate\":\"https:\\\/\\\/www.bertazzofood.com\\\/fr\\\/?s={search_term_string}\"},\"query-input\":{\"@type\":\"PropertyValueSpecification\",\"valueRequired\":true,\"valueName\":\"search_term_string\"}}],\"inLanguage\":\"fr-FR\"},{\"@type\":\"Organization\",\"@id\":\"https:\\\/\\\/www.bertazzofood.com\\\/fr\\\/#organization\",\"name\":\"Bertazzo Italian Quality Food S.a.s. di Bertazzo Fabio & C.\",\"alternateName\":\"Bertazzo Food\",\"url\":\"https:\\\/\\\/www.bertazzofood.com\\\/fr\\\/\",\"logo\":{\"@type\":\"ImageObject\",\"inLanguage\":\"fr-FR\",\"@id\":\"https:\\\/\\\/www.bertazzofood.com\\\/fr\\\/#\\\/schema\\\/logo\\\/image\\\/\",\"url\":\"https:\\\/\\\/www.bertazzofood.com\\\/wp-content\\\/uploads\\\/2024\\\/06\\\/logo-bertazzo.webp\",\"contentUrl\":\"https:\\\/\\\/www.bertazzofood.com\\\/wp-content\\\/uploads\\\/2024\\\/06\\\/logo-bertazzo.webp\",\"width\":410,\"height\":166,\"caption\":\"Bertazzo Italian Quality Food S.a.s. di Bertazzo Fabio & C.\"},\"image\":{\"@id\":\"https:\\\/\\\/www.bertazzofood.com\\\/fr\\\/#\\\/schema\\\/logo\\\/image\\\/\"},\"sameAs\":[\"https:\\\/\\\/www.facebook.com\\\/BertazzoItalianQualityFood\",\"https:\\\/\\\/www.instagram.com\\\/bertazzo_italian_quality_food\\\/\"]}]}<\/script>\n<!-- \/ Yoast SEO plugin. -->","yoast_head_json":{"title":"Moulin \u00e0 caf\u00e9 Fiorenzato F64 E PRO blanc","robots":{"index":"index","follow":"follow","max-snippet":"max-snippet:-1","max-image-preview":"max-image-preview:large","max-video-preview":"max-video-preview:-1"},"canonical":"https:\/\/www.bertazzofood.com\/fr\/prodotto\/moulin-a-cafe-fiorenzato-f64-e-pro-blanc\/","og_locale":"fr_FR","og_type":"article","og_title":"Moulin \u00e0 caf\u00e9 Fiorenzato F64 E PRO blanc","og_description":"Fiorenzato F64 E PRO: moulin \u00e0 caf\u00e9 \u00e9lectronique, nouveau afficheur TOUCHSCREEN avec technologie CapSense. Fiche technique: \u2022 Gr\u00e2ce \u00e0 la chambre extractible de la Ligne Pro,\u00a0l\u2019acc\u00e8s \u00e0 la zone de mouture est encore plus simple et rapide. Nul besoin de retirer la bague de r\u00e9glage pour effectuer un nettoyage p\u00e9riodique, remplacer les meules ou \u00e9ventuellement [&hellip;]","og_url":"https:\/\/www.bertazzofood.com\/fr\/prodotto\/moulin-a-cafe-fiorenzato-f64-e-pro-blanc\/","og_site_name":"Bertazzo Food","article_publisher":"https:\/\/www.facebook.com\/BertazzoItalianQualityFood","article_modified_time":"2024-12-11T10:19:42+00:00","og_image":[{"width":800,"height":800,"url":"https:\/\/www.bertazzofood.com\/wp-content\/uploads\/2024\/06\/Fiorenzato-F64-E-PRO-white-2.jpg","type":"image\/jpeg"}],"twitter_card":"summary_large_image","twitter_misc":{"Dur\u00e9e de lecture estim\u00e9e":"1 minute"},"schema":{"@context":"https:\/\/schema.org","@graph":[{"@type":"WebPage","@id":"https:\/\/www.bertazzofood.com\/fr\/prodotto\/moulin-a-cafe-fiorenzato-f64-e-pro-blanc\/","url":"https:\/\/www.bertazzofood.com\/fr\/prodotto\/moulin-a-cafe-fiorenzato-f64-e-pro-blanc\/","name":"Moulin \u00e0 caf\u00e9 Fiorenzato F64 E PRO blanc","isPartOf":{"@id":"https:\/\/www.bertazzofood.com\/fr\/#website"},"primaryImageOfPage":{"@id":"https:\/\/www.bertazzofood.com\/fr\/prodotto\/moulin-a-cafe-fiorenzato-f64-e-pro-blanc\/#primaryimage"},"image":{"@id":"https:\/\/www.bertazzofood.com\/fr\/prodotto\/moulin-a-cafe-fiorenzato-f64-e-pro-blanc\/#primaryimage"},"thumbnailUrl":"https:\/\/www.bertazzofood.com\/wp-content\/uploads\/2024\/06\/Fiorenzato-F64-E-PRO-white-2.jpg","datePublished":"2022-08-22T11:13:11+00:00","dateModified":"2024-12-11T10:19:42+00:00","breadcrumb":{"@id":"https:\/\/www.bertazzofood.com\/fr\/prodotto\/moulin-a-cafe-fiorenzato-f64-e-pro-blanc\/#breadcrumb"},"inLanguage":"fr-FR","potentialAction":[{"@type":"ReadAction","target":["https:\/\/www.bertazzofood.com\/fr\/prodotto\/moulin-a-cafe-fiorenzato-f64-e-pro-blanc\/"]}]},{"@type":"ImageObject","inLanguage":"fr-FR","@id":"https:\/\/www.bertazzofood.com\/fr\/prodotto\/moulin-a-cafe-fiorenzato-f64-e-pro-blanc\/#primaryimage","url":"https:\/\/www.bertazzofood.com\/wp-content\/uploads\/2024\/06\/Fiorenzato-F64-E-PRO-white-2.jpg","contentUrl":"https:\/\/www.bertazzofood.com\/wp-content\/uploads\/2024\/06\/Fiorenzato-F64-E-PRO-white-2.jpg","width":800,"height":800},{"@type":"BreadcrumbList","@id":"https:\/\/www.bertazzofood.com\/fr\/prodotto\/moulin-a-cafe-fiorenzato-f64-e-pro-blanc\/#breadcrumb","itemListElement":[{"@type":"ListItem","position":1,"name":"Home","item":"https:\/\/www.bertazzofood.com\/fr\/homepage\/"},{"@type":"ListItem","position":2,"name":"Produits","item":"https:\/\/www.bertazzofood.com\/fr\/shop\/"},{"@type":"ListItem","position":3,"name":"Moulin \u00e0 caf\u00e9 Fiorenzato F64 E PRO blanc"}]},{"@type":"WebSite","@id":"https:\/\/www.bertazzofood.com\/fr\/#website","url":"https:\/\/www.bertazzofood.com\/fr\/","name":"Bertazzo Food","description":"Prodotti Alimentari Italiani Online e Macchine Da Caff\u00e8","publisher":{"@id":"https:\/\/www.bertazzofood.com\/fr\/#organization"},"potentialAction":[{"@type":"SearchAction","target":{"@type":"EntryPoint","urlTemplate":"https:\/\/www.bertazzofood.com\/fr\/?s={search_term_string}"},"query-input":{"@type":"PropertyValueSpecification","valueRequired":true,"valueName":"search_term_string"}}],"inLanguage":"fr-FR"},{"@type":"Organization","@id":"https:\/\/www.bertazzofood.com\/fr\/#organization","name":"Bertazzo Italian Quality Food S.a.s. di Bertazzo Fabio & C.","alternateName":"Bertazzo Food","url":"https:\/\/www.bertazzofood.com\/fr\/","logo":{"@type":"ImageObject","inLanguage":"fr-FR","@id":"https:\/\/www.bertazzofood.com\/fr\/#\/schema\/logo\/image\/","url":"https:\/\/www.bertazzofood.com\/wp-content\/uploads\/2024\/06\/logo-bertazzo.webp","contentUrl":"https:\/\/www.bertazzofood.com\/wp-content\/uploads\/2024\/06\/logo-bertazzo.webp","width":410,"height":166,"caption":"Bertazzo Italian Quality Food S.a.s. di Bertazzo Fabio & C."},"image":{"@id":"https:\/\/www.bertazzofood.com\/fr\/#\/schema\/logo\/image\/"},"sameAs":["https:\/\/www.facebook.com\/BertazzoItalianQualityFood","https:\/\/www.instagram.com\/bertazzo_italian_quality_food\/"]}]}},"_links":{"self":[{"href":"https:\/\/www.bertazzofood.com\/fr\/wp-json\/wp\/v2\/product\/13191","targetHints":{"allow":["GET"]}}],"collection":[{"href":"https:\/\/www.bertazzofood.com\/fr\/wp-json\/wp\/v2\/product"}],"about":[{"href":"https:\/\/www.bertazzofood.com\/fr\/wp-json\/wp\/v2\/types\/product"}],"replies":[{"embeddable":true,"href":"https:\/\/www.bertazzofood.com\/fr\/wp-json\/wp\/v2\/comments?post=13191"}],"version-history":[{"count":0,"href":"https:\/\/www.bertazzofood.com\/fr\/wp-json\/wp\/v2\/product\/13191\/revisions"}],"wp:featuredmedia":[{"embeddable":true,"href":"https:\/\/www.bertazzofood.com\/fr\/wp-json\/wp\/v2\/media\/7794"}],"wp:attachment":[{"href":"https:\/\/www.bertazzofood.com\/fr\/wp-json\/wp\/v2\/media?parent=13191"}],"wp:term":[{"taxonomy":"product_brand","embeddable":true,"href":"https:\/\/www.bertazzofood.com\/fr\/wp-json\/wp\/v2\/product_brand?post=13191"},{"taxonomy":"product_cat","embeddable":true,"href":"https:\/\/www.bertazzofood.com\/fr\/wp-json\/wp\/v2\/product_cat?post=13191"},{"taxonomy":"product_tag","embeddable":true,"href":"https:\/\/www.bertazzofood.com\/fr\/wp-json\/wp\/v2\/product_tag?post=13191"},{"taxonomy":"brands","embeddable":true,"href":"https:\/\/www.bertazzofood.com\/fr\/wp-json\/wp\/v2\/brands?post=13191"},{"taxonomy":"flag_home","embeddable":true,"href":"https:\/\/www.bertazzofood.com\/fr\/wp-json\/wp\/v2\/flag_home?post=13191"}],"curies":[{"name":"wp","href":"https:\/\/api.w.org\/{rel}","templated":true}]}}