{"id":13126,"date":"2022-07-06T09:20:53","date_gmt":"2022-07-06T07:20:53","guid":{"rendered":"https:\/\/thegarden.it\/staging8\/prodotto\/adoucisseur-deau-manuel-dva-lt5\/"},"modified":"2024-10-02T11:27:33","modified_gmt":"2024-10-02T09:27:33","slug":"adoucisseur-deau-manuel-dva-lt5","status":"publish","type":"product","link":"https:\/\/www.bertazzofood.com\/fr\/prodotto\/adoucisseur-deau-manuel-dva-lt5\/","title":{"rendered":"Adoucisseur d&#8217;eau manuel DVA LT5"},"content":{"rendered":"<p>\u2022pour traitement de l&#8217;eau \u00e0 usage TECHNIQUE<\/p>\n<p>\u2022capacit\u00e9 bouteille INOX 5 L<\/p>\n<p>\u2022raccord 3\/8&#8243;<\/p>\n<p>\u2022dimensions: hauteur 300 mm &#8211; \u00f8 185 mm<\/p>\n<p>\u2022r\u00e9sine contenue 3,5 L<\/p>\n<p>\u2022sel pour r\u00e9g\u00e9n\u00e9ration (NaCl &#8211; sel de table) 0,5 Kg<\/p>\n<p>\u2022pression d&#8217;alimentation d&#8217;eau min 1 bar, max 8 bar<\/p>\n<p>\u2022port\u00e9e max conseill\u00e9 1000l\/h<\/p>\n<p>\u2022Temp\u00e9rature de fonctionnement min 6\u00b0C &#8211; max 35C\u00b0<\/p>\n<p>\u2022 poids\u00a05 kg<\/p>\n<p>\u2022producteur: De Vecchi Gaetano &#8211; Made in Italy<\/p>\n","protected":false},"excerpt":{"rendered":"<p>\u2022pour traitement de l&#8217;eau \u00e0 usage TECHNIQUE \u2022capacit\u00e9 bouteille INOX 5 L \u2022raccord 3\/8&#8243; \u2022dimensions: hauteur 300 mm &#8211; \u00f8 185 mm \u2022r\u00e9sine contenue 3,5 L \u2022sel pour r\u00e9g\u00e9n\u00e9ration (NaCl &#8211; sel de table) 0,5 Kg \u2022pression d&#8217;alimentation d&#8217;eau min 1 bar, max 8 bar \u2022port\u00e9e max conseill\u00e9 1000l\/h \u2022Temp\u00e9rature de fonctionnement min 6\u00b0C &#8211; [&hellip;]<\/p>\n","protected":false},"featured_media":7484,"comment_status":"open","ping_status":"closed","template":"","meta":{"_acf_changed":false,"iawp_total_views":62},"product_brand":[],"product_cat":[1219,1238],"product_tag":[],"brands":[],"flag_home":[],"class_list":{"0":"post-13126","1":"product","2":"type-product","3":"status-publish","4":"has-post-thumbnail","6":"product_cat-equipements-cafe","7":"product_cat-tamper-accessoires","9":"first","10":"outofstock","11":"taxable","12":"shipping-taxable","13":"purchasable","14":"product-type-simple"},"acf":[],"yoast_head":"<!-- This site is optimized with the Yoast SEO plugin v27.5 - https:\/\/yoast.com\/product\/yoast-seo-wordpress\/ -->\n<title>Adoucisseur d&#039;eau manuel DVA LT5<\/title>\n<meta name=\"robots\" content=\"index, follow, max-snippet:-1, max-image-preview:large, max-video-preview:-1\" \/>\n<link rel=\"canonical\" href=\"https:\/\/www.bertazzofood.com\/fr\/prodotto\/adoucisseur-deau-manuel-dva-lt5\/\" \/>\n<meta property=\"og:locale\" content=\"fr_FR\" \/>\n<meta property=\"og:type\" content=\"article\" \/>\n<meta property=\"og:title\" content=\"Adoucisseur d&#039;eau manuel DVA LT5\" \/>\n<meta property=\"og:description\" content=\"\u2022pour traitement de l&#8217;eau \u00e0 usage TECHNIQUE \u2022capacit\u00e9 bouteille INOX 5 L \u2022raccord 3\/8&#8243; \u2022dimensions: hauteur 300 mm &#8211; \u00f8 185 mm \u2022r\u00e9sine contenue 3,5 L \u2022sel pour r\u00e9g\u00e9n\u00e9ration (NaCl &#8211; sel de table) 0,5 Kg \u2022pression d&#8217;alimentation d&#8217;eau min 1 bar, max 8 bar \u2022port\u00e9e max conseill\u00e9 1000l\/h \u2022Temp\u00e9rature de fonctionnement min 6\u00b0C &#8211; [&hellip;]\" \/>\n<meta property=\"og:url\" content=\"https:\/\/www.bertazzofood.com\/fr\/prodotto\/adoucisseur-deau-manuel-dva-lt5\/\" \/>\n<meta property=\"og:site_name\" content=\"Bertazzo Food\" \/>\n<meta property=\"article:publisher\" content=\"https:\/\/www.facebook.com\/BertazzoItalianQualityFood\" \/>\n<meta property=\"article:modified_time\" content=\"2024-10-02T09:27:33+00:00\" \/>\n<meta property=\"og:image\" content=\"https:\/\/www.bertazzofood.com\/wp-content\/uploads\/2024\/06\/Water-Softner-DVA-LT5-1-2.jpg\" \/>\n\t<meta property=\"og:image:width\" content=\"800\" \/>\n\t<meta property=\"og:image:height\" content=\"800\" \/>\n\t<meta property=\"og:image:type\" content=\"image\/jpeg\" \/>\n<meta name=\"twitter:card\" content=\"summary_large_image\" \/>\n<meta name=\"twitter:label1\" content=\"Dur\u00e9e de lecture estim\u00e9e\" \/>\n\t<meta name=\"twitter:data1\" content=\"1 minute\" \/>\n<script type=\"application\/ld+json\" class=\"yoast-schema-graph\">{\"@context\":\"https:\\\/\\\/schema.org\",\"@graph\":[{\"@type\":\"WebPage\",\"@id\":\"https:\\\/\\\/www.bertazzofood.com\\\/fr\\\/prodotto\\\/adoucisseur-deau-manuel-dva-lt5\\\/\",\"url\":\"https:\\\/\\\/www.bertazzofood.com\\\/fr\\\/prodotto\\\/adoucisseur-deau-manuel-dva-lt5\\\/\",\"name\":\"Adoucisseur d'eau manuel DVA LT5\",\"isPartOf\":{\"@id\":\"https:\\\/\\\/www.bertazzofood.com\\\/fr\\\/#website\"},\"primaryImageOfPage\":{\"@id\":\"https:\\\/\\\/www.bertazzofood.com\\\/fr\\\/prodotto\\\/adoucisseur-deau-manuel-dva-lt5\\\/#primaryimage\"},\"image\":{\"@id\":\"https:\\\/\\\/www.bertazzofood.com\\\/fr\\\/prodotto\\\/adoucisseur-deau-manuel-dva-lt5\\\/#primaryimage\"},\"thumbnailUrl\":\"https:\\\/\\\/www.bertazzofood.com\\\/wp-content\\\/uploads\\\/2024\\\/06\\\/Water-Softner-DVA-LT5-1-2.jpg\",\"datePublished\":\"2022-07-06T07:20:53+00:00\",\"dateModified\":\"2024-10-02T09:27:33+00:00\",\"breadcrumb\":{\"@id\":\"https:\\\/\\\/www.bertazzofood.com\\\/fr\\\/prodotto\\\/adoucisseur-deau-manuel-dva-lt5\\\/#breadcrumb\"},\"inLanguage\":\"fr-FR\",\"potentialAction\":[{\"@type\":\"ReadAction\",\"target\":[\"https:\\\/\\\/www.bertazzofood.com\\\/fr\\\/prodotto\\\/adoucisseur-deau-manuel-dva-lt5\\\/\"]}]},{\"@type\":\"ImageObject\",\"inLanguage\":\"fr-FR\",\"@id\":\"https:\\\/\\\/www.bertazzofood.com\\\/fr\\\/prodotto\\\/adoucisseur-deau-manuel-dva-lt5\\\/#primaryimage\",\"url\":\"https:\\\/\\\/www.bertazzofood.com\\\/wp-content\\\/uploads\\\/2024\\\/06\\\/Water-Softner-DVA-LT5-1-2.jpg\",\"contentUrl\":\"https:\\\/\\\/www.bertazzofood.com\\\/wp-content\\\/uploads\\\/2024\\\/06\\\/Water-Softner-DVA-LT5-1-2.jpg\",\"width\":800,\"height\":800},{\"@type\":\"BreadcrumbList\",\"@id\":\"https:\\\/\\\/www.bertazzofood.com\\\/fr\\\/prodotto\\\/adoucisseur-deau-manuel-dva-lt5\\\/#breadcrumb\",\"itemListElement\":[{\"@type\":\"ListItem\",\"position\":1,\"name\":\"Home\",\"item\":\"https:\\\/\\\/www.bertazzofood.com\\\/fr\\\/homepage\\\/\"},{\"@type\":\"ListItem\",\"position\":2,\"name\":\"Produits\",\"item\":\"https:\\\/\\\/www.bertazzofood.com\\\/fr\\\/shop\\\/\"},{\"@type\":\"ListItem\",\"position\":3,\"name\":\"Adoucisseur d&#8217;eau manuel DVA LT5\"}]},{\"@type\":\"WebSite\",\"@id\":\"https:\\\/\\\/www.bertazzofood.com\\\/fr\\\/#website\",\"url\":\"https:\\\/\\\/www.bertazzofood.com\\\/fr\\\/\",\"name\":\"Bertazzo Food\",\"description\":\"Prodotti Alimentari Italiani Online e Macchine Da Caff\u00e8\",\"publisher\":{\"@id\":\"https:\\\/\\\/www.bertazzofood.com\\\/fr\\\/#organization\"},\"potentialAction\":[{\"@type\":\"SearchAction\",\"target\":{\"@type\":\"EntryPoint\",\"urlTemplate\":\"https:\\\/\\\/www.bertazzofood.com\\\/fr\\\/?s={search_term_string}\"},\"query-input\":{\"@type\":\"PropertyValueSpecification\",\"valueRequired\":true,\"valueName\":\"search_term_string\"}}],\"inLanguage\":\"fr-FR\"},{\"@type\":\"Organization\",\"@id\":\"https:\\\/\\\/www.bertazzofood.com\\\/fr\\\/#organization\",\"name\":\"Bertazzo Italian Quality Food S.a.s. di Bertazzo Fabio & C.\",\"alternateName\":\"Bertazzo Food\",\"url\":\"https:\\\/\\\/www.bertazzofood.com\\\/fr\\\/\",\"logo\":{\"@type\":\"ImageObject\",\"inLanguage\":\"fr-FR\",\"@id\":\"https:\\\/\\\/www.bertazzofood.com\\\/fr\\\/#\\\/schema\\\/logo\\\/image\\\/\",\"url\":\"https:\\\/\\\/www.bertazzofood.com\\\/wp-content\\\/uploads\\\/2024\\\/06\\\/logo-bertazzo.webp\",\"contentUrl\":\"https:\\\/\\\/www.bertazzofood.com\\\/wp-content\\\/uploads\\\/2024\\\/06\\\/logo-bertazzo.webp\",\"width\":410,\"height\":166,\"caption\":\"Bertazzo Italian Quality Food S.a.s. di Bertazzo Fabio & C.\"},\"image\":{\"@id\":\"https:\\\/\\\/www.bertazzofood.com\\\/fr\\\/#\\\/schema\\\/logo\\\/image\\\/\"},\"sameAs\":[\"https:\\\/\\\/www.facebook.com\\\/BertazzoItalianQualityFood\",\"https:\\\/\\\/www.instagram.com\\\/bertazzo_italian_quality_food\\\/\"]}]}<\/script>\n<!-- \/ Yoast SEO plugin. -->","yoast_head_json":{"title":"Adoucisseur d'eau manuel DVA LT5","robots":{"index":"index","follow":"follow","max-snippet":"max-snippet:-1","max-image-preview":"max-image-preview:large","max-video-preview":"max-video-preview:-1"},"canonical":"https:\/\/www.bertazzofood.com\/fr\/prodotto\/adoucisseur-deau-manuel-dva-lt5\/","og_locale":"fr_FR","og_type":"article","og_title":"Adoucisseur d'eau manuel DVA LT5","og_description":"\u2022pour traitement de l&#8217;eau \u00e0 usage TECHNIQUE \u2022capacit\u00e9 bouteille INOX 5 L \u2022raccord 3\/8&#8243; \u2022dimensions: hauteur 300 mm &#8211; \u00f8 185 mm \u2022r\u00e9sine contenue 3,5 L \u2022sel pour r\u00e9g\u00e9n\u00e9ration (NaCl &#8211; sel de table) 0,5 Kg \u2022pression d&#8217;alimentation d&#8217;eau min 1 bar, max 8 bar \u2022port\u00e9e max conseill\u00e9 1000l\/h \u2022Temp\u00e9rature de fonctionnement min 6\u00b0C &#8211; [&hellip;]","og_url":"https:\/\/www.bertazzofood.com\/fr\/prodotto\/adoucisseur-deau-manuel-dva-lt5\/","og_site_name":"Bertazzo Food","article_publisher":"https:\/\/www.facebook.com\/BertazzoItalianQualityFood","article_modified_time":"2024-10-02T09:27:33+00:00","og_image":[{"width":800,"height":800,"url":"https:\/\/www.bertazzofood.com\/wp-content\/uploads\/2024\/06\/Water-Softner-DVA-LT5-1-2.jpg","type":"image\/jpeg"}],"twitter_card":"summary_large_image","twitter_misc":{"Dur\u00e9e de lecture estim\u00e9e":"1 minute"},"schema":{"@context":"https:\/\/schema.org","@graph":[{"@type":"WebPage","@id":"https:\/\/www.bertazzofood.com\/fr\/prodotto\/adoucisseur-deau-manuel-dva-lt5\/","url":"https:\/\/www.bertazzofood.com\/fr\/prodotto\/adoucisseur-deau-manuel-dva-lt5\/","name":"Adoucisseur d'eau manuel DVA LT5","isPartOf":{"@id":"https:\/\/www.bertazzofood.com\/fr\/#website"},"primaryImageOfPage":{"@id":"https:\/\/www.bertazzofood.com\/fr\/prodotto\/adoucisseur-deau-manuel-dva-lt5\/#primaryimage"},"image":{"@id":"https:\/\/www.bertazzofood.com\/fr\/prodotto\/adoucisseur-deau-manuel-dva-lt5\/#primaryimage"},"thumbnailUrl":"https:\/\/www.bertazzofood.com\/wp-content\/uploads\/2024\/06\/Water-Softner-DVA-LT5-1-2.jpg","datePublished":"2022-07-06T07:20:53+00:00","dateModified":"2024-10-02T09:27:33+00:00","breadcrumb":{"@id":"https:\/\/www.bertazzofood.com\/fr\/prodotto\/adoucisseur-deau-manuel-dva-lt5\/#breadcrumb"},"inLanguage":"fr-FR","potentialAction":[{"@type":"ReadAction","target":["https:\/\/www.bertazzofood.com\/fr\/prodotto\/adoucisseur-deau-manuel-dva-lt5\/"]}]},{"@type":"ImageObject","inLanguage":"fr-FR","@id":"https:\/\/www.bertazzofood.com\/fr\/prodotto\/adoucisseur-deau-manuel-dva-lt5\/#primaryimage","url":"https:\/\/www.bertazzofood.com\/wp-content\/uploads\/2024\/06\/Water-Softner-DVA-LT5-1-2.jpg","contentUrl":"https:\/\/www.bertazzofood.com\/wp-content\/uploads\/2024\/06\/Water-Softner-DVA-LT5-1-2.jpg","width":800,"height":800},{"@type":"BreadcrumbList","@id":"https:\/\/www.bertazzofood.com\/fr\/prodotto\/adoucisseur-deau-manuel-dva-lt5\/#breadcrumb","itemListElement":[{"@type":"ListItem","position":1,"name":"Home","item":"https:\/\/www.bertazzofood.com\/fr\/homepage\/"},{"@type":"ListItem","position":2,"name":"Produits","item":"https:\/\/www.bertazzofood.com\/fr\/shop\/"},{"@type":"ListItem","position":3,"name":"Adoucisseur d&#8217;eau manuel DVA LT5"}]},{"@type":"WebSite","@id":"https:\/\/www.bertazzofood.com\/fr\/#website","url":"https:\/\/www.bertazzofood.com\/fr\/","name":"Bertazzo Food","description":"Prodotti Alimentari Italiani Online e Macchine Da Caff\u00e8","publisher":{"@id":"https:\/\/www.bertazzofood.com\/fr\/#organization"},"potentialAction":[{"@type":"SearchAction","target":{"@type":"EntryPoint","urlTemplate":"https:\/\/www.bertazzofood.com\/fr\/?s={search_term_string}"},"query-input":{"@type":"PropertyValueSpecification","valueRequired":true,"valueName":"search_term_string"}}],"inLanguage":"fr-FR"},{"@type":"Organization","@id":"https:\/\/www.bertazzofood.com\/fr\/#organization","name":"Bertazzo Italian Quality Food S.a.s. di Bertazzo Fabio & C.","alternateName":"Bertazzo Food","url":"https:\/\/www.bertazzofood.com\/fr\/","logo":{"@type":"ImageObject","inLanguage":"fr-FR","@id":"https:\/\/www.bertazzofood.com\/fr\/#\/schema\/logo\/image\/","url":"https:\/\/www.bertazzofood.com\/wp-content\/uploads\/2024\/06\/logo-bertazzo.webp","contentUrl":"https:\/\/www.bertazzofood.com\/wp-content\/uploads\/2024\/06\/logo-bertazzo.webp","width":410,"height":166,"caption":"Bertazzo Italian Quality Food S.a.s. di Bertazzo Fabio & C."},"image":{"@id":"https:\/\/www.bertazzofood.com\/fr\/#\/schema\/logo\/image\/"},"sameAs":["https:\/\/www.facebook.com\/BertazzoItalianQualityFood","https:\/\/www.instagram.com\/bertazzo_italian_quality_food\/"]}]}},"_links":{"self":[{"href":"https:\/\/www.bertazzofood.com\/fr\/wp-json\/wp\/v2\/product\/13126","targetHints":{"allow":["GET"]}}],"collection":[{"href":"https:\/\/www.bertazzofood.com\/fr\/wp-json\/wp\/v2\/product"}],"about":[{"href":"https:\/\/www.bertazzofood.com\/fr\/wp-json\/wp\/v2\/types\/product"}],"replies":[{"embeddable":true,"href":"https:\/\/www.bertazzofood.com\/fr\/wp-json\/wp\/v2\/comments?post=13126"}],"version-history":[{"count":0,"href":"https:\/\/www.bertazzofood.com\/fr\/wp-json\/wp\/v2\/product\/13126\/revisions"}],"wp:featuredmedia":[{"embeddable":true,"href":"https:\/\/www.bertazzofood.com\/fr\/wp-json\/wp\/v2\/media\/7484"}],"wp:attachment":[{"href":"https:\/\/www.bertazzofood.com\/fr\/wp-json\/wp\/v2\/media?parent=13126"}],"wp:term":[{"taxonomy":"product_brand","embeddable":true,"href":"https:\/\/www.bertazzofood.com\/fr\/wp-json\/wp\/v2\/product_brand?post=13126"},{"taxonomy":"product_cat","embeddable":true,"href":"https:\/\/www.bertazzofood.com\/fr\/wp-json\/wp\/v2\/product_cat?post=13126"},{"taxonomy":"product_tag","embeddable":true,"href":"https:\/\/www.bertazzofood.com\/fr\/wp-json\/wp\/v2\/product_tag?post=13126"},{"taxonomy":"brands","embeddable":true,"href":"https:\/\/www.bertazzofood.com\/fr\/wp-json\/wp\/v2\/brands?post=13126"},{"taxonomy":"flag_home","embeddable":true,"href":"https:\/\/www.bertazzofood.com\/fr\/wp-json\/wp\/v2\/flag_home?post=13126"}],"curies":[{"name":"wp","href":"https:\/\/api.w.org\/{rel}","templated":true}]}}