{"id":13116,"date":"2022-06-16T09:20:07","date_gmt":"2022-06-16T07:20:07","guid":{"rendered":"https:\/\/thegarden.it\/staging8\/prodotto\/machine-a-cafe-graef-contessa\/"},"modified":"2024-06-23T22:44:01","modified_gmt":"2024-06-23T20:44:01","slug":"machine-a-cafe-graef-contessa","status":"publish","type":"product","link":"https:\/\/www.bertazzofood.com\/fr\/prodotto\/machine-a-cafe-graef-contessa\/","title":{"rendered":"Machine \u00e0 caf\u00e9 Graef Contessa"},"content":{"rendered":"<p>True coffee pleasure with the <strong>GRAEF Contessa<\/strong> espresso machine: a silent espresso pump, a powerful triple Thermoblock and numerous barista settings, meet polished stainless steel with elegant glass sides.<\/p>\n<p>Behind the elegant front in polished stainless steel and glass, the <strong>Contessa<\/strong> hides the technology for the best espresso. The interplay of heat, water and time is optimally adjusted to the wishes of the bartender.<\/p>\n<p>The <strong>Contessa<\/strong> has 3 Thermoblocks! One for the preparation of the espresso, a second for the steam and the third for preheating the head of the group. This makes the machine faster and ready for use after only 3-5 minutes. This saves time and energy! Furthermore, the machine only heats the water actually needed at the moment &#8220;on demand&#8221; and therefore consumes much less electricity.<\/p>\n<p>Main features:<\/p>\n<p>\u2022 Bo\u00eetier en acier inoxydable, parties lat\u00e9rales en verre, noir<\/p>\n<p>\u2022 Pompe \u00e0 expresso (max. 16 bars), pompe \u00e0 vapeur (max. 6 bars)<\/p>\n<p>\u2022 Triple thermobloc (pr\u00e9paration simultan\u00e9e de l&#8217;expresso et de la mousse de lait)<\/p>\n<p>\u2022 Groupe percolateur au chauffage actif<\/p>\n<p>\u2022 Commande PID pour le contr\u00f4le de la temp\u00e9rature<\/p>\n<p>\u2022 \u00c9cran LCD intuitif avec divers r\u00e9glages de barista<\/p>\n<p>\u2022 4 programmes de pr\u00e9infusion et 7 programmes vapeur<\/p>\n<p>\u2022 Pr\u00e9infusion et drainage Puck<\/p>\n<p>\u2022 Fonction 1\/2 tasses ; minuterie expresso<\/p>\n<p>\u2022 Pr\u00e9paration manuelle via manivelle<\/p>\n<p>\u2022 Affichage du manom\u00e8tre pour le contr\u00f4le de la pression<\/p>\n<p>\u2022 Buse d&#8217;eau chaude 360\u00b0 ; buse \u00e0 vapeur No-Burn s\u00e9par\u00e9e pour une mousse de lait parfaite<\/p>\n<p>\u2022 Support de tasses au chauffage passif<\/p>\n<p>\u2022 R\u00e9servoir d&#8217;eau amovible de 2,5 litre + programme de d\u00e9tartrage pratique<\/p>\n<p>\u2022 Deux porte-filtres en acier inoxydable (1 et 2 sorties) avec un diam\u00e8tre professionnel de 58 mm &#8211; pour la plus grande surface possible afin de lib\u00e9rer tous les ar\u00f4mes<\/p>\n<p>\u2022 Filter diameter 58mm<\/p>\n<p>\u2022 Dimension 31.5 mm x 42.5 mm x 48.0\u00a0 cm (h)<\/p>\n<p>\u2022 Net Weight 19,15 kg<\/p>\n<p><strong>EQUIPEMENT:<\/strong><\/p>\n<div>A .Group handle with 1 outlet<\/div>\n<div>B. Tamper<\/div>\n<div>C. blackflush disc<\/div>\n<div>D. cleaning tool<\/div>\n<div>E. Pot \u00e0 lait<\/div>\n<div>F. Portafilter avec 2 becs<\/div>\n<div>G. Paniers filtrants \u00e0 simple paroi pour 1 et 2 tasses<\/div>\n<div>H. water filter (already installed in water tank)<\/div>\n<p>&nbsp;<\/p>\n<p><strong>24 mois de garantie.<\/strong><\/p>\n<p><strong>Livraison gratuite.\u00a0<\/strong><\/p>\n","protected":false},"excerpt":{"rendered":"<p>True coffee pleasure with the GRAEF Contessa espresso machine: a silent espresso pump, a powerful triple Thermoblock and numerous barista settings, meet polished stainless steel with elegant glass sides. Behind the elegant front in polished stainless steel and glass, the Contessa hides the technology for the best espresso. The interplay of heat, water and time [&hellip;]<\/p>\n","protected":false},"featured_media":7428,"comment_status":"open","ping_status":"closed","template":"","meta":{"_acf_changed":false,"iawp_total_views":26},"product_brand":[],"product_cat":[1219,1233],"product_tag":[],"brands":[1823],"flag_home":[],"class_list":{"0":"post-13116","1":"product","2":"type-product","3":"status-publish","4":"has-post-thumbnail","6":"product_cat-equipements-cafe","7":"product_cat-machines-a-cafe-espresso","8":"pa_garanzia-24-mois","9":"pa_tipo-di-alimentazione-acqua-reservoir-deau","10":"pa_tipo-di-caldaia-une-chaudiere","11":"pa_tipo-di-pompa-a-vibration","12":"brands-graef","14":"first","15":"outofstock","16":"taxable","17":"shipping-taxable","18":"purchasable","19":"product-type-simple"},"acf":[],"yoast_head":"<!-- This site is optimized with the Yoast SEO plugin v27.5 - https:\/\/yoast.com\/product\/yoast-seo-wordpress\/ -->\n<title>Machine \u00e0 caf\u00e9 Graef Contessa<\/title>\n<meta name=\"robots\" content=\"index, follow, max-snippet:-1, max-image-preview:large, max-video-preview:-1\" \/>\n<link rel=\"canonical\" href=\"https:\/\/www.bertazzofood.com\/fr\/prodotto\/machine-a-cafe-graef-contessa\/\" \/>\n<meta property=\"og:locale\" content=\"fr_FR\" \/>\n<meta property=\"og:type\" content=\"article\" \/>\n<meta property=\"og:title\" content=\"Machine \u00e0 caf\u00e9 Graef Contessa\" \/>\n<meta property=\"og:description\" content=\"True coffee pleasure with the GRAEF Contessa espresso machine: a silent espresso pump, a powerful triple Thermoblock and numerous barista settings, meet polished stainless steel with elegant glass sides. Behind the elegant front in polished stainless steel and glass, the Contessa hides the technology for the best espresso. The interplay of heat, water and time [&hellip;]\" \/>\n<meta property=\"og:url\" content=\"https:\/\/www.bertazzofood.com\/fr\/prodotto\/machine-a-cafe-graef-contessa\/\" \/>\n<meta property=\"og:site_name\" content=\"Bertazzo Food\" \/>\n<meta property=\"article:publisher\" content=\"https:\/\/www.facebook.com\/BertazzoItalianQualityFood\" \/>\n<meta property=\"article:modified_time\" content=\"2024-06-23T20:44:01+00:00\" \/>\n<meta property=\"og:image\" content=\"https:\/\/www.bertazzofood.com\/wp-content\/uploads\/2024\/06\/Graef-Contessa-8-1-2.jpg\" \/>\n\t<meta property=\"og:image:width\" content=\"800\" \/>\n\t<meta property=\"og:image:height\" content=\"800\" \/>\n\t<meta property=\"og:image:type\" content=\"image\/jpeg\" \/>\n<meta name=\"twitter:card\" content=\"summary_large_image\" \/>\n<meta name=\"twitter:label1\" content=\"Dur\u00e9e de lecture estim\u00e9e\" \/>\n\t<meta name=\"twitter:data1\" content=\"2 minutes\" \/>\n<script type=\"application\/ld+json\" class=\"yoast-schema-graph\">{\"@context\":\"https:\\\/\\\/schema.org\",\"@graph\":[{\"@type\":\"WebPage\",\"@id\":\"https:\\\/\\\/www.bertazzofood.com\\\/fr\\\/prodotto\\\/machine-a-cafe-graef-contessa\\\/\",\"url\":\"https:\\\/\\\/www.bertazzofood.com\\\/fr\\\/prodotto\\\/machine-a-cafe-graef-contessa\\\/\",\"name\":\"Machine \u00e0 caf\u00e9 Graef Contessa\",\"isPartOf\":{\"@id\":\"https:\\\/\\\/www.bertazzofood.com\\\/fr\\\/#website\"},\"primaryImageOfPage\":{\"@id\":\"https:\\\/\\\/www.bertazzofood.com\\\/fr\\\/prodotto\\\/machine-a-cafe-graef-contessa\\\/#primaryimage\"},\"image\":{\"@id\":\"https:\\\/\\\/www.bertazzofood.com\\\/fr\\\/prodotto\\\/machine-a-cafe-graef-contessa\\\/#primaryimage\"},\"thumbnailUrl\":\"https:\\\/\\\/www.bertazzofood.com\\\/wp-content\\\/uploads\\\/2024\\\/06\\\/Graef-Contessa-8-1-2.jpg\",\"datePublished\":\"2022-06-16T07:20:07+00:00\",\"dateModified\":\"2024-06-23T20:44:01+00:00\",\"breadcrumb\":{\"@id\":\"https:\\\/\\\/www.bertazzofood.com\\\/fr\\\/prodotto\\\/machine-a-cafe-graef-contessa\\\/#breadcrumb\"},\"inLanguage\":\"fr-FR\",\"potentialAction\":[{\"@type\":\"ReadAction\",\"target\":[\"https:\\\/\\\/www.bertazzofood.com\\\/fr\\\/prodotto\\\/machine-a-cafe-graef-contessa\\\/\"]}]},{\"@type\":\"ImageObject\",\"inLanguage\":\"fr-FR\",\"@id\":\"https:\\\/\\\/www.bertazzofood.com\\\/fr\\\/prodotto\\\/machine-a-cafe-graef-contessa\\\/#primaryimage\",\"url\":\"https:\\\/\\\/www.bertazzofood.com\\\/wp-content\\\/uploads\\\/2024\\\/06\\\/Graef-Contessa-8-1-2.jpg\",\"contentUrl\":\"https:\\\/\\\/www.bertazzofood.com\\\/wp-content\\\/uploads\\\/2024\\\/06\\\/Graef-Contessa-8-1-2.jpg\",\"width\":800,\"height\":800},{\"@type\":\"BreadcrumbList\",\"@id\":\"https:\\\/\\\/www.bertazzofood.com\\\/fr\\\/prodotto\\\/machine-a-cafe-graef-contessa\\\/#breadcrumb\",\"itemListElement\":[{\"@type\":\"ListItem\",\"position\":1,\"name\":\"Home\",\"item\":\"https:\\\/\\\/www.bertazzofood.com\\\/fr\\\/homepage\\\/\"},{\"@type\":\"ListItem\",\"position\":2,\"name\":\"Produits\",\"item\":\"https:\\\/\\\/www.bertazzofood.com\\\/fr\\\/shop\\\/\"},{\"@type\":\"ListItem\",\"position\":3,\"name\":\"Machine \u00e0 caf\u00e9 Graef Contessa\"}]},{\"@type\":\"WebSite\",\"@id\":\"https:\\\/\\\/www.bertazzofood.com\\\/fr\\\/#website\",\"url\":\"https:\\\/\\\/www.bertazzofood.com\\\/fr\\\/\",\"name\":\"Bertazzo Food\",\"description\":\"Prodotti Alimentari Italiani Online e Macchine Da Caff\u00e8\",\"publisher\":{\"@id\":\"https:\\\/\\\/www.bertazzofood.com\\\/fr\\\/#organization\"},\"potentialAction\":[{\"@type\":\"SearchAction\",\"target\":{\"@type\":\"EntryPoint\",\"urlTemplate\":\"https:\\\/\\\/www.bertazzofood.com\\\/fr\\\/?s={search_term_string}\"},\"query-input\":{\"@type\":\"PropertyValueSpecification\",\"valueRequired\":true,\"valueName\":\"search_term_string\"}}],\"inLanguage\":\"fr-FR\"},{\"@type\":\"Organization\",\"@id\":\"https:\\\/\\\/www.bertazzofood.com\\\/fr\\\/#organization\",\"name\":\"Bertazzo Italian Quality Food S.a.s. di Bertazzo Fabio & C.\",\"alternateName\":\"Bertazzo Food\",\"url\":\"https:\\\/\\\/www.bertazzofood.com\\\/fr\\\/\",\"logo\":{\"@type\":\"ImageObject\",\"inLanguage\":\"fr-FR\",\"@id\":\"https:\\\/\\\/www.bertazzofood.com\\\/fr\\\/#\\\/schema\\\/logo\\\/image\\\/\",\"url\":\"https:\\\/\\\/www.bertazzofood.com\\\/wp-content\\\/uploads\\\/2024\\\/06\\\/logo-bertazzo.webp\",\"contentUrl\":\"https:\\\/\\\/www.bertazzofood.com\\\/wp-content\\\/uploads\\\/2024\\\/06\\\/logo-bertazzo.webp\",\"width\":410,\"height\":166,\"caption\":\"Bertazzo Italian Quality Food S.a.s. di Bertazzo Fabio & C.\"},\"image\":{\"@id\":\"https:\\\/\\\/www.bertazzofood.com\\\/fr\\\/#\\\/schema\\\/logo\\\/image\\\/\"},\"sameAs\":[\"https:\\\/\\\/www.facebook.com\\\/BertazzoItalianQualityFood\",\"https:\\\/\\\/www.instagram.com\\\/bertazzo_italian_quality_food\\\/\"]}]}<\/script>\n<!-- \/ Yoast SEO plugin. -->","yoast_head_json":{"title":"Machine \u00e0 caf\u00e9 Graef Contessa","robots":{"index":"index","follow":"follow","max-snippet":"max-snippet:-1","max-image-preview":"max-image-preview:large","max-video-preview":"max-video-preview:-1"},"canonical":"https:\/\/www.bertazzofood.com\/fr\/prodotto\/machine-a-cafe-graef-contessa\/","og_locale":"fr_FR","og_type":"article","og_title":"Machine \u00e0 caf\u00e9 Graef Contessa","og_description":"True coffee pleasure with the GRAEF Contessa espresso machine: a silent espresso pump, a powerful triple Thermoblock and numerous barista settings, meet polished stainless steel with elegant glass sides. Behind the elegant front in polished stainless steel and glass, the Contessa hides the technology for the best espresso. The interplay of heat, water and time [&hellip;]","og_url":"https:\/\/www.bertazzofood.com\/fr\/prodotto\/machine-a-cafe-graef-contessa\/","og_site_name":"Bertazzo Food","article_publisher":"https:\/\/www.facebook.com\/BertazzoItalianQualityFood","article_modified_time":"2024-06-23T20:44:01+00:00","og_image":[{"width":800,"height":800,"url":"https:\/\/www.bertazzofood.com\/wp-content\/uploads\/2024\/06\/Graef-Contessa-8-1-2.jpg","type":"image\/jpeg"}],"twitter_card":"summary_large_image","twitter_misc":{"Dur\u00e9e de lecture estim\u00e9e":"2 minutes"},"schema":{"@context":"https:\/\/schema.org","@graph":[{"@type":"WebPage","@id":"https:\/\/www.bertazzofood.com\/fr\/prodotto\/machine-a-cafe-graef-contessa\/","url":"https:\/\/www.bertazzofood.com\/fr\/prodotto\/machine-a-cafe-graef-contessa\/","name":"Machine \u00e0 caf\u00e9 Graef Contessa","isPartOf":{"@id":"https:\/\/www.bertazzofood.com\/fr\/#website"},"primaryImageOfPage":{"@id":"https:\/\/www.bertazzofood.com\/fr\/prodotto\/machine-a-cafe-graef-contessa\/#primaryimage"},"image":{"@id":"https:\/\/www.bertazzofood.com\/fr\/prodotto\/machine-a-cafe-graef-contessa\/#primaryimage"},"thumbnailUrl":"https:\/\/www.bertazzofood.com\/wp-content\/uploads\/2024\/06\/Graef-Contessa-8-1-2.jpg","datePublished":"2022-06-16T07:20:07+00:00","dateModified":"2024-06-23T20:44:01+00:00","breadcrumb":{"@id":"https:\/\/www.bertazzofood.com\/fr\/prodotto\/machine-a-cafe-graef-contessa\/#breadcrumb"},"inLanguage":"fr-FR","potentialAction":[{"@type":"ReadAction","target":["https:\/\/www.bertazzofood.com\/fr\/prodotto\/machine-a-cafe-graef-contessa\/"]}]},{"@type":"ImageObject","inLanguage":"fr-FR","@id":"https:\/\/www.bertazzofood.com\/fr\/prodotto\/machine-a-cafe-graef-contessa\/#primaryimage","url":"https:\/\/www.bertazzofood.com\/wp-content\/uploads\/2024\/06\/Graef-Contessa-8-1-2.jpg","contentUrl":"https:\/\/www.bertazzofood.com\/wp-content\/uploads\/2024\/06\/Graef-Contessa-8-1-2.jpg","width":800,"height":800},{"@type":"BreadcrumbList","@id":"https:\/\/www.bertazzofood.com\/fr\/prodotto\/machine-a-cafe-graef-contessa\/#breadcrumb","itemListElement":[{"@type":"ListItem","position":1,"name":"Home","item":"https:\/\/www.bertazzofood.com\/fr\/homepage\/"},{"@type":"ListItem","position":2,"name":"Produits","item":"https:\/\/www.bertazzofood.com\/fr\/shop\/"},{"@type":"ListItem","position":3,"name":"Machine \u00e0 caf\u00e9 Graef Contessa"}]},{"@type":"WebSite","@id":"https:\/\/www.bertazzofood.com\/fr\/#website","url":"https:\/\/www.bertazzofood.com\/fr\/","name":"Bertazzo Food","description":"Prodotti Alimentari Italiani Online e Macchine Da Caff\u00e8","publisher":{"@id":"https:\/\/www.bertazzofood.com\/fr\/#organization"},"potentialAction":[{"@type":"SearchAction","target":{"@type":"EntryPoint","urlTemplate":"https:\/\/www.bertazzofood.com\/fr\/?s={search_term_string}"},"query-input":{"@type":"PropertyValueSpecification","valueRequired":true,"valueName":"search_term_string"}}],"inLanguage":"fr-FR"},{"@type":"Organization","@id":"https:\/\/www.bertazzofood.com\/fr\/#organization","name":"Bertazzo Italian Quality Food S.a.s. di Bertazzo Fabio & C.","alternateName":"Bertazzo Food","url":"https:\/\/www.bertazzofood.com\/fr\/","logo":{"@type":"ImageObject","inLanguage":"fr-FR","@id":"https:\/\/www.bertazzofood.com\/fr\/#\/schema\/logo\/image\/","url":"https:\/\/www.bertazzofood.com\/wp-content\/uploads\/2024\/06\/logo-bertazzo.webp","contentUrl":"https:\/\/www.bertazzofood.com\/wp-content\/uploads\/2024\/06\/logo-bertazzo.webp","width":410,"height":166,"caption":"Bertazzo Italian Quality Food S.a.s. di Bertazzo Fabio & C."},"image":{"@id":"https:\/\/www.bertazzofood.com\/fr\/#\/schema\/logo\/image\/"},"sameAs":["https:\/\/www.facebook.com\/BertazzoItalianQualityFood","https:\/\/www.instagram.com\/bertazzo_italian_quality_food\/"]}]}},"_links":{"self":[{"href":"https:\/\/www.bertazzofood.com\/fr\/wp-json\/wp\/v2\/product\/13116","targetHints":{"allow":["GET"]}}],"collection":[{"href":"https:\/\/www.bertazzofood.com\/fr\/wp-json\/wp\/v2\/product"}],"about":[{"href":"https:\/\/www.bertazzofood.com\/fr\/wp-json\/wp\/v2\/types\/product"}],"replies":[{"embeddable":true,"href":"https:\/\/www.bertazzofood.com\/fr\/wp-json\/wp\/v2\/comments?post=13116"}],"version-history":[{"count":0,"href":"https:\/\/www.bertazzofood.com\/fr\/wp-json\/wp\/v2\/product\/13116\/revisions"}],"wp:featuredmedia":[{"embeddable":true,"href":"https:\/\/www.bertazzofood.com\/fr\/wp-json\/wp\/v2\/media\/7428"}],"wp:attachment":[{"href":"https:\/\/www.bertazzofood.com\/fr\/wp-json\/wp\/v2\/media?parent=13116"}],"wp:term":[{"taxonomy":"product_brand","embeddable":true,"href":"https:\/\/www.bertazzofood.com\/fr\/wp-json\/wp\/v2\/product_brand?post=13116"},{"taxonomy":"product_cat","embeddable":true,"href":"https:\/\/www.bertazzofood.com\/fr\/wp-json\/wp\/v2\/product_cat?post=13116"},{"taxonomy":"product_tag","embeddable":true,"href":"https:\/\/www.bertazzofood.com\/fr\/wp-json\/wp\/v2\/product_tag?post=13116"},{"taxonomy":"brands","embeddable":true,"href":"https:\/\/www.bertazzofood.com\/fr\/wp-json\/wp\/v2\/brands?post=13116"},{"taxonomy":"flag_home","embeddable":true,"href":"https:\/\/www.bertazzofood.com\/fr\/wp-json\/wp\/v2\/flag_home?post=13116"}],"curies":[{"name":"wp","href":"https:\/\/api.w.org\/{rel}","templated":true}]}}