{"id":13114,"date":"2022-06-15T14:32:20","date_gmt":"2022-06-15T12:32:20","guid":{"rendered":"https:\/\/thegarden.it\/staging8\/prodotto\/machine-a-cafe-graef-baronessa\/"},"modified":"2024-06-23T22:44:01","modified_gmt":"2024-06-23T20:44:01","slug":"machine-a-cafe-graef-baronessa","status":"publish","type":"product","link":"https:\/\/www.bertazzofood.com\/fr\/prodotto\/machine-a-cafe-graef-baronessa\/","title":{"rendered":"Machine \u00e0 caf\u00e9 Graef Baronessa"},"content":{"rendered":"<p>Avec la machine \u00e0 expresso Baronessa de <strong>GRAEF<\/strong>, votre cappuccino parfait sera servi plus rapidement. Ce mod\u00e8le peut pr\u00e9parer un expresso et de la mousse de lait en m\u00eame temps, sans longs temps de chauffage, gr\u00e2ce au syst\u00e8me \u00e0 double pompe avec deux circuits de chauffage s\u00e9par\u00e9s. Le manom\u00e8tre indique toujours la pression de brassage actuelle pendant la pr\u00e9paration. Pour garantir la perfection de l&#8217;expresso et de la cr\u00e8me, la \u00ab baronessa \u00bb utilise la technologie de pr\u00e9infusion : Lors de la pr\u00e9infusion, le caf\u00e9 moulu est humidifi\u00e9 dans le porte-filtre avant la v\u00e9ritable extraction.<\/p>\n<p>Le panneau de commande permet de r\u00e9gler aussi bien la temp\u00e9rature de l&#8217;eau (commande PID) pour la pr\u00e9paration de l&#8217;expresso que l&#8217;humidit\u00e9 de la vapeur. En outre, le volume de la tasse peut \u00eatre r\u00e9gl\u00e9 pour une ou deux tasses d&#8217;expresso.<\/p>\n<p>La \u00ab\u00a0baronessa\u00a0\u00bb dispose de 3 programmes de d\u00e9tartrage pour le percolateur et la buse \u00e0 vapeur ou \u00e0 eau chaude. Un rappel de d\u00e9tartrage programmable apr\u00e8s une consommation de 12, 25 ou 50 litres d&#8217;eau fait \u00e9galement partie des fonctions.<\/p>\n<p>Main features:<\/p>\n<p>\u2022 Double circuit thermobloc<\/p>\n<p>\u2022 Bo\u00eetier \u00e9l\u00e9gant en acier inoxydable\/aluminium robuste<\/p>\n<p>\u2022 Pompe \u00e0 expresso (max. 16 bars), pompe \u00e0 vapeur (max. 6 bars)<\/p>\n<p>\u2022 Boutons pour expresso simple et double et mode manuel<\/p>\n<p>\u2022 Pr\u00e9infusion et drainage Puck<\/p>\n<p>\u2022 Buse d&#8217;eau chaude 360\u00b0; buse \u00e0 vapeur s\u00e9par\u00e9e pour une mousse de lait parfaite<\/p>\n<p>\u2022 Temps de chauffage tr\u00e8s court : seulement 2 minutes environ<\/p>\n<p>\u2022 Support de tasses au chauffage passif<\/p>\n<p>\u2022 R\u00e9servoir d&#8217;eau amovible de 3 litre + programme de d\u00e9tartrage pratique<\/p>\n<p>\u2022 Porte-filtre en acier inoxydable avec 2 sorties et un diam\u00e8tre de profil de 58 mm &#8211; pour la plus grande surface possible afin de lib\u00e9rer tous les ar\u00f4mes<\/p>\n<p>\u2022 Filter diameter 58mm<\/p>\n<p>\u2022 Dimension 33.5 mm x 32.0 mm x 37.5\u00a0 cm (h)<\/p>\n<p>\u2022 Net Weight 10,9 kg<\/p>\n<p><strong>EQUIPEMENT:<\/strong><\/p>\n<p>A. 1 Filtre simple + 1 Filtre double<br \/>\nB. 1 Presse caf\u00e9 en plastique<br \/>\nC. 1 Porte-filtre avec 2 becs<br \/>\nD. 1 d\u00e9tartrant<\/p>\n<p><span class=\"Y2IQFc\" lang=\"fr\">E. kit de nettoyage<\/span><\/p>\n<p><span class=\"Y2IQFc\" lang=\"fr\">F. R\u00e9cipient \u00e0 lait en acier inoxydable de 600 ml<\/span><\/p>\n<p>&nbsp;<\/p>\n<p><strong>24 mois de garantie.<\/strong><\/p>\n<p><strong>Livraison gratuite.\u00a0<\/strong><\/p>\n","protected":false},"excerpt":{"rendered":"<p>Avec la machine \u00e0 expresso Baronessa de GRAEF, votre cappuccino parfait sera servi plus rapidement. Ce mod\u00e8le peut pr\u00e9parer un expresso et de la mousse de lait en m\u00eame temps, sans longs temps de chauffage, gr\u00e2ce au syst\u00e8me \u00e0 double pompe avec deux circuits de chauffage s\u00e9par\u00e9s. Le manom\u00e8tre indique toujours la pression de brassage [&hellip;]<\/p>\n","protected":false},"featured_media":7411,"comment_status":"open","ping_status":"closed","template":"","meta":{"_acf_changed":false,"iawp_total_views":34},"product_brand":[],"product_cat":[1219,1233],"product_tag":[],"brands":[1823],"flag_home":[],"class_list":{"0":"post-13114","1":"product","2":"type-product","3":"status-publish","4":"has-post-thumbnail","6":"product_cat-equipements-cafe","7":"product_cat-machines-a-cafe-espresso","8":"pa_garanzia-24-mois","9":"pa_tipo-di-alimentazione-acqua-reservoir-deau","10":"pa_tipo-di-caldaia-une-chaudiere","11":"pa_tipo-di-pompa-a-vibration","12":"brands-graef","14":"first","15":"outofstock","16":"taxable","17":"shipping-taxable","18":"purchasable","19":"product-type-simple"},"acf":[],"yoast_head":"<!-- This site is optimized with the Yoast SEO plugin v27.5 - https:\/\/yoast.com\/product\/yoast-seo-wordpress\/ -->\n<title>Machine \u00e0 caf\u00e9 Graef Baronessa<\/title>\n<meta name=\"robots\" content=\"index, follow, max-snippet:-1, max-image-preview:large, max-video-preview:-1\" \/>\n<link rel=\"canonical\" href=\"https:\/\/www.bertazzofood.com\/fr\/prodotto\/machine-a-cafe-graef-baronessa\/\" \/>\n<meta property=\"og:locale\" content=\"fr_FR\" \/>\n<meta property=\"og:type\" content=\"article\" \/>\n<meta property=\"og:title\" content=\"Machine \u00e0 caf\u00e9 Graef Baronessa\" \/>\n<meta property=\"og:description\" content=\"Avec la machine \u00e0 expresso Baronessa de GRAEF, votre cappuccino parfait sera servi plus rapidement. Ce mod\u00e8le peut pr\u00e9parer un expresso et de la mousse de lait en m\u00eame temps, sans longs temps de chauffage, gr\u00e2ce au syst\u00e8me \u00e0 double pompe avec deux circuits de chauffage s\u00e9par\u00e9s. Le manom\u00e8tre indique toujours la pression de brassage [&hellip;]\" \/>\n<meta property=\"og:url\" content=\"https:\/\/www.bertazzofood.com\/fr\/prodotto\/machine-a-cafe-graef-baronessa\/\" \/>\n<meta property=\"og:site_name\" content=\"Bertazzo Food\" \/>\n<meta property=\"article:publisher\" content=\"https:\/\/www.facebook.com\/BertazzoItalianQualityFood\" \/>\n<meta property=\"article:modified_time\" content=\"2024-06-23T20:44:01+00:00\" \/>\n<meta property=\"og:image\" content=\"https:\/\/www.bertazzofood.com\/wp-content\/uploads\/2024\/06\/Graef-Baronessa-4-2.jpg\" \/>\n\t<meta property=\"og:image:width\" content=\"800\" \/>\n\t<meta property=\"og:image:height\" content=\"812\" \/>\n\t<meta property=\"og:image:type\" content=\"image\/jpeg\" \/>\n<meta name=\"twitter:card\" content=\"summary_large_image\" \/>\n<meta name=\"twitter:label1\" content=\"Dur\u00e9e de lecture estim\u00e9e\" \/>\n\t<meta name=\"twitter:data1\" content=\"2 minutes\" \/>\n<script type=\"application\/ld+json\" class=\"yoast-schema-graph\">{\"@context\":\"https:\\\/\\\/schema.org\",\"@graph\":[{\"@type\":\"WebPage\",\"@id\":\"https:\\\/\\\/www.bertazzofood.com\\\/fr\\\/prodotto\\\/machine-a-cafe-graef-baronessa\\\/\",\"url\":\"https:\\\/\\\/www.bertazzofood.com\\\/fr\\\/prodotto\\\/machine-a-cafe-graef-baronessa\\\/\",\"name\":\"Machine \u00e0 caf\u00e9 Graef Baronessa\",\"isPartOf\":{\"@id\":\"https:\\\/\\\/www.bertazzofood.com\\\/fr\\\/#website\"},\"primaryImageOfPage\":{\"@id\":\"https:\\\/\\\/www.bertazzofood.com\\\/fr\\\/prodotto\\\/machine-a-cafe-graef-baronessa\\\/#primaryimage\"},\"image\":{\"@id\":\"https:\\\/\\\/www.bertazzofood.com\\\/fr\\\/prodotto\\\/machine-a-cafe-graef-baronessa\\\/#primaryimage\"},\"thumbnailUrl\":\"https:\\\/\\\/www.bertazzofood.com\\\/wp-content\\\/uploads\\\/2024\\\/06\\\/Graef-Baronessa-4-2.jpg\",\"datePublished\":\"2022-06-15T12:32:20+00:00\",\"dateModified\":\"2024-06-23T20:44:01+00:00\",\"breadcrumb\":{\"@id\":\"https:\\\/\\\/www.bertazzofood.com\\\/fr\\\/prodotto\\\/machine-a-cafe-graef-baronessa\\\/#breadcrumb\"},\"inLanguage\":\"fr-FR\",\"potentialAction\":[{\"@type\":\"ReadAction\",\"target\":[\"https:\\\/\\\/www.bertazzofood.com\\\/fr\\\/prodotto\\\/machine-a-cafe-graef-baronessa\\\/\"]}]},{\"@type\":\"ImageObject\",\"inLanguage\":\"fr-FR\",\"@id\":\"https:\\\/\\\/www.bertazzofood.com\\\/fr\\\/prodotto\\\/machine-a-cafe-graef-baronessa\\\/#primaryimage\",\"url\":\"https:\\\/\\\/www.bertazzofood.com\\\/wp-content\\\/uploads\\\/2024\\\/06\\\/Graef-Baronessa-4-2.jpg\",\"contentUrl\":\"https:\\\/\\\/www.bertazzofood.com\\\/wp-content\\\/uploads\\\/2024\\\/06\\\/Graef-Baronessa-4-2.jpg\",\"width\":800,\"height\":812},{\"@type\":\"BreadcrumbList\",\"@id\":\"https:\\\/\\\/www.bertazzofood.com\\\/fr\\\/prodotto\\\/machine-a-cafe-graef-baronessa\\\/#breadcrumb\",\"itemListElement\":[{\"@type\":\"ListItem\",\"position\":1,\"name\":\"Home\",\"item\":\"https:\\\/\\\/www.bertazzofood.com\\\/fr\\\/homepage\\\/\"},{\"@type\":\"ListItem\",\"position\":2,\"name\":\"Produits\",\"item\":\"https:\\\/\\\/www.bertazzofood.com\\\/fr\\\/shop\\\/\"},{\"@type\":\"ListItem\",\"position\":3,\"name\":\"Machine \u00e0 caf\u00e9 Graef Baronessa\"}]},{\"@type\":\"WebSite\",\"@id\":\"https:\\\/\\\/www.bertazzofood.com\\\/fr\\\/#website\",\"url\":\"https:\\\/\\\/www.bertazzofood.com\\\/fr\\\/\",\"name\":\"Bertazzo Food\",\"description\":\"Prodotti Alimentari Italiani Online e Macchine Da Caff\u00e8\",\"publisher\":{\"@id\":\"https:\\\/\\\/www.bertazzofood.com\\\/fr\\\/#organization\"},\"potentialAction\":[{\"@type\":\"SearchAction\",\"target\":{\"@type\":\"EntryPoint\",\"urlTemplate\":\"https:\\\/\\\/www.bertazzofood.com\\\/fr\\\/?s={search_term_string}\"},\"query-input\":{\"@type\":\"PropertyValueSpecification\",\"valueRequired\":true,\"valueName\":\"search_term_string\"}}],\"inLanguage\":\"fr-FR\"},{\"@type\":\"Organization\",\"@id\":\"https:\\\/\\\/www.bertazzofood.com\\\/fr\\\/#organization\",\"name\":\"Bertazzo Italian Quality Food S.a.s. di Bertazzo Fabio & C.\",\"alternateName\":\"Bertazzo Food\",\"url\":\"https:\\\/\\\/www.bertazzofood.com\\\/fr\\\/\",\"logo\":{\"@type\":\"ImageObject\",\"inLanguage\":\"fr-FR\",\"@id\":\"https:\\\/\\\/www.bertazzofood.com\\\/fr\\\/#\\\/schema\\\/logo\\\/image\\\/\",\"url\":\"https:\\\/\\\/www.bertazzofood.com\\\/wp-content\\\/uploads\\\/2024\\\/06\\\/logo-bertazzo.webp\",\"contentUrl\":\"https:\\\/\\\/www.bertazzofood.com\\\/wp-content\\\/uploads\\\/2024\\\/06\\\/logo-bertazzo.webp\",\"width\":410,\"height\":166,\"caption\":\"Bertazzo Italian Quality Food S.a.s. di Bertazzo Fabio & C.\"},\"image\":{\"@id\":\"https:\\\/\\\/www.bertazzofood.com\\\/fr\\\/#\\\/schema\\\/logo\\\/image\\\/\"},\"sameAs\":[\"https:\\\/\\\/www.facebook.com\\\/BertazzoItalianQualityFood\",\"https:\\\/\\\/www.instagram.com\\\/bertazzo_italian_quality_food\\\/\"]}]}<\/script>\n<!-- \/ Yoast SEO plugin. -->","yoast_head_json":{"title":"Machine \u00e0 caf\u00e9 Graef Baronessa","robots":{"index":"index","follow":"follow","max-snippet":"max-snippet:-1","max-image-preview":"max-image-preview:large","max-video-preview":"max-video-preview:-1"},"canonical":"https:\/\/www.bertazzofood.com\/fr\/prodotto\/machine-a-cafe-graef-baronessa\/","og_locale":"fr_FR","og_type":"article","og_title":"Machine \u00e0 caf\u00e9 Graef Baronessa","og_description":"Avec la machine \u00e0 expresso Baronessa de GRAEF, votre cappuccino parfait sera servi plus rapidement. Ce mod\u00e8le peut pr\u00e9parer un expresso et de la mousse de lait en m\u00eame temps, sans longs temps de chauffage, gr\u00e2ce au syst\u00e8me \u00e0 double pompe avec deux circuits de chauffage s\u00e9par\u00e9s. Le manom\u00e8tre indique toujours la pression de brassage [&hellip;]","og_url":"https:\/\/www.bertazzofood.com\/fr\/prodotto\/machine-a-cafe-graef-baronessa\/","og_site_name":"Bertazzo Food","article_publisher":"https:\/\/www.facebook.com\/BertazzoItalianQualityFood","article_modified_time":"2024-06-23T20:44:01+00:00","og_image":[{"width":800,"height":812,"url":"https:\/\/www.bertazzofood.com\/wp-content\/uploads\/2024\/06\/Graef-Baronessa-4-2.jpg","type":"image\/jpeg"}],"twitter_card":"summary_large_image","twitter_misc":{"Dur\u00e9e de lecture estim\u00e9e":"2 minutes"},"schema":{"@context":"https:\/\/schema.org","@graph":[{"@type":"WebPage","@id":"https:\/\/www.bertazzofood.com\/fr\/prodotto\/machine-a-cafe-graef-baronessa\/","url":"https:\/\/www.bertazzofood.com\/fr\/prodotto\/machine-a-cafe-graef-baronessa\/","name":"Machine \u00e0 caf\u00e9 Graef Baronessa","isPartOf":{"@id":"https:\/\/www.bertazzofood.com\/fr\/#website"},"primaryImageOfPage":{"@id":"https:\/\/www.bertazzofood.com\/fr\/prodotto\/machine-a-cafe-graef-baronessa\/#primaryimage"},"image":{"@id":"https:\/\/www.bertazzofood.com\/fr\/prodotto\/machine-a-cafe-graef-baronessa\/#primaryimage"},"thumbnailUrl":"https:\/\/www.bertazzofood.com\/wp-content\/uploads\/2024\/06\/Graef-Baronessa-4-2.jpg","datePublished":"2022-06-15T12:32:20+00:00","dateModified":"2024-06-23T20:44:01+00:00","breadcrumb":{"@id":"https:\/\/www.bertazzofood.com\/fr\/prodotto\/machine-a-cafe-graef-baronessa\/#breadcrumb"},"inLanguage":"fr-FR","potentialAction":[{"@type":"ReadAction","target":["https:\/\/www.bertazzofood.com\/fr\/prodotto\/machine-a-cafe-graef-baronessa\/"]}]},{"@type":"ImageObject","inLanguage":"fr-FR","@id":"https:\/\/www.bertazzofood.com\/fr\/prodotto\/machine-a-cafe-graef-baronessa\/#primaryimage","url":"https:\/\/www.bertazzofood.com\/wp-content\/uploads\/2024\/06\/Graef-Baronessa-4-2.jpg","contentUrl":"https:\/\/www.bertazzofood.com\/wp-content\/uploads\/2024\/06\/Graef-Baronessa-4-2.jpg","width":800,"height":812},{"@type":"BreadcrumbList","@id":"https:\/\/www.bertazzofood.com\/fr\/prodotto\/machine-a-cafe-graef-baronessa\/#breadcrumb","itemListElement":[{"@type":"ListItem","position":1,"name":"Home","item":"https:\/\/www.bertazzofood.com\/fr\/homepage\/"},{"@type":"ListItem","position":2,"name":"Produits","item":"https:\/\/www.bertazzofood.com\/fr\/shop\/"},{"@type":"ListItem","position":3,"name":"Machine \u00e0 caf\u00e9 Graef Baronessa"}]},{"@type":"WebSite","@id":"https:\/\/www.bertazzofood.com\/fr\/#website","url":"https:\/\/www.bertazzofood.com\/fr\/","name":"Bertazzo Food","description":"Prodotti Alimentari Italiani Online e Macchine Da Caff\u00e8","publisher":{"@id":"https:\/\/www.bertazzofood.com\/fr\/#organization"},"potentialAction":[{"@type":"SearchAction","target":{"@type":"EntryPoint","urlTemplate":"https:\/\/www.bertazzofood.com\/fr\/?s={search_term_string}"},"query-input":{"@type":"PropertyValueSpecification","valueRequired":true,"valueName":"search_term_string"}}],"inLanguage":"fr-FR"},{"@type":"Organization","@id":"https:\/\/www.bertazzofood.com\/fr\/#organization","name":"Bertazzo Italian Quality Food S.a.s. di Bertazzo Fabio & C.","alternateName":"Bertazzo Food","url":"https:\/\/www.bertazzofood.com\/fr\/","logo":{"@type":"ImageObject","inLanguage":"fr-FR","@id":"https:\/\/www.bertazzofood.com\/fr\/#\/schema\/logo\/image\/","url":"https:\/\/www.bertazzofood.com\/wp-content\/uploads\/2024\/06\/logo-bertazzo.webp","contentUrl":"https:\/\/www.bertazzofood.com\/wp-content\/uploads\/2024\/06\/logo-bertazzo.webp","width":410,"height":166,"caption":"Bertazzo Italian Quality Food S.a.s. di Bertazzo Fabio & C."},"image":{"@id":"https:\/\/www.bertazzofood.com\/fr\/#\/schema\/logo\/image\/"},"sameAs":["https:\/\/www.facebook.com\/BertazzoItalianQualityFood","https:\/\/www.instagram.com\/bertazzo_italian_quality_food\/"]}]}},"_links":{"self":[{"href":"https:\/\/www.bertazzofood.com\/fr\/wp-json\/wp\/v2\/product\/13114","targetHints":{"allow":["GET"]}}],"collection":[{"href":"https:\/\/www.bertazzofood.com\/fr\/wp-json\/wp\/v2\/product"}],"about":[{"href":"https:\/\/www.bertazzofood.com\/fr\/wp-json\/wp\/v2\/types\/product"}],"replies":[{"embeddable":true,"href":"https:\/\/www.bertazzofood.com\/fr\/wp-json\/wp\/v2\/comments?post=13114"}],"version-history":[{"count":0,"href":"https:\/\/www.bertazzofood.com\/fr\/wp-json\/wp\/v2\/product\/13114\/revisions"}],"wp:featuredmedia":[{"embeddable":true,"href":"https:\/\/www.bertazzofood.com\/fr\/wp-json\/wp\/v2\/media\/7411"}],"wp:attachment":[{"href":"https:\/\/www.bertazzofood.com\/fr\/wp-json\/wp\/v2\/media?parent=13114"}],"wp:term":[{"taxonomy":"product_brand","embeddable":true,"href":"https:\/\/www.bertazzofood.com\/fr\/wp-json\/wp\/v2\/product_brand?post=13114"},{"taxonomy":"product_cat","embeddable":true,"href":"https:\/\/www.bertazzofood.com\/fr\/wp-json\/wp\/v2\/product_cat?post=13114"},{"taxonomy":"product_tag","embeddable":true,"href":"https:\/\/www.bertazzofood.com\/fr\/wp-json\/wp\/v2\/product_tag?post=13114"},{"taxonomy":"brands","embeddable":true,"href":"https:\/\/www.bertazzofood.com\/fr\/wp-json\/wp\/v2\/brands?post=13114"},{"taxonomy":"flag_home","embeddable":true,"href":"https:\/\/www.bertazzofood.com\/fr\/wp-json\/wp\/v2\/flag_home?post=13114"}],"curies":[{"name":"wp","href":"https:\/\/api.w.org\/{rel}","templated":true}]}}