{"id":12962,"date":"2022-01-28T14:07:09","date_gmt":"2022-01-28T13:07:09","guid":{"rendered":"https:\/\/thegarden.it\/staging8\/prodotto\/moulin-a-cafe-nuova-simonelli-mdh-noir\/"},"modified":"2024-06-23T22:42:24","modified_gmt":"2024-06-23T20:42:24","slug":"moulin-a-cafe-nuova-simonelli-mdh-noir","status":"publish","type":"product","link":"https:\/\/www.bertazzofood.com\/fr\/prodotto\/moulin-a-cafe-nuova-simonelli-mdh-noir\/","title":{"rendered":"Moulin \u00e0 caf\u00e9 Nuova Simonelli MDH noir"},"content":{"rendered":"<p class=\"product-description\"><strong>Nuova Simonelli MDH<\/strong> est un moulin destin\u00e9 \u00e0 \u00eatre le compagnon irrempla\u00e7able de la machine \u00e0 caf\u00e9 dans le coin bar pour ceux qui aiment d\u00e9guster un espresso de haute qualit\u00e9 comme au bar \u00e0 la maison, au bureau, dans un petit h\u00f4tel ou dans une chambre d\u2019h\u00f4tes.<\/p>\n<div class=\"paragraph\">\n<div class=\"title-paragraph\">\n<div class=\"flex_column av_one_full flex_column_div av-zero-column-padding first avia-builder-el-15 el_after_av_one_full el_before_av_one_full column-top-margin\">\n<div class=\"av-special-heading av-special-heading-h3 blockquote modern-quote avia-builder-el-16 el_before_av_textblock avia-builder-el-first \">\n<h3 class=\"av-special-heading-tag \">SOLIDE ET FIABLE<\/h3>\n<\/div>\n<section class=\"av_textblock_section \">\n<div class=\"avia_textblock \">\n<div class=\"content-paragraph\">Les recherches men\u00e9es par Nuova Simonelli ont permis de d\u00e9velopper un syst\u00e8me \u00ab Silent-block \u00bb sur le corps du moulin capable de r\u00e9duire le bruit. Gr\u00e2ce \u00e0 la technologie \u00ab\u00a0Silent-block\u00a0\u00bb qui \u00e9limine les vibrations, il allie ainsi le plaisir d\u2019un bon espresso au bien-\u00eatre d\u2019un environnement calme.<\/div>\n<\/div>\n<\/section>\n<\/div>\n<div class=\"flex_column av_one_full flex_column_div av-zero-column-padding first avia-builder-el-18 el_after_av_one_full el_before_av_one_full column-top-margin\">\n<div class=\"av-special-heading av-special-heading-h3 blockquote modern-quote avia-builder-el-19 el_before_av_textblock avia-builder-el-first \">\n<h3 class=\"av-special-heading-tag \">PUISSANCE ET PERFORMANCES<\/h3>\n<\/div>\n<section class=\"av_textblock_section \">\n<div class=\"avia_textblock \">\n<div class=\"content-paragraph\">MDH est extr\u00eamement pr\u00e9cis. Le syst\u00e8me de r\u00e9glage microm\u00e9trique de la mouture assure une flexibilit\u00e9 maximale et une plus grande pr\u00e9cision finale.<\/div>\n<\/div>\n<\/section>\n<\/div>\n<div class=\"flex_column av_one_full flex_column_div av-zero-column-padding first avia-builder-el-21 el_after_av_one_full el_before_av_one_full column-top-margin\">\n<div class=\"av-special-heading av-special-heading-h3 blockquote modern-quote avia-builder-el-22 el_before_av_textblock avia-builder-el-first \">\n<h3 class=\"av-special-heading-tag \">PR\u00c9CISION MAXIMALE<\/h3>\n<\/div>\n<section class=\"av_textblock_section \">\n<div class=\"avia_textblock \">\n<p>Le moteur de 900 watts garantit une mouture constante sans surchauffer le caf\u00e9 gr\u00e2ce \u00e0 l\u2019utilisation de broyeurs plats en alliage d\u2019acier de 50 mm.<\/p>\n<\/div>\n<\/section>\n<\/div>\n<div class=\"flex_column av_one_full flex_column_div av-zero-column-padding first avia-builder-el-24 el_after_av_one_full el_before_av_one_full column-top-margin\">\n<div class=\"av-special-heading av-special-heading-h3 blockquote modern-quote avia-builder-el-25 el_before_av_textblock avia-builder-el-first \">\n<h3 class=\"av-special-heading-tag \">SILENCIEUX<\/h3>\n<\/div>\n<section class=\"av_textblock_section \">\n<div class=\"avia_textblock \">\n<p>Le corps de ce moulin \u00e0 caf\u00e9, enti\u00e8rement en aluminium, fait du MDH un moulin robuste et fiable dans le temps avec un style en ligne avec les autres mod\u00e8les Nuova Simonelli.<\/p>\n<\/div>\n<\/section>\n<\/div>\n<\/div>\n<\/div>\n<p>Donn\u00e9es techniques:<\/p>\n<div class=\"col\">\n<ul>\n<li>\n<div class=\"detail-name\">Diam\u00e8tre des broyeurs:\u00a050 mm<\/div>\n<\/li>\n<li>\n<div class=\"detail-name\">Cloche 0.5 kg<\/div>\n<\/li>\n<li>\n<div class=\"detail-name\">Voltage 220 V<\/div>\n<\/li>\n<li>\n<div class=\"detail-name\">Puissance 300 W<\/div>\n<\/li>\n<li>\n<div class=\"detail-name\">Mat\u00e9riau: Aluminium<\/div>\n<\/li>\n<li>\n<div class=\"detail-name\"><span class=\"Y2IQFc\" lang=\"fr\"><span class=\"Y2IQFc\" lang=\"fr\">Production quotidienne sugg\u00e9r\u00e9e: 0,5 Kg<\/span><\/span><\/div>\n<\/li>\n<li>\n<div class=\"detail-name\">Dimensions (WxHxD): 15.6 x 21.3 x 38.3 cm<\/div>\n<\/li>\n<li>\n<div class=\"detail-name\">Poids net: 5 kg<\/div>\n<\/li>\n<\/ul>\n<\/div>\n<div class=\"col\">\n<p><strong>24 mois de garantie<\/strong>.<\/p>\n<p><strong>Livraison gratuite<\/strong>.<\/p>\n<\/div>\n","protected":false},"excerpt":{"rendered":"<p>Nuova Simonelli MDH est un moulin destin\u00e9 \u00e0 \u00eatre le compagnon irrempla\u00e7able de la machine \u00e0 caf\u00e9 dans le coin bar pour ceux qui aiment d\u00e9guster un espresso de haute qualit\u00e9 comme au bar \u00e0 la maison, au bureau, dans un petit h\u00f4tel ou dans une chambre d\u2019h\u00f4tes. SOLIDE ET FIABLE Les recherches men\u00e9es par [&hellip;]<\/p>\n","protected":false},"featured_media":7018,"comment_status":"open","ping_status":"closed","template":"","meta":{"_acf_changed":false,"iawp_total_views":24},"product_brand":[],"product_cat":[1219,1235],"product_tag":[],"brands":[1694],"flag_home":[],"class_list":{"0":"post-12962","1":"product","2":"type-product","3":"status-publish","4":"has-post-thumbnail","6":"product_cat-equipements-cafe","7":"product_cat-moulin-a-cafe","8":"pa_diametro-macine-65-mm","9":"pa_garanzia-24-mois","10":"pa_tipo-macinacaffe-a-la-demande","11":"brands-nuova-simonelli","13":"first","14":"outofstock","15":"taxable","16":"shipping-taxable","17":"purchasable","18":"product-type-simple"},"acf":[],"yoast_head":"<!-- This site is optimized with the Yoast SEO plugin v27.5 - https:\/\/yoast.com\/product\/yoast-seo-wordpress\/ -->\n<title>Moulin \u00e0 caf\u00e9 Nuova Simonelli MDH noir<\/title>\n<meta name=\"robots\" content=\"index, follow, max-snippet:-1, max-image-preview:large, max-video-preview:-1\" \/>\n<link rel=\"canonical\" href=\"https:\/\/www.bertazzofood.com\/fr\/prodotto\/moulin-a-cafe-nuova-simonelli-mdh-noir\/\" \/>\n<meta property=\"og:locale\" content=\"fr_FR\" \/>\n<meta property=\"og:type\" content=\"article\" \/>\n<meta property=\"og:title\" content=\"Moulin \u00e0 caf\u00e9 Nuova Simonelli MDH noir\" \/>\n<meta property=\"og:description\" content=\"Nuova Simonelli MDH est un moulin destin\u00e9 \u00e0 \u00eatre le compagnon irrempla\u00e7able de la machine \u00e0 caf\u00e9 dans le coin bar pour ceux qui aiment d\u00e9guster un espresso de haute qualit\u00e9 comme au bar \u00e0 la maison, au bureau, dans un petit h\u00f4tel ou dans une chambre d\u2019h\u00f4tes. SOLIDE ET FIABLE Les recherches men\u00e9es par [&hellip;]\" \/>\n<meta property=\"og:url\" content=\"https:\/\/www.bertazzofood.com\/fr\/prodotto\/moulin-a-cafe-nuova-simonelli-mdh-noir\/\" \/>\n<meta property=\"og:site_name\" content=\"Bertazzo Food\" \/>\n<meta property=\"article:publisher\" content=\"https:\/\/www.facebook.com\/BertazzoItalianQualityFood\" \/>\n<meta property=\"article:modified_time\" content=\"2024-06-23T20:42:24+00:00\" \/>\n<meta property=\"og:image\" content=\"https:\/\/www.bertazzofood.com\/wp-content\/uploads\/2024\/06\/Nuova-Simonelli-MDH-nero-7-2.jpg\" \/>\n\t<meta property=\"og:image:width\" content=\"800\" \/>\n\t<meta property=\"og:image:height\" content=\"800\" \/>\n\t<meta property=\"og:image:type\" content=\"image\/jpeg\" \/>\n<meta name=\"twitter:card\" content=\"summary_large_image\" \/>\n<meta name=\"twitter:label1\" content=\"Dur\u00e9e de lecture estim\u00e9e\" \/>\n\t<meta name=\"twitter:data1\" content=\"1 minute\" \/>\n<script type=\"application\/ld+json\" class=\"yoast-schema-graph\">{\"@context\":\"https:\\\/\\\/schema.org\",\"@graph\":[{\"@type\":\"WebPage\",\"@id\":\"https:\\\/\\\/www.bertazzofood.com\\\/fr\\\/prodotto\\\/moulin-a-cafe-nuova-simonelli-mdh-noir\\\/\",\"url\":\"https:\\\/\\\/www.bertazzofood.com\\\/fr\\\/prodotto\\\/moulin-a-cafe-nuova-simonelli-mdh-noir\\\/\",\"name\":\"Moulin \u00e0 caf\u00e9 Nuova Simonelli MDH noir\",\"isPartOf\":{\"@id\":\"https:\\\/\\\/www.bertazzofood.com\\\/fr\\\/#website\"},\"primaryImageOfPage\":{\"@id\":\"https:\\\/\\\/www.bertazzofood.com\\\/fr\\\/prodotto\\\/moulin-a-cafe-nuova-simonelli-mdh-noir\\\/#primaryimage\"},\"image\":{\"@id\":\"https:\\\/\\\/www.bertazzofood.com\\\/fr\\\/prodotto\\\/moulin-a-cafe-nuova-simonelli-mdh-noir\\\/#primaryimage\"},\"thumbnailUrl\":\"https:\\\/\\\/www.bertazzofood.com\\\/wp-content\\\/uploads\\\/2024\\\/06\\\/Nuova-Simonelli-MDH-nero-7-2.jpg\",\"datePublished\":\"2022-01-28T13:07:09+00:00\",\"dateModified\":\"2024-06-23T20:42:24+00:00\",\"breadcrumb\":{\"@id\":\"https:\\\/\\\/www.bertazzofood.com\\\/fr\\\/prodotto\\\/moulin-a-cafe-nuova-simonelli-mdh-noir\\\/#breadcrumb\"},\"inLanguage\":\"fr-FR\",\"potentialAction\":[{\"@type\":\"ReadAction\",\"target\":[\"https:\\\/\\\/www.bertazzofood.com\\\/fr\\\/prodotto\\\/moulin-a-cafe-nuova-simonelli-mdh-noir\\\/\"]}]},{\"@type\":\"ImageObject\",\"inLanguage\":\"fr-FR\",\"@id\":\"https:\\\/\\\/www.bertazzofood.com\\\/fr\\\/prodotto\\\/moulin-a-cafe-nuova-simonelli-mdh-noir\\\/#primaryimage\",\"url\":\"https:\\\/\\\/www.bertazzofood.com\\\/wp-content\\\/uploads\\\/2024\\\/06\\\/Nuova-Simonelli-MDH-nero-7-2.jpg\",\"contentUrl\":\"https:\\\/\\\/www.bertazzofood.com\\\/wp-content\\\/uploads\\\/2024\\\/06\\\/Nuova-Simonelli-MDH-nero-7-2.jpg\",\"width\":800,\"height\":800},{\"@type\":\"BreadcrumbList\",\"@id\":\"https:\\\/\\\/www.bertazzofood.com\\\/fr\\\/prodotto\\\/moulin-a-cafe-nuova-simonelli-mdh-noir\\\/#breadcrumb\",\"itemListElement\":[{\"@type\":\"ListItem\",\"position\":1,\"name\":\"Home\",\"item\":\"https:\\\/\\\/www.bertazzofood.com\\\/fr\\\/homepage\\\/\"},{\"@type\":\"ListItem\",\"position\":2,\"name\":\"Produits\",\"item\":\"https:\\\/\\\/www.bertazzofood.com\\\/fr\\\/shop\\\/\"},{\"@type\":\"ListItem\",\"position\":3,\"name\":\"Moulin \u00e0 caf\u00e9 Nuova Simonelli MDH noir\"}]},{\"@type\":\"WebSite\",\"@id\":\"https:\\\/\\\/www.bertazzofood.com\\\/fr\\\/#website\",\"url\":\"https:\\\/\\\/www.bertazzofood.com\\\/fr\\\/\",\"name\":\"Bertazzo Food\",\"description\":\"Prodotti Alimentari Italiani Online e Macchine Da Caff\u00e8\",\"publisher\":{\"@id\":\"https:\\\/\\\/www.bertazzofood.com\\\/fr\\\/#organization\"},\"potentialAction\":[{\"@type\":\"SearchAction\",\"target\":{\"@type\":\"EntryPoint\",\"urlTemplate\":\"https:\\\/\\\/www.bertazzofood.com\\\/fr\\\/?s={search_term_string}\"},\"query-input\":{\"@type\":\"PropertyValueSpecification\",\"valueRequired\":true,\"valueName\":\"search_term_string\"}}],\"inLanguage\":\"fr-FR\"},{\"@type\":\"Organization\",\"@id\":\"https:\\\/\\\/www.bertazzofood.com\\\/fr\\\/#organization\",\"name\":\"Bertazzo Italian Quality Food S.a.s. di Bertazzo Fabio & C.\",\"alternateName\":\"Bertazzo Food\",\"url\":\"https:\\\/\\\/www.bertazzofood.com\\\/fr\\\/\",\"logo\":{\"@type\":\"ImageObject\",\"inLanguage\":\"fr-FR\",\"@id\":\"https:\\\/\\\/www.bertazzofood.com\\\/fr\\\/#\\\/schema\\\/logo\\\/image\\\/\",\"url\":\"https:\\\/\\\/www.bertazzofood.com\\\/wp-content\\\/uploads\\\/2024\\\/06\\\/logo-bertazzo.webp\",\"contentUrl\":\"https:\\\/\\\/www.bertazzofood.com\\\/wp-content\\\/uploads\\\/2024\\\/06\\\/logo-bertazzo.webp\",\"width\":410,\"height\":166,\"caption\":\"Bertazzo Italian Quality Food S.a.s. di Bertazzo Fabio & C.\"},\"image\":{\"@id\":\"https:\\\/\\\/www.bertazzofood.com\\\/fr\\\/#\\\/schema\\\/logo\\\/image\\\/\"},\"sameAs\":[\"https:\\\/\\\/www.facebook.com\\\/BertazzoItalianQualityFood\",\"https:\\\/\\\/www.instagram.com\\\/bertazzo_italian_quality_food\\\/\"]}]}<\/script>\n<!-- \/ Yoast SEO plugin. -->","yoast_head_json":{"title":"Moulin \u00e0 caf\u00e9 Nuova Simonelli MDH noir","robots":{"index":"index","follow":"follow","max-snippet":"max-snippet:-1","max-image-preview":"max-image-preview:large","max-video-preview":"max-video-preview:-1"},"canonical":"https:\/\/www.bertazzofood.com\/fr\/prodotto\/moulin-a-cafe-nuova-simonelli-mdh-noir\/","og_locale":"fr_FR","og_type":"article","og_title":"Moulin \u00e0 caf\u00e9 Nuova Simonelli MDH noir","og_description":"Nuova Simonelli MDH est un moulin destin\u00e9 \u00e0 \u00eatre le compagnon irrempla\u00e7able de la machine \u00e0 caf\u00e9 dans le coin bar pour ceux qui aiment d\u00e9guster un espresso de haute qualit\u00e9 comme au bar \u00e0 la maison, au bureau, dans un petit h\u00f4tel ou dans une chambre d\u2019h\u00f4tes. SOLIDE ET FIABLE Les recherches men\u00e9es par [&hellip;]","og_url":"https:\/\/www.bertazzofood.com\/fr\/prodotto\/moulin-a-cafe-nuova-simonelli-mdh-noir\/","og_site_name":"Bertazzo Food","article_publisher":"https:\/\/www.facebook.com\/BertazzoItalianQualityFood","article_modified_time":"2024-06-23T20:42:24+00:00","og_image":[{"width":800,"height":800,"url":"https:\/\/www.bertazzofood.com\/wp-content\/uploads\/2024\/06\/Nuova-Simonelli-MDH-nero-7-2.jpg","type":"image\/jpeg"}],"twitter_card":"summary_large_image","twitter_misc":{"Dur\u00e9e de lecture estim\u00e9e":"1 minute"},"schema":{"@context":"https:\/\/schema.org","@graph":[{"@type":"WebPage","@id":"https:\/\/www.bertazzofood.com\/fr\/prodotto\/moulin-a-cafe-nuova-simonelli-mdh-noir\/","url":"https:\/\/www.bertazzofood.com\/fr\/prodotto\/moulin-a-cafe-nuova-simonelli-mdh-noir\/","name":"Moulin \u00e0 caf\u00e9 Nuova Simonelli MDH noir","isPartOf":{"@id":"https:\/\/www.bertazzofood.com\/fr\/#website"},"primaryImageOfPage":{"@id":"https:\/\/www.bertazzofood.com\/fr\/prodotto\/moulin-a-cafe-nuova-simonelli-mdh-noir\/#primaryimage"},"image":{"@id":"https:\/\/www.bertazzofood.com\/fr\/prodotto\/moulin-a-cafe-nuova-simonelli-mdh-noir\/#primaryimage"},"thumbnailUrl":"https:\/\/www.bertazzofood.com\/wp-content\/uploads\/2024\/06\/Nuova-Simonelli-MDH-nero-7-2.jpg","datePublished":"2022-01-28T13:07:09+00:00","dateModified":"2024-06-23T20:42:24+00:00","breadcrumb":{"@id":"https:\/\/www.bertazzofood.com\/fr\/prodotto\/moulin-a-cafe-nuova-simonelli-mdh-noir\/#breadcrumb"},"inLanguage":"fr-FR","potentialAction":[{"@type":"ReadAction","target":["https:\/\/www.bertazzofood.com\/fr\/prodotto\/moulin-a-cafe-nuova-simonelli-mdh-noir\/"]}]},{"@type":"ImageObject","inLanguage":"fr-FR","@id":"https:\/\/www.bertazzofood.com\/fr\/prodotto\/moulin-a-cafe-nuova-simonelli-mdh-noir\/#primaryimage","url":"https:\/\/www.bertazzofood.com\/wp-content\/uploads\/2024\/06\/Nuova-Simonelli-MDH-nero-7-2.jpg","contentUrl":"https:\/\/www.bertazzofood.com\/wp-content\/uploads\/2024\/06\/Nuova-Simonelli-MDH-nero-7-2.jpg","width":800,"height":800},{"@type":"BreadcrumbList","@id":"https:\/\/www.bertazzofood.com\/fr\/prodotto\/moulin-a-cafe-nuova-simonelli-mdh-noir\/#breadcrumb","itemListElement":[{"@type":"ListItem","position":1,"name":"Home","item":"https:\/\/www.bertazzofood.com\/fr\/homepage\/"},{"@type":"ListItem","position":2,"name":"Produits","item":"https:\/\/www.bertazzofood.com\/fr\/shop\/"},{"@type":"ListItem","position":3,"name":"Moulin \u00e0 caf\u00e9 Nuova Simonelli MDH noir"}]},{"@type":"WebSite","@id":"https:\/\/www.bertazzofood.com\/fr\/#website","url":"https:\/\/www.bertazzofood.com\/fr\/","name":"Bertazzo Food","description":"Prodotti Alimentari Italiani Online e Macchine Da Caff\u00e8","publisher":{"@id":"https:\/\/www.bertazzofood.com\/fr\/#organization"},"potentialAction":[{"@type":"SearchAction","target":{"@type":"EntryPoint","urlTemplate":"https:\/\/www.bertazzofood.com\/fr\/?s={search_term_string}"},"query-input":{"@type":"PropertyValueSpecification","valueRequired":true,"valueName":"search_term_string"}}],"inLanguage":"fr-FR"},{"@type":"Organization","@id":"https:\/\/www.bertazzofood.com\/fr\/#organization","name":"Bertazzo Italian Quality Food S.a.s. di Bertazzo Fabio & C.","alternateName":"Bertazzo Food","url":"https:\/\/www.bertazzofood.com\/fr\/","logo":{"@type":"ImageObject","inLanguage":"fr-FR","@id":"https:\/\/www.bertazzofood.com\/fr\/#\/schema\/logo\/image\/","url":"https:\/\/www.bertazzofood.com\/wp-content\/uploads\/2024\/06\/logo-bertazzo.webp","contentUrl":"https:\/\/www.bertazzofood.com\/wp-content\/uploads\/2024\/06\/logo-bertazzo.webp","width":410,"height":166,"caption":"Bertazzo Italian Quality Food S.a.s. di Bertazzo Fabio & C."},"image":{"@id":"https:\/\/www.bertazzofood.com\/fr\/#\/schema\/logo\/image\/"},"sameAs":["https:\/\/www.facebook.com\/BertazzoItalianQualityFood","https:\/\/www.instagram.com\/bertazzo_italian_quality_food\/"]}]}},"_links":{"self":[{"href":"https:\/\/www.bertazzofood.com\/fr\/wp-json\/wp\/v2\/product\/12962","targetHints":{"allow":["GET"]}}],"collection":[{"href":"https:\/\/www.bertazzofood.com\/fr\/wp-json\/wp\/v2\/product"}],"about":[{"href":"https:\/\/www.bertazzofood.com\/fr\/wp-json\/wp\/v2\/types\/product"}],"replies":[{"embeddable":true,"href":"https:\/\/www.bertazzofood.com\/fr\/wp-json\/wp\/v2\/comments?post=12962"}],"version-history":[{"count":0,"href":"https:\/\/www.bertazzofood.com\/fr\/wp-json\/wp\/v2\/product\/12962\/revisions"}],"wp:featuredmedia":[{"embeddable":true,"href":"https:\/\/www.bertazzofood.com\/fr\/wp-json\/wp\/v2\/media\/7018"}],"wp:attachment":[{"href":"https:\/\/www.bertazzofood.com\/fr\/wp-json\/wp\/v2\/media?parent=12962"}],"wp:term":[{"taxonomy":"product_brand","embeddable":true,"href":"https:\/\/www.bertazzofood.com\/fr\/wp-json\/wp\/v2\/product_brand?post=12962"},{"taxonomy":"product_cat","embeddable":true,"href":"https:\/\/www.bertazzofood.com\/fr\/wp-json\/wp\/v2\/product_cat?post=12962"},{"taxonomy":"product_tag","embeddable":true,"href":"https:\/\/www.bertazzofood.com\/fr\/wp-json\/wp\/v2\/product_tag?post=12962"},{"taxonomy":"brands","embeddable":true,"href":"https:\/\/www.bertazzofood.com\/fr\/wp-json\/wp\/v2\/brands?post=12962"},{"taxonomy":"flag_home","embeddable":true,"href":"https:\/\/www.bertazzofood.com\/fr\/wp-json\/wp\/v2\/flag_home?post=12962"}],"curies":[{"name":"wp","href":"https:\/\/api.w.org\/{rel}","templated":true}]}}