{"id":12871,"date":"2021-11-19T08:36:57","date_gmt":"2021-11-19T07:36:57","guid":{"rendered":"https:\/\/thegarden.it\/staging8\/prodotto\/astoria-tanya-r-sae-noir\/"},"modified":"2025-12-09T14:44:17","modified_gmt":"2025-12-09T13:44:17","slug":"astoria-tanya-r-sae-noir","status":"publish","type":"product","link":"https:\/\/www.bertazzofood.com\/fr\/prodotto\/astoria-tanya-r-sae-noir\/","title":{"rendered":"Astoria Tanya R SAE noir"},"content":{"rendered":"<p><em><strong>Astoria Tanya<\/strong><\/em>,\u00a0essentielle et robuste: voil\u00e0 les qualit\u00e9s conjugu\u00e9es avec un design rigoureux qui communiquent l\u2019\u00e2me et le corps de cette machine \u00e0 caf\u00e9 espresso. Avec une esth\u00e9tique simple mais harmonieuse, r\u00e9alis\u00e9e avec des mat\u00e9riaux durables et des d\u00e9tails optimis\u00e9s pour un usage professionnel, <em><strong>Tanya\u00a0<\/strong><\/em>est la solution id\u00e9ale pour ceux qui recherchent l\u2019essence de la qualit\u00e9 et la meilleure union entre simplicit\u00e9 et fiabilit\u00e9.<\/p>\n<p>Fiche technique:<\/p>\n<p>\u2022Versions \u00a0avec connexion directe au r\u00e9seau hydrique<\/p>\n<p>\u2022Versions \u00e9lectronique, clavier 4 touches de caf\u00e9 programmables<\/p>\n<p>\u2022Chaudi\u00e8re et tuyauterie en cuivre<\/p>\n<p>\u2022Capacit\u00e9 chaudi\u00e8re 6L<\/p>\n<p>\u2022Double manom\u00e8tre pression chaudi\u00e8re et pompe<\/p>\n<p>\u2022T\u00e9moin lumineux niveau eau chaudi\u00e8re<\/p>\n<p>\u2022Remplissage eau automatique (R.E.A.)<\/p>\n<p>\u2022Une buse vapeur &#8211; un distributeur d\u2019eau manuel<\/p>\n<p>\u2022Pompe volum\u00e9trique<\/p>\n<p>\u2022Carrosserie avec panneaux lat\u00e9raux en mat\u00e9riau thermoplastique<\/p>\n<p>\u2022Filtre de 58 mm<\/p>\n<p>\u2022Poids 44 kg<\/p>\n<p>\u2022Puissance 2200 W<\/p>\n<p>\u2022400V Alimentation triphas\u00e9e, 230V monophas\u00e9e sur demande<\/p>\n<p class=\" text-LEFT\"><strong>STANDARD EQUIPMENT OF THE MACHINE:<\/strong><\/p>\n<p class=\" text-LEFT\">A. Two filter holders<br \/>\nB. One spout for one coffee<br \/>\nC. One spout for two coffees<br \/>\nD. sets of filters<br \/>\nE. 1 brush<br \/>\nF. 1 manual coffee tamper<br \/>\nG. Group Head Gasket<\/p>\n<p><strong>24 mois de garantie.<\/strong><\/p>\n<p><strong>Livraison gratuite.\u00a0<\/strong><\/p>\n","protected":false},"excerpt":{"rendered":"<p>Astoria Tanya,\u00a0essentielle et robuste: voil\u00e0 les qualit\u00e9s conjugu\u00e9es avec un design rigoureux qui communiquent l\u2019\u00e2me et le corps de cette machine \u00e0 caf\u00e9 espresso. Avec une esth\u00e9tique simple mais harmonieuse, r\u00e9alis\u00e9e avec des mat\u00e9riaux durables et des d\u00e9tails optimis\u00e9s pour un usage professionnel, Tanya\u00a0est la solution id\u00e9ale pour ceux qui recherchent l\u2019essence de la qualit\u00e9 [&hellip;]<\/p>\n","protected":false},"featured_media":6767,"comment_status":"open","ping_status":"closed","template":"","meta":{"_acf_changed":false,"iawp_total_views":94},"product_brand":[],"product_cat":[1219,1233],"product_tag":[],"brands":[1697],"flag_home":[],"class_list":{"0":"post-12871","1":"product","2":"type-product","3":"status-publish","4":"has-post-thumbnail","6":"product_cat-equipements-cafe","7":"product_cat-machines-a-cafe-espresso","8":"pa_garanzia-24-mois","9":"pa_tipo-di-alimentazione-acqua-connexion-directe-au-reseau-hydrique","10":"pa_tipo-di-caldaia-une-chaudiere","11":"pa_tipo-di-pompa-rotative","12":"brands-astoria","14":"first","15":"instock","16":"taxable","17":"shipping-taxable","18":"purchasable","19":"product-type-simple"},"acf":[],"yoast_head":"<!-- This site is optimized with the Yoast SEO plugin v27.5 - https:\/\/yoast.com\/product\/yoast-seo-wordpress\/ -->\n<title>Astoria Tanya R SAE noir<\/title>\n<meta name=\"robots\" content=\"index, follow, max-snippet:-1, max-image-preview:large, max-video-preview:-1\" \/>\n<link rel=\"canonical\" href=\"https:\/\/www.bertazzofood.com\/fr\/prodotto\/astoria-tanya-r-sae-noir\/\" \/>\n<meta property=\"og:locale\" content=\"fr_FR\" \/>\n<meta property=\"og:type\" content=\"article\" \/>\n<meta property=\"og:title\" content=\"Astoria Tanya R SAE noir\" \/>\n<meta property=\"og:description\" content=\"Astoria Tanya,\u00a0essentielle et robuste: voil\u00e0 les qualit\u00e9s conjugu\u00e9es avec un design rigoureux qui communiquent l\u2019\u00e2me et le corps de cette machine \u00e0 caf\u00e9 espresso. Avec une esth\u00e9tique simple mais harmonieuse, r\u00e9alis\u00e9e avec des mat\u00e9riaux durables et des d\u00e9tails optimis\u00e9s pour un usage professionnel, Tanya\u00a0est la solution id\u00e9ale pour ceux qui recherchent l\u2019essence de la qualit\u00e9 [&hellip;]\" \/>\n<meta property=\"og:url\" content=\"https:\/\/www.bertazzofood.com\/fr\/prodotto\/astoria-tanya-r-sae-noir\/\" \/>\n<meta property=\"og:site_name\" content=\"Bertazzo Food\" \/>\n<meta property=\"article:publisher\" content=\"https:\/\/www.facebook.com\/BertazzoItalianQualityFood\" \/>\n<meta property=\"article:modified_time\" content=\"2025-12-09T13:44:17+00:00\" \/>\n<meta property=\"og:image\" content=\"https:\/\/www.bertazzofood.com\/wp-content\/uploads\/2024\/06\/Astoria-Tanya-SAE-nera-1-2.jpg\" \/>\n\t<meta property=\"og:image:width\" content=\"800\" \/>\n\t<meta property=\"og:image:height\" content=\"800\" \/>\n\t<meta property=\"og:image:type\" content=\"image\/jpeg\" \/>\n<meta name=\"twitter:card\" content=\"summary_large_image\" \/>\n<meta name=\"twitter:label1\" content=\"Dur\u00e9e de lecture estim\u00e9e\" \/>\n\t<meta name=\"twitter:data1\" content=\"1 minute\" \/>\n<script type=\"application\/ld+json\" class=\"yoast-schema-graph\">{\"@context\":\"https:\\\/\\\/schema.org\",\"@graph\":[{\"@type\":\"WebPage\",\"@id\":\"https:\\\/\\\/www.bertazzofood.com\\\/fr\\\/prodotto\\\/astoria-tanya-r-sae-noir\\\/\",\"url\":\"https:\\\/\\\/www.bertazzofood.com\\\/fr\\\/prodotto\\\/astoria-tanya-r-sae-noir\\\/\",\"name\":\"Astoria Tanya R SAE noir\",\"isPartOf\":{\"@id\":\"https:\\\/\\\/www.bertazzofood.com\\\/fr\\\/#website\"},\"primaryImageOfPage\":{\"@id\":\"https:\\\/\\\/www.bertazzofood.com\\\/fr\\\/prodotto\\\/astoria-tanya-r-sae-noir\\\/#primaryimage\"},\"image\":{\"@id\":\"https:\\\/\\\/www.bertazzofood.com\\\/fr\\\/prodotto\\\/astoria-tanya-r-sae-noir\\\/#primaryimage\"},\"thumbnailUrl\":\"https:\\\/\\\/www.bertazzofood.com\\\/wp-content\\\/uploads\\\/2024\\\/06\\\/Astoria-Tanya-SAE-nera-1-2.jpg\",\"datePublished\":\"2021-11-19T07:36:57+00:00\",\"dateModified\":\"2025-12-09T13:44:17+00:00\",\"breadcrumb\":{\"@id\":\"https:\\\/\\\/www.bertazzofood.com\\\/fr\\\/prodotto\\\/astoria-tanya-r-sae-noir\\\/#breadcrumb\"},\"inLanguage\":\"fr-FR\",\"potentialAction\":[{\"@type\":\"ReadAction\",\"target\":[\"https:\\\/\\\/www.bertazzofood.com\\\/fr\\\/prodotto\\\/astoria-tanya-r-sae-noir\\\/\"]}]},{\"@type\":\"ImageObject\",\"inLanguage\":\"fr-FR\",\"@id\":\"https:\\\/\\\/www.bertazzofood.com\\\/fr\\\/prodotto\\\/astoria-tanya-r-sae-noir\\\/#primaryimage\",\"url\":\"https:\\\/\\\/www.bertazzofood.com\\\/wp-content\\\/uploads\\\/2024\\\/06\\\/Astoria-Tanya-SAE-nera-1-2.jpg\",\"contentUrl\":\"https:\\\/\\\/www.bertazzofood.com\\\/wp-content\\\/uploads\\\/2024\\\/06\\\/Astoria-Tanya-SAE-nera-1-2.jpg\",\"width\":800,\"height\":800},{\"@type\":\"BreadcrumbList\",\"@id\":\"https:\\\/\\\/www.bertazzofood.com\\\/fr\\\/prodotto\\\/astoria-tanya-r-sae-noir\\\/#breadcrumb\",\"itemListElement\":[{\"@type\":\"ListItem\",\"position\":1,\"name\":\"Home\",\"item\":\"https:\\\/\\\/www.bertazzofood.com\\\/fr\\\/homepage\\\/\"},{\"@type\":\"ListItem\",\"position\":2,\"name\":\"Produits\",\"item\":\"https:\\\/\\\/www.bertazzofood.com\\\/fr\\\/shop\\\/\"},{\"@type\":\"ListItem\",\"position\":3,\"name\":\"Astoria Tanya R SAE noir\"}]},{\"@type\":\"WebSite\",\"@id\":\"https:\\\/\\\/www.bertazzofood.com\\\/fr\\\/#website\",\"url\":\"https:\\\/\\\/www.bertazzofood.com\\\/fr\\\/\",\"name\":\"Bertazzo Food\",\"description\":\"Prodotti Alimentari Italiani Online e Macchine Da Caff\u00e8\",\"publisher\":{\"@id\":\"https:\\\/\\\/www.bertazzofood.com\\\/fr\\\/#organization\"},\"potentialAction\":[{\"@type\":\"SearchAction\",\"target\":{\"@type\":\"EntryPoint\",\"urlTemplate\":\"https:\\\/\\\/www.bertazzofood.com\\\/fr\\\/?s={search_term_string}\"},\"query-input\":{\"@type\":\"PropertyValueSpecification\",\"valueRequired\":true,\"valueName\":\"search_term_string\"}}],\"inLanguage\":\"fr-FR\"},{\"@type\":\"Organization\",\"@id\":\"https:\\\/\\\/www.bertazzofood.com\\\/fr\\\/#organization\",\"name\":\"Bertazzo Italian Quality Food S.a.s. di Bertazzo Fabio & C.\",\"alternateName\":\"Bertazzo Food\",\"url\":\"https:\\\/\\\/www.bertazzofood.com\\\/fr\\\/\",\"logo\":{\"@type\":\"ImageObject\",\"inLanguage\":\"fr-FR\",\"@id\":\"https:\\\/\\\/www.bertazzofood.com\\\/fr\\\/#\\\/schema\\\/logo\\\/image\\\/\",\"url\":\"https:\\\/\\\/www.bertazzofood.com\\\/wp-content\\\/uploads\\\/2024\\\/06\\\/logo-bertazzo.webp\",\"contentUrl\":\"https:\\\/\\\/www.bertazzofood.com\\\/wp-content\\\/uploads\\\/2024\\\/06\\\/logo-bertazzo.webp\",\"width\":410,\"height\":166,\"caption\":\"Bertazzo Italian Quality Food S.a.s. di Bertazzo Fabio & C.\"},\"image\":{\"@id\":\"https:\\\/\\\/www.bertazzofood.com\\\/fr\\\/#\\\/schema\\\/logo\\\/image\\\/\"},\"sameAs\":[\"https:\\\/\\\/www.facebook.com\\\/BertazzoItalianQualityFood\",\"https:\\\/\\\/www.instagram.com\\\/bertazzo_italian_quality_food\\\/\"]}]}<\/script>\n<!-- \/ Yoast SEO plugin. -->","yoast_head_json":{"title":"Astoria Tanya R SAE noir","robots":{"index":"index","follow":"follow","max-snippet":"max-snippet:-1","max-image-preview":"max-image-preview:large","max-video-preview":"max-video-preview:-1"},"canonical":"https:\/\/www.bertazzofood.com\/fr\/prodotto\/astoria-tanya-r-sae-noir\/","og_locale":"fr_FR","og_type":"article","og_title":"Astoria Tanya R SAE noir","og_description":"Astoria Tanya,\u00a0essentielle et robuste: voil\u00e0 les qualit\u00e9s conjugu\u00e9es avec un design rigoureux qui communiquent l\u2019\u00e2me et le corps de cette machine \u00e0 caf\u00e9 espresso. Avec une esth\u00e9tique simple mais harmonieuse, r\u00e9alis\u00e9e avec des mat\u00e9riaux durables et des d\u00e9tails optimis\u00e9s pour un usage professionnel, Tanya\u00a0est la solution id\u00e9ale pour ceux qui recherchent l\u2019essence de la qualit\u00e9 [&hellip;]","og_url":"https:\/\/www.bertazzofood.com\/fr\/prodotto\/astoria-tanya-r-sae-noir\/","og_site_name":"Bertazzo Food","article_publisher":"https:\/\/www.facebook.com\/BertazzoItalianQualityFood","article_modified_time":"2025-12-09T13:44:17+00:00","og_image":[{"width":800,"height":800,"url":"https:\/\/www.bertazzofood.com\/wp-content\/uploads\/2024\/06\/Astoria-Tanya-SAE-nera-1-2.jpg","type":"image\/jpeg"}],"twitter_card":"summary_large_image","twitter_misc":{"Dur\u00e9e de lecture estim\u00e9e":"1 minute"},"schema":{"@context":"https:\/\/schema.org","@graph":[{"@type":"WebPage","@id":"https:\/\/www.bertazzofood.com\/fr\/prodotto\/astoria-tanya-r-sae-noir\/","url":"https:\/\/www.bertazzofood.com\/fr\/prodotto\/astoria-tanya-r-sae-noir\/","name":"Astoria Tanya R SAE noir","isPartOf":{"@id":"https:\/\/www.bertazzofood.com\/fr\/#website"},"primaryImageOfPage":{"@id":"https:\/\/www.bertazzofood.com\/fr\/prodotto\/astoria-tanya-r-sae-noir\/#primaryimage"},"image":{"@id":"https:\/\/www.bertazzofood.com\/fr\/prodotto\/astoria-tanya-r-sae-noir\/#primaryimage"},"thumbnailUrl":"https:\/\/www.bertazzofood.com\/wp-content\/uploads\/2024\/06\/Astoria-Tanya-SAE-nera-1-2.jpg","datePublished":"2021-11-19T07:36:57+00:00","dateModified":"2025-12-09T13:44:17+00:00","breadcrumb":{"@id":"https:\/\/www.bertazzofood.com\/fr\/prodotto\/astoria-tanya-r-sae-noir\/#breadcrumb"},"inLanguage":"fr-FR","potentialAction":[{"@type":"ReadAction","target":["https:\/\/www.bertazzofood.com\/fr\/prodotto\/astoria-tanya-r-sae-noir\/"]}]},{"@type":"ImageObject","inLanguage":"fr-FR","@id":"https:\/\/www.bertazzofood.com\/fr\/prodotto\/astoria-tanya-r-sae-noir\/#primaryimage","url":"https:\/\/www.bertazzofood.com\/wp-content\/uploads\/2024\/06\/Astoria-Tanya-SAE-nera-1-2.jpg","contentUrl":"https:\/\/www.bertazzofood.com\/wp-content\/uploads\/2024\/06\/Astoria-Tanya-SAE-nera-1-2.jpg","width":800,"height":800},{"@type":"BreadcrumbList","@id":"https:\/\/www.bertazzofood.com\/fr\/prodotto\/astoria-tanya-r-sae-noir\/#breadcrumb","itemListElement":[{"@type":"ListItem","position":1,"name":"Home","item":"https:\/\/www.bertazzofood.com\/fr\/homepage\/"},{"@type":"ListItem","position":2,"name":"Produits","item":"https:\/\/www.bertazzofood.com\/fr\/shop\/"},{"@type":"ListItem","position":3,"name":"Astoria Tanya R SAE noir"}]},{"@type":"WebSite","@id":"https:\/\/www.bertazzofood.com\/fr\/#website","url":"https:\/\/www.bertazzofood.com\/fr\/","name":"Bertazzo Food","description":"Prodotti Alimentari Italiani Online e Macchine Da Caff\u00e8","publisher":{"@id":"https:\/\/www.bertazzofood.com\/fr\/#organization"},"potentialAction":[{"@type":"SearchAction","target":{"@type":"EntryPoint","urlTemplate":"https:\/\/www.bertazzofood.com\/fr\/?s={search_term_string}"},"query-input":{"@type":"PropertyValueSpecification","valueRequired":true,"valueName":"search_term_string"}}],"inLanguage":"fr-FR"},{"@type":"Organization","@id":"https:\/\/www.bertazzofood.com\/fr\/#organization","name":"Bertazzo Italian Quality Food S.a.s. di Bertazzo Fabio & C.","alternateName":"Bertazzo Food","url":"https:\/\/www.bertazzofood.com\/fr\/","logo":{"@type":"ImageObject","inLanguage":"fr-FR","@id":"https:\/\/www.bertazzofood.com\/fr\/#\/schema\/logo\/image\/","url":"https:\/\/www.bertazzofood.com\/wp-content\/uploads\/2024\/06\/logo-bertazzo.webp","contentUrl":"https:\/\/www.bertazzofood.com\/wp-content\/uploads\/2024\/06\/logo-bertazzo.webp","width":410,"height":166,"caption":"Bertazzo Italian Quality Food S.a.s. di Bertazzo Fabio & C."},"image":{"@id":"https:\/\/www.bertazzofood.com\/fr\/#\/schema\/logo\/image\/"},"sameAs":["https:\/\/www.facebook.com\/BertazzoItalianQualityFood","https:\/\/www.instagram.com\/bertazzo_italian_quality_food\/"]}]}},"_links":{"self":[{"href":"https:\/\/www.bertazzofood.com\/fr\/wp-json\/wp\/v2\/product\/12871","targetHints":{"allow":["GET"]}}],"collection":[{"href":"https:\/\/www.bertazzofood.com\/fr\/wp-json\/wp\/v2\/product"}],"about":[{"href":"https:\/\/www.bertazzofood.com\/fr\/wp-json\/wp\/v2\/types\/product"}],"replies":[{"embeddable":true,"href":"https:\/\/www.bertazzofood.com\/fr\/wp-json\/wp\/v2\/comments?post=12871"}],"version-history":[{"count":0,"href":"https:\/\/www.bertazzofood.com\/fr\/wp-json\/wp\/v2\/product\/12871\/revisions"}],"wp:featuredmedia":[{"embeddable":true,"href":"https:\/\/www.bertazzofood.com\/fr\/wp-json\/wp\/v2\/media\/6767"}],"wp:attachment":[{"href":"https:\/\/www.bertazzofood.com\/fr\/wp-json\/wp\/v2\/media?parent=12871"}],"wp:term":[{"taxonomy":"product_brand","embeddable":true,"href":"https:\/\/www.bertazzofood.com\/fr\/wp-json\/wp\/v2\/product_brand?post=12871"},{"taxonomy":"product_cat","embeddable":true,"href":"https:\/\/www.bertazzofood.com\/fr\/wp-json\/wp\/v2\/product_cat?post=12871"},{"taxonomy":"product_tag","embeddable":true,"href":"https:\/\/www.bertazzofood.com\/fr\/wp-json\/wp\/v2\/product_tag?post=12871"},{"taxonomy":"brands","embeddable":true,"href":"https:\/\/www.bertazzofood.com\/fr\/wp-json\/wp\/v2\/brands?post=12871"},{"taxonomy":"flag_home","embeddable":true,"href":"https:\/\/www.bertazzofood.com\/fr\/wp-json\/wp\/v2\/flag_home?post=12871"}],"curies":[{"name":"wp","href":"https:\/\/api.w.org\/{rel}","templated":true}]}}