{"id":12718,"date":"2021-08-06T09:14:43","date_gmt":"2021-08-06T07:14:43","guid":{"rendered":"https:\/\/thegarden.it\/staging8\/prodotto\/machine-a-cafe-cbc-royal-giove-tci\/"},"modified":"2026-03-19T11:18:03","modified_gmt":"2026-03-19T10:18:03","slug":"machine-a-cafe-cbc-royal-giove-tci","status":"publish","type":"product","link":"https:\/\/www.bertazzofood.com\/fr\/prodotto\/machine-a-cafe-cbc-royal-giove-tci\/","title":{"rendered":"Machine \u00e0 caf\u00e9 CBC ROYAL GIOVE TCI"},"content":{"rendered":"<p>Machine \u00e0 caf\u00e9 expresso 1 groupe, semi-automatique avec groupe de distribution \u00e0 manette. Fiche technique:<\/p>\n<p>\u2022 T.C.I. Controle Temperature Independant: dispositif \u00e8lectronique de controle de la t\u00e8mperature de d\u00e8bit du caf\u00e8 avec chaudi\u00e8re ind\u00e8pendante pour chaque groupe. Chaudi\u00e8re pour vapeur et eau de facon ind\u00e8pendante control\u00e8e \u00e8lectroniquement<\/p>\n<p>\u2022 Chaudi\u00e8re en cuivre, circulation par thermosiph &#8211; 1,3 lt + T.C.I. chaudi\u00e8re 0,8 lt<\/p>\n<p>\u2022 Acier inoxydable 18\/8<\/p>\n<p>\u2022 1 Lances vapeur<\/p>\n<p>\u2022 1 Lance eau chaude<\/p>\n<p>\u2022 Pompe a vibration<\/p>\n<p>\u2022 Contr\u00f2le automatique du niveau de l&#8217;eau<\/p>\n<p>\u2022 Groupe thermocompens\u00e9s<\/p>\n<p>\u2022 Reservoir interieur 3 litri<\/p>\n<p>\u2022 Alimentation: 230V &#8211; 50Hz<\/p>\n<p>\u2022 Absorption r\u00e9sistance: 1300W<\/p>\n<p>\u2022 Poids\u00a022 kg<\/p>\n<p>\u2022 Diam\u00e8tre du filtre 58 mm<\/p>\n<p><strong>24 mois de garantie<\/strong>.<\/p>\n<p><strong>Livraison gratuite<\/strong>.<\/p>\n","protected":false},"excerpt":{"rendered":"<p>Machine \u00e0 caf\u00e9 expresso 1 groupe, semi-automatique avec groupe de distribution \u00e0 manette. Fiche technique: \u2022 T.C.I. Controle Temperature Independant: dispositif \u00e8lectronique de controle de la t\u00e8mperature de d\u00e8bit du caf\u00e8 avec chaudi\u00e8re ind\u00e8pendante pour chaque groupe. Chaudi\u00e8re pour vapeur et eau de facon ind\u00e8pendante control\u00e8e \u00e8lectroniquement \u2022 Chaudi\u00e8re en cuivre, circulation par thermosiph &#8211; [&hellip;]<\/p>\n","protected":false},"featured_media":6141,"comment_status":"open","ping_status":"closed","template":"","meta":{"_acf_changed":false,"iawp_total_views":77},"product_brand":[],"product_cat":[1219,1233],"product_tag":[447],"brands":[1637],"flag_home":[1895],"class_list":{"0":"post-12718","1":"product","2":"type-product","3":"status-publish","4":"has-post-thumbnail","6":"product_cat-equipements-cafe","7":"product_cat-machines-a-cafe-espresso","8":"product_tag-offres","9":"pa_garanzia-24-mois","10":"pa_tipo-di-alimentazione-acqua-reservoir-deau","11":"pa_tipo-di-caldaia-double-chaudiere","12":"pa_tipo-di-pompa-a-vibration","13":"brands-cbc-royal","14":"flag_home-offerte-home-macchine-caffe","16":"first","17":"instock","18":"sale","19":"taxable","20":"shipping-taxable","21":"purchasable","22":"product-type-simple"},"acf":[],"yoast_head":"<!-- This site is optimized with the Yoast SEO plugin v27.5 - https:\/\/yoast.com\/product\/yoast-seo-wordpress\/ -->\n<title>Machine \u00e0 caf\u00e9 CBC ROYAL GIOVE TCI<\/title>\n<meta name=\"robots\" content=\"index, follow, max-snippet:-1, max-image-preview:large, max-video-preview:-1\" \/>\n<link rel=\"canonical\" href=\"https:\/\/www.bertazzofood.com\/fr\/prodotto\/machine-a-cafe-cbc-royal-giove-tci\/\" \/>\n<meta property=\"og:locale\" content=\"fr_FR\" \/>\n<meta property=\"og:type\" content=\"article\" \/>\n<meta property=\"og:title\" content=\"Machine \u00e0 caf\u00e9 CBC ROYAL GIOVE TCI\" \/>\n<meta property=\"og:description\" content=\"Machine \u00e0 caf\u00e9 expresso 1 groupe, semi-automatique avec groupe de distribution \u00e0 manette. Fiche technique: \u2022 T.C.I. Controle Temperature Independant: dispositif \u00e8lectronique de controle de la t\u00e8mperature de d\u00e8bit du caf\u00e8 avec chaudi\u00e8re ind\u00e8pendante pour chaque groupe. Chaudi\u00e8re pour vapeur et eau de facon ind\u00e8pendante control\u00e8e \u00e8lectroniquement \u2022 Chaudi\u00e8re en cuivre, circulation par thermosiph &#8211; [&hellip;]\" \/>\n<meta property=\"og:url\" content=\"https:\/\/www.bertazzofood.com\/fr\/prodotto\/machine-a-cafe-cbc-royal-giove-tci\/\" \/>\n<meta property=\"og:site_name\" content=\"Bertazzo Food\" \/>\n<meta property=\"article:publisher\" content=\"https:\/\/www.facebook.com\/BertazzoItalianQualityFood\" \/>\n<meta property=\"article:modified_time\" content=\"2026-03-19T10:18:03+00:00\" \/>\n<meta property=\"og:image\" content=\"https:\/\/www.bertazzofood.com\/wp-content\/uploads\/2024\/06\/Cbc-Royal-Giove-TCI-2.jpg\" \/>\n\t<meta property=\"og:image:width\" content=\"800\" \/>\n\t<meta property=\"og:image:height\" content=\"800\" \/>\n\t<meta property=\"og:image:type\" content=\"image\/jpeg\" \/>\n<meta name=\"twitter:card\" content=\"summary_large_image\" \/>\n<meta name=\"twitter:label1\" content=\"Dur\u00e9e de lecture estim\u00e9e\" \/>\n\t<meta name=\"twitter:data1\" content=\"1 minute\" \/>\n<script type=\"application\/ld+json\" class=\"yoast-schema-graph\">{\"@context\":\"https:\\\/\\\/schema.org\",\"@graph\":[{\"@type\":\"WebPage\",\"@id\":\"https:\\\/\\\/www.bertazzofood.com\\\/fr\\\/prodotto\\\/machine-a-cafe-cbc-royal-giove-tci\\\/\",\"url\":\"https:\\\/\\\/www.bertazzofood.com\\\/fr\\\/prodotto\\\/machine-a-cafe-cbc-royal-giove-tci\\\/\",\"name\":\"Machine \u00e0 caf\u00e9 CBC ROYAL GIOVE TCI\",\"isPartOf\":{\"@id\":\"https:\\\/\\\/www.bertazzofood.com\\\/fr\\\/#website\"},\"primaryImageOfPage\":{\"@id\":\"https:\\\/\\\/www.bertazzofood.com\\\/fr\\\/prodotto\\\/machine-a-cafe-cbc-royal-giove-tci\\\/#primaryimage\"},\"image\":{\"@id\":\"https:\\\/\\\/www.bertazzofood.com\\\/fr\\\/prodotto\\\/machine-a-cafe-cbc-royal-giove-tci\\\/#primaryimage\"},\"thumbnailUrl\":\"https:\\\/\\\/www.bertazzofood.com\\\/wp-content\\\/uploads\\\/2024\\\/06\\\/Cbc-Royal-Giove-TCI-2.jpg\",\"datePublished\":\"2021-08-06T07:14:43+00:00\",\"dateModified\":\"2026-03-19T10:18:03+00:00\",\"breadcrumb\":{\"@id\":\"https:\\\/\\\/www.bertazzofood.com\\\/fr\\\/prodotto\\\/machine-a-cafe-cbc-royal-giove-tci\\\/#breadcrumb\"},\"inLanguage\":\"fr-FR\",\"potentialAction\":[{\"@type\":\"ReadAction\",\"target\":[\"https:\\\/\\\/www.bertazzofood.com\\\/fr\\\/prodotto\\\/machine-a-cafe-cbc-royal-giove-tci\\\/\"]}]},{\"@type\":\"ImageObject\",\"inLanguage\":\"fr-FR\",\"@id\":\"https:\\\/\\\/www.bertazzofood.com\\\/fr\\\/prodotto\\\/machine-a-cafe-cbc-royal-giove-tci\\\/#primaryimage\",\"url\":\"https:\\\/\\\/www.bertazzofood.com\\\/wp-content\\\/uploads\\\/2024\\\/06\\\/Cbc-Royal-Giove-TCI-2.jpg\",\"contentUrl\":\"https:\\\/\\\/www.bertazzofood.com\\\/wp-content\\\/uploads\\\/2024\\\/06\\\/Cbc-Royal-Giove-TCI-2.jpg\",\"width\":800,\"height\":800},{\"@type\":\"BreadcrumbList\",\"@id\":\"https:\\\/\\\/www.bertazzofood.com\\\/fr\\\/prodotto\\\/machine-a-cafe-cbc-royal-giove-tci\\\/#breadcrumb\",\"itemListElement\":[{\"@type\":\"ListItem\",\"position\":1,\"name\":\"Home\",\"item\":\"https:\\\/\\\/www.bertazzofood.com\\\/fr\\\/homepage\\\/\"},{\"@type\":\"ListItem\",\"position\":2,\"name\":\"Produits\",\"item\":\"https:\\\/\\\/www.bertazzofood.com\\\/fr\\\/shop\\\/\"},{\"@type\":\"ListItem\",\"position\":3,\"name\":\"Machine \u00e0 caf\u00e9 CBC ROYAL GIOVE TCI\"}]},{\"@type\":\"WebSite\",\"@id\":\"https:\\\/\\\/www.bertazzofood.com\\\/fr\\\/#website\",\"url\":\"https:\\\/\\\/www.bertazzofood.com\\\/fr\\\/\",\"name\":\"Bertazzo Food\",\"description\":\"Prodotti Alimentari Italiani Online e Macchine Da Caff\u00e8\",\"publisher\":{\"@id\":\"https:\\\/\\\/www.bertazzofood.com\\\/fr\\\/#organization\"},\"potentialAction\":[{\"@type\":\"SearchAction\",\"target\":{\"@type\":\"EntryPoint\",\"urlTemplate\":\"https:\\\/\\\/www.bertazzofood.com\\\/fr\\\/?s={search_term_string}\"},\"query-input\":{\"@type\":\"PropertyValueSpecification\",\"valueRequired\":true,\"valueName\":\"search_term_string\"}}],\"inLanguage\":\"fr-FR\"},{\"@type\":\"Organization\",\"@id\":\"https:\\\/\\\/www.bertazzofood.com\\\/fr\\\/#organization\",\"name\":\"Bertazzo Italian Quality Food S.a.s. di Bertazzo Fabio & C.\",\"alternateName\":\"Bertazzo Food\",\"url\":\"https:\\\/\\\/www.bertazzofood.com\\\/fr\\\/\",\"logo\":{\"@type\":\"ImageObject\",\"inLanguage\":\"fr-FR\",\"@id\":\"https:\\\/\\\/www.bertazzofood.com\\\/fr\\\/#\\\/schema\\\/logo\\\/image\\\/\",\"url\":\"https:\\\/\\\/www.bertazzofood.com\\\/wp-content\\\/uploads\\\/2024\\\/06\\\/logo-bertazzo.webp\",\"contentUrl\":\"https:\\\/\\\/www.bertazzofood.com\\\/wp-content\\\/uploads\\\/2024\\\/06\\\/logo-bertazzo.webp\",\"width\":410,\"height\":166,\"caption\":\"Bertazzo Italian Quality Food S.a.s. di Bertazzo Fabio & C.\"},\"image\":{\"@id\":\"https:\\\/\\\/www.bertazzofood.com\\\/fr\\\/#\\\/schema\\\/logo\\\/image\\\/\"},\"sameAs\":[\"https:\\\/\\\/www.facebook.com\\\/BertazzoItalianQualityFood\",\"https:\\\/\\\/www.instagram.com\\\/bertazzo_italian_quality_food\\\/\"]}]}<\/script>\n<!-- \/ Yoast SEO plugin. -->","yoast_head_json":{"title":"Machine \u00e0 caf\u00e9 CBC ROYAL GIOVE TCI","robots":{"index":"index","follow":"follow","max-snippet":"max-snippet:-1","max-image-preview":"max-image-preview:large","max-video-preview":"max-video-preview:-1"},"canonical":"https:\/\/www.bertazzofood.com\/fr\/prodotto\/machine-a-cafe-cbc-royal-giove-tci\/","og_locale":"fr_FR","og_type":"article","og_title":"Machine \u00e0 caf\u00e9 CBC ROYAL GIOVE TCI","og_description":"Machine \u00e0 caf\u00e9 expresso 1 groupe, semi-automatique avec groupe de distribution \u00e0 manette. Fiche technique: \u2022 T.C.I. Controle Temperature Independant: dispositif \u00e8lectronique de controle de la t\u00e8mperature de d\u00e8bit du caf\u00e8 avec chaudi\u00e8re ind\u00e8pendante pour chaque groupe. Chaudi\u00e8re pour vapeur et eau de facon ind\u00e8pendante control\u00e8e \u00e8lectroniquement \u2022 Chaudi\u00e8re en cuivre, circulation par thermosiph &#8211; [&hellip;]","og_url":"https:\/\/www.bertazzofood.com\/fr\/prodotto\/machine-a-cafe-cbc-royal-giove-tci\/","og_site_name":"Bertazzo Food","article_publisher":"https:\/\/www.facebook.com\/BertazzoItalianQualityFood","article_modified_time":"2026-03-19T10:18:03+00:00","og_image":[{"width":800,"height":800,"url":"https:\/\/www.bertazzofood.com\/wp-content\/uploads\/2024\/06\/Cbc-Royal-Giove-TCI-2.jpg","type":"image\/jpeg"}],"twitter_card":"summary_large_image","twitter_misc":{"Dur\u00e9e de lecture estim\u00e9e":"1 minute"},"schema":{"@context":"https:\/\/schema.org","@graph":[{"@type":"WebPage","@id":"https:\/\/www.bertazzofood.com\/fr\/prodotto\/machine-a-cafe-cbc-royal-giove-tci\/","url":"https:\/\/www.bertazzofood.com\/fr\/prodotto\/machine-a-cafe-cbc-royal-giove-tci\/","name":"Machine \u00e0 caf\u00e9 CBC ROYAL GIOVE TCI","isPartOf":{"@id":"https:\/\/www.bertazzofood.com\/fr\/#website"},"primaryImageOfPage":{"@id":"https:\/\/www.bertazzofood.com\/fr\/prodotto\/machine-a-cafe-cbc-royal-giove-tci\/#primaryimage"},"image":{"@id":"https:\/\/www.bertazzofood.com\/fr\/prodotto\/machine-a-cafe-cbc-royal-giove-tci\/#primaryimage"},"thumbnailUrl":"https:\/\/www.bertazzofood.com\/wp-content\/uploads\/2024\/06\/Cbc-Royal-Giove-TCI-2.jpg","datePublished":"2021-08-06T07:14:43+00:00","dateModified":"2026-03-19T10:18:03+00:00","breadcrumb":{"@id":"https:\/\/www.bertazzofood.com\/fr\/prodotto\/machine-a-cafe-cbc-royal-giove-tci\/#breadcrumb"},"inLanguage":"fr-FR","potentialAction":[{"@type":"ReadAction","target":["https:\/\/www.bertazzofood.com\/fr\/prodotto\/machine-a-cafe-cbc-royal-giove-tci\/"]}]},{"@type":"ImageObject","inLanguage":"fr-FR","@id":"https:\/\/www.bertazzofood.com\/fr\/prodotto\/machine-a-cafe-cbc-royal-giove-tci\/#primaryimage","url":"https:\/\/www.bertazzofood.com\/wp-content\/uploads\/2024\/06\/Cbc-Royal-Giove-TCI-2.jpg","contentUrl":"https:\/\/www.bertazzofood.com\/wp-content\/uploads\/2024\/06\/Cbc-Royal-Giove-TCI-2.jpg","width":800,"height":800},{"@type":"BreadcrumbList","@id":"https:\/\/www.bertazzofood.com\/fr\/prodotto\/machine-a-cafe-cbc-royal-giove-tci\/#breadcrumb","itemListElement":[{"@type":"ListItem","position":1,"name":"Home","item":"https:\/\/www.bertazzofood.com\/fr\/homepage\/"},{"@type":"ListItem","position":2,"name":"Produits","item":"https:\/\/www.bertazzofood.com\/fr\/shop\/"},{"@type":"ListItem","position":3,"name":"Machine \u00e0 caf\u00e9 CBC ROYAL GIOVE TCI"}]},{"@type":"WebSite","@id":"https:\/\/www.bertazzofood.com\/fr\/#website","url":"https:\/\/www.bertazzofood.com\/fr\/","name":"Bertazzo Food","description":"Prodotti Alimentari Italiani Online e Macchine Da Caff\u00e8","publisher":{"@id":"https:\/\/www.bertazzofood.com\/fr\/#organization"},"potentialAction":[{"@type":"SearchAction","target":{"@type":"EntryPoint","urlTemplate":"https:\/\/www.bertazzofood.com\/fr\/?s={search_term_string}"},"query-input":{"@type":"PropertyValueSpecification","valueRequired":true,"valueName":"search_term_string"}}],"inLanguage":"fr-FR"},{"@type":"Organization","@id":"https:\/\/www.bertazzofood.com\/fr\/#organization","name":"Bertazzo Italian Quality Food S.a.s. di Bertazzo Fabio & C.","alternateName":"Bertazzo Food","url":"https:\/\/www.bertazzofood.com\/fr\/","logo":{"@type":"ImageObject","inLanguage":"fr-FR","@id":"https:\/\/www.bertazzofood.com\/fr\/#\/schema\/logo\/image\/","url":"https:\/\/www.bertazzofood.com\/wp-content\/uploads\/2024\/06\/logo-bertazzo.webp","contentUrl":"https:\/\/www.bertazzofood.com\/wp-content\/uploads\/2024\/06\/logo-bertazzo.webp","width":410,"height":166,"caption":"Bertazzo Italian Quality Food S.a.s. di Bertazzo Fabio & C."},"image":{"@id":"https:\/\/www.bertazzofood.com\/fr\/#\/schema\/logo\/image\/"},"sameAs":["https:\/\/www.facebook.com\/BertazzoItalianQualityFood","https:\/\/www.instagram.com\/bertazzo_italian_quality_food\/"]}]}},"_links":{"self":[{"href":"https:\/\/www.bertazzofood.com\/fr\/wp-json\/wp\/v2\/product\/12718","targetHints":{"allow":["GET"]}}],"collection":[{"href":"https:\/\/www.bertazzofood.com\/fr\/wp-json\/wp\/v2\/product"}],"about":[{"href":"https:\/\/www.bertazzofood.com\/fr\/wp-json\/wp\/v2\/types\/product"}],"replies":[{"embeddable":true,"href":"https:\/\/www.bertazzofood.com\/fr\/wp-json\/wp\/v2\/comments?post=12718"}],"version-history":[{"count":1,"href":"https:\/\/www.bertazzofood.com\/fr\/wp-json\/wp\/v2\/product\/12718\/revisions"}],"predecessor-version":[{"id":34112,"href":"https:\/\/www.bertazzofood.com\/fr\/wp-json\/wp\/v2\/product\/12718\/revisions\/34112"}],"wp:featuredmedia":[{"embeddable":true,"href":"https:\/\/www.bertazzofood.com\/fr\/wp-json\/wp\/v2\/media\/6141"}],"wp:attachment":[{"href":"https:\/\/www.bertazzofood.com\/fr\/wp-json\/wp\/v2\/media?parent=12718"}],"wp:term":[{"taxonomy":"product_brand","embeddable":true,"href":"https:\/\/www.bertazzofood.com\/fr\/wp-json\/wp\/v2\/product_brand?post=12718"},{"taxonomy":"product_cat","embeddable":true,"href":"https:\/\/www.bertazzofood.com\/fr\/wp-json\/wp\/v2\/product_cat?post=12718"},{"taxonomy":"product_tag","embeddable":true,"href":"https:\/\/www.bertazzofood.com\/fr\/wp-json\/wp\/v2\/product_tag?post=12718"},{"taxonomy":"brands","embeddable":true,"href":"https:\/\/www.bertazzofood.com\/fr\/wp-json\/wp\/v2\/brands?post=12718"},{"taxonomy":"flag_home","embeddable":true,"href":"https:\/\/www.bertazzofood.com\/fr\/wp-json\/wp\/v2\/flag_home?post=12718"}],"curies":[{"name":"wp","href":"https:\/\/api.w.org\/{rel}","templated":true}]}}