{"id":12628,"date":"2021-04-20T13:26:16","date_gmt":"2021-04-20T11:26:16","guid":{"rendered":"https:\/\/thegarden.it\/staging8\/prodotto\/moulin-a-cafe-fiorenzato-allground-sauge-argent-satine\/"},"modified":"2024-06-23T22:39:37","modified_gmt":"2024-06-23T20:39:37","slug":"moulin-a-cafe-fiorenzato-allground-sauge-argent-satine","status":"publish","type":"product","link":"https:\/\/www.bertazzofood.com\/fr\/prodotto\/moulin-a-cafe-fiorenzato-allground-sauge-argent-satine\/","title":{"rendered":"Moulin \u00e0 caf\u00e9 Fiorenzato AllGround sauge &#038; argent satin\u00e9"},"content":{"rendered":"<p><strong><em>Fiorenzato AllGround<\/em><\/strong>\u00a0 is a new high-performance coffee grinder for the domestic channel and the Specialty Coffee world. A coffee grinder very versatile and easy to use,\u00a0that ensures maximum yield and enhancement of the aromatic notes of coffe, thanks to the instant grinding tailored for espresso, moka and filter.<\/p>\n<p><strong><u>Rotating ring nut:<\/u><\/strong><br \/>\nSoft to the touch, easy to turn and precise as a watch bezel, divided into three areas: Espresso, Moka and Filter.<br \/>\nAt the end of the stroke, the\u00a0easy-open\u00a0button is activated, which allows you to open and quickly clean the grinding chamber.<\/p>\n<p><strong><u>64 mm burrs with titanium coating:<\/u><\/strong><br \/>\nAllGround burrs are made of M340 steel, a material created as a food grade application, and have 64mm diameter with titanium coating, to ensure a long life \u2013 they can grind up to 1,400 kg of coffee.<br \/>\nThanks to the geometry and the inclinations specifically designed by the R&amp;D team for AllGround, each type of grinding expresses the maximum performance and aroma.<\/p>\n<p>Main features:<\/p>\n<ul>\n<li>Ring nut micrometric grinding adjustment: continuous<\/li>\n<li>Fork: adjustable, with support<\/li>\n<li>Power: 250 watt<\/li>\n<li>Burrs type: flat with titanium coating<\/li>\n<li>Burrs diameter: \u00d8 64 mm<\/li>\n<li>Burrs revs: 1400\/min (50 Hz) \u2013 1600\/min (60 Hz)<\/li>\n<li>Dose adjustment: in seconds<\/li>\n<li>Coffee bean hopper capacity: 250 g<\/li>\n<li>Net weight: 9 kg<\/li>\n<li>Dimensions: 169x440x240 mm<\/li>\n<li>Recommended consumption: Up to 1 kg per day<\/li>\n<li>Burrs life: 1400 kg<\/li>\n<\/ul>\n<p><strong><a href=\"https:\/\/youtu.be\/-xfSbszIOuM\">Click here to see the video of AllGround<\/a><\/strong><\/p>\n<p><strong>24 mois de garantie<\/strong>.<\/p>\n<p><strong>Livraison gratuite<\/strong>.<\/p>\n","protected":false},"excerpt":{"rendered":"<p>Fiorenzato AllGround\u00a0 is a new high-performance coffee grinder for the domestic channel and the Specialty Coffee world. A coffee grinder very versatile and easy to use,\u00a0that ensures maximum yield and enhancement of the aromatic notes of coffe, thanks to the instant grinding tailored for espresso, moka and filter. Rotating ring nut: Soft to the touch, [&hellip;]<\/p>\n","protected":false},"featured_media":5926,"comment_status":"open","ping_status":"closed","template":"","meta":{"_acf_changed":false,"iawp_total_views":32},"product_brand":[],"product_cat":[1219,1235],"product_tag":[1556],"brands":[1640],"flag_home":[],"class_list":{"0":"post-12628","1":"product","2":"type-product","3":"status-publish","4":"has-post-thumbnail","6":"product_cat-equipements-cafe","7":"product_cat-moulin-a-cafe","8":"product_tag-ads-ottobre-2024-fr","9":"pa_diametro-macine-64-mm","10":"pa_garanzia-24-mois","11":"pa_tipo-macinacaffe-a-la-demande","12":"brands-fiorenzato","14":"first","15":"outofstock","16":"taxable","17":"shipping-taxable","18":"purchasable","19":"product-type-simple"},"acf":[],"yoast_head":"<!-- This site is optimized with the Yoast SEO plugin v27.5 - https:\/\/yoast.com\/product\/yoast-seo-wordpress\/ -->\n<title>Moulin \u00e0 caf\u00e9 Fiorenzato AllGround sauge &amp; argent satin\u00e9<\/title>\n<meta name=\"robots\" content=\"index, follow, max-snippet:-1, max-image-preview:large, max-video-preview:-1\" \/>\n<link rel=\"canonical\" href=\"https:\/\/www.bertazzofood.com\/fr\/prodotto\/moulin-a-cafe-fiorenzato-allground-sauge-argent-satine\/\" \/>\n<meta property=\"og:locale\" content=\"fr_FR\" \/>\n<meta property=\"og:type\" content=\"article\" \/>\n<meta property=\"og:title\" content=\"Moulin \u00e0 caf\u00e9 Fiorenzato AllGround sauge &amp; argent satin\u00e9\" \/>\n<meta property=\"og:description\" content=\"Fiorenzato AllGround\u00a0 is a new high-performance coffee grinder for the domestic channel and the Specialty Coffee world. A coffee grinder very versatile and easy to use,\u00a0that ensures maximum yield and enhancement of the aromatic notes of coffe, thanks to the instant grinding tailored for espresso, moka and filter. Rotating ring nut: Soft to the touch, [&hellip;]\" \/>\n<meta property=\"og:url\" content=\"https:\/\/www.bertazzofood.com\/fr\/prodotto\/moulin-a-cafe-fiorenzato-allground-sauge-argent-satine\/\" \/>\n<meta property=\"og:site_name\" content=\"Bertazzo Food\" \/>\n<meta property=\"article:publisher\" content=\"https:\/\/www.facebook.com\/BertazzoItalianQualityFood\" \/>\n<meta property=\"article:modified_time\" content=\"2024-06-23T20:39:37+00:00\" \/>\n<meta property=\"og:image\" content=\"https:\/\/www.bertazzofood.com\/wp-content\/uploads\/2024\/06\/Fiorenzato-Allground-sage-silver-2.jpg\" \/>\n\t<meta property=\"og:image:width\" content=\"800\" \/>\n\t<meta property=\"og:image:height\" content=\"800\" \/>\n\t<meta property=\"og:image:type\" content=\"image\/jpeg\" \/>\n<meta name=\"twitter:card\" content=\"summary_large_image\" \/>\n<meta name=\"twitter:label1\" content=\"Dur\u00e9e de lecture estim\u00e9e\" \/>\n\t<meta name=\"twitter:data1\" content=\"1 minute\" \/>\n<script type=\"application\/ld+json\" class=\"yoast-schema-graph\">{\"@context\":\"https:\\\/\\\/schema.org\",\"@graph\":[{\"@type\":\"WebPage\",\"@id\":\"https:\\\/\\\/www.bertazzofood.com\\\/fr\\\/prodotto\\\/moulin-a-cafe-fiorenzato-allground-sauge-argent-satine\\\/\",\"url\":\"https:\\\/\\\/www.bertazzofood.com\\\/fr\\\/prodotto\\\/moulin-a-cafe-fiorenzato-allground-sauge-argent-satine\\\/\",\"name\":\"Moulin \u00e0 caf\u00e9 Fiorenzato AllGround sauge & argent satin\u00e9\",\"isPartOf\":{\"@id\":\"https:\\\/\\\/www.bertazzofood.com\\\/fr\\\/#website\"},\"primaryImageOfPage\":{\"@id\":\"https:\\\/\\\/www.bertazzofood.com\\\/fr\\\/prodotto\\\/moulin-a-cafe-fiorenzato-allground-sauge-argent-satine\\\/#primaryimage\"},\"image\":{\"@id\":\"https:\\\/\\\/www.bertazzofood.com\\\/fr\\\/prodotto\\\/moulin-a-cafe-fiorenzato-allground-sauge-argent-satine\\\/#primaryimage\"},\"thumbnailUrl\":\"https:\\\/\\\/www.bertazzofood.com\\\/wp-content\\\/uploads\\\/2024\\\/06\\\/Fiorenzato-Allground-sage-silver-2.jpg\",\"datePublished\":\"2021-04-20T11:26:16+00:00\",\"dateModified\":\"2024-06-23T20:39:37+00:00\",\"breadcrumb\":{\"@id\":\"https:\\\/\\\/www.bertazzofood.com\\\/fr\\\/prodotto\\\/moulin-a-cafe-fiorenzato-allground-sauge-argent-satine\\\/#breadcrumb\"},\"inLanguage\":\"fr-FR\",\"potentialAction\":[{\"@type\":\"ReadAction\",\"target\":[\"https:\\\/\\\/www.bertazzofood.com\\\/fr\\\/prodotto\\\/moulin-a-cafe-fiorenzato-allground-sauge-argent-satine\\\/\"]}]},{\"@type\":\"ImageObject\",\"inLanguage\":\"fr-FR\",\"@id\":\"https:\\\/\\\/www.bertazzofood.com\\\/fr\\\/prodotto\\\/moulin-a-cafe-fiorenzato-allground-sauge-argent-satine\\\/#primaryimage\",\"url\":\"https:\\\/\\\/www.bertazzofood.com\\\/wp-content\\\/uploads\\\/2024\\\/06\\\/Fiorenzato-Allground-sage-silver-2.jpg\",\"contentUrl\":\"https:\\\/\\\/www.bertazzofood.com\\\/wp-content\\\/uploads\\\/2024\\\/06\\\/Fiorenzato-Allground-sage-silver-2.jpg\",\"width\":800,\"height\":800},{\"@type\":\"BreadcrumbList\",\"@id\":\"https:\\\/\\\/www.bertazzofood.com\\\/fr\\\/prodotto\\\/moulin-a-cafe-fiorenzato-allground-sauge-argent-satine\\\/#breadcrumb\",\"itemListElement\":[{\"@type\":\"ListItem\",\"position\":1,\"name\":\"Home\",\"item\":\"https:\\\/\\\/www.bertazzofood.com\\\/fr\\\/homepage\\\/\"},{\"@type\":\"ListItem\",\"position\":2,\"name\":\"Produits\",\"item\":\"https:\\\/\\\/www.bertazzofood.com\\\/fr\\\/shop\\\/\"},{\"@type\":\"ListItem\",\"position\":3,\"name\":\"Moulin \u00e0 caf\u00e9 Fiorenzato AllGround sauge &#038; argent satin\u00e9\"}]},{\"@type\":\"WebSite\",\"@id\":\"https:\\\/\\\/www.bertazzofood.com\\\/fr\\\/#website\",\"url\":\"https:\\\/\\\/www.bertazzofood.com\\\/fr\\\/\",\"name\":\"Bertazzo Food\",\"description\":\"Prodotti Alimentari Italiani Online e Macchine Da Caff\u00e8\",\"publisher\":{\"@id\":\"https:\\\/\\\/www.bertazzofood.com\\\/fr\\\/#organization\"},\"potentialAction\":[{\"@type\":\"SearchAction\",\"target\":{\"@type\":\"EntryPoint\",\"urlTemplate\":\"https:\\\/\\\/www.bertazzofood.com\\\/fr\\\/?s={search_term_string}\"},\"query-input\":{\"@type\":\"PropertyValueSpecification\",\"valueRequired\":true,\"valueName\":\"search_term_string\"}}],\"inLanguage\":\"fr-FR\"},{\"@type\":\"Organization\",\"@id\":\"https:\\\/\\\/www.bertazzofood.com\\\/fr\\\/#organization\",\"name\":\"Bertazzo Italian Quality Food S.a.s. di Bertazzo Fabio & C.\",\"alternateName\":\"Bertazzo Food\",\"url\":\"https:\\\/\\\/www.bertazzofood.com\\\/fr\\\/\",\"logo\":{\"@type\":\"ImageObject\",\"inLanguage\":\"fr-FR\",\"@id\":\"https:\\\/\\\/www.bertazzofood.com\\\/fr\\\/#\\\/schema\\\/logo\\\/image\\\/\",\"url\":\"https:\\\/\\\/www.bertazzofood.com\\\/wp-content\\\/uploads\\\/2024\\\/06\\\/logo-bertazzo.webp\",\"contentUrl\":\"https:\\\/\\\/www.bertazzofood.com\\\/wp-content\\\/uploads\\\/2024\\\/06\\\/logo-bertazzo.webp\",\"width\":410,\"height\":166,\"caption\":\"Bertazzo Italian Quality Food S.a.s. di Bertazzo Fabio & C.\"},\"image\":{\"@id\":\"https:\\\/\\\/www.bertazzofood.com\\\/fr\\\/#\\\/schema\\\/logo\\\/image\\\/\"},\"sameAs\":[\"https:\\\/\\\/www.facebook.com\\\/BertazzoItalianQualityFood\",\"https:\\\/\\\/www.instagram.com\\\/bertazzo_italian_quality_food\\\/\"]}]}<\/script>\n<!-- \/ Yoast SEO plugin. -->","yoast_head_json":{"title":"Moulin \u00e0 caf\u00e9 Fiorenzato AllGround sauge & argent satin\u00e9","robots":{"index":"index","follow":"follow","max-snippet":"max-snippet:-1","max-image-preview":"max-image-preview:large","max-video-preview":"max-video-preview:-1"},"canonical":"https:\/\/www.bertazzofood.com\/fr\/prodotto\/moulin-a-cafe-fiorenzato-allground-sauge-argent-satine\/","og_locale":"fr_FR","og_type":"article","og_title":"Moulin \u00e0 caf\u00e9 Fiorenzato AllGround sauge & argent satin\u00e9","og_description":"Fiorenzato AllGround\u00a0 is a new high-performance coffee grinder for the domestic channel and the Specialty Coffee world. A coffee grinder very versatile and easy to use,\u00a0that ensures maximum yield and enhancement of the aromatic notes of coffe, thanks to the instant grinding tailored for espresso, moka and filter. Rotating ring nut: Soft to the touch, [&hellip;]","og_url":"https:\/\/www.bertazzofood.com\/fr\/prodotto\/moulin-a-cafe-fiorenzato-allground-sauge-argent-satine\/","og_site_name":"Bertazzo Food","article_publisher":"https:\/\/www.facebook.com\/BertazzoItalianQualityFood","article_modified_time":"2024-06-23T20:39:37+00:00","og_image":[{"width":800,"height":800,"url":"https:\/\/www.bertazzofood.com\/wp-content\/uploads\/2024\/06\/Fiorenzato-Allground-sage-silver-2.jpg","type":"image\/jpeg"}],"twitter_card":"summary_large_image","twitter_misc":{"Dur\u00e9e de lecture estim\u00e9e":"1 minute"},"schema":{"@context":"https:\/\/schema.org","@graph":[{"@type":"WebPage","@id":"https:\/\/www.bertazzofood.com\/fr\/prodotto\/moulin-a-cafe-fiorenzato-allground-sauge-argent-satine\/","url":"https:\/\/www.bertazzofood.com\/fr\/prodotto\/moulin-a-cafe-fiorenzato-allground-sauge-argent-satine\/","name":"Moulin \u00e0 caf\u00e9 Fiorenzato AllGround sauge & argent satin\u00e9","isPartOf":{"@id":"https:\/\/www.bertazzofood.com\/fr\/#website"},"primaryImageOfPage":{"@id":"https:\/\/www.bertazzofood.com\/fr\/prodotto\/moulin-a-cafe-fiorenzato-allground-sauge-argent-satine\/#primaryimage"},"image":{"@id":"https:\/\/www.bertazzofood.com\/fr\/prodotto\/moulin-a-cafe-fiorenzato-allground-sauge-argent-satine\/#primaryimage"},"thumbnailUrl":"https:\/\/www.bertazzofood.com\/wp-content\/uploads\/2024\/06\/Fiorenzato-Allground-sage-silver-2.jpg","datePublished":"2021-04-20T11:26:16+00:00","dateModified":"2024-06-23T20:39:37+00:00","breadcrumb":{"@id":"https:\/\/www.bertazzofood.com\/fr\/prodotto\/moulin-a-cafe-fiorenzato-allground-sauge-argent-satine\/#breadcrumb"},"inLanguage":"fr-FR","potentialAction":[{"@type":"ReadAction","target":["https:\/\/www.bertazzofood.com\/fr\/prodotto\/moulin-a-cafe-fiorenzato-allground-sauge-argent-satine\/"]}]},{"@type":"ImageObject","inLanguage":"fr-FR","@id":"https:\/\/www.bertazzofood.com\/fr\/prodotto\/moulin-a-cafe-fiorenzato-allground-sauge-argent-satine\/#primaryimage","url":"https:\/\/www.bertazzofood.com\/wp-content\/uploads\/2024\/06\/Fiorenzato-Allground-sage-silver-2.jpg","contentUrl":"https:\/\/www.bertazzofood.com\/wp-content\/uploads\/2024\/06\/Fiorenzato-Allground-sage-silver-2.jpg","width":800,"height":800},{"@type":"BreadcrumbList","@id":"https:\/\/www.bertazzofood.com\/fr\/prodotto\/moulin-a-cafe-fiorenzato-allground-sauge-argent-satine\/#breadcrumb","itemListElement":[{"@type":"ListItem","position":1,"name":"Home","item":"https:\/\/www.bertazzofood.com\/fr\/homepage\/"},{"@type":"ListItem","position":2,"name":"Produits","item":"https:\/\/www.bertazzofood.com\/fr\/shop\/"},{"@type":"ListItem","position":3,"name":"Moulin \u00e0 caf\u00e9 Fiorenzato AllGround sauge &#038; argent satin\u00e9"}]},{"@type":"WebSite","@id":"https:\/\/www.bertazzofood.com\/fr\/#website","url":"https:\/\/www.bertazzofood.com\/fr\/","name":"Bertazzo Food","description":"Prodotti Alimentari Italiani Online e Macchine Da Caff\u00e8","publisher":{"@id":"https:\/\/www.bertazzofood.com\/fr\/#organization"},"potentialAction":[{"@type":"SearchAction","target":{"@type":"EntryPoint","urlTemplate":"https:\/\/www.bertazzofood.com\/fr\/?s={search_term_string}"},"query-input":{"@type":"PropertyValueSpecification","valueRequired":true,"valueName":"search_term_string"}}],"inLanguage":"fr-FR"},{"@type":"Organization","@id":"https:\/\/www.bertazzofood.com\/fr\/#organization","name":"Bertazzo Italian Quality Food S.a.s. di Bertazzo Fabio & C.","alternateName":"Bertazzo Food","url":"https:\/\/www.bertazzofood.com\/fr\/","logo":{"@type":"ImageObject","inLanguage":"fr-FR","@id":"https:\/\/www.bertazzofood.com\/fr\/#\/schema\/logo\/image\/","url":"https:\/\/www.bertazzofood.com\/wp-content\/uploads\/2024\/06\/logo-bertazzo.webp","contentUrl":"https:\/\/www.bertazzofood.com\/wp-content\/uploads\/2024\/06\/logo-bertazzo.webp","width":410,"height":166,"caption":"Bertazzo Italian Quality Food S.a.s. di Bertazzo Fabio & C."},"image":{"@id":"https:\/\/www.bertazzofood.com\/fr\/#\/schema\/logo\/image\/"},"sameAs":["https:\/\/www.facebook.com\/BertazzoItalianQualityFood","https:\/\/www.instagram.com\/bertazzo_italian_quality_food\/"]}]}},"_links":{"self":[{"href":"https:\/\/www.bertazzofood.com\/fr\/wp-json\/wp\/v2\/product\/12628","targetHints":{"allow":["GET"]}}],"collection":[{"href":"https:\/\/www.bertazzofood.com\/fr\/wp-json\/wp\/v2\/product"}],"about":[{"href":"https:\/\/www.bertazzofood.com\/fr\/wp-json\/wp\/v2\/types\/product"}],"replies":[{"embeddable":true,"href":"https:\/\/www.bertazzofood.com\/fr\/wp-json\/wp\/v2\/comments?post=12628"}],"version-history":[{"count":0,"href":"https:\/\/www.bertazzofood.com\/fr\/wp-json\/wp\/v2\/product\/12628\/revisions"}],"wp:featuredmedia":[{"embeddable":true,"href":"https:\/\/www.bertazzofood.com\/fr\/wp-json\/wp\/v2\/media\/5926"}],"wp:attachment":[{"href":"https:\/\/www.bertazzofood.com\/fr\/wp-json\/wp\/v2\/media?parent=12628"}],"wp:term":[{"taxonomy":"product_brand","embeddable":true,"href":"https:\/\/www.bertazzofood.com\/fr\/wp-json\/wp\/v2\/product_brand?post=12628"},{"taxonomy":"product_cat","embeddable":true,"href":"https:\/\/www.bertazzofood.com\/fr\/wp-json\/wp\/v2\/product_cat?post=12628"},{"taxonomy":"product_tag","embeddable":true,"href":"https:\/\/www.bertazzofood.com\/fr\/wp-json\/wp\/v2\/product_tag?post=12628"},{"taxonomy":"brands","embeddable":true,"href":"https:\/\/www.bertazzofood.com\/fr\/wp-json\/wp\/v2\/brands?post=12628"},{"taxonomy":"flag_home","embeddable":true,"href":"https:\/\/www.bertazzofood.com\/fr\/wp-json\/wp\/v2\/flag_home?post=12628"}],"curies":[{"name":"wp","href":"https:\/\/api.w.org\/{rel}","templated":true}]}}