{"id":12518,"date":"2020-11-10T10:28:50","date_gmt":"2020-11-10T09:28:50","guid":{"rendered":"https:\/\/thegarden.it\/staging8\/prodotto\/machine-a-cafe-faema-e61-jubile\/"},"modified":"2024-06-23T22:38:52","modified_gmt":"2024-06-23T20:38:52","slug":"machine-a-cafe-faema-e61-jubile","status":"publish","type":"product","link":"https:\/\/www.bertazzofood.com\/fr\/prodotto\/machine-a-cafe-faema-e61-jubile\/","title":{"rendered":"Machine \u00e0 caf\u00e9 FAEMA E61 Jubil\u00e9"},"content":{"rendered":"<div class=\"field field-name-field-titolo-header-prodotto field-type-text-long field-label-hidden\">\n<div class=\"field-items\">\n<div class=\"field-item even\">\n<p><em><strong>Faema E61<\/strong><\/em> est la machine qui a \u00e9crit l&#8217;histoire. L&#8217;histoire continue: aujourd\u2019hui Faema propose une r\u00e9\u00e9dition de son joyau. Toujours fid\u00e8le \u00e0 sa forme et \u00e0 ses mat\u00e9riaux d&#8217;origine , la E61 a b\u00e9n\u00e9fici\u00e9 de l&#8217;apport de nouveaut\u00e9s techniques.<\/p>\n<\/div>\n<\/div>\n<\/div>\n<p>\u2022 Version automatique &#8220;Jubil\u00e9&#8221;, qui permet le dosage des s\u00e9lections d&#8217;eau et de caf\u00e9<\/p>\n<p>\u2022 Capacit\u00e9 de la chaudi\u00e8re 6L<\/p>\n<p>\u2022 1 Lance de l\u2019eau chaude<\/p>\n<p>\u2022 1 Buse vapeur<\/p>\n<p>\u2022 Niveau chaudi\u00e8re automatique<\/p>\n<p>\u2022 Manom\u00e8tre double pour le contr\u00f4le de la pression de la pompe et de la chaudi\u00e8re<\/p>\n<p>\u2022 Puissance maximum: 3300W<\/p>\n<p>\u2022 Voltage 220-240-380V 50Hz<\/p>\n<p>\u2022 Weight 51 kg<\/p>\n<p>\u2022 Diam\u00e8tre du filtre 58 mm<\/p>\n<p class=\"name\"><strong>24 mois de garantie.<\/strong><\/p>\n<p><strong>Livraison gratuite.\u00a0<\/strong><\/p>\n","protected":false},"excerpt":{"rendered":"<p>Faema E61 est la machine qui a \u00e9crit l&#8217;histoire. L&#8217;histoire continue: aujourd\u2019hui Faema propose une r\u00e9\u00e9dition de son joyau. Toujours fid\u00e8le \u00e0 sa forme et \u00e0 ses mat\u00e9riaux d&#8217;origine , la E61 a b\u00e9n\u00e9fici\u00e9 de l&#8217;apport de nouveaut\u00e9s techniques. \u2022 Version automatique &#8220;Jubil\u00e9&#8221;, qui permet le dosage des s\u00e9lections d&#8217;eau et de caf\u00e9 \u2022 Capacit\u00e9 [&hellip;]<\/p>\n","protected":false},"featured_media":5648,"comment_status":"open","ping_status":"closed","template":"","meta":{"_acf_changed":false,"iawp_total_views":105},"product_brand":[],"product_cat":[1219,1233],"product_tag":[],"brands":[1745],"flag_home":[],"class_list":{"0":"post-12518","1":"product","2":"type-product","3":"status-publish","4":"has-post-thumbnail","6":"product_cat-equipements-cafe","7":"product_cat-machines-a-cafe-espresso","8":"pa_garanzia-24-mois","9":"pa_tipo-di-alimentazione-acqua-connexion-directe-au-reseau-hydrique","10":"pa_tipo-di-caldaia-une-chaudiere","11":"pa_tipo-di-pompa-rotative","12":"brands-faema","14":"first","15":"instock","16":"taxable","17":"shipping-taxable","18":"purchasable","19":"product-type-simple"},"acf":[],"yoast_head":"<!-- This site is optimized with the Yoast SEO plugin v27.5 - https:\/\/yoast.com\/product\/yoast-seo-wordpress\/ -->\n<title>Machine \u00e0 caf\u00e9 FAEMA E61 Jubil\u00e9<\/title>\n<meta name=\"robots\" content=\"index, follow, max-snippet:-1, max-image-preview:large, max-video-preview:-1\" \/>\n<link rel=\"canonical\" href=\"https:\/\/www.bertazzofood.com\/fr\/prodotto\/machine-a-cafe-faema-e61-jubile\/\" \/>\n<meta property=\"og:locale\" content=\"fr_FR\" \/>\n<meta property=\"og:type\" content=\"article\" \/>\n<meta property=\"og:title\" content=\"Machine \u00e0 caf\u00e9 FAEMA E61 Jubil\u00e9\" \/>\n<meta property=\"og:description\" content=\"Faema E61 est la machine qui a \u00e9crit l&#8217;histoire. L&#8217;histoire continue: aujourd\u2019hui Faema propose une r\u00e9\u00e9dition de son joyau. Toujours fid\u00e8le \u00e0 sa forme et \u00e0 ses mat\u00e9riaux d&#8217;origine , la E61 a b\u00e9n\u00e9fici\u00e9 de l&#8217;apport de nouveaut\u00e9s techniques. \u2022 Version automatique &#8220;Jubil\u00e9&#8221;, qui permet le dosage des s\u00e9lections d&#8217;eau et de caf\u00e9 \u2022 Capacit\u00e9 [&hellip;]\" \/>\n<meta property=\"og:url\" content=\"https:\/\/www.bertazzofood.com\/fr\/prodotto\/machine-a-cafe-faema-e61-jubile\/\" \/>\n<meta property=\"og:site_name\" content=\"Bertazzo Food\" \/>\n<meta property=\"article:publisher\" content=\"https:\/\/www.facebook.com\/BertazzoItalianQualityFood\" \/>\n<meta property=\"article:modified_time\" content=\"2024-06-23T20:38:52+00:00\" \/>\n<meta property=\"og:image\" content=\"https:\/\/www.bertazzofood.com\/wp-content\/uploads\/2024\/06\/Faema-E61-Jubile-1-2.jpg\" \/>\n\t<meta property=\"og:image:width\" content=\"800\" \/>\n\t<meta property=\"og:image:height\" content=\"800\" \/>\n\t<meta property=\"og:image:type\" content=\"image\/jpeg\" \/>\n<meta name=\"twitter:card\" content=\"summary_large_image\" \/>\n<meta name=\"twitter:label1\" content=\"Dur\u00e9e de lecture estim\u00e9e\" \/>\n\t<meta name=\"twitter:data1\" content=\"1 minute\" \/>\n<script type=\"application\/ld+json\" class=\"yoast-schema-graph\">{\"@context\":\"https:\\\/\\\/schema.org\",\"@graph\":[{\"@type\":\"WebPage\",\"@id\":\"https:\\\/\\\/www.bertazzofood.com\\\/fr\\\/prodotto\\\/machine-a-cafe-faema-e61-jubile\\\/\",\"url\":\"https:\\\/\\\/www.bertazzofood.com\\\/fr\\\/prodotto\\\/machine-a-cafe-faema-e61-jubile\\\/\",\"name\":\"Machine \u00e0 caf\u00e9 FAEMA E61 Jubil\u00e9\",\"isPartOf\":{\"@id\":\"https:\\\/\\\/www.bertazzofood.com\\\/fr\\\/#website\"},\"primaryImageOfPage\":{\"@id\":\"https:\\\/\\\/www.bertazzofood.com\\\/fr\\\/prodotto\\\/machine-a-cafe-faema-e61-jubile\\\/#primaryimage\"},\"image\":{\"@id\":\"https:\\\/\\\/www.bertazzofood.com\\\/fr\\\/prodotto\\\/machine-a-cafe-faema-e61-jubile\\\/#primaryimage\"},\"thumbnailUrl\":\"https:\\\/\\\/www.bertazzofood.com\\\/wp-content\\\/uploads\\\/2024\\\/06\\\/Faema-E61-Jubile-1-2.jpg\",\"datePublished\":\"2020-11-10T09:28:50+00:00\",\"dateModified\":\"2024-06-23T20:38:52+00:00\",\"breadcrumb\":{\"@id\":\"https:\\\/\\\/www.bertazzofood.com\\\/fr\\\/prodotto\\\/machine-a-cafe-faema-e61-jubile\\\/#breadcrumb\"},\"inLanguage\":\"fr-FR\",\"potentialAction\":[{\"@type\":\"ReadAction\",\"target\":[\"https:\\\/\\\/www.bertazzofood.com\\\/fr\\\/prodotto\\\/machine-a-cafe-faema-e61-jubile\\\/\"]}]},{\"@type\":\"ImageObject\",\"inLanguage\":\"fr-FR\",\"@id\":\"https:\\\/\\\/www.bertazzofood.com\\\/fr\\\/prodotto\\\/machine-a-cafe-faema-e61-jubile\\\/#primaryimage\",\"url\":\"https:\\\/\\\/www.bertazzofood.com\\\/wp-content\\\/uploads\\\/2024\\\/06\\\/Faema-E61-Jubile-1-2.jpg\",\"contentUrl\":\"https:\\\/\\\/www.bertazzofood.com\\\/wp-content\\\/uploads\\\/2024\\\/06\\\/Faema-E61-Jubile-1-2.jpg\",\"width\":800,\"height\":800},{\"@type\":\"BreadcrumbList\",\"@id\":\"https:\\\/\\\/www.bertazzofood.com\\\/fr\\\/prodotto\\\/machine-a-cafe-faema-e61-jubile\\\/#breadcrumb\",\"itemListElement\":[{\"@type\":\"ListItem\",\"position\":1,\"name\":\"Home\",\"item\":\"https:\\\/\\\/www.bertazzofood.com\\\/fr\\\/homepage\\\/\"},{\"@type\":\"ListItem\",\"position\":2,\"name\":\"Produits\",\"item\":\"https:\\\/\\\/www.bertazzofood.com\\\/fr\\\/shop\\\/\"},{\"@type\":\"ListItem\",\"position\":3,\"name\":\"Machine \u00e0 caf\u00e9 FAEMA E61 Jubil\u00e9\"}]},{\"@type\":\"WebSite\",\"@id\":\"https:\\\/\\\/www.bertazzofood.com\\\/fr\\\/#website\",\"url\":\"https:\\\/\\\/www.bertazzofood.com\\\/fr\\\/\",\"name\":\"Bertazzo Food\",\"description\":\"Prodotti Alimentari Italiani Online e Macchine Da Caff\u00e8\",\"publisher\":{\"@id\":\"https:\\\/\\\/www.bertazzofood.com\\\/fr\\\/#organization\"},\"potentialAction\":[{\"@type\":\"SearchAction\",\"target\":{\"@type\":\"EntryPoint\",\"urlTemplate\":\"https:\\\/\\\/www.bertazzofood.com\\\/fr\\\/?s={search_term_string}\"},\"query-input\":{\"@type\":\"PropertyValueSpecification\",\"valueRequired\":true,\"valueName\":\"search_term_string\"}}],\"inLanguage\":\"fr-FR\"},{\"@type\":\"Organization\",\"@id\":\"https:\\\/\\\/www.bertazzofood.com\\\/fr\\\/#organization\",\"name\":\"Bertazzo Italian Quality Food S.a.s. di Bertazzo Fabio & C.\",\"alternateName\":\"Bertazzo Food\",\"url\":\"https:\\\/\\\/www.bertazzofood.com\\\/fr\\\/\",\"logo\":{\"@type\":\"ImageObject\",\"inLanguage\":\"fr-FR\",\"@id\":\"https:\\\/\\\/www.bertazzofood.com\\\/fr\\\/#\\\/schema\\\/logo\\\/image\\\/\",\"url\":\"https:\\\/\\\/www.bertazzofood.com\\\/wp-content\\\/uploads\\\/2024\\\/06\\\/logo-bertazzo.webp\",\"contentUrl\":\"https:\\\/\\\/www.bertazzofood.com\\\/wp-content\\\/uploads\\\/2024\\\/06\\\/logo-bertazzo.webp\",\"width\":410,\"height\":166,\"caption\":\"Bertazzo Italian Quality Food S.a.s. di Bertazzo Fabio & C.\"},\"image\":{\"@id\":\"https:\\\/\\\/www.bertazzofood.com\\\/fr\\\/#\\\/schema\\\/logo\\\/image\\\/\"},\"sameAs\":[\"https:\\\/\\\/www.facebook.com\\\/BertazzoItalianQualityFood\",\"https:\\\/\\\/www.instagram.com\\\/bertazzo_italian_quality_food\\\/\"]}]}<\/script>\n<!-- \/ Yoast SEO plugin. -->","yoast_head_json":{"title":"Machine \u00e0 caf\u00e9 FAEMA E61 Jubil\u00e9","robots":{"index":"index","follow":"follow","max-snippet":"max-snippet:-1","max-image-preview":"max-image-preview:large","max-video-preview":"max-video-preview:-1"},"canonical":"https:\/\/www.bertazzofood.com\/fr\/prodotto\/machine-a-cafe-faema-e61-jubile\/","og_locale":"fr_FR","og_type":"article","og_title":"Machine \u00e0 caf\u00e9 FAEMA E61 Jubil\u00e9","og_description":"Faema E61 est la machine qui a \u00e9crit l&#8217;histoire. L&#8217;histoire continue: aujourd\u2019hui Faema propose une r\u00e9\u00e9dition de son joyau. Toujours fid\u00e8le \u00e0 sa forme et \u00e0 ses mat\u00e9riaux d&#8217;origine , la E61 a b\u00e9n\u00e9fici\u00e9 de l&#8217;apport de nouveaut\u00e9s techniques. \u2022 Version automatique &#8220;Jubil\u00e9&#8221;, qui permet le dosage des s\u00e9lections d&#8217;eau et de caf\u00e9 \u2022 Capacit\u00e9 [&hellip;]","og_url":"https:\/\/www.bertazzofood.com\/fr\/prodotto\/machine-a-cafe-faema-e61-jubile\/","og_site_name":"Bertazzo Food","article_publisher":"https:\/\/www.facebook.com\/BertazzoItalianQualityFood","article_modified_time":"2024-06-23T20:38:52+00:00","og_image":[{"width":800,"height":800,"url":"https:\/\/www.bertazzofood.com\/wp-content\/uploads\/2024\/06\/Faema-E61-Jubile-1-2.jpg","type":"image\/jpeg"}],"twitter_card":"summary_large_image","twitter_misc":{"Dur\u00e9e de lecture estim\u00e9e":"1 minute"},"schema":{"@context":"https:\/\/schema.org","@graph":[{"@type":"WebPage","@id":"https:\/\/www.bertazzofood.com\/fr\/prodotto\/machine-a-cafe-faema-e61-jubile\/","url":"https:\/\/www.bertazzofood.com\/fr\/prodotto\/machine-a-cafe-faema-e61-jubile\/","name":"Machine \u00e0 caf\u00e9 FAEMA E61 Jubil\u00e9","isPartOf":{"@id":"https:\/\/www.bertazzofood.com\/fr\/#website"},"primaryImageOfPage":{"@id":"https:\/\/www.bertazzofood.com\/fr\/prodotto\/machine-a-cafe-faema-e61-jubile\/#primaryimage"},"image":{"@id":"https:\/\/www.bertazzofood.com\/fr\/prodotto\/machine-a-cafe-faema-e61-jubile\/#primaryimage"},"thumbnailUrl":"https:\/\/www.bertazzofood.com\/wp-content\/uploads\/2024\/06\/Faema-E61-Jubile-1-2.jpg","datePublished":"2020-11-10T09:28:50+00:00","dateModified":"2024-06-23T20:38:52+00:00","breadcrumb":{"@id":"https:\/\/www.bertazzofood.com\/fr\/prodotto\/machine-a-cafe-faema-e61-jubile\/#breadcrumb"},"inLanguage":"fr-FR","potentialAction":[{"@type":"ReadAction","target":["https:\/\/www.bertazzofood.com\/fr\/prodotto\/machine-a-cafe-faema-e61-jubile\/"]}]},{"@type":"ImageObject","inLanguage":"fr-FR","@id":"https:\/\/www.bertazzofood.com\/fr\/prodotto\/machine-a-cafe-faema-e61-jubile\/#primaryimage","url":"https:\/\/www.bertazzofood.com\/wp-content\/uploads\/2024\/06\/Faema-E61-Jubile-1-2.jpg","contentUrl":"https:\/\/www.bertazzofood.com\/wp-content\/uploads\/2024\/06\/Faema-E61-Jubile-1-2.jpg","width":800,"height":800},{"@type":"BreadcrumbList","@id":"https:\/\/www.bertazzofood.com\/fr\/prodotto\/machine-a-cafe-faema-e61-jubile\/#breadcrumb","itemListElement":[{"@type":"ListItem","position":1,"name":"Home","item":"https:\/\/www.bertazzofood.com\/fr\/homepage\/"},{"@type":"ListItem","position":2,"name":"Produits","item":"https:\/\/www.bertazzofood.com\/fr\/shop\/"},{"@type":"ListItem","position":3,"name":"Machine \u00e0 caf\u00e9 FAEMA E61 Jubil\u00e9"}]},{"@type":"WebSite","@id":"https:\/\/www.bertazzofood.com\/fr\/#website","url":"https:\/\/www.bertazzofood.com\/fr\/","name":"Bertazzo Food","description":"Prodotti Alimentari Italiani Online e Macchine Da Caff\u00e8","publisher":{"@id":"https:\/\/www.bertazzofood.com\/fr\/#organization"},"potentialAction":[{"@type":"SearchAction","target":{"@type":"EntryPoint","urlTemplate":"https:\/\/www.bertazzofood.com\/fr\/?s={search_term_string}"},"query-input":{"@type":"PropertyValueSpecification","valueRequired":true,"valueName":"search_term_string"}}],"inLanguage":"fr-FR"},{"@type":"Organization","@id":"https:\/\/www.bertazzofood.com\/fr\/#organization","name":"Bertazzo Italian Quality Food S.a.s. di Bertazzo Fabio & C.","alternateName":"Bertazzo Food","url":"https:\/\/www.bertazzofood.com\/fr\/","logo":{"@type":"ImageObject","inLanguage":"fr-FR","@id":"https:\/\/www.bertazzofood.com\/fr\/#\/schema\/logo\/image\/","url":"https:\/\/www.bertazzofood.com\/wp-content\/uploads\/2024\/06\/logo-bertazzo.webp","contentUrl":"https:\/\/www.bertazzofood.com\/wp-content\/uploads\/2024\/06\/logo-bertazzo.webp","width":410,"height":166,"caption":"Bertazzo Italian Quality Food S.a.s. di Bertazzo Fabio & C."},"image":{"@id":"https:\/\/www.bertazzofood.com\/fr\/#\/schema\/logo\/image\/"},"sameAs":["https:\/\/www.facebook.com\/BertazzoItalianQualityFood","https:\/\/www.instagram.com\/bertazzo_italian_quality_food\/"]}]}},"_links":{"self":[{"href":"https:\/\/www.bertazzofood.com\/fr\/wp-json\/wp\/v2\/product\/12518","targetHints":{"allow":["GET"]}}],"collection":[{"href":"https:\/\/www.bertazzofood.com\/fr\/wp-json\/wp\/v2\/product"}],"about":[{"href":"https:\/\/www.bertazzofood.com\/fr\/wp-json\/wp\/v2\/types\/product"}],"replies":[{"embeddable":true,"href":"https:\/\/www.bertazzofood.com\/fr\/wp-json\/wp\/v2\/comments?post=12518"}],"version-history":[{"count":0,"href":"https:\/\/www.bertazzofood.com\/fr\/wp-json\/wp\/v2\/product\/12518\/revisions"}],"wp:featuredmedia":[{"embeddable":true,"href":"https:\/\/www.bertazzofood.com\/fr\/wp-json\/wp\/v2\/media\/5648"}],"wp:attachment":[{"href":"https:\/\/www.bertazzofood.com\/fr\/wp-json\/wp\/v2\/media?parent=12518"}],"wp:term":[{"taxonomy":"product_brand","embeddable":true,"href":"https:\/\/www.bertazzofood.com\/fr\/wp-json\/wp\/v2\/product_brand?post=12518"},{"taxonomy":"product_cat","embeddable":true,"href":"https:\/\/www.bertazzofood.com\/fr\/wp-json\/wp\/v2\/product_cat?post=12518"},{"taxonomy":"product_tag","embeddable":true,"href":"https:\/\/www.bertazzofood.com\/fr\/wp-json\/wp\/v2\/product_tag?post=12518"},{"taxonomy":"brands","embeddable":true,"href":"https:\/\/www.bertazzofood.com\/fr\/wp-json\/wp\/v2\/brands?post=12518"},{"taxonomy":"flag_home","embeddable":true,"href":"https:\/\/www.bertazzofood.com\/fr\/wp-json\/wp\/v2\/flag_home?post=12518"}],"curies":[{"name":"wp","href":"https:\/\/api.w.org\/{rel}","templated":true}]}}