{"id":12513,"date":"2020-11-09T09:40:24","date_gmt":"2020-11-09T08:40:24","guid":{"rendered":"https:\/\/thegarden.it\/staging8\/prodotto\/orchestrale-nota-joystick\/"},"modified":"2024-06-23T22:38:52","modified_gmt":"2024-06-23T20:38:52","slug":"orchestrale-nota-joystick","status":"publish","type":"product","link":"https:\/\/www.bertazzofood.com\/fr\/prodotto\/orchestrale-nota-joystick\/","title":{"rendered":"Orchestrale Nota Joystick"},"content":{"rendered":"<p class=\"name\"><strong><em>Orchestrale Nota <\/em><\/strong>est an machine professionnelle avec 1 groupe pour l&#8217;espresso, la plus petite de la collection, avec une distribution \u00e0 syst\u00e8me thermosiphon, un groupe rehauss\u00e9 E61 \u00e0 levier, une chaudi\u00e8re en cuivre de 3 lt., chargement de l&#8217;eau du bidon de 2,8 lt avec d\u00e9tecteur de niveau capacitif et directement par r\u00e9seau d&#8217;eau de ville, une pompe rotative professionelle pour la distribution du caf\u00e9, un thermostat de s\u00e9curit\u00e9 sur r\u00e9sistance, double manom\u00e8tre et un pressostat de r\u00e9glage manuel essentiel pour m\u00e9langes de caf\u00e9 differents.<\/p>\n<p class=\"description\">Fiche technique:<\/p>\n<p>\u2022Groupe rehauss\u00e9 de distribution E 61 \u00e0 levier avec pr\u00e9-infusion manuelle pour une distribution optimale du caf\u00e9<\/p>\n<p>\u2022Carrosserie enti\u00e8rement en acier inoxydable AISI 304 satin\u00e9<\/p>\n<p>\u2022Chaudi\u00e8re (3 Lt.) en cuivre, tuyauteries en cuivre et raccords en laiton<\/p>\n<p>\u2022R\u00e9servoir d\u2019eau de 2,2 Lt. avec d\u00e9tecteur de niveau capacitif<\/p>\n<p>\u2022Remplissage chaudi\u00e8re par r\u00e9seau d\u2019eau de ville possible<\/p>\n<p>\u2022Remplissage d\u2019eau chaudi\u00e8re automatique<\/p>\n<p>\u2022Pompe rotative Fluid-o-Tech<\/p>\n<p>\u20221 t\u00e9moin lumineux indiquant que la machine est en service et 1 de s\u00e9curit\u00e9 en cas de manque d\u2019eau dans le r\u00e9servoir<\/p>\n<p>\u2022Thermostat de s\u00e9curit\u00e9 sur r\u00e9sistance<\/p>\n<p>\u20222 manom\u00e8tres: 1 pour pompe et 1 pour chaudi\u00e8re<\/p>\n<p>\u2022Pressostat de r\u00e9glage manuel<\/p>\n<p>\u20221 tuyau de sortie vapeur multidirectionnel avec Joystick<\/p>\n<p>\u20221 tuyau de sortie eau chaude multidirectionnel avec Joystick<\/p>\n<p>\u2022Lumi\u00e8res LED sur le panneau arri\u00e8re<\/p>\n<p>\u2022Dimensions LxLxH : 37 x 44 x 45 cm<\/p>\n<p>\u2022Puissance 1800W<\/p>\n<p>\u2022Poids : 30 kg<\/p>\n<p class=\"title\">\u2022Dotations: porte filtre complet avec filtre 1 tasse,\u00a0 porte filtre complet avec filtre 2 tasses, filtre aveugle.<\/p>\n<p class=\"name\"><strong>24 mois de garantie.<\/strong><\/p>\n<p><strong>Livraison gratuite.\u00a0<\/strong><\/p>\n","protected":false},"excerpt":{"rendered":"<p>Orchestrale Nota est an machine professionnelle avec 1 groupe pour l&#8217;espresso, la plus petite de la collection, avec une distribution \u00e0 syst\u00e8me thermosiphon, un groupe rehauss\u00e9 E61 \u00e0 levier, une chaudi\u00e8re en cuivre de 3 lt., chargement de l&#8217;eau du bidon de 2,8 lt avec d\u00e9tecteur de niveau capacitif et directement par r\u00e9seau d&#8217;eau de [&hellip;]<\/p>\n","protected":false},"featured_media":5614,"comment_status":"open","ping_status":"closed","template":"","meta":{"_acf_changed":false,"iawp_total_views":2},"product_brand":[],"product_cat":[1219,1233],"product_tag":[],"brands":[1790],"flag_home":[],"class_list":{"0":"post-12513","1":"product","2":"type-product","3":"status-publish","4":"has-post-thumbnail","6":"product_cat-equipements-cafe","7":"product_cat-machines-a-cafe-espresso","8":"pa_garanzia-24-mois","9":"pa_tipo-di-alimentazione-acqua-double-usage","10":"pa_tipo-di-caldaia-une-chaudiere","11":"pa_tipo-di-pompa-rotative","12":"brands-orchestrale","14":"first","15":"outofstock","16":"taxable","17":"shipping-taxable","18":"purchasable","19":"product-type-simple"},"acf":[],"yoast_head":"<!-- This site is optimized with the Yoast SEO plugin v27.5 - https:\/\/yoast.com\/product\/yoast-seo-wordpress\/ -->\n<title>Orchestrale Nota Joystick<\/title>\n<meta name=\"robots\" content=\"index, follow, max-snippet:-1, max-image-preview:large, max-video-preview:-1\" \/>\n<link rel=\"canonical\" href=\"https:\/\/www.bertazzofood.com\/fr\/prodotto\/orchestrale-nota-joystick\/\" \/>\n<meta property=\"og:locale\" content=\"fr_FR\" \/>\n<meta property=\"og:type\" content=\"article\" \/>\n<meta property=\"og:title\" content=\"Orchestrale Nota Joystick\" \/>\n<meta property=\"og:description\" content=\"Orchestrale Nota est an machine professionnelle avec 1 groupe pour l&#8217;espresso, la plus petite de la collection, avec une distribution \u00e0 syst\u00e8me thermosiphon, un groupe rehauss\u00e9 E61 \u00e0 levier, une chaudi\u00e8re en cuivre de 3 lt., chargement de l&#8217;eau du bidon de 2,8 lt avec d\u00e9tecteur de niveau capacitif et directement par r\u00e9seau d&#8217;eau de [&hellip;]\" \/>\n<meta property=\"og:url\" content=\"https:\/\/www.bertazzofood.com\/fr\/prodotto\/orchestrale-nota-joystick\/\" \/>\n<meta property=\"og:site_name\" content=\"Bertazzo Food\" \/>\n<meta property=\"article:publisher\" content=\"https:\/\/www.facebook.com\/BertazzoItalianQualityFood\" \/>\n<meta property=\"article:modified_time\" content=\"2024-06-23T20:38:52+00:00\" \/>\n<meta property=\"og:image\" content=\"https:\/\/www.bertazzofood.com\/wp-content\/uploads\/2024\/06\/Orchestrale-Nota-joystick-2.jpg\" \/>\n\t<meta property=\"og:image:width\" content=\"800\" \/>\n\t<meta property=\"og:image:height\" content=\"800\" \/>\n\t<meta property=\"og:image:type\" content=\"image\/jpeg\" \/>\n<meta name=\"twitter:card\" content=\"summary_large_image\" \/>\n<meta name=\"twitter:label1\" content=\"Dur\u00e9e de lecture estim\u00e9e\" \/>\n\t<meta name=\"twitter:data1\" content=\"1 minute\" \/>\n<script type=\"application\/ld+json\" class=\"yoast-schema-graph\">{\"@context\":\"https:\\\/\\\/schema.org\",\"@graph\":[{\"@type\":\"WebPage\",\"@id\":\"https:\\\/\\\/www.bertazzofood.com\\\/fr\\\/prodotto\\\/orchestrale-nota-joystick\\\/\",\"url\":\"https:\\\/\\\/www.bertazzofood.com\\\/fr\\\/prodotto\\\/orchestrale-nota-joystick\\\/\",\"name\":\"Orchestrale Nota Joystick\",\"isPartOf\":{\"@id\":\"https:\\\/\\\/www.bertazzofood.com\\\/fr\\\/#website\"},\"primaryImageOfPage\":{\"@id\":\"https:\\\/\\\/www.bertazzofood.com\\\/fr\\\/prodotto\\\/orchestrale-nota-joystick\\\/#primaryimage\"},\"image\":{\"@id\":\"https:\\\/\\\/www.bertazzofood.com\\\/fr\\\/prodotto\\\/orchestrale-nota-joystick\\\/#primaryimage\"},\"thumbnailUrl\":\"https:\\\/\\\/www.bertazzofood.com\\\/wp-content\\\/uploads\\\/2024\\\/06\\\/Orchestrale-Nota-joystick-2.jpg\",\"datePublished\":\"2020-11-09T08:40:24+00:00\",\"dateModified\":\"2024-06-23T20:38:52+00:00\",\"breadcrumb\":{\"@id\":\"https:\\\/\\\/www.bertazzofood.com\\\/fr\\\/prodotto\\\/orchestrale-nota-joystick\\\/#breadcrumb\"},\"inLanguage\":\"fr-FR\",\"potentialAction\":[{\"@type\":\"ReadAction\",\"target\":[\"https:\\\/\\\/www.bertazzofood.com\\\/fr\\\/prodotto\\\/orchestrale-nota-joystick\\\/\"]}]},{\"@type\":\"ImageObject\",\"inLanguage\":\"fr-FR\",\"@id\":\"https:\\\/\\\/www.bertazzofood.com\\\/fr\\\/prodotto\\\/orchestrale-nota-joystick\\\/#primaryimage\",\"url\":\"https:\\\/\\\/www.bertazzofood.com\\\/wp-content\\\/uploads\\\/2024\\\/06\\\/Orchestrale-Nota-joystick-2.jpg\",\"contentUrl\":\"https:\\\/\\\/www.bertazzofood.com\\\/wp-content\\\/uploads\\\/2024\\\/06\\\/Orchestrale-Nota-joystick-2.jpg\",\"width\":800,\"height\":800},{\"@type\":\"BreadcrumbList\",\"@id\":\"https:\\\/\\\/www.bertazzofood.com\\\/fr\\\/prodotto\\\/orchestrale-nota-joystick\\\/#breadcrumb\",\"itemListElement\":[{\"@type\":\"ListItem\",\"position\":1,\"name\":\"Home\",\"item\":\"https:\\\/\\\/www.bertazzofood.com\\\/fr\\\/homepage\\\/\"},{\"@type\":\"ListItem\",\"position\":2,\"name\":\"Produits\",\"item\":\"https:\\\/\\\/www.bertazzofood.com\\\/fr\\\/shop\\\/\"},{\"@type\":\"ListItem\",\"position\":3,\"name\":\"Orchestrale Nota Joystick\"}]},{\"@type\":\"WebSite\",\"@id\":\"https:\\\/\\\/www.bertazzofood.com\\\/fr\\\/#website\",\"url\":\"https:\\\/\\\/www.bertazzofood.com\\\/fr\\\/\",\"name\":\"Bertazzo Food\",\"description\":\"Prodotti Alimentari Italiani Online e Macchine Da Caff\u00e8\",\"publisher\":{\"@id\":\"https:\\\/\\\/www.bertazzofood.com\\\/fr\\\/#organization\"},\"potentialAction\":[{\"@type\":\"SearchAction\",\"target\":{\"@type\":\"EntryPoint\",\"urlTemplate\":\"https:\\\/\\\/www.bertazzofood.com\\\/fr\\\/?s={search_term_string}\"},\"query-input\":{\"@type\":\"PropertyValueSpecification\",\"valueRequired\":true,\"valueName\":\"search_term_string\"}}],\"inLanguage\":\"fr-FR\"},{\"@type\":\"Organization\",\"@id\":\"https:\\\/\\\/www.bertazzofood.com\\\/fr\\\/#organization\",\"name\":\"Bertazzo Italian Quality Food S.a.s. di Bertazzo Fabio & C.\",\"alternateName\":\"Bertazzo Food\",\"url\":\"https:\\\/\\\/www.bertazzofood.com\\\/fr\\\/\",\"logo\":{\"@type\":\"ImageObject\",\"inLanguage\":\"fr-FR\",\"@id\":\"https:\\\/\\\/www.bertazzofood.com\\\/fr\\\/#\\\/schema\\\/logo\\\/image\\\/\",\"url\":\"https:\\\/\\\/www.bertazzofood.com\\\/wp-content\\\/uploads\\\/2024\\\/06\\\/logo-bertazzo.webp\",\"contentUrl\":\"https:\\\/\\\/www.bertazzofood.com\\\/wp-content\\\/uploads\\\/2024\\\/06\\\/logo-bertazzo.webp\",\"width\":410,\"height\":166,\"caption\":\"Bertazzo Italian Quality Food S.a.s. di Bertazzo Fabio & C.\"},\"image\":{\"@id\":\"https:\\\/\\\/www.bertazzofood.com\\\/fr\\\/#\\\/schema\\\/logo\\\/image\\\/\"},\"sameAs\":[\"https:\\\/\\\/www.facebook.com\\\/BertazzoItalianQualityFood\",\"https:\\\/\\\/www.instagram.com\\\/bertazzo_italian_quality_food\\\/\"]}]}<\/script>\n<!-- \/ Yoast SEO plugin. -->","yoast_head_json":{"title":"Orchestrale Nota Joystick","robots":{"index":"index","follow":"follow","max-snippet":"max-snippet:-1","max-image-preview":"max-image-preview:large","max-video-preview":"max-video-preview:-1"},"canonical":"https:\/\/www.bertazzofood.com\/fr\/prodotto\/orchestrale-nota-joystick\/","og_locale":"fr_FR","og_type":"article","og_title":"Orchestrale Nota Joystick","og_description":"Orchestrale Nota est an machine professionnelle avec 1 groupe pour l&#8217;espresso, la plus petite de la collection, avec une distribution \u00e0 syst\u00e8me thermosiphon, un groupe rehauss\u00e9 E61 \u00e0 levier, une chaudi\u00e8re en cuivre de 3 lt., chargement de l&#8217;eau du bidon de 2,8 lt avec d\u00e9tecteur de niveau capacitif et directement par r\u00e9seau d&#8217;eau de [&hellip;]","og_url":"https:\/\/www.bertazzofood.com\/fr\/prodotto\/orchestrale-nota-joystick\/","og_site_name":"Bertazzo Food","article_publisher":"https:\/\/www.facebook.com\/BertazzoItalianQualityFood","article_modified_time":"2024-06-23T20:38:52+00:00","og_image":[{"width":800,"height":800,"url":"https:\/\/www.bertazzofood.com\/wp-content\/uploads\/2024\/06\/Orchestrale-Nota-joystick-2.jpg","type":"image\/jpeg"}],"twitter_card":"summary_large_image","twitter_misc":{"Dur\u00e9e de lecture estim\u00e9e":"1 minute"},"schema":{"@context":"https:\/\/schema.org","@graph":[{"@type":"WebPage","@id":"https:\/\/www.bertazzofood.com\/fr\/prodotto\/orchestrale-nota-joystick\/","url":"https:\/\/www.bertazzofood.com\/fr\/prodotto\/orchestrale-nota-joystick\/","name":"Orchestrale Nota Joystick","isPartOf":{"@id":"https:\/\/www.bertazzofood.com\/fr\/#website"},"primaryImageOfPage":{"@id":"https:\/\/www.bertazzofood.com\/fr\/prodotto\/orchestrale-nota-joystick\/#primaryimage"},"image":{"@id":"https:\/\/www.bertazzofood.com\/fr\/prodotto\/orchestrale-nota-joystick\/#primaryimage"},"thumbnailUrl":"https:\/\/www.bertazzofood.com\/wp-content\/uploads\/2024\/06\/Orchestrale-Nota-joystick-2.jpg","datePublished":"2020-11-09T08:40:24+00:00","dateModified":"2024-06-23T20:38:52+00:00","breadcrumb":{"@id":"https:\/\/www.bertazzofood.com\/fr\/prodotto\/orchestrale-nota-joystick\/#breadcrumb"},"inLanguage":"fr-FR","potentialAction":[{"@type":"ReadAction","target":["https:\/\/www.bertazzofood.com\/fr\/prodotto\/orchestrale-nota-joystick\/"]}]},{"@type":"ImageObject","inLanguage":"fr-FR","@id":"https:\/\/www.bertazzofood.com\/fr\/prodotto\/orchestrale-nota-joystick\/#primaryimage","url":"https:\/\/www.bertazzofood.com\/wp-content\/uploads\/2024\/06\/Orchestrale-Nota-joystick-2.jpg","contentUrl":"https:\/\/www.bertazzofood.com\/wp-content\/uploads\/2024\/06\/Orchestrale-Nota-joystick-2.jpg","width":800,"height":800},{"@type":"BreadcrumbList","@id":"https:\/\/www.bertazzofood.com\/fr\/prodotto\/orchestrale-nota-joystick\/#breadcrumb","itemListElement":[{"@type":"ListItem","position":1,"name":"Home","item":"https:\/\/www.bertazzofood.com\/fr\/homepage\/"},{"@type":"ListItem","position":2,"name":"Produits","item":"https:\/\/www.bertazzofood.com\/fr\/shop\/"},{"@type":"ListItem","position":3,"name":"Orchestrale Nota Joystick"}]},{"@type":"WebSite","@id":"https:\/\/www.bertazzofood.com\/fr\/#website","url":"https:\/\/www.bertazzofood.com\/fr\/","name":"Bertazzo Food","description":"Prodotti Alimentari Italiani Online e Macchine Da Caff\u00e8","publisher":{"@id":"https:\/\/www.bertazzofood.com\/fr\/#organization"},"potentialAction":[{"@type":"SearchAction","target":{"@type":"EntryPoint","urlTemplate":"https:\/\/www.bertazzofood.com\/fr\/?s={search_term_string}"},"query-input":{"@type":"PropertyValueSpecification","valueRequired":true,"valueName":"search_term_string"}}],"inLanguage":"fr-FR"},{"@type":"Organization","@id":"https:\/\/www.bertazzofood.com\/fr\/#organization","name":"Bertazzo Italian Quality Food S.a.s. di Bertazzo Fabio & C.","alternateName":"Bertazzo Food","url":"https:\/\/www.bertazzofood.com\/fr\/","logo":{"@type":"ImageObject","inLanguage":"fr-FR","@id":"https:\/\/www.bertazzofood.com\/fr\/#\/schema\/logo\/image\/","url":"https:\/\/www.bertazzofood.com\/wp-content\/uploads\/2024\/06\/logo-bertazzo.webp","contentUrl":"https:\/\/www.bertazzofood.com\/wp-content\/uploads\/2024\/06\/logo-bertazzo.webp","width":410,"height":166,"caption":"Bertazzo Italian Quality Food S.a.s. di Bertazzo Fabio & C."},"image":{"@id":"https:\/\/www.bertazzofood.com\/fr\/#\/schema\/logo\/image\/"},"sameAs":["https:\/\/www.facebook.com\/BertazzoItalianQualityFood","https:\/\/www.instagram.com\/bertazzo_italian_quality_food\/"]}]}},"_links":{"self":[{"href":"https:\/\/www.bertazzofood.com\/fr\/wp-json\/wp\/v2\/product\/12513","targetHints":{"allow":["GET"]}}],"collection":[{"href":"https:\/\/www.bertazzofood.com\/fr\/wp-json\/wp\/v2\/product"}],"about":[{"href":"https:\/\/www.bertazzofood.com\/fr\/wp-json\/wp\/v2\/types\/product"}],"replies":[{"embeddable":true,"href":"https:\/\/www.bertazzofood.com\/fr\/wp-json\/wp\/v2\/comments?post=12513"}],"version-history":[{"count":0,"href":"https:\/\/www.bertazzofood.com\/fr\/wp-json\/wp\/v2\/product\/12513\/revisions"}],"wp:featuredmedia":[{"embeddable":true,"href":"https:\/\/www.bertazzofood.com\/fr\/wp-json\/wp\/v2\/media\/5614"}],"wp:attachment":[{"href":"https:\/\/www.bertazzofood.com\/fr\/wp-json\/wp\/v2\/media?parent=12513"}],"wp:term":[{"taxonomy":"product_brand","embeddable":true,"href":"https:\/\/www.bertazzofood.com\/fr\/wp-json\/wp\/v2\/product_brand?post=12513"},{"taxonomy":"product_cat","embeddable":true,"href":"https:\/\/www.bertazzofood.com\/fr\/wp-json\/wp\/v2\/product_cat?post=12513"},{"taxonomy":"product_tag","embeddable":true,"href":"https:\/\/www.bertazzofood.com\/fr\/wp-json\/wp\/v2\/product_tag?post=12513"},{"taxonomy":"brands","embeddable":true,"href":"https:\/\/www.bertazzofood.com\/fr\/wp-json\/wp\/v2\/brands?post=12513"},{"taxonomy":"flag_home","embeddable":true,"href":"https:\/\/www.bertazzofood.com\/fr\/wp-json\/wp\/v2\/flag_home?post=12513"}],"curies":[{"name":"wp","href":"https:\/\/api.w.org\/{rel}","templated":true}]}}