{"id":12480,"date":"2020-10-27T13:20:32","date_gmt":"2020-10-27T12:20:32","guid":{"rendered":"https:\/\/thegarden.it\/staging8\/prodotto\/cartouche-filtrante-bwt-bestmax-premium-s\/"},"modified":"2024-06-23T22:38:11","modified_gmt":"2024-06-23T20:38:11","slug":"cartouche-filtrante-bwt-bestmax-premium-s","status":"publish","type":"product","link":"https:\/\/www.bertazzofood.com\/fr\/prodotto\/cartouche-filtrante-bwt-bestmax-premium-s\/","title":{"rendered":"Cartouche filtrante BWT bestmax PREMIUM S"},"content":{"rendered":"<p>BWT\u202fbestmax\u202fPREMIUM\u202fest un syst\u00e8me de filtre innovant d&#8217;optimisation de l&#8217;eau, sp\u00e9cialement con\u00e7u pour toutes les boissons chaudes des machines \u00e0 caf\u00e9, et des distributeurs automatiques. Ce filtre lib\u00e8re l&#8217;eau brute de tous les composants ind\u00e9sirables tels que le calcaire, les particules, les autres saveurs comme le chlore et les compos\u00e9s organiques.<\/p>\n<p>Innovation r\u00e9volutionnaire, ce filtre est \u00e9galement dot\u00e9 de la technologie BWT Magn\u00e9sium Mg2+, qui enrichit l&#8217;eau avec du magn\u00e9sium pr\u00e9cieux en \u00e9change du calcium. Outre une protection efficace contre le calcaire, BWT bestmax PREMIUM garantit ainsi un r\u00e9sultat sensoriel exceptionnel avec les boissons chaudes.<\/p>\n<ul>\n<li>reduces carbonate hardness and gypsum formation removes particles, chlorine and organic elements<\/li>\n<li>cartridge height with head 385 mm<\/li>\n<li>water temperature +4\u00b0C to +30\u00b0C<\/li>\n<li>capacity at 14 d\u00b0GH 485 L<\/li>\n<li>nominal flow rate 30 L\/h<\/li>\n<li>operating pressure 2\/8 bar<\/li>\n<li>both horizontal and vertical operation<\/li>\n<\/ul>\n","protected":false},"excerpt":{"rendered":"<p>BWT\u202fbestmax\u202fPREMIUM\u202fest un syst\u00e8me de filtre innovant d&#8217;optimisation de l&#8217;eau, sp\u00e9cialement con\u00e7u pour toutes les boissons chaudes des machines \u00e0 caf\u00e9, et des distributeurs automatiques. Ce filtre lib\u00e8re l&#8217;eau brute de tous les composants ind\u00e9sirables tels que le calcaire, les particules, les autres saveurs comme le chlore et les compos\u00e9s organiques. Innovation r\u00e9volutionnaire, ce filtre est [&hellip;]<\/p>\n","protected":false},"featured_media":5532,"comment_status":"closed","ping_status":"closed","template":"","meta":{"_acf_changed":false,"iawp_total_views":1},"product_brand":[],"product_cat":[1219,1238],"product_tag":[],"brands":[1787],"flag_home":[],"class_list":{"0":"post-12480","1":"product","2":"type-product","3":"status-publish","4":"has-post-thumbnail","6":"product_cat-equipements-cafe","7":"product_cat-tamper-accessoires","8":"brands-bwt","10":"first","11":"instock","12":"taxable","13":"shipping-taxable","14":"purchasable","15":"product-type-simple"},"acf":[],"yoast_head":"<!-- This site is optimized with the Yoast SEO plugin v27.5 - https:\/\/yoast.com\/product\/yoast-seo-wordpress\/ -->\n<title>Cartouche filtrante BWT bestmax PREMIUM S<\/title>\n<meta name=\"robots\" content=\"index, follow, max-snippet:-1, max-image-preview:large, max-video-preview:-1\" \/>\n<link rel=\"canonical\" href=\"https:\/\/www.bertazzofood.com\/fr\/prodotto\/cartouche-filtrante-bwt-bestmax-premium-s\/\" \/>\n<meta property=\"og:locale\" content=\"fr_FR\" \/>\n<meta property=\"og:type\" content=\"article\" \/>\n<meta property=\"og:title\" content=\"Cartouche filtrante BWT bestmax PREMIUM S\" \/>\n<meta property=\"og:description\" content=\"BWT\u202fbestmax\u202fPREMIUM\u202fest un syst\u00e8me de filtre innovant d&#8217;optimisation de l&#8217;eau, sp\u00e9cialement con\u00e7u pour toutes les boissons chaudes des machines \u00e0 caf\u00e9, et des distributeurs automatiques. Ce filtre lib\u00e8re l&#8217;eau brute de tous les composants ind\u00e9sirables tels que le calcaire, les particules, les autres saveurs comme le chlore et les compos\u00e9s organiques. Innovation r\u00e9volutionnaire, ce filtre est [&hellip;]\" \/>\n<meta property=\"og:url\" content=\"https:\/\/www.bertazzofood.com\/fr\/prodotto\/cartouche-filtrante-bwt-bestmax-premium-s\/\" \/>\n<meta property=\"og:site_name\" content=\"Bertazzo Food\" \/>\n<meta property=\"article:publisher\" content=\"https:\/\/www.facebook.com\/BertazzoItalianQualityFood\" \/>\n<meta property=\"article:modified_time\" content=\"2024-06-23T20:38:11+00:00\" \/>\n<meta property=\"og:image\" content=\"https:\/\/www.bertazzofood.com\/wp-content\/uploads\/2024\/06\/BWT-Bestmax-Premium-S-2.jpg\" \/>\n\t<meta property=\"og:image:width\" content=\"800\" \/>\n\t<meta property=\"og:image:height\" content=\"800\" \/>\n\t<meta property=\"og:image:type\" content=\"image\/jpeg\" \/>\n<meta name=\"twitter:card\" content=\"summary_large_image\" \/>\n<meta name=\"twitter:label1\" content=\"Dur\u00e9e de lecture estim\u00e9e\" \/>\n\t<meta name=\"twitter:data1\" content=\"1 minute\" \/>\n<script type=\"application\/ld+json\" class=\"yoast-schema-graph\">{\"@context\":\"https:\\\/\\\/schema.org\",\"@graph\":[{\"@type\":\"WebPage\",\"@id\":\"https:\\\/\\\/www.bertazzofood.com\\\/fr\\\/prodotto\\\/cartouche-filtrante-bwt-bestmax-premium-s\\\/\",\"url\":\"https:\\\/\\\/www.bertazzofood.com\\\/fr\\\/prodotto\\\/cartouche-filtrante-bwt-bestmax-premium-s\\\/\",\"name\":\"Cartouche filtrante BWT bestmax PREMIUM S\",\"isPartOf\":{\"@id\":\"https:\\\/\\\/www.bertazzofood.com\\\/fr\\\/#website\"},\"primaryImageOfPage\":{\"@id\":\"https:\\\/\\\/www.bertazzofood.com\\\/fr\\\/prodotto\\\/cartouche-filtrante-bwt-bestmax-premium-s\\\/#primaryimage\"},\"image\":{\"@id\":\"https:\\\/\\\/www.bertazzofood.com\\\/fr\\\/prodotto\\\/cartouche-filtrante-bwt-bestmax-premium-s\\\/#primaryimage\"},\"thumbnailUrl\":\"https:\\\/\\\/www.bertazzofood.com\\\/wp-content\\\/uploads\\\/2024\\\/06\\\/BWT-Bestmax-Premium-S-2.jpg\",\"datePublished\":\"2020-10-27T12:20:32+00:00\",\"dateModified\":\"2024-06-23T20:38:11+00:00\",\"breadcrumb\":{\"@id\":\"https:\\\/\\\/www.bertazzofood.com\\\/fr\\\/prodotto\\\/cartouche-filtrante-bwt-bestmax-premium-s\\\/#breadcrumb\"},\"inLanguage\":\"fr-FR\",\"potentialAction\":[{\"@type\":\"ReadAction\",\"target\":[\"https:\\\/\\\/www.bertazzofood.com\\\/fr\\\/prodotto\\\/cartouche-filtrante-bwt-bestmax-premium-s\\\/\"]}]},{\"@type\":\"ImageObject\",\"inLanguage\":\"fr-FR\",\"@id\":\"https:\\\/\\\/www.bertazzofood.com\\\/fr\\\/prodotto\\\/cartouche-filtrante-bwt-bestmax-premium-s\\\/#primaryimage\",\"url\":\"https:\\\/\\\/www.bertazzofood.com\\\/wp-content\\\/uploads\\\/2024\\\/06\\\/BWT-Bestmax-Premium-S-2.jpg\",\"contentUrl\":\"https:\\\/\\\/www.bertazzofood.com\\\/wp-content\\\/uploads\\\/2024\\\/06\\\/BWT-Bestmax-Premium-S-2.jpg\",\"width\":800,\"height\":800},{\"@type\":\"BreadcrumbList\",\"@id\":\"https:\\\/\\\/www.bertazzofood.com\\\/fr\\\/prodotto\\\/cartouche-filtrante-bwt-bestmax-premium-s\\\/#breadcrumb\",\"itemListElement\":[{\"@type\":\"ListItem\",\"position\":1,\"name\":\"Home\",\"item\":\"https:\\\/\\\/www.bertazzofood.com\\\/fr\\\/homepage\\\/\"},{\"@type\":\"ListItem\",\"position\":2,\"name\":\"Produits\",\"item\":\"https:\\\/\\\/www.bertazzofood.com\\\/fr\\\/shop\\\/\"},{\"@type\":\"ListItem\",\"position\":3,\"name\":\"Cartouche filtrante BWT bestmax PREMIUM S\"}]},{\"@type\":\"WebSite\",\"@id\":\"https:\\\/\\\/www.bertazzofood.com\\\/fr\\\/#website\",\"url\":\"https:\\\/\\\/www.bertazzofood.com\\\/fr\\\/\",\"name\":\"Bertazzo Food\",\"description\":\"Prodotti Alimentari Italiani Online e Macchine Da Caff\u00e8\",\"publisher\":{\"@id\":\"https:\\\/\\\/www.bertazzofood.com\\\/fr\\\/#organization\"},\"potentialAction\":[{\"@type\":\"SearchAction\",\"target\":{\"@type\":\"EntryPoint\",\"urlTemplate\":\"https:\\\/\\\/www.bertazzofood.com\\\/fr\\\/?s={search_term_string}\"},\"query-input\":{\"@type\":\"PropertyValueSpecification\",\"valueRequired\":true,\"valueName\":\"search_term_string\"}}],\"inLanguage\":\"fr-FR\"},{\"@type\":\"Organization\",\"@id\":\"https:\\\/\\\/www.bertazzofood.com\\\/fr\\\/#organization\",\"name\":\"Bertazzo Italian Quality Food S.a.s. di Bertazzo Fabio & C.\",\"alternateName\":\"Bertazzo Food\",\"url\":\"https:\\\/\\\/www.bertazzofood.com\\\/fr\\\/\",\"logo\":{\"@type\":\"ImageObject\",\"inLanguage\":\"fr-FR\",\"@id\":\"https:\\\/\\\/www.bertazzofood.com\\\/fr\\\/#\\\/schema\\\/logo\\\/image\\\/\",\"url\":\"https:\\\/\\\/www.bertazzofood.com\\\/wp-content\\\/uploads\\\/2024\\\/06\\\/logo-bertazzo.webp\",\"contentUrl\":\"https:\\\/\\\/www.bertazzofood.com\\\/wp-content\\\/uploads\\\/2024\\\/06\\\/logo-bertazzo.webp\",\"width\":410,\"height\":166,\"caption\":\"Bertazzo Italian Quality Food S.a.s. di Bertazzo Fabio & C.\"},\"image\":{\"@id\":\"https:\\\/\\\/www.bertazzofood.com\\\/fr\\\/#\\\/schema\\\/logo\\\/image\\\/\"},\"sameAs\":[\"https:\\\/\\\/www.facebook.com\\\/BertazzoItalianQualityFood\",\"https:\\\/\\\/www.instagram.com\\\/bertazzo_italian_quality_food\\\/\"]}]}<\/script>\n<!-- \/ Yoast SEO plugin. -->","yoast_head_json":{"title":"Cartouche filtrante BWT bestmax PREMIUM S","robots":{"index":"index","follow":"follow","max-snippet":"max-snippet:-1","max-image-preview":"max-image-preview:large","max-video-preview":"max-video-preview:-1"},"canonical":"https:\/\/www.bertazzofood.com\/fr\/prodotto\/cartouche-filtrante-bwt-bestmax-premium-s\/","og_locale":"fr_FR","og_type":"article","og_title":"Cartouche filtrante BWT bestmax PREMIUM S","og_description":"BWT\u202fbestmax\u202fPREMIUM\u202fest un syst\u00e8me de filtre innovant d&#8217;optimisation de l&#8217;eau, sp\u00e9cialement con\u00e7u pour toutes les boissons chaudes des machines \u00e0 caf\u00e9, et des distributeurs automatiques. Ce filtre lib\u00e8re l&#8217;eau brute de tous les composants ind\u00e9sirables tels que le calcaire, les particules, les autres saveurs comme le chlore et les compos\u00e9s organiques. Innovation r\u00e9volutionnaire, ce filtre est [&hellip;]","og_url":"https:\/\/www.bertazzofood.com\/fr\/prodotto\/cartouche-filtrante-bwt-bestmax-premium-s\/","og_site_name":"Bertazzo Food","article_publisher":"https:\/\/www.facebook.com\/BertazzoItalianQualityFood","article_modified_time":"2024-06-23T20:38:11+00:00","og_image":[{"width":800,"height":800,"url":"https:\/\/www.bertazzofood.com\/wp-content\/uploads\/2024\/06\/BWT-Bestmax-Premium-S-2.jpg","type":"image\/jpeg"}],"twitter_card":"summary_large_image","twitter_misc":{"Dur\u00e9e de lecture estim\u00e9e":"1 minute"},"schema":{"@context":"https:\/\/schema.org","@graph":[{"@type":"WebPage","@id":"https:\/\/www.bertazzofood.com\/fr\/prodotto\/cartouche-filtrante-bwt-bestmax-premium-s\/","url":"https:\/\/www.bertazzofood.com\/fr\/prodotto\/cartouche-filtrante-bwt-bestmax-premium-s\/","name":"Cartouche filtrante BWT bestmax PREMIUM S","isPartOf":{"@id":"https:\/\/www.bertazzofood.com\/fr\/#website"},"primaryImageOfPage":{"@id":"https:\/\/www.bertazzofood.com\/fr\/prodotto\/cartouche-filtrante-bwt-bestmax-premium-s\/#primaryimage"},"image":{"@id":"https:\/\/www.bertazzofood.com\/fr\/prodotto\/cartouche-filtrante-bwt-bestmax-premium-s\/#primaryimage"},"thumbnailUrl":"https:\/\/www.bertazzofood.com\/wp-content\/uploads\/2024\/06\/BWT-Bestmax-Premium-S-2.jpg","datePublished":"2020-10-27T12:20:32+00:00","dateModified":"2024-06-23T20:38:11+00:00","breadcrumb":{"@id":"https:\/\/www.bertazzofood.com\/fr\/prodotto\/cartouche-filtrante-bwt-bestmax-premium-s\/#breadcrumb"},"inLanguage":"fr-FR","potentialAction":[{"@type":"ReadAction","target":["https:\/\/www.bertazzofood.com\/fr\/prodotto\/cartouche-filtrante-bwt-bestmax-premium-s\/"]}]},{"@type":"ImageObject","inLanguage":"fr-FR","@id":"https:\/\/www.bertazzofood.com\/fr\/prodotto\/cartouche-filtrante-bwt-bestmax-premium-s\/#primaryimage","url":"https:\/\/www.bertazzofood.com\/wp-content\/uploads\/2024\/06\/BWT-Bestmax-Premium-S-2.jpg","contentUrl":"https:\/\/www.bertazzofood.com\/wp-content\/uploads\/2024\/06\/BWT-Bestmax-Premium-S-2.jpg","width":800,"height":800},{"@type":"BreadcrumbList","@id":"https:\/\/www.bertazzofood.com\/fr\/prodotto\/cartouche-filtrante-bwt-bestmax-premium-s\/#breadcrumb","itemListElement":[{"@type":"ListItem","position":1,"name":"Home","item":"https:\/\/www.bertazzofood.com\/fr\/homepage\/"},{"@type":"ListItem","position":2,"name":"Produits","item":"https:\/\/www.bertazzofood.com\/fr\/shop\/"},{"@type":"ListItem","position":3,"name":"Cartouche filtrante BWT bestmax PREMIUM S"}]},{"@type":"WebSite","@id":"https:\/\/www.bertazzofood.com\/fr\/#website","url":"https:\/\/www.bertazzofood.com\/fr\/","name":"Bertazzo Food","description":"Prodotti Alimentari Italiani Online e Macchine Da Caff\u00e8","publisher":{"@id":"https:\/\/www.bertazzofood.com\/fr\/#organization"},"potentialAction":[{"@type":"SearchAction","target":{"@type":"EntryPoint","urlTemplate":"https:\/\/www.bertazzofood.com\/fr\/?s={search_term_string}"},"query-input":{"@type":"PropertyValueSpecification","valueRequired":true,"valueName":"search_term_string"}}],"inLanguage":"fr-FR"},{"@type":"Organization","@id":"https:\/\/www.bertazzofood.com\/fr\/#organization","name":"Bertazzo Italian Quality Food S.a.s. di Bertazzo Fabio & C.","alternateName":"Bertazzo Food","url":"https:\/\/www.bertazzofood.com\/fr\/","logo":{"@type":"ImageObject","inLanguage":"fr-FR","@id":"https:\/\/www.bertazzofood.com\/fr\/#\/schema\/logo\/image\/","url":"https:\/\/www.bertazzofood.com\/wp-content\/uploads\/2024\/06\/logo-bertazzo.webp","contentUrl":"https:\/\/www.bertazzofood.com\/wp-content\/uploads\/2024\/06\/logo-bertazzo.webp","width":410,"height":166,"caption":"Bertazzo Italian Quality Food S.a.s. di Bertazzo Fabio & C."},"image":{"@id":"https:\/\/www.bertazzofood.com\/fr\/#\/schema\/logo\/image\/"},"sameAs":["https:\/\/www.facebook.com\/BertazzoItalianQualityFood","https:\/\/www.instagram.com\/bertazzo_italian_quality_food\/"]}]}},"_links":{"self":[{"href":"https:\/\/www.bertazzofood.com\/fr\/wp-json\/wp\/v2\/product\/12480","targetHints":{"allow":["GET"]}}],"collection":[{"href":"https:\/\/www.bertazzofood.com\/fr\/wp-json\/wp\/v2\/product"}],"about":[{"href":"https:\/\/www.bertazzofood.com\/fr\/wp-json\/wp\/v2\/types\/product"}],"replies":[{"embeddable":true,"href":"https:\/\/www.bertazzofood.com\/fr\/wp-json\/wp\/v2\/comments?post=12480"}],"version-history":[{"count":0,"href":"https:\/\/www.bertazzofood.com\/fr\/wp-json\/wp\/v2\/product\/12480\/revisions"}],"wp:featuredmedia":[{"embeddable":true,"href":"https:\/\/www.bertazzofood.com\/fr\/wp-json\/wp\/v2\/media\/5532"}],"wp:attachment":[{"href":"https:\/\/www.bertazzofood.com\/fr\/wp-json\/wp\/v2\/media?parent=12480"}],"wp:term":[{"taxonomy":"product_brand","embeddable":true,"href":"https:\/\/www.bertazzofood.com\/fr\/wp-json\/wp\/v2\/product_brand?post=12480"},{"taxonomy":"product_cat","embeddable":true,"href":"https:\/\/www.bertazzofood.com\/fr\/wp-json\/wp\/v2\/product_cat?post=12480"},{"taxonomy":"product_tag","embeddable":true,"href":"https:\/\/www.bertazzofood.com\/fr\/wp-json\/wp\/v2\/product_tag?post=12480"},{"taxonomy":"brands","embeddable":true,"href":"https:\/\/www.bertazzofood.com\/fr\/wp-json\/wp\/v2\/brands?post=12480"},{"taxonomy":"flag_home","embeddable":true,"href":"https:\/\/www.bertazzofood.com\/fr\/wp-json\/wp\/v2\/flag_home?post=12480"}],"curies":[{"name":"wp","href":"https:\/\/api.w.org\/{rel}","templated":true}]}}