{"id":11871,"date":"2020-01-24T08:46:21","date_gmt":"2020-01-24T07:46:21","guid":{"rendered":"https:\/\/thegarden.it\/staging8\/prodotto\/ragout-de-cerf-alpe-magna\/"},"modified":"2024-06-23T22:32:26","modified_gmt":"2024-06-23T20:32:26","slug":"ragout-de-cerf-alpe-magna","status":"publish","type":"product","link":"https:\/\/www.bertazzofood.com\/fr\/prodotto\/ragout-de-cerf-alpe-magna\/","title":{"rendered":"Rago\u00fbt de cerf Alpe Magna"},"content":{"rendered":"<p><strong>Descrizione in etichetta \/ Beschreibung \/ Label description<\/strong><br \/>\nRag\u00f9 cotto lentamente con carne scelta di cervo. \/ Fleischso\u00dfe aus ausgew\u00e4hltem, gegartem Hirsch. \/ Slow cooked rag\u00f9 with selected deer meat.<\/p>\n<p><strong>Ingredienti \/ Zutaten \/ Ingredients<\/strong><br \/>\nCarne di cervo 60%, verdure fresche in proporzione variabile (cipolle, carote, sedano), vino rosso trentino (solfiti), olio extravergine oliva italiano, burro, farina di riso, olio di girasole, pancetta suino 2%, aromi naturali, spezie, sale marino. SENZA CONSERVANTI E SENZA GLUTINE. \/ Hirschfleisch 60%, frisches Gem\u00fcse in ver\u00e4nderlichen Anteilen (Zwiebeln, Karotten, Sellerie), Rotwein aus dem Trentino (Sulfite), italienisches natives Oliven\u00f6l extra, Butter, Reismehl, Sonnenblumen\u00f6l, Schweinbauch 2%, nat\u00fcrlichen Aromen, Gew\u00fcrze, Meersalz. OHNE KONSERVIERUNGSSTOFFE UND OHNE GLUTEN. \/ Deer meat 60%, fresh vegetables in variable proportions (onions, carrots, celery), Trentino red wine (sulphites), Italian extra virgin olive oil, butter, rice flour, sunflower oil, pork bacon 2%, natural flavors, spices , sea salt. WITHOUT PRESERVATIVES AND GLUTEN FREE.<\/p>\n<p><strong>Valori nutrizionali \/ N\u00e4hrwerte \/ Nutritional value<\/strong><br \/>\nValore energetico \/ N\u00e4hrwert \/ Energy value : 764 kJ \/ 183 kcal<br \/>\nGrassi \/ Fett \/Fat : 12,3 g<br \/>\ndi cui acidi grassi saturi \/ Davon ges\u00e4ttigte Fetts\u00e4uren \/ of which saturated fatty acids : 3,8 g<br \/>\nCarboidrati \/ Kohlenhydrate \/ Carbohydrates : 0,7 g<br \/>\ndi cui zuccheri \/ Davon Zucker \/ of which sugars : 0,7 g<br \/>\nProteine \/ Eiwei\u00df \/ Proteins : 17 g<br \/>\nSale \/ Salz \/ Salt : 1,33 g<\/p>\n","protected":false},"excerpt":{"rendered":"<p>Descrizione in etichetta \/ Beschreibung \/ Label description Rag\u00f9 cotto lentamente con carne scelta di cervo. \/ Fleischso\u00dfe aus ausgew\u00e4hltem, gegartem Hirsch. \/ Slow cooked rag\u00f9 with selected deer meat. Ingredienti \/ Zutaten \/ Ingredients Carne di cervo 60%, verdure fresche in proporzione variabile (cipolle, carote, sedano), vino rosso trentino (solfiti), olio extravergine oliva italiano, [&hellip;]<\/p>\n","protected":false},"featured_media":4639,"comment_status":"open","ping_status":"open","template":"","meta":{"_acf_changed":false,"iawp_total_views":2},"product_brand":[],"product_cat":[1194,1230],"product_tag":[],"brands":[1751],"flag_home":[],"class_list":{"0":"post-11871","1":"product","2":"type-product","3":"status-publish","4":"has-post-thumbnail","6":"product_cat-assaisonnements","7":"product_cat-pates-assaisonnements","8":"brands-alpe-magna","10":"first","11":"instock","12":"taxable","13":"shipping-taxable","14":"purchasable","15":"product-type-simple"},"acf":[],"yoast_head":"<!-- This site is optimized with the Yoast SEO plugin v27.5 - https:\/\/yoast.com\/product\/yoast-seo-wordpress\/ -->\n<title>Rago\u00fbt de cerf Alpe Magna<\/title>\n<meta name=\"robots\" content=\"index, follow, max-snippet:-1, max-image-preview:large, max-video-preview:-1\" \/>\n<link rel=\"canonical\" href=\"https:\/\/www.bertazzofood.com\/fr\/prodotto\/ragout-de-cerf-alpe-magna\/\" \/>\n<meta property=\"og:locale\" content=\"fr_FR\" \/>\n<meta property=\"og:type\" content=\"article\" \/>\n<meta property=\"og:title\" content=\"Rago\u00fbt de cerf Alpe Magna\" \/>\n<meta property=\"og:description\" content=\"Descrizione in etichetta \/ Beschreibung \/ Label description Rag\u00f9 cotto lentamente con carne scelta di cervo. \/ Fleischso\u00dfe aus ausgew\u00e4hltem, gegartem Hirsch. \/ Slow cooked rag\u00f9 with selected deer meat. Ingredienti \/ Zutaten \/ Ingredients Carne di cervo 60%, verdure fresche in proporzione variabile (cipolle, carote, sedano), vino rosso trentino (solfiti), olio extravergine oliva italiano, [&hellip;]\" \/>\n<meta property=\"og:url\" content=\"https:\/\/www.bertazzofood.com\/fr\/prodotto\/ragout-de-cerf-alpe-magna\/\" \/>\n<meta property=\"og:site_name\" content=\"Bertazzo Food\" \/>\n<meta property=\"article:publisher\" content=\"https:\/\/www.facebook.com\/BertazzoItalianQualityFood\" \/>\n<meta property=\"article:modified_time\" content=\"2024-06-23T20:32:26+00:00\" \/>\n<meta property=\"og:image\" content=\"https:\/\/www.bertazzofood.com\/wp-content\/uploads\/2024\/06\/purezze_ragu_cervo-2.jpg\" \/>\n\t<meta property=\"og:image:width\" content=\"800\" \/>\n\t<meta property=\"og:image:height\" content=\"800\" \/>\n\t<meta property=\"og:image:type\" content=\"image\/jpeg\" \/>\n<meta name=\"twitter:card\" content=\"summary_large_image\" \/>\n<meta name=\"twitter:label1\" content=\"Dur\u00e9e de lecture estim\u00e9e\" \/>\n\t<meta name=\"twitter:data1\" content=\"1 minute\" \/>\n<script type=\"application\/ld+json\" class=\"yoast-schema-graph\">{\"@context\":\"https:\\\/\\\/schema.org\",\"@graph\":[{\"@type\":\"WebPage\",\"@id\":\"https:\\\/\\\/www.bertazzofood.com\\\/fr\\\/prodotto\\\/ragout-de-cerf-alpe-magna\\\/\",\"url\":\"https:\\\/\\\/www.bertazzofood.com\\\/fr\\\/prodotto\\\/ragout-de-cerf-alpe-magna\\\/\",\"name\":\"Rago\u00fbt de cerf Alpe Magna\",\"isPartOf\":{\"@id\":\"https:\\\/\\\/www.bertazzofood.com\\\/fr\\\/#website\"},\"primaryImageOfPage\":{\"@id\":\"https:\\\/\\\/www.bertazzofood.com\\\/fr\\\/prodotto\\\/ragout-de-cerf-alpe-magna\\\/#primaryimage\"},\"image\":{\"@id\":\"https:\\\/\\\/www.bertazzofood.com\\\/fr\\\/prodotto\\\/ragout-de-cerf-alpe-magna\\\/#primaryimage\"},\"thumbnailUrl\":\"https:\\\/\\\/www.bertazzofood.com\\\/wp-content\\\/uploads\\\/2024\\\/06\\\/purezze_ragu_cervo-2.jpg\",\"datePublished\":\"2020-01-24T07:46:21+00:00\",\"dateModified\":\"2024-06-23T20:32:26+00:00\",\"breadcrumb\":{\"@id\":\"https:\\\/\\\/www.bertazzofood.com\\\/fr\\\/prodotto\\\/ragout-de-cerf-alpe-magna\\\/#breadcrumb\"},\"inLanguage\":\"fr-FR\",\"potentialAction\":[{\"@type\":\"ReadAction\",\"target\":[\"https:\\\/\\\/www.bertazzofood.com\\\/fr\\\/prodotto\\\/ragout-de-cerf-alpe-magna\\\/\"]}]},{\"@type\":\"ImageObject\",\"inLanguage\":\"fr-FR\",\"@id\":\"https:\\\/\\\/www.bertazzofood.com\\\/fr\\\/prodotto\\\/ragout-de-cerf-alpe-magna\\\/#primaryimage\",\"url\":\"https:\\\/\\\/www.bertazzofood.com\\\/wp-content\\\/uploads\\\/2024\\\/06\\\/purezze_ragu_cervo-2.jpg\",\"contentUrl\":\"https:\\\/\\\/www.bertazzofood.com\\\/wp-content\\\/uploads\\\/2024\\\/06\\\/purezze_ragu_cervo-2.jpg\",\"width\":800,\"height\":800},{\"@type\":\"BreadcrumbList\",\"@id\":\"https:\\\/\\\/www.bertazzofood.com\\\/fr\\\/prodotto\\\/ragout-de-cerf-alpe-magna\\\/#breadcrumb\",\"itemListElement\":[{\"@type\":\"ListItem\",\"position\":1,\"name\":\"Home\",\"item\":\"https:\\\/\\\/www.bertazzofood.com\\\/fr\\\/homepage\\\/\"},{\"@type\":\"ListItem\",\"position\":2,\"name\":\"Produits\",\"item\":\"https:\\\/\\\/www.bertazzofood.com\\\/fr\\\/shop\\\/\"},{\"@type\":\"ListItem\",\"position\":3,\"name\":\"Rago\u00fbt de cerf Alpe Magna\"}]},{\"@type\":\"WebSite\",\"@id\":\"https:\\\/\\\/www.bertazzofood.com\\\/fr\\\/#website\",\"url\":\"https:\\\/\\\/www.bertazzofood.com\\\/fr\\\/\",\"name\":\"Bertazzo Food\",\"description\":\"Prodotti Alimentari Italiani Online e Macchine Da Caff\u00e8\",\"publisher\":{\"@id\":\"https:\\\/\\\/www.bertazzofood.com\\\/fr\\\/#organization\"},\"potentialAction\":[{\"@type\":\"SearchAction\",\"target\":{\"@type\":\"EntryPoint\",\"urlTemplate\":\"https:\\\/\\\/www.bertazzofood.com\\\/fr\\\/?s={search_term_string}\"},\"query-input\":{\"@type\":\"PropertyValueSpecification\",\"valueRequired\":true,\"valueName\":\"search_term_string\"}}],\"inLanguage\":\"fr-FR\"},{\"@type\":\"Organization\",\"@id\":\"https:\\\/\\\/www.bertazzofood.com\\\/fr\\\/#organization\",\"name\":\"Bertazzo Italian Quality Food S.a.s. di Bertazzo Fabio & C.\",\"alternateName\":\"Bertazzo Food\",\"url\":\"https:\\\/\\\/www.bertazzofood.com\\\/fr\\\/\",\"logo\":{\"@type\":\"ImageObject\",\"inLanguage\":\"fr-FR\",\"@id\":\"https:\\\/\\\/www.bertazzofood.com\\\/fr\\\/#\\\/schema\\\/logo\\\/image\\\/\",\"url\":\"https:\\\/\\\/www.bertazzofood.com\\\/wp-content\\\/uploads\\\/2024\\\/06\\\/logo-bertazzo.webp\",\"contentUrl\":\"https:\\\/\\\/www.bertazzofood.com\\\/wp-content\\\/uploads\\\/2024\\\/06\\\/logo-bertazzo.webp\",\"width\":410,\"height\":166,\"caption\":\"Bertazzo Italian Quality Food S.a.s. di Bertazzo Fabio & C.\"},\"image\":{\"@id\":\"https:\\\/\\\/www.bertazzofood.com\\\/fr\\\/#\\\/schema\\\/logo\\\/image\\\/\"},\"sameAs\":[\"https:\\\/\\\/www.facebook.com\\\/BertazzoItalianQualityFood\",\"https:\\\/\\\/www.instagram.com\\\/bertazzo_italian_quality_food\\\/\"]}]}<\/script>\n<!-- \/ Yoast SEO plugin. -->","yoast_head_json":{"title":"Rago\u00fbt de cerf Alpe Magna","robots":{"index":"index","follow":"follow","max-snippet":"max-snippet:-1","max-image-preview":"max-image-preview:large","max-video-preview":"max-video-preview:-1"},"canonical":"https:\/\/www.bertazzofood.com\/fr\/prodotto\/ragout-de-cerf-alpe-magna\/","og_locale":"fr_FR","og_type":"article","og_title":"Rago\u00fbt de cerf Alpe Magna","og_description":"Descrizione in etichetta \/ Beschreibung \/ Label description Rag\u00f9 cotto lentamente con carne scelta di cervo. \/ Fleischso\u00dfe aus ausgew\u00e4hltem, gegartem Hirsch. \/ Slow cooked rag\u00f9 with selected deer meat. Ingredienti \/ Zutaten \/ Ingredients Carne di cervo 60%, verdure fresche in proporzione variabile (cipolle, carote, sedano), vino rosso trentino (solfiti), olio extravergine oliva italiano, [&hellip;]","og_url":"https:\/\/www.bertazzofood.com\/fr\/prodotto\/ragout-de-cerf-alpe-magna\/","og_site_name":"Bertazzo Food","article_publisher":"https:\/\/www.facebook.com\/BertazzoItalianQualityFood","article_modified_time":"2024-06-23T20:32:26+00:00","og_image":[{"width":800,"height":800,"url":"https:\/\/www.bertazzofood.com\/wp-content\/uploads\/2024\/06\/purezze_ragu_cervo-2.jpg","type":"image\/jpeg"}],"twitter_card":"summary_large_image","twitter_misc":{"Dur\u00e9e de lecture estim\u00e9e":"1 minute"},"schema":{"@context":"https:\/\/schema.org","@graph":[{"@type":"WebPage","@id":"https:\/\/www.bertazzofood.com\/fr\/prodotto\/ragout-de-cerf-alpe-magna\/","url":"https:\/\/www.bertazzofood.com\/fr\/prodotto\/ragout-de-cerf-alpe-magna\/","name":"Rago\u00fbt de cerf Alpe Magna","isPartOf":{"@id":"https:\/\/www.bertazzofood.com\/fr\/#website"},"primaryImageOfPage":{"@id":"https:\/\/www.bertazzofood.com\/fr\/prodotto\/ragout-de-cerf-alpe-magna\/#primaryimage"},"image":{"@id":"https:\/\/www.bertazzofood.com\/fr\/prodotto\/ragout-de-cerf-alpe-magna\/#primaryimage"},"thumbnailUrl":"https:\/\/www.bertazzofood.com\/wp-content\/uploads\/2024\/06\/purezze_ragu_cervo-2.jpg","datePublished":"2020-01-24T07:46:21+00:00","dateModified":"2024-06-23T20:32:26+00:00","breadcrumb":{"@id":"https:\/\/www.bertazzofood.com\/fr\/prodotto\/ragout-de-cerf-alpe-magna\/#breadcrumb"},"inLanguage":"fr-FR","potentialAction":[{"@type":"ReadAction","target":["https:\/\/www.bertazzofood.com\/fr\/prodotto\/ragout-de-cerf-alpe-magna\/"]}]},{"@type":"ImageObject","inLanguage":"fr-FR","@id":"https:\/\/www.bertazzofood.com\/fr\/prodotto\/ragout-de-cerf-alpe-magna\/#primaryimage","url":"https:\/\/www.bertazzofood.com\/wp-content\/uploads\/2024\/06\/purezze_ragu_cervo-2.jpg","contentUrl":"https:\/\/www.bertazzofood.com\/wp-content\/uploads\/2024\/06\/purezze_ragu_cervo-2.jpg","width":800,"height":800},{"@type":"BreadcrumbList","@id":"https:\/\/www.bertazzofood.com\/fr\/prodotto\/ragout-de-cerf-alpe-magna\/#breadcrumb","itemListElement":[{"@type":"ListItem","position":1,"name":"Home","item":"https:\/\/www.bertazzofood.com\/fr\/homepage\/"},{"@type":"ListItem","position":2,"name":"Produits","item":"https:\/\/www.bertazzofood.com\/fr\/shop\/"},{"@type":"ListItem","position":3,"name":"Rago\u00fbt de cerf Alpe Magna"}]},{"@type":"WebSite","@id":"https:\/\/www.bertazzofood.com\/fr\/#website","url":"https:\/\/www.bertazzofood.com\/fr\/","name":"Bertazzo Food","description":"Prodotti Alimentari Italiani Online e Macchine Da Caff\u00e8","publisher":{"@id":"https:\/\/www.bertazzofood.com\/fr\/#organization"},"potentialAction":[{"@type":"SearchAction","target":{"@type":"EntryPoint","urlTemplate":"https:\/\/www.bertazzofood.com\/fr\/?s={search_term_string}"},"query-input":{"@type":"PropertyValueSpecification","valueRequired":true,"valueName":"search_term_string"}}],"inLanguage":"fr-FR"},{"@type":"Organization","@id":"https:\/\/www.bertazzofood.com\/fr\/#organization","name":"Bertazzo Italian Quality Food S.a.s. di Bertazzo Fabio & C.","alternateName":"Bertazzo Food","url":"https:\/\/www.bertazzofood.com\/fr\/","logo":{"@type":"ImageObject","inLanguage":"fr-FR","@id":"https:\/\/www.bertazzofood.com\/fr\/#\/schema\/logo\/image\/","url":"https:\/\/www.bertazzofood.com\/wp-content\/uploads\/2024\/06\/logo-bertazzo.webp","contentUrl":"https:\/\/www.bertazzofood.com\/wp-content\/uploads\/2024\/06\/logo-bertazzo.webp","width":410,"height":166,"caption":"Bertazzo Italian Quality Food S.a.s. di Bertazzo Fabio & C."},"image":{"@id":"https:\/\/www.bertazzofood.com\/fr\/#\/schema\/logo\/image\/"},"sameAs":["https:\/\/www.facebook.com\/BertazzoItalianQualityFood","https:\/\/www.instagram.com\/bertazzo_italian_quality_food\/"]}]}},"_links":{"self":[{"href":"https:\/\/www.bertazzofood.com\/fr\/wp-json\/wp\/v2\/product\/11871","targetHints":{"allow":["GET"]}}],"collection":[{"href":"https:\/\/www.bertazzofood.com\/fr\/wp-json\/wp\/v2\/product"}],"about":[{"href":"https:\/\/www.bertazzofood.com\/fr\/wp-json\/wp\/v2\/types\/product"}],"replies":[{"embeddable":true,"href":"https:\/\/www.bertazzofood.com\/fr\/wp-json\/wp\/v2\/comments?post=11871"}],"version-history":[{"count":0,"href":"https:\/\/www.bertazzofood.com\/fr\/wp-json\/wp\/v2\/product\/11871\/revisions"}],"wp:featuredmedia":[{"embeddable":true,"href":"https:\/\/www.bertazzofood.com\/fr\/wp-json\/wp\/v2\/media\/4639"}],"wp:attachment":[{"href":"https:\/\/www.bertazzofood.com\/fr\/wp-json\/wp\/v2\/media?parent=11871"}],"wp:term":[{"taxonomy":"product_brand","embeddable":true,"href":"https:\/\/www.bertazzofood.com\/fr\/wp-json\/wp\/v2\/product_brand?post=11871"},{"taxonomy":"product_cat","embeddable":true,"href":"https:\/\/www.bertazzofood.com\/fr\/wp-json\/wp\/v2\/product_cat?post=11871"},{"taxonomy":"product_tag","embeddable":true,"href":"https:\/\/www.bertazzofood.com\/fr\/wp-json\/wp\/v2\/product_tag?post=11871"},{"taxonomy":"brands","embeddable":true,"href":"https:\/\/www.bertazzofood.com\/fr\/wp-json\/wp\/v2\/brands?post=11871"},{"taxonomy":"flag_home","embeddable":true,"href":"https:\/\/www.bertazzofood.com\/fr\/wp-json\/wp\/v2\/flag_home?post=11871"}],"curies":[{"name":"wp","href":"https:\/\/api.w.org\/{rel}","templated":true}]}}