{"id":11865,"date":"2020-01-24T08:45:49","date_gmt":"2020-01-24T07:45:49","guid":{"rendered":"https:\/\/thegarden.it\/staging8\/prodotto\/ragout-de-lievre-alpe-magna\/"},"modified":"2024-06-23T22:32:25","modified_gmt":"2024-06-23T20:32:25","slug":"ragout-de-lievre-alpe-magna","status":"publish","type":"product","link":"https:\/\/www.bertazzofood.com\/fr\/prodotto\/ragout-de-lievre-alpe-magna\/","title":{"rendered":"Rago\u00fbt de li\u00e8vre Alpe Magna"},"content":{"rendered":"<p><strong>Descrizione in etichetta \/ Beschreibung \/ Label description<\/strong><br \/>\nRag\u00f9 cotto lentamente con carne scelta di sola lepre. \/ Fleischso\u00dfe aus ausgew\u00e4hltem, gegartem Hasenfleisch. \/ Slowly cooked ragu\u2019 with selected hare meat only.<\/p>\n<p><strong>Ingredienti \/ Zutaten \/ Ingredients<\/strong><br \/>\nCarne di lepre 60%, verdure fresche in proporzione variabile (cipolle, carote, sedano), pomodoro italiano, vino rosso trentino (solfiti), burro, olio extravergine oliva italiano, farina di riso, olio di girasole, aceto, aromi naturali, sale marino, aromi naturali, limone. SENZA CONSERVANTI E SENZA GLUTINE. \/ Hasenfleisch 60%, frisches Gem\u00fcse in ver\u00e4nderlichen Anteilen (Zwiebeln, Karotten, Sellerie), italienische Tomaten, Rotwein aus dem Trentino (Sulfite), Butter, italienisches natives Oliven\u00f6l extra, Reismehl, Sonnenblumen\u00f6l, Essig, nat\u00fcrlichen Aromen, Meersalz, Aromen, Zitrone. OHNE KONSERVIERUNGSSTOFFE UND OHNE GLUTEN. \/ Hare meat 60%, fresh vegetables in varying proportions (onions, carrots, celery), Italian tomato, Trentino red wine (sulphites), butter, Italian extra virgin olive oil, rice flour, sunflower oil, vinegar, natural flavors , sea salt, natural flavors, lemon. WITHOUT PRESERVATIVES AND GLUTEN FREE.<\/p>\n<p>Valori nutrizionali \/ N\u00e4hrwerte \/ Nutritional value<br \/>\nValore energetico \/ N\u00e4hrwert \/ Energy value : 656 kJ \/ 158 kcal<br \/>\nGrassi \/ Fett \/Fat : 10,7 g<br \/>\ndi cui acidi grassi saturi \/ Davon ges\u00e4ttigte Fetts\u00e4uren \/ of which saturated fatty acids : 3,8 g<br \/>\nCarboidrati \/ Kohlenhydrate \/ Carbohydrates : 2,7 g<br \/>\ndi cui zuccheri \/ Davon Zucker \/ of which sugars : 2,7 g<br \/>\nProteine \/ Eiwei\u00df \/ Proteins : 12,6 g<br \/>\nSale \/ Salz \/ Salt : 1,8 g<\/p>\n","protected":false},"excerpt":{"rendered":"<p>Descrizione in etichetta \/ Beschreibung \/ Label description Rag\u00f9 cotto lentamente con carne scelta di sola lepre. \/ Fleischso\u00dfe aus ausgew\u00e4hltem, gegartem Hasenfleisch. \/ Slowly cooked ragu\u2019 with selected hare meat only. Ingredienti \/ Zutaten \/ Ingredients Carne di lepre 60%, verdure fresche in proporzione variabile (cipolle, carote, sedano), pomodoro italiano, vino rosso trentino (solfiti), [&hellip;]<\/p>\n","protected":false},"featured_media":4629,"comment_status":"open","ping_status":"open","template":"","meta":{"_acf_changed":false,"iawp_total_views":1},"product_brand":[],"product_cat":[1194,1230],"product_tag":[],"brands":[1751],"flag_home":[],"class_list":{"0":"post-11865","1":"product","2":"type-product","3":"status-publish","4":"has-post-thumbnail","6":"product_cat-assaisonnements","7":"product_cat-pates-assaisonnements","8":"brands-alpe-magna","10":"first","11":"outofstock","12":"taxable","13":"shipping-taxable","14":"purchasable","15":"product-type-simple"},"acf":[],"yoast_head":"<!-- This site is optimized with the Yoast SEO plugin v27.5 - https:\/\/yoast.com\/product\/yoast-seo-wordpress\/ -->\n<title>Rago\u00fbt de li\u00e8vre Alpe Magna<\/title>\n<meta name=\"robots\" content=\"index, follow, max-snippet:-1, max-image-preview:large, max-video-preview:-1\" \/>\n<link rel=\"canonical\" href=\"https:\/\/www.bertazzofood.com\/fr\/prodotto\/ragout-de-lievre-alpe-magna\/\" \/>\n<meta property=\"og:locale\" content=\"fr_FR\" \/>\n<meta property=\"og:type\" content=\"article\" \/>\n<meta property=\"og:title\" content=\"Rago\u00fbt de li\u00e8vre Alpe Magna\" \/>\n<meta property=\"og:description\" content=\"Descrizione in etichetta \/ Beschreibung \/ Label description Rag\u00f9 cotto lentamente con carne scelta di sola lepre. \/ Fleischso\u00dfe aus ausgew\u00e4hltem, gegartem Hasenfleisch. \/ Slowly cooked ragu\u2019 with selected hare meat only. Ingredienti \/ Zutaten \/ Ingredients Carne di lepre 60%, verdure fresche in proporzione variabile (cipolle, carote, sedano), pomodoro italiano, vino rosso trentino (solfiti), [&hellip;]\" \/>\n<meta property=\"og:url\" content=\"https:\/\/www.bertazzofood.com\/fr\/prodotto\/ragout-de-lievre-alpe-magna\/\" \/>\n<meta property=\"og:site_name\" content=\"Bertazzo Food\" \/>\n<meta property=\"article:publisher\" content=\"https:\/\/www.facebook.com\/BertazzoItalianQualityFood\" \/>\n<meta property=\"article:modified_time\" content=\"2024-06-23T20:32:25+00:00\" \/>\n<meta property=\"og:image\" content=\"https:\/\/www.bertazzofood.com\/wp-content\/uploads\/2024\/06\/purezze_ragu_lepre-2.jpg\" \/>\n\t<meta property=\"og:image:width\" content=\"800\" \/>\n\t<meta property=\"og:image:height\" content=\"800\" \/>\n\t<meta property=\"og:image:type\" content=\"image\/jpeg\" \/>\n<meta name=\"twitter:card\" content=\"summary_large_image\" \/>\n<meta name=\"twitter:label1\" content=\"Dur\u00e9e de lecture estim\u00e9e\" \/>\n\t<meta name=\"twitter:data1\" content=\"1 minute\" \/>\n<script type=\"application\/ld+json\" class=\"yoast-schema-graph\">{\"@context\":\"https:\\\/\\\/schema.org\",\"@graph\":[{\"@type\":\"WebPage\",\"@id\":\"https:\\\/\\\/www.bertazzofood.com\\\/fr\\\/prodotto\\\/ragout-de-lievre-alpe-magna\\\/\",\"url\":\"https:\\\/\\\/www.bertazzofood.com\\\/fr\\\/prodotto\\\/ragout-de-lievre-alpe-magna\\\/\",\"name\":\"Rago\u00fbt de li\u00e8vre Alpe Magna\",\"isPartOf\":{\"@id\":\"https:\\\/\\\/www.bertazzofood.com\\\/fr\\\/#website\"},\"primaryImageOfPage\":{\"@id\":\"https:\\\/\\\/www.bertazzofood.com\\\/fr\\\/prodotto\\\/ragout-de-lievre-alpe-magna\\\/#primaryimage\"},\"image\":{\"@id\":\"https:\\\/\\\/www.bertazzofood.com\\\/fr\\\/prodotto\\\/ragout-de-lievre-alpe-magna\\\/#primaryimage\"},\"thumbnailUrl\":\"https:\\\/\\\/www.bertazzofood.com\\\/wp-content\\\/uploads\\\/2024\\\/06\\\/purezze_ragu_lepre-2.jpg\",\"datePublished\":\"2020-01-24T07:45:49+00:00\",\"dateModified\":\"2024-06-23T20:32:25+00:00\",\"breadcrumb\":{\"@id\":\"https:\\\/\\\/www.bertazzofood.com\\\/fr\\\/prodotto\\\/ragout-de-lievre-alpe-magna\\\/#breadcrumb\"},\"inLanguage\":\"fr-FR\",\"potentialAction\":[{\"@type\":\"ReadAction\",\"target\":[\"https:\\\/\\\/www.bertazzofood.com\\\/fr\\\/prodotto\\\/ragout-de-lievre-alpe-magna\\\/\"]}]},{\"@type\":\"ImageObject\",\"inLanguage\":\"fr-FR\",\"@id\":\"https:\\\/\\\/www.bertazzofood.com\\\/fr\\\/prodotto\\\/ragout-de-lievre-alpe-magna\\\/#primaryimage\",\"url\":\"https:\\\/\\\/www.bertazzofood.com\\\/wp-content\\\/uploads\\\/2024\\\/06\\\/purezze_ragu_lepre-2.jpg\",\"contentUrl\":\"https:\\\/\\\/www.bertazzofood.com\\\/wp-content\\\/uploads\\\/2024\\\/06\\\/purezze_ragu_lepre-2.jpg\",\"width\":800,\"height\":800},{\"@type\":\"BreadcrumbList\",\"@id\":\"https:\\\/\\\/www.bertazzofood.com\\\/fr\\\/prodotto\\\/ragout-de-lievre-alpe-magna\\\/#breadcrumb\",\"itemListElement\":[{\"@type\":\"ListItem\",\"position\":1,\"name\":\"Home\",\"item\":\"https:\\\/\\\/www.bertazzofood.com\\\/fr\\\/homepage\\\/\"},{\"@type\":\"ListItem\",\"position\":2,\"name\":\"Produits\",\"item\":\"https:\\\/\\\/www.bertazzofood.com\\\/fr\\\/shop\\\/\"},{\"@type\":\"ListItem\",\"position\":3,\"name\":\"Rago\u00fbt de li\u00e8vre Alpe Magna\"}]},{\"@type\":\"WebSite\",\"@id\":\"https:\\\/\\\/www.bertazzofood.com\\\/fr\\\/#website\",\"url\":\"https:\\\/\\\/www.bertazzofood.com\\\/fr\\\/\",\"name\":\"Bertazzo Food\",\"description\":\"Prodotti Alimentari Italiani Online e Macchine Da Caff\u00e8\",\"publisher\":{\"@id\":\"https:\\\/\\\/www.bertazzofood.com\\\/fr\\\/#organization\"},\"potentialAction\":[{\"@type\":\"SearchAction\",\"target\":{\"@type\":\"EntryPoint\",\"urlTemplate\":\"https:\\\/\\\/www.bertazzofood.com\\\/fr\\\/?s={search_term_string}\"},\"query-input\":{\"@type\":\"PropertyValueSpecification\",\"valueRequired\":true,\"valueName\":\"search_term_string\"}}],\"inLanguage\":\"fr-FR\"},{\"@type\":\"Organization\",\"@id\":\"https:\\\/\\\/www.bertazzofood.com\\\/fr\\\/#organization\",\"name\":\"Bertazzo Italian Quality Food S.a.s. di Bertazzo Fabio & C.\",\"alternateName\":\"Bertazzo Food\",\"url\":\"https:\\\/\\\/www.bertazzofood.com\\\/fr\\\/\",\"logo\":{\"@type\":\"ImageObject\",\"inLanguage\":\"fr-FR\",\"@id\":\"https:\\\/\\\/www.bertazzofood.com\\\/fr\\\/#\\\/schema\\\/logo\\\/image\\\/\",\"url\":\"https:\\\/\\\/www.bertazzofood.com\\\/wp-content\\\/uploads\\\/2024\\\/06\\\/logo-bertazzo.webp\",\"contentUrl\":\"https:\\\/\\\/www.bertazzofood.com\\\/wp-content\\\/uploads\\\/2024\\\/06\\\/logo-bertazzo.webp\",\"width\":410,\"height\":166,\"caption\":\"Bertazzo Italian Quality Food S.a.s. di Bertazzo Fabio & C.\"},\"image\":{\"@id\":\"https:\\\/\\\/www.bertazzofood.com\\\/fr\\\/#\\\/schema\\\/logo\\\/image\\\/\"},\"sameAs\":[\"https:\\\/\\\/www.facebook.com\\\/BertazzoItalianQualityFood\",\"https:\\\/\\\/www.instagram.com\\\/bertazzo_italian_quality_food\\\/\"]}]}<\/script>\n<!-- \/ Yoast SEO plugin. -->","yoast_head_json":{"title":"Rago\u00fbt de li\u00e8vre Alpe Magna","robots":{"index":"index","follow":"follow","max-snippet":"max-snippet:-1","max-image-preview":"max-image-preview:large","max-video-preview":"max-video-preview:-1"},"canonical":"https:\/\/www.bertazzofood.com\/fr\/prodotto\/ragout-de-lievre-alpe-magna\/","og_locale":"fr_FR","og_type":"article","og_title":"Rago\u00fbt de li\u00e8vre Alpe Magna","og_description":"Descrizione in etichetta \/ Beschreibung \/ Label description Rag\u00f9 cotto lentamente con carne scelta di sola lepre. \/ Fleischso\u00dfe aus ausgew\u00e4hltem, gegartem Hasenfleisch. \/ Slowly cooked ragu\u2019 with selected hare meat only. Ingredienti \/ Zutaten \/ Ingredients Carne di lepre 60%, verdure fresche in proporzione variabile (cipolle, carote, sedano), pomodoro italiano, vino rosso trentino (solfiti), [&hellip;]","og_url":"https:\/\/www.bertazzofood.com\/fr\/prodotto\/ragout-de-lievre-alpe-magna\/","og_site_name":"Bertazzo Food","article_publisher":"https:\/\/www.facebook.com\/BertazzoItalianQualityFood","article_modified_time":"2024-06-23T20:32:25+00:00","og_image":[{"width":800,"height":800,"url":"https:\/\/www.bertazzofood.com\/wp-content\/uploads\/2024\/06\/purezze_ragu_lepre-2.jpg","type":"image\/jpeg"}],"twitter_card":"summary_large_image","twitter_misc":{"Dur\u00e9e de lecture estim\u00e9e":"1 minute"},"schema":{"@context":"https:\/\/schema.org","@graph":[{"@type":"WebPage","@id":"https:\/\/www.bertazzofood.com\/fr\/prodotto\/ragout-de-lievre-alpe-magna\/","url":"https:\/\/www.bertazzofood.com\/fr\/prodotto\/ragout-de-lievre-alpe-magna\/","name":"Rago\u00fbt de li\u00e8vre Alpe Magna","isPartOf":{"@id":"https:\/\/www.bertazzofood.com\/fr\/#website"},"primaryImageOfPage":{"@id":"https:\/\/www.bertazzofood.com\/fr\/prodotto\/ragout-de-lievre-alpe-magna\/#primaryimage"},"image":{"@id":"https:\/\/www.bertazzofood.com\/fr\/prodotto\/ragout-de-lievre-alpe-magna\/#primaryimage"},"thumbnailUrl":"https:\/\/www.bertazzofood.com\/wp-content\/uploads\/2024\/06\/purezze_ragu_lepre-2.jpg","datePublished":"2020-01-24T07:45:49+00:00","dateModified":"2024-06-23T20:32:25+00:00","breadcrumb":{"@id":"https:\/\/www.bertazzofood.com\/fr\/prodotto\/ragout-de-lievre-alpe-magna\/#breadcrumb"},"inLanguage":"fr-FR","potentialAction":[{"@type":"ReadAction","target":["https:\/\/www.bertazzofood.com\/fr\/prodotto\/ragout-de-lievre-alpe-magna\/"]}]},{"@type":"ImageObject","inLanguage":"fr-FR","@id":"https:\/\/www.bertazzofood.com\/fr\/prodotto\/ragout-de-lievre-alpe-magna\/#primaryimage","url":"https:\/\/www.bertazzofood.com\/wp-content\/uploads\/2024\/06\/purezze_ragu_lepre-2.jpg","contentUrl":"https:\/\/www.bertazzofood.com\/wp-content\/uploads\/2024\/06\/purezze_ragu_lepre-2.jpg","width":800,"height":800},{"@type":"BreadcrumbList","@id":"https:\/\/www.bertazzofood.com\/fr\/prodotto\/ragout-de-lievre-alpe-magna\/#breadcrumb","itemListElement":[{"@type":"ListItem","position":1,"name":"Home","item":"https:\/\/www.bertazzofood.com\/fr\/homepage\/"},{"@type":"ListItem","position":2,"name":"Produits","item":"https:\/\/www.bertazzofood.com\/fr\/shop\/"},{"@type":"ListItem","position":3,"name":"Rago\u00fbt de li\u00e8vre Alpe Magna"}]},{"@type":"WebSite","@id":"https:\/\/www.bertazzofood.com\/fr\/#website","url":"https:\/\/www.bertazzofood.com\/fr\/","name":"Bertazzo Food","description":"Prodotti Alimentari Italiani Online e Macchine Da Caff\u00e8","publisher":{"@id":"https:\/\/www.bertazzofood.com\/fr\/#organization"},"potentialAction":[{"@type":"SearchAction","target":{"@type":"EntryPoint","urlTemplate":"https:\/\/www.bertazzofood.com\/fr\/?s={search_term_string}"},"query-input":{"@type":"PropertyValueSpecification","valueRequired":true,"valueName":"search_term_string"}}],"inLanguage":"fr-FR"},{"@type":"Organization","@id":"https:\/\/www.bertazzofood.com\/fr\/#organization","name":"Bertazzo Italian Quality Food S.a.s. di Bertazzo Fabio & C.","alternateName":"Bertazzo Food","url":"https:\/\/www.bertazzofood.com\/fr\/","logo":{"@type":"ImageObject","inLanguage":"fr-FR","@id":"https:\/\/www.bertazzofood.com\/fr\/#\/schema\/logo\/image\/","url":"https:\/\/www.bertazzofood.com\/wp-content\/uploads\/2024\/06\/logo-bertazzo.webp","contentUrl":"https:\/\/www.bertazzofood.com\/wp-content\/uploads\/2024\/06\/logo-bertazzo.webp","width":410,"height":166,"caption":"Bertazzo Italian Quality Food S.a.s. di Bertazzo Fabio & C."},"image":{"@id":"https:\/\/www.bertazzofood.com\/fr\/#\/schema\/logo\/image\/"},"sameAs":["https:\/\/www.facebook.com\/BertazzoItalianQualityFood","https:\/\/www.instagram.com\/bertazzo_italian_quality_food\/"]}]}},"_links":{"self":[{"href":"https:\/\/www.bertazzofood.com\/fr\/wp-json\/wp\/v2\/product\/11865","targetHints":{"allow":["GET"]}}],"collection":[{"href":"https:\/\/www.bertazzofood.com\/fr\/wp-json\/wp\/v2\/product"}],"about":[{"href":"https:\/\/www.bertazzofood.com\/fr\/wp-json\/wp\/v2\/types\/product"}],"replies":[{"embeddable":true,"href":"https:\/\/www.bertazzofood.com\/fr\/wp-json\/wp\/v2\/comments?post=11865"}],"version-history":[{"count":0,"href":"https:\/\/www.bertazzofood.com\/fr\/wp-json\/wp\/v2\/product\/11865\/revisions"}],"wp:featuredmedia":[{"embeddable":true,"href":"https:\/\/www.bertazzofood.com\/fr\/wp-json\/wp\/v2\/media\/4629"}],"wp:attachment":[{"href":"https:\/\/www.bertazzofood.com\/fr\/wp-json\/wp\/v2\/media?parent=11865"}],"wp:term":[{"taxonomy":"product_brand","embeddable":true,"href":"https:\/\/www.bertazzofood.com\/fr\/wp-json\/wp\/v2\/product_brand?post=11865"},{"taxonomy":"product_cat","embeddable":true,"href":"https:\/\/www.bertazzofood.com\/fr\/wp-json\/wp\/v2\/product_cat?post=11865"},{"taxonomy":"product_tag","embeddable":true,"href":"https:\/\/www.bertazzofood.com\/fr\/wp-json\/wp\/v2\/product_tag?post=11865"},{"taxonomy":"brands","embeddable":true,"href":"https:\/\/www.bertazzofood.com\/fr\/wp-json\/wp\/v2\/brands?post=11865"},{"taxonomy":"flag_home","embeddable":true,"href":"https:\/\/www.bertazzofood.com\/fr\/wp-json\/wp\/v2\/flag_home?post=11865"}],"curies":[{"name":"wp","href":"https:\/\/api.w.org\/{rel}","templated":true}]}}