{"id":11624,"date":"2020-01-24T08:29:06","date_gmt":"2020-01-24T07:29:06","guid":{"rendered":"https:\/\/thegarden.it\/staging8\/prodotto\/la-san-marco-top-85-sprint-2gr-gris\/"},"modified":"2024-06-23T22:29:38","modified_gmt":"2024-06-23T20:29:38","slug":"la-san-marco-top-85-sprint-2gr-gris","status":"publish","type":"product","link":"https:\/\/www.bertazzofood.com\/fr\/prodotto\/la-san-marco-top-85-sprint-2gr-gris\/","title":{"rendered":"La San Marco Top 85 Sprint 2GR gris"},"content":{"rendered":"<p><em><strong>La San Marco S\u00e9rie TOP 85<\/strong><\/em>\u00a0repr\u00e9sente l\u2019\u00e9volution technologique de la S\u00e9rie 85, historique et fameuse, et tr\u00e8s appr\u00e9ci\u00e9e en Italie et dans le monde entier. Les caract\u00e9ristiques renomm\u00e9es de robustesse et de fiabilit\u00e9 de la s\u00e9rie Top 85 s\u2019accompagne d\u2019un nouvel \u00e9cran au design moderne, d\u2019un \u00e9clairage du plan de travail \u00e0 LED RGB multicolore et du r\u00e9glage \u00e9lectronique automatique de la temp\u00e9rature dans la chaudi\u00e8re.<\/p>\n<p>Mat\u00e9riaux de qualit\u00e9 employ\u00e9s pour les composants interne (laiton, cuivre et acier inox) et carrosserie avec joues lat\u00e9rales en aluminium moul\u00e9 sous pression avec des finitions obtenues \u00e0 travers des vernissages divers. Les mat\u00e9riaux sont durables, fonctionnels et faciles \u00e0 nettoyer et ils r\u00e9pondent depuis toujours aux hauts standards de qualit\u00e9 certifi\u00e9e des machines pour caf\u00e9 expresso La San Marco. Le plan de travail parfaitement \u00e9clair\u00e9 cr\u00e9e un effet optique qui s\u2019adapte harmonieusement \u00e0 tous les am\u00e9nagements. La S\u00e9rie TOP 85 est munie d\u2019un clavier ergonomique et fonctionnel, \u00e0 \u00e9clairage arri\u00e8re, pour chaque groupe. Tous les claviers sont reli\u00e9s par connexion \u00e9lectrique \u00e0 un afficheur graphique qui int\u00e8gre la programmation ex\u00e9cutable \u00e0 travers les claviers. Cela permet des programmations et des r\u00e9glages suppl\u00e9mentaires et fournit une s\u00e9rie d\u2019informations tr\u00e8s utiles pour l\u2019op\u00e9rateur.<\/p>\n<p>Fiche technique:<\/p>\n<p>\u2022Boiler capacity 5L<\/p>\n<p>\u2022Indicateur niveau eau \u00e0 LED<\/p>\n<p>\u2022Clavier avec 4 doses de caf\u00e9 programmables plus touche start\/stop pour chaque groupe<\/p>\n<p>\u2022N. 1 lance distribution eau chaude \u00e0 actionnement manuel par levier<\/p>\n<p>\u2022N. 2 lances vapeur \u00e0 actionnement manuel par levier<\/p>\n<p>\u2022Plan appuie-tasses en acier inox<\/p>\n<p>\u2022Surface en acier inox qui ne laisse pas de traces<\/p>\n<p>\u2022Cycle de lavage automatique<\/p>\n<p>\u2022Clavier \u00e9clairage de fond \u00e0 LED<\/p>\n<p>\u2022\u00c9clairage du plan de travail avec technologie LED \u00e0 4 couleurs programmables (blanc, bleu, rouge, vert)<\/p>\n<p>\u2022R\u00e9glage \u00e9lectronique automatique de la temp\u00e9rature chaudi\u00e8re<\/p>\n<p>\u2022R\u00e9glage de temp\u00e9rature pour chaque groupe avec variateur de d\u00e9bit<\/p>\n<p>\u2022Filtre de 53 mm<\/p>\n<p>\u2022Net Weight 51 kg<\/p>\n<p>\u2022Power 3200 W<\/p>\n<p><strong>24 mois de garantie.<\/strong><\/p>\n<p><strong>Livraison gratuite.\u00a0<\/strong><\/p>\n","protected":false},"excerpt":{"rendered":"<p>La San Marco S\u00e9rie TOP 85\u00a0repr\u00e9sente l\u2019\u00e9volution technologique de la S\u00e9rie 85, historique et fameuse, et tr\u00e8s appr\u00e9ci\u00e9e en Italie et dans le monde entier. Les caract\u00e9ristiques renomm\u00e9es de robustesse et de fiabilit\u00e9 de la s\u00e9rie Top 85 s\u2019accompagne d\u2019un nouvel \u00e9cran au design moderne, d\u2019un \u00e9clairage du plan de travail \u00e0 LED RGB multicolore [&hellip;]<\/p>\n","protected":false},"featured_media":4200,"comment_status":"open","ping_status":"closed","template":"","meta":{"_acf_changed":false,"iawp_total_views":139},"product_brand":[],"product_cat":[1219,1233],"product_tag":[],"brands":[1715],"flag_home":[],"class_list":{"0":"post-11624","1":"product","2":"type-product","3":"status-publish","4":"has-post-thumbnail","6":"product_cat-equipements-cafe","7":"product_cat-machines-a-cafe-espresso","8":"pa_garanzia-24-mois","9":"pa_tipo-di-alimentazione-acqua-connexion-directe-au-reseau-hydrique","10":"pa_tipo-di-caldaia-une-chaudiere","11":"pa_tipo-di-pompa-rotative","12":"brands-la-san-marco","14":"first","15":"outofstock","16":"taxable","17":"shipping-taxable","18":"purchasable","19":"product-type-simple"},"acf":[],"yoast_head":"<!-- This site is optimized with the Yoast SEO plugin v27.5 - https:\/\/yoast.com\/product\/yoast-seo-wordpress\/ -->\n<title>La San Marco Top 85 Sprint 2GR gris<\/title>\n<meta name=\"robots\" content=\"index, follow, max-snippet:-1, max-image-preview:large, max-video-preview:-1\" \/>\n<link rel=\"canonical\" href=\"https:\/\/www.bertazzofood.com\/fr\/prodotto\/la-san-marco-top-85-sprint-2gr-gris\/\" \/>\n<meta property=\"og:locale\" content=\"fr_FR\" \/>\n<meta property=\"og:type\" content=\"article\" \/>\n<meta property=\"og:title\" content=\"La San Marco Top 85 Sprint 2GR gris\" \/>\n<meta property=\"og:description\" content=\"La San Marco S\u00e9rie TOP 85\u00a0repr\u00e9sente l\u2019\u00e9volution technologique de la S\u00e9rie 85, historique et fameuse, et tr\u00e8s appr\u00e9ci\u00e9e en Italie et dans le monde entier. Les caract\u00e9ristiques renomm\u00e9es de robustesse et de fiabilit\u00e9 de la s\u00e9rie Top 85 s\u2019accompagne d\u2019un nouvel \u00e9cran au design moderne, d\u2019un \u00e9clairage du plan de travail \u00e0 LED RGB multicolore [&hellip;]\" \/>\n<meta property=\"og:url\" content=\"https:\/\/www.bertazzofood.com\/fr\/prodotto\/la-san-marco-top-85-sprint-2gr-gris\/\" \/>\n<meta property=\"og:site_name\" content=\"Bertazzo Food\" \/>\n<meta property=\"article:publisher\" content=\"https:\/\/www.facebook.com\/BertazzoItalianQualityFood\" \/>\n<meta property=\"article:modified_time\" content=\"2024-06-23T20:29:38+00:00\" \/>\n<meta property=\"og:image\" content=\"https:\/\/www.bertazzofood.com\/wp-content\/uploads\/2024\/06\/La-San-Marco-Top-85-Sprint-grigia-2.jpg\" \/>\n\t<meta property=\"og:image:width\" content=\"800\" \/>\n\t<meta property=\"og:image:height\" content=\"800\" \/>\n\t<meta property=\"og:image:type\" content=\"image\/jpeg\" \/>\n<meta name=\"twitter:card\" content=\"summary_large_image\" \/>\n<meta name=\"twitter:label1\" content=\"Dur\u00e9e de lecture estim\u00e9e\" \/>\n\t<meta name=\"twitter:data1\" content=\"2 minutes\" \/>\n<script type=\"application\/ld+json\" class=\"yoast-schema-graph\">{\"@context\":\"https:\\\/\\\/schema.org\",\"@graph\":[{\"@type\":\"WebPage\",\"@id\":\"https:\\\/\\\/www.bertazzofood.com\\\/fr\\\/prodotto\\\/la-san-marco-top-85-sprint-2gr-gris\\\/\",\"url\":\"https:\\\/\\\/www.bertazzofood.com\\\/fr\\\/prodotto\\\/la-san-marco-top-85-sprint-2gr-gris\\\/\",\"name\":\"La San Marco Top 85 Sprint 2GR gris\",\"isPartOf\":{\"@id\":\"https:\\\/\\\/www.bertazzofood.com\\\/fr\\\/#website\"},\"primaryImageOfPage\":{\"@id\":\"https:\\\/\\\/www.bertazzofood.com\\\/fr\\\/prodotto\\\/la-san-marco-top-85-sprint-2gr-gris\\\/#primaryimage\"},\"image\":{\"@id\":\"https:\\\/\\\/www.bertazzofood.com\\\/fr\\\/prodotto\\\/la-san-marco-top-85-sprint-2gr-gris\\\/#primaryimage\"},\"thumbnailUrl\":\"https:\\\/\\\/www.bertazzofood.com\\\/wp-content\\\/uploads\\\/2024\\\/06\\\/La-San-Marco-Top-85-Sprint-grigia-2.jpg\",\"datePublished\":\"2020-01-24T07:29:06+00:00\",\"dateModified\":\"2024-06-23T20:29:38+00:00\",\"breadcrumb\":{\"@id\":\"https:\\\/\\\/www.bertazzofood.com\\\/fr\\\/prodotto\\\/la-san-marco-top-85-sprint-2gr-gris\\\/#breadcrumb\"},\"inLanguage\":\"fr-FR\",\"potentialAction\":[{\"@type\":\"ReadAction\",\"target\":[\"https:\\\/\\\/www.bertazzofood.com\\\/fr\\\/prodotto\\\/la-san-marco-top-85-sprint-2gr-gris\\\/\"]}]},{\"@type\":\"ImageObject\",\"inLanguage\":\"fr-FR\",\"@id\":\"https:\\\/\\\/www.bertazzofood.com\\\/fr\\\/prodotto\\\/la-san-marco-top-85-sprint-2gr-gris\\\/#primaryimage\",\"url\":\"https:\\\/\\\/www.bertazzofood.com\\\/wp-content\\\/uploads\\\/2024\\\/06\\\/La-San-Marco-Top-85-Sprint-grigia-2.jpg\",\"contentUrl\":\"https:\\\/\\\/www.bertazzofood.com\\\/wp-content\\\/uploads\\\/2024\\\/06\\\/La-San-Marco-Top-85-Sprint-grigia-2.jpg\",\"width\":800,\"height\":800},{\"@type\":\"BreadcrumbList\",\"@id\":\"https:\\\/\\\/www.bertazzofood.com\\\/fr\\\/prodotto\\\/la-san-marco-top-85-sprint-2gr-gris\\\/#breadcrumb\",\"itemListElement\":[{\"@type\":\"ListItem\",\"position\":1,\"name\":\"Home\",\"item\":\"https:\\\/\\\/www.bertazzofood.com\\\/fr\\\/homepage\\\/\"},{\"@type\":\"ListItem\",\"position\":2,\"name\":\"Produits\",\"item\":\"https:\\\/\\\/www.bertazzofood.com\\\/fr\\\/shop\\\/\"},{\"@type\":\"ListItem\",\"position\":3,\"name\":\"La San Marco Top 85 Sprint 2GR gris\"}]},{\"@type\":\"WebSite\",\"@id\":\"https:\\\/\\\/www.bertazzofood.com\\\/fr\\\/#website\",\"url\":\"https:\\\/\\\/www.bertazzofood.com\\\/fr\\\/\",\"name\":\"Bertazzo Food\",\"description\":\"Prodotti Alimentari Italiani Online e Macchine Da Caff\u00e8\",\"publisher\":{\"@id\":\"https:\\\/\\\/www.bertazzofood.com\\\/fr\\\/#organization\"},\"potentialAction\":[{\"@type\":\"SearchAction\",\"target\":{\"@type\":\"EntryPoint\",\"urlTemplate\":\"https:\\\/\\\/www.bertazzofood.com\\\/fr\\\/?s={search_term_string}\"},\"query-input\":{\"@type\":\"PropertyValueSpecification\",\"valueRequired\":true,\"valueName\":\"search_term_string\"}}],\"inLanguage\":\"fr-FR\"},{\"@type\":\"Organization\",\"@id\":\"https:\\\/\\\/www.bertazzofood.com\\\/fr\\\/#organization\",\"name\":\"Bertazzo Italian Quality Food S.a.s. di Bertazzo Fabio & C.\",\"alternateName\":\"Bertazzo Food\",\"url\":\"https:\\\/\\\/www.bertazzofood.com\\\/fr\\\/\",\"logo\":{\"@type\":\"ImageObject\",\"inLanguage\":\"fr-FR\",\"@id\":\"https:\\\/\\\/www.bertazzofood.com\\\/fr\\\/#\\\/schema\\\/logo\\\/image\\\/\",\"url\":\"https:\\\/\\\/www.bertazzofood.com\\\/wp-content\\\/uploads\\\/2024\\\/06\\\/logo-bertazzo.webp\",\"contentUrl\":\"https:\\\/\\\/www.bertazzofood.com\\\/wp-content\\\/uploads\\\/2024\\\/06\\\/logo-bertazzo.webp\",\"width\":410,\"height\":166,\"caption\":\"Bertazzo Italian Quality Food S.a.s. di Bertazzo Fabio & C.\"},\"image\":{\"@id\":\"https:\\\/\\\/www.bertazzofood.com\\\/fr\\\/#\\\/schema\\\/logo\\\/image\\\/\"},\"sameAs\":[\"https:\\\/\\\/www.facebook.com\\\/BertazzoItalianQualityFood\",\"https:\\\/\\\/www.instagram.com\\\/bertazzo_italian_quality_food\\\/\"]}]}<\/script>\n<!-- \/ Yoast SEO plugin. -->","yoast_head_json":{"title":"La San Marco Top 85 Sprint 2GR gris","robots":{"index":"index","follow":"follow","max-snippet":"max-snippet:-1","max-image-preview":"max-image-preview:large","max-video-preview":"max-video-preview:-1"},"canonical":"https:\/\/www.bertazzofood.com\/fr\/prodotto\/la-san-marco-top-85-sprint-2gr-gris\/","og_locale":"fr_FR","og_type":"article","og_title":"La San Marco Top 85 Sprint 2GR gris","og_description":"La San Marco S\u00e9rie TOP 85\u00a0repr\u00e9sente l\u2019\u00e9volution technologique de la S\u00e9rie 85, historique et fameuse, et tr\u00e8s appr\u00e9ci\u00e9e en Italie et dans le monde entier. Les caract\u00e9ristiques renomm\u00e9es de robustesse et de fiabilit\u00e9 de la s\u00e9rie Top 85 s\u2019accompagne d\u2019un nouvel \u00e9cran au design moderne, d\u2019un \u00e9clairage du plan de travail \u00e0 LED RGB multicolore [&hellip;]","og_url":"https:\/\/www.bertazzofood.com\/fr\/prodotto\/la-san-marco-top-85-sprint-2gr-gris\/","og_site_name":"Bertazzo Food","article_publisher":"https:\/\/www.facebook.com\/BertazzoItalianQualityFood","article_modified_time":"2024-06-23T20:29:38+00:00","og_image":[{"width":800,"height":800,"url":"https:\/\/www.bertazzofood.com\/wp-content\/uploads\/2024\/06\/La-San-Marco-Top-85-Sprint-grigia-2.jpg","type":"image\/jpeg"}],"twitter_card":"summary_large_image","twitter_misc":{"Dur\u00e9e de lecture estim\u00e9e":"2 minutes"},"schema":{"@context":"https:\/\/schema.org","@graph":[{"@type":"WebPage","@id":"https:\/\/www.bertazzofood.com\/fr\/prodotto\/la-san-marco-top-85-sprint-2gr-gris\/","url":"https:\/\/www.bertazzofood.com\/fr\/prodotto\/la-san-marco-top-85-sprint-2gr-gris\/","name":"La San Marco Top 85 Sprint 2GR gris","isPartOf":{"@id":"https:\/\/www.bertazzofood.com\/fr\/#website"},"primaryImageOfPage":{"@id":"https:\/\/www.bertazzofood.com\/fr\/prodotto\/la-san-marco-top-85-sprint-2gr-gris\/#primaryimage"},"image":{"@id":"https:\/\/www.bertazzofood.com\/fr\/prodotto\/la-san-marco-top-85-sprint-2gr-gris\/#primaryimage"},"thumbnailUrl":"https:\/\/www.bertazzofood.com\/wp-content\/uploads\/2024\/06\/La-San-Marco-Top-85-Sprint-grigia-2.jpg","datePublished":"2020-01-24T07:29:06+00:00","dateModified":"2024-06-23T20:29:38+00:00","breadcrumb":{"@id":"https:\/\/www.bertazzofood.com\/fr\/prodotto\/la-san-marco-top-85-sprint-2gr-gris\/#breadcrumb"},"inLanguage":"fr-FR","potentialAction":[{"@type":"ReadAction","target":["https:\/\/www.bertazzofood.com\/fr\/prodotto\/la-san-marco-top-85-sprint-2gr-gris\/"]}]},{"@type":"ImageObject","inLanguage":"fr-FR","@id":"https:\/\/www.bertazzofood.com\/fr\/prodotto\/la-san-marco-top-85-sprint-2gr-gris\/#primaryimage","url":"https:\/\/www.bertazzofood.com\/wp-content\/uploads\/2024\/06\/La-San-Marco-Top-85-Sprint-grigia-2.jpg","contentUrl":"https:\/\/www.bertazzofood.com\/wp-content\/uploads\/2024\/06\/La-San-Marco-Top-85-Sprint-grigia-2.jpg","width":800,"height":800},{"@type":"BreadcrumbList","@id":"https:\/\/www.bertazzofood.com\/fr\/prodotto\/la-san-marco-top-85-sprint-2gr-gris\/#breadcrumb","itemListElement":[{"@type":"ListItem","position":1,"name":"Home","item":"https:\/\/www.bertazzofood.com\/fr\/homepage\/"},{"@type":"ListItem","position":2,"name":"Produits","item":"https:\/\/www.bertazzofood.com\/fr\/shop\/"},{"@type":"ListItem","position":3,"name":"La San Marco Top 85 Sprint 2GR gris"}]},{"@type":"WebSite","@id":"https:\/\/www.bertazzofood.com\/fr\/#website","url":"https:\/\/www.bertazzofood.com\/fr\/","name":"Bertazzo Food","description":"Prodotti Alimentari Italiani Online e Macchine Da Caff\u00e8","publisher":{"@id":"https:\/\/www.bertazzofood.com\/fr\/#organization"},"potentialAction":[{"@type":"SearchAction","target":{"@type":"EntryPoint","urlTemplate":"https:\/\/www.bertazzofood.com\/fr\/?s={search_term_string}"},"query-input":{"@type":"PropertyValueSpecification","valueRequired":true,"valueName":"search_term_string"}}],"inLanguage":"fr-FR"},{"@type":"Organization","@id":"https:\/\/www.bertazzofood.com\/fr\/#organization","name":"Bertazzo Italian Quality Food S.a.s. di Bertazzo Fabio & C.","alternateName":"Bertazzo Food","url":"https:\/\/www.bertazzofood.com\/fr\/","logo":{"@type":"ImageObject","inLanguage":"fr-FR","@id":"https:\/\/www.bertazzofood.com\/fr\/#\/schema\/logo\/image\/","url":"https:\/\/www.bertazzofood.com\/wp-content\/uploads\/2024\/06\/logo-bertazzo.webp","contentUrl":"https:\/\/www.bertazzofood.com\/wp-content\/uploads\/2024\/06\/logo-bertazzo.webp","width":410,"height":166,"caption":"Bertazzo Italian Quality Food S.a.s. di Bertazzo Fabio & C."},"image":{"@id":"https:\/\/www.bertazzofood.com\/fr\/#\/schema\/logo\/image\/"},"sameAs":["https:\/\/www.facebook.com\/BertazzoItalianQualityFood","https:\/\/www.instagram.com\/bertazzo_italian_quality_food\/"]}]}},"_links":{"self":[{"href":"https:\/\/www.bertazzofood.com\/fr\/wp-json\/wp\/v2\/product\/11624","targetHints":{"allow":["GET"]}}],"collection":[{"href":"https:\/\/www.bertazzofood.com\/fr\/wp-json\/wp\/v2\/product"}],"about":[{"href":"https:\/\/www.bertazzofood.com\/fr\/wp-json\/wp\/v2\/types\/product"}],"replies":[{"embeddable":true,"href":"https:\/\/www.bertazzofood.com\/fr\/wp-json\/wp\/v2\/comments?post=11624"}],"version-history":[{"count":0,"href":"https:\/\/www.bertazzofood.com\/fr\/wp-json\/wp\/v2\/product\/11624\/revisions"}],"wp:featuredmedia":[{"embeddable":true,"href":"https:\/\/www.bertazzofood.com\/fr\/wp-json\/wp\/v2\/media\/4200"}],"wp:attachment":[{"href":"https:\/\/www.bertazzofood.com\/fr\/wp-json\/wp\/v2\/media?parent=11624"}],"wp:term":[{"taxonomy":"product_brand","embeddable":true,"href":"https:\/\/www.bertazzofood.com\/fr\/wp-json\/wp\/v2\/product_brand?post=11624"},{"taxonomy":"product_cat","embeddable":true,"href":"https:\/\/www.bertazzofood.com\/fr\/wp-json\/wp\/v2\/product_cat?post=11624"},{"taxonomy":"product_tag","embeddable":true,"href":"https:\/\/www.bertazzofood.com\/fr\/wp-json\/wp\/v2\/product_tag?post=11624"},{"taxonomy":"brands","embeddable":true,"href":"https:\/\/www.bertazzofood.com\/fr\/wp-json\/wp\/v2\/brands?post=11624"},{"taxonomy":"flag_home","embeddable":true,"href":"https:\/\/www.bertazzofood.com\/fr\/wp-json\/wp\/v2\/flag_home?post=11624"}],"curies":[{"name":"wp","href":"https:\/\/api.w.org\/{rel}","templated":true}]}}