{"id":11241,"date":"2020-04-08T08:28:59","date_gmt":"2020-04-08T06:28:59","guid":{"rendered":"https:\/\/thegarden.it\/staging8\/prodotto\/delonghi-eletta-ecam-45-760-w\/"},"modified":"2024-06-23T22:25:57","modified_gmt":"2024-06-23T20:25:57","slug":"delonghi-eletta-ecam-45-760-w","status":"publish","type":"product","link":"https:\/\/www.bertazzofood.com\/fr\/prodotto\/delonghi-eletta-ecam-45-760-w\/","title":{"rendered":"De&#8217;Longhi ELETTA ECAM 45.760.W"},"content":{"rendered":"<p><em><strong>Eletta Cappuccino TOP ECAM 45.760.W<\/strong><\/em>: des boissons caf\u00e9s et lact\u00e9es gr\u00e2ce \u00e0 un simple bouton et deux tasses d&#8217;expresso simultan\u00e9ment. Mousse de lait onctueuse gr\u00e2ce au syst\u00e8me LatteCrema automatique et carafe de lait auto-nettoyante. Personnalisez les ar\u00f4mes et la quantit\u00e9. D\u00e9tails en acier inoxydable et interface \u00e0 boutons en m\u00e9tal.<\/p>\n<p><a>CARACT\u00c9RISTIQUES:<\/a><\/p>\n<p>\u2022Technologie de mouture: la technologie de mouture int\u00e9gr\u00e9e garantit la fra\u00eecheur des grains. La mouture peut \u00eatre r\u00e9gl\u00e9e selon vos pr\u00e9f\u00e9rences. Les moulins \u00e0 caf\u00e9 en acier coniques sont parfaitement calibr\u00e9s.<\/p>\n<p>\u2022Un caf\u00e9 fra\u00eechement moulu: la technologie exclusive Tubeless r\u00e9duit au maximum les r\u00e9sidus de caf\u00e9 moulu dans l&#8217;expresso broyeur. Pr\u00e9parez un expresso fra\u00eechement moulu.<\/p>\n<p>\u2022Contr\u00f4le de temp\u00e9rature: deux syst\u00e8mes de chauffage ind\u00e9pendants pour un contr\u00f4le id\u00e9al de la temp\u00e9rature : Un Thermoblock pour la mouture du caf\u00e9 et un syst\u00e8me de chauffe d\u00e9di\u00e9 \u00e0 la pr\u00e9paration du lait. Les deux fonctionnent simultan\u00e9ment.<\/p>\n<p>\u2022Nettoyage facile: la carafe int\u00e8gre une fonction de nettoyage pour une hygi\u00e8ne exceptionnelle : apr\u00e8s la pr\u00e9paration des boissons, toutes les pi\u00e8ces en contact avec le lait sont automatiquement lav\u00e9es \u00e0 l&#8217;eau chaude et \u00e0 la vapeur.<\/p>\n<p>\u2022Dimensions (lxpxh cm): 26 x 36 x 46<\/p>\n<p>\u2022Poids (Kg):\u00a011<\/p>\n<p>\u2022Voltage \/ Fr\u00e9quence (V~Hz):\u00a0220\/240~50\/60<\/p>\n<p>\u2022Puissance absorb\u00e9e (W):\u00a01450<\/p>\n<p>\u2022Choisissez votre couleur pr\u00e9f\u00e9r\u00e9e:\u00a0Blanc<\/p>\n<p>\u2022Capacit\u00e9 du r\u00e9servoir \u00e0 grains:\u00a0400g<\/p>\n<p>\u2022Capacit\u00e9 du r\u00e9servoir \u00e0 marc (galettes):\u00a014<\/p>\n<p>\u2022Pression de la pompe (bar):\u00a015<\/p>\n<p>\u2022Sortie de caf\u00e9 r\u00e9glable en hauteur Taille des tasses (min \/ max):\u00a090\/142mm<\/p>\n<p>\u2022Touche caf\u00e9 long:\u00a0\u2713<\/p>\n<p>\u2022Contr\u00f4le de l&#8217;ar\u00f4me:\u00a0\u2713<\/p>\n<p>\u2022Signal sonore:\u00a0\u2713<\/p>\n<p>\u2022Nettoyage automatique:\u00a0\u2713<\/p>\n<p>\u2022D\u00e9marrage automatique:\u00a0\u2713<\/p>\n<p>\u2022Indicateur lumineux de nettoyage du syst\u00e8me Cappucino:\u00a0\u2713<\/p>\n<p>\u2022Utilisation de caf\u00e9 moulu:\u00a0\u2713<\/p>\n<p>\u2022Syst\u00e8me Latte Cr\u00e9ma De&#8217;Longhi:\u00a0\u2713<\/p>\n<p>\u2022Programmes automatiques de rin\u00e7age et de d\u00e9tartrage:\u00a0\u2713<\/p>\n<p>\u2022Ecran:\u00a02 lignes de texte<\/p>\n<p>\u2022Fonction \u00e9conomie d&#8217;\u00e9nergie:\u00a0\u2713<\/p>\n<p>\u2022Extra Cappuccino:\u00a0\u2713<\/p>\n<p>\u2022Finesse de mouture r\u00e9glable (13 niveaux):\u00a0\u2713<\/p>\n<p>\u2022Interrupteur On\/off:\u00a0\u2713<\/p>\n<p>\u2022Mise en marche programmable:\u00a0\u2713<\/p>\n<p>\u2022Programmation de la duret\u00e9 de l&#8217;eau:\u00a0\u2713<\/p>\n<p>\u2022R\u00e9colte gouttes amovible avec indicateur de niveau d&#8217;eau:\u00a0\u2713<\/p>\n<p>\u2022Groupe infuseur amovible:\u00a0\u2713<\/p>\n<p>\u2022R\u00e9servoir d&#8217;eau amovible:\u00a0\u2713<\/p>\n<p>\u2022S\u00e9lection 1 tasse:\u00a0\u2713<\/p>\n<p>\u2022S\u00e9lection 2 tasses:\u00a0\u2713<\/p>\n<p>\u2022Mode veille:\u00a0\u2713<\/p>\n<p>\u2022Filtre \u00e0 eau:\u00a0\u2713<\/p>\n<p><strong>24 mois de garantie.<\/strong><\/p>\n<p><strong>Livraison gratuite.\u00a0<\/strong><\/p>\n","protected":false},"excerpt":{"rendered":"<p>Eletta Cappuccino TOP ECAM 45.760.W: des boissons caf\u00e9s et lact\u00e9es gr\u00e2ce \u00e0 un simple bouton et deux tasses d&#8217;expresso simultan\u00e9ment. Mousse de lait onctueuse gr\u00e2ce au syst\u00e8me LatteCrema automatique et carafe de lait auto-nettoyante. Personnalisez les ar\u00f4mes et la quantit\u00e9. D\u00e9tails en acier inoxydable et interface \u00e0 boutons en m\u00e9tal. CARACT\u00c9RISTIQUES: \u2022Technologie de mouture: la [&hellip;]<\/p>\n","protected":false},"featured_media":3424,"comment_status":"open","ping_status":"closed","template":"","meta":{"_acf_changed":false,"iawp_total_views":17},"product_brand":[],"product_cat":[1219,1233],"product_tag":[],"brands":[1724],"flag_home":[],"class_list":{"0":"post-11241","1":"product","2":"type-product","3":"status-publish","4":"has-post-thumbnail","6":"product_cat-equipements-cafe","7":"product_cat-machines-a-cafe-espresso","8":"pa_garanzia-24-mois","9":"pa_tipo-di-alimentazione-acqua-reservoir-deau","10":"pa_tipo-di-caldaia-une-chaudiere","11":"pa_tipo-di-pompa-a-vibration","12":"brands-de-longhi","14":"first","15":"outofstock","16":"taxable","17":"shipping-taxable","18":"purchasable","19":"product-type-simple"},"acf":[],"yoast_head":"<!-- This site is optimized with the Yoast SEO plugin v27.5 - https:\/\/yoast.com\/product\/yoast-seo-wordpress\/ -->\n<title>De&#039;Longhi ELETTA ECAM 45.760.W<\/title>\n<meta name=\"robots\" content=\"index, follow, max-snippet:-1, max-image-preview:large, max-video-preview:-1\" \/>\n<link rel=\"canonical\" href=\"https:\/\/www.bertazzofood.com\/fr\/prodotto\/delonghi-eletta-ecam-45-760-w\/\" \/>\n<meta property=\"og:locale\" content=\"fr_FR\" \/>\n<meta property=\"og:type\" content=\"article\" \/>\n<meta property=\"og:title\" content=\"De&#039;Longhi ELETTA ECAM 45.760.W\" \/>\n<meta property=\"og:description\" content=\"Eletta Cappuccino TOP ECAM 45.760.W: des boissons caf\u00e9s et lact\u00e9es gr\u00e2ce \u00e0 un simple bouton et deux tasses d&#8217;expresso simultan\u00e9ment. Mousse de lait onctueuse gr\u00e2ce au syst\u00e8me LatteCrema automatique et carafe de lait auto-nettoyante. Personnalisez les ar\u00f4mes et la quantit\u00e9. D\u00e9tails en acier inoxydable et interface \u00e0 boutons en m\u00e9tal. CARACT\u00c9RISTIQUES: \u2022Technologie de mouture: la [&hellip;]\" \/>\n<meta property=\"og:url\" content=\"https:\/\/www.bertazzofood.com\/fr\/prodotto\/delonghi-eletta-ecam-45-760-w\/\" \/>\n<meta property=\"og:site_name\" content=\"Bertazzo Food\" \/>\n<meta property=\"article:publisher\" content=\"https:\/\/www.facebook.com\/BertazzoItalianQualityFood\" \/>\n<meta property=\"article:modified_time\" content=\"2024-06-23T20:25:57+00:00\" \/>\n<meta property=\"og:image\" content=\"https:\/\/www.bertazzofood.com\/wp-content\/uploads\/2024\/06\/ECAM-45.760.W-2.jpg\" \/>\n\t<meta property=\"og:image:width\" content=\"800\" \/>\n\t<meta property=\"og:image:height\" content=\"800\" \/>\n\t<meta property=\"og:image:type\" content=\"image\/jpeg\" \/>\n<meta name=\"twitter:card\" content=\"summary_large_image\" \/>\n<meta name=\"twitter:label1\" content=\"Dur\u00e9e de lecture estim\u00e9e\" \/>\n\t<meta name=\"twitter:data1\" content=\"2 minutes\" \/>\n<script type=\"application\/ld+json\" class=\"yoast-schema-graph\">{\"@context\":\"https:\\\/\\\/schema.org\",\"@graph\":[{\"@type\":\"WebPage\",\"@id\":\"https:\\\/\\\/www.bertazzofood.com\\\/fr\\\/prodotto\\\/delonghi-eletta-ecam-45-760-w\\\/\",\"url\":\"https:\\\/\\\/www.bertazzofood.com\\\/fr\\\/prodotto\\\/delonghi-eletta-ecam-45-760-w\\\/\",\"name\":\"De'Longhi ELETTA ECAM 45.760.W\",\"isPartOf\":{\"@id\":\"https:\\\/\\\/www.bertazzofood.com\\\/fr\\\/#website\"},\"primaryImageOfPage\":{\"@id\":\"https:\\\/\\\/www.bertazzofood.com\\\/fr\\\/prodotto\\\/delonghi-eletta-ecam-45-760-w\\\/#primaryimage\"},\"image\":{\"@id\":\"https:\\\/\\\/www.bertazzofood.com\\\/fr\\\/prodotto\\\/delonghi-eletta-ecam-45-760-w\\\/#primaryimage\"},\"thumbnailUrl\":\"https:\\\/\\\/www.bertazzofood.com\\\/wp-content\\\/uploads\\\/2024\\\/06\\\/ECAM-45.760.W-2.jpg\",\"datePublished\":\"2020-04-08T06:28:59+00:00\",\"dateModified\":\"2024-06-23T20:25:57+00:00\",\"breadcrumb\":{\"@id\":\"https:\\\/\\\/www.bertazzofood.com\\\/fr\\\/prodotto\\\/delonghi-eletta-ecam-45-760-w\\\/#breadcrumb\"},\"inLanguage\":\"fr-FR\",\"potentialAction\":[{\"@type\":\"ReadAction\",\"target\":[\"https:\\\/\\\/www.bertazzofood.com\\\/fr\\\/prodotto\\\/delonghi-eletta-ecam-45-760-w\\\/\"]}]},{\"@type\":\"ImageObject\",\"inLanguage\":\"fr-FR\",\"@id\":\"https:\\\/\\\/www.bertazzofood.com\\\/fr\\\/prodotto\\\/delonghi-eletta-ecam-45-760-w\\\/#primaryimage\",\"url\":\"https:\\\/\\\/www.bertazzofood.com\\\/wp-content\\\/uploads\\\/2024\\\/06\\\/ECAM-45.760.W-2.jpg\",\"contentUrl\":\"https:\\\/\\\/www.bertazzofood.com\\\/wp-content\\\/uploads\\\/2024\\\/06\\\/ECAM-45.760.W-2.jpg\",\"width\":800,\"height\":800},{\"@type\":\"BreadcrumbList\",\"@id\":\"https:\\\/\\\/www.bertazzofood.com\\\/fr\\\/prodotto\\\/delonghi-eletta-ecam-45-760-w\\\/#breadcrumb\",\"itemListElement\":[{\"@type\":\"ListItem\",\"position\":1,\"name\":\"Home\",\"item\":\"https:\\\/\\\/www.bertazzofood.com\\\/fr\\\/homepage\\\/\"},{\"@type\":\"ListItem\",\"position\":2,\"name\":\"Produits\",\"item\":\"https:\\\/\\\/www.bertazzofood.com\\\/fr\\\/shop\\\/\"},{\"@type\":\"ListItem\",\"position\":3,\"name\":\"De&#8217;Longhi ELETTA ECAM 45.760.W\"}]},{\"@type\":\"WebSite\",\"@id\":\"https:\\\/\\\/www.bertazzofood.com\\\/fr\\\/#website\",\"url\":\"https:\\\/\\\/www.bertazzofood.com\\\/fr\\\/\",\"name\":\"Bertazzo Food\",\"description\":\"Prodotti Alimentari Italiani Online e Macchine Da Caff\u00e8\",\"publisher\":{\"@id\":\"https:\\\/\\\/www.bertazzofood.com\\\/fr\\\/#organization\"},\"potentialAction\":[{\"@type\":\"SearchAction\",\"target\":{\"@type\":\"EntryPoint\",\"urlTemplate\":\"https:\\\/\\\/www.bertazzofood.com\\\/fr\\\/?s={search_term_string}\"},\"query-input\":{\"@type\":\"PropertyValueSpecification\",\"valueRequired\":true,\"valueName\":\"search_term_string\"}}],\"inLanguage\":\"fr-FR\"},{\"@type\":\"Organization\",\"@id\":\"https:\\\/\\\/www.bertazzofood.com\\\/fr\\\/#organization\",\"name\":\"Bertazzo Italian Quality Food S.a.s. di Bertazzo Fabio & C.\",\"alternateName\":\"Bertazzo Food\",\"url\":\"https:\\\/\\\/www.bertazzofood.com\\\/fr\\\/\",\"logo\":{\"@type\":\"ImageObject\",\"inLanguage\":\"fr-FR\",\"@id\":\"https:\\\/\\\/www.bertazzofood.com\\\/fr\\\/#\\\/schema\\\/logo\\\/image\\\/\",\"url\":\"https:\\\/\\\/www.bertazzofood.com\\\/wp-content\\\/uploads\\\/2024\\\/06\\\/logo-bertazzo.webp\",\"contentUrl\":\"https:\\\/\\\/www.bertazzofood.com\\\/wp-content\\\/uploads\\\/2024\\\/06\\\/logo-bertazzo.webp\",\"width\":410,\"height\":166,\"caption\":\"Bertazzo Italian Quality Food S.a.s. di Bertazzo Fabio & C.\"},\"image\":{\"@id\":\"https:\\\/\\\/www.bertazzofood.com\\\/fr\\\/#\\\/schema\\\/logo\\\/image\\\/\"},\"sameAs\":[\"https:\\\/\\\/www.facebook.com\\\/BertazzoItalianQualityFood\",\"https:\\\/\\\/www.instagram.com\\\/bertazzo_italian_quality_food\\\/\"]}]}<\/script>\n<!-- \/ Yoast SEO plugin. -->","yoast_head_json":{"title":"De'Longhi ELETTA ECAM 45.760.W","robots":{"index":"index","follow":"follow","max-snippet":"max-snippet:-1","max-image-preview":"max-image-preview:large","max-video-preview":"max-video-preview:-1"},"canonical":"https:\/\/www.bertazzofood.com\/fr\/prodotto\/delonghi-eletta-ecam-45-760-w\/","og_locale":"fr_FR","og_type":"article","og_title":"De'Longhi ELETTA ECAM 45.760.W","og_description":"Eletta Cappuccino TOP ECAM 45.760.W: des boissons caf\u00e9s et lact\u00e9es gr\u00e2ce \u00e0 un simple bouton et deux tasses d&#8217;expresso simultan\u00e9ment. Mousse de lait onctueuse gr\u00e2ce au syst\u00e8me LatteCrema automatique et carafe de lait auto-nettoyante. Personnalisez les ar\u00f4mes et la quantit\u00e9. D\u00e9tails en acier inoxydable et interface \u00e0 boutons en m\u00e9tal. CARACT\u00c9RISTIQUES: \u2022Technologie de mouture: la [&hellip;]","og_url":"https:\/\/www.bertazzofood.com\/fr\/prodotto\/delonghi-eletta-ecam-45-760-w\/","og_site_name":"Bertazzo Food","article_publisher":"https:\/\/www.facebook.com\/BertazzoItalianQualityFood","article_modified_time":"2024-06-23T20:25:57+00:00","og_image":[{"width":800,"height":800,"url":"https:\/\/www.bertazzofood.com\/wp-content\/uploads\/2024\/06\/ECAM-45.760.W-2.jpg","type":"image\/jpeg"}],"twitter_card":"summary_large_image","twitter_misc":{"Dur\u00e9e de lecture estim\u00e9e":"2 minutes"},"schema":{"@context":"https:\/\/schema.org","@graph":[{"@type":"WebPage","@id":"https:\/\/www.bertazzofood.com\/fr\/prodotto\/delonghi-eletta-ecam-45-760-w\/","url":"https:\/\/www.bertazzofood.com\/fr\/prodotto\/delonghi-eletta-ecam-45-760-w\/","name":"De'Longhi ELETTA ECAM 45.760.W","isPartOf":{"@id":"https:\/\/www.bertazzofood.com\/fr\/#website"},"primaryImageOfPage":{"@id":"https:\/\/www.bertazzofood.com\/fr\/prodotto\/delonghi-eletta-ecam-45-760-w\/#primaryimage"},"image":{"@id":"https:\/\/www.bertazzofood.com\/fr\/prodotto\/delonghi-eletta-ecam-45-760-w\/#primaryimage"},"thumbnailUrl":"https:\/\/www.bertazzofood.com\/wp-content\/uploads\/2024\/06\/ECAM-45.760.W-2.jpg","datePublished":"2020-04-08T06:28:59+00:00","dateModified":"2024-06-23T20:25:57+00:00","breadcrumb":{"@id":"https:\/\/www.bertazzofood.com\/fr\/prodotto\/delonghi-eletta-ecam-45-760-w\/#breadcrumb"},"inLanguage":"fr-FR","potentialAction":[{"@type":"ReadAction","target":["https:\/\/www.bertazzofood.com\/fr\/prodotto\/delonghi-eletta-ecam-45-760-w\/"]}]},{"@type":"ImageObject","inLanguage":"fr-FR","@id":"https:\/\/www.bertazzofood.com\/fr\/prodotto\/delonghi-eletta-ecam-45-760-w\/#primaryimage","url":"https:\/\/www.bertazzofood.com\/wp-content\/uploads\/2024\/06\/ECAM-45.760.W-2.jpg","contentUrl":"https:\/\/www.bertazzofood.com\/wp-content\/uploads\/2024\/06\/ECAM-45.760.W-2.jpg","width":800,"height":800},{"@type":"BreadcrumbList","@id":"https:\/\/www.bertazzofood.com\/fr\/prodotto\/delonghi-eletta-ecam-45-760-w\/#breadcrumb","itemListElement":[{"@type":"ListItem","position":1,"name":"Home","item":"https:\/\/www.bertazzofood.com\/fr\/homepage\/"},{"@type":"ListItem","position":2,"name":"Produits","item":"https:\/\/www.bertazzofood.com\/fr\/shop\/"},{"@type":"ListItem","position":3,"name":"De&#8217;Longhi ELETTA ECAM 45.760.W"}]},{"@type":"WebSite","@id":"https:\/\/www.bertazzofood.com\/fr\/#website","url":"https:\/\/www.bertazzofood.com\/fr\/","name":"Bertazzo Food","description":"Prodotti Alimentari Italiani Online e Macchine Da Caff\u00e8","publisher":{"@id":"https:\/\/www.bertazzofood.com\/fr\/#organization"},"potentialAction":[{"@type":"SearchAction","target":{"@type":"EntryPoint","urlTemplate":"https:\/\/www.bertazzofood.com\/fr\/?s={search_term_string}"},"query-input":{"@type":"PropertyValueSpecification","valueRequired":true,"valueName":"search_term_string"}}],"inLanguage":"fr-FR"},{"@type":"Organization","@id":"https:\/\/www.bertazzofood.com\/fr\/#organization","name":"Bertazzo Italian Quality Food S.a.s. di Bertazzo Fabio & C.","alternateName":"Bertazzo Food","url":"https:\/\/www.bertazzofood.com\/fr\/","logo":{"@type":"ImageObject","inLanguage":"fr-FR","@id":"https:\/\/www.bertazzofood.com\/fr\/#\/schema\/logo\/image\/","url":"https:\/\/www.bertazzofood.com\/wp-content\/uploads\/2024\/06\/logo-bertazzo.webp","contentUrl":"https:\/\/www.bertazzofood.com\/wp-content\/uploads\/2024\/06\/logo-bertazzo.webp","width":410,"height":166,"caption":"Bertazzo Italian Quality Food S.a.s. di Bertazzo Fabio & C."},"image":{"@id":"https:\/\/www.bertazzofood.com\/fr\/#\/schema\/logo\/image\/"},"sameAs":["https:\/\/www.facebook.com\/BertazzoItalianQualityFood","https:\/\/www.instagram.com\/bertazzo_italian_quality_food\/"]}]}},"_links":{"self":[{"href":"https:\/\/www.bertazzofood.com\/fr\/wp-json\/wp\/v2\/product\/11241","targetHints":{"allow":["GET"]}}],"collection":[{"href":"https:\/\/www.bertazzofood.com\/fr\/wp-json\/wp\/v2\/product"}],"about":[{"href":"https:\/\/www.bertazzofood.com\/fr\/wp-json\/wp\/v2\/types\/product"}],"replies":[{"embeddable":true,"href":"https:\/\/www.bertazzofood.com\/fr\/wp-json\/wp\/v2\/comments?post=11241"}],"version-history":[{"count":0,"href":"https:\/\/www.bertazzofood.com\/fr\/wp-json\/wp\/v2\/product\/11241\/revisions"}],"wp:featuredmedia":[{"embeddable":true,"href":"https:\/\/www.bertazzofood.com\/fr\/wp-json\/wp\/v2\/media\/3424"}],"wp:attachment":[{"href":"https:\/\/www.bertazzofood.com\/fr\/wp-json\/wp\/v2\/media?parent=11241"}],"wp:term":[{"taxonomy":"product_brand","embeddable":true,"href":"https:\/\/www.bertazzofood.com\/fr\/wp-json\/wp\/v2\/product_brand?post=11241"},{"taxonomy":"product_cat","embeddable":true,"href":"https:\/\/www.bertazzofood.com\/fr\/wp-json\/wp\/v2\/product_cat?post=11241"},{"taxonomy":"product_tag","embeddable":true,"href":"https:\/\/www.bertazzofood.com\/fr\/wp-json\/wp\/v2\/product_tag?post=11241"},{"taxonomy":"brands","embeddable":true,"href":"https:\/\/www.bertazzofood.com\/fr\/wp-json\/wp\/v2\/brands?post=11241"},{"taxonomy":"flag_home","embeddable":true,"href":"https:\/\/www.bertazzofood.com\/fr\/wp-json\/wp\/v2\/flag_home?post=11241"}],"curies":[{"name":"wp","href":"https:\/\/api.w.org\/{rel}","templated":true}]}}