{"id":11225,"date":"2020-04-08T08:27:59","date_gmt":"2020-04-08T06:27:59","guid":{"rendered":"https:\/\/thegarden.it\/staging8\/prodotto\/jura-impressa-e6\/"},"modified":"2024-06-23T22:25:56","modified_gmt":"2024-06-23T20:25:56","slug":"jura-impressa-e6","status":"publish","type":"product","link":"https:\/\/www.bertazzofood.com\/fr\/prodotto\/jura-impressa-e6\/","title":{"rendered":"Jura Impressa E6"},"content":{"rendered":"<p><strong>Nouveaut\u00e9 mondiale : proc\u00e9d\u00e9 d\u2019extraction puls\u00e9e<\/strong><\/p>\n<p>La nouvelle ligne E de JURA r\u00e9volutionne la d\u00e9gustation du caf\u00e9 \u00e0 tous points de vue. Le proc\u00e9d\u00e9 de percolation de l\u2019espresso a \u00e9t\u00e9 totalement revu et perfectionn\u00e9. Une nouveaut\u00e9 mondiale, le proc\u00e9d\u00e9 d\u2019extraction puls\u00e9e (P.E.P.<sup>\u00ae<\/sup>), optimise le temps d\u2019extraction et garantit un maximum d\u2019ar\u00f4me, m\u00eame pour les sp\u00e9cialit\u00e9s de caf\u00e9 courtes. CLARIS Smart fournit une qualit\u00e9 d\u2019eau parfaite pour un go\u00fbt authentique. Il n\u2019a jamais \u00e9t\u00e9 aussi simple d\u2019utiliser un filtre, car le syst\u00e8me d\u2019eau intelligent (Intelligent Water System, I.W.S.<sup>\u00ae<\/sup>) le d\u00e9tecte d\u00e9sormais automatiquement. Des touches frontales et un visuel TFT moderne facilitent consid\u00e9rablement la commande de la machine. Enfin, les programmes d\u2019entretien int\u00e9gr\u00e9s et le nouvel \u00e9coulement de lait interchangeable assurent une hygi\u00e8ne maximale. Fiche technique:<\/p>\n<p>\u2022 Produits: 1 espresso &#8211;\u00a02 espressi &#8211;\u00a01 caf\u00e9 &#8211;\u00a02 caf\u00e9s &#8211;\u00a01 cappuccino &#8211;\u00a01 portion de mousse de lait &#8211;\u00a0eau chaude<\/p>\n<p>\u2022 Fonction eau chaude: 3 niveaux<\/p>\n<p>\u2022 Pulse Extraction Process (P.E.P.<sup>\u00ae<\/sup>)<\/p>\n<p>\u2022 Compatibilit\u00e9 application: Appli JURA Coffee<\/p>\n<p>\u2022 Syst\u00e8me de pr\u00e9percolation intelligent (I.P.B.A.S.<sup>\u00a9<\/sup>)<\/p>\n<p>\u2022 Wireless ready<\/p>\n<p>\u2022 Broyeur\u00a0Aroma<sup>G3<\/sup><\/p>\n<p>\u2022 Pompe \u00e0 haut rendement, 15 bar<\/p>\n<p>\u2022 Contr\u00f4le du bac d\u2019\u00e9gouttage<\/p>\n<p>\u2022 Quantit\u00e9 d\u2019eau pour le caf\u00e9 programmable<\/p>\n<p>\u2022 Intensit\u00e9 de caf\u00e9 programmable selon 8 diff\u00e9rents niveaux<\/p>\n<p>\u2022 Intensit\u00e9 de caf\u00e9 r\u00e9glable pour chaque pr\u00e9paration<\/p>\n<p>\u2022 Couleur TFT\u00a0Visuel<\/p>\n<p>\u2022 Mode d\u2019\u00e9conomie d\u2019\u00e9nergie (E.S.M.<sup>\u00a9<\/sup>)<\/p>\n<p>\u2022 Heure d\u2019extinction programmable<\/p>\n<p>\u2022 Cartouche filtrante CLARIS Smart<\/p>\n<p>\u2022 Programme int\u00e9gr\u00e9 de rin\u00e7age, nettoyage et d\u00e9tartrage<\/p>\n<p>\u2022 Duret\u00e9 de l\u2019eau r\u00e9glable<\/p>\n<p>\u2022 Ecoulement de caf\u00e9 r\u00e9glable en hauteur 65 &#8211; 111 mm<\/p>\n<p>\u2022 Ecoulement d\u2019eau chaude r\u00e9glable en hauteur 67 &#8211; 113 mm<\/p>\n<p>\u2022 Contenance du r\u00e9servoir d\u2019eau 1,9L<\/p>\n<p>\u2022 R\u00e9cipient \u00e0 marc de caf\u00e9 (max. portions): 16<\/p>\n<p>\u2022 Capacit\u00e9 par r\u00e9cipient \u00e0 grains 280 gr<\/p>\n<p>\u2022 Puissance1450W<\/p>\n<p>\u2022 Poids 9,8 kg<\/p>\n<p><span style=\"text-decoration: underline;\"><strong><a href=\"https:\/\/youtu.be\/vObs91hAMmc\">Cliquez pour une d\u00e9monstration vid\u00e9o<\/a><\/strong><\/span><\/p>\n<p><strong>24 mois de garantie.<\/strong><\/p>\n<p><strong>Livraison gratuite.\u00a0<\/strong><\/p>\n","protected":false},"excerpt":{"rendered":"<p>Nouveaut\u00e9 mondiale : proc\u00e9d\u00e9 d\u2019extraction puls\u00e9e La nouvelle ligne E de JURA r\u00e9volutionne la d\u00e9gustation du caf\u00e9 \u00e0 tous points de vue. Le proc\u00e9d\u00e9 de percolation de l\u2019espresso a \u00e9t\u00e9 totalement revu et perfectionn\u00e9. Une nouveaut\u00e9 mondiale, le proc\u00e9d\u00e9 d\u2019extraction puls\u00e9e (P.E.P.\u00ae), optimise le temps d\u2019extraction et garantit un maximum d\u2019ar\u00f4me, m\u00eame pour les sp\u00e9cialit\u00e9s [&hellip;]<\/p>\n","protected":false},"featured_media":3390,"comment_status":"open","ping_status":"closed","template":"","meta":{"_acf_changed":false,"iawp_total_views":10},"product_brand":[],"product_cat":[1219,1233],"product_tag":[],"brands":[],"flag_home":[],"class_list":{"0":"post-11225","1":"product","2":"type-product","3":"status-publish","4":"has-post-thumbnail","6":"product_cat-equipements-cafe","7":"product_cat-machines-a-cafe-espresso","8":"pa_garanzia-24-mois","10":"first","11":"outofstock","12":"taxable","13":"shipping-taxable","14":"purchasable","15":"product-type-simple"},"acf":[],"yoast_head":"<!-- This site is optimized with the Yoast SEO plugin v27.5 - https:\/\/yoast.com\/product\/yoast-seo-wordpress\/ -->\n<title>Jura Impressa E6<\/title>\n<meta name=\"robots\" content=\"index, follow, max-snippet:-1, max-image-preview:large, max-video-preview:-1\" \/>\n<link rel=\"canonical\" href=\"https:\/\/www.bertazzofood.com\/fr\/prodotto\/jura-impressa-e6\/\" \/>\n<meta property=\"og:locale\" content=\"fr_FR\" \/>\n<meta property=\"og:type\" content=\"article\" \/>\n<meta property=\"og:title\" content=\"Jura Impressa E6\" \/>\n<meta property=\"og:description\" content=\"Nouveaut\u00e9 mondiale : proc\u00e9d\u00e9 d\u2019extraction puls\u00e9e La nouvelle ligne E de JURA r\u00e9volutionne la d\u00e9gustation du caf\u00e9 \u00e0 tous points de vue. Le proc\u00e9d\u00e9 de percolation de l\u2019espresso a \u00e9t\u00e9 totalement revu et perfectionn\u00e9. Une nouveaut\u00e9 mondiale, le proc\u00e9d\u00e9 d\u2019extraction puls\u00e9e (P.E.P.\u00ae), optimise le temps d\u2019extraction et garantit un maximum d\u2019ar\u00f4me, m\u00eame pour les sp\u00e9cialit\u00e9s [&hellip;]\" \/>\n<meta property=\"og:url\" content=\"https:\/\/www.bertazzofood.com\/fr\/prodotto\/jura-impressa-e6\/\" \/>\n<meta property=\"og:site_name\" content=\"Bertazzo Food\" \/>\n<meta property=\"article:publisher\" content=\"https:\/\/www.facebook.com\/BertazzoItalianQualityFood\" \/>\n<meta property=\"article:modified_time\" content=\"2024-06-23T20:25:56+00:00\" \/>\n<meta property=\"og:image\" content=\"https:\/\/www.bertazzofood.com\/wp-content\/uploads\/2024\/06\/jura-impressa-1-2.jpg\" \/>\n\t<meta property=\"og:image:width\" content=\"800\" \/>\n\t<meta property=\"og:image:height\" content=\"800\" \/>\n\t<meta property=\"og:image:type\" content=\"image\/jpeg\" \/>\n<meta name=\"twitter:card\" content=\"summary_large_image\" \/>\n<meta name=\"twitter:label1\" content=\"Dur\u00e9e de lecture estim\u00e9e\" \/>\n\t<meta name=\"twitter:data1\" content=\"2 minutes\" \/>\n<script type=\"application\/ld+json\" class=\"yoast-schema-graph\">{\"@context\":\"https:\\\/\\\/schema.org\",\"@graph\":[{\"@type\":\"WebPage\",\"@id\":\"https:\\\/\\\/www.bertazzofood.com\\\/fr\\\/prodotto\\\/jura-impressa-e6\\\/\",\"url\":\"https:\\\/\\\/www.bertazzofood.com\\\/fr\\\/prodotto\\\/jura-impressa-e6\\\/\",\"name\":\"Jura Impressa E6\",\"isPartOf\":{\"@id\":\"https:\\\/\\\/www.bertazzofood.com\\\/fr\\\/#website\"},\"primaryImageOfPage\":{\"@id\":\"https:\\\/\\\/www.bertazzofood.com\\\/fr\\\/prodotto\\\/jura-impressa-e6\\\/#primaryimage\"},\"image\":{\"@id\":\"https:\\\/\\\/www.bertazzofood.com\\\/fr\\\/prodotto\\\/jura-impressa-e6\\\/#primaryimage\"},\"thumbnailUrl\":\"https:\\\/\\\/www.bertazzofood.com\\\/wp-content\\\/uploads\\\/2024\\\/06\\\/jura-impressa-1-2.jpg\",\"datePublished\":\"2020-04-08T06:27:59+00:00\",\"dateModified\":\"2024-06-23T20:25:56+00:00\",\"breadcrumb\":{\"@id\":\"https:\\\/\\\/www.bertazzofood.com\\\/fr\\\/prodotto\\\/jura-impressa-e6\\\/#breadcrumb\"},\"inLanguage\":\"fr-FR\",\"potentialAction\":[{\"@type\":\"ReadAction\",\"target\":[\"https:\\\/\\\/www.bertazzofood.com\\\/fr\\\/prodotto\\\/jura-impressa-e6\\\/\"]}]},{\"@type\":\"ImageObject\",\"inLanguage\":\"fr-FR\",\"@id\":\"https:\\\/\\\/www.bertazzofood.com\\\/fr\\\/prodotto\\\/jura-impressa-e6\\\/#primaryimage\",\"url\":\"https:\\\/\\\/www.bertazzofood.com\\\/wp-content\\\/uploads\\\/2024\\\/06\\\/jura-impressa-1-2.jpg\",\"contentUrl\":\"https:\\\/\\\/www.bertazzofood.com\\\/wp-content\\\/uploads\\\/2024\\\/06\\\/jura-impressa-1-2.jpg\",\"width\":800,\"height\":800},{\"@type\":\"BreadcrumbList\",\"@id\":\"https:\\\/\\\/www.bertazzofood.com\\\/fr\\\/prodotto\\\/jura-impressa-e6\\\/#breadcrumb\",\"itemListElement\":[{\"@type\":\"ListItem\",\"position\":1,\"name\":\"Home\",\"item\":\"https:\\\/\\\/www.bertazzofood.com\\\/fr\\\/homepage\\\/\"},{\"@type\":\"ListItem\",\"position\":2,\"name\":\"Produits\",\"item\":\"https:\\\/\\\/www.bertazzofood.com\\\/fr\\\/shop\\\/\"},{\"@type\":\"ListItem\",\"position\":3,\"name\":\"Jura Impressa E6\"}]},{\"@type\":\"WebSite\",\"@id\":\"https:\\\/\\\/www.bertazzofood.com\\\/fr\\\/#website\",\"url\":\"https:\\\/\\\/www.bertazzofood.com\\\/fr\\\/\",\"name\":\"Bertazzo Food\",\"description\":\"Prodotti Alimentari Italiani Online e Macchine Da Caff\u00e8\",\"publisher\":{\"@id\":\"https:\\\/\\\/www.bertazzofood.com\\\/fr\\\/#organization\"},\"potentialAction\":[{\"@type\":\"SearchAction\",\"target\":{\"@type\":\"EntryPoint\",\"urlTemplate\":\"https:\\\/\\\/www.bertazzofood.com\\\/fr\\\/?s={search_term_string}\"},\"query-input\":{\"@type\":\"PropertyValueSpecification\",\"valueRequired\":true,\"valueName\":\"search_term_string\"}}],\"inLanguage\":\"fr-FR\"},{\"@type\":\"Organization\",\"@id\":\"https:\\\/\\\/www.bertazzofood.com\\\/fr\\\/#organization\",\"name\":\"Bertazzo Italian Quality Food S.a.s. di Bertazzo Fabio & C.\",\"alternateName\":\"Bertazzo Food\",\"url\":\"https:\\\/\\\/www.bertazzofood.com\\\/fr\\\/\",\"logo\":{\"@type\":\"ImageObject\",\"inLanguage\":\"fr-FR\",\"@id\":\"https:\\\/\\\/www.bertazzofood.com\\\/fr\\\/#\\\/schema\\\/logo\\\/image\\\/\",\"url\":\"https:\\\/\\\/www.bertazzofood.com\\\/wp-content\\\/uploads\\\/2024\\\/06\\\/logo-bertazzo.webp\",\"contentUrl\":\"https:\\\/\\\/www.bertazzofood.com\\\/wp-content\\\/uploads\\\/2024\\\/06\\\/logo-bertazzo.webp\",\"width\":410,\"height\":166,\"caption\":\"Bertazzo Italian Quality Food S.a.s. di Bertazzo Fabio & C.\"},\"image\":{\"@id\":\"https:\\\/\\\/www.bertazzofood.com\\\/fr\\\/#\\\/schema\\\/logo\\\/image\\\/\"},\"sameAs\":[\"https:\\\/\\\/www.facebook.com\\\/BertazzoItalianQualityFood\",\"https:\\\/\\\/www.instagram.com\\\/bertazzo_italian_quality_food\\\/\"]}]}<\/script>\n<!-- \/ Yoast SEO plugin. -->","yoast_head_json":{"title":"Jura Impressa E6","robots":{"index":"index","follow":"follow","max-snippet":"max-snippet:-1","max-image-preview":"max-image-preview:large","max-video-preview":"max-video-preview:-1"},"canonical":"https:\/\/www.bertazzofood.com\/fr\/prodotto\/jura-impressa-e6\/","og_locale":"fr_FR","og_type":"article","og_title":"Jura Impressa E6","og_description":"Nouveaut\u00e9 mondiale : proc\u00e9d\u00e9 d\u2019extraction puls\u00e9e La nouvelle ligne E de JURA r\u00e9volutionne la d\u00e9gustation du caf\u00e9 \u00e0 tous points de vue. Le proc\u00e9d\u00e9 de percolation de l\u2019espresso a \u00e9t\u00e9 totalement revu et perfectionn\u00e9. Une nouveaut\u00e9 mondiale, le proc\u00e9d\u00e9 d\u2019extraction puls\u00e9e (P.E.P.\u00ae), optimise le temps d\u2019extraction et garantit un maximum d\u2019ar\u00f4me, m\u00eame pour les sp\u00e9cialit\u00e9s [&hellip;]","og_url":"https:\/\/www.bertazzofood.com\/fr\/prodotto\/jura-impressa-e6\/","og_site_name":"Bertazzo Food","article_publisher":"https:\/\/www.facebook.com\/BertazzoItalianQualityFood","article_modified_time":"2024-06-23T20:25:56+00:00","og_image":[{"width":800,"height":800,"url":"https:\/\/www.bertazzofood.com\/wp-content\/uploads\/2024\/06\/jura-impressa-1-2.jpg","type":"image\/jpeg"}],"twitter_card":"summary_large_image","twitter_misc":{"Dur\u00e9e de lecture estim\u00e9e":"2 minutes"},"schema":{"@context":"https:\/\/schema.org","@graph":[{"@type":"WebPage","@id":"https:\/\/www.bertazzofood.com\/fr\/prodotto\/jura-impressa-e6\/","url":"https:\/\/www.bertazzofood.com\/fr\/prodotto\/jura-impressa-e6\/","name":"Jura Impressa E6","isPartOf":{"@id":"https:\/\/www.bertazzofood.com\/fr\/#website"},"primaryImageOfPage":{"@id":"https:\/\/www.bertazzofood.com\/fr\/prodotto\/jura-impressa-e6\/#primaryimage"},"image":{"@id":"https:\/\/www.bertazzofood.com\/fr\/prodotto\/jura-impressa-e6\/#primaryimage"},"thumbnailUrl":"https:\/\/www.bertazzofood.com\/wp-content\/uploads\/2024\/06\/jura-impressa-1-2.jpg","datePublished":"2020-04-08T06:27:59+00:00","dateModified":"2024-06-23T20:25:56+00:00","breadcrumb":{"@id":"https:\/\/www.bertazzofood.com\/fr\/prodotto\/jura-impressa-e6\/#breadcrumb"},"inLanguage":"fr-FR","potentialAction":[{"@type":"ReadAction","target":["https:\/\/www.bertazzofood.com\/fr\/prodotto\/jura-impressa-e6\/"]}]},{"@type":"ImageObject","inLanguage":"fr-FR","@id":"https:\/\/www.bertazzofood.com\/fr\/prodotto\/jura-impressa-e6\/#primaryimage","url":"https:\/\/www.bertazzofood.com\/wp-content\/uploads\/2024\/06\/jura-impressa-1-2.jpg","contentUrl":"https:\/\/www.bertazzofood.com\/wp-content\/uploads\/2024\/06\/jura-impressa-1-2.jpg","width":800,"height":800},{"@type":"BreadcrumbList","@id":"https:\/\/www.bertazzofood.com\/fr\/prodotto\/jura-impressa-e6\/#breadcrumb","itemListElement":[{"@type":"ListItem","position":1,"name":"Home","item":"https:\/\/www.bertazzofood.com\/fr\/homepage\/"},{"@type":"ListItem","position":2,"name":"Produits","item":"https:\/\/www.bertazzofood.com\/fr\/shop\/"},{"@type":"ListItem","position":3,"name":"Jura Impressa E6"}]},{"@type":"WebSite","@id":"https:\/\/www.bertazzofood.com\/fr\/#website","url":"https:\/\/www.bertazzofood.com\/fr\/","name":"Bertazzo Food","description":"Prodotti Alimentari Italiani Online e Macchine Da Caff\u00e8","publisher":{"@id":"https:\/\/www.bertazzofood.com\/fr\/#organization"},"potentialAction":[{"@type":"SearchAction","target":{"@type":"EntryPoint","urlTemplate":"https:\/\/www.bertazzofood.com\/fr\/?s={search_term_string}"},"query-input":{"@type":"PropertyValueSpecification","valueRequired":true,"valueName":"search_term_string"}}],"inLanguage":"fr-FR"},{"@type":"Organization","@id":"https:\/\/www.bertazzofood.com\/fr\/#organization","name":"Bertazzo Italian Quality Food S.a.s. di Bertazzo Fabio & C.","alternateName":"Bertazzo Food","url":"https:\/\/www.bertazzofood.com\/fr\/","logo":{"@type":"ImageObject","inLanguage":"fr-FR","@id":"https:\/\/www.bertazzofood.com\/fr\/#\/schema\/logo\/image\/","url":"https:\/\/www.bertazzofood.com\/wp-content\/uploads\/2024\/06\/logo-bertazzo.webp","contentUrl":"https:\/\/www.bertazzofood.com\/wp-content\/uploads\/2024\/06\/logo-bertazzo.webp","width":410,"height":166,"caption":"Bertazzo Italian Quality Food S.a.s. di Bertazzo Fabio & C."},"image":{"@id":"https:\/\/www.bertazzofood.com\/fr\/#\/schema\/logo\/image\/"},"sameAs":["https:\/\/www.facebook.com\/BertazzoItalianQualityFood","https:\/\/www.instagram.com\/bertazzo_italian_quality_food\/"]}]}},"_links":{"self":[{"href":"https:\/\/www.bertazzofood.com\/fr\/wp-json\/wp\/v2\/product\/11225","targetHints":{"allow":["GET"]}}],"collection":[{"href":"https:\/\/www.bertazzofood.com\/fr\/wp-json\/wp\/v2\/product"}],"about":[{"href":"https:\/\/www.bertazzofood.com\/fr\/wp-json\/wp\/v2\/types\/product"}],"replies":[{"embeddable":true,"href":"https:\/\/www.bertazzofood.com\/fr\/wp-json\/wp\/v2\/comments?post=11225"}],"version-history":[{"count":0,"href":"https:\/\/www.bertazzofood.com\/fr\/wp-json\/wp\/v2\/product\/11225\/revisions"}],"wp:featuredmedia":[{"embeddable":true,"href":"https:\/\/www.bertazzofood.com\/fr\/wp-json\/wp\/v2\/media\/3390"}],"wp:attachment":[{"href":"https:\/\/www.bertazzofood.com\/fr\/wp-json\/wp\/v2\/media?parent=11225"}],"wp:term":[{"taxonomy":"product_brand","embeddable":true,"href":"https:\/\/www.bertazzofood.com\/fr\/wp-json\/wp\/v2\/product_brand?post=11225"},{"taxonomy":"product_cat","embeddable":true,"href":"https:\/\/www.bertazzofood.com\/fr\/wp-json\/wp\/v2\/product_cat?post=11225"},{"taxonomy":"product_tag","embeddable":true,"href":"https:\/\/www.bertazzofood.com\/fr\/wp-json\/wp\/v2\/product_tag?post=11225"},{"taxonomy":"brands","embeddable":true,"href":"https:\/\/www.bertazzofood.com\/fr\/wp-json\/wp\/v2\/brands?post=11225"},{"taxonomy":"flag_home","embeddable":true,"href":"https:\/\/www.bertazzofood.com\/fr\/wp-json\/wp\/v2\/flag_home?post=11225"}],"curies":[{"name":"wp","href":"https:\/\/api.w.org\/{rel}","templated":true}]}}