{"id":10980,"date":"2020-04-08T08:21:49","date_gmt":"2020-04-08T06:21:49","guid":{"rendered":"https:\/\/thegarden.it\/staging8\/prodotto\/astoria-greta-sae-blanc-2\/"},"modified":"2024-06-23T22:23:12","modified_gmt":"2024-06-23T20:23:12","slug":"astoria-greta-sae-blanc-2","status":"publish","type":"product","link":"https:\/\/www.bertazzofood.com\/fr\/prodotto\/astoria-greta-sae-blanc-2\/","title":{"rendered":"Astoria Greta SAE blanc"},"content":{"rendered":"<p><em><strong>Astoria Greta<\/strong><\/em>: petite et \u00e9clectique, adapt\u00e9e \u00e0 l\u2019usage professionnel et semi-professionnel: sa dimension r\u00e9duite et sa facilit\u00e9 d\u2019utilisation font de <em><strong>Greta\u00a0<\/strong><\/em>la machine parfaite pour le\u00a0cuisine, pour le bureau ou pour les bars \u00e0 consommation limit\u00e9e de caf\u00e9s. Les composants internes sont identiques \u00e0 ceux des machines professionnelles, mais de taille plus r\u00e9duite : ceci garantit la qualit\u00e9 de la tasse de caf\u00e9 espresso.<\/p>\n<p>Fiche technique:<\/p>\n<p>\u2022Versions \u00a0avec connexion directe au r\u00e9seau hydrique<\/p>\n<p>\u2022Versions \u00e9lectronique, clavier 4 touches de caf\u00e9 programmables<\/p>\n<p>\u2022Pompe volum\u00e9trique<\/p>\n<p>\u2022Groupe thermosiphonique avec pr\u00e9-infusion<\/p>\n<p>\u2022Groupes rehauss\u00e9s avec grille \u00e0 rabat<\/p>\n<p>\u2022Chauffe-eau avec remplissage automatique 2L<\/p>\n<p>\u2022Pressostat pour le contr\u00f4le de la temp\u00e9rature \u00e0 l\u2019int\u00e9rieur du chauffe-eau<\/p>\n<p>\u2022Manometre double echelle<\/p>\n<p>\u2022Robinet d\u2019eau<\/p>\n<p>\u2022Robinet de vapeur<\/p>\n<p>\u2022\u00c9clairage du plan de travail<\/p>\n<p>\u2022Carcasse en acier peint\/plastique<\/p>\n<p>\u2022Filtre de 58 mm<\/p>\n<p>\u2022Poids 43 kg<\/p>\n<p>\u2022Puissance 2500 W<\/p>\n<p class=\" text-LEFT\"><strong>STANDARD EQUIPMENT OF THE MACHINE:<\/strong><\/p>\n<p class=\" text-LEFT\">A. Two filter holders<br \/>\nB. One spout for one coffee<br \/>\nC. One spout for two coffees<br \/>\nD. sets of filters<br \/>\nE. 1 brush<br \/>\nF. 1 manual coffee tamper<br \/>\nG. Group Head Gasket<\/p>\n<p><strong>24 mois de garantie.<\/strong><\/p>\n<p><strong>Livraison gratuite.\u00a0<\/strong><\/p>\n","protected":false},"excerpt":{"rendered":"<p>Astoria Greta: petite et \u00e9clectique, adapt\u00e9e \u00e0 l\u2019usage professionnel et semi-professionnel: sa dimension r\u00e9duite et sa facilit\u00e9 d\u2019utilisation font de Greta\u00a0la machine parfaite pour le\u00a0cuisine, pour le bureau ou pour les bars \u00e0 consommation limit\u00e9e de caf\u00e9s. Les composants internes sont identiques \u00e0 ceux des machines professionnelles, mais de taille plus r\u00e9duite : ceci garantit [&hellip;]<\/p>\n","protected":false},"featured_media":2682,"comment_status":"open","ping_status":"closed","template":"","meta":{"_acf_changed":false,"iawp_total_views":33},"product_brand":[],"product_cat":[1219,1233],"product_tag":[],"brands":[1697],"flag_home":[],"class_list":{"0":"post-10980","1":"product","2":"type-product","3":"status-publish","4":"has-post-thumbnail","6":"product_cat-equipements-cafe","7":"product_cat-machines-a-cafe-espresso","8":"pa_garanzia-24-mois","9":"pa_tipo-di-alimentazione-acqua-connexion-directe-au-reseau-hydrique","10":"pa_tipo-di-caldaia-une-chaudiere","11":"pa_tipo-di-pompa-rotative","12":"brands-astoria","14":"first","15":"instock","16":"taxable","17":"shipping-taxable","18":"purchasable","19":"product-type-simple"},"acf":[],"yoast_head":"<!-- This site is optimized with the Yoast SEO plugin v27.5 - https:\/\/yoast.com\/product\/yoast-seo-wordpress\/ -->\n<title>Astoria Greta SAE blanc<\/title>\n<meta name=\"robots\" content=\"index, follow, max-snippet:-1, max-image-preview:large, max-video-preview:-1\" \/>\n<link rel=\"canonical\" href=\"https:\/\/www.bertazzofood.com\/fr\/prodotto\/astoria-greta-sae-blanc-2\/\" \/>\n<meta property=\"og:locale\" content=\"fr_FR\" \/>\n<meta property=\"og:type\" content=\"article\" \/>\n<meta property=\"og:title\" content=\"Astoria Greta SAE blanc\" \/>\n<meta property=\"og:description\" content=\"Astoria Greta: petite et \u00e9clectique, adapt\u00e9e \u00e0 l\u2019usage professionnel et semi-professionnel: sa dimension r\u00e9duite et sa facilit\u00e9 d\u2019utilisation font de Greta\u00a0la machine parfaite pour le\u00a0cuisine, pour le bureau ou pour les bars \u00e0 consommation limit\u00e9e de caf\u00e9s. Les composants internes sont identiques \u00e0 ceux des machines professionnelles, mais de taille plus r\u00e9duite : ceci garantit [&hellip;]\" \/>\n<meta property=\"og:url\" content=\"https:\/\/www.bertazzofood.com\/fr\/prodotto\/astoria-greta-sae-blanc-2\/\" \/>\n<meta property=\"og:site_name\" content=\"Bertazzo Food\" \/>\n<meta property=\"article:publisher\" content=\"https:\/\/www.facebook.com\/BertazzoItalianQualityFood\" \/>\n<meta property=\"article:modified_time\" content=\"2024-06-23T20:23:12+00:00\" \/>\n<meta property=\"og:image\" content=\"https:\/\/www.bertazzofood.com\/wp-content\/uploads\/2024\/06\/Astoria-Greta-SAE-grigia-2.jpg\" \/>\n\t<meta property=\"og:image:width\" content=\"800\" \/>\n\t<meta property=\"og:image:height\" content=\"800\" \/>\n\t<meta property=\"og:image:type\" content=\"image\/jpeg\" \/>\n<meta name=\"twitter:card\" content=\"summary_large_image\" \/>\n<meta name=\"twitter:label1\" content=\"Dur\u00e9e de lecture estim\u00e9e\" \/>\n\t<meta name=\"twitter:data1\" content=\"1 minute\" \/>\n<script type=\"application\/ld+json\" class=\"yoast-schema-graph\">{\"@context\":\"https:\\\/\\\/schema.org\",\"@graph\":[{\"@type\":\"WebPage\",\"@id\":\"https:\\\/\\\/www.bertazzofood.com\\\/fr\\\/prodotto\\\/astoria-greta-sae-blanc-2\\\/\",\"url\":\"https:\\\/\\\/www.bertazzofood.com\\\/fr\\\/prodotto\\\/astoria-greta-sae-blanc-2\\\/\",\"name\":\"Astoria Greta SAE blanc\",\"isPartOf\":{\"@id\":\"https:\\\/\\\/www.bertazzofood.com\\\/fr\\\/#website\"},\"primaryImageOfPage\":{\"@id\":\"https:\\\/\\\/www.bertazzofood.com\\\/fr\\\/prodotto\\\/astoria-greta-sae-blanc-2\\\/#primaryimage\"},\"image\":{\"@id\":\"https:\\\/\\\/www.bertazzofood.com\\\/fr\\\/prodotto\\\/astoria-greta-sae-blanc-2\\\/#primaryimage\"},\"thumbnailUrl\":\"https:\\\/\\\/www.bertazzofood.com\\\/wp-content\\\/uploads\\\/2024\\\/06\\\/Astoria-Greta-SAE-grigia-2.jpg\",\"datePublished\":\"2020-04-08T06:21:49+00:00\",\"dateModified\":\"2024-06-23T20:23:12+00:00\",\"breadcrumb\":{\"@id\":\"https:\\\/\\\/www.bertazzofood.com\\\/fr\\\/prodotto\\\/astoria-greta-sae-blanc-2\\\/#breadcrumb\"},\"inLanguage\":\"fr-FR\",\"potentialAction\":[{\"@type\":\"ReadAction\",\"target\":[\"https:\\\/\\\/www.bertazzofood.com\\\/fr\\\/prodotto\\\/astoria-greta-sae-blanc-2\\\/\"]}]},{\"@type\":\"ImageObject\",\"inLanguage\":\"fr-FR\",\"@id\":\"https:\\\/\\\/www.bertazzofood.com\\\/fr\\\/prodotto\\\/astoria-greta-sae-blanc-2\\\/#primaryimage\",\"url\":\"https:\\\/\\\/www.bertazzofood.com\\\/wp-content\\\/uploads\\\/2024\\\/06\\\/Astoria-Greta-SAE-grigia-2.jpg\",\"contentUrl\":\"https:\\\/\\\/www.bertazzofood.com\\\/wp-content\\\/uploads\\\/2024\\\/06\\\/Astoria-Greta-SAE-grigia-2.jpg\",\"width\":800,\"height\":800},{\"@type\":\"BreadcrumbList\",\"@id\":\"https:\\\/\\\/www.bertazzofood.com\\\/fr\\\/prodotto\\\/astoria-greta-sae-blanc-2\\\/#breadcrumb\",\"itemListElement\":[{\"@type\":\"ListItem\",\"position\":1,\"name\":\"Home\",\"item\":\"https:\\\/\\\/www.bertazzofood.com\\\/fr\\\/homepage\\\/\"},{\"@type\":\"ListItem\",\"position\":2,\"name\":\"Produits\",\"item\":\"https:\\\/\\\/www.bertazzofood.com\\\/fr\\\/shop\\\/\"},{\"@type\":\"ListItem\",\"position\":3,\"name\":\"Astoria Greta SAE blanc\"}]},{\"@type\":\"WebSite\",\"@id\":\"https:\\\/\\\/www.bertazzofood.com\\\/fr\\\/#website\",\"url\":\"https:\\\/\\\/www.bertazzofood.com\\\/fr\\\/\",\"name\":\"Bertazzo Food\",\"description\":\"Prodotti Alimentari Italiani Online e Macchine Da Caff\u00e8\",\"publisher\":{\"@id\":\"https:\\\/\\\/www.bertazzofood.com\\\/fr\\\/#organization\"},\"potentialAction\":[{\"@type\":\"SearchAction\",\"target\":{\"@type\":\"EntryPoint\",\"urlTemplate\":\"https:\\\/\\\/www.bertazzofood.com\\\/fr\\\/?s={search_term_string}\"},\"query-input\":{\"@type\":\"PropertyValueSpecification\",\"valueRequired\":true,\"valueName\":\"search_term_string\"}}],\"inLanguage\":\"fr-FR\"},{\"@type\":\"Organization\",\"@id\":\"https:\\\/\\\/www.bertazzofood.com\\\/fr\\\/#organization\",\"name\":\"Bertazzo Italian Quality Food S.a.s. di Bertazzo Fabio & C.\",\"alternateName\":\"Bertazzo Food\",\"url\":\"https:\\\/\\\/www.bertazzofood.com\\\/fr\\\/\",\"logo\":{\"@type\":\"ImageObject\",\"inLanguage\":\"fr-FR\",\"@id\":\"https:\\\/\\\/www.bertazzofood.com\\\/fr\\\/#\\\/schema\\\/logo\\\/image\\\/\",\"url\":\"https:\\\/\\\/www.bertazzofood.com\\\/wp-content\\\/uploads\\\/2024\\\/06\\\/logo-bertazzo.webp\",\"contentUrl\":\"https:\\\/\\\/www.bertazzofood.com\\\/wp-content\\\/uploads\\\/2024\\\/06\\\/logo-bertazzo.webp\",\"width\":410,\"height\":166,\"caption\":\"Bertazzo Italian Quality Food S.a.s. di Bertazzo Fabio & C.\"},\"image\":{\"@id\":\"https:\\\/\\\/www.bertazzofood.com\\\/fr\\\/#\\\/schema\\\/logo\\\/image\\\/\"},\"sameAs\":[\"https:\\\/\\\/www.facebook.com\\\/BertazzoItalianQualityFood\",\"https:\\\/\\\/www.instagram.com\\\/bertazzo_italian_quality_food\\\/\"]}]}<\/script>\n<!-- \/ Yoast SEO plugin. -->","yoast_head_json":{"title":"Astoria Greta SAE blanc","robots":{"index":"index","follow":"follow","max-snippet":"max-snippet:-1","max-image-preview":"max-image-preview:large","max-video-preview":"max-video-preview:-1"},"canonical":"https:\/\/www.bertazzofood.com\/fr\/prodotto\/astoria-greta-sae-blanc-2\/","og_locale":"fr_FR","og_type":"article","og_title":"Astoria Greta SAE blanc","og_description":"Astoria Greta: petite et \u00e9clectique, adapt\u00e9e \u00e0 l\u2019usage professionnel et semi-professionnel: sa dimension r\u00e9duite et sa facilit\u00e9 d\u2019utilisation font de Greta\u00a0la machine parfaite pour le\u00a0cuisine, pour le bureau ou pour les bars \u00e0 consommation limit\u00e9e de caf\u00e9s. Les composants internes sont identiques \u00e0 ceux des machines professionnelles, mais de taille plus r\u00e9duite : ceci garantit [&hellip;]","og_url":"https:\/\/www.bertazzofood.com\/fr\/prodotto\/astoria-greta-sae-blanc-2\/","og_site_name":"Bertazzo Food","article_publisher":"https:\/\/www.facebook.com\/BertazzoItalianQualityFood","article_modified_time":"2024-06-23T20:23:12+00:00","og_image":[{"width":800,"height":800,"url":"https:\/\/www.bertazzofood.com\/wp-content\/uploads\/2024\/06\/Astoria-Greta-SAE-grigia-2.jpg","type":"image\/jpeg"}],"twitter_card":"summary_large_image","twitter_misc":{"Dur\u00e9e de lecture estim\u00e9e":"1 minute"},"schema":{"@context":"https:\/\/schema.org","@graph":[{"@type":"WebPage","@id":"https:\/\/www.bertazzofood.com\/fr\/prodotto\/astoria-greta-sae-blanc-2\/","url":"https:\/\/www.bertazzofood.com\/fr\/prodotto\/astoria-greta-sae-blanc-2\/","name":"Astoria Greta SAE blanc","isPartOf":{"@id":"https:\/\/www.bertazzofood.com\/fr\/#website"},"primaryImageOfPage":{"@id":"https:\/\/www.bertazzofood.com\/fr\/prodotto\/astoria-greta-sae-blanc-2\/#primaryimage"},"image":{"@id":"https:\/\/www.bertazzofood.com\/fr\/prodotto\/astoria-greta-sae-blanc-2\/#primaryimage"},"thumbnailUrl":"https:\/\/www.bertazzofood.com\/wp-content\/uploads\/2024\/06\/Astoria-Greta-SAE-grigia-2.jpg","datePublished":"2020-04-08T06:21:49+00:00","dateModified":"2024-06-23T20:23:12+00:00","breadcrumb":{"@id":"https:\/\/www.bertazzofood.com\/fr\/prodotto\/astoria-greta-sae-blanc-2\/#breadcrumb"},"inLanguage":"fr-FR","potentialAction":[{"@type":"ReadAction","target":["https:\/\/www.bertazzofood.com\/fr\/prodotto\/astoria-greta-sae-blanc-2\/"]}]},{"@type":"ImageObject","inLanguage":"fr-FR","@id":"https:\/\/www.bertazzofood.com\/fr\/prodotto\/astoria-greta-sae-blanc-2\/#primaryimage","url":"https:\/\/www.bertazzofood.com\/wp-content\/uploads\/2024\/06\/Astoria-Greta-SAE-grigia-2.jpg","contentUrl":"https:\/\/www.bertazzofood.com\/wp-content\/uploads\/2024\/06\/Astoria-Greta-SAE-grigia-2.jpg","width":800,"height":800},{"@type":"BreadcrumbList","@id":"https:\/\/www.bertazzofood.com\/fr\/prodotto\/astoria-greta-sae-blanc-2\/#breadcrumb","itemListElement":[{"@type":"ListItem","position":1,"name":"Home","item":"https:\/\/www.bertazzofood.com\/fr\/homepage\/"},{"@type":"ListItem","position":2,"name":"Produits","item":"https:\/\/www.bertazzofood.com\/fr\/shop\/"},{"@type":"ListItem","position":3,"name":"Astoria Greta SAE blanc"}]},{"@type":"WebSite","@id":"https:\/\/www.bertazzofood.com\/fr\/#website","url":"https:\/\/www.bertazzofood.com\/fr\/","name":"Bertazzo Food","description":"Prodotti Alimentari Italiani Online e Macchine Da Caff\u00e8","publisher":{"@id":"https:\/\/www.bertazzofood.com\/fr\/#organization"},"potentialAction":[{"@type":"SearchAction","target":{"@type":"EntryPoint","urlTemplate":"https:\/\/www.bertazzofood.com\/fr\/?s={search_term_string}"},"query-input":{"@type":"PropertyValueSpecification","valueRequired":true,"valueName":"search_term_string"}}],"inLanguage":"fr-FR"},{"@type":"Organization","@id":"https:\/\/www.bertazzofood.com\/fr\/#organization","name":"Bertazzo Italian Quality Food S.a.s. di Bertazzo Fabio & C.","alternateName":"Bertazzo Food","url":"https:\/\/www.bertazzofood.com\/fr\/","logo":{"@type":"ImageObject","inLanguage":"fr-FR","@id":"https:\/\/www.bertazzofood.com\/fr\/#\/schema\/logo\/image\/","url":"https:\/\/www.bertazzofood.com\/wp-content\/uploads\/2024\/06\/logo-bertazzo.webp","contentUrl":"https:\/\/www.bertazzofood.com\/wp-content\/uploads\/2024\/06\/logo-bertazzo.webp","width":410,"height":166,"caption":"Bertazzo Italian Quality Food S.a.s. di Bertazzo Fabio & C."},"image":{"@id":"https:\/\/www.bertazzofood.com\/fr\/#\/schema\/logo\/image\/"},"sameAs":["https:\/\/www.facebook.com\/BertazzoItalianQualityFood","https:\/\/www.instagram.com\/bertazzo_italian_quality_food\/"]}]}},"_links":{"self":[{"href":"https:\/\/www.bertazzofood.com\/fr\/wp-json\/wp\/v2\/product\/10980","targetHints":{"allow":["GET"]}}],"collection":[{"href":"https:\/\/www.bertazzofood.com\/fr\/wp-json\/wp\/v2\/product"}],"about":[{"href":"https:\/\/www.bertazzofood.com\/fr\/wp-json\/wp\/v2\/types\/product"}],"replies":[{"embeddable":true,"href":"https:\/\/www.bertazzofood.com\/fr\/wp-json\/wp\/v2\/comments?post=10980"}],"version-history":[{"count":0,"href":"https:\/\/www.bertazzofood.com\/fr\/wp-json\/wp\/v2\/product\/10980\/revisions"}],"wp:featuredmedia":[{"embeddable":true,"href":"https:\/\/www.bertazzofood.com\/fr\/wp-json\/wp\/v2\/media\/2682"}],"wp:attachment":[{"href":"https:\/\/www.bertazzofood.com\/fr\/wp-json\/wp\/v2\/media?parent=10980"}],"wp:term":[{"taxonomy":"product_brand","embeddable":true,"href":"https:\/\/www.bertazzofood.com\/fr\/wp-json\/wp\/v2\/product_brand?post=10980"},{"taxonomy":"product_cat","embeddable":true,"href":"https:\/\/www.bertazzofood.com\/fr\/wp-json\/wp\/v2\/product_cat?post=10980"},{"taxonomy":"product_tag","embeddable":true,"href":"https:\/\/www.bertazzofood.com\/fr\/wp-json\/wp\/v2\/product_tag?post=10980"},{"taxonomy":"brands","embeddable":true,"href":"https:\/\/www.bertazzofood.com\/fr\/wp-json\/wp\/v2\/brands?post=10980"},{"taxonomy":"flag_home","embeddable":true,"href":"https:\/\/www.bertazzofood.com\/fr\/wp-json\/wp\/v2\/flag_home?post=10980"}],"curies":[{"name":"wp","href":"https:\/\/api.w.org\/{rel}","templated":true}]}}