{"id":10929,"date":"2020-04-08T08:18:28","date_gmt":"2020-04-08T06:18:28","guid":{"rendered":"https:\/\/thegarden.it\/staging8\/prodotto\/nuova-simonelli-oscar-ii-bleu-2\/"},"modified":"2024-06-23T22:22:28","modified_gmt":"2024-06-23T20:22:28","slug":"nuova-simonelli-oscar-ii-bleu-2","status":"publish","type":"product","link":"https:\/\/www.bertazzofood.com\/fr\/prodotto\/nuova-simonelli-oscar-ii-bleu-2\/","title":{"rendered":"Nuova Simonelli Oscar II bleu"},"content":{"rendered":"<p><em><strong>Nuova Simonelli<\/strong><\/em> <strong><em>Oscar II<\/em><\/strong>, la nouvelle g\u00e9n\u00e9ration de la machine lanc\u00e9e sur le march\u00e9 \u00e0 la fin des ann\u00e9es 90, qui a conquis les amateurs de caf\u00e9 du monde entier. Avec sa largeur de seulement 32 centim\u00e8tres et sa carrosserie en acier inox, la machine <strong><em>Oscar II<\/em><\/strong> s\u2019adapte \u00e0 tous les petits espaces d\u2019une cuisine, d\u2019un coin caf\u00e9, d\u2019un bureau ou d\u2019une chambre d\u2019h\u00f4tes, garantissant \u00e0 ceux qui go\u00fbteront son caf\u00e9 un produit de tr\u00e8s haute qualit\u00e9.<\/p>\n<p>Fiche technique:<\/p>\n<p>\u2022Type de carrosserie Inox et ABS<\/p>\n<p>\u2022Echangeur et circulation thermo-siphonique en cuivre<\/p>\n<p>\u2022Buse jet de vapeur pivotante \u00e0 360\u00b0<\/p>\n<p>\u2022Buse vapeur \u00e0 haute productivit\u00e9<\/p>\n<p>\u2022Connexion directe au r\u00e9seau hydrique<\/p>\n<p>\u2022<span lang=\"fr\">R\u00e9servoir de collecte d&#8217;eau capacit\u00e9 \u00a0<\/span>1 L<\/p>\n<p>\u2022P<span lang=\"fr\">lus chaud tasse<\/span><\/p>\n<p>\u2022Groupe thermocompens\u00e9<\/p>\n<p>\u2022Portefiltre professionnels<\/p>\n<p>\u2022Chaudi\u00e8re de 2L en cuivre avec \u00e9changeur de chaleur<\/p>\n<p>\u2022Programmation temporis\u00e9e<\/p>\n<p>\u2022Panneau de commande tactile r\u00e9tro\u00e9clair\u00e9<\/p>\n<p>\u2022Auto-niveau \u00e9lectronique<\/p>\n<p>\u2022Poids 13 kg<\/p>\n<p>\u2022Puissance 1200 W<\/p>\n<p>\u2022Filter diameter 58mm<\/p>\n<p><strong>EQUIPEMENT:<\/strong><\/p>\n<p>\u2022\u00a01 Filtre simple<br \/>\n\u2022\u00a01 Filtre double<br \/>\n\u2022\u00a01 Ressort<br \/>\n\u2022\u00a01 Presse caf\u00e9 en plastique<br \/>\n\u2022\u00a01 Porte-filtre<br \/>\n\u2022\u00a01 Doseur caf\u00e9<br \/>\n\u2022\u00a01\u00a0Bec d\u00e9bit<\/p>\n<p>\u2022 1\u00a0Tube flexible\u00a0de raccordement d&#8217;eau<\/p>\n<p><strong>24 mois de garantie.<\/strong><\/p>\n<p><strong>Livraison gratuite.\u00a0<\/strong><\/p>\n","protected":false},"excerpt":{"rendered":"<p>Nuova Simonelli Oscar II, la nouvelle g\u00e9n\u00e9ration de la machine lanc\u00e9e sur le march\u00e9 \u00e0 la fin des ann\u00e9es 90, qui a conquis les amateurs de caf\u00e9 du monde entier. Avec sa largeur de seulement 32 centim\u00e8tres et sa carrosserie en acier inox, la machine Oscar II s\u2019adapte \u00e0 tous les petits espaces d\u2019une cuisine, [&hellip;]<\/p>\n","protected":false},"featured_media":2545,"comment_status":"open","ping_status":"closed","template":"","meta":{"_acf_changed":false,"iawp_total_views":8},"product_brand":[],"product_cat":[1219,1233],"product_tag":[1556],"brands":[1694],"flag_home":[],"class_list":{"0":"post-10929","1":"product","2":"type-product","3":"status-publish","4":"has-post-thumbnail","6":"product_cat-equipements-cafe","7":"product_cat-machines-a-cafe-espresso","8":"product_tag-ads-ottobre-2024-fr","9":"pa_garanzia-24-mois","10":"pa_tipo-di-alimentazione-acqua-connexion-directe-au-reseau-hydrique","11":"pa_tipo-di-caldaia-une-chaudiere","12":"pa_tipo-di-pompa-a-vibration","13":"brands-nuova-simonelli","15":"first","16":"outofstock","17":"taxable","18":"shipping-taxable","19":"purchasable","20":"product-type-simple"},"acf":[],"yoast_head":"<!-- This site is optimized with the Yoast SEO plugin v27.5 - https:\/\/yoast.com\/product\/yoast-seo-wordpress\/ -->\n<title>Nuova Simonelli Oscar II bleu<\/title>\n<meta name=\"robots\" content=\"index, follow, max-snippet:-1, max-image-preview:large, max-video-preview:-1\" \/>\n<link rel=\"canonical\" href=\"https:\/\/www.bertazzofood.com\/fr\/prodotto\/nuova-simonelli-oscar-ii-bleu-2\/\" \/>\n<meta property=\"og:locale\" content=\"fr_FR\" \/>\n<meta property=\"og:type\" content=\"article\" \/>\n<meta property=\"og:title\" content=\"Nuova Simonelli Oscar II bleu\" \/>\n<meta property=\"og:description\" content=\"Nuova Simonelli Oscar II, la nouvelle g\u00e9n\u00e9ration de la machine lanc\u00e9e sur le march\u00e9 \u00e0 la fin des ann\u00e9es 90, qui a conquis les amateurs de caf\u00e9 du monde entier. Avec sa largeur de seulement 32 centim\u00e8tres et sa carrosserie en acier inox, la machine Oscar II s\u2019adapte \u00e0 tous les petits espaces d\u2019une cuisine, [&hellip;]\" \/>\n<meta property=\"og:url\" content=\"https:\/\/www.bertazzofood.com\/fr\/prodotto\/nuova-simonelli-oscar-ii-bleu-2\/\" \/>\n<meta property=\"og:site_name\" content=\"Bertazzo Food\" \/>\n<meta property=\"article:publisher\" content=\"https:\/\/www.facebook.com\/BertazzoItalianQualityFood\" \/>\n<meta property=\"article:modified_time\" content=\"2024-06-23T20:22:28+00:00\" \/>\n<meta property=\"og:image\" content=\"https:\/\/www.bertazzofood.com\/wp-content\/uploads\/2024\/06\/oscar2_trq_blu-2.jpg\" \/>\n\t<meta property=\"og:image:width\" content=\"800\" \/>\n\t<meta property=\"og:image:height\" content=\"800\" \/>\n\t<meta property=\"og:image:type\" content=\"image\/jpeg\" \/>\n<meta name=\"twitter:card\" content=\"summary_large_image\" \/>\n<meta name=\"twitter:label1\" content=\"Dur\u00e9e de lecture estim\u00e9e\" \/>\n\t<meta name=\"twitter:data1\" content=\"1 minute\" \/>\n<script type=\"application\/ld+json\" class=\"yoast-schema-graph\">{\"@context\":\"https:\\\/\\\/schema.org\",\"@graph\":[{\"@type\":\"WebPage\",\"@id\":\"https:\\\/\\\/www.bertazzofood.com\\\/fr\\\/prodotto\\\/nuova-simonelli-oscar-ii-bleu-2\\\/\",\"url\":\"https:\\\/\\\/www.bertazzofood.com\\\/fr\\\/prodotto\\\/nuova-simonelli-oscar-ii-bleu-2\\\/\",\"name\":\"Nuova Simonelli Oscar II bleu\",\"isPartOf\":{\"@id\":\"https:\\\/\\\/www.bertazzofood.com\\\/fr\\\/#website\"},\"primaryImageOfPage\":{\"@id\":\"https:\\\/\\\/www.bertazzofood.com\\\/fr\\\/prodotto\\\/nuova-simonelli-oscar-ii-bleu-2\\\/#primaryimage\"},\"image\":{\"@id\":\"https:\\\/\\\/www.bertazzofood.com\\\/fr\\\/prodotto\\\/nuova-simonelli-oscar-ii-bleu-2\\\/#primaryimage\"},\"thumbnailUrl\":\"https:\\\/\\\/www.bertazzofood.com\\\/wp-content\\\/uploads\\\/2024\\\/06\\\/oscar2_trq_blu-2.jpg\",\"datePublished\":\"2020-04-08T06:18:28+00:00\",\"dateModified\":\"2024-06-23T20:22:28+00:00\",\"breadcrumb\":{\"@id\":\"https:\\\/\\\/www.bertazzofood.com\\\/fr\\\/prodotto\\\/nuova-simonelli-oscar-ii-bleu-2\\\/#breadcrumb\"},\"inLanguage\":\"fr-FR\",\"potentialAction\":[{\"@type\":\"ReadAction\",\"target\":[\"https:\\\/\\\/www.bertazzofood.com\\\/fr\\\/prodotto\\\/nuova-simonelli-oscar-ii-bleu-2\\\/\"]}]},{\"@type\":\"ImageObject\",\"inLanguage\":\"fr-FR\",\"@id\":\"https:\\\/\\\/www.bertazzofood.com\\\/fr\\\/prodotto\\\/nuova-simonelli-oscar-ii-bleu-2\\\/#primaryimage\",\"url\":\"https:\\\/\\\/www.bertazzofood.com\\\/wp-content\\\/uploads\\\/2024\\\/06\\\/oscar2_trq_blu-2.jpg\",\"contentUrl\":\"https:\\\/\\\/www.bertazzofood.com\\\/wp-content\\\/uploads\\\/2024\\\/06\\\/oscar2_trq_blu-2.jpg\",\"width\":800,\"height\":800},{\"@type\":\"BreadcrumbList\",\"@id\":\"https:\\\/\\\/www.bertazzofood.com\\\/fr\\\/prodotto\\\/nuova-simonelli-oscar-ii-bleu-2\\\/#breadcrumb\",\"itemListElement\":[{\"@type\":\"ListItem\",\"position\":1,\"name\":\"Home\",\"item\":\"https:\\\/\\\/www.bertazzofood.com\\\/fr\\\/homepage\\\/\"},{\"@type\":\"ListItem\",\"position\":2,\"name\":\"Produits\",\"item\":\"https:\\\/\\\/www.bertazzofood.com\\\/fr\\\/shop\\\/\"},{\"@type\":\"ListItem\",\"position\":3,\"name\":\"Nuova Simonelli Oscar II bleu\"}]},{\"@type\":\"WebSite\",\"@id\":\"https:\\\/\\\/www.bertazzofood.com\\\/fr\\\/#website\",\"url\":\"https:\\\/\\\/www.bertazzofood.com\\\/fr\\\/\",\"name\":\"Bertazzo Food\",\"description\":\"Prodotti Alimentari Italiani Online e Macchine Da Caff\u00e8\",\"publisher\":{\"@id\":\"https:\\\/\\\/www.bertazzofood.com\\\/fr\\\/#organization\"},\"potentialAction\":[{\"@type\":\"SearchAction\",\"target\":{\"@type\":\"EntryPoint\",\"urlTemplate\":\"https:\\\/\\\/www.bertazzofood.com\\\/fr\\\/?s={search_term_string}\"},\"query-input\":{\"@type\":\"PropertyValueSpecification\",\"valueRequired\":true,\"valueName\":\"search_term_string\"}}],\"inLanguage\":\"fr-FR\"},{\"@type\":\"Organization\",\"@id\":\"https:\\\/\\\/www.bertazzofood.com\\\/fr\\\/#organization\",\"name\":\"Bertazzo Italian Quality Food S.a.s. di Bertazzo Fabio & C.\",\"alternateName\":\"Bertazzo Food\",\"url\":\"https:\\\/\\\/www.bertazzofood.com\\\/fr\\\/\",\"logo\":{\"@type\":\"ImageObject\",\"inLanguage\":\"fr-FR\",\"@id\":\"https:\\\/\\\/www.bertazzofood.com\\\/fr\\\/#\\\/schema\\\/logo\\\/image\\\/\",\"url\":\"https:\\\/\\\/www.bertazzofood.com\\\/wp-content\\\/uploads\\\/2024\\\/06\\\/logo-bertazzo.webp\",\"contentUrl\":\"https:\\\/\\\/www.bertazzofood.com\\\/wp-content\\\/uploads\\\/2024\\\/06\\\/logo-bertazzo.webp\",\"width\":410,\"height\":166,\"caption\":\"Bertazzo Italian Quality Food S.a.s. di Bertazzo Fabio & C.\"},\"image\":{\"@id\":\"https:\\\/\\\/www.bertazzofood.com\\\/fr\\\/#\\\/schema\\\/logo\\\/image\\\/\"},\"sameAs\":[\"https:\\\/\\\/www.facebook.com\\\/BertazzoItalianQualityFood\",\"https:\\\/\\\/www.instagram.com\\\/bertazzo_italian_quality_food\\\/\"]}]}<\/script>\n<!-- \/ Yoast SEO plugin. -->","yoast_head_json":{"title":"Nuova Simonelli Oscar II bleu","robots":{"index":"index","follow":"follow","max-snippet":"max-snippet:-1","max-image-preview":"max-image-preview:large","max-video-preview":"max-video-preview:-1"},"canonical":"https:\/\/www.bertazzofood.com\/fr\/prodotto\/nuova-simonelli-oscar-ii-bleu-2\/","og_locale":"fr_FR","og_type":"article","og_title":"Nuova Simonelli Oscar II bleu","og_description":"Nuova Simonelli Oscar II, la nouvelle g\u00e9n\u00e9ration de la machine lanc\u00e9e sur le march\u00e9 \u00e0 la fin des ann\u00e9es 90, qui a conquis les amateurs de caf\u00e9 du monde entier. Avec sa largeur de seulement 32 centim\u00e8tres et sa carrosserie en acier inox, la machine Oscar II s\u2019adapte \u00e0 tous les petits espaces d\u2019une cuisine, [&hellip;]","og_url":"https:\/\/www.bertazzofood.com\/fr\/prodotto\/nuova-simonelli-oscar-ii-bleu-2\/","og_site_name":"Bertazzo Food","article_publisher":"https:\/\/www.facebook.com\/BertazzoItalianQualityFood","article_modified_time":"2024-06-23T20:22:28+00:00","og_image":[{"width":800,"height":800,"url":"https:\/\/www.bertazzofood.com\/wp-content\/uploads\/2024\/06\/oscar2_trq_blu-2.jpg","type":"image\/jpeg"}],"twitter_card":"summary_large_image","twitter_misc":{"Dur\u00e9e de lecture estim\u00e9e":"1 minute"},"schema":{"@context":"https:\/\/schema.org","@graph":[{"@type":"WebPage","@id":"https:\/\/www.bertazzofood.com\/fr\/prodotto\/nuova-simonelli-oscar-ii-bleu-2\/","url":"https:\/\/www.bertazzofood.com\/fr\/prodotto\/nuova-simonelli-oscar-ii-bleu-2\/","name":"Nuova Simonelli Oscar II bleu","isPartOf":{"@id":"https:\/\/www.bertazzofood.com\/fr\/#website"},"primaryImageOfPage":{"@id":"https:\/\/www.bertazzofood.com\/fr\/prodotto\/nuova-simonelli-oscar-ii-bleu-2\/#primaryimage"},"image":{"@id":"https:\/\/www.bertazzofood.com\/fr\/prodotto\/nuova-simonelli-oscar-ii-bleu-2\/#primaryimage"},"thumbnailUrl":"https:\/\/www.bertazzofood.com\/wp-content\/uploads\/2024\/06\/oscar2_trq_blu-2.jpg","datePublished":"2020-04-08T06:18:28+00:00","dateModified":"2024-06-23T20:22:28+00:00","breadcrumb":{"@id":"https:\/\/www.bertazzofood.com\/fr\/prodotto\/nuova-simonelli-oscar-ii-bleu-2\/#breadcrumb"},"inLanguage":"fr-FR","potentialAction":[{"@type":"ReadAction","target":["https:\/\/www.bertazzofood.com\/fr\/prodotto\/nuova-simonelli-oscar-ii-bleu-2\/"]}]},{"@type":"ImageObject","inLanguage":"fr-FR","@id":"https:\/\/www.bertazzofood.com\/fr\/prodotto\/nuova-simonelli-oscar-ii-bleu-2\/#primaryimage","url":"https:\/\/www.bertazzofood.com\/wp-content\/uploads\/2024\/06\/oscar2_trq_blu-2.jpg","contentUrl":"https:\/\/www.bertazzofood.com\/wp-content\/uploads\/2024\/06\/oscar2_trq_blu-2.jpg","width":800,"height":800},{"@type":"BreadcrumbList","@id":"https:\/\/www.bertazzofood.com\/fr\/prodotto\/nuova-simonelli-oscar-ii-bleu-2\/#breadcrumb","itemListElement":[{"@type":"ListItem","position":1,"name":"Home","item":"https:\/\/www.bertazzofood.com\/fr\/homepage\/"},{"@type":"ListItem","position":2,"name":"Produits","item":"https:\/\/www.bertazzofood.com\/fr\/shop\/"},{"@type":"ListItem","position":3,"name":"Nuova Simonelli Oscar II bleu"}]},{"@type":"WebSite","@id":"https:\/\/www.bertazzofood.com\/fr\/#website","url":"https:\/\/www.bertazzofood.com\/fr\/","name":"Bertazzo Food","description":"Prodotti Alimentari Italiani Online e Macchine Da Caff\u00e8","publisher":{"@id":"https:\/\/www.bertazzofood.com\/fr\/#organization"},"potentialAction":[{"@type":"SearchAction","target":{"@type":"EntryPoint","urlTemplate":"https:\/\/www.bertazzofood.com\/fr\/?s={search_term_string}"},"query-input":{"@type":"PropertyValueSpecification","valueRequired":true,"valueName":"search_term_string"}}],"inLanguage":"fr-FR"},{"@type":"Organization","@id":"https:\/\/www.bertazzofood.com\/fr\/#organization","name":"Bertazzo Italian Quality Food S.a.s. di Bertazzo Fabio & C.","alternateName":"Bertazzo Food","url":"https:\/\/www.bertazzofood.com\/fr\/","logo":{"@type":"ImageObject","inLanguage":"fr-FR","@id":"https:\/\/www.bertazzofood.com\/fr\/#\/schema\/logo\/image\/","url":"https:\/\/www.bertazzofood.com\/wp-content\/uploads\/2024\/06\/logo-bertazzo.webp","contentUrl":"https:\/\/www.bertazzofood.com\/wp-content\/uploads\/2024\/06\/logo-bertazzo.webp","width":410,"height":166,"caption":"Bertazzo Italian Quality Food S.a.s. di Bertazzo Fabio & C."},"image":{"@id":"https:\/\/www.bertazzofood.com\/fr\/#\/schema\/logo\/image\/"},"sameAs":["https:\/\/www.facebook.com\/BertazzoItalianQualityFood","https:\/\/www.instagram.com\/bertazzo_italian_quality_food\/"]}]}},"_links":{"self":[{"href":"https:\/\/www.bertazzofood.com\/fr\/wp-json\/wp\/v2\/product\/10929","targetHints":{"allow":["GET"]}}],"collection":[{"href":"https:\/\/www.bertazzofood.com\/fr\/wp-json\/wp\/v2\/product"}],"about":[{"href":"https:\/\/www.bertazzofood.com\/fr\/wp-json\/wp\/v2\/types\/product"}],"replies":[{"embeddable":true,"href":"https:\/\/www.bertazzofood.com\/fr\/wp-json\/wp\/v2\/comments?post=10929"}],"version-history":[{"count":0,"href":"https:\/\/www.bertazzofood.com\/fr\/wp-json\/wp\/v2\/product\/10929\/revisions"}],"wp:featuredmedia":[{"embeddable":true,"href":"https:\/\/www.bertazzofood.com\/fr\/wp-json\/wp\/v2\/media\/2545"}],"wp:attachment":[{"href":"https:\/\/www.bertazzofood.com\/fr\/wp-json\/wp\/v2\/media?parent=10929"}],"wp:term":[{"taxonomy":"product_brand","embeddable":true,"href":"https:\/\/www.bertazzofood.com\/fr\/wp-json\/wp\/v2\/product_brand?post=10929"},{"taxonomy":"product_cat","embeddable":true,"href":"https:\/\/www.bertazzofood.com\/fr\/wp-json\/wp\/v2\/product_cat?post=10929"},{"taxonomy":"product_tag","embeddable":true,"href":"https:\/\/www.bertazzofood.com\/fr\/wp-json\/wp\/v2\/product_tag?post=10929"},{"taxonomy":"brands","embeddable":true,"href":"https:\/\/www.bertazzofood.com\/fr\/wp-json\/wp\/v2\/brands?post=10929"},{"taxonomy":"flag_home","embeddable":true,"href":"https:\/\/www.bertazzofood.com\/fr\/wp-json\/wp\/v2\/flag_home?post=10929"}],"curies":[{"name":"wp","href":"https:\/\/api.w.org\/{rel}","templated":true}]}}