{"id":10855,"date":"2020-01-23T16:36:11","date_gmt":"2020-01-23T15:36:11","guid":{"rendered":"https:\/\/thegarden.it\/staging8\/prodotto\/kit-barista-torino\/"},"modified":"2024-06-23T22:21:48","modified_gmt":"2024-06-23T20:21:48","slug":"kit-barista-torino","status":"publish","type":"product","link":"https:\/\/www.bertazzofood.com\/fr\/prodotto\/kit-barista-torino\/","title":{"rendered":"Kit Barista Torino"},"content":{"rendered":"<p>Une mallette \u00e9l\u00e9gante et pas \u00e0 perdre, avec poign\u00e9e, pour faciliter le transport de votre \u00e9quipement. Le kit, \u00e9galement avantageux pour le prix, comprend un presseur en aluminium de 58mm de diam\u00e9tre, un agitateur de cacao, un thermom\u00e8tre et une laiti\u00e9re professionelle de 75cl de capacit\u00e9.<\/p>\n<p>Une bonne solution, m\u00eame comme id\u00e9e cadeau<span lang=\"fr\">.<\/span><\/p>\n<pre id=\"tw-target-text\" class=\"tw-data-text tw-ta tw-text-medium\" data-placeholder=\"Traduzione\" data-fulltext=\"\"><\/pre>\n","protected":false},"excerpt":{"rendered":"<p>Une mallette \u00e9l\u00e9gante et pas \u00e0 perdre, avec poign\u00e9e, pour faciliter le transport de votre \u00e9quipement. Le kit, \u00e9galement avantageux pour le prix, comprend un presseur en aluminium de 58mm de diam\u00e9tre, un agitateur de cacao, un thermom\u00e8tre et une laiti\u00e9re professionelle de 75cl de capacit\u00e9. Une bonne solution, m\u00eame comme id\u00e9e cadeau.<\/p>\n","protected":false},"featured_media":2336,"comment_status":"open","ping_status":"closed","template":"","meta":{"_acf_changed":false,"iawp_total_views":0},"product_brand":[],"product_cat":[1219,1238],"product_tag":[],"brands":[],"flag_home":[],"class_list":{"0":"post-10855","1":"product","2":"type-product","3":"status-publish","4":"has-post-thumbnail","6":"product_cat-equipements-cafe","7":"product_cat-tamper-accessoires","9":"first","10":"outofstock","11":"taxable","12":"shipping-taxable","13":"purchasable","14":"product-type-simple"},"acf":[],"yoast_head":"<!-- This site is optimized with the Yoast SEO plugin v27.5 - https:\/\/yoast.com\/product\/yoast-seo-wordpress\/ -->\n<title>Kit Barista Torino<\/title>\n<meta name=\"robots\" content=\"index, follow, max-snippet:-1, max-image-preview:large, max-video-preview:-1\" \/>\n<link rel=\"canonical\" href=\"https:\/\/www.bertazzofood.com\/fr\/prodotto\/kit-barista-torino\/\" \/>\n<meta property=\"og:locale\" content=\"fr_FR\" \/>\n<meta property=\"og:type\" content=\"article\" \/>\n<meta property=\"og:title\" content=\"Kit Barista Torino\" \/>\n<meta property=\"og:description\" content=\"Une mallette \u00e9l\u00e9gante et pas \u00e0 perdre, avec poign\u00e9e, pour faciliter le transport de votre \u00e9quipement. Le kit, \u00e9galement avantageux pour le prix, comprend un presseur en aluminium de 58mm de diam\u00e9tre, un agitateur de cacao, un thermom\u00e8tre et une laiti\u00e9re professionelle de 75cl de capacit\u00e9. Une bonne solution, m\u00eame comme id\u00e9e cadeau.\" \/>\n<meta property=\"og:url\" content=\"https:\/\/www.bertazzofood.com\/fr\/prodotto\/kit-barista-torino\/\" \/>\n<meta property=\"og:site_name\" content=\"Bertazzo Food\" \/>\n<meta property=\"article:publisher\" content=\"https:\/\/www.facebook.com\/BertazzoItalianQualityFood\" \/>\n<meta property=\"article:modified_time\" content=\"2024-06-23T20:21:48+00:00\" \/>\n<meta property=\"og:image\" content=\"https:\/\/www.bertazzofood.com\/wp-content\/uploads\/2024\/06\/Kit-Barista-Torino-2.jpg\" \/>\n\t<meta property=\"og:image:width\" content=\"800\" \/>\n\t<meta property=\"og:image:height\" content=\"801\" \/>\n\t<meta property=\"og:image:type\" content=\"image\/jpeg\" \/>\n<meta name=\"twitter:card\" content=\"summary_large_image\" \/>\n<script type=\"application\/ld+json\" class=\"yoast-schema-graph\">{\"@context\":\"https:\\\/\\\/schema.org\",\"@graph\":[{\"@type\":\"WebPage\",\"@id\":\"https:\\\/\\\/www.bertazzofood.com\\\/fr\\\/prodotto\\\/kit-barista-torino\\\/\",\"url\":\"https:\\\/\\\/www.bertazzofood.com\\\/fr\\\/prodotto\\\/kit-barista-torino\\\/\",\"name\":\"Kit Barista Torino\",\"isPartOf\":{\"@id\":\"https:\\\/\\\/www.bertazzofood.com\\\/fr\\\/#website\"},\"primaryImageOfPage\":{\"@id\":\"https:\\\/\\\/www.bertazzofood.com\\\/fr\\\/prodotto\\\/kit-barista-torino\\\/#primaryimage\"},\"image\":{\"@id\":\"https:\\\/\\\/www.bertazzofood.com\\\/fr\\\/prodotto\\\/kit-barista-torino\\\/#primaryimage\"},\"thumbnailUrl\":\"https:\\\/\\\/www.bertazzofood.com\\\/wp-content\\\/uploads\\\/2024\\\/06\\\/Kit-Barista-Torino-2.jpg\",\"datePublished\":\"2020-01-23T15:36:11+00:00\",\"dateModified\":\"2024-06-23T20:21:48+00:00\",\"breadcrumb\":{\"@id\":\"https:\\\/\\\/www.bertazzofood.com\\\/fr\\\/prodotto\\\/kit-barista-torino\\\/#breadcrumb\"},\"inLanguage\":\"fr-FR\",\"potentialAction\":[{\"@type\":\"ReadAction\",\"target\":[\"https:\\\/\\\/www.bertazzofood.com\\\/fr\\\/prodotto\\\/kit-barista-torino\\\/\"]}]},{\"@type\":\"ImageObject\",\"inLanguage\":\"fr-FR\",\"@id\":\"https:\\\/\\\/www.bertazzofood.com\\\/fr\\\/prodotto\\\/kit-barista-torino\\\/#primaryimage\",\"url\":\"https:\\\/\\\/www.bertazzofood.com\\\/wp-content\\\/uploads\\\/2024\\\/06\\\/Kit-Barista-Torino-2.jpg\",\"contentUrl\":\"https:\\\/\\\/www.bertazzofood.com\\\/wp-content\\\/uploads\\\/2024\\\/06\\\/Kit-Barista-Torino-2.jpg\",\"width\":800,\"height\":801},{\"@type\":\"BreadcrumbList\",\"@id\":\"https:\\\/\\\/www.bertazzofood.com\\\/fr\\\/prodotto\\\/kit-barista-torino\\\/#breadcrumb\",\"itemListElement\":[{\"@type\":\"ListItem\",\"position\":1,\"name\":\"Home\",\"item\":\"https:\\\/\\\/www.bertazzofood.com\\\/fr\\\/homepage\\\/\"},{\"@type\":\"ListItem\",\"position\":2,\"name\":\"Produits\",\"item\":\"https:\\\/\\\/www.bertazzofood.com\\\/fr\\\/shop\\\/\"},{\"@type\":\"ListItem\",\"position\":3,\"name\":\"Kit Barista Torino\"}]},{\"@type\":\"WebSite\",\"@id\":\"https:\\\/\\\/www.bertazzofood.com\\\/fr\\\/#website\",\"url\":\"https:\\\/\\\/www.bertazzofood.com\\\/fr\\\/\",\"name\":\"Bertazzo Food\",\"description\":\"Prodotti Alimentari Italiani Online e Macchine Da Caff\u00e8\",\"publisher\":{\"@id\":\"https:\\\/\\\/www.bertazzofood.com\\\/fr\\\/#organization\"},\"potentialAction\":[{\"@type\":\"SearchAction\",\"target\":{\"@type\":\"EntryPoint\",\"urlTemplate\":\"https:\\\/\\\/www.bertazzofood.com\\\/fr\\\/?s={search_term_string}\"},\"query-input\":{\"@type\":\"PropertyValueSpecification\",\"valueRequired\":true,\"valueName\":\"search_term_string\"}}],\"inLanguage\":\"fr-FR\"},{\"@type\":\"Organization\",\"@id\":\"https:\\\/\\\/www.bertazzofood.com\\\/fr\\\/#organization\",\"name\":\"Bertazzo Italian Quality Food S.a.s. di Bertazzo Fabio & C.\",\"alternateName\":\"Bertazzo Food\",\"url\":\"https:\\\/\\\/www.bertazzofood.com\\\/fr\\\/\",\"logo\":{\"@type\":\"ImageObject\",\"inLanguage\":\"fr-FR\",\"@id\":\"https:\\\/\\\/www.bertazzofood.com\\\/fr\\\/#\\\/schema\\\/logo\\\/image\\\/\",\"url\":\"https:\\\/\\\/www.bertazzofood.com\\\/wp-content\\\/uploads\\\/2024\\\/06\\\/logo-bertazzo.webp\",\"contentUrl\":\"https:\\\/\\\/www.bertazzofood.com\\\/wp-content\\\/uploads\\\/2024\\\/06\\\/logo-bertazzo.webp\",\"width\":410,\"height\":166,\"caption\":\"Bertazzo Italian Quality Food S.a.s. di Bertazzo Fabio & C.\"},\"image\":{\"@id\":\"https:\\\/\\\/www.bertazzofood.com\\\/fr\\\/#\\\/schema\\\/logo\\\/image\\\/\"},\"sameAs\":[\"https:\\\/\\\/www.facebook.com\\\/BertazzoItalianQualityFood\",\"https:\\\/\\\/www.instagram.com\\\/bertazzo_italian_quality_food\\\/\"]}]}<\/script>\n<!-- \/ Yoast SEO plugin. -->","yoast_head_json":{"title":"Kit Barista Torino","robots":{"index":"index","follow":"follow","max-snippet":"max-snippet:-1","max-image-preview":"max-image-preview:large","max-video-preview":"max-video-preview:-1"},"canonical":"https:\/\/www.bertazzofood.com\/fr\/prodotto\/kit-barista-torino\/","og_locale":"fr_FR","og_type":"article","og_title":"Kit Barista Torino","og_description":"Une mallette \u00e9l\u00e9gante et pas \u00e0 perdre, avec poign\u00e9e, pour faciliter le transport de votre \u00e9quipement. Le kit, \u00e9galement avantageux pour le prix, comprend un presseur en aluminium de 58mm de diam\u00e9tre, un agitateur de cacao, un thermom\u00e8tre et une laiti\u00e9re professionelle de 75cl de capacit\u00e9. Une bonne solution, m\u00eame comme id\u00e9e cadeau.","og_url":"https:\/\/www.bertazzofood.com\/fr\/prodotto\/kit-barista-torino\/","og_site_name":"Bertazzo Food","article_publisher":"https:\/\/www.facebook.com\/BertazzoItalianQualityFood","article_modified_time":"2024-06-23T20:21:48+00:00","og_image":[{"width":800,"height":801,"url":"https:\/\/www.bertazzofood.com\/wp-content\/uploads\/2024\/06\/Kit-Barista-Torino-2.jpg","type":"image\/jpeg"}],"twitter_card":"summary_large_image","schema":{"@context":"https:\/\/schema.org","@graph":[{"@type":"WebPage","@id":"https:\/\/www.bertazzofood.com\/fr\/prodotto\/kit-barista-torino\/","url":"https:\/\/www.bertazzofood.com\/fr\/prodotto\/kit-barista-torino\/","name":"Kit Barista Torino","isPartOf":{"@id":"https:\/\/www.bertazzofood.com\/fr\/#website"},"primaryImageOfPage":{"@id":"https:\/\/www.bertazzofood.com\/fr\/prodotto\/kit-barista-torino\/#primaryimage"},"image":{"@id":"https:\/\/www.bertazzofood.com\/fr\/prodotto\/kit-barista-torino\/#primaryimage"},"thumbnailUrl":"https:\/\/www.bertazzofood.com\/wp-content\/uploads\/2024\/06\/Kit-Barista-Torino-2.jpg","datePublished":"2020-01-23T15:36:11+00:00","dateModified":"2024-06-23T20:21:48+00:00","breadcrumb":{"@id":"https:\/\/www.bertazzofood.com\/fr\/prodotto\/kit-barista-torino\/#breadcrumb"},"inLanguage":"fr-FR","potentialAction":[{"@type":"ReadAction","target":["https:\/\/www.bertazzofood.com\/fr\/prodotto\/kit-barista-torino\/"]}]},{"@type":"ImageObject","inLanguage":"fr-FR","@id":"https:\/\/www.bertazzofood.com\/fr\/prodotto\/kit-barista-torino\/#primaryimage","url":"https:\/\/www.bertazzofood.com\/wp-content\/uploads\/2024\/06\/Kit-Barista-Torino-2.jpg","contentUrl":"https:\/\/www.bertazzofood.com\/wp-content\/uploads\/2024\/06\/Kit-Barista-Torino-2.jpg","width":800,"height":801},{"@type":"BreadcrumbList","@id":"https:\/\/www.bertazzofood.com\/fr\/prodotto\/kit-barista-torino\/#breadcrumb","itemListElement":[{"@type":"ListItem","position":1,"name":"Home","item":"https:\/\/www.bertazzofood.com\/fr\/homepage\/"},{"@type":"ListItem","position":2,"name":"Produits","item":"https:\/\/www.bertazzofood.com\/fr\/shop\/"},{"@type":"ListItem","position":3,"name":"Kit Barista Torino"}]},{"@type":"WebSite","@id":"https:\/\/www.bertazzofood.com\/fr\/#website","url":"https:\/\/www.bertazzofood.com\/fr\/","name":"Bertazzo Food","description":"Prodotti Alimentari Italiani Online e Macchine Da Caff\u00e8","publisher":{"@id":"https:\/\/www.bertazzofood.com\/fr\/#organization"},"potentialAction":[{"@type":"SearchAction","target":{"@type":"EntryPoint","urlTemplate":"https:\/\/www.bertazzofood.com\/fr\/?s={search_term_string}"},"query-input":{"@type":"PropertyValueSpecification","valueRequired":true,"valueName":"search_term_string"}}],"inLanguage":"fr-FR"},{"@type":"Organization","@id":"https:\/\/www.bertazzofood.com\/fr\/#organization","name":"Bertazzo Italian Quality Food S.a.s. di Bertazzo Fabio & C.","alternateName":"Bertazzo Food","url":"https:\/\/www.bertazzofood.com\/fr\/","logo":{"@type":"ImageObject","inLanguage":"fr-FR","@id":"https:\/\/www.bertazzofood.com\/fr\/#\/schema\/logo\/image\/","url":"https:\/\/www.bertazzofood.com\/wp-content\/uploads\/2024\/06\/logo-bertazzo.webp","contentUrl":"https:\/\/www.bertazzofood.com\/wp-content\/uploads\/2024\/06\/logo-bertazzo.webp","width":410,"height":166,"caption":"Bertazzo Italian Quality Food S.a.s. di Bertazzo Fabio & C."},"image":{"@id":"https:\/\/www.bertazzofood.com\/fr\/#\/schema\/logo\/image\/"},"sameAs":["https:\/\/www.facebook.com\/BertazzoItalianQualityFood","https:\/\/www.instagram.com\/bertazzo_italian_quality_food\/"]}]}},"_links":{"self":[{"href":"https:\/\/www.bertazzofood.com\/fr\/wp-json\/wp\/v2\/product\/10855","targetHints":{"allow":["GET"]}}],"collection":[{"href":"https:\/\/www.bertazzofood.com\/fr\/wp-json\/wp\/v2\/product"}],"about":[{"href":"https:\/\/www.bertazzofood.com\/fr\/wp-json\/wp\/v2\/types\/product"}],"replies":[{"embeddable":true,"href":"https:\/\/www.bertazzofood.com\/fr\/wp-json\/wp\/v2\/comments?post=10855"}],"version-history":[{"count":0,"href":"https:\/\/www.bertazzofood.com\/fr\/wp-json\/wp\/v2\/product\/10855\/revisions"}],"wp:featuredmedia":[{"embeddable":true,"href":"https:\/\/www.bertazzofood.com\/fr\/wp-json\/wp\/v2\/media\/2336"}],"wp:attachment":[{"href":"https:\/\/www.bertazzofood.com\/fr\/wp-json\/wp\/v2\/media?parent=10855"}],"wp:term":[{"taxonomy":"product_brand","embeddable":true,"href":"https:\/\/www.bertazzofood.com\/fr\/wp-json\/wp\/v2\/product_brand?post=10855"},{"taxonomy":"product_cat","embeddable":true,"href":"https:\/\/www.bertazzofood.com\/fr\/wp-json\/wp\/v2\/product_cat?post=10855"},{"taxonomy":"product_tag","embeddable":true,"href":"https:\/\/www.bertazzofood.com\/fr\/wp-json\/wp\/v2\/product_tag?post=10855"},{"taxonomy":"brands","embeddable":true,"href":"https:\/\/www.bertazzofood.com\/fr\/wp-json\/wp\/v2\/brands?post=10855"},{"taxonomy":"flag_home","embeddable":true,"href":"https:\/\/www.bertazzofood.com\/fr\/wp-json\/wp\/v2\/flag_home?post=10855"}],"curies":[{"name":"wp","href":"https:\/\/api.w.org\/{rel}","templated":true}]}}