{"id":10429,"date":"2020-04-08T08:04:14","date_gmt":"2020-04-08T06:04:14","guid":{"rendered":"https:\/\/thegarden.it\/staging8\/prodotto\/jura-impressa-f8\/"},"modified":"2024-06-23T22:17:36","modified_gmt":"2024-06-23T20:17:36","slug":"jura-impressa-f8","status":"publish","type":"product","link":"https:\/\/www.bertazzofood.com\/fr\/prodotto\/jura-impressa-f8\/","title":{"rendered":"Jura IMPRESSA F8"},"content":{"rendered":"<p>IMPRESSA F8: Pour la premi\u00e8re fois, un visuel couleur TFT fait son entr\u00e9e dans la classe compacte de JURA. Il rend l\u2019utilisation avec le Rotary Switch particuli\u00e8rement simple et intuitive. Il est possible de programmer quatre sp\u00e9cialit\u00e9s de caf\u00e9 sur l\u2019\u00e9cran d\u2019accueil. A toute heure, vous avez ainsi votre caf\u00e9 favori par la voie la plus directe. Le broyeur Aroma+ innovant garantit que le caf\u00e9 lungo du petit d\u00e9jeuner sera aussi savoureux que l\u2019espresso rac\u00e9, le caf\u00e9 cr\u00e8me classique ou le latte macchiato \u00e0 la mode. Il moud les grains de caf\u00e9 frais tout en douceur deux fois plus rapidement et fait du plaisir de savourer un caf\u00e9 un feu d\u2019artifice d\u2019ar\u00f4mes. Fiche technique:<\/p>\n<p>\u2022 Modes de pr\u00e9paration: 1 latte macchiato &#8211; 1 cappuccino &#8211; 1 espresso macchiato &#8211; 2 caf\u00e9s &#8211; 1 caf\u00e9 &#8211; 2 espressi &#8211; 1 espresso &#8211; 2 ristretti &#8211; 1 ristretto &#8211; 1 caf\u00e9 sp\u00e9cial &#8211; Mousse de lait<\/p>\n<p>\u2022\u00a0Fonction eau chaude, 3 niveaux<\/p>\n<p>\u2022 Seconde sorte de caf\u00e9 moulu<\/p>\n<p>\u2022 Type de broyeur Aroma+<\/p>\n<p>\u2022 Pompe \u00e0 haut rendement, 15 bar<\/p>\n<p>\u2022 Technologie mousse fine de JURA<\/p>\n<p>\u2022 Intensit\u00e9 de caf\u00e9 programmable selon 4 diff\u00e9rents niveaux<\/p>\n<p>\u2022 Visuel Couleur TFT<\/p>\n<p>\u2022 Mode d\u2019\u00e9conomie d\u2019\u00e9nergie (Energy Save Mode, E.S.M.\u00a9)<\/p>\n<p>\u2022 Cartouche filtrante CLARIS<\/p>\n<p>\u2022 Programme int\u00e9gr\u00e9 de rin\u00e7age, nettoyage et d\u00e9tartrage<\/p>\n<p>\u2022 Programme int\u00e9gr\u00e9 de rin\u00e7age et de nettoyage Cappuccino<\/p>\n<p>\u2022 Rin\u00e7age automatique du syst\u00e8me de lait<\/p>\n<p>\u2022 Temp\u00e9rature de l\u2019eau chaude r\u00e9glable, 3 niveaux<\/p>\n<p>\u2022 Duret\u00e9 de l\u2019eau r\u00e9glable<\/p>\n<p>\u2022 Ecoulement combin\u00e9 r\u00e9glable en hauteur (Cappuccino\/Caf\u00e9) 65 &#8211; 111 mm<\/p>\n<p>\u2022 Ecoulement d\u2019eau chaude<\/p>\n<p>\u2022 Ecoulement d\u2019eau chaude r\u00e9glable en hauteur 65 &#8211; 111 mm<\/p>\n<p>\u2022 Buse Cappuccino mousse fine<\/p>\n<p>\u2022 R\u00e9cipient \u00e0 grains avec couvercle protecteur d\u2019ar\u00f4me<\/p>\n<p>\u2022 Capacit\u00e9 par r\u00e9cipient \u00e0 grains 310 g<\/p>\n<p>\u2022 Eclairage de tasse ambre<\/p>\n<p>\u2022 Eclairage de tasse blanc<\/p>\n<p>\u2022 Wireless ready<\/p>\n<p><strong>24 mois de garantie<\/strong>.<\/p>\n<p><strong>Livraison gratuite<\/strong>.<\/p>\n","protected":false},"excerpt":{"rendered":"<p>IMPRESSA F8: Pour la premi\u00e8re fois, un visuel couleur TFT fait son entr\u00e9e dans la classe compacte de JURA. Il rend l\u2019utilisation avec le Rotary Switch particuli\u00e8rement simple et intuitive. Il est possible de programmer quatre sp\u00e9cialit\u00e9s de caf\u00e9 sur l\u2019\u00e9cran d\u2019accueil. A toute heure, vous avez ainsi votre caf\u00e9 favori par la voie la [&hellip;]<\/p>\n","protected":false},"featured_media":1373,"comment_status":"open","ping_status":"closed","template":"","meta":{"_acf_changed":false,"iawp_total_views":434},"product_brand":[],"product_cat":[1219,1233],"product_tag":[],"brands":[],"flag_home":[],"class_list":{"0":"post-10429","1":"product","2":"type-product","3":"status-publish","4":"has-post-thumbnail","6":"product_cat-equipements-cafe","7":"product_cat-machines-a-cafe-espresso","8":"pa_garanzia-24-mois","10":"first","11":"outofstock","12":"taxable","13":"shipping-taxable","14":"purchasable","15":"product-type-simple"},"acf":[],"yoast_head":"<!-- This site is optimized with the Yoast SEO plugin v27.5 - https:\/\/yoast.com\/product\/yoast-seo-wordpress\/ -->\n<title>Jura IMPRESSA F8<\/title>\n<meta name=\"robots\" content=\"index, follow, max-snippet:-1, max-image-preview:large, max-video-preview:-1\" \/>\n<link rel=\"canonical\" href=\"https:\/\/www.bertazzofood.com\/fr\/prodotto\/jura-impressa-f8\/\" \/>\n<meta property=\"og:locale\" content=\"fr_FR\" \/>\n<meta property=\"og:type\" content=\"article\" \/>\n<meta property=\"og:title\" content=\"Jura IMPRESSA F8\" \/>\n<meta property=\"og:description\" content=\"IMPRESSA F8: Pour la premi\u00e8re fois, un visuel couleur TFT fait son entr\u00e9e dans la classe compacte de JURA. Il rend l\u2019utilisation avec le Rotary Switch particuli\u00e8rement simple et intuitive. Il est possible de programmer quatre sp\u00e9cialit\u00e9s de caf\u00e9 sur l\u2019\u00e9cran d\u2019accueil. A toute heure, vous avez ainsi votre caf\u00e9 favori par la voie la [&hellip;]\" \/>\n<meta property=\"og:url\" content=\"https:\/\/www.bertazzofood.com\/fr\/prodotto\/jura-impressa-f8\/\" \/>\n<meta property=\"og:site_name\" content=\"Bertazzo Food\" \/>\n<meta property=\"article:publisher\" content=\"https:\/\/www.facebook.com\/BertazzoItalianQualityFood\" \/>\n<meta property=\"article:modified_time\" content=\"2024-06-23T20:17:36+00:00\" \/>\n<meta property=\"og:image\" content=\"https:\/\/www.bertazzofood.com\/wp-content\/uploads\/2024\/06\/Jura-IMPRESSA-F8-12.jpg\" \/>\n\t<meta property=\"og:image:width\" content=\"800\" \/>\n\t<meta property=\"og:image:height\" content=\"800\" \/>\n\t<meta property=\"og:image:type\" content=\"image\/jpeg\" \/>\n<meta name=\"twitter:card\" content=\"summary_large_image\" \/>\n<meta name=\"twitter:label1\" content=\"Dur\u00e9e de lecture estim\u00e9e\" \/>\n\t<meta name=\"twitter:data1\" content=\"2 minutes\" \/>\n<script type=\"application\/ld+json\" class=\"yoast-schema-graph\">{\"@context\":\"https:\\\/\\\/schema.org\",\"@graph\":[{\"@type\":\"WebPage\",\"@id\":\"https:\\\/\\\/www.bertazzofood.com\\\/fr\\\/prodotto\\\/jura-impressa-f8\\\/\",\"url\":\"https:\\\/\\\/www.bertazzofood.com\\\/fr\\\/prodotto\\\/jura-impressa-f8\\\/\",\"name\":\"Jura IMPRESSA F8\",\"isPartOf\":{\"@id\":\"https:\\\/\\\/www.bertazzofood.com\\\/fr\\\/#website\"},\"primaryImageOfPage\":{\"@id\":\"https:\\\/\\\/www.bertazzofood.com\\\/fr\\\/prodotto\\\/jura-impressa-f8\\\/#primaryimage\"},\"image\":{\"@id\":\"https:\\\/\\\/www.bertazzofood.com\\\/fr\\\/prodotto\\\/jura-impressa-f8\\\/#primaryimage\"},\"thumbnailUrl\":\"https:\\\/\\\/www.bertazzofood.com\\\/wp-content\\\/uploads\\\/2024\\\/06\\\/Jura-IMPRESSA-F8-12.jpg\",\"datePublished\":\"2020-04-08T06:04:14+00:00\",\"dateModified\":\"2024-06-23T20:17:36+00:00\",\"breadcrumb\":{\"@id\":\"https:\\\/\\\/www.bertazzofood.com\\\/fr\\\/prodotto\\\/jura-impressa-f8\\\/#breadcrumb\"},\"inLanguage\":\"fr-FR\",\"potentialAction\":[{\"@type\":\"ReadAction\",\"target\":[\"https:\\\/\\\/www.bertazzofood.com\\\/fr\\\/prodotto\\\/jura-impressa-f8\\\/\"]}]},{\"@type\":\"ImageObject\",\"inLanguage\":\"fr-FR\",\"@id\":\"https:\\\/\\\/www.bertazzofood.com\\\/fr\\\/prodotto\\\/jura-impressa-f8\\\/#primaryimage\",\"url\":\"https:\\\/\\\/www.bertazzofood.com\\\/wp-content\\\/uploads\\\/2024\\\/06\\\/Jura-IMPRESSA-F8-12.jpg\",\"contentUrl\":\"https:\\\/\\\/www.bertazzofood.com\\\/wp-content\\\/uploads\\\/2024\\\/06\\\/Jura-IMPRESSA-F8-12.jpg\",\"width\":800,\"height\":800},{\"@type\":\"BreadcrumbList\",\"@id\":\"https:\\\/\\\/www.bertazzofood.com\\\/fr\\\/prodotto\\\/jura-impressa-f8\\\/#breadcrumb\",\"itemListElement\":[{\"@type\":\"ListItem\",\"position\":1,\"name\":\"Home\",\"item\":\"https:\\\/\\\/www.bertazzofood.com\\\/fr\\\/homepage\\\/\"},{\"@type\":\"ListItem\",\"position\":2,\"name\":\"Produits\",\"item\":\"https:\\\/\\\/www.bertazzofood.com\\\/fr\\\/shop\\\/\"},{\"@type\":\"ListItem\",\"position\":3,\"name\":\"Jura IMPRESSA F8\"}]},{\"@type\":\"WebSite\",\"@id\":\"https:\\\/\\\/www.bertazzofood.com\\\/fr\\\/#website\",\"url\":\"https:\\\/\\\/www.bertazzofood.com\\\/fr\\\/\",\"name\":\"Bertazzo Food\",\"description\":\"Prodotti Alimentari Italiani Online e Macchine Da Caff\u00e8\",\"publisher\":{\"@id\":\"https:\\\/\\\/www.bertazzofood.com\\\/fr\\\/#organization\"},\"potentialAction\":[{\"@type\":\"SearchAction\",\"target\":{\"@type\":\"EntryPoint\",\"urlTemplate\":\"https:\\\/\\\/www.bertazzofood.com\\\/fr\\\/?s={search_term_string}\"},\"query-input\":{\"@type\":\"PropertyValueSpecification\",\"valueRequired\":true,\"valueName\":\"search_term_string\"}}],\"inLanguage\":\"fr-FR\"},{\"@type\":\"Organization\",\"@id\":\"https:\\\/\\\/www.bertazzofood.com\\\/fr\\\/#organization\",\"name\":\"Bertazzo Italian Quality Food S.a.s. di Bertazzo Fabio & C.\",\"alternateName\":\"Bertazzo Food\",\"url\":\"https:\\\/\\\/www.bertazzofood.com\\\/fr\\\/\",\"logo\":{\"@type\":\"ImageObject\",\"inLanguage\":\"fr-FR\",\"@id\":\"https:\\\/\\\/www.bertazzofood.com\\\/fr\\\/#\\\/schema\\\/logo\\\/image\\\/\",\"url\":\"https:\\\/\\\/www.bertazzofood.com\\\/wp-content\\\/uploads\\\/2024\\\/06\\\/logo-bertazzo.webp\",\"contentUrl\":\"https:\\\/\\\/www.bertazzofood.com\\\/wp-content\\\/uploads\\\/2024\\\/06\\\/logo-bertazzo.webp\",\"width\":410,\"height\":166,\"caption\":\"Bertazzo Italian Quality Food S.a.s. di Bertazzo Fabio & C.\"},\"image\":{\"@id\":\"https:\\\/\\\/www.bertazzofood.com\\\/fr\\\/#\\\/schema\\\/logo\\\/image\\\/\"},\"sameAs\":[\"https:\\\/\\\/www.facebook.com\\\/BertazzoItalianQualityFood\",\"https:\\\/\\\/www.instagram.com\\\/bertazzo_italian_quality_food\\\/\"]}]}<\/script>\n<!-- \/ Yoast SEO plugin. -->","yoast_head_json":{"title":"Jura IMPRESSA F8","robots":{"index":"index","follow":"follow","max-snippet":"max-snippet:-1","max-image-preview":"max-image-preview:large","max-video-preview":"max-video-preview:-1"},"canonical":"https:\/\/www.bertazzofood.com\/fr\/prodotto\/jura-impressa-f8\/","og_locale":"fr_FR","og_type":"article","og_title":"Jura IMPRESSA F8","og_description":"IMPRESSA F8: Pour la premi\u00e8re fois, un visuel couleur TFT fait son entr\u00e9e dans la classe compacte de JURA. Il rend l\u2019utilisation avec le Rotary Switch particuli\u00e8rement simple et intuitive. Il est possible de programmer quatre sp\u00e9cialit\u00e9s de caf\u00e9 sur l\u2019\u00e9cran d\u2019accueil. A toute heure, vous avez ainsi votre caf\u00e9 favori par la voie la [&hellip;]","og_url":"https:\/\/www.bertazzofood.com\/fr\/prodotto\/jura-impressa-f8\/","og_site_name":"Bertazzo Food","article_publisher":"https:\/\/www.facebook.com\/BertazzoItalianQualityFood","article_modified_time":"2024-06-23T20:17:36+00:00","og_image":[{"width":800,"height":800,"url":"https:\/\/www.bertazzofood.com\/wp-content\/uploads\/2024\/06\/Jura-IMPRESSA-F8-12.jpg","type":"image\/jpeg"}],"twitter_card":"summary_large_image","twitter_misc":{"Dur\u00e9e de lecture estim\u00e9e":"2 minutes"},"schema":{"@context":"https:\/\/schema.org","@graph":[{"@type":"WebPage","@id":"https:\/\/www.bertazzofood.com\/fr\/prodotto\/jura-impressa-f8\/","url":"https:\/\/www.bertazzofood.com\/fr\/prodotto\/jura-impressa-f8\/","name":"Jura IMPRESSA F8","isPartOf":{"@id":"https:\/\/www.bertazzofood.com\/fr\/#website"},"primaryImageOfPage":{"@id":"https:\/\/www.bertazzofood.com\/fr\/prodotto\/jura-impressa-f8\/#primaryimage"},"image":{"@id":"https:\/\/www.bertazzofood.com\/fr\/prodotto\/jura-impressa-f8\/#primaryimage"},"thumbnailUrl":"https:\/\/www.bertazzofood.com\/wp-content\/uploads\/2024\/06\/Jura-IMPRESSA-F8-12.jpg","datePublished":"2020-04-08T06:04:14+00:00","dateModified":"2024-06-23T20:17:36+00:00","breadcrumb":{"@id":"https:\/\/www.bertazzofood.com\/fr\/prodotto\/jura-impressa-f8\/#breadcrumb"},"inLanguage":"fr-FR","potentialAction":[{"@type":"ReadAction","target":["https:\/\/www.bertazzofood.com\/fr\/prodotto\/jura-impressa-f8\/"]}]},{"@type":"ImageObject","inLanguage":"fr-FR","@id":"https:\/\/www.bertazzofood.com\/fr\/prodotto\/jura-impressa-f8\/#primaryimage","url":"https:\/\/www.bertazzofood.com\/wp-content\/uploads\/2024\/06\/Jura-IMPRESSA-F8-12.jpg","contentUrl":"https:\/\/www.bertazzofood.com\/wp-content\/uploads\/2024\/06\/Jura-IMPRESSA-F8-12.jpg","width":800,"height":800},{"@type":"BreadcrumbList","@id":"https:\/\/www.bertazzofood.com\/fr\/prodotto\/jura-impressa-f8\/#breadcrumb","itemListElement":[{"@type":"ListItem","position":1,"name":"Home","item":"https:\/\/www.bertazzofood.com\/fr\/homepage\/"},{"@type":"ListItem","position":2,"name":"Produits","item":"https:\/\/www.bertazzofood.com\/fr\/shop\/"},{"@type":"ListItem","position":3,"name":"Jura IMPRESSA F8"}]},{"@type":"WebSite","@id":"https:\/\/www.bertazzofood.com\/fr\/#website","url":"https:\/\/www.bertazzofood.com\/fr\/","name":"Bertazzo Food","description":"Prodotti Alimentari Italiani Online e Macchine Da Caff\u00e8","publisher":{"@id":"https:\/\/www.bertazzofood.com\/fr\/#organization"},"potentialAction":[{"@type":"SearchAction","target":{"@type":"EntryPoint","urlTemplate":"https:\/\/www.bertazzofood.com\/fr\/?s={search_term_string}"},"query-input":{"@type":"PropertyValueSpecification","valueRequired":true,"valueName":"search_term_string"}}],"inLanguage":"fr-FR"},{"@type":"Organization","@id":"https:\/\/www.bertazzofood.com\/fr\/#organization","name":"Bertazzo Italian Quality Food S.a.s. di Bertazzo Fabio & C.","alternateName":"Bertazzo Food","url":"https:\/\/www.bertazzofood.com\/fr\/","logo":{"@type":"ImageObject","inLanguage":"fr-FR","@id":"https:\/\/www.bertazzofood.com\/fr\/#\/schema\/logo\/image\/","url":"https:\/\/www.bertazzofood.com\/wp-content\/uploads\/2024\/06\/logo-bertazzo.webp","contentUrl":"https:\/\/www.bertazzofood.com\/wp-content\/uploads\/2024\/06\/logo-bertazzo.webp","width":410,"height":166,"caption":"Bertazzo Italian Quality Food S.a.s. di Bertazzo Fabio & C."},"image":{"@id":"https:\/\/www.bertazzofood.com\/fr\/#\/schema\/logo\/image\/"},"sameAs":["https:\/\/www.facebook.com\/BertazzoItalianQualityFood","https:\/\/www.instagram.com\/bertazzo_italian_quality_food\/"]}]}},"_links":{"self":[{"href":"https:\/\/www.bertazzofood.com\/fr\/wp-json\/wp\/v2\/product\/10429","targetHints":{"allow":["GET"]}}],"collection":[{"href":"https:\/\/www.bertazzofood.com\/fr\/wp-json\/wp\/v2\/product"}],"about":[{"href":"https:\/\/www.bertazzofood.com\/fr\/wp-json\/wp\/v2\/types\/product"}],"replies":[{"embeddable":true,"href":"https:\/\/www.bertazzofood.com\/fr\/wp-json\/wp\/v2\/comments?post=10429"}],"version-history":[{"count":0,"href":"https:\/\/www.bertazzofood.com\/fr\/wp-json\/wp\/v2\/product\/10429\/revisions"}],"wp:featuredmedia":[{"embeddable":true,"href":"https:\/\/www.bertazzofood.com\/fr\/wp-json\/wp\/v2\/media\/1373"}],"wp:attachment":[{"href":"https:\/\/www.bertazzofood.com\/fr\/wp-json\/wp\/v2\/media?parent=10429"}],"wp:term":[{"taxonomy":"product_brand","embeddable":true,"href":"https:\/\/www.bertazzofood.com\/fr\/wp-json\/wp\/v2\/product_brand?post=10429"},{"taxonomy":"product_cat","embeddable":true,"href":"https:\/\/www.bertazzofood.com\/fr\/wp-json\/wp\/v2\/product_cat?post=10429"},{"taxonomy":"product_tag","embeddable":true,"href":"https:\/\/www.bertazzofood.com\/fr\/wp-json\/wp\/v2\/product_tag?post=10429"},{"taxonomy":"brands","embeddable":true,"href":"https:\/\/www.bertazzofood.com\/fr\/wp-json\/wp\/v2\/brands?post=10429"},{"taxonomy":"flag_home","embeddable":true,"href":"https:\/\/www.bertazzofood.com\/fr\/wp-json\/wp\/v2\/flag_home?post=10429"}],"curies":[{"name":"wp","href":"https:\/\/api.w.org\/{rel}","templated":true}]}}