{"id":10420,"date":"2020-01-23T16:07:20","date_gmt":"2020-01-23T15:07:20","guid":{"rendered":"https:\/\/thegarden.it\/staging8\/prodotto\/machine-a-cafe-la-spaziale-s1-rossini-dosata-argent\/"},"modified":"2024-06-23T22:17:35","modified_gmt":"2024-06-23T20:17:35","slug":"machine-a-cafe-la-spaziale-s1-rossini-dosata-argent","status":"publish","type":"product","link":"https:\/\/www.bertazzofood.com\/fr\/prodotto\/machine-a-cafe-la-spaziale-s1-rossini-dosata-argent\/","title":{"rendered":"Machine \u00e0 caf\u00e9 La Spaziale S1 ROSSINI DOSATA argent"},"content":{"rendered":"<p>Machine \u00e0 caf\u00e9 Espresso 1 groupe, \u00e9lectronique \u00e0 dosage programmable. Fiche technique:<\/p>\n<p>\u2022 Chauffage \u00e9lectrique<br \/>\n\u2022 Thermor\u00e9gulation \u00e9lectronique de la temp\u00e9rature du groupe pour le d\u00e9bit caf\u00e9<br \/>\n\u2022 Thermostat de s\u00e9curit\u00e9 incorpor\u00e9<br \/>\n\u2022 Voyant manque d\u2019eau dans le r\u00e9servoir<br \/>\n\u2022 Temp\u00e9rature indiqu\u00e9e par Bargraph<br \/>\n\u2022 Cycle automatique production de vapeur<br \/>\n\u2022 D\u00e9bit s\u00e9mi-automatique eau chaude pour infusions<br \/>\n\u2022 Pompe \u00e0 vibration incorpor\u00e9e<br \/>\n\u2022 Chaudi\u00e8re 0,45 litres pour le d\u00e9bit de caf\u00e9<br \/>\n\u2022 1 lance eau chaude et 1 lance vapeur<br \/>\n\u2022 Alimentation et absorption r\u00e9sistance de la machine: 230\/110 V \u2013 50\/60 Hz \u2013 1250 W<br \/>\n\u2022 Gestion alarmes anomalies de fonctionnement<br \/>\n\u2022 <strong>Avec r\u00e9servoir 3 litres<\/strong><\/p>\n<p>\u2022 <span lang=\"fr\">Poids 22<\/span>\u00a0kg<\/p>\n<p>\u2022 Diam\u00e8tre du filtre 53 mm<\/p>\n<p><strong>24 mois de garantie<\/strong>.<\/p>\n<p><strong>Livraison gratuite.\u00a0<\/strong><\/p>\n","protected":false},"excerpt":{"rendered":"<p>Machine \u00e0 caf\u00e9 Espresso 1 groupe, \u00e9lectronique \u00e0 dosage programmable. Fiche technique: \u2022 Chauffage \u00e9lectrique \u2022 Thermor\u00e9gulation \u00e9lectronique de la temp\u00e9rature du groupe pour le d\u00e9bit caf\u00e9 \u2022 Thermostat de s\u00e9curit\u00e9 incorpor\u00e9 \u2022 Voyant manque d\u2019eau dans le r\u00e9servoir \u2022 Temp\u00e9rature indiqu\u00e9e par Bargraph \u2022 Cycle automatique production de vapeur \u2022 D\u00e9bit s\u00e9mi-automatique eau chaude [&hellip;]<\/p>\n","protected":false},"featured_media":1345,"comment_status":"open","ping_status":"closed","template":"","meta":{"_acf_changed":false,"iawp_total_views":2},"product_brand":[],"product_cat":[1219,1233],"product_tag":[],"brands":[1628],"flag_home":[],"class_list":{"0":"post-10420","1":"product","2":"type-product","3":"status-publish","4":"has-post-thumbnail","6":"product_cat-equipements-cafe","7":"product_cat-machines-a-cafe-espresso","8":"pa_garanzia-24-mois","9":"pa_tipo-di-alimentazione-acqua-reservoir-deau","10":"pa_tipo-di-caldaia-une-chaudiere","11":"pa_tipo-di-pompa-a-vibration","12":"brands-la-spaziale","14":"first","15":"outofstock","16":"taxable","17":"shipping-taxable","18":"purchasable","19":"product-type-simple"},"acf":[],"yoast_head":"<!-- This site is optimized with the Yoast SEO plugin v27.5 - https:\/\/yoast.com\/product\/yoast-seo-wordpress\/ -->\n<title>Machine \u00e0 caf\u00e9 La Spaziale S1 ROSSINI DOSATA argent<\/title>\n<meta name=\"robots\" content=\"index, follow, max-snippet:-1, max-image-preview:large, max-video-preview:-1\" \/>\n<link rel=\"canonical\" href=\"https:\/\/www.bertazzofood.com\/fr\/prodotto\/machine-a-cafe-la-spaziale-s1-rossini-dosata-argent\/\" \/>\n<meta property=\"og:locale\" content=\"fr_FR\" \/>\n<meta property=\"og:type\" content=\"article\" \/>\n<meta property=\"og:title\" content=\"Machine \u00e0 caf\u00e9 La Spaziale S1 ROSSINI DOSATA argent\" \/>\n<meta property=\"og:description\" content=\"Machine \u00e0 caf\u00e9 Espresso 1 groupe, \u00e9lectronique \u00e0 dosage programmable. Fiche technique: \u2022 Chauffage \u00e9lectrique \u2022 Thermor\u00e9gulation \u00e9lectronique de la temp\u00e9rature du groupe pour le d\u00e9bit caf\u00e9 \u2022 Thermostat de s\u00e9curit\u00e9 incorpor\u00e9 \u2022 Voyant manque d\u2019eau dans le r\u00e9servoir \u2022 Temp\u00e9rature indiqu\u00e9e par Bargraph \u2022 Cycle automatique production de vapeur \u2022 D\u00e9bit s\u00e9mi-automatique eau chaude [&hellip;]\" \/>\n<meta property=\"og:url\" content=\"https:\/\/www.bertazzofood.com\/fr\/prodotto\/machine-a-cafe-la-spaziale-s1-rossini-dosata-argent\/\" \/>\n<meta property=\"og:site_name\" content=\"Bertazzo Food\" \/>\n<meta property=\"article:publisher\" content=\"https:\/\/www.facebook.com\/BertazzoItalianQualityFood\" \/>\n<meta property=\"article:modified_time\" content=\"2024-06-23T20:17:35+00:00\" \/>\n<meta property=\"og:image\" content=\"https:\/\/www.bertazzofood.com\/wp-content\/uploads\/2024\/06\/La_Spaziale_Rossini_grigia-2.jpg\" \/>\n\t<meta property=\"og:image:width\" content=\"800\" \/>\n\t<meta property=\"og:image:height\" content=\"800\" \/>\n\t<meta property=\"og:image:type\" content=\"image\/webp\" \/>\n<meta name=\"twitter:card\" content=\"summary_large_image\" \/>\n<meta name=\"twitter:label1\" content=\"Dur\u00e9e de lecture estim\u00e9e\" \/>\n\t<meta name=\"twitter:data1\" content=\"1 minute\" \/>\n<script type=\"application\/ld+json\" class=\"yoast-schema-graph\">{\"@context\":\"https:\\\/\\\/schema.org\",\"@graph\":[{\"@type\":\"WebPage\",\"@id\":\"https:\\\/\\\/www.bertazzofood.com\\\/fr\\\/prodotto\\\/machine-a-cafe-la-spaziale-s1-rossini-dosata-argent\\\/\",\"url\":\"https:\\\/\\\/www.bertazzofood.com\\\/fr\\\/prodotto\\\/machine-a-cafe-la-spaziale-s1-rossini-dosata-argent\\\/\",\"name\":\"Machine \u00e0 caf\u00e9 La Spaziale S1 ROSSINI DOSATA argent\",\"isPartOf\":{\"@id\":\"https:\\\/\\\/www.bertazzofood.com\\\/fr\\\/#website\"},\"primaryImageOfPage\":{\"@id\":\"https:\\\/\\\/www.bertazzofood.com\\\/fr\\\/prodotto\\\/machine-a-cafe-la-spaziale-s1-rossini-dosata-argent\\\/#primaryimage\"},\"image\":{\"@id\":\"https:\\\/\\\/www.bertazzofood.com\\\/fr\\\/prodotto\\\/machine-a-cafe-la-spaziale-s1-rossini-dosata-argent\\\/#primaryimage\"},\"thumbnailUrl\":\"https:\\\/\\\/www.bertazzofood.com\\\/wp-content\\\/uploads\\\/2024\\\/06\\\/La_Spaziale_Rossini_grigia-2.jpg\",\"datePublished\":\"2020-01-23T15:07:20+00:00\",\"dateModified\":\"2024-06-23T20:17:35+00:00\",\"breadcrumb\":{\"@id\":\"https:\\\/\\\/www.bertazzofood.com\\\/fr\\\/prodotto\\\/machine-a-cafe-la-spaziale-s1-rossini-dosata-argent\\\/#breadcrumb\"},\"inLanguage\":\"fr-FR\",\"potentialAction\":[{\"@type\":\"ReadAction\",\"target\":[\"https:\\\/\\\/www.bertazzofood.com\\\/fr\\\/prodotto\\\/machine-a-cafe-la-spaziale-s1-rossini-dosata-argent\\\/\"]}]},{\"@type\":\"ImageObject\",\"inLanguage\":\"fr-FR\",\"@id\":\"https:\\\/\\\/www.bertazzofood.com\\\/fr\\\/prodotto\\\/machine-a-cafe-la-spaziale-s1-rossini-dosata-argent\\\/#primaryimage\",\"url\":\"https:\\\/\\\/www.bertazzofood.com\\\/wp-content\\\/uploads\\\/2024\\\/06\\\/La_Spaziale_Rossini_grigia-2.jpg\",\"contentUrl\":\"https:\\\/\\\/www.bertazzofood.com\\\/wp-content\\\/uploads\\\/2024\\\/06\\\/La_Spaziale_Rossini_grigia-2.jpg\",\"width\":800,\"height\":800},{\"@type\":\"BreadcrumbList\",\"@id\":\"https:\\\/\\\/www.bertazzofood.com\\\/fr\\\/prodotto\\\/machine-a-cafe-la-spaziale-s1-rossini-dosata-argent\\\/#breadcrumb\",\"itemListElement\":[{\"@type\":\"ListItem\",\"position\":1,\"name\":\"Home\",\"item\":\"https:\\\/\\\/www.bertazzofood.com\\\/fr\\\/homepage\\\/\"},{\"@type\":\"ListItem\",\"position\":2,\"name\":\"Produits\",\"item\":\"https:\\\/\\\/www.bertazzofood.com\\\/fr\\\/shop\\\/\"},{\"@type\":\"ListItem\",\"position\":3,\"name\":\"Machine \u00e0 caf\u00e9 La Spaziale S1 ROSSINI DOSATA argent\"}]},{\"@type\":\"WebSite\",\"@id\":\"https:\\\/\\\/www.bertazzofood.com\\\/fr\\\/#website\",\"url\":\"https:\\\/\\\/www.bertazzofood.com\\\/fr\\\/\",\"name\":\"Bertazzo Food\",\"description\":\"Prodotti Alimentari Italiani Online e Macchine Da Caff\u00e8\",\"publisher\":{\"@id\":\"https:\\\/\\\/www.bertazzofood.com\\\/fr\\\/#organization\"},\"potentialAction\":[{\"@type\":\"SearchAction\",\"target\":{\"@type\":\"EntryPoint\",\"urlTemplate\":\"https:\\\/\\\/www.bertazzofood.com\\\/fr\\\/?s={search_term_string}\"},\"query-input\":{\"@type\":\"PropertyValueSpecification\",\"valueRequired\":true,\"valueName\":\"search_term_string\"}}],\"inLanguage\":\"fr-FR\"},{\"@type\":\"Organization\",\"@id\":\"https:\\\/\\\/www.bertazzofood.com\\\/fr\\\/#organization\",\"name\":\"Bertazzo Italian Quality Food S.a.s. di Bertazzo Fabio & C.\",\"alternateName\":\"Bertazzo Food\",\"url\":\"https:\\\/\\\/www.bertazzofood.com\\\/fr\\\/\",\"logo\":{\"@type\":\"ImageObject\",\"inLanguage\":\"fr-FR\",\"@id\":\"https:\\\/\\\/www.bertazzofood.com\\\/fr\\\/#\\\/schema\\\/logo\\\/image\\\/\",\"url\":\"https:\\\/\\\/www.bertazzofood.com\\\/wp-content\\\/uploads\\\/2024\\\/06\\\/logo-bertazzo.webp\",\"contentUrl\":\"https:\\\/\\\/www.bertazzofood.com\\\/wp-content\\\/uploads\\\/2024\\\/06\\\/logo-bertazzo.webp\",\"width\":410,\"height\":166,\"caption\":\"Bertazzo Italian Quality Food S.a.s. di Bertazzo Fabio & C.\"},\"image\":{\"@id\":\"https:\\\/\\\/www.bertazzofood.com\\\/fr\\\/#\\\/schema\\\/logo\\\/image\\\/\"},\"sameAs\":[\"https:\\\/\\\/www.facebook.com\\\/BertazzoItalianQualityFood\",\"https:\\\/\\\/www.instagram.com\\\/bertazzo_italian_quality_food\\\/\"]}]}<\/script>\n<!-- \/ Yoast SEO plugin. -->","yoast_head_json":{"title":"Machine \u00e0 caf\u00e9 La Spaziale S1 ROSSINI DOSATA argent","robots":{"index":"index","follow":"follow","max-snippet":"max-snippet:-1","max-image-preview":"max-image-preview:large","max-video-preview":"max-video-preview:-1"},"canonical":"https:\/\/www.bertazzofood.com\/fr\/prodotto\/machine-a-cafe-la-spaziale-s1-rossini-dosata-argent\/","og_locale":"fr_FR","og_type":"article","og_title":"Machine \u00e0 caf\u00e9 La Spaziale S1 ROSSINI DOSATA argent","og_description":"Machine \u00e0 caf\u00e9 Espresso 1 groupe, \u00e9lectronique \u00e0 dosage programmable. Fiche technique: \u2022 Chauffage \u00e9lectrique \u2022 Thermor\u00e9gulation \u00e9lectronique de la temp\u00e9rature du groupe pour le d\u00e9bit caf\u00e9 \u2022 Thermostat de s\u00e9curit\u00e9 incorpor\u00e9 \u2022 Voyant manque d\u2019eau dans le r\u00e9servoir \u2022 Temp\u00e9rature indiqu\u00e9e par Bargraph \u2022 Cycle automatique production de vapeur \u2022 D\u00e9bit s\u00e9mi-automatique eau chaude [&hellip;]","og_url":"https:\/\/www.bertazzofood.com\/fr\/prodotto\/machine-a-cafe-la-spaziale-s1-rossini-dosata-argent\/","og_site_name":"Bertazzo Food","article_publisher":"https:\/\/www.facebook.com\/BertazzoItalianQualityFood","article_modified_time":"2024-06-23T20:17:35+00:00","og_image":[{"width":800,"height":800,"url":"https:\/\/www.bertazzofood.com\/wp-content\/uploads\/2024\/06\/La_Spaziale_Rossini_grigia-2.jpg","type":"image\/webp"}],"twitter_card":"summary_large_image","twitter_misc":{"Dur\u00e9e de lecture estim\u00e9e":"1 minute"},"schema":{"@context":"https:\/\/schema.org","@graph":[{"@type":"WebPage","@id":"https:\/\/www.bertazzofood.com\/fr\/prodotto\/machine-a-cafe-la-spaziale-s1-rossini-dosata-argent\/","url":"https:\/\/www.bertazzofood.com\/fr\/prodotto\/machine-a-cafe-la-spaziale-s1-rossini-dosata-argent\/","name":"Machine \u00e0 caf\u00e9 La Spaziale S1 ROSSINI DOSATA argent","isPartOf":{"@id":"https:\/\/www.bertazzofood.com\/fr\/#website"},"primaryImageOfPage":{"@id":"https:\/\/www.bertazzofood.com\/fr\/prodotto\/machine-a-cafe-la-spaziale-s1-rossini-dosata-argent\/#primaryimage"},"image":{"@id":"https:\/\/www.bertazzofood.com\/fr\/prodotto\/machine-a-cafe-la-spaziale-s1-rossini-dosata-argent\/#primaryimage"},"thumbnailUrl":"https:\/\/www.bertazzofood.com\/wp-content\/uploads\/2024\/06\/La_Spaziale_Rossini_grigia-2.jpg","datePublished":"2020-01-23T15:07:20+00:00","dateModified":"2024-06-23T20:17:35+00:00","breadcrumb":{"@id":"https:\/\/www.bertazzofood.com\/fr\/prodotto\/machine-a-cafe-la-spaziale-s1-rossini-dosata-argent\/#breadcrumb"},"inLanguage":"fr-FR","potentialAction":[{"@type":"ReadAction","target":["https:\/\/www.bertazzofood.com\/fr\/prodotto\/machine-a-cafe-la-spaziale-s1-rossini-dosata-argent\/"]}]},{"@type":"ImageObject","inLanguage":"fr-FR","@id":"https:\/\/www.bertazzofood.com\/fr\/prodotto\/machine-a-cafe-la-spaziale-s1-rossini-dosata-argent\/#primaryimage","url":"https:\/\/www.bertazzofood.com\/wp-content\/uploads\/2024\/06\/La_Spaziale_Rossini_grigia-2.jpg","contentUrl":"https:\/\/www.bertazzofood.com\/wp-content\/uploads\/2024\/06\/La_Spaziale_Rossini_grigia-2.jpg","width":800,"height":800},{"@type":"BreadcrumbList","@id":"https:\/\/www.bertazzofood.com\/fr\/prodotto\/machine-a-cafe-la-spaziale-s1-rossini-dosata-argent\/#breadcrumb","itemListElement":[{"@type":"ListItem","position":1,"name":"Home","item":"https:\/\/www.bertazzofood.com\/fr\/homepage\/"},{"@type":"ListItem","position":2,"name":"Produits","item":"https:\/\/www.bertazzofood.com\/fr\/shop\/"},{"@type":"ListItem","position":3,"name":"Machine \u00e0 caf\u00e9 La Spaziale S1 ROSSINI DOSATA argent"}]},{"@type":"WebSite","@id":"https:\/\/www.bertazzofood.com\/fr\/#website","url":"https:\/\/www.bertazzofood.com\/fr\/","name":"Bertazzo Food","description":"Prodotti Alimentari Italiani Online e Macchine Da Caff\u00e8","publisher":{"@id":"https:\/\/www.bertazzofood.com\/fr\/#organization"},"potentialAction":[{"@type":"SearchAction","target":{"@type":"EntryPoint","urlTemplate":"https:\/\/www.bertazzofood.com\/fr\/?s={search_term_string}"},"query-input":{"@type":"PropertyValueSpecification","valueRequired":true,"valueName":"search_term_string"}}],"inLanguage":"fr-FR"},{"@type":"Organization","@id":"https:\/\/www.bertazzofood.com\/fr\/#organization","name":"Bertazzo Italian Quality Food S.a.s. di Bertazzo Fabio & C.","alternateName":"Bertazzo Food","url":"https:\/\/www.bertazzofood.com\/fr\/","logo":{"@type":"ImageObject","inLanguage":"fr-FR","@id":"https:\/\/www.bertazzofood.com\/fr\/#\/schema\/logo\/image\/","url":"https:\/\/www.bertazzofood.com\/wp-content\/uploads\/2024\/06\/logo-bertazzo.webp","contentUrl":"https:\/\/www.bertazzofood.com\/wp-content\/uploads\/2024\/06\/logo-bertazzo.webp","width":410,"height":166,"caption":"Bertazzo Italian Quality Food S.a.s. di Bertazzo Fabio & C."},"image":{"@id":"https:\/\/www.bertazzofood.com\/fr\/#\/schema\/logo\/image\/"},"sameAs":["https:\/\/www.facebook.com\/BertazzoItalianQualityFood","https:\/\/www.instagram.com\/bertazzo_italian_quality_food\/"]}]}},"_links":{"self":[{"href":"https:\/\/www.bertazzofood.com\/fr\/wp-json\/wp\/v2\/product\/10420","targetHints":{"allow":["GET"]}}],"collection":[{"href":"https:\/\/www.bertazzofood.com\/fr\/wp-json\/wp\/v2\/product"}],"about":[{"href":"https:\/\/www.bertazzofood.com\/fr\/wp-json\/wp\/v2\/types\/product"}],"replies":[{"embeddable":true,"href":"https:\/\/www.bertazzofood.com\/fr\/wp-json\/wp\/v2\/comments?post=10420"}],"version-history":[{"count":0,"href":"https:\/\/www.bertazzofood.com\/fr\/wp-json\/wp\/v2\/product\/10420\/revisions"}],"wp:featuredmedia":[{"embeddable":true,"href":"https:\/\/www.bertazzofood.com\/fr\/wp-json\/wp\/v2\/media\/1345"}],"wp:attachment":[{"href":"https:\/\/www.bertazzofood.com\/fr\/wp-json\/wp\/v2\/media?parent=10420"}],"wp:term":[{"taxonomy":"product_brand","embeddable":true,"href":"https:\/\/www.bertazzofood.com\/fr\/wp-json\/wp\/v2\/product_brand?post=10420"},{"taxonomy":"product_cat","embeddable":true,"href":"https:\/\/www.bertazzofood.com\/fr\/wp-json\/wp\/v2\/product_cat?post=10420"},{"taxonomy":"product_tag","embeddable":true,"href":"https:\/\/www.bertazzofood.com\/fr\/wp-json\/wp\/v2\/product_tag?post=10420"},{"taxonomy":"brands","embeddable":true,"href":"https:\/\/www.bertazzofood.com\/fr\/wp-json\/wp\/v2\/brands?post=10420"},{"taxonomy":"flag_home","embeddable":true,"href":"https:\/\/www.bertazzofood.com\/fr\/wp-json\/wp\/v2\/flag_home?post=10420"}],"curies":[{"name":"wp","href":"https:\/\/api.w.org\/{rel}","templated":true}]}}