{"id":10390,"date":"2020-01-23T16:08:44","date_gmt":"2020-01-23T15:08:44","guid":{"rendered":"https:\/\/thegarden.it\/staging8\/prodotto\/machine-a-cafe-la-spaziale-s1-vivaldi-rouge\/"},"modified":"2024-06-23T22:16:55","modified_gmt":"2024-06-23T20:16:55","slug":"machine-a-cafe-la-spaziale-s1-vivaldi-rouge","status":"publish","type":"product","link":"https:\/\/www.bertazzofood.com\/fr\/prodotto\/machine-a-cafe-la-spaziale-s1-vivaldi-rouge\/","title":{"rendered":"Machine \u00e0 caf\u00e9 La Spaziale S1 VIVALDI rouge"},"content":{"rendered":"<p>Machine \u00e0 caf\u00e9 \u00e9lectronique \u00e0 dosage programmable. Fiche technique:<\/p>\n<p class=\" text-LEFT\">\u2022 Dosage programmable<\/p>\n<p class=\" text-LEFT\">\u2022 Chauffage \u00e9lectrique<\/p>\n<p class=\" text-LEFT\">\u2022 Thermor\u00e9gulation \u00e9lectronique de la temp\u00e9rature du groupe de d\u00e9bit<\/p>\n<p class=\" text-LEFT\">\u2022 Thermor\u00e9gulation \u00e9lectronique de la temp\u00e9rature du boiler pour la production d\u2019eau chaude et vapeur<\/p>\n<p class=\" text-LEFT\">\u2022 Thermostat de s\u00e9curit\u00e9 incorpor\u00e9<\/p>\n<p class=\" text-LEFT\">\u2022 Auto-niveau \u00e9lectronique<\/p>\n<p class=\" text-LEFT\">\u2022 Temp\u00e9rature indiqu\u00e9e par Bargraph<\/p>\n<p class=\" text-LEFT\">\u2022 D\u00e9bit s\u00e9mi-automatique eau chaude pour infusions<\/p>\n<p class=\" text-LEFT\">\u2022 Pompe volum\u00e9trique incorpor\u00e9e<\/p>\n<p class=\" text-LEFT\">\u2022 <strong>Connexion directe au r\u00e9seau hydrique<\/strong><\/p>\n<p class=\" text-LEFT\">\u2022 Chaudi\u00e8re 2,5 litres pour la production d\u2019eau chaude et vapeur<\/p>\n<p class=\" text-LEFT\">\u2022 Chaudi\u00e8re 0,45 litres pour le d\u00e9bit de caf\u00e9<\/p>\n<p class=\" text-LEFT\">\u2022 1 lance eau chaude et 1 lance vapeur<\/p>\n<p class=\" text-LEFT\">\u2022 Alimentation: 230\/110 V \u2013 50\/60 Hz<\/p>\n<p class=\" text-LEFT\">\u2022 Absorption: 1250 W r\u00e9sistance chaudi\u00e8re 800 W r\u00e9sistance groupe<\/p>\n<p class=\" text-LEFT\">\u2022 Possibilit\u00e9 d\u2019exclure l\u2019option chauffage chaudi\u00e8re<\/p>\n<p class=\" text-LEFT\">\u2022 Fonctionnement avec modalit\u00e9 \u201c\u00e9conomie\u201d (absorption maximale 1250 W)<\/p>\n<p>\u2022 Gestion alarmes anomalies de fonctionnement<\/p>\n<p><strong>24 mois de garantie.<\/strong><\/p>\n<p><strong>Livraison gratuite.\u00a0<\/strong><\/p>\n","protected":false},"excerpt":{"rendered":"<p>Machine \u00e0 caf\u00e9 \u00e9lectronique \u00e0 dosage programmable. Fiche technique: \u2022 Dosage programmable \u2022 Chauffage \u00e9lectrique \u2022 Thermor\u00e9gulation \u00e9lectronique de la temp\u00e9rature du groupe de d\u00e9bit \u2022 Thermor\u00e9gulation \u00e9lectronique de la temp\u00e9rature du boiler pour la production d\u2019eau chaude et vapeur \u2022 Thermostat de s\u00e9curit\u00e9 incorpor\u00e9 \u2022 Auto-niveau \u00e9lectronique \u2022 Temp\u00e9rature indiqu\u00e9e par Bargraph \u2022 D\u00e9bit [&hellip;]<\/p>\n","protected":false},"featured_media":1424,"comment_status":"open","ping_status":"closed","template":"","meta":{"_acf_changed":false,"iawp_total_views":5},"product_brand":[],"product_cat":[1219,1233],"product_tag":[],"brands":[1628],"flag_home":[],"class_list":{"0":"post-10390","1":"product","2":"type-product","3":"status-publish","4":"has-post-thumbnail","6":"product_cat-equipements-cafe","7":"product_cat-machines-a-cafe-espresso","8":"pa_garanzia-24-mois","9":"brands-la-spaziale","11":"first","12":"outofstock","13":"taxable","14":"shipping-taxable","15":"purchasable","16":"product-type-simple"},"acf":[],"yoast_head":"<!-- This site is optimized with the Yoast SEO plugin v27.5 - https:\/\/yoast.com\/product\/yoast-seo-wordpress\/ -->\n<title>Machine \u00e0 caf\u00e9 La Spaziale S1 VIVALDI rouge<\/title>\n<meta name=\"robots\" content=\"index, follow, max-snippet:-1, max-image-preview:large, max-video-preview:-1\" \/>\n<link rel=\"canonical\" href=\"https:\/\/www.bertazzofood.com\/fr\/prodotto\/machine-a-cafe-la-spaziale-s1-vivaldi-rouge\/\" \/>\n<meta property=\"og:locale\" content=\"fr_FR\" \/>\n<meta property=\"og:type\" content=\"article\" \/>\n<meta property=\"og:title\" content=\"Machine \u00e0 caf\u00e9 La Spaziale S1 VIVALDI rouge\" \/>\n<meta property=\"og:description\" content=\"Machine \u00e0 caf\u00e9 \u00e9lectronique \u00e0 dosage programmable. Fiche technique: \u2022 Dosage programmable \u2022 Chauffage \u00e9lectrique \u2022 Thermor\u00e9gulation \u00e9lectronique de la temp\u00e9rature du groupe de d\u00e9bit \u2022 Thermor\u00e9gulation \u00e9lectronique de la temp\u00e9rature du boiler pour la production d\u2019eau chaude et vapeur \u2022 Thermostat de s\u00e9curit\u00e9 incorpor\u00e9 \u2022 Auto-niveau \u00e9lectronique \u2022 Temp\u00e9rature indiqu\u00e9e par Bargraph \u2022 D\u00e9bit [&hellip;]\" \/>\n<meta property=\"og:url\" content=\"https:\/\/www.bertazzofood.com\/fr\/prodotto\/machine-a-cafe-la-spaziale-s1-vivaldi-rouge\/\" \/>\n<meta property=\"og:site_name\" content=\"Bertazzo Food\" \/>\n<meta property=\"article:publisher\" content=\"https:\/\/www.facebook.com\/BertazzoItalianQualityFood\" \/>\n<meta property=\"article:modified_time\" content=\"2024-06-23T20:16:55+00:00\" \/>\n<meta property=\"og:image\" content=\"https:\/\/www.bertazzofood.com\/wp-content\/uploads\/2024\/06\/La_Spaziale_Vivaldi-2.jpg\" \/>\n\t<meta property=\"og:image:width\" content=\"800\" \/>\n\t<meta property=\"og:image:height\" content=\"800\" \/>\n\t<meta property=\"og:image:type\" content=\"image\/jpeg\" \/>\n<meta name=\"twitter:card\" content=\"summary_large_image\" \/>\n<meta name=\"twitter:label1\" content=\"Dur\u00e9e de lecture estim\u00e9e\" \/>\n\t<meta name=\"twitter:data1\" content=\"1 minute\" \/>\n<script type=\"application\/ld+json\" class=\"yoast-schema-graph\">{\"@context\":\"https:\\\/\\\/schema.org\",\"@graph\":[{\"@type\":\"WebPage\",\"@id\":\"https:\\\/\\\/www.bertazzofood.com\\\/fr\\\/prodotto\\\/machine-a-cafe-la-spaziale-s1-vivaldi-rouge\\\/\",\"url\":\"https:\\\/\\\/www.bertazzofood.com\\\/fr\\\/prodotto\\\/machine-a-cafe-la-spaziale-s1-vivaldi-rouge\\\/\",\"name\":\"Machine \u00e0 caf\u00e9 La Spaziale S1 VIVALDI rouge\",\"isPartOf\":{\"@id\":\"https:\\\/\\\/www.bertazzofood.com\\\/fr\\\/#website\"},\"primaryImageOfPage\":{\"@id\":\"https:\\\/\\\/www.bertazzofood.com\\\/fr\\\/prodotto\\\/machine-a-cafe-la-spaziale-s1-vivaldi-rouge\\\/#primaryimage\"},\"image\":{\"@id\":\"https:\\\/\\\/www.bertazzofood.com\\\/fr\\\/prodotto\\\/machine-a-cafe-la-spaziale-s1-vivaldi-rouge\\\/#primaryimage\"},\"thumbnailUrl\":\"https:\\\/\\\/www.bertazzofood.com\\\/wp-content\\\/uploads\\\/2024\\\/06\\\/La_Spaziale_Vivaldi-2.jpg\",\"datePublished\":\"2020-01-23T15:08:44+00:00\",\"dateModified\":\"2024-06-23T20:16:55+00:00\",\"breadcrumb\":{\"@id\":\"https:\\\/\\\/www.bertazzofood.com\\\/fr\\\/prodotto\\\/machine-a-cafe-la-spaziale-s1-vivaldi-rouge\\\/#breadcrumb\"},\"inLanguage\":\"fr-FR\",\"potentialAction\":[{\"@type\":\"ReadAction\",\"target\":[\"https:\\\/\\\/www.bertazzofood.com\\\/fr\\\/prodotto\\\/machine-a-cafe-la-spaziale-s1-vivaldi-rouge\\\/\"]}]},{\"@type\":\"ImageObject\",\"inLanguage\":\"fr-FR\",\"@id\":\"https:\\\/\\\/www.bertazzofood.com\\\/fr\\\/prodotto\\\/machine-a-cafe-la-spaziale-s1-vivaldi-rouge\\\/#primaryimage\",\"url\":\"https:\\\/\\\/www.bertazzofood.com\\\/wp-content\\\/uploads\\\/2024\\\/06\\\/La_Spaziale_Vivaldi-2.jpg\",\"contentUrl\":\"https:\\\/\\\/www.bertazzofood.com\\\/wp-content\\\/uploads\\\/2024\\\/06\\\/La_Spaziale_Vivaldi-2.jpg\",\"width\":800,\"height\":800},{\"@type\":\"BreadcrumbList\",\"@id\":\"https:\\\/\\\/www.bertazzofood.com\\\/fr\\\/prodotto\\\/machine-a-cafe-la-spaziale-s1-vivaldi-rouge\\\/#breadcrumb\",\"itemListElement\":[{\"@type\":\"ListItem\",\"position\":1,\"name\":\"Home\",\"item\":\"https:\\\/\\\/www.bertazzofood.com\\\/fr\\\/homepage\\\/\"},{\"@type\":\"ListItem\",\"position\":2,\"name\":\"Produits\",\"item\":\"https:\\\/\\\/www.bertazzofood.com\\\/fr\\\/shop\\\/\"},{\"@type\":\"ListItem\",\"position\":3,\"name\":\"Machine \u00e0 caf\u00e9 La Spaziale S1 VIVALDI rouge\"}]},{\"@type\":\"WebSite\",\"@id\":\"https:\\\/\\\/www.bertazzofood.com\\\/fr\\\/#website\",\"url\":\"https:\\\/\\\/www.bertazzofood.com\\\/fr\\\/\",\"name\":\"Bertazzo Food\",\"description\":\"Prodotti Alimentari Italiani Online e Macchine Da Caff\u00e8\",\"publisher\":{\"@id\":\"https:\\\/\\\/www.bertazzofood.com\\\/fr\\\/#organization\"},\"potentialAction\":[{\"@type\":\"SearchAction\",\"target\":{\"@type\":\"EntryPoint\",\"urlTemplate\":\"https:\\\/\\\/www.bertazzofood.com\\\/fr\\\/?s={search_term_string}\"},\"query-input\":{\"@type\":\"PropertyValueSpecification\",\"valueRequired\":true,\"valueName\":\"search_term_string\"}}],\"inLanguage\":\"fr-FR\"},{\"@type\":\"Organization\",\"@id\":\"https:\\\/\\\/www.bertazzofood.com\\\/fr\\\/#organization\",\"name\":\"Bertazzo Italian Quality Food S.a.s. di Bertazzo Fabio & C.\",\"alternateName\":\"Bertazzo Food\",\"url\":\"https:\\\/\\\/www.bertazzofood.com\\\/fr\\\/\",\"logo\":{\"@type\":\"ImageObject\",\"inLanguage\":\"fr-FR\",\"@id\":\"https:\\\/\\\/www.bertazzofood.com\\\/fr\\\/#\\\/schema\\\/logo\\\/image\\\/\",\"url\":\"https:\\\/\\\/www.bertazzofood.com\\\/wp-content\\\/uploads\\\/2024\\\/06\\\/logo-bertazzo.webp\",\"contentUrl\":\"https:\\\/\\\/www.bertazzofood.com\\\/wp-content\\\/uploads\\\/2024\\\/06\\\/logo-bertazzo.webp\",\"width\":410,\"height\":166,\"caption\":\"Bertazzo Italian Quality Food S.a.s. di Bertazzo Fabio & C.\"},\"image\":{\"@id\":\"https:\\\/\\\/www.bertazzofood.com\\\/fr\\\/#\\\/schema\\\/logo\\\/image\\\/\"},\"sameAs\":[\"https:\\\/\\\/www.facebook.com\\\/BertazzoItalianQualityFood\",\"https:\\\/\\\/www.instagram.com\\\/bertazzo_italian_quality_food\\\/\"]}]}<\/script>\n<!-- \/ Yoast SEO plugin. -->","yoast_head_json":{"title":"Machine \u00e0 caf\u00e9 La Spaziale S1 VIVALDI rouge","robots":{"index":"index","follow":"follow","max-snippet":"max-snippet:-1","max-image-preview":"max-image-preview:large","max-video-preview":"max-video-preview:-1"},"canonical":"https:\/\/www.bertazzofood.com\/fr\/prodotto\/machine-a-cafe-la-spaziale-s1-vivaldi-rouge\/","og_locale":"fr_FR","og_type":"article","og_title":"Machine \u00e0 caf\u00e9 La Spaziale S1 VIVALDI rouge","og_description":"Machine \u00e0 caf\u00e9 \u00e9lectronique \u00e0 dosage programmable. Fiche technique: \u2022 Dosage programmable \u2022 Chauffage \u00e9lectrique \u2022 Thermor\u00e9gulation \u00e9lectronique de la temp\u00e9rature du groupe de d\u00e9bit \u2022 Thermor\u00e9gulation \u00e9lectronique de la temp\u00e9rature du boiler pour la production d\u2019eau chaude et vapeur \u2022 Thermostat de s\u00e9curit\u00e9 incorpor\u00e9 \u2022 Auto-niveau \u00e9lectronique \u2022 Temp\u00e9rature indiqu\u00e9e par Bargraph \u2022 D\u00e9bit [&hellip;]","og_url":"https:\/\/www.bertazzofood.com\/fr\/prodotto\/machine-a-cafe-la-spaziale-s1-vivaldi-rouge\/","og_site_name":"Bertazzo Food","article_publisher":"https:\/\/www.facebook.com\/BertazzoItalianQualityFood","article_modified_time":"2024-06-23T20:16:55+00:00","og_image":[{"width":800,"height":800,"url":"https:\/\/www.bertazzofood.com\/wp-content\/uploads\/2024\/06\/La_Spaziale_Vivaldi-2.jpg","type":"image\/jpeg"}],"twitter_card":"summary_large_image","twitter_misc":{"Dur\u00e9e de lecture estim\u00e9e":"1 minute"},"schema":{"@context":"https:\/\/schema.org","@graph":[{"@type":"WebPage","@id":"https:\/\/www.bertazzofood.com\/fr\/prodotto\/machine-a-cafe-la-spaziale-s1-vivaldi-rouge\/","url":"https:\/\/www.bertazzofood.com\/fr\/prodotto\/machine-a-cafe-la-spaziale-s1-vivaldi-rouge\/","name":"Machine \u00e0 caf\u00e9 La Spaziale S1 VIVALDI rouge","isPartOf":{"@id":"https:\/\/www.bertazzofood.com\/fr\/#website"},"primaryImageOfPage":{"@id":"https:\/\/www.bertazzofood.com\/fr\/prodotto\/machine-a-cafe-la-spaziale-s1-vivaldi-rouge\/#primaryimage"},"image":{"@id":"https:\/\/www.bertazzofood.com\/fr\/prodotto\/machine-a-cafe-la-spaziale-s1-vivaldi-rouge\/#primaryimage"},"thumbnailUrl":"https:\/\/www.bertazzofood.com\/wp-content\/uploads\/2024\/06\/La_Spaziale_Vivaldi-2.jpg","datePublished":"2020-01-23T15:08:44+00:00","dateModified":"2024-06-23T20:16:55+00:00","breadcrumb":{"@id":"https:\/\/www.bertazzofood.com\/fr\/prodotto\/machine-a-cafe-la-spaziale-s1-vivaldi-rouge\/#breadcrumb"},"inLanguage":"fr-FR","potentialAction":[{"@type":"ReadAction","target":["https:\/\/www.bertazzofood.com\/fr\/prodotto\/machine-a-cafe-la-spaziale-s1-vivaldi-rouge\/"]}]},{"@type":"ImageObject","inLanguage":"fr-FR","@id":"https:\/\/www.bertazzofood.com\/fr\/prodotto\/machine-a-cafe-la-spaziale-s1-vivaldi-rouge\/#primaryimage","url":"https:\/\/www.bertazzofood.com\/wp-content\/uploads\/2024\/06\/La_Spaziale_Vivaldi-2.jpg","contentUrl":"https:\/\/www.bertazzofood.com\/wp-content\/uploads\/2024\/06\/La_Spaziale_Vivaldi-2.jpg","width":800,"height":800},{"@type":"BreadcrumbList","@id":"https:\/\/www.bertazzofood.com\/fr\/prodotto\/machine-a-cafe-la-spaziale-s1-vivaldi-rouge\/#breadcrumb","itemListElement":[{"@type":"ListItem","position":1,"name":"Home","item":"https:\/\/www.bertazzofood.com\/fr\/homepage\/"},{"@type":"ListItem","position":2,"name":"Produits","item":"https:\/\/www.bertazzofood.com\/fr\/shop\/"},{"@type":"ListItem","position":3,"name":"Machine \u00e0 caf\u00e9 La Spaziale S1 VIVALDI rouge"}]},{"@type":"WebSite","@id":"https:\/\/www.bertazzofood.com\/fr\/#website","url":"https:\/\/www.bertazzofood.com\/fr\/","name":"Bertazzo Food","description":"Prodotti Alimentari Italiani Online e Macchine Da Caff\u00e8","publisher":{"@id":"https:\/\/www.bertazzofood.com\/fr\/#organization"},"potentialAction":[{"@type":"SearchAction","target":{"@type":"EntryPoint","urlTemplate":"https:\/\/www.bertazzofood.com\/fr\/?s={search_term_string}"},"query-input":{"@type":"PropertyValueSpecification","valueRequired":true,"valueName":"search_term_string"}}],"inLanguage":"fr-FR"},{"@type":"Organization","@id":"https:\/\/www.bertazzofood.com\/fr\/#organization","name":"Bertazzo Italian Quality Food S.a.s. di Bertazzo Fabio & C.","alternateName":"Bertazzo Food","url":"https:\/\/www.bertazzofood.com\/fr\/","logo":{"@type":"ImageObject","inLanguage":"fr-FR","@id":"https:\/\/www.bertazzofood.com\/fr\/#\/schema\/logo\/image\/","url":"https:\/\/www.bertazzofood.com\/wp-content\/uploads\/2024\/06\/logo-bertazzo.webp","contentUrl":"https:\/\/www.bertazzofood.com\/wp-content\/uploads\/2024\/06\/logo-bertazzo.webp","width":410,"height":166,"caption":"Bertazzo Italian Quality Food S.a.s. di Bertazzo Fabio & C."},"image":{"@id":"https:\/\/www.bertazzofood.com\/fr\/#\/schema\/logo\/image\/"},"sameAs":["https:\/\/www.facebook.com\/BertazzoItalianQualityFood","https:\/\/www.instagram.com\/bertazzo_italian_quality_food\/"]}]}},"_links":{"self":[{"href":"https:\/\/www.bertazzofood.com\/fr\/wp-json\/wp\/v2\/product\/10390","targetHints":{"allow":["GET"]}}],"collection":[{"href":"https:\/\/www.bertazzofood.com\/fr\/wp-json\/wp\/v2\/product"}],"about":[{"href":"https:\/\/www.bertazzofood.com\/fr\/wp-json\/wp\/v2\/types\/product"}],"replies":[{"embeddable":true,"href":"https:\/\/www.bertazzofood.com\/fr\/wp-json\/wp\/v2\/comments?post=10390"}],"version-history":[{"count":0,"href":"https:\/\/www.bertazzofood.com\/fr\/wp-json\/wp\/v2\/product\/10390\/revisions"}],"wp:featuredmedia":[{"embeddable":true,"href":"https:\/\/www.bertazzofood.com\/fr\/wp-json\/wp\/v2\/media\/1424"}],"wp:attachment":[{"href":"https:\/\/www.bertazzofood.com\/fr\/wp-json\/wp\/v2\/media?parent=10390"}],"wp:term":[{"taxonomy":"product_brand","embeddable":true,"href":"https:\/\/www.bertazzofood.com\/fr\/wp-json\/wp\/v2\/product_brand?post=10390"},{"taxonomy":"product_cat","embeddable":true,"href":"https:\/\/www.bertazzofood.com\/fr\/wp-json\/wp\/v2\/product_cat?post=10390"},{"taxonomy":"product_tag","embeddable":true,"href":"https:\/\/www.bertazzofood.com\/fr\/wp-json\/wp\/v2\/product_tag?post=10390"},{"taxonomy":"brands","embeddable":true,"href":"https:\/\/www.bertazzofood.com\/fr\/wp-json\/wp\/v2\/brands?post=10390"},{"taxonomy":"flag_home","embeddable":true,"href":"https:\/\/www.bertazzofood.com\/fr\/wp-json\/wp\/v2\/flag_home?post=10390"}],"curies":[{"name":"wp","href":"https:\/\/api.w.org\/{rel}","templated":true}]}}