{"id":10387,"date":"2020-01-23T16:08:34","date_gmt":"2020-01-23T15:08:34","guid":{"rendered":"https:\/\/thegarden.it\/staging8\/prodotto\/machine-a-cafe-la-spaziale-s1-mini-vivaldi-noir\/"},"modified":"2024-06-23T22:16:55","modified_gmt":"2024-06-23T20:16:55","slug":"machine-a-cafe-la-spaziale-s1-mini-vivaldi-noir","status":"publish","type":"product","link":"https:\/\/www.bertazzofood.com\/fr\/prodotto\/machine-a-cafe-la-spaziale-s1-mini-vivaldi-noir\/","title":{"rendered":"Machine \u00e0 caf\u00e9 La Spaziale S1 MINI VIVALDI noir"},"content":{"rendered":"<p>Machine \u00e0 caf\u00e9 \u00e9lectronique \u00e0 dosage programmable. Fiche technique:<\/p>\n<p class=\" text-LEFT\">\u2022 Dosage programmable<\/p>\n<p class=\" text-LEFT\">\u2022 Chauffage \u00e9lectrique<\/p>\n<p class=\" text-LEFT\">\u2022 Thermor\u00e9gulation \u00e9lectronique de la temp\u00e9rature du groupe de d\u00e9bit<\/p>\n<p class=\" text-LEFT\">\u2022 Thermor\u00e9gulation \u00e9lectronique de la temp\u00e9rature du boiler pour la production d\u2019eau chaude et vapeur<\/p>\n<p class=\" text-LEFT\">\u2022 Thermostats de s\u00e9curit\u00e9 incorpor\u00e9s<\/p>\n<p class=\" text-LEFT\">\u2022 Voyant manque d\u2019eau dans le r\u00e9servoir<\/p>\n<p class=\" text-LEFT\">\u2022 Temp\u00e9rature indiqu\u00e9e par Bargraph<\/p>\n<p class=\" text-LEFT\">\u2022 R\u00e9gulation de la temp\u00e9rature de l\u2019eau pour le caf\u00e9 avec des step d\u20191\u00b0C<\/p>\n<p class=\" text-LEFT\">\u2022 D\u00e9bit semi-automatique eau chaude pour infusions<\/p>\n<p class=\" text-LEFT\">\u2022 Pompe \u00e0 vibration incorpor\u00e9e<\/p>\n<p class=\" text-LEFT\">\u2022 Chaudi\u00e8re 0,45 litres pour le d\u00e9bit de caf\u00e9<\/p>\n<p class=\" text-LEFT\">\u2022 Chaudi\u00e8re 1,2 litres pour la production d\u2019eau chaude et vapeur<\/p>\n<p class=\" text-LEFT\">\u2022 <strong>Avec r\u00e9servoir 3 litres<\/strong><\/p>\n<p class=\" text-LEFT\">\u2022 1 lance eau chaude et 1 lance vapeur<\/p>\n<p class=\" text-LEFT\">\u2022 Alimentation de la machine: 230\/110V &#8211; 50\/60Hz<\/p>\n<p class=\" text-LEFT\">\u2022 Absorption: 1200W r\u00e9sistance chaudi\u00e8re \/ 800W r\u00e9sistance groupe<\/p>\n<p class=\" text-LEFT\">\u2022 Gestion alarmes anomalies de fonctionnement<\/p>\n<p class=\" text-LEFT\">\u2022 Fonctionnement avec modalit\u00e9 \u201c\u00e9conomie\u201d (absorption maximale 1200W)<\/p>\n<p><strong>24 mois de garantie.<\/strong><\/p>\n<p><strong>Livraison gratuite.\u00a0<\/strong><\/p>\n","protected":false},"excerpt":{"rendered":"<p>Machine \u00e0 caf\u00e9 \u00e9lectronique \u00e0 dosage programmable. Fiche technique: \u2022 Dosage programmable \u2022 Chauffage \u00e9lectrique \u2022 Thermor\u00e9gulation \u00e9lectronique de la temp\u00e9rature du groupe de d\u00e9bit \u2022 Thermor\u00e9gulation \u00e9lectronique de la temp\u00e9rature du boiler pour la production d\u2019eau chaude et vapeur \u2022 Thermostats de s\u00e9curit\u00e9 incorpor\u00e9s \u2022 Voyant manque d\u2019eau dans le r\u00e9servoir \u2022 Temp\u00e9rature indiqu\u00e9e [&hellip;]<\/p>\n","protected":false},"featured_media":0,"comment_status":"open","ping_status":"closed","template":"","meta":{"_acf_changed":false,"iawp_total_views":1},"product_brand":[],"product_cat":[1219,1233],"product_tag":[],"brands":[1628],"flag_home":[],"class_list":{"0":"post-10387","1":"product","2":"type-product","3":"status-publish","5":"product_cat-equipements-cafe","6":"product_cat-machines-a-cafe-espresso","7":"pa_garanzia-24-mois","8":"brands-la-spaziale","10":"first","11":"outofstock","12":"taxable","13":"shipping-taxable","14":"purchasable","15":"product-type-simple"},"acf":[],"yoast_head":"<!-- This site is optimized with the Yoast SEO plugin v27.5 - https:\/\/yoast.com\/product\/yoast-seo-wordpress\/ -->\n<title>Machine \u00e0 caf\u00e9 La Spaziale S1 MINI VIVALDI noir<\/title>\n<meta name=\"robots\" content=\"index, follow, max-snippet:-1, max-image-preview:large, max-video-preview:-1\" \/>\n<link rel=\"canonical\" href=\"https:\/\/www.bertazzofood.com\/fr\/prodotto\/machine-a-cafe-la-spaziale-s1-mini-vivaldi-noir\/\" \/>\n<meta property=\"og:locale\" content=\"fr_FR\" \/>\n<meta property=\"og:type\" content=\"article\" \/>\n<meta property=\"og:title\" content=\"Machine \u00e0 caf\u00e9 La Spaziale S1 MINI VIVALDI noir\" \/>\n<meta property=\"og:description\" content=\"Machine \u00e0 caf\u00e9 \u00e9lectronique \u00e0 dosage programmable. Fiche technique: \u2022 Dosage programmable \u2022 Chauffage \u00e9lectrique \u2022 Thermor\u00e9gulation \u00e9lectronique de la temp\u00e9rature du groupe de d\u00e9bit \u2022 Thermor\u00e9gulation \u00e9lectronique de la temp\u00e9rature du boiler pour la production d\u2019eau chaude et vapeur \u2022 Thermostats de s\u00e9curit\u00e9 incorpor\u00e9s \u2022 Voyant manque d\u2019eau dans le r\u00e9servoir \u2022 Temp\u00e9rature indiqu\u00e9e [&hellip;]\" \/>\n<meta property=\"og:url\" content=\"https:\/\/www.bertazzofood.com\/fr\/prodotto\/machine-a-cafe-la-spaziale-s1-mini-vivaldi-noir\/\" \/>\n<meta property=\"og:site_name\" content=\"Bertazzo Food\" \/>\n<meta property=\"article:publisher\" content=\"https:\/\/www.facebook.com\/BertazzoItalianQualityFood\" \/>\n<meta property=\"article:modified_time\" content=\"2024-06-23T20:16:55+00:00\" \/>\n<meta property=\"og:image\" content=\"https:\/\/www.bertazzofood.com\/wp-content\/uploads\/2024\/06\/banner-categoria-default-desktop.webp\" \/>\n\t<meta property=\"og:image:width\" content=\"1920\" \/>\n\t<meta property=\"og:image:height\" content=\"650\" \/>\n\t<meta property=\"og:image:type\" content=\"image\/webp\" \/>\n<meta name=\"twitter:card\" content=\"summary_large_image\" \/>\n<meta name=\"twitter:label1\" content=\"Dur\u00e9e de lecture estim\u00e9e\" \/>\n\t<meta name=\"twitter:data1\" content=\"1 minute\" \/>\n<script type=\"application\/ld+json\" class=\"yoast-schema-graph\">{\"@context\":\"https:\\\/\\\/schema.org\",\"@graph\":[{\"@type\":\"WebPage\",\"@id\":\"https:\\\/\\\/www.bertazzofood.com\\\/fr\\\/prodotto\\\/machine-a-cafe-la-spaziale-s1-mini-vivaldi-noir\\\/\",\"url\":\"https:\\\/\\\/www.bertazzofood.com\\\/fr\\\/prodotto\\\/machine-a-cafe-la-spaziale-s1-mini-vivaldi-noir\\\/\",\"name\":\"Machine \u00e0 caf\u00e9 La Spaziale S1 MINI VIVALDI noir\",\"isPartOf\":{\"@id\":\"https:\\\/\\\/www.bertazzofood.com\\\/fr\\\/#website\"},\"datePublished\":\"2020-01-23T15:08:34+00:00\",\"dateModified\":\"2024-06-23T20:16:55+00:00\",\"breadcrumb\":{\"@id\":\"https:\\\/\\\/www.bertazzofood.com\\\/fr\\\/prodotto\\\/machine-a-cafe-la-spaziale-s1-mini-vivaldi-noir\\\/#breadcrumb\"},\"inLanguage\":\"fr-FR\",\"potentialAction\":[{\"@type\":\"ReadAction\",\"target\":[\"https:\\\/\\\/www.bertazzofood.com\\\/fr\\\/prodotto\\\/machine-a-cafe-la-spaziale-s1-mini-vivaldi-noir\\\/\"]}]},{\"@type\":\"BreadcrumbList\",\"@id\":\"https:\\\/\\\/www.bertazzofood.com\\\/fr\\\/prodotto\\\/machine-a-cafe-la-spaziale-s1-mini-vivaldi-noir\\\/#breadcrumb\",\"itemListElement\":[{\"@type\":\"ListItem\",\"position\":1,\"name\":\"Home\",\"item\":\"https:\\\/\\\/www.bertazzofood.com\\\/fr\\\/homepage\\\/\"},{\"@type\":\"ListItem\",\"position\":2,\"name\":\"Produits\",\"item\":\"https:\\\/\\\/www.bertazzofood.com\\\/fr\\\/shop\\\/\"},{\"@type\":\"ListItem\",\"position\":3,\"name\":\"Machine \u00e0 caf\u00e9 La Spaziale S1 MINI VIVALDI noir\"}]},{\"@type\":\"WebSite\",\"@id\":\"https:\\\/\\\/www.bertazzofood.com\\\/fr\\\/#website\",\"url\":\"https:\\\/\\\/www.bertazzofood.com\\\/fr\\\/\",\"name\":\"Bertazzo Food\",\"description\":\"Prodotti Alimentari Italiani Online e Macchine Da Caff\u00e8\",\"publisher\":{\"@id\":\"https:\\\/\\\/www.bertazzofood.com\\\/fr\\\/#organization\"},\"potentialAction\":[{\"@type\":\"SearchAction\",\"target\":{\"@type\":\"EntryPoint\",\"urlTemplate\":\"https:\\\/\\\/www.bertazzofood.com\\\/fr\\\/?s={search_term_string}\"},\"query-input\":{\"@type\":\"PropertyValueSpecification\",\"valueRequired\":true,\"valueName\":\"search_term_string\"}}],\"inLanguage\":\"fr-FR\"},{\"@type\":\"Organization\",\"@id\":\"https:\\\/\\\/www.bertazzofood.com\\\/fr\\\/#organization\",\"name\":\"Bertazzo Italian Quality Food S.a.s. di Bertazzo Fabio & C.\",\"alternateName\":\"Bertazzo Food\",\"url\":\"https:\\\/\\\/www.bertazzofood.com\\\/fr\\\/\",\"logo\":{\"@type\":\"ImageObject\",\"inLanguage\":\"fr-FR\",\"@id\":\"https:\\\/\\\/www.bertazzofood.com\\\/fr\\\/#\\\/schema\\\/logo\\\/image\\\/\",\"url\":\"https:\\\/\\\/www.bertazzofood.com\\\/wp-content\\\/uploads\\\/2024\\\/06\\\/logo-bertazzo.webp\",\"contentUrl\":\"https:\\\/\\\/www.bertazzofood.com\\\/wp-content\\\/uploads\\\/2024\\\/06\\\/logo-bertazzo.webp\",\"width\":410,\"height\":166,\"caption\":\"Bertazzo Italian Quality Food S.a.s. di Bertazzo Fabio & C.\"},\"image\":{\"@id\":\"https:\\\/\\\/www.bertazzofood.com\\\/fr\\\/#\\\/schema\\\/logo\\\/image\\\/\"},\"sameAs\":[\"https:\\\/\\\/www.facebook.com\\\/BertazzoItalianQualityFood\",\"https:\\\/\\\/www.instagram.com\\\/bertazzo_italian_quality_food\\\/\"]}]}<\/script>\n<!-- \/ Yoast SEO plugin. -->","yoast_head_json":{"title":"Machine \u00e0 caf\u00e9 La Spaziale S1 MINI VIVALDI noir","robots":{"index":"index","follow":"follow","max-snippet":"max-snippet:-1","max-image-preview":"max-image-preview:large","max-video-preview":"max-video-preview:-1"},"canonical":"https:\/\/www.bertazzofood.com\/fr\/prodotto\/machine-a-cafe-la-spaziale-s1-mini-vivaldi-noir\/","og_locale":"fr_FR","og_type":"article","og_title":"Machine \u00e0 caf\u00e9 La Spaziale S1 MINI VIVALDI noir","og_description":"Machine \u00e0 caf\u00e9 \u00e9lectronique \u00e0 dosage programmable. Fiche technique: \u2022 Dosage programmable \u2022 Chauffage \u00e9lectrique \u2022 Thermor\u00e9gulation \u00e9lectronique de la temp\u00e9rature du groupe de d\u00e9bit \u2022 Thermor\u00e9gulation \u00e9lectronique de la temp\u00e9rature du boiler pour la production d\u2019eau chaude et vapeur \u2022 Thermostats de s\u00e9curit\u00e9 incorpor\u00e9s \u2022 Voyant manque d\u2019eau dans le r\u00e9servoir \u2022 Temp\u00e9rature indiqu\u00e9e [&hellip;]","og_url":"https:\/\/www.bertazzofood.com\/fr\/prodotto\/machine-a-cafe-la-spaziale-s1-mini-vivaldi-noir\/","og_site_name":"Bertazzo Food","article_publisher":"https:\/\/www.facebook.com\/BertazzoItalianQualityFood","article_modified_time":"2024-06-23T20:16:55+00:00","og_image":[{"width":1920,"height":650,"url":"https:\/\/www.bertazzofood.com\/wp-content\/uploads\/2024\/06\/banner-categoria-default-desktop.webp","type":"image\/webp"}],"twitter_card":"summary_large_image","twitter_misc":{"Dur\u00e9e de lecture estim\u00e9e":"1 minute"},"schema":{"@context":"https:\/\/schema.org","@graph":[{"@type":"WebPage","@id":"https:\/\/www.bertazzofood.com\/fr\/prodotto\/machine-a-cafe-la-spaziale-s1-mini-vivaldi-noir\/","url":"https:\/\/www.bertazzofood.com\/fr\/prodotto\/machine-a-cafe-la-spaziale-s1-mini-vivaldi-noir\/","name":"Machine \u00e0 caf\u00e9 La Spaziale S1 MINI VIVALDI noir","isPartOf":{"@id":"https:\/\/www.bertazzofood.com\/fr\/#website"},"datePublished":"2020-01-23T15:08:34+00:00","dateModified":"2024-06-23T20:16:55+00:00","breadcrumb":{"@id":"https:\/\/www.bertazzofood.com\/fr\/prodotto\/machine-a-cafe-la-spaziale-s1-mini-vivaldi-noir\/#breadcrumb"},"inLanguage":"fr-FR","potentialAction":[{"@type":"ReadAction","target":["https:\/\/www.bertazzofood.com\/fr\/prodotto\/machine-a-cafe-la-spaziale-s1-mini-vivaldi-noir\/"]}]},{"@type":"BreadcrumbList","@id":"https:\/\/www.bertazzofood.com\/fr\/prodotto\/machine-a-cafe-la-spaziale-s1-mini-vivaldi-noir\/#breadcrumb","itemListElement":[{"@type":"ListItem","position":1,"name":"Home","item":"https:\/\/www.bertazzofood.com\/fr\/homepage\/"},{"@type":"ListItem","position":2,"name":"Produits","item":"https:\/\/www.bertazzofood.com\/fr\/shop\/"},{"@type":"ListItem","position":3,"name":"Machine \u00e0 caf\u00e9 La Spaziale S1 MINI VIVALDI noir"}]},{"@type":"WebSite","@id":"https:\/\/www.bertazzofood.com\/fr\/#website","url":"https:\/\/www.bertazzofood.com\/fr\/","name":"Bertazzo Food","description":"Prodotti Alimentari Italiani Online e Macchine Da Caff\u00e8","publisher":{"@id":"https:\/\/www.bertazzofood.com\/fr\/#organization"},"potentialAction":[{"@type":"SearchAction","target":{"@type":"EntryPoint","urlTemplate":"https:\/\/www.bertazzofood.com\/fr\/?s={search_term_string}"},"query-input":{"@type":"PropertyValueSpecification","valueRequired":true,"valueName":"search_term_string"}}],"inLanguage":"fr-FR"},{"@type":"Organization","@id":"https:\/\/www.bertazzofood.com\/fr\/#organization","name":"Bertazzo Italian Quality Food S.a.s. di Bertazzo Fabio & C.","alternateName":"Bertazzo Food","url":"https:\/\/www.bertazzofood.com\/fr\/","logo":{"@type":"ImageObject","inLanguage":"fr-FR","@id":"https:\/\/www.bertazzofood.com\/fr\/#\/schema\/logo\/image\/","url":"https:\/\/www.bertazzofood.com\/wp-content\/uploads\/2024\/06\/logo-bertazzo.webp","contentUrl":"https:\/\/www.bertazzofood.com\/wp-content\/uploads\/2024\/06\/logo-bertazzo.webp","width":410,"height":166,"caption":"Bertazzo Italian Quality Food S.a.s. di Bertazzo Fabio & C."},"image":{"@id":"https:\/\/www.bertazzofood.com\/fr\/#\/schema\/logo\/image\/"},"sameAs":["https:\/\/www.facebook.com\/BertazzoItalianQualityFood","https:\/\/www.instagram.com\/bertazzo_italian_quality_food\/"]}]}},"_links":{"self":[{"href":"https:\/\/www.bertazzofood.com\/fr\/wp-json\/wp\/v2\/product\/10387","targetHints":{"allow":["GET"]}}],"collection":[{"href":"https:\/\/www.bertazzofood.com\/fr\/wp-json\/wp\/v2\/product"}],"about":[{"href":"https:\/\/www.bertazzofood.com\/fr\/wp-json\/wp\/v2\/types\/product"}],"replies":[{"embeddable":true,"href":"https:\/\/www.bertazzofood.com\/fr\/wp-json\/wp\/v2\/comments?post=10387"}],"version-history":[{"count":0,"href":"https:\/\/www.bertazzofood.com\/fr\/wp-json\/wp\/v2\/product\/10387\/revisions"}],"wp:attachment":[{"href":"https:\/\/www.bertazzofood.com\/fr\/wp-json\/wp\/v2\/media?parent=10387"}],"wp:term":[{"taxonomy":"product_brand","embeddable":true,"href":"https:\/\/www.bertazzofood.com\/fr\/wp-json\/wp\/v2\/product_brand?post=10387"},{"taxonomy":"product_cat","embeddable":true,"href":"https:\/\/www.bertazzofood.com\/fr\/wp-json\/wp\/v2\/product_cat?post=10387"},{"taxonomy":"product_tag","embeddable":true,"href":"https:\/\/www.bertazzofood.com\/fr\/wp-json\/wp\/v2\/product_tag?post=10387"},{"taxonomy":"brands","embeddable":true,"href":"https:\/\/www.bertazzofood.com\/fr\/wp-json\/wp\/v2\/brands?post=10387"},{"taxonomy":"flag_home","embeddable":true,"href":"https:\/\/www.bertazzofood.com\/fr\/wp-json\/wp\/v2\/flag_home?post=10387"}],"curies":[{"name":"wp","href":"https:\/\/api.w.org\/{rel}","templated":true}]}}