{"id":10383,"date":"2020-04-08T08:05:09","date_gmt":"2020-04-08T06:05:09","guid":{"rendered":"https:\/\/thegarden.it\/staging8\/prodotto\/jura-impressa-a5\/"},"modified":"2024-06-23T22:16:54","modified_gmt":"2024-06-23T20:16:54","slug":"jura-impressa-a5","status":"publish","type":"product","link":"https:\/\/www.bertazzofood.com\/fr\/prodotto\/jura-impressa-a5\/","title":{"rendered":"Jura IMPRESSA A5"},"content":{"rendered":"<p>IMPRESSA A5: ses lignes claires et bien dessin\u00e9es \u2013 une d\u00e9claration. Ses dimensions compactes et minces \u2013 la nouvelle mesure. Son utilisation simple et intuitive \u2013 la nouvelle simplicit\u00e9. Son caf\u00e9 unique et ample en bouche \u2013 le plaisir ultime. Bienvenue au monde de la nouvelle ligne IMPRESSA A. Si vous le d\u00e9sirez, cette machine automatique exceptionnelle pr\u00e9pare simultan\u00e9ment deux espressi ou deux caf\u00e9s. Gr\u00e2ce \u00e0 la technologie mousse fine, cappuccino et latte macchiato seront \u00e9galement toujours couronn\u00e9s \u00e0 la perfection d\u2019une mousse fine \u00e0 la consistance fine et onctueuse par simple pression d\u2019une touche. Fiche technique:<\/p>\n<p>\u2022 Modes de pr\u00e9paration: 1 latte macchiato &#8211; 1 cappuccino &#8211; 1 caf\u00e9 &#8211; 1 espresso\u00a0&#8211; 2 caf\u00e9 &#8211; 2 espresso<\/p>\n<p>\u2022 Fonction eau chaude<\/p>\n<p>\u2022 Seconde sorte de caf\u00e9 moulu<\/p>\n<p>\u2022 Type de broyeur Aroma+<\/p>\n<p>\u2022 Pompe \u00e0 haut rendement, 15 bar<\/p>\n<p>\u2022 Technologie mousse fine de JURA<\/p>\n<p>\u2022 Visuel Texte<\/p>\n<p>\u2022 Mode d\u2019\u00e9conomie d\u2019\u00e9nergie (Energy Save Mode, E.S.M.\u00a9)<\/p>\n<p>\u2022 Cartouche filtrante CLARIS<\/p>\n<p>\u2022 Programme int\u00e9gr\u00e9 de rin\u00e7age, nettoyage et d\u00e9tartrage<\/p>\n<p>\u2022 Programme int\u00e9gr\u00e9 de rin\u00e7age et de nettoyage Cappuccino<\/p>\n<p>\u2022 Rin\u00e7age automatique du syst\u00e8me de lait<\/p>\n<p>\u2022 Duret\u00e9 de l\u2019eau r\u00e9glable<\/p>\n<p>\u2022 Ecoulement combin\u00e9 r\u00e9glable en hauteur (Cappuccino\/Caf\u00e9) 55 &#8211; 138 mm<\/p>\n<p>\u2022 Ecoulement d\u2019eau chaude<\/p>\n<p>\u2022 Ecoulement d\u2019eau chaude r\u00e9glable en hauteur 55 &#8211; 138 mm<\/p>\n<p>\u2022 Buse Cappuccino mousse fine<\/p>\n<p>\u2022 R\u00e9cipient \u00e0 grains avec couvercle protecteur d\u2019ar\u00f4me<\/p>\n<p>\u2022 Capacit\u00e9 par r\u00e9cipient \u00e0 grains 125 g<\/p>\n<p><strong>24 mois de garantie<\/strong>.<\/p>\n<p><strong>Livraison gratuite<\/strong>.<\/p>\n","protected":false},"excerpt":{"rendered":"<p>IMPRESSA A5: ses lignes claires et bien dessin\u00e9es \u2013 une d\u00e9claration. Ses dimensions compactes et minces \u2013 la nouvelle mesure. Son utilisation simple et intuitive \u2013 la nouvelle simplicit\u00e9. Son caf\u00e9 unique et ample en bouche \u2013 le plaisir ultime. Bienvenue au monde de la nouvelle ligne IMPRESSA A. Si vous le d\u00e9sirez, cette machine [&hellip;]<\/p>\n","protected":false},"featured_media":1465,"comment_status":"open","ping_status":"closed","template":"","meta":{"_acf_changed":false,"iawp_total_views":86},"product_brand":[],"product_cat":[1219,1233],"product_tag":[],"brands":[],"flag_home":[],"class_list":{"0":"post-10383","1":"product","2":"type-product","3":"status-publish","4":"has-post-thumbnail","6":"product_cat-equipements-cafe","7":"product_cat-machines-a-cafe-espresso","8":"pa_garanzia-24-mois","10":"first","11":"outofstock","12":"taxable","13":"shipping-taxable","14":"purchasable","15":"product-type-simple"},"acf":[],"yoast_head":"<!-- This site is optimized with the Yoast SEO plugin v27.5 - https:\/\/yoast.com\/product\/yoast-seo-wordpress\/ -->\n<title>Jura IMPRESSA A5<\/title>\n<meta name=\"robots\" content=\"index, follow, max-snippet:-1, max-image-preview:large, max-video-preview:-1\" \/>\n<link rel=\"canonical\" href=\"https:\/\/www.bertazzofood.com\/fr\/prodotto\/jura-impressa-a5\/\" \/>\n<meta property=\"og:locale\" content=\"fr_FR\" \/>\n<meta property=\"og:type\" content=\"article\" \/>\n<meta property=\"og:title\" content=\"Jura IMPRESSA A5\" \/>\n<meta property=\"og:description\" content=\"IMPRESSA A5: ses lignes claires et bien dessin\u00e9es \u2013 une d\u00e9claration. Ses dimensions compactes et minces \u2013 la nouvelle mesure. Son utilisation simple et intuitive \u2013 la nouvelle simplicit\u00e9. Son caf\u00e9 unique et ample en bouche \u2013 le plaisir ultime. Bienvenue au monde de la nouvelle ligne IMPRESSA A. Si vous le d\u00e9sirez, cette machine [&hellip;]\" \/>\n<meta property=\"og:url\" content=\"https:\/\/www.bertazzofood.com\/fr\/prodotto\/jura-impressa-a5\/\" \/>\n<meta property=\"og:site_name\" content=\"Bertazzo Food\" \/>\n<meta property=\"article:publisher\" content=\"https:\/\/www.facebook.com\/BertazzoItalianQualityFood\" \/>\n<meta property=\"article:modified_time\" content=\"2024-06-23T20:16:54+00:00\" \/>\n<meta property=\"og:image\" content=\"https:\/\/www.bertazzofood.com\/wp-content\/uploads\/2024\/06\/Jura-IMPRESSA-A5-4.jpg\" \/>\n\t<meta property=\"og:image:width\" content=\"800\" \/>\n\t<meta property=\"og:image:height\" content=\"800\" \/>\n\t<meta property=\"og:image:type\" content=\"image\/jpeg\" \/>\n<meta name=\"twitter:card\" content=\"summary_large_image\" \/>\n<meta name=\"twitter:label1\" content=\"Dur\u00e9e de lecture estim\u00e9e\" \/>\n\t<meta name=\"twitter:data1\" content=\"1 minute\" \/>\n<script type=\"application\/ld+json\" class=\"yoast-schema-graph\">{\"@context\":\"https:\\\/\\\/schema.org\",\"@graph\":[{\"@type\":\"WebPage\",\"@id\":\"https:\\\/\\\/www.bertazzofood.com\\\/fr\\\/prodotto\\\/jura-impressa-a5\\\/\",\"url\":\"https:\\\/\\\/www.bertazzofood.com\\\/fr\\\/prodotto\\\/jura-impressa-a5\\\/\",\"name\":\"Jura IMPRESSA A5\",\"isPartOf\":{\"@id\":\"https:\\\/\\\/www.bertazzofood.com\\\/fr\\\/#website\"},\"primaryImageOfPage\":{\"@id\":\"https:\\\/\\\/www.bertazzofood.com\\\/fr\\\/prodotto\\\/jura-impressa-a5\\\/#primaryimage\"},\"image\":{\"@id\":\"https:\\\/\\\/www.bertazzofood.com\\\/fr\\\/prodotto\\\/jura-impressa-a5\\\/#primaryimage\"},\"thumbnailUrl\":\"https:\\\/\\\/www.bertazzofood.com\\\/wp-content\\\/uploads\\\/2024\\\/06\\\/Jura-IMPRESSA-A5-4.jpg\",\"datePublished\":\"2020-04-08T06:05:09+00:00\",\"dateModified\":\"2024-06-23T20:16:54+00:00\",\"breadcrumb\":{\"@id\":\"https:\\\/\\\/www.bertazzofood.com\\\/fr\\\/prodotto\\\/jura-impressa-a5\\\/#breadcrumb\"},\"inLanguage\":\"fr-FR\",\"potentialAction\":[{\"@type\":\"ReadAction\",\"target\":[\"https:\\\/\\\/www.bertazzofood.com\\\/fr\\\/prodotto\\\/jura-impressa-a5\\\/\"]}]},{\"@type\":\"ImageObject\",\"inLanguage\":\"fr-FR\",\"@id\":\"https:\\\/\\\/www.bertazzofood.com\\\/fr\\\/prodotto\\\/jura-impressa-a5\\\/#primaryimage\",\"url\":\"https:\\\/\\\/www.bertazzofood.com\\\/wp-content\\\/uploads\\\/2024\\\/06\\\/Jura-IMPRESSA-A5-4.jpg\",\"contentUrl\":\"https:\\\/\\\/www.bertazzofood.com\\\/wp-content\\\/uploads\\\/2024\\\/06\\\/Jura-IMPRESSA-A5-4.jpg\",\"width\":800,\"height\":800},{\"@type\":\"BreadcrumbList\",\"@id\":\"https:\\\/\\\/www.bertazzofood.com\\\/fr\\\/prodotto\\\/jura-impressa-a5\\\/#breadcrumb\",\"itemListElement\":[{\"@type\":\"ListItem\",\"position\":1,\"name\":\"Home\",\"item\":\"https:\\\/\\\/www.bertazzofood.com\\\/fr\\\/homepage\\\/\"},{\"@type\":\"ListItem\",\"position\":2,\"name\":\"Produits\",\"item\":\"https:\\\/\\\/www.bertazzofood.com\\\/fr\\\/shop\\\/\"},{\"@type\":\"ListItem\",\"position\":3,\"name\":\"Jura IMPRESSA A5\"}]},{\"@type\":\"WebSite\",\"@id\":\"https:\\\/\\\/www.bertazzofood.com\\\/fr\\\/#website\",\"url\":\"https:\\\/\\\/www.bertazzofood.com\\\/fr\\\/\",\"name\":\"Bertazzo Food\",\"description\":\"Prodotti Alimentari Italiani Online e Macchine Da Caff\u00e8\",\"publisher\":{\"@id\":\"https:\\\/\\\/www.bertazzofood.com\\\/fr\\\/#organization\"},\"potentialAction\":[{\"@type\":\"SearchAction\",\"target\":{\"@type\":\"EntryPoint\",\"urlTemplate\":\"https:\\\/\\\/www.bertazzofood.com\\\/fr\\\/?s={search_term_string}\"},\"query-input\":{\"@type\":\"PropertyValueSpecification\",\"valueRequired\":true,\"valueName\":\"search_term_string\"}}],\"inLanguage\":\"fr-FR\"},{\"@type\":\"Organization\",\"@id\":\"https:\\\/\\\/www.bertazzofood.com\\\/fr\\\/#organization\",\"name\":\"Bertazzo Italian Quality Food S.a.s. di Bertazzo Fabio & C.\",\"alternateName\":\"Bertazzo Food\",\"url\":\"https:\\\/\\\/www.bertazzofood.com\\\/fr\\\/\",\"logo\":{\"@type\":\"ImageObject\",\"inLanguage\":\"fr-FR\",\"@id\":\"https:\\\/\\\/www.bertazzofood.com\\\/fr\\\/#\\\/schema\\\/logo\\\/image\\\/\",\"url\":\"https:\\\/\\\/www.bertazzofood.com\\\/wp-content\\\/uploads\\\/2024\\\/06\\\/logo-bertazzo.webp\",\"contentUrl\":\"https:\\\/\\\/www.bertazzofood.com\\\/wp-content\\\/uploads\\\/2024\\\/06\\\/logo-bertazzo.webp\",\"width\":410,\"height\":166,\"caption\":\"Bertazzo Italian Quality Food S.a.s. di Bertazzo Fabio & C.\"},\"image\":{\"@id\":\"https:\\\/\\\/www.bertazzofood.com\\\/fr\\\/#\\\/schema\\\/logo\\\/image\\\/\"},\"sameAs\":[\"https:\\\/\\\/www.facebook.com\\\/BertazzoItalianQualityFood\",\"https:\\\/\\\/www.instagram.com\\\/bertazzo_italian_quality_food\\\/\"]}]}<\/script>\n<!-- \/ Yoast SEO plugin. -->","yoast_head_json":{"title":"Jura IMPRESSA A5","robots":{"index":"index","follow":"follow","max-snippet":"max-snippet:-1","max-image-preview":"max-image-preview:large","max-video-preview":"max-video-preview:-1"},"canonical":"https:\/\/www.bertazzofood.com\/fr\/prodotto\/jura-impressa-a5\/","og_locale":"fr_FR","og_type":"article","og_title":"Jura IMPRESSA A5","og_description":"IMPRESSA A5: ses lignes claires et bien dessin\u00e9es \u2013 une d\u00e9claration. Ses dimensions compactes et minces \u2013 la nouvelle mesure. Son utilisation simple et intuitive \u2013 la nouvelle simplicit\u00e9. Son caf\u00e9 unique et ample en bouche \u2013 le plaisir ultime. Bienvenue au monde de la nouvelle ligne IMPRESSA A. Si vous le d\u00e9sirez, cette machine [&hellip;]","og_url":"https:\/\/www.bertazzofood.com\/fr\/prodotto\/jura-impressa-a5\/","og_site_name":"Bertazzo Food","article_publisher":"https:\/\/www.facebook.com\/BertazzoItalianQualityFood","article_modified_time":"2024-06-23T20:16:54+00:00","og_image":[{"width":800,"height":800,"url":"https:\/\/www.bertazzofood.com\/wp-content\/uploads\/2024\/06\/Jura-IMPRESSA-A5-4.jpg","type":"image\/jpeg"}],"twitter_card":"summary_large_image","twitter_misc":{"Dur\u00e9e de lecture estim\u00e9e":"1 minute"},"schema":{"@context":"https:\/\/schema.org","@graph":[{"@type":"WebPage","@id":"https:\/\/www.bertazzofood.com\/fr\/prodotto\/jura-impressa-a5\/","url":"https:\/\/www.bertazzofood.com\/fr\/prodotto\/jura-impressa-a5\/","name":"Jura IMPRESSA A5","isPartOf":{"@id":"https:\/\/www.bertazzofood.com\/fr\/#website"},"primaryImageOfPage":{"@id":"https:\/\/www.bertazzofood.com\/fr\/prodotto\/jura-impressa-a5\/#primaryimage"},"image":{"@id":"https:\/\/www.bertazzofood.com\/fr\/prodotto\/jura-impressa-a5\/#primaryimage"},"thumbnailUrl":"https:\/\/www.bertazzofood.com\/wp-content\/uploads\/2024\/06\/Jura-IMPRESSA-A5-4.jpg","datePublished":"2020-04-08T06:05:09+00:00","dateModified":"2024-06-23T20:16:54+00:00","breadcrumb":{"@id":"https:\/\/www.bertazzofood.com\/fr\/prodotto\/jura-impressa-a5\/#breadcrumb"},"inLanguage":"fr-FR","potentialAction":[{"@type":"ReadAction","target":["https:\/\/www.bertazzofood.com\/fr\/prodotto\/jura-impressa-a5\/"]}]},{"@type":"ImageObject","inLanguage":"fr-FR","@id":"https:\/\/www.bertazzofood.com\/fr\/prodotto\/jura-impressa-a5\/#primaryimage","url":"https:\/\/www.bertazzofood.com\/wp-content\/uploads\/2024\/06\/Jura-IMPRESSA-A5-4.jpg","contentUrl":"https:\/\/www.bertazzofood.com\/wp-content\/uploads\/2024\/06\/Jura-IMPRESSA-A5-4.jpg","width":800,"height":800},{"@type":"BreadcrumbList","@id":"https:\/\/www.bertazzofood.com\/fr\/prodotto\/jura-impressa-a5\/#breadcrumb","itemListElement":[{"@type":"ListItem","position":1,"name":"Home","item":"https:\/\/www.bertazzofood.com\/fr\/homepage\/"},{"@type":"ListItem","position":2,"name":"Produits","item":"https:\/\/www.bertazzofood.com\/fr\/shop\/"},{"@type":"ListItem","position":3,"name":"Jura IMPRESSA A5"}]},{"@type":"WebSite","@id":"https:\/\/www.bertazzofood.com\/fr\/#website","url":"https:\/\/www.bertazzofood.com\/fr\/","name":"Bertazzo Food","description":"Prodotti Alimentari Italiani Online e Macchine Da Caff\u00e8","publisher":{"@id":"https:\/\/www.bertazzofood.com\/fr\/#organization"},"potentialAction":[{"@type":"SearchAction","target":{"@type":"EntryPoint","urlTemplate":"https:\/\/www.bertazzofood.com\/fr\/?s={search_term_string}"},"query-input":{"@type":"PropertyValueSpecification","valueRequired":true,"valueName":"search_term_string"}}],"inLanguage":"fr-FR"},{"@type":"Organization","@id":"https:\/\/www.bertazzofood.com\/fr\/#organization","name":"Bertazzo Italian Quality Food S.a.s. di Bertazzo Fabio & C.","alternateName":"Bertazzo Food","url":"https:\/\/www.bertazzofood.com\/fr\/","logo":{"@type":"ImageObject","inLanguage":"fr-FR","@id":"https:\/\/www.bertazzofood.com\/fr\/#\/schema\/logo\/image\/","url":"https:\/\/www.bertazzofood.com\/wp-content\/uploads\/2024\/06\/logo-bertazzo.webp","contentUrl":"https:\/\/www.bertazzofood.com\/wp-content\/uploads\/2024\/06\/logo-bertazzo.webp","width":410,"height":166,"caption":"Bertazzo Italian Quality Food S.a.s. di Bertazzo Fabio & C."},"image":{"@id":"https:\/\/www.bertazzofood.com\/fr\/#\/schema\/logo\/image\/"},"sameAs":["https:\/\/www.facebook.com\/BertazzoItalianQualityFood","https:\/\/www.instagram.com\/bertazzo_italian_quality_food\/"]}]}},"_links":{"self":[{"href":"https:\/\/www.bertazzofood.com\/fr\/wp-json\/wp\/v2\/product\/10383","targetHints":{"allow":["GET"]}}],"collection":[{"href":"https:\/\/www.bertazzofood.com\/fr\/wp-json\/wp\/v2\/product"}],"about":[{"href":"https:\/\/www.bertazzofood.com\/fr\/wp-json\/wp\/v2\/types\/product"}],"replies":[{"embeddable":true,"href":"https:\/\/www.bertazzofood.com\/fr\/wp-json\/wp\/v2\/comments?post=10383"}],"version-history":[{"count":0,"href":"https:\/\/www.bertazzofood.com\/fr\/wp-json\/wp\/v2\/product\/10383\/revisions"}],"wp:featuredmedia":[{"embeddable":true,"href":"https:\/\/www.bertazzofood.com\/fr\/wp-json\/wp\/v2\/media\/1465"}],"wp:attachment":[{"href":"https:\/\/www.bertazzofood.com\/fr\/wp-json\/wp\/v2\/media?parent=10383"}],"wp:term":[{"taxonomy":"product_brand","embeddable":true,"href":"https:\/\/www.bertazzofood.com\/fr\/wp-json\/wp\/v2\/product_brand?post=10383"},{"taxonomy":"product_cat","embeddable":true,"href":"https:\/\/www.bertazzofood.com\/fr\/wp-json\/wp\/v2\/product_cat?post=10383"},{"taxonomy":"product_tag","embeddable":true,"href":"https:\/\/www.bertazzofood.com\/fr\/wp-json\/wp\/v2\/product_tag?post=10383"},{"taxonomy":"brands","embeddable":true,"href":"https:\/\/www.bertazzofood.com\/fr\/wp-json\/wp\/v2\/brands?post=10383"},{"taxonomy":"flag_home","embeddable":true,"href":"https:\/\/www.bertazzofood.com\/fr\/wp-json\/wp\/v2\/flag_home?post=10383"}],"curies":[{"name":"wp","href":"https:\/\/api.w.org\/{rel}","templated":true}]}}