{"id":12689,"date":"2021-04-13T09:08:41","date_gmt":"2021-04-13T07:08:41","guid":{"rendered":"https:\/\/thegarden.it\/staging8\/prodotto\/sardines-of-garda-lake-ragu-alpe-magna\/"},"modified":"2024-10-09T09:17:28","modified_gmt":"2024-10-09T07:17:28","slug":"sardines-of-garda-lake-ragu-alpe-magna","status":"publish","type":"product","link":"https:\/\/www.bertazzofood.com\/en\/product\/sardines-of-garda-lake-ragu-alpe-magna\/","title":{"rendered":"Sardines of Garda lake Rag\u00f9 Alpe Magna"},"content":{"rendered":"<p><strong>Descrizione in etichetta \/ Beschreibung \/ Label description<\/strong><br \/>\nSugo cotto lentamente con sarde del lago di Garda \/ Sanft gegarte So\u00dfe mit Sardinen vom Gardasee \/ Slow cooked sauce with salted<br \/>\nsardines from lake Garda.<\/p>\n<p><strong>Ingredienti \/ Zutaten \/ Ingredients<\/strong><br \/>\nSarde Fresche 45%, cipolla fresca, sarda salata di lago 8% (solfiti), olio EVO Italiano, burro, sale, aromi naturali, spezie. SENZA CONSERVANTI E SENZA GLUTINE. \/\u00a0Frische Sardinen 45%, frische Zwiebeln, gesalzene See-Sardinen 8% (Sulfite) , italienisches Natives Oliven\u00f6l Extra EVO, Butter, Salz, nat\u00fcrliche Aromen, Gew\u00fcrze. OHNE KONSERVIERUNGSSTOFFE UND OHNE GLUTEN. \/\u00a0Fresh sardines 45%, fresh onion, salted lake sardines 8% (sulphites), Italian EVO oil, butter, salt, natural flavors, spices. WITHOUT PRESERVATIVES AND GLUTEN FREE.<\/p>\n<p><strong>Valori nutrizionali \/ N\u00e4hrwerte \/ Nutritional value<\/strong><br \/>\nValore energetico \/ N\u00e4hrwert \/ Energy value 981 kJ \/ 236 kcal<br \/>\nGrassi \/ Fett \/Fat 19,4 g<br \/>\ndi cui acidi grassi saturi \/ Davon ges\u00e4ttigte Fetts\u00e4uren \/ of which saturated fatty acids 4,9 g<br \/>\nCarboidrati \/ Kohlenhydrate \/ Carbohydrates 3,0 g<br \/>\ndi cui zuccheri \/ Davon Zucker \/ of which sugars 3,0 g<br \/>\nProteine \/ Eiwei\u00df \/ Proteins 12,4 g<br \/>\nSale \/ Salz \/ Salt 1,1 g<\/p>\n<p><strong>TMC \/ Shelf life<\/strong><br \/>\n24 mesi dalla data di produzione. \/ 24 Monate ab Produktionsdatum. \/ 24 months from the production date.<\/p>\n","protected":false},"excerpt":{"rendered":"<p>Descrizione in etichetta \/ Beschreibung \/ Label description Sugo cotto lentamente con sarde del lago di Garda \/ Sanft gegarte So\u00dfe mit Sardinen vom Gardasee \/ Slow cooked sauce with salted sardines from lake Garda. Ingredienti \/ Zutaten \/ Ingredients Sarde Fresche 45%, cipolla fresca, sarda salata di lago 8% (solfiti), olio EVO Italiano, burro, [&hellip;]<\/p>\n","protected":false},"featured_media":5863,"comment_status":"open","ping_status":"closed","template":"","meta":{"_acf_changed":false,"iawp_total_views":20},"product_brand":[],"product_cat":[1038,1072],"product_tag":[],"brands":[1752],"flag_home":[],"class_list":{"0":"post-12689","1":"product","2":"type-product","3":"status-publish","4":"has-post-thumbnail","6":"product_cat-dressings-pasta-condimenti","7":"product_cat-pasta-dressings","8":"brands-alpe-magna","10":"first","11":"instock","12":"taxable","13":"shipping-taxable","14":"purchasable","15":"product-type-simple"},"acf":[],"yoast_head":"<!-- This site is optimized with the Yoast SEO plugin v27.5 - https:\/\/yoast.com\/product\/yoast-seo-wordpress\/ -->\n<title>Sardines of Garda lake Rag\u00f9 Alpe Magna<\/title>\n<meta name=\"robots\" content=\"index, follow, max-snippet:-1, max-image-preview:large, max-video-preview:-1\" \/>\n<link rel=\"canonical\" href=\"https:\/\/www.bertazzofood.com\/en\/product\/sardines-of-garda-lake-ragu-alpe-magna\/\" \/>\n<meta property=\"og:locale\" content=\"en_US\" \/>\n<meta property=\"og:type\" content=\"article\" \/>\n<meta property=\"og:title\" content=\"Sardines of Garda lake Rag\u00f9 Alpe Magna\" \/>\n<meta property=\"og:description\" content=\"Descrizione in etichetta \/ Beschreibung \/ Label description Sugo cotto lentamente con sarde del lago di Garda \/ Sanft gegarte So\u00dfe mit Sardinen vom Gardasee \/ Slow cooked sauce with salted sardines from lake Garda. Ingredienti \/ Zutaten \/ Ingredients Sarde Fresche 45%, cipolla fresca, sarda salata di lago 8% (solfiti), olio EVO Italiano, burro, [&hellip;]\" \/>\n<meta property=\"og:url\" content=\"https:\/\/www.bertazzofood.com\/en\/product\/sardines-of-garda-lake-ragu-alpe-magna\/\" \/>\n<meta property=\"og:site_name\" content=\"Bertazzo Food\" \/>\n<meta property=\"article:publisher\" content=\"https:\/\/www.facebook.com\/BertazzoItalianQualityFood\" \/>\n<meta property=\"article:modified_time\" content=\"2024-10-09T07:17:28+00:00\" \/>\n<meta property=\"og:image\" content=\"https:\/\/www.bertazzofood.com\/wp-content\/uploads\/2024\/06\/ragu-di-sarde-del-garda-1-2.jpg\" \/>\n\t<meta property=\"og:image:width\" content=\"800\" \/>\n\t<meta property=\"og:image:height\" content=\"800\" \/>\n\t<meta property=\"og:image:type\" content=\"image\/jpeg\" \/>\n<meta name=\"twitter:card\" content=\"summary_large_image\" \/>\n<meta name=\"twitter:label1\" content=\"Est. reading time\" \/>\n\t<meta name=\"twitter:data1\" content=\"2 minutes\" \/>\n<script type=\"application\/ld+json\" class=\"yoast-schema-graph\">{\"@context\":\"https:\\\/\\\/schema.org\",\"@graph\":[{\"@type\":\"WebPage\",\"@id\":\"https:\\\/\\\/www.bertazzofood.com\\\/en\\\/product\\\/sardines-of-garda-lake-ragu-alpe-magna\\\/\",\"url\":\"https:\\\/\\\/www.bertazzofood.com\\\/en\\\/product\\\/sardines-of-garda-lake-ragu-alpe-magna\\\/\",\"name\":\"Sardines of Garda lake Rag\u00f9 Alpe Magna\",\"isPartOf\":{\"@id\":\"https:\\\/\\\/www.bertazzofood.com\\\/en\\\/#website\"},\"primaryImageOfPage\":{\"@id\":\"https:\\\/\\\/www.bertazzofood.com\\\/en\\\/product\\\/sardines-of-garda-lake-ragu-alpe-magna\\\/#primaryimage\"},\"image\":{\"@id\":\"https:\\\/\\\/www.bertazzofood.com\\\/en\\\/product\\\/sardines-of-garda-lake-ragu-alpe-magna\\\/#primaryimage\"},\"thumbnailUrl\":\"https:\\\/\\\/www.bertazzofood.com\\\/wp-content\\\/uploads\\\/2024\\\/06\\\/ragu-di-sarde-del-garda-1-2.jpg\",\"datePublished\":\"2021-04-13T07:08:41+00:00\",\"dateModified\":\"2024-10-09T07:17:28+00:00\",\"breadcrumb\":{\"@id\":\"https:\\\/\\\/www.bertazzofood.com\\\/en\\\/product\\\/sardines-of-garda-lake-ragu-alpe-magna\\\/#breadcrumb\"},\"inLanguage\":\"en-US\",\"potentialAction\":[{\"@type\":\"ReadAction\",\"target\":[\"https:\\\/\\\/www.bertazzofood.com\\\/en\\\/product\\\/sardines-of-garda-lake-ragu-alpe-magna\\\/\"]}]},{\"@type\":\"ImageObject\",\"inLanguage\":\"en-US\",\"@id\":\"https:\\\/\\\/www.bertazzofood.com\\\/en\\\/product\\\/sardines-of-garda-lake-ragu-alpe-magna\\\/#primaryimage\",\"url\":\"https:\\\/\\\/www.bertazzofood.com\\\/wp-content\\\/uploads\\\/2024\\\/06\\\/ragu-di-sarde-del-garda-1-2.jpg\",\"contentUrl\":\"https:\\\/\\\/www.bertazzofood.com\\\/wp-content\\\/uploads\\\/2024\\\/06\\\/ragu-di-sarde-del-garda-1-2.jpg\",\"width\":800,\"height\":800},{\"@type\":\"BreadcrumbList\",\"@id\":\"https:\\\/\\\/www.bertazzofood.com\\\/en\\\/product\\\/sardines-of-garda-lake-ragu-alpe-magna\\\/#breadcrumb\",\"itemListElement\":[{\"@type\":\"ListItem\",\"position\":1,\"name\":\"Home\",\"item\":\"https:\\\/\\\/www.bertazzofood.com\\\/en\\\/homepage\\\/\"},{\"@type\":\"ListItem\",\"position\":2,\"name\":\"Products\",\"item\":\"https:\\\/\\\/www.bertazzofood.com\\\/en\\\/shop\\\/\"},{\"@type\":\"ListItem\",\"position\":3,\"name\":\"Sardines of Garda lake Rag\u00f9 Alpe Magna\"}]},{\"@type\":\"WebSite\",\"@id\":\"https:\\\/\\\/www.bertazzofood.com\\\/en\\\/#website\",\"url\":\"https:\\\/\\\/www.bertazzofood.com\\\/en\\\/\",\"name\":\"Bertazzo Food\",\"description\":\"Prodotti Alimentari Italiani Online e Macchine Da Caff\u00e8\",\"publisher\":{\"@id\":\"https:\\\/\\\/www.bertazzofood.com\\\/en\\\/#organization\"},\"potentialAction\":[{\"@type\":\"SearchAction\",\"target\":{\"@type\":\"EntryPoint\",\"urlTemplate\":\"https:\\\/\\\/www.bertazzofood.com\\\/en\\\/?s={search_term_string}\"},\"query-input\":{\"@type\":\"PropertyValueSpecification\",\"valueRequired\":true,\"valueName\":\"search_term_string\"}}],\"inLanguage\":\"en-US\"},{\"@type\":\"Organization\",\"@id\":\"https:\\\/\\\/www.bertazzofood.com\\\/en\\\/#organization\",\"name\":\"Bertazzo Italian Quality Food S.a.s. di Bertazzo Fabio & C.\",\"alternateName\":\"Bertazzo Food\",\"url\":\"https:\\\/\\\/www.bertazzofood.com\\\/en\\\/\",\"logo\":{\"@type\":\"ImageObject\",\"inLanguage\":\"en-US\",\"@id\":\"https:\\\/\\\/www.bertazzofood.com\\\/en\\\/#\\\/schema\\\/logo\\\/image\\\/\",\"url\":\"https:\\\/\\\/www.bertazzofood.com\\\/wp-content\\\/uploads\\\/2024\\\/06\\\/logo-bertazzo.webp\",\"contentUrl\":\"https:\\\/\\\/www.bertazzofood.com\\\/wp-content\\\/uploads\\\/2024\\\/06\\\/logo-bertazzo.webp\",\"width\":410,\"height\":166,\"caption\":\"Bertazzo Italian Quality Food S.a.s. di Bertazzo Fabio & C.\"},\"image\":{\"@id\":\"https:\\\/\\\/www.bertazzofood.com\\\/en\\\/#\\\/schema\\\/logo\\\/image\\\/\"},\"sameAs\":[\"https:\\\/\\\/www.facebook.com\\\/BertazzoItalianQualityFood\",\"https:\\\/\\\/www.instagram.com\\\/bertazzo_italian_quality_food\\\/\"]}]}<\/script>\n<!-- \/ Yoast SEO plugin. -->","yoast_head_json":{"title":"Sardines of Garda lake Rag\u00f9 Alpe Magna","robots":{"index":"index","follow":"follow","max-snippet":"max-snippet:-1","max-image-preview":"max-image-preview:large","max-video-preview":"max-video-preview:-1"},"canonical":"https:\/\/www.bertazzofood.com\/en\/product\/sardines-of-garda-lake-ragu-alpe-magna\/","og_locale":"en_US","og_type":"article","og_title":"Sardines of Garda lake Rag\u00f9 Alpe Magna","og_description":"Descrizione in etichetta \/ Beschreibung \/ Label description Sugo cotto lentamente con sarde del lago di Garda \/ Sanft gegarte So\u00dfe mit Sardinen vom Gardasee \/ Slow cooked sauce with salted sardines from lake Garda. Ingredienti \/ Zutaten \/ Ingredients Sarde Fresche 45%, cipolla fresca, sarda salata di lago 8% (solfiti), olio EVO Italiano, burro, [&hellip;]","og_url":"https:\/\/www.bertazzofood.com\/en\/product\/sardines-of-garda-lake-ragu-alpe-magna\/","og_site_name":"Bertazzo Food","article_publisher":"https:\/\/www.facebook.com\/BertazzoItalianQualityFood","article_modified_time":"2024-10-09T07:17:28+00:00","og_image":[{"width":800,"height":800,"url":"https:\/\/www.bertazzofood.com\/wp-content\/uploads\/2024\/06\/ragu-di-sarde-del-garda-1-2.jpg","type":"image\/jpeg"}],"twitter_card":"summary_large_image","twitter_misc":{"Est. reading time":"2 minutes"},"schema":{"@context":"https:\/\/schema.org","@graph":[{"@type":"WebPage","@id":"https:\/\/www.bertazzofood.com\/en\/product\/sardines-of-garda-lake-ragu-alpe-magna\/","url":"https:\/\/www.bertazzofood.com\/en\/product\/sardines-of-garda-lake-ragu-alpe-magna\/","name":"Sardines of Garda lake Rag\u00f9 Alpe Magna","isPartOf":{"@id":"https:\/\/www.bertazzofood.com\/en\/#website"},"primaryImageOfPage":{"@id":"https:\/\/www.bertazzofood.com\/en\/product\/sardines-of-garda-lake-ragu-alpe-magna\/#primaryimage"},"image":{"@id":"https:\/\/www.bertazzofood.com\/en\/product\/sardines-of-garda-lake-ragu-alpe-magna\/#primaryimage"},"thumbnailUrl":"https:\/\/www.bertazzofood.com\/wp-content\/uploads\/2024\/06\/ragu-di-sarde-del-garda-1-2.jpg","datePublished":"2021-04-13T07:08:41+00:00","dateModified":"2024-10-09T07:17:28+00:00","breadcrumb":{"@id":"https:\/\/www.bertazzofood.com\/en\/product\/sardines-of-garda-lake-ragu-alpe-magna\/#breadcrumb"},"inLanguage":"en-US","potentialAction":[{"@type":"ReadAction","target":["https:\/\/www.bertazzofood.com\/en\/product\/sardines-of-garda-lake-ragu-alpe-magna\/"]}]},{"@type":"ImageObject","inLanguage":"en-US","@id":"https:\/\/www.bertazzofood.com\/en\/product\/sardines-of-garda-lake-ragu-alpe-magna\/#primaryimage","url":"https:\/\/www.bertazzofood.com\/wp-content\/uploads\/2024\/06\/ragu-di-sarde-del-garda-1-2.jpg","contentUrl":"https:\/\/www.bertazzofood.com\/wp-content\/uploads\/2024\/06\/ragu-di-sarde-del-garda-1-2.jpg","width":800,"height":800},{"@type":"BreadcrumbList","@id":"https:\/\/www.bertazzofood.com\/en\/product\/sardines-of-garda-lake-ragu-alpe-magna\/#breadcrumb","itemListElement":[{"@type":"ListItem","position":1,"name":"Home","item":"https:\/\/www.bertazzofood.com\/en\/homepage\/"},{"@type":"ListItem","position":2,"name":"Products","item":"https:\/\/www.bertazzofood.com\/en\/shop\/"},{"@type":"ListItem","position":3,"name":"Sardines of Garda lake Rag\u00f9 Alpe Magna"}]},{"@type":"WebSite","@id":"https:\/\/www.bertazzofood.com\/en\/#website","url":"https:\/\/www.bertazzofood.com\/en\/","name":"Bertazzo Food","description":"Prodotti Alimentari Italiani Online e Macchine Da Caff\u00e8","publisher":{"@id":"https:\/\/www.bertazzofood.com\/en\/#organization"},"potentialAction":[{"@type":"SearchAction","target":{"@type":"EntryPoint","urlTemplate":"https:\/\/www.bertazzofood.com\/en\/?s={search_term_string}"},"query-input":{"@type":"PropertyValueSpecification","valueRequired":true,"valueName":"search_term_string"}}],"inLanguage":"en-US"},{"@type":"Organization","@id":"https:\/\/www.bertazzofood.com\/en\/#organization","name":"Bertazzo Italian Quality Food S.a.s. di Bertazzo Fabio & C.","alternateName":"Bertazzo Food","url":"https:\/\/www.bertazzofood.com\/en\/","logo":{"@type":"ImageObject","inLanguage":"en-US","@id":"https:\/\/www.bertazzofood.com\/en\/#\/schema\/logo\/image\/","url":"https:\/\/www.bertazzofood.com\/wp-content\/uploads\/2024\/06\/logo-bertazzo.webp","contentUrl":"https:\/\/www.bertazzofood.com\/wp-content\/uploads\/2024\/06\/logo-bertazzo.webp","width":410,"height":166,"caption":"Bertazzo Italian Quality Food S.a.s. di Bertazzo Fabio & C."},"image":{"@id":"https:\/\/www.bertazzofood.com\/en\/#\/schema\/logo\/image\/"},"sameAs":["https:\/\/www.facebook.com\/BertazzoItalianQualityFood","https:\/\/www.instagram.com\/bertazzo_italian_quality_food\/"]}]}},"_links":{"self":[{"href":"https:\/\/www.bertazzofood.com\/en\/wp-json\/wp\/v2\/product\/12689","targetHints":{"allow":["GET"]}}],"collection":[{"href":"https:\/\/www.bertazzofood.com\/en\/wp-json\/wp\/v2\/product"}],"about":[{"href":"https:\/\/www.bertazzofood.com\/en\/wp-json\/wp\/v2\/types\/product"}],"replies":[{"embeddable":true,"href":"https:\/\/www.bertazzofood.com\/en\/wp-json\/wp\/v2\/comments?post=12689"}],"version-history":[{"count":0,"href":"https:\/\/www.bertazzofood.com\/en\/wp-json\/wp\/v2\/product\/12689\/revisions"}],"wp:featuredmedia":[{"embeddable":true,"href":"https:\/\/www.bertazzofood.com\/en\/wp-json\/wp\/v2\/media\/5863"}],"wp:attachment":[{"href":"https:\/\/www.bertazzofood.com\/en\/wp-json\/wp\/v2\/media?parent=12689"}],"wp:term":[{"taxonomy":"product_brand","embeddable":true,"href":"https:\/\/www.bertazzofood.com\/en\/wp-json\/wp\/v2\/product_brand?post=12689"},{"taxonomy":"product_cat","embeddable":true,"href":"https:\/\/www.bertazzofood.com\/en\/wp-json\/wp\/v2\/product_cat?post=12689"},{"taxonomy":"product_tag","embeddable":true,"href":"https:\/\/www.bertazzofood.com\/en\/wp-json\/wp\/v2\/product_tag?post=12689"},{"taxonomy":"brands","embeddable":true,"href":"https:\/\/www.bertazzofood.com\/en\/wp-json\/wp\/v2\/brands?post=12689"},{"taxonomy":"flag_home","embeddable":true,"href":"https:\/\/www.bertazzofood.com\/en\/wp-json\/wp\/v2\/flag_home?post=12689"}],"curies":[{"name":"wp","href":"https:\/\/api.w.org\/{rel}","templated":true}]}}