{"id":12525,"date":"2020-07-03T09:09:30","date_gmt":"2020-07-03T07:09:30","guid":{"rendered":"https:\/\/thegarden.it\/staging8\/prodotto\/spumante-trento-doc-ferrari-perle-rose-riserva-magnum-with-case\/"},"modified":"2024-06-23T22:37:44","modified_gmt":"2024-06-23T20:37:44","slug":"spumante-trento-doc-ferrari-perle-rose-riserva-magnum-with-case","status":"publish","type":"product","link":"https:\/\/www.bertazzofood.com\/en\/product\/spumante-trento-doc-ferrari-perle-rose-riserva-magnum-with-case\/","title":{"rendered":"Spumante Trento DOC Ferrari Perl\u00e8 Ros\u00e8 Riserva Magnum with case"},"content":{"rendered":"<p>Moments to savour.<\/p>\n<p>A vintage ros\u00e9 made \u200b\u200bfrom a careful selection of Pinot Noir and Chardonnay grapes from vineyards owned by the family. It wins you over with its refined style and aristocratic persistence.<\/p>\n<div class=\"col-md-6 col-xs-12\">\n<p class=\"text-xs-center text-md-left mb-2\">COLOUR AND PERLAGE: The elegant perlage is resplendent amidst its old rose hues.<\/p>\n<p>NOSE: The bouquet is intense, dominated by elegant notes of berries. The attractive scents of roses and raspberries give way to perceptions of biscuits and hints of candied orange.<\/p>\n<p>TASTE: It is precious and velvety, supported by excellent structure that highlights the typical qualities of Pinot Noir. It is enhanced by a delicate hint of spices, sweet almonds and yeast. The finish is long and persistent.<\/p>\n<p>DENOMINATION: TrentoDoc<\/p>\n<\/div>\n<div class=\"col-md-6 col-xs-12\">\n<p class=\"text-xs-center text-md-left mb-2\">GRAPES: 80% Pinot Noir and 20% Chardonnay from vineyards owned by the Lunelli family.<\/p>\n<p class=\"text-xs-center text-md-left mb-2\">LENGHT OF AGEING: At least 50 months on the yeast, selected from among our own strains.<\/p>\n<p class=\"text-xs-center text-md-left mb-2\">PRODUCTION ZONE: Vineyards on the slopes of the mountains of Trentino at 300-600 meters above sea level and with south-easterly and southerly exposures.<\/p>\n<p class=\"text-xs-center text-md-left mb-2\">ALCOHOL LEVEL: 12.5% vol.<\/p>\n<p class=\"text-xs-center text-md-left mb-2\">APPEARANCE: Delicate old rose, with a fine and persistent perlage.<\/p>\n<p class=\"text-xs-center text-md-left mb-2\">NOSE: An intense and elegant bouquet, with dominant notes of ripe berries (currants, wild strawberries and raspberries) and attractive hints of orange zest and roses.<\/p>\n<p class=\"text-xs-center text-md-left mb-2\">PALATE: Elegant and velvety. The excellent structure highlights the typical qualities of Pinot Noir, embellished by a delicate hint of spices, sweet almonds and yeast: all components that give added harmony and persistence.<\/p>\n<\/div>\n","protected":false},"excerpt":{"rendered":"<p>Moments to savour. A vintage ros\u00e9 made \u200b\u200bfrom a careful selection of Pinot Noir and Chardonnay grapes from vineyards owned by the family. It wins you over with its refined style and aristocratic persistence. COLOUR AND PERLAGE: The elegant perlage is resplendent amidst its old rose hues. NOSE: The bouquet is intense, dominated by elegant [&hellip;]<\/p>\n","protected":false},"featured_media":5407,"comment_status":"open","ping_status":"open","template":"","meta":{"_acf_changed":false,"iawp_total_views":2},"product_brand":[],"product_cat":[1074],"product_tag":[1268],"brands":[1785],"flag_home":[],"class_list":{"0":"post-12525","1":"product","2":"type-product","3":"status-publish","4":"has-post-thumbnail","6":"product_cat-wines","7":"product_tag-solo-italia-en","8":"pa_tipologia-trento-doc-sparkling-wine","9":"brands-ferrari","11":"first","12":"outofstock","13":"taxable","14":"shipping-taxable","15":"purchasable","16":"product-type-simple"},"acf":[],"yoast_head":"<!-- This site is optimized with the Yoast SEO plugin v27.5 - https:\/\/yoast.com\/product\/yoast-seo-wordpress\/ -->\n<title>Spumante Trento DOC Ferrari Perl\u00e8 Ros\u00e8 Riserva Magnum with case<\/title>\n<meta name=\"robots\" content=\"index, follow, max-snippet:-1, max-image-preview:large, max-video-preview:-1\" \/>\n<link rel=\"canonical\" href=\"https:\/\/www.bertazzofood.com\/en\/product\/spumante-trento-doc-ferrari-perle-rose-riserva-magnum-with-case\/\" \/>\n<meta property=\"og:locale\" content=\"en_US\" \/>\n<meta property=\"og:type\" content=\"article\" \/>\n<meta property=\"og:title\" content=\"Spumante Trento DOC Ferrari Perl\u00e8 Ros\u00e8 Riserva Magnum with case\" \/>\n<meta property=\"og:description\" content=\"Moments to savour. A vintage ros\u00e9 made \u200b\u200bfrom a careful selection of Pinot Noir and Chardonnay grapes from vineyards owned by the family. It wins you over with its refined style and aristocratic persistence. COLOUR AND PERLAGE: The elegant perlage is resplendent amidst its old rose hues. NOSE: The bouquet is intense, dominated by elegant [&hellip;]\" \/>\n<meta property=\"og:url\" content=\"https:\/\/www.bertazzofood.com\/en\/product\/spumante-trento-doc-ferrari-perle-rose-riserva-magnum-with-case\/\" \/>\n<meta property=\"og:site_name\" content=\"Bertazzo Food\" \/>\n<meta property=\"article:publisher\" content=\"https:\/\/www.facebook.com\/BertazzoItalianQualityFood\" \/>\n<meta property=\"article:modified_time\" content=\"2024-06-23T20:37:44+00:00\" \/>\n<meta property=\"og:image\" content=\"https:\/\/www.bertazzofood.com\/wp-content\/uploads\/2024\/06\/Ferrari-Perle-Rose-Magnum-astuccio-2.jpg\" \/>\n\t<meta property=\"og:image:width\" content=\"800\" \/>\n\t<meta property=\"og:image:height\" content=\"800\" \/>\n\t<meta property=\"og:image:type\" content=\"image\/jpeg\" \/>\n<meta name=\"twitter:card\" content=\"summary_large_image\" \/>\n<meta name=\"twitter:label1\" content=\"Est. reading time\" \/>\n\t<meta name=\"twitter:data1\" content=\"1 minute\" \/>\n<script type=\"application\/ld+json\" class=\"yoast-schema-graph\">{\"@context\":\"https:\\\/\\\/schema.org\",\"@graph\":[{\"@type\":\"WebPage\",\"@id\":\"https:\\\/\\\/www.bertazzofood.com\\\/en\\\/product\\\/spumante-trento-doc-ferrari-perle-rose-riserva-magnum-with-case\\\/\",\"url\":\"https:\\\/\\\/www.bertazzofood.com\\\/en\\\/product\\\/spumante-trento-doc-ferrari-perle-rose-riserva-magnum-with-case\\\/\",\"name\":\"Spumante Trento DOC Ferrari Perl\u00e8 Ros\u00e8 Riserva Magnum with case\",\"isPartOf\":{\"@id\":\"https:\\\/\\\/www.bertazzofood.com\\\/en\\\/#website\"},\"primaryImageOfPage\":{\"@id\":\"https:\\\/\\\/www.bertazzofood.com\\\/en\\\/product\\\/spumante-trento-doc-ferrari-perle-rose-riserva-magnum-with-case\\\/#primaryimage\"},\"image\":{\"@id\":\"https:\\\/\\\/www.bertazzofood.com\\\/en\\\/product\\\/spumante-trento-doc-ferrari-perle-rose-riserva-magnum-with-case\\\/#primaryimage\"},\"thumbnailUrl\":\"https:\\\/\\\/www.bertazzofood.com\\\/wp-content\\\/uploads\\\/2024\\\/06\\\/Ferrari-Perle-Rose-Magnum-astuccio-2.jpg\",\"datePublished\":\"2020-07-03T07:09:30+00:00\",\"dateModified\":\"2024-06-23T20:37:44+00:00\",\"breadcrumb\":{\"@id\":\"https:\\\/\\\/www.bertazzofood.com\\\/en\\\/product\\\/spumante-trento-doc-ferrari-perle-rose-riserva-magnum-with-case\\\/#breadcrumb\"},\"inLanguage\":\"en-US\",\"potentialAction\":[{\"@type\":\"ReadAction\",\"target\":[\"https:\\\/\\\/www.bertazzofood.com\\\/en\\\/product\\\/spumante-trento-doc-ferrari-perle-rose-riserva-magnum-with-case\\\/\"]}]},{\"@type\":\"ImageObject\",\"inLanguage\":\"en-US\",\"@id\":\"https:\\\/\\\/www.bertazzofood.com\\\/en\\\/product\\\/spumante-trento-doc-ferrari-perle-rose-riserva-magnum-with-case\\\/#primaryimage\",\"url\":\"https:\\\/\\\/www.bertazzofood.com\\\/wp-content\\\/uploads\\\/2024\\\/06\\\/Ferrari-Perle-Rose-Magnum-astuccio-2.jpg\",\"contentUrl\":\"https:\\\/\\\/www.bertazzofood.com\\\/wp-content\\\/uploads\\\/2024\\\/06\\\/Ferrari-Perle-Rose-Magnum-astuccio-2.jpg\",\"width\":800,\"height\":800},{\"@type\":\"BreadcrumbList\",\"@id\":\"https:\\\/\\\/www.bertazzofood.com\\\/en\\\/product\\\/spumante-trento-doc-ferrari-perle-rose-riserva-magnum-with-case\\\/#breadcrumb\",\"itemListElement\":[{\"@type\":\"ListItem\",\"position\":1,\"name\":\"Home\",\"item\":\"https:\\\/\\\/www.bertazzofood.com\\\/en\\\/homepage\\\/\"},{\"@type\":\"ListItem\",\"position\":2,\"name\":\"Products\",\"item\":\"https:\\\/\\\/www.bertazzofood.com\\\/en\\\/shop\\\/\"},{\"@type\":\"ListItem\",\"position\":3,\"name\":\"Spumante Trento DOC Ferrari Perl\u00e8 Ros\u00e8 Riserva Magnum with case\"}]},{\"@type\":\"WebSite\",\"@id\":\"https:\\\/\\\/www.bertazzofood.com\\\/en\\\/#website\",\"url\":\"https:\\\/\\\/www.bertazzofood.com\\\/en\\\/\",\"name\":\"Bertazzo Food\",\"description\":\"Prodotti Alimentari Italiani Online e Macchine Da Caff\u00e8\",\"publisher\":{\"@id\":\"https:\\\/\\\/www.bertazzofood.com\\\/en\\\/#organization\"},\"potentialAction\":[{\"@type\":\"SearchAction\",\"target\":{\"@type\":\"EntryPoint\",\"urlTemplate\":\"https:\\\/\\\/www.bertazzofood.com\\\/en\\\/?s={search_term_string}\"},\"query-input\":{\"@type\":\"PropertyValueSpecification\",\"valueRequired\":true,\"valueName\":\"search_term_string\"}}],\"inLanguage\":\"en-US\"},{\"@type\":\"Organization\",\"@id\":\"https:\\\/\\\/www.bertazzofood.com\\\/en\\\/#organization\",\"name\":\"Bertazzo Italian Quality Food S.a.s. di Bertazzo Fabio & C.\",\"alternateName\":\"Bertazzo Food\",\"url\":\"https:\\\/\\\/www.bertazzofood.com\\\/en\\\/\",\"logo\":{\"@type\":\"ImageObject\",\"inLanguage\":\"en-US\",\"@id\":\"https:\\\/\\\/www.bertazzofood.com\\\/en\\\/#\\\/schema\\\/logo\\\/image\\\/\",\"url\":\"https:\\\/\\\/www.bertazzofood.com\\\/wp-content\\\/uploads\\\/2024\\\/06\\\/logo-bertazzo.webp\",\"contentUrl\":\"https:\\\/\\\/www.bertazzofood.com\\\/wp-content\\\/uploads\\\/2024\\\/06\\\/logo-bertazzo.webp\",\"width\":410,\"height\":166,\"caption\":\"Bertazzo Italian Quality Food S.a.s. di Bertazzo Fabio & C.\"},\"image\":{\"@id\":\"https:\\\/\\\/www.bertazzofood.com\\\/en\\\/#\\\/schema\\\/logo\\\/image\\\/\"},\"sameAs\":[\"https:\\\/\\\/www.facebook.com\\\/BertazzoItalianQualityFood\",\"https:\\\/\\\/www.instagram.com\\\/bertazzo_italian_quality_food\\\/\"]}]}<\/script>\n<!-- \/ Yoast SEO plugin. -->","yoast_head_json":{"title":"Spumante Trento DOC Ferrari Perl\u00e8 Ros\u00e8 Riserva Magnum with case","robots":{"index":"index","follow":"follow","max-snippet":"max-snippet:-1","max-image-preview":"max-image-preview:large","max-video-preview":"max-video-preview:-1"},"canonical":"https:\/\/www.bertazzofood.com\/en\/product\/spumante-trento-doc-ferrari-perle-rose-riserva-magnum-with-case\/","og_locale":"en_US","og_type":"article","og_title":"Spumante Trento DOC Ferrari Perl\u00e8 Ros\u00e8 Riserva Magnum with case","og_description":"Moments to savour. A vintage ros\u00e9 made \u200b\u200bfrom a careful selection of Pinot Noir and Chardonnay grapes from vineyards owned by the family. It wins you over with its refined style and aristocratic persistence. COLOUR AND PERLAGE: The elegant perlage is resplendent amidst its old rose hues. NOSE: The bouquet is intense, dominated by elegant [&hellip;]","og_url":"https:\/\/www.bertazzofood.com\/en\/product\/spumante-trento-doc-ferrari-perle-rose-riserva-magnum-with-case\/","og_site_name":"Bertazzo Food","article_publisher":"https:\/\/www.facebook.com\/BertazzoItalianQualityFood","article_modified_time":"2024-06-23T20:37:44+00:00","og_image":[{"width":800,"height":800,"url":"https:\/\/www.bertazzofood.com\/wp-content\/uploads\/2024\/06\/Ferrari-Perle-Rose-Magnum-astuccio-2.jpg","type":"image\/jpeg"}],"twitter_card":"summary_large_image","twitter_misc":{"Est. reading time":"1 minute"},"schema":{"@context":"https:\/\/schema.org","@graph":[{"@type":"WebPage","@id":"https:\/\/www.bertazzofood.com\/en\/product\/spumante-trento-doc-ferrari-perle-rose-riserva-magnum-with-case\/","url":"https:\/\/www.bertazzofood.com\/en\/product\/spumante-trento-doc-ferrari-perle-rose-riserva-magnum-with-case\/","name":"Spumante Trento DOC Ferrari Perl\u00e8 Ros\u00e8 Riserva Magnum with case","isPartOf":{"@id":"https:\/\/www.bertazzofood.com\/en\/#website"},"primaryImageOfPage":{"@id":"https:\/\/www.bertazzofood.com\/en\/product\/spumante-trento-doc-ferrari-perle-rose-riserva-magnum-with-case\/#primaryimage"},"image":{"@id":"https:\/\/www.bertazzofood.com\/en\/product\/spumante-trento-doc-ferrari-perle-rose-riserva-magnum-with-case\/#primaryimage"},"thumbnailUrl":"https:\/\/www.bertazzofood.com\/wp-content\/uploads\/2024\/06\/Ferrari-Perle-Rose-Magnum-astuccio-2.jpg","datePublished":"2020-07-03T07:09:30+00:00","dateModified":"2024-06-23T20:37:44+00:00","breadcrumb":{"@id":"https:\/\/www.bertazzofood.com\/en\/product\/spumante-trento-doc-ferrari-perle-rose-riserva-magnum-with-case\/#breadcrumb"},"inLanguage":"en-US","potentialAction":[{"@type":"ReadAction","target":["https:\/\/www.bertazzofood.com\/en\/product\/spumante-trento-doc-ferrari-perle-rose-riserva-magnum-with-case\/"]}]},{"@type":"ImageObject","inLanguage":"en-US","@id":"https:\/\/www.bertazzofood.com\/en\/product\/spumante-trento-doc-ferrari-perle-rose-riserva-magnum-with-case\/#primaryimage","url":"https:\/\/www.bertazzofood.com\/wp-content\/uploads\/2024\/06\/Ferrari-Perle-Rose-Magnum-astuccio-2.jpg","contentUrl":"https:\/\/www.bertazzofood.com\/wp-content\/uploads\/2024\/06\/Ferrari-Perle-Rose-Magnum-astuccio-2.jpg","width":800,"height":800},{"@type":"BreadcrumbList","@id":"https:\/\/www.bertazzofood.com\/en\/product\/spumante-trento-doc-ferrari-perle-rose-riserva-magnum-with-case\/#breadcrumb","itemListElement":[{"@type":"ListItem","position":1,"name":"Home","item":"https:\/\/www.bertazzofood.com\/en\/homepage\/"},{"@type":"ListItem","position":2,"name":"Products","item":"https:\/\/www.bertazzofood.com\/en\/shop\/"},{"@type":"ListItem","position":3,"name":"Spumante Trento DOC Ferrari Perl\u00e8 Ros\u00e8 Riserva Magnum with case"}]},{"@type":"WebSite","@id":"https:\/\/www.bertazzofood.com\/en\/#website","url":"https:\/\/www.bertazzofood.com\/en\/","name":"Bertazzo Food","description":"Prodotti Alimentari Italiani Online e Macchine Da Caff\u00e8","publisher":{"@id":"https:\/\/www.bertazzofood.com\/en\/#organization"},"potentialAction":[{"@type":"SearchAction","target":{"@type":"EntryPoint","urlTemplate":"https:\/\/www.bertazzofood.com\/en\/?s={search_term_string}"},"query-input":{"@type":"PropertyValueSpecification","valueRequired":true,"valueName":"search_term_string"}}],"inLanguage":"en-US"},{"@type":"Organization","@id":"https:\/\/www.bertazzofood.com\/en\/#organization","name":"Bertazzo Italian Quality Food S.a.s. di Bertazzo Fabio & C.","alternateName":"Bertazzo Food","url":"https:\/\/www.bertazzofood.com\/en\/","logo":{"@type":"ImageObject","inLanguage":"en-US","@id":"https:\/\/www.bertazzofood.com\/en\/#\/schema\/logo\/image\/","url":"https:\/\/www.bertazzofood.com\/wp-content\/uploads\/2024\/06\/logo-bertazzo.webp","contentUrl":"https:\/\/www.bertazzofood.com\/wp-content\/uploads\/2024\/06\/logo-bertazzo.webp","width":410,"height":166,"caption":"Bertazzo Italian Quality Food S.a.s. di Bertazzo Fabio & C."},"image":{"@id":"https:\/\/www.bertazzofood.com\/en\/#\/schema\/logo\/image\/"},"sameAs":["https:\/\/www.facebook.com\/BertazzoItalianQualityFood","https:\/\/www.instagram.com\/bertazzo_italian_quality_food\/"]}]}},"_links":{"self":[{"href":"https:\/\/www.bertazzofood.com\/en\/wp-json\/wp\/v2\/product\/12525","targetHints":{"allow":["GET"]}}],"collection":[{"href":"https:\/\/www.bertazzofood.com\/en\/wp-json\/wp\/v2\/product"}],"about":[{"href":"https:\/\/www.bertazzofood.com\/en\/wp-json\/wp\/v2\/types\/product"}],"replies":[{"embeddable":true,"href":"https:\/\/www.bertazzofood.com\/en\/wp-json\/wp\/v2\/comments?post=12525"}],"version-history":[{"count":0,"href":"https:\/\/www.bertazzofood.com\/en\/wp-json\/wp\/v2\/product\/12525\/revisions"}],"wp:featuredmedia":[{"embeddable":true,"href":"https:\/\/www.bertazzofood.com\/en\/wp-json\/wp\/v2\/media\/5407"}],"wp:attachment":[{"href":"https:\/\/www.bertazzofood.com\/en\/wp-json\/wp\/v2\/media?parent=12525"}],"wp:term":[{"taxonomy":"product_brand","embeddable":true,"href":"https:\/\/www.bertazzofood.com\/en\/wp-json\/wp\/v2\/product_brand?post=12525"},{"taxonomy":"product_cat","embeddable":true,"href":"https:\/\/www.bertazzofood.com\/en\/wp-json\/wp\/v2\/product_cat?post=12525"},{"taxonomy":"product_tag","embeddable":true,"href":"https:\/\/www.bertazzofood.com\/en\/wp-json\/wp\/v2\/product_tag?post=12525"},{"taxonomy":"brands","embeddable":true,"href":"https:\/\/www.bertazzofood.com\/en\/wp-json\/wp\/v2\/brands?post=12525"},{"taxonomy":"flag_home","embeddable":true,"href":"https:\/\/www.bertazzofood.com\/en\/wp-json\/wp\/v2\/flag_home?post=12525"}],"curies":[{"name":"wp","href":"https:\/\/api.w.org\/{rel}","templated":true}]}}