{"id":11946,"date":"2020-01-24T08:45:18","date_gmt":"2020-01-24T07:45:18","guid":{"rendered":"https:\/\/thegarden.it\/staging8\/prodotto\/veal-ragout-alpe-magna\/"},"modified":"2024-06-23T22:32:36","modified_gmt":"2024-06-23T20:32:36","slug":"veal-ragout-alpe-magna","status":"publish","type":"product","link":"https:\/\/www.bertazzofood.com\/en\/product\/veal-ragout-alpe-magna\/","title":{"rendered":"Veal ragout Alpe Magna"},"content":{"rendered":"<p><strong>Descrizione in etichetta \/ Beschreibung \/ Label description<\/strong><br \/>\nRag\u00f9 cotto lentamente con carne scelta di solo vitello. \/ Fleischso\u00dfe aus ausgew\u00e4hltem, gegartem Kalbfleisch. \/ Slowly cooked rag\u00f9 with selected meat of veal only.<\/p>\n<p><strong>Ingredienti \/ Zutaten \/ Ingredients<\/strong><br \/>\nCarne vitello 50%, verdure fresche in proporzione variabile (cipolle, sedano), olio extravergine oliva italiano, farina di riso, olio di girasole, brandy, aromi naturali, sale marino, spezie. SENZA CONSERVANTI E SENZA GLUTINE. \/ Kalbfleisch 50%, frisches Gem\u00fcse in ver\u00e4nderlichen Anteilen (Zwiebeln, Sellerie), italienisches natives Oliven\u00f6l extra, Reismehl, Sonnenblumen\u00f6l, Brandy, Meersalz, nat\u00fcrlichen Aromen, Gew\u00fcrze. OHNE KONSERVIERUNGSSTOFFE UND OHNE GLUTEN. \/ Veal 50%, fresh vegetables in varying proportions (onions, celery), Italian extra virgin olive oil, rice flour, sunflower oil, brandy, natural flavors, sea salt, spices. WITHOUT PRESERVATIVES AND GLUTEN FREE.<\/p>\n<p>Valori nutrizionali \/ N\u00e4hrwerte \/ Nutritional value<br \/>\nValore energetico \/ N\u00e4hrwert \/ Energy value : 777 kJ \/ 187 kcal<br \/>\nGrassi \/ Fett \/Fat : 14,1 g<br \/>\ndi cui acidi grassi saturi \/ Davon ges\u00e4ttigte Fetts\u00e4uren \/ of which saturated fatty acids : 5 g<br \/>\nCarboidrati \/ Kohlenhydrate \/ Carbohydrates : 1,4 g<br \/>\ndi cui zuccheri \/ Davon Zucker \/ of which sugars : 1,4 g<br \/>\nProteine \/ Eiwei\u00df \/ Proteins : 13,6 g<br \/>\nSale \/ Salz \/ Salt : 1,6 g<\/p>\n<p>&nbsp;<\/p>\n","protected":false},"excerpt":{"rendered":"<p>Descrizione in etichetta \/ Beschreibung \/ Label description Rag\u00f9 cotto lentamente con carne scelta di solo vitello. \/ Fleischso\u00dfe aus ausgew\u00e4hltem, gegartem Kalbfleisch. \/ Slowly cooked rag\u00f9 with selected meat of veal only. Ingredienti \/ Zutaten \/ Ingredients Carne vitello 50%, verdure fresche in proporzione variabile (cipolle, sedano), olio extravergine oliva italiano, farina di riso, [&hellip;]<\/p>\n","protected":false},"featured_media":4618,"comment_status":"open","ping_status":"open","template":"","meta":{"_acf_changed":false,"iawp_total_views":1},"product_brand":[],"product_cat":[1038,1072],"product_tag":[],"brands":[1752],"flag_home":[],"class_list":{"0":"post-11946","1":"product","2":"type-product","3":"status-publish","4":"has-post-thumbnail","6":"product_cat-dressings-pasta-condimenti","7":"product_cat-pasta-dressings","8":"brands-alpe-magna","10":"first","11":"outofstock","12":"taxable","13":"shipping-taxable","14":"purchasable","15":"product-type-simple"},"acf":[],"yoast_head":"<!-- This site is optimized with the Yoast SEO plugin v27.5 - https:\/\/yoast.com\/product\/yoast-seo-wordpress\/ -->\n<title>Veal ragout Alpe Magna<\/title>\n<meta name=\"robots\" content=\"index, follow, max-snippet:-1, max-image-preview:large, max-video-preview:-1\" \/>\n<link rel=\"canonical\" href=\"https:\/\/www.bertazzofood.com\/en\/product\/veal-ragout-alpe-magna\/\" \/>\n<meta property=\"og:locale\" content=\"en_US\" \/>\n<meta property=\"og:type\" content=\"article\" \/>\n<meta property=\"og:title\" content=\"Veal ragout Alpe Magna\" \/>\n<meta property=\"og:description\" content=\"Descrizione in etichetta \/ Beschreibung \/ Label description Rag\u00f9 cotto lentamente con carne scelta di solo vitello. \/ Fleischso\u00dfe aus ausgew\u00e4hltem, gegartem Kalbfleisch. \/ Slowly cooked rag\u00f9 with selected meat of veal only. Ingredienti \/ Zutaten \/ Ingredients Carne vitello 50%, verdure fresche in proporzione variabile (cipolle, sedano), olio extravergine oliva italiano, farina di riso, [&hellip;]\" \/>\n<meta property=\"og:url\" content=\"https:\/\/www.bertazzofood.com\/en\/product\/veal-ragout-alpe-magna\/\" \/>\n<meta property=\"og:site_name\" content=\"Bertazzo Food\" \/>\n<meta property=\"article:publisher\" content=\"https:\/\/www.facebook.com\/BertazzoItalianQualityFood\" \/>\n<meta property=\"article:modified_time\" content=\"2024-06-23T20:32:36+00:00\" \/>\n<meta property=\"og:image\" content=\"https:\/\/www.bertazzofood.com\/wp-content\/uploads\/2024\/06\/purezze_ragu_vitello-2.jpg\" \/>\n\t<meta property=\"og:image:width\" content=\"800\" \/>\n\t<meta property=\"og:image:height\" content=\"800\" \/>\n\t<meta property=\"og:image:type\" content=\"image\/jpeg\" \/>\n<meta name=\"twitter:card\" content=\"summary_large_image\" \/>\n<meta name=\"twitter:label1\" content=\"Est. reading time\" \/>\n\t<meta name=\"twitter:data1\" content=\"1 minute\" \/>\n<script type=\"application\/ld+json\" class=\"yoast-schema-graph\">{\"@context\":\"https:\\\/\\\/schema.org\",\"@graph\":[{\"@type\":\"WebPage\",\"@id\":\"https:\\\/\\\/www.bertazzofood.com\\\/en\\\/product\\\/veal-ragout-alpe-magna\\\/\",\"url\":\"https:\\\/\\\/www.bertazzofood.com\\\/en\\\/product\\\/veal-ragout-alpe-magna\\\/\",\"name\":\"Veal ragout Alpe Magna\",\"isPartOf\":{\"@id\":\"https:\\\/\\\/www.bertazzofood.com\\\/en\\\/#website\"},\"primaryImageOfPage\":{\"@id\":\"https:\\\/\\\/www.bertazzofood.com\\\/en\\\/product\\\/veal-ragout-alpe-magna\\\/#primaryimage\"},\"image\":{\"@id\":\"https:\\\/\\\/www.bertazzofood.com\\\/en\\\/product\\\/veal-ragout-alpe-magna\\\/#primaryimage\"},\"thumbnailUrl\":\"https:\\\/\\\/www.bertazzofood.com\\\/wp-content\\\/uploads\\\/2024\\\/06\\\/purezze_ragu_vitello-2.jpg\",\"datePublished\":\"2020-01-24T07:45:18+00:00\",\"dateModified\":\"2024-06-23T20:32:36+00:00\",\"breadcrumb\":{\"@id\":\"https:\\\/\\\/www.bertazzofood.com\\\/en\\\/product\\\/veal-ragout-alpe-magna\\\/#breadcrumb\"},\"inLanguage\":\"en-US\",\"potentialAction\":[{\"@type\":\"ReadAction\",\"target\":[\"https:\\\/\\\/www.bertazzofood.com\\\/en\\\/product\\\/veal-ragout-alpe-magna\\\/\"]}]},{\"@type\":\"ImageObject\",\"inLanguage\":\"en-US\",\"@id\":\"https:\\\/\\\/www.bertazzofood.com\\\/en\\\/product\\\/veal-ragout-alpe-magna\\\/#primaryimage\",\"url\":\"https:\\\/\\\/www.bertazzofood.com\\\/wp-content\\\/uploads\\\/2024\\\/06\\\/purezze_ragu_vitello-2.jpg\",\"contentUrl\":\"https:\\\/\\\/www.bertazzofood.com\\\/wp-content\\\/uploads\\\/2024\\\/06\\\/purezze_ragu_vitello-2.jpg\",\"width\":800,\"height\":800},{\"@type\":\"BreadcrumbList\",\"@id\":\"https:\\\/\\\/www.bertazzofood.com\\\/en\\\/product\\\/veal-ragout-alpe-magna\\\/#breadcrumb\",\"itemListElement\":[{\"@type\":\"ListItem\",\"position\":1,\"name\":\"Home\",\"item\":\"https:\\\/\\\/www.bertazzofood.com\\\/en\\\/homepage\\\/\"},{\"@type\":\"ListItem\",\"position\":2,\"name\":\"Products\",\"item\":\"https:\\\/\\\/www.bertazzofood.com\\\/en\\\/shop\\\/\"},{\"@type\":\"ListItem\",\"position\":3,\"name\":\"Veal ragout Alpe Magna\"}]},{\"@type\":\"WebSite\",\"@id\":\"https:\\\/\\\/www.bertazzofood.com\\\/en\\\/#website\",\"url\":\"https:\\\/\\\/www.bertazzofood.com\\\/en\\\/\",\"name\":\"Bertazzo Food\",\"description\":\"Prodotti Alimentari Italiani Online e Macchine Da Caff\u00e8\",\"publisher\":{\"@id\":\"https:\\\/\\\/www.bertazzofood.com\\\/en\\\/#organization\"},\"potentialAction\":[{\"@type\":\"SearchAction\",\"target\":{\"@type\":\"EntryPoint\",\"urlTemplate\":\"https:\\\/\\\/www.bertazzofood.com\\\/en\\\/?s={search_term_string}\"},\"query-input\":{\"@type\":\"PropertyValueSpecification\",\"valueRequired\":true,\"valueName\":\"search_term_string\"}}],\"inLanguage\":\"en-US\"},{\"@type\":\"Organization\",\"@id\":\"https:\\\/\\\/www.bertazzofood.com\\\/en\\\/#organization\",\"name\":\"Bertazzo Italian Quality Food S.a.s. di Bertazzo Fabio & C.\",\"alternateName\":\"Bertazzo Food\",\"url\":\"https:\\\/\\\/www.bertazzofood.com\\\/en\\\/\",\"logo\":{\"@type\":\"ImageObject\",\"inLanguage\":\"en-US\",\"@id\":\"https:\\\/\\\/www.bertazzofood.com\\\/en\\\/#\\\/schema\\\/logo\\\/image\\\/\",\"url\":\"https:\\\/\\\/www.bertazzofood.com\\\/wp-content\\\/uploads\\\/2024\\\/06\\\/logo-bertazzo.webp\",\"contentUrl\":\"https:\\\/\\\/www.bertazzofood.com\\\/wp-content\\\/uploads\\\/2024\\\/06\\\/logo-bertazzo.webp\",\"width\":410,\"height\":166,\"caption\":\"Bertazzo Italian Quality Food S.a.s. di Bertazzo Fabio & C.\"},\"image\":{\"@id\":\"https:\\\/\\\/www.bertazzofood.com\\\/en\\\/#\\\/schema\\\/logo\\\/image\\\/\"},\"sameAs\":[\"https:\\\/\\\/www.facebook.com\\\/BertazzoItalianQualityFood\",\"https:\\\/\\\/www.instagram.com\\\/bertazzo_italian_quality_food\\\/\"]}]}<\/script>\n<!-- \/ Yoast SEO plugin. -->","yoast_head_json":{"title":"Veal ragout Alpe Magna","robots":{"index":"index","follow":"follow","max-snippet":"max-snippet:-1","max-image-preview":"max-image-preview:large","max-video-preview":"max-video-preview:-1"},"canonical":"https:\/\/www.bertazzofood.com\/en\/product\/veal-ragout-alpe-magna\/","og_locale":"en_US","og_type":"article","og_title":"Veal ragout Alpe Magna","og_description":"Descrizione in etichetta \/ Beschreibung \/ Label description Rag\u00f9 cotto lentamente con carne scelta di solo vitello. \/ Fleischso\u00dfe aus ausgew\u00e4hltem, gegartem Kalbfleisch. \/ Slowly cooked rag\u00f9 with selected meat of veal only. Ingredienti \/ Zutaten \/ Ingredients Carne vitello 50%, verdure fresche in proporzione variabile (cipolle, sedano), olio extravergine oliva italiano, farina di riso, [&hellip;]","og_url":"https:\/\/www.bertazzofood.com\/en\/product\/veal-ragout-alpe-magna\/","og_site_name":"Bertazzo Food","article_publisher":"https:\/\/www.facebook.com\/BertazzoItalianQualityFood","article_modified_time":"2024-06-23T20:32:36+00:00","og_image":[{"width":800,"height":800,"url":"https:\/\/www.bertazzofood.com\/wp-content\/uploads\/2024\/06\/purezze_ragu_vitello-2.jpg","type":"image\/jpeg"}],"twitter_card":"summary_large_image","twitter_misc":{"Est. reading time":"1 minute"},"schema":{"@context":"https:\/\/schema.org","@graph":[{"@type":"WebPage","@id":"https:\/\/www.bertazzofood.com\/en\/product\/veal-ragout-alpe-magna\/","url":"https:\/\/www.bertazzofood.com\/en\/product\/veal-ragout-alpe-magna\/","name":"Veal ragout Alpe Magna","isPartOf":{"@id":"https:\/\/www.bertazzofood.com\/en\/#website"},"primaryImageOfPage":{"@id":"https:\/\/www.bertazzofood.com\/en\/product\/veal-ragout-alpe-magna\/#primaryimage"},"image":{"@id":"https:\/\/www.bertazzofood.com\/en\/product\/veal-ragout-alpe-magna\/#primaryimage"},"thumbnailUrl":"https:\/\/www.bertazzofood.com\/wp-content\/uploads\/2024\/06\/purezze_ragu_vitello-2.jpg","datePublished":"2020-01-24T07:45:18+00:00","dateModified":"2024-06-23T20:32:36+00:00","breadcrumb":{"@id":"https:\/\/www.bertazzofood.com\/en\/product\/veal-ragout-alpe-magna\/#breadcrumb"},"inLanguage":"en-US","potentialAction":[{"@type":"ReadAction","target":["https:\/\/www.bertazzofood.com\/en\/product\/veal-ragout-alpe-magna\/"]}]},{"@type":"ImageObject","inLanguage":"en-US","@id":"https:\/\/www.bertazzofood.com\/en\/product\/veal-ragout-alpe-magna\/#primaryimage","url":"https:\/\/www.bertazzofood.com\/wp-content\/uploads\/2024\/06\/purezze_ragu_vitello-2.jpg","contentUrl":"https:\/\/www.bertazzofood.com\/wp-content\/uploads\/2024\/06\/purezze_ragu_vitello-2.jpg","width":800,"height":800},{"@type":"BreadcrumbList","@id":"https:\/\/www.bertazzofood.com\/en\/product\/veal-ragout-alpe-magna\/#breadcrumb","itemListElement":[{"@type":"ListItem","position":1,"name":"Home","item":"https:\/\/www.bertazzofood.com\/en\/homepage\/"},{"@type":"ListItem","position":2,"name":"Products","item":"https:\/\/www.bertazzofood.com\/en\/shop\/"},{"@type":"ListItem","position":3,"name":"Veal ragout Alpe Magna"}]},{"@type":"WebSite","@id":"https:\/\/www.bertazzofood.com\/en\/#website","url":"https:\/\/www.bertazzofood.com\/en\/","name":"Bertazzo Food","description":"Prodotti Alimentari Italiani Online e Macchine Da Caff\u00e8","publisher":{"@id":"https:\/\/www.bertazzofood.com\/en\/#organization"},"potentialAction":[{"@type":"SearchAction","target":{"@type":"EntryPoint","urlTemplate":"https:\/\/www.bertazzofood.com\/en\/?s={search_term_string}"},"query-input":{"@type":"PropertyValueSpecification","valueRequired":true,"valueName":"search_term_string"}}],"inLanguage":"en-US"},{"@type":"Organization","@id":"https:\/\/www.bertazzofood.com\/en\/#organization","name":"Bertazzo Italian Quality Food S.a.s. di Bertazzo Fabio & C.","alternateName":"Bertazzo Food","url":"https:\/\/www.bertazzofood.com\/en\/","logo":{"@type":"ImageObject","inLanguage":"en-US","@id":"https:\/\/www.bertazzofood.com\/en\/#\/schema\/logo\/image\/","url":"https:\/\/www.bertazzofood.com\/wp-content\/uploads\/2024\/06\/logo-bertazzo.webp","contentUrl":"https:\/\/www.bertazzofood.com\/wp-content\/uploads\/2024\/06\/logo-bertazzo.webp","width":410,"height":166,"caption":"Bertazzo Italian Quality Food S.a.s. di Bertazzo Fabio & C."},"image":{"@id":"https:\/\/www.bertazzofood.com\/en\/#\/schema\/logo\/image\/"},"sameAs":["https:\/\/www.facebook.com\/BertazzoItalianQualityFood","https:\/\/www.instagram.com\/bertazzo_italian_quality_food\/"]}]}},"_links":{"self":[{"href":"https:\/\/www.bertazzofood.com\/en\/wp-json\/wp\/v2\/product\/11946","targetHints":{"allow":["GET"]}}],"collection":[{"href":"https:\/\/www.bertazzofood.com\/en\/wp-json\/wp\/v2\/product"}],"about":[{"href":"https:\/\/www.bertazzofood.com\/en\/wp-json\/wp\/v2\/types\/product"}],"replies":[{"embeddable":true,"href":"https:\/\/www.bertazzofood.com\/en\/wp-json\/wp\/v2\/comments?post=11946"}],"version-history":[{"count":0,"href":"https:\/\/www.bertazzofood.com\/en\/wp-json\/wp\/v2\/product\/11946\/revisions"}],"wp:featuredmedia":[{"embeddable":true,"href":"https:\/\/www.bertazzofood.com\/en\/wp-json\/wp\/v2\/media\/4618"}],"wp:attachment":[{"href":"https:\/\/www.bertazzofood.com\/en\/wp-json\/wp\/v2\/media?parent=11946"}],"wp:term":[{"taxonomy":"product_brand","embeddable":true,"href":"https:\/\/www.bertazzofood.com\/en\/wp-json\/wp\/v2\/product_brand?post=11946"},{"taxonomy":"product_cat","embeddable":true,"href":"https:\/\/www.bertazzofood.com\/en\/wp-json\/wp\/v2\/product_cat?post=11946"},{"taxonomy":"product_tag","embeddable":true,"href":"https:\/\/www.bertazzofood.com\/en\/wp-json\/wp\/v2\/product_tag?post=11946"},{"taxonomy":"brands","embeddable":true,"href":"https:\/\/www.bertazzofood.com\/en\/wp-json\/wp\/v2\/brands?post=11946"},{"taxonomy":"flag_home","embeddable":true,"href":"https:\/\/www.bertazzofood.com\/en\/wp-json\/wp\/v2\/flag_home?post=11946"}],"curies":[{"name":"wp","href":"https:\/\/api.w.org\/{rel}","templated":true}]}}