{"id":9968,"date":"2020-01-23T14:58:41","date_gmt":"2020-01-23T13:58:41","guid":{"rendered":"https:\/\/thegarden.it\/staging8\/prodotto\/colomba-1952-al-moscato-rosa-exquisita\/"},"modified":"2024-06-23T22:20:55","modified_gmt":"2024-06-23T20:20:55","slug":"colomba-1952-al-moscato-rosa-exquisita","status":"publish","type":"product","link":"https:\/\/www.bertazzofood.com\/de\/prodotto\/colomba-1952-al-moscato-rosa-exquisita\/","title":{"rendered":"Colomba 1952 al Moscato Rosa &#8211; Exquisita"},"content":{"rendered":"<p>Die Colomba 1952 mit Moscato Rosa, diese Variante des traditionellen italienischen Osterkuchens wird mit Natursauerteig und italienischen Mandeln aus Apulien aber ohne kandierte Fr\u00fcchte hergestellt. Die Rosinen werden vier Tage lang in Moscato Rosa DOC Trentino eingelegt. Das Geb\u00e4ck verstr\u00f6mt einen Rosen und Gew\u00fcrzduft, welcher vom Wein herr\u00fchrt. Das Produkt wird ohne den \u00fcblichen Hagelzucker auf der Oberfl\u00e4che hergestellt, damit die S\u00fc\u00dfe des Moscato Rosa in den Vordergrund treten kann. Ohne k\u00fcnstliche Aromastoffe.<\/p>\n","protected":false},"excerpt":{"rendered":"<p>Die Colomba 1952 mit Moscato Rosa, diese Variante des traditionellen italienischen Osterkuchens wird mit Natursauerteig und italienischen Mandeln aus Apulien aber ohne kandierte Fr\u00fcchte hergestellt. Die Rosinen werden vier Tage lang in Moscato Rosa DOC Trentino eingelegt. Das Geb\u00e4ck verstr\u00f6mt einen Rosen und Gew\u00fcrzduft, welcher vom Wein herr\u00fchrt. Das Produkt wird ohne den \u00fcblichen Hagelzucker [&hellip;]<\/p>\n","protected":false},"featured_media":418,"comment_status":"open","ping_status":"open","template":"","meta":{"_acf_changed":false,"iawp_total_views":4},"product_brand":[],"product_cat":[1167],"product_tag":[],"brands":[],"flag_home":[],"class_list":{"0":"post-9968","1":"product","2":"type-product","3":"status-publish","4":"has-post-thumbnail","6":"product_cat-panettoni-de","8":"first","9":"outofstock","10":"taxable","11":"shipping-taxable","12":"purchasable","13":"product-type-simple"},"acf":[],"yoast_head":"<!-- This site is optimized with the Yoast SEO plugin v27.5 - https:\/\/yoast.com\/product\/yoast-seo-wordpress\/ -->\n<title>Colomba 1952 al Moscato Rosa - Exquisita<\/title>\n<meta name=\"robots\" content=\"index, follow, max-snippet:-1, max-image-preview:large, max-video-preview:-1\" \/>\n<link rel=\"canonical\" href=\"https:\/\/www.bertazzofood.com\/de\/prodotto\/colomba-1952-al-moscato-rosa-exquisita\/\" \/>\n<meta property=\"og:locale\" content=\"de_DE\" \/>\n<meta property=\"og:type\" content=\"article\" \/>\n<meta property=\"og:title\" content=\"Colomba 1952 al Moscato Rosa - Exquisita\" \/>\n<meta property=\"og:description\" content=\"Die Colomba 1952 mit Moscato Rosa, diese Variante des traditionellen italienischen Osterkuchens wird mit Natursauerteig und italienischen Mandeln aus Apulien aber ohne kandierte Fr\u00fcchte hergestellt. Die Rosinen werden vier Tage lang in Moscato Rosa DOC Trentino eingelegt. Das Geb\u00e4ck verstr\u00f6mt einen Rosen und Gew\u00fcrzduft, welcher vom Wein herr\u00fchrt. Das Produkt wird ohne den \u00fcblichen Hagelzucker [&hellip;]\" \/>\n<meta property=\"og:url\" content=\"https:\/\/www.bertazzofood.com\/de\/prodotto\/colomba-1952-al-moscato-rosa-exquisita\/\" \/>\n<meta property=\"og:site_name\" content=\"Bertazzo Food\" \/>\n<meta property=\"article:publisher\" content=\"https:\/\/www.facebook.com\/BertazzoItalianQualityFood\" \/>\n<meta property=\"article:modified_time\" content=\"2024-06-23T20:20:55+00:00\" \/>\n<meta property=\"og:image\" content=\"https:\/\/www.bertazzofood.com\/wp-content\/uploads\/2024\/06\/Colomba-Exquisita-al-Moscato-Rosa-2.jpg\" \/>\n\t<meta property=\"og:image:width\" content=\"800\" \/>\n\t<meta property=\"og:image:height\" content=\"800\" \/>\n\t<meta property=\"og:image:type\" content=\"image\/jpeg\" \/>\n<meta name=\"twitter:card\" content=\"summary_large_image\" \/>\n<script type=\"application\/ld+json\" class=\"yoast-schema-graph\">{\"@context\":\"https:\\\/\\\/schema.org\",\"@graph\":[{\"@type\":\"WebPage\",\"@id\":\"https:\\\/\\\/www.bertazzofood.com\\\/de\\\/prodotto\\\/colomba-1952-al-moscato-rosa-exquisita\\\/\",\"url\":\"https:\\\/\\\/www.bertazzofood.com\\\/de\\\/prodotto\\\/colomba-1952-al-moscato-rosa-exquisita\\\/\",\"name\":\"Colomba 1952 al Moscato Rosa - Exquisita\",\"isPartOf\":{\"@id\":\"https:\\\/\\\/www.bertazzofood.com\\\/de\\\/#website\"},\"primaryImageOfPage\":{\"@id\":\"https:\\\/\\\/www.bertazzofood.com\\\/de\\\/prodotto\\\/colomba-1952-al-moscato-rosa-exquisita\\\/#primaryimage\"},\"image\":{\"@id\":\"https:\\\/\\\/www.bertazzofood.com\\\/de\\\/prodotto\\\/colomba-1952-al-moscato-rosa-exquisita\\\/#primaryimage\"},\"thumbnailUrl\":\"https:\\\/\\\/www.bertazzofood.com\\\/wp-content\\\/uploads\\\/2024\\\/06\\\/Colomba-Exquisita-al-Moscato-Rosa-2.jpg\",\"datePublished\":\"2020-01-23T13:58:41+00:00\",\"dateModified\":\"2024-06-23T20:20:55+00:00\",\"breadcrumb\":{\"@id\":\"https:\\\/\\\/www.bertazzofood.com\\\/de\\\/prodotto\\\/colomba-1952-al-moscato-rosa-exquisita\\\/#breadcrumb\"},\"inLanguage\":\"de\",\"potentialAction\":[{\"@type\":\"ReadAction\",\"target\":[\"https:\\\/\\\/www.bertazzofood.com\\\/de\\\/prodotto\\\/colomba-1952-al-moscato-rosa-exquisita\\\/\"]}]},{\"@type\":\"ImageObject\",\"inLanguage\":\"de\",\"@id\":\"https:\\\/\\\/www.bertazzofood.com\\\/de\\\/prodotto\\\/colomba-1952-al-moscato-rosa-exquisita\\\/#primaryimage\",\"url\":\"https:\\\/\\\/www.bertazzofood.com\\\/wp-content\\\/uploads\\\/2024\\\/06\\\/Colomba-Exquisita-al-Moscato-Rosa-2.jpg\",\"contentUrl\":\"https:\\\/\\\/www.bertazzofood.com\\\/wp-content\\\/uploads\\\/2024\\\/06\\\/Colomba-Exquisita-al-Moscato-Rosa-2.jpg\",\"width\":800,\"height\":800},{\"@type\":\"BreadcrumbList\",\"@id\":\"https:\\\/\\\/www.bertazzofood.com\\\/de\\\/prodotto\\\/colomba-1952-al-moscato-rosa-exquisita\\\/#breadcrumb\",\"itemListElement\":[{\"@type\":\"ListItem\",\"position\":1,\"name\":\"Home\",\"item\":\"https:\\\/\\\/www.bertazzofood.com\\\/de\\\/homepage\\\/\"},{\"@type\":\"ListItem\",\"position\":2,\"name\":\"Produkte\",\"item\":\"https:\\\/\\\/www.bertazzofood.com\\\/de\\\/shop\\\/\"},{\"@type\":\"ListItem\",\"position\":3,\"name\":\"Colomba 1952 al Moscato Rosa &#8211; Exquisita\"}]},{\"@type\":\"WebSite\",\"@id\":\"https:\\\/\\\/www.bertazzofood.com\\\/de\\\/#website\",\"url\":\"https:\\\/\\\/www.bertazzofood.com\\\/de\\\/\",\"name\":\"Bertazzo Food\",\"description\":\"Prodotti Alimentari Italiani Online e Macchine Da Caff\u00e8\",\"publisher\":{\"@id\":\"https:\\\/\\\/www.bertazzofood.com\\\/de\\\/#organization\"},\"potentialAction\":[{\"@type\":\"SearchAction\",\"target\":{\"@type\":\"EntryPoint\",\"urlTemplate\":\"https:\\\/\\\/www.bertazzofood.com\\\/de\\\/?s={search_term_string}\"},\"query-input\":{\"@type\":\"PropertyValueSpecification\",\"valueRequired\":true,\"valueName\":\"search_term_string\"}}],\"inLanguage\":\"de\"},{\"@type\":\"Organization\",\"@id\":\"https:\\\/\\\/www.bertazzofood.com\\\/de\\\/#organization\",\"name\":\"Bertazzo Italian Quality Food S.a.s. di Bertazzo Fabio & C.\",\"alternateName\":\"Bertazzo Food\",\"url\":\"https:\\\/\\\/www.bertazzofood.com\\\/de\\\/\",\"logo\":{\"@type\":\"ImageObject\",\"inLanguage\":\"de\",\"@id\":\"https:\\\/\\\/www.bertazzofood.com\\\/de\\\/#\\\/schema\\\/logo\\\/image\\\/\",\"url\":\"https:\\\/\\\/www.bertazzofood.com\\\/wp-content\\\/uploads\\\/2024\\\/06\\\/logo-bertazzo.webp\",\"contentUrl\":\"https:\\\/\\\/www.bertazzofood.com\\\/wp-content\\\/uploads\\\/2024\\\/06\\\/logo-bertazzo.webp\",\"width\":410,\"height\":166,\"caption\":\"Bertazzo Italian Quality Food S.a.s. di Bertazzo Fabio & C.\"},\"image\":{\"@id\":\"https:\\\/\\\/www.bertazzofood.com\\\/de\\\/#\\\/schema\\\/logo\\\/image\\\/\"},\"sameAs\":[\"https:\\\/\\\/www.facebook.com\\\/BertazzoItalianQualityFood\",\"https:\\\/\\\/www.instagram.com\\\/bertazzo_italian_quality_food\\\/\"]}]}<\/script>\n<!-- \/ Yoast SEO plugin. -->","yoast_head_json":{"title":"Colomba 1952 al Moscato Rosa - Exquisita","robots":{"index":"index","follow":"follow","max-snippet":"max-snippet:-1","max-image-preview":"max-image-preview:large","max-video-preview":"max-video-preview:-1"},"canonical":"https:\/\/www.bertazzofood.com\/de\/prodotto\/colomba-1952-al-moscato-rosa-exquisita\/","og_locale":"de_DE","og_type":"article","og_title":"Colomba 1952 al Moscato Rosa - Exquisita","og_description":"Die Colomba 1952 mit Moscato Rosa, diese Variante des traditionellen italienischen Osterkuchens wird mit Natursauerteig und italienischen Mandeln aus Apulien aber ohne kandierte Fr\u00fcchte hergestellt. Die Rosinen werden vier Tage lang in Moscato Rosa DOC Trentino eingelegt. Das Geb\u00e4ck verstr\u00f6mt einen Rosen und Gew\u00fcrzduft, welcher vom Wein herr\u00fchrt. Das Produkt wird ohne den \u00fcblichen Hagelzucker [&hellip;]","og_url":"https:\/\/www.bertazzofood.com\/de\/prodotto\/colomba-1952-al-moscato-rosa-exquisita\/","og_site_name":"Bertazzo Food","article_publisher":"https:\/\/www.facebook.com\/BertazzoItalianQualityFood","article_modified_time":"2024-06-23T20:20:55+00:00","og_image":[{"width":800,"height":800,"url":"https:\/\/www.bertazzofood.com\/wp-content\/uploads\/2024\/06\/Colomba-Exquisita-al-Moscato-Rosa-2.jpg","type":"image\/jpeg"}],"twitter_card":"summary_large_image","schema":{"@context":"https:\/\/schema.org","@graph":[{"@type":"WebPage","@id":"https:\/\/www.bertazzofood.com\/de\/prodotto\/colomba-1952-al-moscato-rosa-exquisita\/","url":"https:\/\/www.bertazzofood.com\/de\/prodotto\/colomba-1952-al-moscato-rosa-exquisita\/","name":"Colomba 1952 al Moscato Rosa - Exquisita","isPartOf":{"@id":"https:\/\/www.bertazzofood.com\/de\/#website"},"primaryImageOfPage":{"@id":"https:\/\/www.bertazzofood.com\/de\/prodotto\/colomba-1952-al-moscato-rosa-exquisita\/#primaryimage"},"image":{"@id":"https:\/\/www.bertazzofood.com\/de\/prodotto\/colomba-1952-al-moscato-rosa-exquisita\/#primaryimage"},"thumbnailUrl":"https:\/\/www.bertazzofood.com\/wp-content\/uploads\/2024\/06\/Colomba-Exquisita-al-Moscato-Rosa-2.jpg","datePublished":"2020-01-23T13:58:41+00:00","dateModified":"2024-06-23T20:20:55+00:00","breadcrumb":{"@id":"https:\/\/www.bertazzofood.com\/de\/prodotto\/colomba-1952-al-moscato-rosa-exquisita\/#breadcrumb"},"inLanguage":"de","potentialAction":[{"@type":"ReadAction","target":["https:\/\/www.bertazzofood.com\/de\/prodotto\/colomba-1952-al-moscato-rosa-exquisita\/"]}]},{"@type":"ImageObject","inLanguage":"de","@id":"https:\/\/www.bertazzofood.com\/de\/prodotto\/colomba-1952-al-moscato-rosa-exquisita\/#primaryimage","url":"https:\/\/www.bertazzofood.com\/wp-content\/uploads\/2024\/06\/Colomba-Exquisita-al-Moscato-Rosa-2.jpg","contentUrl":"https:\/\/www.bertazzofood.com\/wp-content\/uploads\/2024\/06\/Colomba-Exquisita-al-Moscato-Rosa-2.jpg","width":800,"height":800},{"@type":"BreadcrumbList","@id":"https:\/\/www.bertazzofood.com\/de\/prodotto\/colomba-1952-al-moscato-rosa-exquisita\/#breadcrumb","itemListElement":[{"@type":"ListItem","position":1,"name":"Home","item":"https:\/\/www.bertazzofood.com\/de\/homepage\/"},{"@type":"ListItem","position":2,"name":"Produkte","item":"https:\/\/www.bertazzofood.com\/de\/shop\/"},{"@type":"ListItem","position":3,"name":"Colomba 1952 al Moscato Rosa &#8211; Exquisita"}]},{"@type":"WebSite","@id":"https:\/\/www.bertazzofood.com\/de\/#website","url":"https:\/\/www.bertazzofood.com\/de\/","name":"Bertazzo Food","description":"Prodotti Alimentari Italiani Online e Macchine Da Caff\u00e8","publisher":{"@id":"https:\/\/www.bertazzofood.com\/de\/#organization"},"potentialAction":[{"@type":"SearchAction","target":{"@type":"EntryPoint","urlTemplate":"https:\/\/www.bertazzofood.com\/de\/?s={search_term_string}"},"query-input":{"@type":"PropertyValueSpecification","valueRequired":true,"valueName":"search_term_string"}}],"inLanguage":"de"},{"@type":"Organization","@id":"https:\/\/www.bertazzofood.com\/de\/#organization","name":"Bertazzo Italian Quality Food S.a.s. di Bertazzo Fabio & C.","alternateName":"Bertazzo Food","url":"https:\/\/www.bertazzofood.com\/de\/","logo":{"@type":"ImageObject","inLanguage":"de","@id":"https:\/\/www.bertazzofood.com\/de\/#\/schema\/logo\/image\/","url":"https:\/\/www.bertazzofood.com\/wp-content\/uploads\/2024\/06\/logo-bertazzo.webp","contentUrl":"https:\/\/www.bertazzofood.com\/wp-content\/uploads\/2024\/06\/logo-bertazzo.webp","width":410,"height":166,"caption":"Bertazzo Italian Quality Food S.a.s. di Bertazzo Fabio & C."},"image":{"@id":"https:\/\/www.bertazzofood.com\/de\/#\/schema\/logo\/image\/"},"sameAs":["https:\/\/www.facebook.com\/BertazzoItalianQualityFood","https:\/\/www.instagram.com\/bertazzo_italian_quality_food\/"]}]}},"_links":{"self":[{"href":"https:\/\/www.bertazzofood.com\/de\/wp-json\/wp\/v2\/product\/9968","targetHints":{"allow":["GET"]}}],"collection":[{"href":"https:\/\/www.bertazzofood.com\/de\/wp-json\/wp\/v2\/product"}],"about":[{"href":"https:\/\/www.bertazzofood.com\/de\/wp-json\/wp\/v2\/types\/product"}],"replies":[{"embeddable":true,"href":"https:\/\/www.bertazzofood.com\/de\/wp-json\/wp\/v2\/comments?post=9968"}],"version-history":[{"count":0,"href":"https:\/\/www.bertazzofood.com\/de\/wp-json\/wp\/v2\/product\/9968\/revisions"}],"wp:featuredmedia":[{"embeddable":true,"href":"https:\/\/www.bertazzofood.com\/de\/wp-json\/wp\/v2\/media\/418"}],"wp:attachment":[{"href":"https:\/\/www.bertazzofood.com\/de\/wp-json\/wp\/v2\/media?parent=9968"}],"wp:term":[{"taxonomy":"product_brand","embeddable":true,"href":"https:\/\/www.bertazzofood.com\/de\/wp-json\/wp\/v2\/product_brand?post=9968"},{"taxonomy":"product_cat","embeddable":true,"href":"https:\/\/www.bertazzofood.com\/de\/wp-json\/wp\/v2\/product_cat?post=9968"},{"taxonomy":"product_tag","embeddable":true,"href":"https:\/\/www.bertazzofood.com\/de\/wp-json\/wp\/v2\/product_tag?post=9968"},{"taxonomy":"brands","embeddable":true,"href":"https:\/\/www.bertazzofood.com\/de\/wp-json\/wp\/v2\/brands?post=9968"},{"taxonomy":"flag_home","embeddable":true,"href":"https:\/\/www.bertazzofood.com\/de\/wp-json\/wp\/v2\/flag_home?post=9968"}],"curies":[{"name":"wp","href":"https:\/\/api.w.org\/{rel}","templated":true}]}}