{"id":9853,"date":"2020-01-23T15:29:57","date_gmt":"2020-01-23T14:29:57","guid":{"rendered":"https:\/\/thegarden.it\/staging8\/prodotto\/balsamico-essig-aus-modena-g-g-a-selezione-fontanara\/"},"modified":"2024-06-23T22:19:35","modified_gmt":"2024-06-23T20:19:35","slug":"balsamico-essig-aus-modena-g-g-a-selezione-fontanara","status":"publish","type":"product","link":"https:\/\/www.bertazzofood.com\/de\/prodotto\/balsamico-essig-aus-modena-g-g-a-selezione-fontanara\/","title":{"rendered":"Balsamico Essig aus Modena g.g.A. Selezione Fontanara"},"content":{"rendered":"<p>Der <strong><em>Aceto Balsamico di Modena g.g.A. Selezione Fontanara Riserva 6<\/em><\/strong> ist das Ergebnis einer sorgf\u00e4ltigen Auswahl von Balsamico-Essigen und wird durch seinen aromatischen, frischen und leicht saueren Geschmack gekennzeichnet. Von der Zertifizierungsstelle CSQA bescheinigt und der Spezifikationen der Gesch\u00fctzten Geografischen Angabe entsprechend, ist es ein Produkt von h\u00f6chster Qualit\u00e4t.<br \/>\n<strong>Produktion<\/strong>: der Traubenmost wird auf kleiner Flamme in Kessel gekocht. Langsame alkoholische G\u00e4rung vom Most und anschlie\u00dfende nat\u00fcrliche Ans\u00e4uerung durch Zugabe von Weinessig in Eichenf\u00e4ssern. Es ist kein Karamell enthalten.<br \/>\n<strong>Rohstoffe<\/strong>: Most von Trebbiano und Lambrusco &#8211; Trauben, Weinessig. Ohne Karamellzusatz.<br \/>\n<strong>Sensorisches Profil<\/strong>: Farbe braun, Geruch frisch, Geschmack aromatisch und leicht s\u00e4uerlich.<br \/>\n<strong>Anwendung<\/strong>: Aufgrund seiner m\u00e4\u00dfigen Dickfl\u00fcssigkeit eignet er sich ausgezeichnet f\u00fcr das Anrichten von Salaten und gegrilltem Gem\u00fcse, sowie f\u00fcr die Zubereitung von schmackhaften So\u00dfen.<\/p>\n","protected":false},"excerpt":{"rendered":"<p>Der Aceto Balsamico di Modena g.g.A. Selezione Fontanara Riserva 6 ist das Ergebnis einer sorgf\u00e4ltigen Auswahl von Balsamico-Essigen und wird durch seinen aromatischen, frischen und leicht saueren Geschmack gekennzeichnet. Von der Zertifizierungsstelle CSQA bescheinigt und der Spezifikationen der Gesch\u00fctzten Geografischen Angabe entsprechend, ist es ein Produkt von h\u00f6chster Qualit\u00e4t. Produktion: der Traubenmost wird auf kleiner [&hellip;]<\/p>\n","protected":false},"featured_media":829,"comment_status":"open","ping_status":"open","template":"","meta":{"_acf_changed":false,"iawp_total_views":6},"product_brand":[],"product_cat":[1171,1161],"product_tag":[],"brands":[1621],"flag_home":[],"class_list":{"0":"post-9853","1":"product","2":"type-product","3":"status-publish","4":"has-post-thumbnail","6":"product_cat-natives-olivenoel-online-kaufen","7":"product_cat-balsamico-essig","8":"brands-fontanara","10":"first","11":"outofstock","12":"taxable","13":"shipping-taxable","14":"purchasable","15":"product-type-simple"},"acf":[],"yoast_head":"<!-- This site is optimized with the Yoast SEO plugin v27.5 - https:\/\/yoast.com\/product\/yoast-seo-wordpress\/ -->\n<title>Balsamico Essig aus Modena g.g.A. Selezione Fontanara<\/title>\n<meta name=\"robots\" content=\"index, follow, max-snippet:-1, max-image-preview:large, max-video-preview:-1\" \/>\n<link rel=\"canonical\" href=\"https:\/\/www.bertazzofood.com\/de\/prodotto\/balsamico-essig-aus-modena-g-g-a-selezione-fontanara\/\" \/>\n<meta property=\"og:locale\" content=\"de_DE\" \/>\n<meta property=\"og:type\" content=\"article\" \/>\n<meta property=\"og:title\" content=\"Balsamico Essig aus Modena g.g.A. Selezione Fontanara\" \/>\n<meta property=\"og:description\" content=\"Der Aceto Balsamico di Modena g.g.A. Selezione Fontanara Riserva 6 ist das Ergebnis einer sorgf\u00e4ltigen Auswahl von Balsamico-Essigen und wird durch seinen aromatischen, frischen und leicht saueren Geschmack gekennzeichnet. Von der Zertifizierungsstelle CSQA bescheinigt und der Spezifikationen der Gesch\u00fctzten Geografischen Angabe entsprechend, ist es ein Produkt von h\u00f6chster Qualit\u00e4t. Produktion: der Traubenmost wird auf kleiner [&hellip;]\" \/>\n<meta property=\"og:url\" content=\"https:\/\/www.bertazzofood.com\/de\/prodotto\/balsamico-essig-aus-modena-g-g-a-selezione-fontanara\/\" \/>\n<meta property=\"og:site_name\" content=\"Bertazzo Food\" \/>\n<meta property=\"article:publisher\" content=\"https:\/\/www.facebook.com\/BertazzoItalianQualityFood\" \/>\n<meta property=\"article:modified_time\" content=\"2024-06-23T20:19:35+00:00\" \/>\n<meta property=\"og:image\" content=\"https:\/\/www.bertazzofood.com\/wp-content\/uploads\/2024\/06\/Aceto-balsamico-di-Modena-Fontanara-0.25L-2.jpg\" \/>\n\t<meta property=\"og:image:width\" content=\"800\" \/>\n\t<meta property=\"og:image:height\" content=\"800\" \/>\n\t<meta property=\"og:image:type\" content=\"image\/jpeg\" \/>\n<meta name=\"twitter:card\" content=\"summary_large_image\" \/>\n<meta name=\"twitter:label1\" content=\"Gesch\u00e4tzte Lesezeit\" \/>\n\t<meta name=\"twitter:data1\" content=\"1\u00a0Minute\" \/>\n<script type=\"application\/ld+json\" class=\"yoast-schema-graph\">{\"@context\":\"https:\\\/\\\/schema.org\",\"@graph\":[{\"@type\":\"WebPage\",\"@id\":\"https:\\\/\\\/www.bertazzofood.com\\\/de\\\/prodotto\\\/balsamico-essig-aus-modena-g-g-a-selezione-fontanara\\\/\",\"url\":\"https:\\\/\\\/www.bertazzofood.com\\\/de\\\/prodotto\\\/balsamico-essig-aus-modena-g-g-a-selezione-fontanara\\\/\",\"name\":\"Balsamico Essig aus Modena g.g.A. Selezione Fontanara\",\"isPartOf\":{\"@id\":\"https:\\\/\\\/www.bertazzofood.com\\\/de\\\/#website\"},\"primaryImageOfPage\":{\"@id\":\"https:\\\/\\\/www.bertazzofood.com\\\/de\\\/prodotto\\\/balsamico-essig-aus-modena-g-g-a-selezione-fontanara\\\/#primaryimage\"},\"image\":{\"@id\":\"https:\\\/\\\/www.bertazzofood.com\\\/de\\\/prodotto\\\/balsamico-essig-aus-modena-g-g-a-selezione-fontanara\\\/#primaryimage\"},\"thumbnailUrl\":\"https:\\\/\\\/www.bertazzofood.com\\\/wp-content\\\/uploads\\\/2024\\\/06\\\/Aceto-balsamico-di-Modena-Fontanara-0.25L-2.jpg\",\"datePublished\":\"2020-01-23T14:29:57+00:00\",\"dateModified\":\"2024-06-23T20:19:35+00:00\",\"breadcrumb\":{\"@id\":\"https:\\\/\\\/www.bertazzofood.com\\\/de\\\/prodotto\\\/balsamico-essig-aus-modena-g-g-a-selezione-fontanara\\\/#breadcrumb\"},\"inLanguage\":\"de\",\"potentialAction\":[{\"@type\":\"ReadAction\",\"target\":[\"https:\\\/\\\/www.bertazzofood.com\\\/de\\\/prodotto\\\/balsamico-essig-aus-modena-g-g-a-selezione-fontanara\\\/\"]}]},{\"@type\":\"ImageObject\",\"inLanguage\":\"de\",\"@id\":\"https:\\\/\\\/www.bertazzofood.com\\\/de\\\/prodotto\\\/balsamico-essig-aus-modena-g-g-a-selezione-fontanara\\\/#primaryimage\",\"url\":\"https:\\\/\\\/www.bertazzofood.com\\\/wp-content\\\/uploads\\\/2024\\\/06\\\/Aceto-balsamico-di-Modena-Fontanara-0.25L-2.jpg\",\"contentUrl\":\"https:\\\/\\\/www.bertazzofood.com\\\/wp-content\\\/uploads\\\/2024\\\/06\\\/Aceto-balsamico-di-Modena-Fontanara-0.25L-2.jpg\",\"width\":800,\"height\":800},{\"@type\":\"BreadcrumbList\",\"@id\":\"https:\\\/\\\/www.bertazzofood.com\\\/de\\\/prodotto\\\/balsamico-essig-aus-modena-g-g-a-selezione-fontanara\\\/#breadcrumb\",\"itemListElement\":[{\"@type\":\"ListItem\",\"position\":1,\"name\":\"Home\",\"item\":\"https:\\\/\\\/www.bertazzofood.com\\\/de\\\/homepage\\\/\"},{\"@type\":\"ListItem\",\"position\":2,\"name\":\"Produkte\",\"item\":\"https:\\\/\\\/www.bertazzofood.com\\\/de\\\/shop\\\/\"},{\"@type\":\"ListItem\",\"position\":3,\"name\":\"Balsamico Essig aus Modena g.g.A. Selezione Fontanara\"}]},{\"@type\":\"WebSite\",\"@id\":\"https:\\\/\\\/www.bertazzofood.com\\\/de\\\/#website\",\"url\":\"https:\\\/\\\/www.bertazzofood.com\\\/de\\\/\",\"name\":\"Bertazzo Food\",\"description\":\"Prodotti Alimentari Italiani Online e Macchine Da Caff\u00e8\",\"publisher\":{\"@id\":\"https:\\\/\\\/www.bertazzofood.com\\\/de\\\/#organization\"},\"potentialAction\":[{\"@type\":\"SearchAction\",\"target\":{\"@type\":\"EntryPoint\",\"urlTemplate\":\"https:\\\/\\\/www.bertazzofood.com\\\/de\\\/?s={search_term_string}\"},\"query-input\":{\"@type\":\"PropertyValueSpecification\",\"valueRequired\":true,\"valueName\":\"search_term_string\"}}],\"inLanguage\":\"de\"},{\"@type\":\"Organization\",\"@id\":\"https:\\\/\\\/www.bertazzofood.com\\\/de\\\/#organization\",\"name\":\"Bertazzo Italian Quality Food S.a.s. di Bertazzo Fabio & C.\",\"alternateName\":\"Bertazzo Food\",\"url\":\"https:\\\/\\\/www.bertazzofood.com\\\/de\\\/\",\"logo\":{\"@type\":\"ImageObject\",\"inLanguage\":\"de\",\"@id\":\"https:\\\/\\\/www.bertazzofood.com\\\/de\\\/#\\\/schema\\\/logo\\\/image\\\/\",\"url\":\"https:\\\/\\\/www.bertazzofood.com\\\/wp-content\\\/uploads\\\/2024\\\/06\\\/logo-bertazzo.webp\",\"contentUrl\":\"https:\\\/\\\/www.bertazzofood.com\\\/wp-content\\\/uploads\\\/2024\\\/06\\\/logo-bertazzo.webp\",\"width\":410,\"height\":166,\"caption\":\"Bertazzo Italian Quality Food S.a.s. di Bertazzo Fabio & C.\"},\"image\":{\"@id\":\"https:\\\/\\\/www.bertazzofood.com\\\/de\\\/#\\\/schema\\\/logo\\\/image\\\/\"},\"sameAs\":[\"https:\\\/\\\/www.facebook.com\\\/BertazzoItalianQualityFood\",\"https:\\\/\\\/www.instagram.com\\\/bertazzo_italian_quality_food\\\/\"]}]}<\/script>\n<!-- \/ Yoast SEO plugin. -->","yoast_head_json":{"title":"Balsamico Essig aus Modena g.g.A. Selezione Fontanara","robots":{"index":"index","follow":"follow","max-snippet":"max-snippet:-1","max-image-preview":"max-image-preview:large","max-video-preview":"max-video-preview:-1"},"canonical":"https:\/\/www.bertazzofood.com\/de\/prodotto\/balsamico-essig-aus-modena-g-g-a-selezione-fontanara\/","og_locale":"de_DE","og_type":"article","og_title":"Balsamico Essig aus Modena g.g.A. Selezione Fontanara","og_description":"Der Aceto Balsamico di Modena g.g.A. Selezione Fontanara Riserva 6 ist das Ergebnis einer sorgf\u00e4ltigen Auswahl von Balsamico-Essigen und wird durch seinen aromatischen, frischen und leicht saueren Geschmack gekennzeichnet. Von der Zertifizierungsstelle CSQA bescheinigt und der Spezifikationen der Gesch\u00fctzten Geografischen Angabe entsprechend, ist es ein Produkt von h\u00f6chster Qualit\u00e4t. Produktion: der Traubenmost wird auf kleiner [&hellip;]","og_url":"https:\/\/www.bertazzofood.com\/de\/prodotto\/balsamico-essig-aus-modena-g-g-a-selezione-fontanara\/","og_site_name":"Bertazzo Food","article_publisher":"https:\/\/www.facebook.com\/BertazzoItalianQualityFood","article_modified_time":"2024-06-23T20:19:35+00:00","og_image":[{"width":800,"height":800,"url":"https:\/\/www.bertazzofood.com\/wp-content\/uploads\/2024\/06\/Aceto-balsamico-di-Modena-Fontanara-0.25L-2.jpg","type":"image\/jpeg"}],"twitter_card":"summary_large_image","twitter_misc":{"Gesch\u00e4tzte Lesezeit":"1\u00a0Minute"},"schema":{"@context":"https:\/\/schema.org","@graph":[{"@type":"WebPage","@id":"https:\/\/www.bertazzofood.com\/de\/prodotto\/balsamico-essig-aus-modena-g-g-a-selezione-fontanara\/","url":"https:\/\/www.bertazzofood.com\/de\/prodotto\/balsamico-essig-aus-modena-g-g-a-selezione-fontanara\/","name":"Balsamico Essig aus Modena g.g.A. Selezione Fontanara","isPartOf":{"@id":"https:\/\/www.bertazzofood.com\/de\/#website"},"primaryImageOfPage":{"@id":"https:\/\/www.bertazzofood.com\/de\/prodotto\/balsamico-essig-aus-modena-g-g-a-selezione-fontanara\/#primaryimage"},"image":{"@id":"https:\/\/www.bertazzofood.com\/de\/prodotto\/balsamico-essig-aus-modena-g-g-a-selezione-fontanara\/#primaryimage"},"thumbnailUrl":"https:\/\/www.bertazzofood.com\/wp-content\/uploads\/2024\/06\/Aceto-balsamico-di-Modena-Fontanara-0.25L-2.jpg","datePublished":"2020-01-23T14:29:57+00:00","dateModified":"2024-06-23T20:19:35+00:00","breadcrumb":{"@id":"https:\/\/www.bertazzofood.com\/de\/prodotto\/balsamico-essig-aus-modena-g-g-a-selezione-fontanara\/#breadcrumb"},"inLanguage":"de","potentialAction":[{"@type":"ReadAction","target":["https:\/\/www.bertazzofood.com\/de\/prodotto\/balsamico-essig-aus-modena-g-g-a-selezione-fontanara\/"]}]},{"@type":"ImageObject","inLanguage":"de","@id":"https:\/\/www.bertazzofood.com\/de\/prodotto\/balsamico-essig-aus-modena-g-g-a-selezione-fontanara\/#primaryimage","url":"https:\/\/www.bertazzofood.com\/wp-content\/uploads\/2024\/06\/Aceto-balsamico-di-Modena-Fontanara-0.25L-2.jpg","contentUrl":"https:\/\/www.bertazzofood.com\/wp-content\/uploads\/2024\/06\/Aceto-balsamico-di-Modena-Fontanara-0.25L-2.jpg","width":800,"height":800},{"@type":"BreadcrumbList","@id":"https:\/\/www.bertazzofood.com\/de\/prodotto\/balsamico-essig-aus-modena-g-g-a-selezione-fontanara\/#breadcrumb","itemListElement":[{"@type":"ListItem","position":1,"name":"Home","item":"https:\/\/www.bertazzofood.com\/de\/homepage\/"},{"@type":"ListItem","position":2,"name":"Produkte","item":"https:\/\/www.bertazzofood.com\/de\/shop\/"},{"@type":"ListItem","position":3,"name":"Balsamico Essig aus Modena g.g.A. Selezione Fontanara"}]},{"@type":"WebSite","@id":"https:\/\/www.bertazzofood.com\/de\/#website","url":"https:\/\/www.bertazzofood.com\/de\/","name":"Bertazzo Food","description":"Prodotti Alimentari Italiani Online e Macchine Da Caff\u00e8","publisher":{"@id":"https:\/\/www.bertazzofood.com\/de\/#organization"},"potentialAction":[{"@type":"SearchAction","target":{"@type":"EntryPoint","urlTemplate":"https:\/\/www.bertazzofood.com\/de\/?s={search_term_string}"},"query-input":{"@type":"PropertyValueSpecification","valueRequired":true,"valueName":"search_term_string"}}],"inLanguage":"de"},{"@type":"Organization","@id":"https:\/\/www.bertazzofood.com\/de\/#organization","name":"Bertazzo Italian Quality Food S.a.s. di Bertazzo Fabio & C.","alternateName":"Bertazzo Food","url":"https:\/\/www.bertazzofood.com\/de\/","logo":{"@type":"ImageObject","inLanguage":"de","@id":"https:\/\/www.bertazzofood.com\/de\/#\/schema\/logo\/image\/","url":"https:\/\/www.bertazzofood.com\/wp-content\/uploads\/2024\/06\/logo-bertazzo.webp","contentUrl":"https:\/\/www.bertazzofood.com\/wp-content\/uploads\/2024\/06\/logo-bertazzo.webp","width":410,"height":166,"caption":"Bertazzo Italian Quality Food S.a.s. di Bertazzo Fabio & C."},"image":{"@id":"https:\/\/www.bertazzofood.com\/de\/#\/schema\/logo\/image\/"},"sameAs":["https:\/\/www.facebook.com\/BertazzoItalianQualityFood","https:\/\/www.instagram.com\/bertazzo_italian_quality_food\/"]}]}},"_links":{"self":[{"href":"https:\/\/www.bertazzofood.com\/de\/wp-json\/wp\/v2\/product\/9853","targetHints":{"allow":["GET"]}}],"collection":[{"href":"https:\/\/www.bertazzofood.com\/de\/wp-json\/wp\/v2\/product"}],"about":[{"href":"https:\/\/www.bertazzofood.com\/de\/wp-json\/wp\/v2\/types\/product"}],"replies":[{"embeddable":true,"href":"https:\/\/www.bertazzofood.com\/de\/wp-json\/wp\/v2\/comments?post=9853"}],"version-history":[{"count":0,"href":"https:\/\/www.bertazzofood.com\/de\/wp-json\/wp\/v2\/product\/9853\/revisions"}],"wp:featuredmedia":[{"embeddable":true,"href":"https:\/\/www.bertazzofood.com\/de\/wp-json\/wp\/v2\/media\/829"}],"wp:attachment":[{"href":"https:\/\/www.bertazzofood.com\/de\/wp-json\/wp\/v2\/media?parent=9853"}],"wp:term":[{"taxonomy":"product_brand","embeddable":true,"href":"https:\/\/www.bertazzofood.com\/de\/wp-json\/wp\/v2\/product_brand?post=9853"},{"taxonomy":"product_cat","embeddable":true,"href":"https:\/\/www.bertazzofood.com\/de\/wp-json\/wp\/v2\/product_cat?post=9853"},{"taxonomy":"product_tag","embeddable":true,"href":"https:\/\/www.bertazzofood.com\/de\/wp-json\/wp\/v2\/product_tag?post=9853"},{"taxonomy":"brands","embeddable":true,"href":"https:\/\/www.bertazzofood.com\/de\/wp-json\/wp\/v2\/brands?post=9853"},{"taxonomy":"flag_home","embeddable":true,"href":"https:\/\/www.bertazzofood.com\/de\/wp-json\/wp\/v2\/flag_home?post=9853"}],"curies":[{"name":"wp","href":"https:\/\/api.w.org\/{rel}","templated":true}]}}