{"id":9776,"date":"2020-01-23T16:07:20","date_gmt":"2020-01-23T15:07:20","guid":{"rendered":"https:\/\/thegarden.it\/staging8\/prodotto\/espresso-kaffeemaschine-la-spaziale-s1-rossini-dosata-silber\/"},"modified":"2024-06-23T22:17:24","modified_gmt":"2024-06-23T20:17:24","slug":"espresso-kaffeemaschine-la-spaziale-s1-rossini-dosata-silber","status":"publish","type":"product","link":"https:\/\/www.bertazzofood.com\/de\/prodotto\/espresso-kaffeemaschine-la-spaziale-s1-rossini-dosata-silber\/","title":{"rendered":"Espresso Kaffeemaschine La Spaziale S1 ROSSINI DOSATA Silber"},"content":{"rendered":"<p>Elektronische Kaffeemaschine mit programmierbarer Dosierung. Technische Daten:<\/p>\n<p>\u2022 Elektrische Heizanlage<br \/>\n\u2022 Thermostatische Temperaturregelung der Gruppentemperatur f\u00fcr Kaffeeausgabe<br \/>\n\u2022 Eingebauter Sicherheitsthermostat<br \/>\n\u2022 Anzeige Wassermangel<br \/>\n\u2022 Anzeige Betriebstemperatur erreicht<br \/>\n\u2022 Automatischer Dampfzyklus<br \/>\n\u2022 Halbautomatische Hei\u00dfwasserausgabe f\u00fcr Aufg\u00fcsse<br \/>\n\u2022 Eingebaute Vibrationspumpe<br \/>\n\u2022 0,45 lt. Kessel f\u00fcr Kaffeeausgabe<br \/>\n\u2022 1 Hei\u00dfwasserauslassd\u00fcse und 1 Dampfd\u00fcse<br \/>\n\u2022 Stromversorgung: 230\/110 V \u2013 50\/60 Hz<br \/>\n\u2022 Heizungsaufnahme: 1250 W<br \/>\n\u2022 Alarmkontrolle bei Betriebsst\u00f6rungen<br \/>\n\u2022 <strong>Mit eingebautem 3 Liter Tank<\/strong><\/p>\n<p>\u2022 <span lang=\"de\">Gewicht <\/span>22 kg<\/p>\n<p>\u2022Durchmesser 53mm<\/p>\n<p><strong>24 Monate Garantie.<\/strong><\/p>\n<p><strong>Versand kostenlos<\/strong>.<\/p>\n","protected":false},"excerpt":{"rendered":"<p>Elektronische Kaffeemaschine mit programmierbarer Dosierung. Technische Daten: \u2022 Elektrische Heizanlage \u2022 Thermostatische Temperaturregelung der Gruppentemperatur f\u00fcr Kaffeeausgabe \u2022 Eingebauter Sicherheitsthermostat \u2022 Anzeige Wassermangel \u2022 Anzeige Betriebstemperatur erreicht \u2022 Automatischer Dampfzyklus \u2022 Halbautomatische Hei\u00dfwasserausgabe f\u00fcr Aufg\u00fcsse \u2022 Eingebaute Vibrationspumpe \u2022 0,45 lt. Kessel f\u00fcr Kaffeeausgabe \u2022 1 Hei\u00dfwasserauslassd\u00fcse und 1 Dampfd\u00fcse \u2022 Stromversorgung: 230\/110 V \u2013 [&hellip;]<\/p>\n","protected":false},"featured_media":1346,"comment_status":"open","ping_status":"closed","template":"","meta":{"_acf_changed":false,"iawp_total_views":8},"product_brand":[],"product_cat":[1176,1155],"product_tag":[],"brands":[1627],"flag_home":[],"class_list":{"0":"post-9776","1":"product","2":"type-product","3":"status-publish","4":"has-post-thumbnail","6":"product_cat-espressomaschinen","7":"product_cat-kaffeemaschinen-zubehoer","8":"pa_garanzia-24-monate","9":"pa_tipo-di-alimentazione-acqua-wassertank","10":"pa_tipo-di-caldaia-ein-kessel","11":"pa_tipo-di-pompa-vibrationspumpe","12":"brands-la-spaziale","14":"first","15":"outofstock","16":"taxable","17":"shipping-taxable","18":"purchasable","19":"product-type-simple"},"acf":[],"yoast_head":"<!-- This site is optimized with the Yoast SEO plugin v27.5 - https:\/\/yoast.com\/product\/yoast-seo-wordpress\/ -->\n<title>Espresso Kaffeemaschine La Spaziale S1 ROSSINI DOSATA Silber<\/title>\n<meta name=\"robots\" content=\"index, follow, max-snippet:-1, max-image-preview:large, max-video-preview:-1\" \/>\n<link rel=\"canonical\" href=\"https:\/\/www.bertazzofood.com\/de\/prodotto\/espresso-kaffeemaschine-la-spaziale-s1-rossini-dosata-silber\/\" \/>\n<meta property=\"og:locale\" content=\"de_DE\" \/>\n<meta property=\"og:type\" content=\"article\" \/>\n<meta property=\"og:title\" content=\"Espresso Kaffeemaschine La Spaziale S1 ROSSINI DOSATA Silber\" \/>\n<meta property=\"og:description\" content=\"Elektronische Kaffeemaschine mit programmierbarer Dosierung. Technische Daten: \u2022 Elektrische Heizanlage \u2022 Thermostatische Temperaturregelung der Gruppentemperatur f\u00fcr Kaffeeausgabe \u2022 Eingebauter Sicherheitsthermostat \u2022 Anzeige Wassermangel \u2022 Anzeige Betriebstemperatur erreicht \u2022 Automatischer Dampfzyklus \u2022 Halbautomatische Hei\u00dfwasserausgabe f\u00fcr Aufg\u00fcsse \u2022 Eingebaute Vibrationspumpe \u2022 0,45 lt. Kessel f\u00fcr Kaffeeausgabe \u2022 1 Hei\u00dfwasserauslassd\u00fcse und 1 Dampfd\u00fcse \u2022 Stromversorgung: 230\/110 V \u2013 [&hellip;]\" \/>\n<meta property=\"og:url\" content=\"https:\/\/www.bertazzofood.com\/de\/prodotto\/espresso-kaffeemaschine-la-spaziale-s1-rossini-dosata-silber\/\" \/>\n<meta property=\"og:site_name\" content=\"Bertazzo Food\" \/>\n<meta property=\"article:publisher\" content=\"https:\/\/www.facebook.com\/BertazzoItalianQualityFood\" \/>\n<meta property=\"article:modified_time\" content=\"2024-06-23T20:17:24+00:00\" \/>\n<meta property=\"og:image\" content=\"https:\/\/www.bertazzofood.com\/wp-content\/uploads\/2024\/06\/La_Spaziale_Rossini_grigia-2.jpg\" \/>\n\t<meta property=\"og:image:width\" content=\"800\" \/>\n\t<meta property=\"og:image:height\" content=\"800\" \/>\n\t<meta property=\"og:image:type\" content=\"image\/webp\" \/>\n<meta name=\"twitter:card\" content=\"summary_large_image\" \/>\n<script type=\"application\/ld+json\" class=\"yoast-schema-graph\">{\"@context\":\"https:\\\/\\\/schema.org\",\"@graph\":[{\"@type\":\"WebPage\",\"@id\":\"https:\\\/\\\/www.bertazzofood.com\\\/de\\\/prodotto\\\/espresso-kaffeemaschine-la-spaziale-s1-rossini-dosata-silber\\\/\",\"url\":\"https:\\\/\\\/www.bertazzofood.com\\\/de\\\/prodotto\\\/espresso-kaffeemaschine-la-spaziale-s1-rossini-dosata-silber\\\/\",\"name\":\"Espresso Kaffeemaschine La Spaziale S1 ROSSINI DOSATA Silber\",\"isPartOf\":{\"@id\":\"https:\\\/\\\/www.bertazzofood.com\\\/de\\\/#website\"},\"primaryImageOfPage\":{\"@id\":\"https:\\\/\\\/www.bertazzofood.com\\\/de\\\/prodotto\\\/espresso-kaffeemaschine-la-spaziale-s1-rossini-dosata-silber\\\/#primaryimage\"},\"image\":{\"@id\":\"https:\\\/\\\/www.bertazzofood.com\\\/de\\\/prodotto\\\/espresso-kaffeemaschine-la-spaziale-s1-rossini-dosata-silber\\\/#primaryimage\"},\"thumbnailUrl\":\"https:\\\/\\\/www.bertazzofood.com\\\/wp-content\\\/uploads\\\/2024\\\/06\\\/La_Spaziale_Rossini_grigia-2.jpg\",\"datePublished\":\"2020-01-23T15:07:20+00:00\",\"dateModified\":\"2024-06-23T20:17:24+00:00\",\"breadcrumb\":{\"@id\":\"https:\\\/\\\/www.bertazzofood.com\\\/de\\\/prodotto\\\/espresso-kaffeemaschine-la-spaziale-s1-rossini-dosata-silber\\\/#breadcrumb\"},\"inLanguage\":\"de\",\"potentialAction\":[{\"@type\":\"ReadAction\",\"target\":[\"https:\\\/\\\/www.bertazzofood.com\\\/de\\\/prodotto\\\/espresso-kaffeemaschine-la-spaziale-s1-rossini-dosata-silber\\\/\"]}]},{\"@type\":\"ImageObject\",\"inLanguage\":\"de\",\"@id\":\"https:\\\/\\\/www.bertazzofood.com\\\/de\\\/prodotto\\\/espresso-kaffeemaschine-la-spaziale-s1-rossini-dosata-silber\\\/#primaryimage\",\"url\":\"https:\\\/\\\/www.bertazzofood.com\\\/wp-content\\\/uploads\\\/2024\\\/06\\\/La_Spaziale_Rossini_grigia-2.jpg\",\"contentUrl\":\"https:\\\/\\\/www.bertazzofood.com\\\/wp-content\\\/uploads\\\/2024\\\/06\\\/La_Spaziale_Rossini_grigia-2.jpg\",\"width\":800,\"height\":800},{\"@type\":\"BreadcrumbList\",\"@id\":\"https:\\\/\\\/www.bertazzofood.com\\\/de\\\/prodotto\\\/espresso-kaffeemaschine-la-spaziale-s1-rossini-dosata-silber\\\/#breadcrumb\",\"itemListElement\":[{\"@type\":\"ListItem\",\"position\":1,\"name\":\"Home\",\"item\":\"https:\\\/\\\/www.bertazzofood.com\\\/de\\\/homepage\\\/\"},{\"@type\":\"ListItem\",\"position\":2,\"name\":\"Produkte\",\"item\":\"https:\\\/\\\/www.bertazzofood.com\\\/de\\\/shop\\\/\"},{\"@type\":\"ListItem\",\"position\":3,\"name\":\"Espresso Kaffeemaschine La Spaziale S1 ROSSINI DOSATA Silber\"}]},{\"@type\":\"WebSite\",\"@id\":\"https:\\\/\\\/www.bertazzofood.com\\\/de\\\/#website\",\"url\":\"https:\\\/\\\/www.bertazzofood.com\\\/de\\\/\",\"name\":\"Bertazzo Food\",\"description\":\"Prodotti Alimentari Italiani Online e Macchine Da Caff\u00e8\",\"publisher\":{\"@id\":\"https:\\\/\\\/www.bertazzofood.com\\\/de\\\/#organization\"},\"potentialAction\":[{\"@type\":\"SearchAction\",\"target\":{\"@type\":\"EntryPoint\",\"urlTemplate\":\"https:\\\/\\\/www.bertazzofood.com\\\/de\\\/?s={search_term_string}\"},\"query-input\":{\"@type\":\"PropertyValueSpecification\",\"valueRequired\":true,\"valueName\":\"search_term_string\"}}],\"inLanguage\":\"de\"},{\"@type\":\"Organization\",\"@id\":\"https:\\\/\\\/www.bertazzofood.com\\\/de\\\/#organization\",\"name\":\"Bertazzo Italian Quality Food S.a.s. di Bertazzo Fabio & C.\",\"alternateName\":\"Bertazzo Food\",\"url\":\"https:\\\/\\\/www.bertazzofood.com\\\/de\\\/\",\"logo\":{\"@type\":\"ImageObject\",\"inLanguage\":\"de\",\"@id\":\"https:\\\/\\\/www.bertazzofood.com\\\/de\\\/#\\\/schema\\\/logo\\\/image\\\/\",\"url\":\"https:\\\/\\\/www.bertazzofood.com\\\/wp-content\\\/uploads\\\/2024\\\/06\\\/logo-bertazzo.webp\",\"contentUrl\":\"https:\\\/\\\/www.bertazzofood.com\\\/wp-content\\\/uploads\\\/2024\\\/06\\\/logo-bertazzo.webp\",\"width\":410,\"height\":166,\"caption\":\"Bertazzo Italian Quality Food S.a.s. di Bertazzo Fabio & C.\"},\"image\":{\"@id\":\"https:\\\/\\\/www.bertazzofood.com\\\/de\\\/#\\\/schema\\\/logo\\\/image\\\/\"},\"sameAs\":[\"https:\\\/\\\/www.facebook.com\\\/BertazzoItalianQualityFood\",\"https:\\\/\\\/www.instagram.com\\\/bertazzo_italian_quality_food\\\/\"]}]}<\/script>\n<!-- \/ Yoast SEO plugin. -->","yoast_head_json":{"title":"Espresso Kaffeemaschine La Spaziale S1 ROSSINI DOSATA Silber","robots":{"index":"index","follow":"follow","max-snippet":"max-snippet:-1","max-image-preview":"max-image-preview:large","max-video-preview":"max-video-preview:-1"},"canonical":"https:\/\/www.bertazzofood.com\/de\/prodotto\/espresso-kaffeemaschine-la-spaziale-s1-rossini-dosata-silber\/","og_locale":"de_DE","og_type":"article","og_title":"Espresso Kaffeemaschine La Spaziale S1 ROSSINI DOSATA Silber","og_description":"Elektronische Kaffeemaschine mit programmierbarer Dosierung. Technische Daten: \u2022 Elektrische Heizanlage \u2022 Thermostatische Temperaturregelung der Gruppentemperatur f\u00fcr Kaffeeausgabe \u2022 Eingebauter Sicherheitsthermostat \u2022 Anzeige Wassermangel \u2022 Anzeige Betriebstemperatur erreicht \u2022 Automatischer Dampfzyklus \u2022 Halbautomatische Hei\u00dfwasserausgabe f\u00fcr Aufg\u00fcsse \u2022 Eingebaute Vibrationspumpe \u2022 0,45 lt. Kessel f\u00fcr Kaffeeausgabe \u2022 1 Hei\u00dfwasserauslassd\u00fcse und 1 Dampfd\u00fcse \u2022 Stromversorgung: 230\/110 V \u2013 [&hellip;]","og_url":"https:\/\/www.bertazzofood.com\/de\/prodotto\/espresso-kaffeemaschine-la-spaziale-s1-rossini-dosata-silber\/","og_site_name":"Bertazzo Food","article_publisher":"https:\/\/www.facebook.com\/BertazzoItalianQualityFood","article_modified_time":"2024-06-23T20:17:24+00:00","og_image":[{"width":800,"height":800,"url":"https:\/\/www.bertazzofood.com\/wp-content\/uploads\/2024\/06\/La_Spaziale_Rossini_grigia-2.jpg","type":"image\/webp"}],"twitter_card":"summary_large_image","schema":{"@context":"https:\/\/schema.org","@graph":[{"@type":"WebPage","@id":"https:\/\/www.bertazzofood.com\/de\/prodotto\/espresso-kaffeemaschine-la-spaziale-s1-rossini-dosata-silber\/","url":"https:\/\/www.bertazzofood.com\/de\/prodotto\/espresso-kaffeemaschine-la-spaziale-s1-rossini-dosata-silber\/","name":"Espresso Kaffeemaschine La Spaziale S1 ROSSINI DOSATA Silber","isPartOf":{"@id":"https:\/\/www.bertazzofood.com\/de\/#website"},"primaryImageOfPage":{"@id":"https:\/\/www.bertazzofood.com\/de\/prodotto\/espresso-kaffeemaschine-la-spaziale-s1-rossini-dosata-silber\/#primaryimage"},"image":{"@id":"https:\/\/www.bertazzofood.com\/de\/prodotto\/espresso-kaffeemaschine-la-spaziale-s1-rossini-dosata-silber\/#primaryimage"},"thumbnailUrl":"https:\/\/www.bertazzofood.com\/wp-content\/uploads\/2024\/06\/La_Spaziale_Rossini_grigia-2.jpg","datePublished":"2020-01-23T15:07:20+00:00","dateModified":"2024-06-23T20:17:24+00:00","breadcrumb":{"@id":"https:\/\/www.bertazzofood.com\/de\/prodotto\/espresso-kaffeemaschine-la-spaziale-s1-rossini-dosata-silber\/#breadcrumb"},"inLanguage":"de","potentialAction":[{"@type":"ReadAction","target":["https:\/\/www.bertazzofood.com\/de\/prodotto\/espresso-kaffeemaschine-la-spaziale-s1-rossini-dosata-silber\/"]}]},{"@type":"ImageObject","inLanguage":"de","@id":"https:\/\/www.bertazzofood.com\/de\/prodotto\/espresso-kaffeemaschine-la-spaziale-s1-rossini-dosata-silber\/#primaryimage","url":"https:\/\/www.bertazzofood.com\/wp-content\/uploads\/2024\/06\/La_Spaziale_Rossini_grigia-2.jpg","contentUrl":"https:\/\/www.bertazzofood.com\/wp-content\/uploads\/2024\/06\/La_Spaziale_Rossini_grigia-2.jpg","width":800,"height":800},{"@type":"BreadcrumbList","@id":"https:\/\/www.bertazzofood.com\/de\/prodotto\/espresso-kaffeemaschine-la-spaziale-s1-rossini-dosata-silber\/#breadcrumb","itemListElement":[{"@type":"ListItem","position":1,"name":"Home","item":"https:\/\/www.bertazzofood.com\/de\/homepage\/"},{"@type":"ListItem","position":2,"name":"Produkte","item":"https:\/\/www.bertazzofood.com\/de\/shop\/"},{"@type":"ListItem","position":3,"name":"Espresso Kaffeemaschine La Spaziale S1 ROSSINI DOSATA Silber"}]},{"@type":"WebSite","@id":"https:\/\/www.bertazzofood.com\/de\/#website","url":"https:\/\/www.bertazzofood.com\/de\/","name":"Bertazzo Food","description":"Prodotti Alimentari Italiani Online e Macchine Da Caff\u00e8","publisher":{"@id":"https:\/\/www.bertazzofood.com\/de\/#organization"},"potentialAction":[{"@type":"SearchAction","target":{"@type":"EntryPoint","urlTemplate":"https:\/\/www.bertazzofood.com\/de\/?s={search_term_string}"},"query-input":{"@type":"PropertyValueSpecification","valueRequired":true,"valueName":"search_term_string"}}],"inLanguage":"de"},{"@type":"Organization","@id":"https:\/\/www.bertazzofood.com\/de\/#organization","name":"Bertazzo Italian Quality Food S.a.s. di Bertazzo Fabio & C.","alternateName":"Bertazzo Food","url":"https:\/\/www.bertazzofood.com\/de\/","logo":{"@type":"ImageObject","inLanguage":"de","@id":"https:\/\/www.bertazzofood.com\/de\/#\/schema\/logo\/image\/","url":"https:\/\/www.bertazzofood.com\/wp-content\/uploads\/2024\/06\/logo-bertazzo.webp","contentUrl":"https:\/\/www.bertazzofood.com\/wp-content\/uploads\/2024\/06\/logo-bertazzo.webp","width":410,"height":166,"caption":"Bertazzo Italian Quality Food S.a.s. di Bertazzo Fabio & C."},"image":{"@id":"https:\/\/www.bertazzofood.com\/de\/#\/schema\/logo\/image\/"},"sameAs":["https:\/\/www.facebook.com\/BertazzoItalianQualityFood","https:\/\/www.instagram.com\/bertazzo_italian_quality_food\/"]}]}},"_links":{"self":[{"href":"https:\/\/www.bertazzofood.com\/de\/wp-json\/wp\/v2\/product\/9776","targetHints":{"allow":["GET"]}}],"collection":[{"href":"https:\/\/www.bertazzofood.com\/de\/wp-json\/wp\/v2\/product"}],"about":[{"href":"https:\/\/www.bertazzofood.com\/de\/wp-json\/wp\/v2\/types\/product"}],"replies":[{"embeddable":true,"href":"https:\/\/www.bertazzofood.com\/de\/wp-json\/wp\/v2\/comments?post=9776"}],"version-history":[{"count":0,"href":"https:\/\/www.bertazzofood.com\/de\/wp-json\/wp\/v2\/product\/9776\/revisions"}],"wp:featuredmedia":[{"embeddable":true,"href":"https:\/\/www.bertazzofood.com\/de\/wp-json\/wp\/v2\/media\/1346"}],"wp:attachment":[{"href":"https:\/\/www.bertazzofood.com\/de\/wp-json\/wp\/v2\/media?parent=9776"}],"wp:term":[{"taxonomy":"product_brand","embeddable":true,"href":"https:\/\/www.bertazzofood.com\/de\/wp-json\/wp\/v2\/product_brand?post=9776"},{"taxonomy":"product_cat","embeddable":true,"href":"https:\/\/www.bertazzofood.com\/de\/wp-json\/wp\/v2\/product_cat?post=9776"},{"taxonomy":"product_tag","embeddable":true,"href":"https:\/\/www.bertazzofood.com\/de\/wp-json\/wp\/v2\/product_tag?post=9776"},{"taxonomy":"brands","embeddable":true,"href":"https:\/\/www.bertazzofood.com\/de\/wp-json\/wp\/v2\/brands?post=9776"},{"taxonomy":"flag_home","embeddable":true,"href":"https:\/\/www.bertazzofood.com\/de\/wp-json\/wp\/v2\/flag_home?post=9776"}],"curies":[{"name":"wp","href":"https:\/\/api.w.org\/{rel}","templated":true}]}}