{"id":9756,"date":"2020-01-23T16:11:14","date_gmt":"2020-01-23T15:11:14","guid":{"rendered":"https:\/\/thegarden.it\/staging8\/prodotto\/espresso-kaffeemaschine-la-spaziale-s1-vivaldi-schwarz\/"},"modified":"2024-06-23T22:16:38","modified_gmt":"2024-06-23T20:16:38","slug":"espresso-kaffeemaschine-la-spaziale-s1-vivaldi-schwarz","status":"publish","type":"product","link":"https:\/\/www.bertazzofood.com\/de\/prodotto\/espresso-kaffeemaschine-la-spaziale-s1-vivaldi-schwarz\/","title":{"rendered":"Espresso Kaffeemaschine La Spaziale S1 VIVALDI Schwarz"},"content":{"rendered":"<p>Automatischen 1 gruppige Espresso Kaffeemaschine. Technische Daten:<\/p>\n<p>\u2022 Programmierbare Dosierung<\/p>\n<p class=\" text-LEFT\">\u2022 Elektrische Heizanlage<\/p>\n<p class=\" text-LEFT\">\u2022 Elektronische Temperaturregelung der Kaffeeausgabetemperatur<\/p>\n<p class=\" text-LEFT\">\u2022 Elektronische Temperaturregelung der Kesseltemperatur f\u00fcr Dampf und Hei\u00dfwasser<\/p>\n<p class=\" text-LEFT\">\u2022 Eingebauter Sicherheitsthermostat<\/p>\n<p class=\" text-LEFT\">\u2022 Elektronische Kesself\u00fcllung<\/p>\n<p class=\" text-LEFT\">\u2022 Anzeige Betriebstemperatur erreicht durch \u201cBargraph\u201d Signal<\/p>\n<p class=\" text-LEFT\">\u2022 Halbautomatische Hei\u00dfwasserausgabe<\/p>\n<p class=\" text-LEFT\">\u2022 Eingebaute volumetrische Pumpe<\/p>\n<p class=\" text-LEFT\">\u2022 <strong>Direkter Wasseranschlu\u00df<\/strong><\/p>\n<p class=\" text-LEFT\">\u2022 2,5 lt. Kessel f\u00fcr Dampf und Hei\u00dfwasserausgabe<\/p>\n<p class=\" text-LEFT\">\u2022 0,45 lt. Kessel f\u00fcr Kaffeeausgabe<\/p>\n<p class=\" text-LEFT\">\u2022 1 Hei\u00dfwasserausla\u00df u. 1 Dampfd\u00fcse<\/p>\n<p class=\" text-LEFT\">\u2022 Stromversorgung: 230\/110 V &#8211; 50\/60 Hz<\/p>\n<p class=\" text-LEFT\">\u2022 Heizungsaufnahme: 1250 W Kesselheizung 800 W Gruppenheizung<\/p>\n<p class=\" text-LEFT\">\u2022 M\u00f6glichkeit Kesselheizung auszuschlie\u00dfen<\/p>\n<p class=\" text-LEFT\">\u2022 \u201cEconomy\u201d Funktion (h\u00f6chste Heizungsaufnahme 1250 W)<\/p>\n<p>\u2022 Alarmkontrolle bei Betriebsst\u00f6rungen<\/p>\n<p><strong>24 Monate Garantie.<\/strong><\/p>\n<p><strong>Versand kostenlos.<\/strong><\/p>\n","protected":false},"excerpt":{"rendered":"<p>Automatischen 1 gruppige Espresso Kaffeemaschine. Technische Daten: \u2022 Programmierbare Dosierung \u2022 Elektrische Heizanlage \u2022 Elektronische Temperaturregelung der Kaffeeausgabetemperatur \u2022 Elektronische Temperaturregelung der Kesseltemperatur f\u00fcr Dampf und Hei\u00dfwasser \u2022 Eingebauter Sicherheitsthermostat \u2022 Elektronische Kesself\u00fcllung \u2022 Anzeige Betriebstemperatur erreicht durch \u201cBargraph\u201d Signal \u2022 Halbautomatische Hei\u00dfwasserausgabe \u2022 Eingebaute volumetrische Pumpe \u2022 Direkter Wasseranschlu\u00df \u2022 2,5 lt. Kessel f\u00fcr [&hellip;]<\/p>\n","protected":false},"featured_media":1505,"comment_status":"open","ping_status":"closed","template":"","meta":{"_acf_changed":false,"iawp_total_views":7},"product_brand":[],"product_cat":[1176,1155],"product_tag":[],"brands":[1627],"flag_home":[],"class_list":{"0":"post-9756","1":"product","2":"type-product","3":"status-publish","4":"has-post-thumbnail","6":"product_cat-espressomaschinen","7":"product_cat-kaffeemaschinen-zubehoer","8":"pa_garanzia-24-monate","9":"brands-la-spaziale","11":"first","12":"outofstock","13":"taxable","14":"shipping-taxable","15":"purchasable","16":"product-type-simple"},"acf":[],"yoast_head":"<!-- This site is optimized with the Yoast SEO plugin v27.5 - https:\/\/yoast.com\/product\/yoast-seo-wordpress\/ -->\n<title>Espresso Kaffeemaschine La Spaziale S1 VIVALDI Schwarz<\/title>\n<meta name=\"robots\" content=\"index, follow, max-snippet:-1, max-image-preview:large, max-video-preview:-1\" \/>\n<link rel=\"canonical\" href=\"https:\/\/www.bertazzofood.com\/de\/prodotto\/espresso-kaffeemaschine-la-spaziale-s1-vivaldi-schwarz\/\" \/>\n<meta property=\"og:locale\" content=\"de_DE\" \/>\n<meta property=\"og:type\" content=\"article\" \/>\n<meta property=\"og:title\" content=\"Espresso Kaffeemaschine La Spaziale S1 VIVALDI Schwarz\" \/>\n<meta property=\"og:description\" content=\"Automatischen 1 gruppige Espresso Kaffeemaschine. Technische Daten: \u2022 Programmierbare Dosierung \u2022 Elektrische Heizanlage \u2022 Elektronische Temperaturregelung der Kaffeeausgabetemperatur \u2022 Elektronische Temperaturregelung der Kesseltemperatur f\u00fcr Dampf und Hei\u00dfwasser \u2022 Eingebauter Sicherheitsthermostat \u2022 Elektronische Kesself\u00fcllung \u2022 Anzeige Betriebstemperatur erreicht durch \u201cBargraph\u201d Signal \u2022 Halbautomatische Hei\u00dfwasserausgabe \u2022 Eingebaute volumetrische Pumpe \u2022 Direkter Wasseranschlu\u00df \u2022 2,5 lt. Kessel f\u00fcr [&hellip;]\" \/>\n<meta property=\"og:url\" content=\"https:\/\/www.bertazzofood.com\/de\/prodotto\/espresso-kaffeemaschine-la-spaziale-s1-vivaldi-schwarz\/\" \/>\n<meta property=\"og:site_name\" content=\"Bertazzo Food\" \/>\n<meta property=\"article:publisher\" content=\"https:\/\/www.facebook.com\/BertazzoItalianQualityFood\" \/>\n<meta property=\"article:modified_time\" content=\"2024-06-23T20:16:38+00:00\" \/>\n<meta property=\"og:image\" content=\"https:\/\/www.bertazzofood.com\/wp-content\/uploads\/2024\/06\/La_Spaziale_Vivaldi_nera-2.jpg\" \/>\n\t<meta property=\"og:image:width\" content=\"800\" \/>\n\t<meta property=\"og:image:height\" content=\"800\" \/>\n\t<meta property=\"og:image:type\" content=\"image\/jpeg\" \/>\n<meta name=\"twitter:card\" content=\"summary_large_image\" \/>\n<script type=\"application\/ld+json\" class=\"yoast-schema-graph\">{\"@context\":\"https:\\\/\\\/schema.org\",\"@graph\":[{\"@type\":\"WebPage\",\"@id\":\"https:\\\/\\\/www.bertazzofood.com\\\/de\\\/prodotto\\\/espresso-kaffeemaschine-la-spaziale-s1-vivaldi-schwarz\\\/\",\"url\":\"https:\\\/\\\/www.bertazzofood.com\\\/de\\\/prodotto\\\/espresso-kaffeemaschine-la-spaziale-s1-vivaldi-schwarz\\\/\",\"name\":\"Espresso Kaffeemaschine La Spaziale S1 VIVALDI Schwarz\",\"isPartOf\":{\"@id\":\"https:\\\/\\\/www.bertazzofood.com\\\/de\\\/#website\"},\"primaryImageOfPage\":{\"@id\":\"https:\\\/\\\/www.bertazzofood.com\\\/de\\\/prodotto\\\/espresso-kaffeemaschine-la-spaziale-s1-vivaldi-schwarz\\\/#primaryimage\"},\"image\":{\"@id\":\"https:\\\/\\\/www.bertazzofood.com\\\/de\\\/prodotto\\\/espresso-kaffeemaschine-la-spaziale-s1-vivaldi-schwarz\\\/#primaryimage\"},\"thumbnailUrl\":\"https:\\\/\\\/www.bertazzofood.com\\\/wp-content\\\/uploads\\\/2024\\\/06\\\/La_Spaziale_Vivaldi_nera-2.jpg\",\"datePublished\":\"2020-01-23T15:11:14+00:00\",\"dateModified\":\"2024-06-23T20:16:38+00:00\",\"breadcrumb\":{\"@id\":\"https:\\\/\\\/www.bertazzofood.com\\\/de\\\/prodotto\\\/espresso-kaffeemaschine-la-spaziale-s1-vivaldi-schwarz\\\/#breadcrumb\"},\"inLanguage\":\"de\",\"potentialAction\":[{\"@type\":\"ReadAction\",\"target\":[\"https:\\\/\\\/www.bertazzofood.com\\\/de\\\/prodotto\\\/espresso-kaffeemaschine-la-spaziale-s1-vivaldi-schwarz\\\/\"]}]},{\"@type\":\"ImageObject\",\"inLanguage\":\"de\",\"@id\":\"https:\\\/\\\/www.bertazzofood.com\\\/de\\\/prodotto\\\/espresso-kaffeemaschine-la-spaziale-s1-vivaldi-schwarz\\\/#primaryimage\",\"url\":\"https:\\\/\\\/www.bertazzofood.com\\\/wp-content\\\/uploads\\\/2024\\\/06\\\/La_Spaziale_Vivaldi_nera-2.jpg\",\"contentUrl\":\"https:\\\/\\\/www.bertazzofood.com\\\/wp-content\\\/uploads\\\/2024\\\/06\\\/La_Spaziale_Vivaldi_nera-2.jpg\",\"width\":800,\"height\":800},{\"@type\":\"BreadcrumbList\",\"@id\":\"https:\\\/\\\/www.bertazzofood.com\\\/de\\\/prodotto\\\/espresso-kaffeemaschine-la-spaziale-s1-vivaldi-schwarz\\\/#breadcrumb\",\"itemListElement\":[{\"@type\":\"ListItem\",\"position\":1,\"name\":\"Home\",\"item\":\"https:\\\/\\\/www.bertazzofood.com\\\/de\\\/homepage\\\/\"},{\"@type\":\"ListItem\",\"position\":2,\"name\":\"Produkte\",\"item\":\"https:\\\/\\\/www.bertazzofood.com\\\/de\\\/shop\\\/\"},{\"@type\":\"ListItem\",\"position\":3,\"name\":\"Espresso Kaffeemaschine La Spaziale S1 VIVALDI Schwarz\"}]},{\"@type\":\"WebSite\",\"@id\":\"https:\\\/\\\/www.bertazzofood.com\\\/de\\\/#website\",\"url\":\"https:\\\/\\\/www.bertazzofood.com\\\/de\\\/\",\"name\":\"Bertazzo Food\",\"description\":\"Prodotti Alimentari Italiani Online e Macchine Da Caff\u00e8\",\"publisher\":{\"@id\":\"https:\\\/\\\/www.bertazzofood.com\\\/de\\\/#organization\"},\"potentialAction\":[{\"@type\":\"SearchAction\",\"target\":{\"@type\":\"EntryPoint\",\"urlTemplate\":\"https:\\\/\\\/www.bertazzofood.com\\\/de\\\/?s={search_term_string}\"},\"query-input\":{\"@type\":\"PropertyValueSpecification\",\"valueRequired\":true,\"valueName\":\"search_term_string\"}}],\"inLanguage\":\"de\"},{\"@type\":\"Organization\",\"@id\":\"https:\\\/\\\/www.bertazzofood.com\\\/de\\\/#organization\",\"name\":\"Bertazzo Italian Quality Food S.a.s. di Bertazzo Fabio & C.\",\"alternateName\":\"Bertazzo Food\",\"url\":\"https:\\\/\\\/www.bertazzofood.com\\\/de\\\/\",\"logo\":{\"@type\":\"ImageObject\",\"inLanguage\":\"de\",\"@id\":\"https:\\\/\\\/www.bertazzofood.com\\\/de\\\/#\\\/schema\\\/logo\\\/image\\\/\",\"url\":\"https:\\\/\\\/www.bertazzofood.com\\\/wp-content\\\/uploads\\\/2024\\\/06\\\/logo-bertazzo.webp\",\"contentUrl\":\"https:\\\/\\\/www.bertazzofood.com\\\/wp-content\\\/uploads\\\/2024\\\/06\\\/logo-bertazzo.webp\",\"width\":410,\"height\":166,\"caption\":\"Bertazzo Italian Quality Food S.a.s. di Bertazzo Fabio & C.\"},\"image\":{\"@id\":\"https:\\\/\\\/www.bertazzofood.com\\\/de\\\/#\\\/schema\\\/logo\\\/image\\\/\"},\"sameAs\":[\"https:\\\/\\\/www.facebook.com\\\/BertazzoItalianQualityFood\",\"https:\\\/\\\/www.instagram.com\\\/bertazzo_italian_quality_food\\\/\"]}]}<\/script>\n<!-- \/ Yoast SEO plugin. -->","yoast_head_json":{"title":"Espresso Kaffeemaschine La Spaziale S1 VIVALDI Schwarz","robots":{"index":"index","follow":"follow","max-snippet":"max-snippet:-1","max-image-preview":"max-image-preview:large","max-video-preview":"max-video-preview:-1"},"canonical":"https:\/\/www.bertazzofood.com\/de\/prodotto\/espresso-kaffeemaschine-la-spaziale-s1-vivaldi-schwarz\/","og_locale":"de_DE","og_type":"article","og_title":"Espresso Kaffeemaschine La Spaziale S1 VIVALDI Schwarz","og_description":"Automatischen 1 gruppige Espresso Kaffeemaschine. Technische Daten: \u2022 Programmierbare Dosierung \u2022 Elektrische Heizanlage \u2022 Elektronische Temperaturregelung der Kaffeeausgabetemperatur \u2022 Elektronische Temperaturregelung der Kesseltemperatur f\u00fcr Dampf und Hei\u00dfwasser \u2022 Eingebauter Sicherheitsthermostat \u2022 Elektronische Kesself\u00fcllung \u2022 Anzeige Betriebstemperatur erreicht durch \u201cBargraph\u201d Signal \u2022 Halbautomatische Hei\u00dfwasserausgabe \u2022 Eingebaute volumetrische Pumpe \u2022 Direkter Wasseranschlu\u00df \u2022 2,5 lt. Kessel f\u00fcr [&hellip;]","og_url":"https:\/\/www.bertazzofood.com\/de\/prodotto\/espresso-kaffeemaschine-la-spaziale-s1-vivaldi-schwarz\/","og_site_name":"Bertazzo Food","article_publisher":"https:\/\/www.facebook.com\/BertazzoItalianQualityFood","article_modified_time":"2024-06-23T20:16:38+00:00","og_image":[{"width":800,"height":800,"url":"https:\/\/www.bertazzofood.com\/wp-content\/uploads\/2024\/06\/La_Spaziale_Vivaldi_nera-2.jpg","type":"image\/jpeg"}],"twitter_card":"summary_large_image","schema":{"@context":"https:\/\/schema.org","@graph":[{"@type":"WebPage","@id":"https:\/\/www.bertazzofood.com\/de\/prodotto\/espresso-kaffeemaschine-la-spaziale-s1-vivaldi-schwarz\/","url":"https:\/\/www.bertazzofood.com\/de\/prodotto\/espresso-kaffeemaschine-la-spaziale-s1-vivaldi-schwarz\/","name":"Espresso Kaffeemaschine La Spaziale S1 VIVALDI Schwarz","isPartOf":{"@id":"https:\/\/www.bertazzofood.com\/de\/#website"},"primaryImageOfPage":{"@id":"https:\/\/www.bertazzofood.com\/de\/prodotto\/espresso-kaffeemaschine-la-spaziale-s1-vivaldi-schwarz\/#primaryimage"},"image":{"@id":"https:\/\/www.bertazzofood.com\/de\/prodotto\/espresso-kaffeemaschine-la-spaziale-s1-vivaldi-schwarz\/#primaryimage"},"thumbnailUrl":"https:\/\/www.bertazzofood.com\/wp-content\/uploads\/2024\/06\/La_Spaziale_Vivaldi_nera-2.jpg","datePublished":"2020-01-23T15:11:14+00:00","dateModified":"2024-06-23T20:16:38+00:00","breadcrumb":{"@id":"https:\/\/www.bertazzofood.com\/de\/prodotto\/espresso-kaffeemaschine-la-spaziale-s1-vivaldi-schwarz\/#breadcrumb"},"inLanguage":"de","potentialAction":[{"@type":"ReadAction","target":["https:\/\/www.bertazzofood.com\/de\/prodotto\/espresso-kaffeemaschine-la-spaziale-s1-vivaldi-schwarz\/"]}]},{"@type":"ImageObject","inLanguage":"de","@id":"https:\/\/www.bertazzofood.com\/de\/prodotto\/espresso-kaffeemaschine-la-spaziale-s1-vivaldi-schwarz\/#primaryimage","url":"https:\/\/www.bertazzofood.com\/wp-content\/uploads\/2024\/06\/La_Spaziale_Vivaldi_nera-2.jpg","contentUrl":"https:\/\/www.bertazzofood.com\/wp-content\/uploads\/2024\/06\/La_Spaziale_Vivaldi_nera-2.jpg","width":800,"height":800},{"@type":"BreadcrumbList","@id":"https:\/\/www.bertazzofood.com\/de\/prodotto\/espresso-kaffeemaschine-la-spaziale-s1-vivaldi-schwarz\/#breadcrumb","itemListElement":[{"@type":"ListItem","position":1,"name":"Home","item":"https:\/\/www.bertazzofood.com\/de\/homepage\/"},{"@type":"ListItem","position":2,"name":"Produkte","item":"https:\/\/www.bertazzofood.com\/de\/shop\/"},{"@type":"ListItem","position":3,"name":"Espresso Kaffeemaschine La Spaziale S1 VIVALDI Schwarz"}]},{"@type":"WebSite","@id":"https:\/\/www.bertazzofood.com\/de\/#website","url":"https:\/\/www.bertazzofood.com\/de\/","name":"Bertazzo Food","description":"Prodotti Alimentari Italiani Online e Macchine Da Caff\u00e8","publisher":{"@id":"https:\/\/www.bertazzofood.com\/de\/#organization"},"potentialAction":[{"@type":"SearchAction","target":{"@type":"EntryPoint","urlTemplate":"https:\/\/www.bertazzofood.com\/de\/?s={search_term_string}"},"query-input":{"@type":"PropertyValueSpecification","valueRequired":true,"valueName":"search_term_string"}}],"inLanguage":"de"},{"@type":"Organization","@id":"https:\/\/www.bertazzofood.com\/de\/#organization","name":"Bertazzo Italian Quality Food S.a.s. di Bertazzo Fabio & C.","alternateName":"Bertazzo Food","url":"https:\/\/www.bertazzofood.com\/de\/","logo":{"@type":"ImageObject","inLanguage":"de","@id":"https:\/\/www.bertazzofood.com\/de\/#\/schema\/logo\/image\/","url":"https:\/\/www.bertazzofood.com\/wp-content\/uploads\/2024\/06\/logo-bertazzo.webp","contentUrl":"https:\/\/www.bertazzofood.com\/wp-content\/uploads\/2024\/06\/logo-bertazzo.webp","width":410,"height":166,"caption":"Bertazzo Italian Quality Food S.a.s. di Bertazzo Fabio & C."},"image":{"@id":"https:\/\/www.bertazzofood.com\/de\/#\/schema\/logo\/image\/"},"sameAs":["https:\/\/www.facebook.com\/BertazzoItalianQualityFood","https:\/\/www.instagram.com\/bertazzo_italian_quality_food\/"]}]}},"_links":{"self":[{"href":"https:\/\/www.bertazzofood.com\/de\/wp-json\/wp\/v2\/product\/9756","targetHints":{"allow":["GET"]}}],"collection":[{"href":"https:\/\/www.bertazzofood.com\/de\/wp-json\/wp\/v2\/product"}],"about":[{"href":"https:\/\/www.bertazzofood.com\/de\/wp-json\/wp\/v2\/types\/product"}],"replies":[{"embeddable":true,"href":"https:\/\/www.bertazzofood.com\/de\/wp-json\/wp\/v2\/comments?post=9756"}],"version-history":[{"count":0,"href":"https:\/\/www.bertazzofood.com\/de\/wp-json\/wp\/v2\/product\/9756\/revisions"}],"wp:featuredmedia":[{"embeddable":true,"href":"https:\/\/www.bertazzofood.com\/de\/wp-json\/wp\/v2\/media\/1505"}],"wp:attachment":[{"href":"https:\/\/www.bertazzofood.com\/de\/wp-json\/wp\/v2\/media?parent=9756"}],"wp:term":[{"taxonomy":"product_brand","embeddable":true,"href":"https:\/\/www.bertazzofood.com\/de\/wp-json\/wp\/v2\/product_brand?post=9756"},{"taxonomy":"product_cat","embeddable":true,"href":"https:\/\/www.bertazzofood.com\/de\/wp-json\/wp\/v2\/product_cat?post=9756"},{"taxonomy":"product_tag","embeddable":true,"href":"https:\/\/www.bertazzofood.com\/de\/wp-json\/wp\/v2\/product_tag?post=9756"},{"taxonomy":"brands","embeddable":true,"href":"https:\/\/www.bertazzofood.com\/de\/wp-json\/wp\/v2\/brands?post=9756"},{"taxonomy":"flag_home","embeddable":true,"href":"https:\/\/www.bertazzofood.com\/de\/wp-json\/wp\/v2\/flag_home?post=9756"}],"curies":[{"name":"wp","href":"https:\/\/api.w.org\/{rel}","templated":true}]}}