{"id":9709,"date":"2020-01-23T16:20:47","date_gmt":"2020-01-23T15:20:47","guid":{"rendered":"https:\/\/thegarden.it\/staging8\/prodotto\/orangesaft\/"},"modified":"2024-06-23T22:15:18","modified_gmt":"2024-06-23T20:15:18","slug":"orangesaft","status":"publish","type":"product","link":"https:\/\/www.bertazzofood.com\/de\/prodotto\/orangesaft\/","title":{"rendered":"Orangesaft"},"content":{"rendered":"<p>100% v\u00f6llig nat\u00fcrlicher Orangensaft, f\u00fcr den nur erstklassige Orangen ausgepresst und bei niedriger Temperatur pasteurisiert werden. Seine Farbe, sein Geschmack und sein Duft k\u00f6nnen nur durch naturreines Obst erzielt werden. Als Antioxidationsmittel wird ausschlie\u00dflich Vitamin C hinzugef\u00fcgt.<\/p>\n","protected":false},"excerpt":{"rendered":"<p>100% v\u00f6llig nat\u00fcrlicher Orangensaft, f\u00fcr den nur erstklassige Orangen ausgepresst und bei niedriger Temperatur pasteurisiert werden. Seine Farbe, sein Geschmack und sein Duft k\u00f6nnen nur durch naturreines Obst erzielt werden. Als Antioxidationsmittel wird ausschlie\u00dflich Vitamin C hinzugef\u00fcgt.<\/p>\n","protected":false},"featured_media":1809,"comment_status":"open","ping_status":"open","template":"","meta":{"_acf_changed":false,"iawp_total_views":23},"product_brand":[],"product_cat":[1175],"product_tag":[],"brands":[],"flag_home":[],"class_list":{"0":"post-9709","1":"product","2":"type-product","3":"status-publish","4":"has-post-thumbnail","6":"product_cat-mehr","8":"first","9":"outofstock","10":"taxable","11":"shipping-taxable","12":"purchasable","13":"product-type-simple"},"acf":[],"yoast_head":"<!-- This site is optimized with the Yoast SEO plugin v27.5 - https:\/\/yoast.com\/product\/yoast-seo-wordpress\/ -->\n<title>Orangesaft<\/title>\n<meta name=\"robots\" content=\"index, follow, max-snippet:-1, max-image-preview:large, max-video-preview:-1\" \/>\n<link rel=\"canonical\" href=\"https:\/\/www.bertazzofood.com\/de\/prodotto\/orangesaft\/\" \/>\n<meta property=\"og:locale\" content=\"de_DE\" \/>\n<meta property=\"og:type\" content=\"article\" \/>\n<meta property=\"og:title\" content=\"Orangesaft\" \/>\n<meta property=\"og:description\" content=\"100% v\u00f6llig nat\u00fcrlicher Orangensaft, f\u00fcr den nur erstklassige Orangen ausgepresst und bei niedriger Temperatur pasteurisiert werden. Seine Farbe, sein Geschmack und sein Duft k\u00f6nnen nur durch naturreines Obst erzielt werden. Als Antioxidationsmittel wird ausschlie\u00dflich Vitamin C hinzugef\u00fcgt.\" \/>\n<meta property=\"og:url\" content=\"https:\/\/www.bertazzofood.com\/de\/prodotto\/orangesaft\/\" \/>\n<meta property=\"og:site_name\" content=\"Bertazzo Food\" \/>\n<meta property=\"article:publisher\" content=\"https:\/\/www.facebook.com\/BertazzoItalianQualityFood\" \/>\n<meta property=\"article:modified_time\" content=\"2024-06-23T20:15:18+00:00\" \/>\n<meta property=\"og:image\" content=\"https:\/\/www.bertazzofood.com\/wp-content\/uploads\/2024\/06\/Succo_arancia-2.jpg\" \/>\n\t<meta property=\"og:image:width\" content=\"800\" \/>\n\t<meta property=\"og:image:height\" content=\"800\" \/>\n\t<meta property=\"og:image:type\" content=\"image\/jpeg\" \/>\n<meta name=\"twitter:card\" content=\"summary_large_image\" \/>\n<script type=\"application\/ld+json\" class=\"yoast-schema-graph\">{\"@context\":\"https:\\\/\\\/schema.org\",\"@graph\":[{\"@type\":\"WebPage\",\"@id\":\"https:\\\/\\\/www.bertazzofood.com\\\/de\\\/prodotto\\\/orangesaft\\\/\",\"url\":\"https:\\\/\\\/www.bertazzofood.com\\\/de\\\/prodotto\\\/orangesaft\\\/\",\"name\":\"Orangesaft\",\"isPartOf\":{\"@id\":\"https:\\\/\\\/www.bertazzofood.com\\\/de\\\/#website\"},\"primaryImageOfPage\":{\"@id\":\"https:\\\/\\\/www.bertazzofood.com\\\/de\\\/prodotto\\\/orangesaft\\\/#primaryimage\"},\"image\":{\"@id\":\"https:\\\/\\\/www.bertazzofood.com\\\/de\\\/prodotto\\\/orangesaft\\\/#primaryimage\"},\"thumbnailUrl\":\"https:\\\/\\\/www.bertazzofood.com\\\/wp-content\\\/uploads\\\/2024\\\/06\\\/Succo_arancia-2.jpg\",\"datePublished\":\"2020-01-23T15:20:47+00:00\",\"dateModified\":\"2024-06-23T20:15:18+00:00\",\"breadcrumb\":{\"@id\":\"https:\\\/\\\/www.bertazzofood.com\\\/de\\\/prodotto\\\/orangesaft\\\/#breadcrumb\"},\"inLanguage\":\"de\",\"potentialAction\":[{\"@type\":\"ReadAction\",\"target\":[\"https:\\\/\\\/www.bertazzofood.com\\\/de\\\/prodotto\\\/orangesaft\\\/\"]}]},{\"@type\":\"ImageObject\",\"inLanguage\":\"de\",\"@id\":\"https:\\\/\\\/www.bertazzofood.com\\\/de\\\/prodotto\\\/orangesaft\\\/#primaryimage\",\"url\":\"https:\\\/\\\/www.bertazzofood.com\\\/wp-content\\\/uploads\\\/2024\\\/06\\\/Succo_arancia-2.jpg\",\"contentUrl\":\"https:\\\/\\\/www.bertazzofood.com\\\/wp-content\\\/uploads\\\/2024\\\/06\\\/Succo_arancia-2.jpg\",\"width\":800,\"height\":800},{\"@type\":\"BreadcrumbList\",\"@id\":\"https:\\\/\\\/www.bertazzofood.com\\\/de\\\/prodotto\\\/orangesaft\\\/#breadcrumb\",\"itemListElement\":[{\"@type\":\"ListItem\",\"position\":1,\"name\":\"Home\",\"item\":\"https:\\\/\\\/www.bertazzofood.com\\\/de\\\/homepage\\\/\"},{\"@type\":\"ListItem\",\"position\":2,\"name\":\"Produkte\",\"item\":\"https:\\\/\\\/www.bertazzofood.com\\\/de\\\/shop\\\/\"},{\"@type\":\"ListItem\",\"position\":3,\"name\":\"Orangesaft\"}]},{\"@type\":\"WebSite\",\"@id\":\"https:\\\/\\\/www.bertazzofood.com\\\/de\\\/#website\",\"url\":\"https:\\\/\\\/www.bertazzofood.com\\\/de\\\/\",\"name\":\"Bertazzo Food\",\"description\":\"Prodotti Alimentari Italiani Online e Macchine Da Caff\u00e8\",\"publisher\":{\"@id\":\"https:\\\/\\\/www.bertazzofood.com\\\/de\\\/#organization\"},\"potentialAction\":[{\"@type\":\"SearchAction\",\"target\":{\"@type\":\"EntryPoint\",\"urlTemplate\":\"https:\\\/\\\/www.bertazzofood.com\\\/de\\\/?s={search_term_string}\"},\"query-input\":{\"@type\":\"PropertyValueSpecification\",\"valueRequired\":true,\"valueName\":\"search_term_string\"}}],\"inLanguage\":\"de\"},{\"@type\":\"Organization\",\"@id\":\"https:\\\/\\\/www.bertazzofood.com\\\/de\\\/#organization\",\"name\":\"Bertazzo Italian Quality Food S.a.s. di Bertazzo Fabio & C.\",\"alternateName\":\"Bertazzo Food\",\"url\":\"https:\\\/\\\/www.bertazzofood.com\\\/de\\\/\",\"logo\":{\"@type\":\"ImageObject\",\"inLanguage\":\"de\",\"@id\":\"https:\\\/\\\/www.bertazzofood.com\\\/de\\\/#\\\/schema\\\/logo\\\/image\\\/\",\"url\":\"https:\\\/\\\/www.bertazzofood.com\\\/wp-content\\\/uploads\\\/2024\\\/06\\\/logo-bertazzo.webp\",\"contentUrl\":\"https:\\\/\\\/www.bertazzofood.com\\\/wp-content\\\/uploads\\\/2024\\\/06\\\/logo-bertazzo.webp\",\"width\":410,\"height\":166,\"caption\":\"Bertazzo Italian Quality Food S.a.s. di Bertazzo Fabio & C.\"},\"image\":{\"@id\":\"https:\\\/\\\/www.bertazzofood.com\\\/de\\\/#\\\/schema\\\/logo\\\/image\\\/\"},\"sameAs\":[\"https:\\\/\\\/www.facebook.com\\\/BertazzoItalianQualityFood\",\"https:\\\/\\\/www.instagram.com\\\/bertazzo_italian_quality_food\\\/\"]}]}<\/script>\n<!-- \/ Yoast SEO plugin. -->","yoast_head_json":{"title":"Orangesaft","robots":{"index":"index","follow":"follow","max-snippet":"max-snippet:-1","max-image-preview":"max-image-preview:large","max-video-preview":"max-video-preview:-1"},"canonical":"https:\/\/www.bertazzofood.com\/de\/prodotto\/orangesaft\/","og_locale":"de_DE","og_type":"article","og_title":"Orangesaft","og_description":"100% v\u00f6llig nat\u00fcrlicher Orangensaft, f\u00fcr den nur erstklassige Orangen ausgepresst und bei niedriger Temperatur pasteurisiert werden. Seine Farbe, sein Geschmack und sein Duft k\u00f6nnen nur durch naturreines Obst erzielt werden. Als Antioxidationsmittel wird ausschlie\u00dflich Vitamin C hinzugef\u00fcgt.","og_url":"https:\/\/www.bertazzofood.com\/de\/prodotto\/orangesaft\/","og_site_name":"Bertazzo Food","article_publisher":"https:\/\/www.facebook.com\/BertazzoItalianQualityFood","article_modified_time":"2024-06-23T20:15:18+00:00","og_image":[{"width":800,"height":800,"url":"https:\/\/www.bertazzofood.com\/wp-content\/uploads\/2024\/06\/Succo_arancia-2.jpg","type":"image\/jpeg"}],"twitter_card":"summary_large_image","schema":{"@context":"https:\/\/schema.org","@graph":[{"@type":"WebPage","@id":"https:\/\/www.bertazzofood.com\/de\/prodotto\/orangesaft\/","url":"https:\/\/www.bertazzofood.com\/de\/prodotto\/orangesaft\/","name":"Orangesaft","isPartOf":{"@id":"https:\/\/www.bertazzofood.com\/de\/#website"},"primaryImageOfPage":{"@id":"https:\/\/www.bertazzofood.com\/de\/prodotto\/orangesaft\/#primaryimage"},"image":{"@id":"https:\/\/www.bertazzofood.com\/de\/prodotto\/orangesaft\/#primaryimage"},"thumbnailUrl":"https:\/\/www.bertazzofood.com\/wp-content\/uploads\/2024\/06\/Succo_arancia-2.jpg","datePublished":"2020-01-23T15:20:47+00:00","dateModified":"2024-06-23T20:15:18+00:00","breadcrumb":{"@id":"https:\/\/www.bertazzofood.com\/de\/prodotto\/orangesaft\/#breadcrumb"},"inLanguage":"de","potentialAction":[{"@type":"ReadAction","target":["https:\/\/www.bertazzofood.com\/de\/prodotto\/orangesaft\/"]}]},{"@type":"ImageObject","inLanguage":"de","@id":"https:\/\/www.bertazzofood.com\/de\/prodotto\/orangesaft\/#primaryimage","url":"https:\/\/www.bertazzofood.com\/wp-content\/uploads\/2024\/06\/Succo_arancia-2.jpg","contentUrl":"https:\/\/www.bertazzofood.com\/wp-content\/uploads\/2024\/06\/Succo_arancia-2.jpg","width":800,"height":800},{"@type":"BreadcrumbList","@id":"https:\/\/www.bertazzofood.com\/de\/prodotto\/orangesaft\/#breadcrumb","itemListElement":[{"@type":"ListItem","position":1,"name":"Home","item":"https:\/\/www.bertazzofood.com\/de\/homepage\/"},{"@type":"ListItem","position":2,"name":"Produkte","item":"https:\/\/www.bertazzofood.com\/de\/shop\/"},{"@type":"ListItem","position":3,"name":"Orangesaft"}]},{"@type":"WebSite","@id":"https:\/\/www.bertazzofood.com\/de\/#website","url":"https:\/\/www.bertazzofood.com\/de\/","name":"Bertazzo Food","description":"Prodotti Alimentari Italiani Online e Macchine Da Caff\u00e8","publisher":{"@id":"https:\/\/www.bertazzofood.com\/de\/#organization"},"potentialAction":[{"@type":"SearchAction","target":{"@type":"EntryPoint","urlTemplate":"https:\/\/www.bertazzofood.com\/de\/?s={search_term_string}"},"query-input":{"@type":"PropertyValueSpecification","valueRequired":true,"valueName":"search_term_string"}}],"inLanguage":"de"},{"@type":"Organization","@id":"https:\/\/www.bertazzofood.com\/de\/#organization","name":"Bertazzo Italian Quality Food S.a.s. di Bertazzo Fabio & C.","alternateName":"Bertazzo Food","url":"https:\/\/www.bertazzofood.com\/de\/","logo":{"@type":"ImageObject","inLanguage":"de","@id":"https:\/\/www.bertazzofood.com\/de\/#\/schema\/logo\/image\/","url":"https:\/\/www.bertazzofood.com\/wp-content\/uploads\/2024\/06\/logo-bertazzo.webp","contentUrl":"https:\/\/www.bertazzofood.com\/wp-content\/uploads\/2024\/06\/logo-bertazzo.webp","width":410,"height":166,"caption":"Bertazzo Italian Quality Food S.a.s. di Bertazzo Fabio & C."},"image":{"@id":"https:\/\/www.bertazzofood.com\/de\/#\/schema\/logo\/image\/"},"sameAs":["https:\/\/www.facebook.com\/BertazzoItalianQualityFood","https:\/\/www.instagram.com\/bertazzo_italian_quality_food\/"]}]}},"_links":{"self":[{"href":"https:\/\/www.bertazzofood.com\/de\/wp-json\/wp\/v2\/product\/9709","targetHints":{"allow":["GET"]}}],"collection":[{"href":"https:\/\/www.bertazzofood.com\/de\/wp-json\/wp\/v2\/product"}],"about":[{"href":"https:\/\/www.bertazzofood.com\/de\/wp-json\/wp\/v2\/types\/product"}],"replies":[{"embeddable":true,"href":"https:\/\/www.bertazzofood.com\/de\/wp-json\/wp\/v2\/comments?post=9709"}],"version-history":[{"count":0,"href":"https:\/\/www.bertazzofood.com\/de\/wp-json\/wp\/v2\/product\/9709\/revisions"}],"wp:featuredmedia":[{"embeddable":true,"href":"https:\/\/www.bertazzofood.com\/de\/wp-json\/wp\/v2\/media\/1809"}],"wp:attachment":[{"href":"https:\/\/www.bertazzofood.com\/de\/wp-json\/wp\/v2\/media?parent=9709"}],"wp:term":[{"taxonomy":"product_brand","embeddable":true,"href":"https:\/\/www.bertazzofood.com\/de\/wp-json\/wp\/v2\/product_brand?post=9709"},{"taxonomy":"product_cat","embeddable":true,"href":"https:\/\/www.bertazzofood.com\/de\/wp-json\/wp\/v2\/product_cat?post=9709"},{"taxonomy":"product_tag","embeddable":true,"href":"https:\/\/www.bertazzofood.com\/de\/wp-json\/wp\/v2\/product_tag?post=9709"},{"taxonomy":"brands","embeddable":true,"href":"https:\/\/www.bertazzofood.com\/de\/wp-json\/wp\/v2\/brands?post=9709"},{"taxonomy":"flag_home","embeddable":true,"href":"https:\/\/www.bertazzofood.com\/de\/wp-json\/wp\/v2\/flag_home?post=9709"}],"curies":[{"name":"wp","href":"https:\/\/api.w.org\/{rel}","templated":true}]}}