{"id":9610,"date":"2020-01-23T15:26:17","date_gmt":"2020-01-23T14:26:17","guid":{"rendered":"https:\/\/thegarden.it\/staging8\/prodotto\/italienische-espresso-agust-natura-equa\/"},"modified":"2025-05-03T15:26:56","modified_gmt":"2025-05-03T13:26:56","slug":"italienische-espresso-agust-natura-equa","status":"publish","type":"product","link":"https:\/\/www.bertazzofood.com\/de\/prodotto\/italienische-espresso-agust-natura-equa\/","title":{"rendered":"Italienische Espresso Agust Natura Equa"},"content":{"rendered":"<p>100% Arabica aus FAIRTRADE\u00ae zertifiziertem, fairem und biologischem Anbau, inklusive des kompletten Produktionsprozesses und die CO2-neutrale Verpackung f\u00fcr die Umwelt. Die Mischung ist das Symbol unserer Unterst\u00fctzung bez\u00fcglich ethischen und umweltfreundlichen Themen. Sehr s\u00fc\u00df und besonders delikat im Geschmack, intensiver Geruch mit T\u00f6nen aus Frucht, Agrumen und Konditorei, welche eine feine S\u00e4ure spenden. 100% Arabica bester Qualit\u00e4t stammend aus Zentral- und S\u00fcdamerika. Mit niedrigem nat\u00fcrlichen Koffein.<br \/>\nDieser Kaffee wird von kleinen Genossen- und Gemeinschaften angebaut, welche zwischen 1400 und 1900 Meter \u00fcber dem Meeresspiegel liegen, mit all der Leidenschaft und Sorgfalt, was diese Besch\u00e4ftigung zum Zentrum ihres Lebensunterhaltes macht.<br \/>\nFAIRTRADE\u00ae Lizenznehmer: FLO ID 1262 (info.fairtrade.net)<br \/>\nZertifiziert biologischer Anbau CCPB\u00ae (ccpb.it)<br \/>\nCO2-neutrale Verpackung IMPATTO ZERO\u00ae (impattozero.it)<\/p>\n","protected":false},"excerpt":{"rendered":"<p>100% Arabica aus FAIRTRADE\u00ae zertifiziertem, fairem und biologischem Anbau, inklusive des kompletten Produktionsprozesses und die CO2-neutrale Verpackung f\u00fcr die Umwelt. Die Mischung ist das Symbol unserer Unterst\u00fctzung bez\u00fcglich ethischen und umweltfreundlichen Themen. Sehr s\u00fc\u00df und besonders delikat im Geschmack, intensiver Geruch mit T\u00f6nen aus Frucht, Agrumen und Konditorei, welche eine feine S\u00e4ure spenden. 100% Arabica [&hellip;]<\/p>\n","protected":false},"featured_media":687,"comment_status":"open","ping_status":"closed","template":"","meta":{"_acf_changed":false,"iawp_total_views":17},"product_brand":[],"product_cat":[1134,1143],"product_tag":[1279,1557],"brands":[1615],"flag_home":[],"class_list":{"0":"post-9610","1":"product","2":"type-product","3":"status-publish","4":"has-post-thumbnail","6":"product_cat-kaffeebohnen-online-kaufen","7":"product_cat-kaffee","8":"product_tag-fin_ok-de","9":"product_tag-ads-ottobre-2024-de","10":"pa_formato-caffe-500-gr","11":"pa_percentuale-arabica-57","12":"brands-agust","14":"first","15":"outofstock","16":"taxable","17":"shipping-taxable","18":"purchasable","19":"product-type-simple"},"acf":[],"yoast_head":"<!-- This site is optimized with the Yoast SEO plugin v27.5 - https:\/\/yoast.com\/product\/yoast-seo-wordpress\/ -->\n<title>Italienische Espresso Agust Natura Equa<\/title>\n<meta name=\"robots\" content=\"index, follow, max-snippet:-1, max-image-preview:large, max-video-preview:-1\" \/>\n<link rel=\"canonical\" href=\"https:\/\/www.bertazzofood.com\/de\/prodotto\/italienische-espresso-agust-natura-equa\/\" \/>\n<meta property=\"og:locale\" content=\"de_DE\" \/>\n<meta property=\"og:type\" content=\"article\" \/>\n<meta property=\"og:title\" content=\"Italienische Espresso Agust Natura Equa\" \/>\n<meta property=\"og:description\" content=\"100% Arabica aus FAIRTRADE\u00ae zertifiziertem, fairem und biologischem Anbau, inklusive des kompletten Produktionsprozesses und die CO2-neutrale Verpackung f\u00fcr die Umwelt. Die Mischung ist das Symbol unserer Unterst\u00fctzung bez\u00fcglich ethischen und umweltfreundlichen Themen. Sehr s\u00fc\u00df und besonders delikat im Geschmack, intensiver Geruch mit T\u00f6nen aus Frucht, Agrumen und Konditorei, welche eine feine S\u00e4ure spenden. 100% Arabica [&hellip;]\" \/>\n<meta property=\"og:url\" content=\"https:\/\/www.bertazzofood.com\/de\/prodotto\/italienische-espresso-agust-natura-equa\/\" \/>\n<meta property=\"og:site_name\" content=\"Bertazzo Food\" \/>\n<meta property=\"article:publisher\" content=\"https:\/\/www.facebook.com\/BertazzoItalianQualityFood\" \/>\n<meta property=\"article:modified_time\" content=\"2025-05-03T13:26:56+00:00\" \/>\n<meta property=\"og:image\" content=\"https:\/\/www.bertazzofood.com\/wp-content\/uploads\/2024\/06\/Caffe-Agust-Natura-Equa-500gr-2.jpg\" \/>\n\t<meta property=\"og:image:width\" content=\"800\" \/>\n\t<meta property=\"og:image:height\" content=\"800\" \/>\n\t<meta property=\"og:image:type\" content=\"image\/jpeg\" \/>\n<meta name=\"twitter:card\" content=\"summary_large_image\" \/>\n<meta name=\"twitter:label1\" content=\"Gesch\u00e4tzte Lesezeit\" \/>\n\t<meta name=\"twitter:data1\" content=\"1\u00a0Minute\" \/>\n<script type=\"application\/ld+json\" class=\"yoast-schema-graph\">{\"@context\":\"https:\\\/\\\/schema.org\",\"@graph\":[{\"@type\":\"WebPage\",\"@id\":\"https:\\\/\\\/www.bertazzofood.com\\\/de\\\/prodotto\\\/italienische-espresso-agust-natura-equa\\\/\",\"url\":\"https:\\\/\\\/www.bertazzofood.com\\\/de\\\/prodotto\\\/italienische-espresso-agust-natura-equa\\\/\",\"name\":\"Italienische Espresso Agust Natura Equa\",\"isPartOf\":{\"@id\":\"https:\\\/\\\/www.bertazzofood.com\\\/de\\\/#website\"},\"primaryImageOfPage\":{\"@id\":\"https:\\\/\\\/www.bertazzofood.com\\\/de\\\/prodotto\\\/italienische-espresso-agust-natura-equa\\\/#primaryimage\"},\"image\":{\"@id\":\"https:\\\/\\\/www.bertazzofood.com\\\/de\\\/prodotto\\\/italienische-espresso-agust-natura-equa\\\/#primaryimage\"},\"thumbnailUrl\":\"https:\\\/\\\/www.bertazzofood.com\\\/wp-content\\\/uploads\\\/2024\\\/06\\\/Caffe-Agust-Natura-Equa-500gr-2.jpg\",\"datePublished\":\"2020-01-23T14:26:17+00:00\",\"dateModified\":\"2025-05-03T13:26:56+00:00\",\"breadcrumb\":{\"@id\":\"https:\\\/\\\/www.bertazzofood.com\\\/de\\\/prodotto\\\/italienische-espresso-agust-natura-equa\\\/#breadcrumb\"},\"inLanguage\":\"de\",\"potentialAction\":[{\"@type\":\"ReadAction\",\"target\":[\"https:\\\/\\\/www.bertazzofood.com\\\/de\\\/prodotto\\\/italienische-espresso-agust-natura-equa\\\/\"]}]},{\"@type\":\"ImageObject\",\"inLanguage\":\"de\",\"@id\":\"https:\\\/\\\/www.bertazzofood.com\\\/de\\\/prodotto\\\/italienische-espresso-agust-natura-equa\\\/#primaryimage\",\"url\":\"https:\\\/\\\/www.bertazzofood.com\\\/wp-content\\\/uploads\\\/2024\\\/06\\\/Caffe-Agust-Natura-Equa-500gr-2.jpg\",\"contentUrl\":\"https:\\\/\\\/www.bertazzofood.com\\\/wp-content\\\/uploads\\\/2024\\\/06\\\/Caffe-Agust-Natura-Equa-500gr-2.jpg\",\"width\":800,\"height\":800},{\"@type\":\"BreadcrumbList\",\"@id\":\"https:\\\/\\\/www.bertazzofood.com\\\/de\\\/prodotto\\\/italienische-espresso-agust-natura-equa\\\/#breadcrumb\",\"itemListElement\":[{\"@type\":\"ListItem\",\"position\":1,\"name\":\"Home\",\"item\":\"https:\\\/\\\/www.bertazzofood.com\\\/de\\\/homepage\\\/\"},{\"@type\":\"ListItem\",\"position\":2,\"name\":\"Produkte\",\"item\":\"https:\\\/\\\/www.bertazzofood.com\\\/de\\\/shop\\\/\"},{\"@type\":\"ListItem\",\"position\":3,\"name\":\"Italienische Espresso Agust Natura Equa\"}]},{\"@type\":\"WebSite\",\"@id\":\"https:\\\/\\\/www.bertazzofood.com\\\/de\\\/#website\",\"url\":\"https:\\\/\\\/www.bertazzofood.com\\\/de\\\/\",\"name\":\"Bertazzo Food\",\"description\":\"Prodotti Alimentari Italiani Online e Macchine Da Caff\u00e8\",\"publisher\":{\"@id\":\"https:\\\/\\\/www.bertazzofood.com\\\/de\\\/#organization\"},\"potentialAction\":[{\"@type\":\"SearchAction\",\"target\":{\"@type\":\"EntryPoint\",\"urlTemplate\":\"https:\\\/\\\/www.bertazzofood.com\\\/de\\\/?s={search_term_string}\"},\"query-input\":{\"@type\":\"PropertyValueSpecification\",\"valueRequired\":true,\"valueName\":\"search_term_string\"}}],\"inLanguage\":\"de\"},{\"@type\":\"Organization\",\"@id\":\"https:\\\/\\\/www.bertazzofood.com\\\/de\\\/#organization\",\"name\":\"Bertazzo Italian Quality Food S.a.s. di Bertazzo Fabio & C.\",\"alternateName\":\"Bertazzo Food\",\"url\":\"https:\\\/\\\/www.bertazzofood.com\\\/de\\\/\",\"logo\":{\"@type\":\"ImageObject\",\"inLanguage\":\"de\",\"@id\":\"https:\\\/\\\/www.bertazzofood.com\\\/de\\\/#\\\/schema\\\/logo\\\/image\\\/\",\"url\":\"https:\\\/\\\/www.bertazzofood.com\\\/wp-content\\\/uploads\\\/2024\\\/06\\\/logo-bertazzo.webp\",\"contentUrl\":\"https:\\\/\\\/www.bertazzofood.com\\\/wp-content\\\/uploads\\\/2024\\\/06\\\/logo-bertazzo.webp\",\"width\":410,\"height\":166,\"caption\":\"Bertazzo Italian Quality Food S.a.s. di Bertazzo Fabio & C.\"},\"image\":{\"@id\":\"https:\\\/\\\/www.bertazzofood.com\\\/de\\\/#\\\/schema\\\/logo\\\/image\\\/\"},\"sameAs\":[\"https:\\\/\\\/www.facebook.com\\\/BertazzoItalianQualityFood\",\"https:\\\/\\\/www.instagram.com\\\/bertazzo_italian_quality_food\\\/\"]}]}<\/script>\n<!-- \/ Yoast SEO plugin. -->","yoast_head_json":{"title":"Italienische Espresso Agust Natura Equa","robots":{"index":"index","follow":"follow","max-snippet":"max-snippet:-1","max-image-preview":"max-image-preview:large","max-video-preview":"max-video-preview:-1"},"canonical":"https:\/\/www.bertazzofood.com\/de\/prodotto\/italienische-espresso-agust-natura-equa\/","og_locale":"de_DE","og_type":"article","og_title":"Italienische Espresso Agust Natura Equa","og_description":"100% Arabica aus FAIRTRADE\u00ae zertifiziertem, fairem und biologischem Anbau, inklusive des kompletten Produktionsprozesses und die CO2-neutrale Verpackung f\u00fcr die Umwelt. Die Mischung ist das Symbol unserer Unterst\u00fctzung bez\u00fcglich ethischen und umweltfreundlichen Themen. Sehr s\u00fc\u00df und besonders delikat im Geschmack, intensiver Geruch mit T\u00f6nen aus Frucht, Agrumen und Konditorei, welche eine feine S\u00e4ure spenden. 100% Arabica [&hellip;]","og_url":"https:\/\/www.bertazzofood.com\/de\/prodotto\/italienische-espresso-agust-natura-equa\/","og_site_name":"Bertazzo Food","article_publisher":"https:\/\/www.facebook.com\/BertazzoItalianQualityFood","article_modified_time":"2025-05-03T13:26:56+00:00","og_image":[{"width":800,"height":800,"url":"https:\/\/www.bertazzofood.com\/wp-content\/uploads\/2024\/06\/Caffe-Agust-Natura-Equa-500gr-2.jpg","type":"image\/jpeg"}],"twitter_card":"summary_large_image","twitter_misc":{"Gesch\u00e4tzte Lesezeit":"1\u00a0Minute"},"schema":{"@context":"https:\/\/schema.org","@graph":[{"@type":"WebPage","@id":"https:\/\/www.bertazzofood.com\/de\/prodotto\/italienische-espresso-agust-natura-equa\/","url":"https:\/\/www.bertazzofood.com\/de\/prodotto\/italienische-espresso-agust-natura-equa\/","name":"Italienische Espresso Agust Natura Equa","isPartOf":{"@id":"https:\/\/www.bertazzofood.com\/de\/#website"},"primaryImageOfPage":{"@id":"https:\/\/www.bertazzofood.com\/de\/prodotto\/italienische-espresso-agust-natura-equa\/#primaryimage"},"image":{"@id":"https:\/\/www.bertazzofood.com\/de\/prodotto\/italienische-espresso-agust-natura-equa\/#primaryimage"},"thumbnailUrl":"https:\/\/www.bertazzofood.com\/wp-content\/uploads\/2024\/06\/Caffe-Agust-Natura-Equa-500gr-2.jpg","datePublished":"2020-01-23T14:26:17+00:00","dateModified":"2025-05-03T13:26:56+00:00","breadcrumb":{"@id":"https:\/\/www.bertazzofood.com\/de\/prodotto\/italienische-espresso-agust-natura-equa\/#breadcrumb"},"inLanguage":"de","potentialAction":[{"@type":"ReadAction","target":["https:\/\/www.bertazzofood.com\/de\/prodotto\/italienische-espresso-agust-natura-equa\/"]}]},{"@type":"ImageObject","inLanguage":"de","@id":"https:\/\/www.bertazzofood.com\/de\/prodotto\/italienische-espresso-agust-natura-equa\/#primaryimage","url":"https:\/\/www.bertazzofood.com\/wp-content\/uploads\/2024\/06\/Caffe-Agust-Natura-Equa-500gr-2.jpg","contentUrl":"https:\/\/www.bertazzofood.com\/wp-content\/uploads\/2024\/06\/Caffe-Agust-Natura-Equa-500gr-2.jpg","width":800,"height":800},{"@type":"BreadcrumbList","@id":"https:\/\/www.bertazzofood.com\/de\/prodotto\/italienische-espresso-agust-natura-equa\/#breadcrumb","itemListElement":[{"@type":"ListItem","position":1,"name":"Home","item":"https:\/\/www.bertazzofood.com\/de\/homepage\/"},{"@type":"ListItem","position":2,"name":"Produkte","item":"https:\/\/www.bertazzofood.com\/de\/shop\/"},{"@type":"ListItem","position":3,"name":"Italienische Espresso Agust Natura Equa"}]},{"@type":"WebSite","@id":"https:\/\/www.bertazzofood.com\/de\/#website","url":"https:\/\/www.bertazzofood.com\/de\/","name":"Bertazzo Food","description":"Prodotti Alimentari Italiani Online e Macchine Da Caff\u00e8","publisher":{"@id":"https:\/\/www.bertazzofood.com\/de\/#organization"},"potentialAction":[{"@type":"SearchAction","target":{"@type":"EntryPoint","urlTemplate":"https:\/\/www.bertazzofood.com\/de\/?s={search_term_string}"},"query-input":{"@type":"PropertyValueSpecification","valueRequired":true,"valueName":"search_term_string"}}],"inLanguage":"de"},{"@type":"Organization","@id":"https:\/\/www.bertazzofood.com\/de\/#organization","name":"Bertazzo Italian Quality Food S.a.s. di Bertazzo Fabio & C.","alternateName":"Bertazzo Food","url":"https:\/\/www.bertazzofood.com\/de\/","logo":{"@type":"ImageObject","inLanguage":"de","@id":"https:\/\/www.bertazzofood.com\/de\/#\/schema\/logo\/image\/","url":"https:\/\/www.bertazzofood.com\/wp-content\/uploads\/2024\/06\/logo-bertazzo.webp","contentUrl":"https:\/\/www.bertazzofood.com\/wp-content\/uploads\/2024\/06\/logo-bertazzo.webp","width":410,"height":166,"caption":"Bertazzo Italian Quality Food S.a.s. di Bertazzo Fabio & C."},"image":{"@id":"https:\/\/www.bertazzofood.com\/de\/#\/schema\/logo\/image\/"},"sameAs":["https:\/\/www.facebook.com\/BertazzoItalianQualityFood","https:\/\/www.instagram.com\/bertazzo_italian_quality_food\/"]}]}},"_links":{"self":[{"href":"https:\/\/www.bertazzofood.com\/de\/wp-json\/wp\/v2\/product\/9610","targetHints":{"allow":["GET"]}}],"collection":[{"href":"https:\/\/www.bertazzofood.com\/de\/wp-json\/wp\/v2\/product"}],"about":[{"href":"https:\/\/www.bertazzofood.com\/de\/wp-json\/wp\/v2\/types\/product"}],"replies":[{"embeddable":true,"href":"https:\/\/www.bertazzofood.com\/de\/wp-json\/wp\/v2\/comments?post=9610"}],"version-history":[{"count":0,"href":"https:\/\/www.bertazzofood.com\/de\/wp-json\/wp\/v2\/product\/9610\/revisions"}],"wp:featuredmedia":[{"embeddable":true,"href":"https:\/\/www.bertazzofood.com\/de\/wp-json\/wp\/v2\/media\/687"}],"wp:attachment":[{"href":"https:\/\/www.bertazzofood.com\/de\/wp-json\/wp\/v2\/media?parent=9610"}],"wp:term":[{"taxonomy":"product_brand","embeddable":true,"href":"https:\/\/www.bertazzofood.com\/de\/wp-json\/wp\/v2\/product_brand?post=9610"},{"taxonomy":"product_cat","embeddable":true,"href":"https:\/\/www.bertazzofood.com\/de\/wp-json\/wp\/v2\/product_cat?post=9610"},{"taxonomy":"product_tag","embeddable":true,"href":"https:\/\/www.bertazzofood.com\/de\/wp-json\/wp\/v2\/product_tag?post=9610"},{"taxonomy":"brands","embeddable":true,"href":"https:\/\/www.bertazzofood.com\/de\/wp-json\/wp\/v2\/brands?post=9610"},{"taxonomy":"flag_home","embeddable":true,"href":"https:\/\/www.bertazzofood.com\/de\/wp-json\/wp\/v2\/flag_home?post=9610"}],"curies":[{"name":"wp","href":"https:\/\/api.w.org\/{rel}","templated":true}]}}