{"id":35315,"date":"2026-05-04T15:26:31","date_gmt":"2026-05-04T13:26:31","guid":{"rendered":"https:\/\/www.bertazzofood.com\/?post_type=product&#038;p=35315"},"modified":"2026-05-04T15:52:32","modified_gmt":"2026-05-04T13:52:32","slug":"italienische-espresso-new-york-cristoforo-colombo","status":"publish","type":"product","link":"https:\/\/www.bertazzofood.com\/de\/prodotto\/italienische-espresso-new-york-cristoforo-colombo\/","title":{"rendered":"Italienische Espresso New York Cristoforo Colombo"},"content":{"rendered":"<div data-line-height=\"2\">\n<p>&#8220;<strong>Cristoforo Colombo<\/strong>&#8221; ist eine au\u00dfergew\u00f6hnliche Kaffeemischung mit intensivem Aroma und kr\u00e4ftigem Charakter, die es Ihnen erm\u00f6glicht, den Genuss authentischen italienischen Espressos auch im Ausland zu erleben. Selbstverst\u00e4ndlich eignet sie sich auch f\u00fcr Ihr Zuhause in ganz Italien.<\/p>\n<p>Tr\u00e4umen Sie davon, das bet\u00f6rende Aroma und den vollen Geschmack eines italienischen Espressos in Barista-Qualit\u00e4t ganz bequem zu Hause zu genie\u00dfen? Unsere Kaffeemischung ist die L\u00f6sung. Diese einzigartige Kreation wurde f\u00fcr die anspruchsvollsten Kaffeeliebhaber entwickelt und verk\u00f6rpert die Leidenschaft und Expertise f\u00fcr echten italienischen Espresso \u2013 genau wie in den besten Caf\u00e9s des Bel Paese!<\/p>\n<p>Arabica 70% \u2013 Robusta 30% (approx).<\/p>\n<\/div>\n","protected":false},"excerpt":{"rendered":"<p>&#8220;Cristoforo Colombo&#8221; ist eine au\u00dfergew\u00f6hnliche Kaffeemischung mit intensivem Aroma und kr\u00e4ftigem Charakter, die es Ihnen erm\u00f6glicht, den Genuss authentischen italienischen Espressos auch im Ausland zu erleben. Selbstverst\u00e4ndlich eignet sie sich auch f\u00fcr Ihr Zuhause in ganz Italien. Tr\u00e4umen Sie davon, das bet\u00f6rende Aroma und den vollen Geschmack eines italienischen Espressos in Barista-Qualit\u00e4t ganz bequem zu [&hellip;]<\/p>\n","protected":false},"featured_media":35325,"comment_status":"open","ping_status":"closed","template":"","meta":{"_acf_changed":false,"iawp_total_views":2},"product_brand":[],"product_cat":[1134,1143],"product_tag":[1557,1279],"brands":[1777],"flag_home":[],"class_list":{"0":"post-35315","1":"product","2":"type-product","3":"status-publish","4":"has-post-thumbnail","6":"product_cat-kaffeebohnen-online-kaufen","7":"product_cat-kaffee","8":"product_tag-ads-ottobre-2024-de","9":"product_tag-fin_ok-de","10":"pa_formato-caffe-500-gr","11":"pa_percentuale-arabica-145","12":"brands-new-york","14":"first","15":"instock","16":"taxable","17":"shipping-taxable","18":"purchasable","19":"product-type-simple"},"acf":[],"yoast_head":"<!-- This site is optimized with the Yoast SEO plugin v27.5 - https:\/\/yoast.com\/product\/yoast-seo-wordpress\/ -->\n<title>Italienische Espresso New York Cristoforo Colombo<\/title>\n<meta name=\"robots\" content=\"index, follow, max-snippet:-1, max-image-preview:large, max-video-preview:-1\" \/>\n<link rel=\"canonical\" href=\"https:\/\/www.bertazzofood.com\/de\/prodotto\/italienische-espresso-new-york-cristoforo-colombo\/\" \/>\n<meta property=\"og:locale\" content=\"de_DE\" \/>\n<meta property=\"og:type\" content=\"article\" \/>\n<meta property=\"og:title\" content=\"Italienische Espresso New York Cristoforo Colombo\" \/>\n<meta property=\"og:description\" content=\"&#8220;Cristoforo Colombo&#8221; ist eine au\u00dfergew\u00f6hnliche Kaffeemischung mit intensivem Aroma und kr\u00e4ftigem Charakter, die es Ihnen erm\u00f6glicht, den Genuss authentischen italienischen Espressos auch im Ausland zu erleben. Selbstverst\u00e4ndlich eignet sie sich auch f\u00fcr Ihr Zuhause in ganz Italien. Tr\u00e4umen Sie davon, das bet\u00f6rende Aroma und den vollen Geschmack eines italienischen Espressos in Barista-Qualit\u00e4t ganz bequem zu [&hellip;]\" \/>\n<meta property=\"og:url\" content=\"https:\/\/www.bertazzofood.com\/de\/prodotto\/italienische-espresso-new-york-cristoforo-colombo\/\" \/>\n<meta property=\"og:site_name\" content=\"Bertazzo Food\" \/>\n<meta property=\"article:publisher\" content=\"https:\/\/www.facebook.com\/BertazzoItalianQualityFood\" \/>\n<meta property=\"article:modified_time\" content=\"2026-05-04T13:52:32+00:00\" \/>\n<meta property=\"og:image\" content=\"https:\/\/www.bertazzofood.com\/wp-content\/uploads\/2026\/05\/Caffe-New-York-Cristoforo-Colombo-3.jpg\" \/>\n\t<meta property=\"og:image:width\" content=\"800\" \/>\n\t<meta property=\"og:image:height\" content=\"800\" \/>\n\t<meta property=\"og:image:type\" content=\"image\/jpeg\" \/>\n<meta name=\"twitter:card\" content=\"summary_large_image\" \/>\n<meta name=\"twitter:label1\" content=\"Gesch\u00e4tzte Lesezeit\" \/>\n\t<meta name=\"twitter:data1\" content=\"1\u00a0Minute\" \/>\n<script type=\"application\/ld+json\" class=\"yoast-schema-graph\">{\"@context\":\"https:\\\/\\\/schema.org\",\"@graph\":[{\"@type\":\"WebPage\",\"@id\":\"https:\\\/\\\/www.bertazzofood.com\\\/de\\\/prodotto\\\/italienische-espresso-new-york-cristoforo-colombo\\\/\",\"url\":\"https:\\\/\\\/www.bertazzofood.com\\\/de\\\/prodotto\\\/italienische-espresso-new-york-cristoforo-colombo\\\/\",\"name\":\"Italienische Espresso New York Cristoforo Colombo\",\"isPartOf\":{\"@id\":\"https:\\\/\\\/www.bertazzofood.com\\\/de\\\/#website\"},\"primaryImageOfPage\":{\"@id\":\"https:\\\/\\\/www.bertazzofood.com\\\/de\\\/prodotto\\\/italienische-espresso-new-york-cristoforo-colombo\\\/#primaryimage\"},\"image\":{\"@id\":\"https:\\\/\\\/www.bertazzofood.com\\\/de\\\/prodotto\\\/italienische-espresso-new-york-cristoforo-colombo\\\/#primaryimage\"},\"thumbnailUrl\":\"https:\\\/\\\/www.bertazzofood.com\\\/wp-content\\\/uploads\\\/2026\\\/05\\\/Caffe-New-York-Cristoforo-Colombo-3.jpg\",\"datePublished\":\"2026-05-04T13:26:31+00:00\",\"dateModified\":\"2026-05-04T13:52:32+00:00\",\"breadcrumb\":{\"@id\":\"https:\\\/\\\/www.bertazzofood.com\\\/de\\\/prodotto\\\/italienische-espresso-new-york-cristoforo-colombo\\\/#breadcrumb\"},\"inLanguage\":\"de\",\"potentialAction\":[{\"@type\":\"ReadAction\",\"target\":[\"https:\\\/\\\/www.bertazzofood.com\\\/de\\\/prodotto\\\/italienische-espresso-new-york-cristoforo-colombo\\\/\"]}]},{\"@type\":\"ImageObject\",\"inLanguage\":\"de\",\"@id\":\"https:\\\/\\\/www.bertazzofood.com\\\/de\\\/prodotto\\\/italienische-espresso-new-york-cristoforo-colombo\\\/#primaryimage\",\"url\":\"https:\\\/\\\/www.bertazzofood.com\\\/wp-content\\\/uploads\\\/2026\\\/05\\\/Caffe-New-York-Cristoforo-Colombo-3.jpg\",\"contentUrl\":\"https:\\\/\\\/www.bertazzofood.com\\\/wp-content\\\/uploads\\\/2026\\\/05\\\/Caffe-New-York-Cristoforo-Colombo-3.jpg\",\"width\":800,\"height\":800},{\"@type\":\"BreadcrumbList\",\"@id\":\"https:\\\/\\\/www.bertazzofood.com\\\/de\\\/prodotto\\\/italienische-espresso-new-york-cristoforo-colombo\\\/#breadcrumb\",\"itemListElement\":[{\"@type\":\"ListItem\",\"position\":1,\"name\":\"Home\",\"item\":\"https:\\\/\\\/www.bertazzofood.com\\\/de\\\/homepage\\\/\"},{\"@type\":\"ListItem\",\"position\":2,\"name\":\"Produkte\",\"item\":\"https:\\\/\\\/www.bertazzofood.com\\\/de\\\/shop\\\/\"},{\"@type\":\"ListItem\",\"position\":3,\"name\":\"Italienische Espresso New York Cristoforo Colombo\"}]},{\"@type\":\"WebSite\",\"@id\":\"https:\\\/\\\/www.bertazzofood.com\\\/de\\\/#website\",\"url\":\"https:\\\/\\\/www.bertazzofood.com\\\/de\\\/\",\"name\":\"Bertazzo Food\",\"description\":\"Prodotti Alimentari Italiani Online e Macchine Da Caff\u00e8\",\"publisher\":{\"@id\":\"https:\\\/\\\/www.bertazzofood.com\\\/de\\\/#organization\"},\"potentialAction\":[{\"@type\":\"SearchAction\",\"target\":{\"@type\":\"EntryPoint\",\"urlTemplate\":\"https:\\\/\\\/www.bertazzofood.com\\\/de\\\/?s={search_term_string}\"},\"query-input\":{\"@type\":\"PropertyValueSpecification\",\"valueRequired\":true,\"valueName\":\"search_term_string\"}}],\"inLanguage\":\"de\"},{\"@type\":\"Organization\",\"@id\":\"https:\\\/\\\/www.bertazzofood.com\\\/de\\\/#organization\",\"name\":\"Bertazzo Italian Quality Food S.a.s. di Bertazzo Fabio & C.\",\"alternateName\":\"Bertazzo Food\",\"url\":\"https:\\\/\\\/www.bertazzofood.com\\\/de\\\/\",\"logo\":{\"@type\":\"ImageObject\",\"inLanguage\":\"de\",\"@id\":\"https:\\\/\\\/www.bertazzofood.com\\\/de\\\/#\\\/schema\\\/logo\\\/image\\\/\",\"url\":\"https:\\\/\\\/www.bertazzofood.com\\\/wp-content\\\/uploads\\\/2024\\\/06\\\/logo-bertazzo.webp\",\"contentUrl\":\"https:\\\/\\\/www.bertazzofood.com\\\/wp-content\\\/uploads\\\/2024\\\/06\\\/logo-bertazzo.webp\",\"width\":410,\"height\":166,\"caption\":\"Bertazzo Italian Quality Food S.a.s. di Bertazzo Fabio & C.\"},\"image\":{\"@id\":\"https:\\\/\\\/www.bertazzofood.com\\\/de\\\/#\\\/schema\\\/logo\\\/image\\\/\"},\"sameAs\":[\"https:\\\/\\\/www.facebook.com\\\/BertazzoItalianQualityFood\",\"https:\\\/\\\/www.instagram.com\\\/bertazzo_italian_quality_food\\\/\"]}]}<\/script>\n<!-- \/ Yoast SEO plugin. -->","yoast_head_json":{"title":"Italienische Espresso New York Cristoforo Colombo","robots":{"index":"index","follow":"follow","max-snippet":"max-snippet:-1","max-image-preview":"max-image-preview:large","max-video-preview":"max-video-preview:-1"},"canonical":"https:\/\/www.bertazzofood.com\/de\/prodotto\/italienische-espresso-new-york-cristoforo-colombo\/","og_locale":"de_DE","og_type":"article","og_title":"Italienische Espresso New York Cristoforo Colombo","og_description":"&#8220;Cristoforo Colombo&#8221; ist eine au\u00dfergew\u00f6hnliche Kaffeemischung mit intensivem Aroma und kr\u00e4ftigem Charakter, die es Ihnen erm\u00f6glicht, den Genuss authentischen italienischen Espressos auch im Ausland zu erleben. Selbstverst\u00e4ndlich eignet sie sich auch f\u00fcr Ihr Zuhause in ganz Italien. Tr\u00e4umen Sie davon, das bet\u00f6rende Aroma und den vollen Geschmack eines italienischen Espressos in Barista-Qualit\u00e4t ganz bequem zu [&hellip;]","og_url":"https:\/\/www.bertazzofood.com\/de\/prodotto\/italienische-espresso-new-york-cristoforo-colombo\/","og_site_name":"Bertazzo Food","article_publisher":"https:\/\/www.facebook.com\/BertazzoItalianQualityFood","article_modified_time":"2026-05-04T13:52:32+00:00","og_image":[{"width":800,"height":800,"url":"https:\/\/www.bertazzofood.com\/wp-content\/uploads\/2026\/05\/Caffe-New-York-Cristoforo-Colombo-3.jpg","type":"image\/jpeg"}],"twitter_card":"summary_large_image","twitter_misc":{"Gesch\u00e4tzte Lesezeit":"1\u00a0Minute"},"schema":{"@context":"https:\/\/schema.org","@graph":[{"@type":"WebPage","@id":"https:\/\/www.bertazzofood.com\/de\/prodotto\/italienische-espresso-new-york-cristoforo-colombo\/","url":"https:\/\/www.bertazzofood.com\/de\/prodotto\/italienische-espresso-new-york-cristoforo-colombo\/","name":"Italienische Espresso New York Cristoforo Colombo","isPartOf":{"@id":"https:\/\/www.bertazzofood.com\/de\/#website"},"primaryImageOfPage":{"@id":"https:\/\/www.bertazzofood.com\/de\/prodotto\/italienische-espresso-new-york-cristoforo-colombo\/#primaryimage"},"image":{"@id":"https:\/\/www.bertazzofood.com\/de\/prodotto\/italienische-espresso-new-york-cristoforo-colombo\/#primaryimage"},"thumbnailUrl":"https:\/\/www.bertazzofood.com\/wp-content\/uploads\/2026\/05\/Caffe-New-York-Cristoforo-Colombo-3.jpg","datePublished":"2026-05-04T13:26:31+00:00","dateModified":"2026-05-04T13:52:32+00:00","breadcrumb":{"@id":"https:\/\/www.bertazzofood.com\/de\/prodotto\/italienische-espresso-new-york-cristoforo-colombo\/#breadcrumb"},"inLanguage":"de","potentialAction":[{"@type":"ReadAction","target":["https:\/\/www.bertazzofood.com\/de\/prodotto\/italienische-espresso-new-york-cristoforo-colombo\/"]}]},{"@type":"ImageObject","inLanguage":"de","@id":"https:\/\/www.bertazzofood.com\/de\/prodotto\/italienische-espresso-new-york-cristoforo-colombo\/#primaryimage","url":"https:\/\/www.bertazzofood.com\/wp-content\/uploads\/2026\/05\/Caffe-New-York-Cristoforo-Colombo-3.jpg","contentUrl":"https:\/\/www.bertazzofood.com\/wp-content\/uploads\/2026\/05\/Caffe-New-York-Cristoforo-Colombo-3.jpg","width":800,"height":800},{"@type":"BreadcrumbList","@id":"https:\/\/www.bertazzofood.com\/de\/prodotto\/italienische-espresso-new-york-cristoforo-colombo\/#breadcrumb","itemListElement":[{"@type":"ListItem","position":1,"name":"Home","item":"https:\/\/www.bertazzofood.com\/de\/homepage\/"},{"@type":"ListItem","position":2,"name":"Produkte","item":"https:\/\/www.bertazzofood.com\/de\/shop\/"},{"@type":"ListItem","position":3,"name":"Italienische Espresso New York Cristoforo Colombo"}]},{"@type":"WebSite","@id":"https:\/\/www.bertazzofood.com\/de\/#website","url":"https:\/\/www.bertazzofood.com\/de\/","name":"Bertazzo Food","description":"Prodotti Alimentari Italiani Online e Macchine Da Caff\u00e8","publisher":{"@id":"https:\/\/www.bertazzofood.com\/de\/#organization"},"potentialAction":[{"@type":"SearchAction","target":{"@type":"EntryPoint","urlTemplate":"https:\/\/www.bertazzofood.com\/de\/?s={search_term_string}"},"query-input":{"@type":"PropertyValueSpecification","valueRequired":true,"valueName":"search_term_string"}}],"inLanguage":"de"},{"@type":"Organization","@id":"https:\/\/www.bertazzofood.com\/de\/#organization","name":"Bertazzo Italian Quality Food S.a.s. di Bertazzo Fabio & C.","alternateName":"Bertazzo Food","url":"https:\/\/www.bertazzofood.com\/de\/","logo":{"@type":"ImageObject","inLanguage":"de","@id":"https:\/\/www.bertazzofood.com\/de\/#\/schema\/logo\/image\/","url":"https:\/\/www.bertazzofood.com\/wp-content\/uploads\/2024\/06\/logo-bertazzo.webp","contentUrl":"https:\/\/www.bertazzofood.com\/wp-content\/uploads\/2024\/06\/logo-bertazzo.webp","width":410,"height":166,"caption":"Bertazzo Italian Quality Food S.a.s. di Bertazzo Fabio & C."},"image":{"@id":"https:\/\/www.bertazzofood.com\/de\/#\/schema\/logo\/image\/"},"sameAs":["https:\/\/www.facebook.com\/BertazzoItalianQualityFood","https:\/\/www.instagram.com\/bertazzo_italian_quality_food\/"]}]}},"_links":{"self":[{"href":"https:\/\/www.bertazzofood.com\/de\/wp-json\/wp\/v2\/product\/35315","targetHints":{"allow":["GET"]}}],"collection":[{"href":"https:\/\/www.bertazzofood.com\/de\/wp-json\/wp\/v2\/product"}],"about":[{"href":"https:\/\/www.bertazzofood.com\/de\/wp-json\/wp\/v2\/types\/product"}],"replies":[{"embeddable":true,"href":"https:\/\/www.bertazzofood.com\/de\/wp-json\/wp\/v2\/comments?post=35315"}],"version-history":[{"count":5,"href":"https:\/\/www.bertazzofood.com\/de\/wp-json\/wp\/v2\/product\/35315\/revisions"}],"predecessor-version":[{"id":35347,"href":"https:\/\/www.bertazzofood.com\/de\/wp-json\/wp\/v2\/product\/35315\/revisions\/35347"}],"wp:featuredmedia":[{"embeddable":true,"href":"https:\/\/www.bertazzofood.com\/de\/wp-json\/wp\/v2\/media\/35325"}],"wp:attachment":[{"href":"https:\/\/www.bertazzofood.com\/de\/wp-json\/wp\/v2\/media?parent=35315"}],"wp:term":[{"taxonomy":"product_brand","embeddable":true,"href":"https:\/\/www.bertazzofood.com\/de\/wp-json\/wp\/v2\/product_brand?post=35315"},{"taxonomy":"product_cat","embeddable":true,"href":"https:\/\/www.bertazzofood.com\/de\/wp-json\/wp\/v2\/product_cat?post=35315"},{"taxonomy":"product_tag","embeddable":true,"href":"https:\/\/www.bertazzofood.com\/de\/wp-json\/wp\/v2\/product_tag?post=35315"},{"taxonomy":"brands","embeddable":true,"href":"https:\/\/www.bertazzofood.com\/de\/wp-json\/wp\/v2\/brands?post=35315"},{"taxonomy":"flag_home","embeddable":true,"href":"https:\/\/www.bertazzofood.com\/de\/wp-json\/wp\/v2\/flag_home?post=35315"}],"curies":[{"name":"wp","href":"https:\/\/api.w.org\/{rel}","templated":true}]}}