{"id":34768,"date":"2026-04-10T09:58:30","date_gmt":"2026-04-10T07:58:30","guid":{"rendered":"https:\/\/www.bertazzofood.com\/?post_type=product&#038;p=34768"},"modified":"2026-04-10T10:14:00","modified_gmt":"2026-04-10T08:14:00","slug":"italienische-espresso-mokaflor-farm-brasile","status":"publish","type":"product","link":"https:\/\/www.bertazzofood.com\/de\/prodotto\/italienische-espresso-mokaflor-farm-brasile\/","title":{"rendered":"Italienische Espresso Mokaflor Farm Brasile"},"content":{"rendered":"<p>BRASILE Fazenda Isidro Pereira.<\/p>\n<p>IP, wie Isidro Pereira,\u00a0der Vater von Luiz Paulo, der die Fazenda IP im Jahr 1967 kaufte. Eine lange Geschichte steht hinter der Fazenda, eine Geschichte von Vater und Sohn und eine Geschichte mit vielen Entwicklungen, die diese Familie in den 1990er Jahren dazu brachte, sich f\u00fcr die Qualit\u00e4t von Spezialit\u00e4tenkaffees einzusetzen.<\/p>\n<p>Der auf der Fazenda IP angebaute Kaffee erreicht inzwischen\u00a0sehr hohe Qualit\u00e4tsstandards, was dazu gef\u00fchrt hat, dass er in den letzten Jahren mehrmals bis ins Finale des\u00a0brasilianischen Cup of Excellence\u00a0kam. So auch in diesem Fall, in dem\u00a086 Punkte\u00a0erreicht werden konnten!<\/p>\n<p>F\u00fcr das Mokaflor-Farm-Projekt verwenden wir eine Kreuzung aus\u00a0Typica und Bourbon, die genetisch sehr nahe an Mundo Novo, einer anderen in Brasilien beliebten Sorte, liegt.<\/p>\n<p>Noch ein Detail \u00fcber die Farm,\u00a0damit Sie sich ein Bild machen k\u00f6nnen: Von den mehr als 700 Hektar, aus denen die Fazenda IP besteht, sind 80 Hektar als Regenwald und Naturschutzgebiet ausgewiesen, aus dem 12 Quellen entspringen.<\/p>\n<p>ORGANOLEPTISCHE ANMERKUNGEN: Milchschokolade \u2013 Rosinen \u2013 Mandel<\/p>\n","protected":false},"excerpt":{"rendered":"<p>BRASILE Fazenda Isidro Pereira. IP, wie Isidro Pereira,\u00a0der Vater von Luiz Paulo, der die Fazenda IP im Jahr 1967 kaufte. Eine lange Geschichte steht hinter der Fazenda, eine Geschichte von Vater und Sohn und eine Geschichte mit vielen Entwicklungen, die diese Familie in den 1990er Jahren dazu brachte, sich f\u00fcr die Qualit\u00e4t von Spezialit\u00e4tenkaffees einzusetzen. [&hellip;]<\/p>\n","protected":false},"featured_media":34774,"comment_status":"open","ping_status":"closed","template":"","meta":{"_acf_changed":false,"iawp_total_views":2},"product_brand":[],"product_cat":[1134,1143],"product_tag":[1279],"brands":[1804],"flag_home":[],"class_list":{"0":"post-34768","1":"product","2":"type-product","3":"status-publish","4":"has-post-thumbnail","6":"product_cat-kaffeebohnen-online-kaufen","7":"product_cat-kaffee","8":"product_tag-fin_ok-de","9":"pa_formato-caffe-250-gr","10":"pa_percentuale-arabica-57","11":"brands-mokaflor","13":"first","14":"instock","15":"taxable","16":"shipping-taxable","17":"purchasable","18":"product-type-simple"},"acf":[],"yoast_head":"<!-- This site is optimized with the Yoast SEO plugin v27.5 - https:\/\/yoast.com\/product\/yoast-seo-wordpress\/ -->\n<title>Italienische Espresso Mokaflor Farm Brasile<\/title>\n<meta name=\"robots\" content=\"index, follow, max-snippet:-1, max-image-preview:large, max-video-preview:-1\" \/>\n<link rel=\"canonical\" href=\"https:\/\/www.bertazzofood.com\/de\/prodotto\/italienische-espresso-mokaflor-farm-brasile\/\" \/>\n<meta property=\"og:locale\" content=\"de_DE\" \/>\n<meta property=\"og:type\" content=\"article\" \/>\n<meta property=\"og:title\" content=\"Italienische Espresso Mokaflor Farm Brasile\" \/>\n<meta property=\"og:description\" content=\"BRASILE Fazenda Isidro Pereira. IP, wie Isidro Pereira,\u00a0der Vater von Luiz Paulo, der die Fazenda IP im Jahr 1967 kaufte. Eine lange Geschichte steht hinter der Fazenda, eine Geschichte von Vater und Sohn und eine Geschichte mit vielen Entwicklungen, die diese Familie in den 1990er Jahren dazu brachte, sich f\u00fcr die Qualit\u00e4t von Spezialit\u00e4tenkaffees einzusetzen. [&hellip;]\" \/>\n<meta property=\"og:url\" content=\"https:\/\/www.bertazzofood.com\/de\/prodotto\/italienische-espresso-mokaflor-farm-brasile\/\" \/>\n<meta property=\"og:site_name\" content=\"Bertazzo Food\" \/>\n<meta property=\"article:publisher\" content=\"https:\/\/www.facebook.com\/BertazzoItalianQualityFood\" \/>\n<meta property=\"article:modified_time\" content=\"2026-04-10T08:14:00+00:00\" \/>\n<meta property=\"og:image\" content=\"https:\/\/www.bertazzofood.com\/wp-content\/uploads\/2026\/04\/Mokaflor-Farm-Brasile.jpg\" \/>\n\t<meta property=\"og:image:width\" content=\"800\" \/>\n\t<meta property=\"og:image:height\" content=\"800\" \/>\n\t<meta property=\"og:image:type\" content=\"image\/jpeg\" \/>\n<meta name=\"twitter:card\" content=\"summary_large_image\" \/>\n<meta name=\"twitter:label1\" content=\"Gesch\u00e4tzte Lesezeit\" \/>\n\t<meta name=\"twitter:data1\" content=\"1\u00a0Minute\" \/>\n<script type=\"application\/ld+json\" class=\"yoast-schema-graph\">{\"@context\":\"https:\\\/\\\/schema.org\",\"@graph\":[{\"@type\":\"WebPage\",\"@id\":\"https:\\\/\\\/www.bertazzofood.com\\\/de\\\/prodotto\\\/italienische-espresso-mokaflor-farm-brasile\\\/\",\"url\":\"https:\\\/\\\/www.bertazzofood.com\\\/de\\\/prodotto\\\/italienische-espresso-mokaflor-farm-brasile\\\/\",\"name\":\"Italienische Espresso Mokaflor Farm Brasile\",\"isPartOf\":{\"@id\":\"https:\\\/\\\/www.bertazzofood.com\\\/de\\\/#website\"},\"primaryImageOfPage\":{\"@id\":\"https:\\\/\\\/www.bertazzofood.com\\\/de\\\/prodotto\\\/italienische-espresso-mokaflor-farm-brasile\\\/#primaryimage\"},\"image\":{\"@id\":\"https:\\\/\\\/www.bertazzofood.com\\\/de\\\/prodotto\\\/italienische-espresso-mokaflor-farm-brasile\\\/#primaryimage\"},\"thumbnailUrl\":\"https:\\\/\\\/www.bertazzofood.com\\\/wp-content\\\/uploads\\\/2026\\\/04\\\/Mokaflor-Farm-Brasile.jpg\",\"datePublished\":\"2026-04-10T07:58:30+00:00\",\"dateModified\":\"2026-04-10T08:14:00+00:00\",\"breadcrumb\":{\"@id\":\"https:\\\/\\\/www.bertazzofood.com\\\/de\\\/prodotto\\\/italienische-espresso-mokaflor-farm-brasile\\\/#breadcrumb\"},\"inLanguage\":\"de\",\"potentialAction\":[{\"@type\":\"ReadAction\",\"target\":[\"https:\\\/\\\/www.bertazzofood.com\\\/de\\\/prodotto\\\/italienische-espresso-mokaflor-farm-brasile\\\/\"]}]},{\"@type\":\"ImageObject\",\"inLanguage\":\"de\",\"@id\":\"https:\\\/\\\/www.bertazzofood.com\\\/de\\\/prodotto\\\/italienische-espresso-mokaflor-farm-brasile\\\/#primaryimage\",\"url\":\"https:\\\/\\\/www.bertazzofood.com\\\/wp-content\\\/uploads\\\/2026\\\/04\\\/Mokaflor-Farm-Brasile.jpg\",\"contentUrl\":\"https:\\\/\\\/www.bertazzofood.com\\\/wp-content\\\/uploads\\\/2026\\\/04\\\/Mokaflor-Farm-Brasile.jpg\",\"width\":800,\"height\":800},{\"@type\":\"BreadcrumbList\",\"@id\":\"https:\\\/\\\/www.bertazzofood.com\\\/de\\\/prodotto\\\/italienische-espresso-mokaflor-farm-brasile\\\/#breadcrumb\",\"itemListElement\":[{\"@type\":\"ListItem\",\"position\":1,\"name\":\"Home\",\"item\":\"https:\\\/\\\/www.bertazzofood.com\\\/de\\\/homepage\\\/\"},{\"@type\":\"ListItem\",\"position\":2,\"name\":\"Produkte\",\"item\":\"https:\\\/\\\/www.bertazzofood.com\\\/de\\\/shop\\\/\"},{\"@type\":\"ListItem\",\"position\":3,\"name\":\"Italienische Espresso Mokaflor Farm Brasile\"}]},{\"@type\":\"WebSite\",\"@id\":\"https:\\\/\\\/www.bertazzofood.com\\\/de\\\/#website\",\"url\":\"https:\\\/\\\/www.bertazzofood.com\\\/de\\\/\",\"name\":\"Bertazzo Food\",\"description\":\"Prodotti Alimentari Italiani Online e Macchine Da Caff\u00e8\",\"publisher\":{\"@id\":\"https:\\\/\\\/www.bertazzofood.com\\\/de\\\/#organization\"},\"potentialAction\":[{\"@type\":\"SearchAction\",\"target\":{\"@type\":\"EntryPoint\",\"urlTemplate\":\"https:\\\/\\\/www.bertazzofood.com\\\/de\\\/?s={search_term_string}\"},\"query-input\":{\"@type\":\"PropertyValueSpecification\",\"valueRequired\":true,\"valueName\":\"search_term_string\"}}],\"inLanguage\":\"de\"},{\"@type\":\"Organization\",\"@id\":\"https:\\\/\\\/www.bertazzofood.com\\\/de\\\/#organization\",\"name\":\"Bertazzo Italian Quality Food S.a.s. di Bertazzo Fabio & C.\",\"alternateName\":\"Bertazzo Food\",\"url\":\"https:\\\/\\\/www.bertazzofood.com\\\/de\\\/\",\"logo\":{\"@type\":\"ImageObject\",\"inLanguage\":\"de\",\"@id\":\"https:\\\/\\\/www.bertazzofood.com\\\/de\\\/#\\\/schema\\\/logo\\\/image\\\/\",\"url\":\"https:\\\/\\\/www.bertazzofood.com\\\/wp-content\\\/uploads\\\/2024\\\/06\\\/logo-bertazzo.webp\",\"contentUrl\":\"https:\\\/\\\/www.bertazzofood.com\\\/wp-content\\\/uploads\\\/2024\\\/06\\\/logo-bertazzo.webp\",\"width\":410,\"height\":166,\"caption\":\"Bertazzo Italian Quality Food S.a.s. di Bertazzo Fabio & C.\"},\"image\":{\"@id\":\"https:\\\/\\\/www.bertazzofood.com\\\/de\\\/#\\\/schema\\\/logo\\\/image\\\/\"},\"sameAs\":[\"https:\\\/\\\/www.facebook.com\\\/BertazzoItalianQualityFood\",\"https:\\\/\\\/www.instagram.com\\\/bertazzo_italian_quality_food\\\/\"]}]}<\/script>\n<!-- \/ Yoast SEO plugin. -->","yoast_head_json":{"title":"Italienische Espresso Mokaflor Farm Brasile","robots":{"index":"index","follow":"follow","max-snippet":"max-snippet:-1","max-image-preview":"max-image-preview:large","max-video-preview":"max-video-preview:-1"},"canonical":"https:\/\/www.bertazzofood.com\/de\/prodotto\/italienische-espresso-mokaflor-farm-brasile\/","og_locale":"de_DE","og_type":"article","og_title":"Italienische Espresso Mokaflor Farm Brasile","og_description":"BRASILE Fazenda Isidro Pereira. IP, wie Isidro Pereira,\u00a0der Vater von Luiz Paulo, der die Fazenda IP im Jahr 1967 kaufte. Eine lange Geschichte steht hinter der Fazenda, eine Geschichte von Vater und Sohn und eine Geschichte mit vielen Entwicklungen, die diese Familie in den 1990er Jahren dazu brachte, sich f\u00fcr die Qualit\u00e4t von Spezialit\u00e4tenkaffees einzusetzen. [&hellip;]","og_url":"https:\/\/www.bertazzofood.com\/de\/prodotto\/italienische-espresso-mokaflor-farm-brasile\/","og_site_name":"Bertazzo Food","article_publisher":"https:\/\/www.facebook.com\/BertazzoItalianQualityFood","article_modified_time":"2026-04-10T08:14:00+00:00","og_image":[{"width":800,"height":800,"url":"https:\/\/www.bertazzofood.com\/wp-content\/uploads\/2026\/04\/Mokaflor-Farm-Brasile.jpg","type":"image\/jpeg"}],"twitter_card":"summary_large_image","twitter_misc":{"Gesch\u00e4tzte Lesezeit":"1\u00a0Minute"},"schema":{"@context":"https:\/\/schema.org","@graph":[{"@type":"WebPage","@id":"https:\/\/www.bertazzofood.com\/de\/prodotto\/italienische-espresso-mokaflor-farm-brasile\/","url":"https:\/\/www.bertazzofood.com\/de\/prodotto\/italienische-espresso-mokaflor-farm-brasile\/","name":"Italienische Espresso Mokaflor Farm Brasile","isPartOf":{"@id":"https:\/\/www.bertazzofood.com\/de\/#website"},"primaryImageOfPage":{"@id":"https:\/\/www.bertazzofood.com\/de\/prodotto\/italienische-espresso-mokaflor-farm-brasile\/#primaryimage"},"image":{"@id":"https:\/\/www.bertazzofood.com\/de\/prodotto\/italienische-espresso-mokaflor-farm-brasile\/#primaryimage"},"thumbnailUrl":"https:\/\/www.bertazzofood.com\/wp-content\/uploads\/2026\/04\/Mokaflor-Farm-Brasile.jpg","datePublished":"2026-04-10T07:58:30+00:00","dateModified":"2026-04-10T08:14:00+00:00","breadcrumb":{"@id":"https:\/\/www.bertazzofood.com\/de\/prodotto\/italienische-espresso-mokaflor-farm-brasile\/#breadcrumb"},"inLanguage":"de","potentialAction":[{"@type":"ReadAction","target":["https:\/\/www.bertazzofood.com\/de\/prodotto\/italienische-espresso-mokaflor-farm-brasile\/"]}]},{"@type":"ImageObject","inLanguage":"de","@id":"https:\/\/www.bertazzofood.com\/de\/prodotto\/italienische-espresso-mokaflor-farm-brasile\/#primaryimage","url":"https:\/\/www.bertazzofood.com\/wp-content\/uploads\/2026\/04\/Mokaflor-Farm-Brasile.jpg","contentUrl":"https:\/\/www.bertazzofood.com\/wp-content\/uploads\/2026\/04\/Mokaflor-Farm-Brasile.jpg","width":800,"height":800},{"@type":"BreadcrumbList","@id":"https:\/\/www.bertazzofood.com\/de\/prodotto\/italienische-espresso-mokaflor-farm-brasile\/#breadcrumb","itemListElement":[{"@type":"ListItem","position":1,"name":"Home","item":"https:\/\/www.bertazzofood.com\/de\/homepage\/"},{"@type":"ListItem","position":2,"name":"Produkte","item":"https:\/\/www.bertazzofood.com\/de\/shop\/"},{"@type":"ListItem","position":3,"name":"Italienische Espresso Mokaflor Farm Brasile"}]},{"@type":"WebSite","@id":"https:\/\/www.bertazzofood.com\/de\/#website","url":"https:\/\/www.bertazzofood.com\/de\/","name":"Bertazzo Food","description":"Prodotti Alimentari Italiani Online e Macchine Da Caff\u00e8","publisher":{"@id":"https:\/\/www.bertazzofood.com\/de\/#organization"},"potentialAction":[{"@type":"SearchAction","target":{"@type":"EntryPoint","urlTemplate":"https:\/\/www.bertazzofood.com\/de\/?s={search_term_string}"},"query-input":{"@type":"PropertyValueSpecification","valueRequired":true,"valueName":"search_term_string"}}],"inLanguage":"de"},{"@type":"Organization","@id":"https:\/\/www.bertazzofood.com\/de\/#organization","name":"Bertazzo Italian Quality Food S.a.s. di Bertazzo Fabio & C.","alternateName":"Bertazzo Food","url":"https:\/\/www.bertazzofood.com\/de\/","logo":{"@type":"ImageObject","inLanguage":"de","@id":"https:\/\/www.bertazzofood.com\/de\/#\/schema\/logo\/image\/","url":"https:\/\/www.bertazzofood.com\/wp-content\/uploads\/2024\/06\/logo-bertazzo.webp","contentUrl":"https:\/\/www.bertazzofood.com\/wp-content\/uploads\/2024\/06\/logo-bertazzo.webp","width":410,"height":166,"caption":"Bertazzo Italian Quality Food S.a.s. di Bertazzo Fabio & C."},"image":{"@id":"https:\/\/www.bertazzofood.com\/de\/#\/schema\/logo\/image\/"},"sameAs":["https:\/\/www.facebook.com\/BertazzoItalianQualityFood","https:\/\/www.instagram.com\/bertazzo_italian_quality_food\/"]}]}},"_links":{"self":[{"href":"https:\/\/www.bertazzofood.com\/de\/wp-json\/wp\/v2\/product\/34768","targetHints":{"allow":["GET"]}}],"collection":[{"href":"https:\/\/www.bertazzofood.com\/de\/wp-json\/wp\/v2\/product"}],"about":[{"href":"https:\/\/www.bertazzofood.com\/de\/wp-json\/wp\/v2\/types\/product"}],"replies":[{"embeddable":true,"href":"https:\/\/www.bertazzofood.com\/de\/wp-json\/wp\/v2\/comments?post=34768"}],"version-history":[{"count":4,"href":"https:\/\/www.bertazzofood.com\/de\/wp-json\/wp\/v2\/product\/34768\/revisions"}],"predecessor-version":[{"id":34790,"href":"https:\/\/www.bertazzofood.com\/de\/wp-json\/wp\/v2\/product\/34768\/revisions\/34790"}],"wp:featuredmedia":[{"embeddable":true,"href":"https:\/\/www.bertazzofood.com\/de\/wp-json\/wp\/v2\/media\/34774"}],"wp:attachment":[{"href":"https:\/\/www.bertazzofood.com\/de\/wp-json\/wp\/v2\/media?parent=34768"}],"wp:term":[{"taxonomy":"product_brand","embeddable":true,"href":"https:\/\/www.bertazzofood.com\/de\/wp-json\/wp\/v2\/product_brand?post=34768"},{"taxonomy":"product_cat","embeddable":true,"href":"https:\/\/www.bertazzofood.com\/de\/wp-json\/wp\/v2\/product_cat?post=34768"},{"taxonomy":"product_tag","embeddable":true,"href":"https:\/\/www.bertazzofood.com\/de\/wp-json\/wp\/v2\/product_tag?post=34768"},{"taxonomy":"brands","embeddable":true,"href":"https:\/\/www.bertazzofood.com\/de\/wp-json\/wp\/v2\/brands?post=34768"},{"taxonomy":"flag_home","embeddable":true,"href":"https:\/\/www.bertazzofood.com\/de\/wp-json\/wp\/v2\/flag_home?post=34768"}],"curies":[{"name":"wp","href":"https:\/\/api.w.org\/{rel}","templated":true}]}}