{"id":32901,"date":"2026-02-11T15:16:22","date_gmt":"2026-02-11T14:16:22","guid":{"rendered":"https:\/\/www.bertazzofood.com\/?post_type=product&#038;p=32901"},"modified":"2026-02-11T15:47:25","modified_gmt":"2026-02-11T14:47:25","slug":"espresso-kaffeemaschine-la-spaziale-s2-ek","status":"publish","type":"product","link":"https:\/\/www.bertazzofood.com\/de\/prodotto\/espresso-kaffeemaschine-la-spaziale-s2-ek\/","title":{"rendered":"Espresso Kaffeemaschine La Spaziale S2 EK"},"content":{"rendered":"<p><strong>La Spaziale S2 EK<\/strong> ist eine Elektronische Kaffeemaschine mit programmierbarer Dosierung. Technische Daten:<\/p>\n<p>\u2022 Eingebaute Pumpe<br \/>\n\u2022 Elektrische Heizanlage<br \/>\n\u2022 3-Liter Kessel<br \/>\n\u2022 Manometer f\u00fcr Kessel- und Pumpendruckkontrolle<br \/>\n\u2022 1 Hei\u00dfwasserausla\u00dfd\u00fcse \/ 1 Dampfausla\u00dfd\u00fcse<br \/>\n\u2022 Sicherheitsthermostat des elektrischen Kesselwiderstands<br \/>\n\u2022 Automatische Kesself\u00fcllung<br \/>\n\u2022 Alarmsf\u00fchrung f\u00fcr Betriebsunregelm\u00e4\u00dfigkeiten<br \/>\n\u2022 Karosserie aus rostfreiem Stahl<br \/>\n\u2022 Elektrischer Tassenw\u00e4rmer<\/p>\n<p>\u2022 220V &#8211; Heizungsaufnahme 3000W<\/p>\n<p>\u2022 <span lang=\"de\">Gewicht 42<\/span>\u00a0kg<\/p>\n<p>\u2022Durchmesser 53mm<\/p>\n<p><strong>STANDARD EQUIPMENT OF THE MACHINE:<\/strong><\/p>\n<p>A. 1 filter holder with double spout + 1 filter holder with single spout<br \/>\nB. 1 double filter + 1 single filter<br \/>\nC. 1 complete set of hoses for connection to water mains<br \/>\nD. 1 set of shower heads<br \/>\nE. 1 wrench for shower head removal<br \/>\nF. 1 brush<br \/>\nG. 1 blind filter<br \/>\nH. 1 manual coffee tamper<br \/>\nI. 1 set group-head gasket<\/p>\n<p><strong>24 Monate Garantie.<\/strong><\/p>\n<p><strong>Versand kostenlos.<\/strong><\/p>\n","protected":false},"excerpt":{"rendered":"<p>La Spaziale S2 EK ist eine Elektronische Kaffeemaschine mit programmierbarer Dosierung. Technische Daten: \u2022 Eingebaute Pumpe \u2022 Elektrische Heizanlage \u2022 3-Liter Kessel \u2022 Manometer f\u00fcr Kessel- und Pumpendruckkontrolle \u2022 1 Hei\u00dfwasserausla\u00dfd\u00fcse \/ 1 Dampfausla\u00dfd\u00fcse \u2022 Sicherheitsthermostat des elektrischen Kesselwiderstands \u2022 Automatische Kesself\u00fcllung \u2022 Alarmsf\u00fchrung f\u00fcr Betriebsunregelm\u00e4\u00dfigkeiten \u2022 Karosserie aus rostfreiem Stahl \u2022 Elektrischer Tassenw\u00e4rmer \u2022 [&hellip;]<\/p>\n","protected":false},"featured_media":32919,"comment_status":"open","ping_status":"closed","template":"","meta":{"_acf_changed":false,"iawp_total_views":22},"product_brand":[],"product_cat":[1176,1155],"product_tag":[],"brands":[1627],"flag_home":[],"class_list":{"0":"post-32901","1":"product","2":"type-product","3":"status-publish","4":"has-post-thumbnail","6":"product_cat-espressomaschinen","7":"product_cat-kaffeemaschinen-zubehoer","8":"pa_garanzia-24-monate","9":"pa_tipo-di-alimentazione-acqua-ausfuehrung-mit-festwasseranschluss","10":"pa_tipo-di-caldaia-ein-kessel","11":"pa_tipo-di-pompa-rotationspumpe","12":"brands-la-spaziale","14":"first","15":"instock","16":"taxable","17":"shipping-taxable","18":"purchasable","19":"product-type-simple"},"acf":[],"yoast_head":"<!-- This site is optimized with the Yoast SEO plugin v27.5 - https:\/\/yoast.com\/product\/yoast-seo-wordpress\/ -->\n<title>Espresso Kaffeemaschine La Spaziale S2 EK<\/title>\n<meta name=\"robots\" content=\"index, follow, max-snippet:-1, max-image-preview:large, max-video-preview:-1\" \/>\n<link rel=\"canonical\" href=\"https:\/\/www.bertazzofood.com\/de\/prodotto\/espresso-kaffeemaschine-la-spaziale-s2-ek\/\" \/>\n<meta property=\"og:locale\" content=\"de_DE\" \/>\n<meta property=\"og:type\" content=\"article\" \/>\n<meta property=\"og:title\" content=\"Espresso Kaffeemaschine La Spaziale S2 EK\" \/>\n<meta property=\"og:description\" content=\"La Spaziale S2 EK ist eine Elektronische Kaffeemaschine mit programmierbarer Dosierung. Technische Daten: \u2022 Eingebaute Pumpe \u2022 Elektrische Heizanlage \u2022 3-Liter Kessel \u2022 Manometer f\u00fcr Kessel- und Pumpendruckkontrolle \u2022 1 Hei\u00dfwasserausla\u00dfd\u00fcse \/ 1 Dampfausla\u00dfd\u00fcse \u2022 Sicherheitsthermostat des elektrischen Kesselwiderstands \u2022 Automatische Kesself\u00fcllung \u2022 Alarmsf\u00fchrung f\u00fcr Betriebsunregelm\u00e4\u00dfigkeiten \u2022 Karosserie aus rostfreiem Stahl \u2022 Elektrischer Tassenw\u00e4rmer \u2022 [&hellip;]\" \/>\n<meta property=\"og:url\" content=\"https:\/\/www.bertazzofood.com\/de\/prodotto\/espresso-kaffeemaschine-la-spaziale-s2-ek\/\" \/>\n<meta property=\"og:site_name\" content=\"Bertazzo Food\" \/>\n<meta property=\"article:publisher\" content=\"https:\/\/www.facebook.com\/BertazzoItalianQualityFood\" \/>\n<meta property=\"article:modified_time\" content=\"2026-02-11T14:47:25+00:00\" \/>\n<meta property=\"og:image\" content=\"https:\/\/www.bertazzofood.com\/wp-content\/uploads\/2026\/02\/La-Spaziale-S2-1-gruppo.jpg\" \/>\n\t<meta property=\"og:image:width\" content=\"800\" \/>\n\t<meta property=\"og:image:height\" content=\"800\" \/>\n\t<meta property=\"og:image:type\" content=\"image\/jpeg\" \/>\n<meta name=\"twitter:card\" content=\"summary_large_image\" \/>\n<meta name=\"twitter:label1\" content=\"Gesch\u00e4tzte Lesezeit\" \/>\n\t<meta name=\"twitter:data1\" content=\"1\u00a0Minute\" \/>\n<script type=\"application\/ld+json\" class=\"yoast-schema-graph\">{\"@context\":\"https:\\\/\\\/schema.org\",\"@graph\":[{\"@type\":\"WebPage\",\"@id\":\"https:\\\/\\\/www.bertazzofood.com\\\/de\\\/prodotto\\\/espresso-kaffeemaschine-la-spaziale-s2-ek\\\/\",\"url\":\"https:\\\/\\\/www.bertazzofood.com\\\/de\\\/prodotto\\\/espresso-kaffeemaschine-la-spaziale-s2-ek\\\/\",\"name\":\"Espresso Kaffeemaschine La Spaziale S2 EK\",\"isPartOf\":{\"@id\":\"https:\\\/\\\/www.bertazzofood.com\\\/de\\\/#website\"},\"primaryImageOfPage\":{\"@id\":\"https:\\\/\\\/www.bertazzofood.com\\\/de\\\/prodotto\\\/espresso-kaffeemaschine-la-spaziale-s2-ek\\\/#primaryimage\"},\"image\":{\"@id\":\"https:\\\/\\\/www.bertazzofood.com\\\/de\\\/prodotto\\\/espresso-kaffeemaschine-la-spaziale-s2-ek\\\/#primaryimage\"},\"thumbnailUrl\":\"https:\\\/\\\/www.bertazzofood.com\\\/wp-content\\\/uploads\\\/2026\\\/02\\\/La-Spaziale-S2-1-gruppo.jpg\",\"datePublished\":\"2026-02-11T14:16:22+00:00\",\"dateModified\":\"2026-02-11T14:47:25+00:00\",\"breadcrumb\":{\"@id\":\"https:\\\/\\\/www.bertazzofood.com\\\/de\\\/prodotto\\\/espresso-kaffeemaschine-la-spaziale-s2-ek\\\/#breadcrumb\"},\"inLanguage\":\"de\",\"potentialAction\":[{\"@type\":\"ReadAction\",\"target\":[\"https:\\\/\\\/www.bertazzofood.com\\\/de\\\/prodotto\\\/espresso-kaffeemaschine-la-spaziale-s2-ek\\\/\"]}]},{\"@type\":\"ImageObject\",\"inLanguage\":\"de\",\"@id\":\"https:\\\/\\\/www.bertazzofood.com\\\/de\\\/prodotto\\\/espresso-kaffeemaschine-la-spaziale-s2-ek\\\/#primaryimage\",\"url\":\"https:\\\/\\\/www.bertazzofood.com\\\/wp-content\\\/uploads\\\/2026\\\/02\\\/La-Spaziale-S2-1-gruppo.jpg\",\"contentUrl\":\"https:\\\/\\\/www.bertazzofood.com\\\/wp-content\\\/uploads\\\/2026\\\/02\\\/La-Spaziale-S2-1-gruppo.jpg\",\"width\":800,\"height\":800},{\"@type\":\"BreadcrumbList\",\"@id\":\"https:\\\/\\\/www.bertazzofood.com\\\/de\\\/prodotto\\\/espresso-kaffeemaschine-la-spaziale-s2-ek\\\/#breadcrumb\",\"itemListElement\":[{\"@type\":\"ListItem\",\"position\":1,\"name\":\"Home\",\"item\":\"https:\\\/\\\/www.bertazzofood.com\\\/de\\\/homepage\\\/\"},{\"@type\":\"ListItem\",\"position\":2,\"name\":\"Produkte\",\"item\":\"https:\\\/\\\/www.bertazzofood.com\\\/de\\\/shop\\\/\"},{\"@type\":\"ListItem\",\"position\":3,\"name\":\"Espresso Kaffeemaschine La Spaziale S2 EK\"}]},{\"@type\":\"WebSite\",\"@id\":\"https:\\\/\\\/www.bertazzofood.com\\\/de\\\/#website\",\"url\":\"https:\\\/\\\/www.bertazzofood.com\\\/de\\\/\",\"name\":\"Bertazzo Food\",\"description\":\"Prodotti Alimentari Italiani Online e Macchine Da Caff\u00e8\",\"publisher\":{\"@id\":\"https:\\\/\\\/www.bertazzofood.com\\\/de\\\/#organization\"},\"potentialAction\":[{\"@type\":\"SearchAction\",\"target\":{\"@type\":\"EntryPoint\",\"urlTemplate\":\"https:\\\/\\\/www.bertazzofood.com\\\/de\\\/?s={search_term_string}\"},\"query-input\":{\"@type\":\"PropertyValueSpecification\",\"valueRequired\":true,\"valueName\":\"search_term_string\"}}],\"inLanguage\":\"de\"},{\"@type\":\"Organization\",\"@id\":\"https:\\\/\\\/www.bertazzofood.com\\\/de\\\/#organization\",\"name\":\"Bertazzo Italian Quality Food S.a.s. di Bertazzo Fabio & C.\",\"alternateName\":\"Bertazzo Food\",\"url\":\"https:\\\/\\\/www.bertazzofood.com\\\/de\\\/\",\"logo\":{\"@type\":\"ImageObject\",\"inLanguage\":\"de\",\"@id\":\"https:\\\/\\\/www.bertazzofood.com\\\/de\\\/#\\\/schema\\\/logo\\\/image\\\/\",\"url\":\"https:\\\/\\\/www.bertazzofood.com\\\/wp-content\\\/uploads\\\/2024\\\/06\\\/logo-bertazzo.webp\",\"contentUrl\":\"https:\\\/\\\/www.bertazzofood.com\\\/wp-content\\\/uploads\\\/2024\\\/06\\\/logo-bertazzo.webp\",\"width\":410,\"height\":166,\"caption\":\"Bertazzo Italian Quality Food S.a.s. di Bertazzo Fabio & C.\"},\"image\":{\"@id\":\"https:\\\/\\\/www.bertazzofood.com\\\/de\\\/#\\\/schema\\\/logo\\\/image\\\/\"},\"sameAs\":[\"https:\\\/\\\/www.facebook.com\\\/BertazzoItalianQualityFood\",\"https:\\\/\\\/www.instagram.com\\\/bertazzo_italian_quality_food\\\/\"]}]}<\/script>\n<!-- \/ Yoast SEO plugin. -->","yoast_head_json":{"title":"Espresso Kaffeemaschine La Spaziale S2 EK","robots":{"index":"index","follow":"follow","max-snippet":"max-snippet:-1","max-image-preview":"max-image-preview:large","max-video-preview":"max-video-preview:-1"},"canonical":"https:\/\/www.bertazzofood.com\/de\/prodotto\/espresso-kaffeemaschine-la-spaziale-s2-ek\/","og_locale":"de_DE","og_type":"article","og_title":"Espresso Kaffeemaschine La Spaziale S2 EK","og_description":"La Spaziale S2 EK ist eine Elektronische Kaffeemaschine mit programmierbarer Dosierung. Technische Daten: \u2022 Eingebaute Pumpe \u2022 Elektrische Heizanlage \u2022 3-Liter Kessel \u2022 Manometer f\u00fcr Kessel- und Pumpendruckkontrolle \u2022 1 Hei\u00dfwasserausla\u00dfd\u00fcse \/ 1 Dampfausla\u00dfd\u00fcse \u2022 Sicherheitsthermostat des elektrischen Kesselwiderstands \u2022 Automatische Kesself\u00fcllung \u2022 Alarmsf\u00fchrung f\u00fcr Betriebsunregelm\u00e4\u00dfigkeiten \u2022 Karosserie aus rostfreiem Stahl \u2022 Elektrischer Tassenw\u00e4rmer \u2022 [&hellip;]","og_url":"https:\/\/www.bertazzofood.com\/de\/prodotto\/espresso-kaffeemaschine-la-spaziale-s2-ek\/","og_site_name":"Bertazzo Food","article_publisher":"https:\/\/www.facebook.com\/BertazzoItalianQualityFood","article_modified_time":"2026-02-11T14:47:25+00:00","og_image":[{"width":800,"height":800,"url":"https:\/\/www.bertazzofood.com\/wp-content\/uploads\/2026\/02\/La-Spaziale-S2-1-gruppo.jpg","type":"image\/jpeg"}],"twitter_card":"summary_large_image","twitter_misc":{"Gesch\u00e4tzte Lesezeit":"1\u00a0Minute"},"schema":{"@context":"https:\/\/schema.org","@graph":[{"@type":"WebPage","@id":"https:\/\/www.bertazzofood.com\/de\/prodotto\/espresso-kaffeemaschine-la-spaziale-s2-ek\/","url":"https:\/\/www.bertazzofood.com\/de\/prodotto\/espresso-kaffeemaschine-la-spaziale-s2-ek\/","name":"Espresso Kaffeemaschine La Spaziale S2 EK","isPartOf":{"@id":"https:\/\/www.bertazzofood.com\/de\/#website"},"primaryImageOfPage":{"@id":"https:\/\/www.bertazzofood.com\/de\/prodotto\/espresso-kaffeemaschine-la-spaziale-s2-ek\/#primaryimage"},"image":{"@id":"https:\/\/www.bertazzofood.com\/de\/prodotto\/espresso-kaffeemaschine-la-spaziale-s2-ek\/#primaryimage"},"thumbnailUrl":"https:\/\/www.bertazzofood.com\/wp-content\/uploads\/2026\/02\/La-Spaziale-S2-1-gruppo.jpg","datePublished":"2026-02-11T14:16:22+00:00","dateModified":"2026-02-11T14:47:25+00:00","breadcrumb":{"@id":"https:\/\/www.bertazzofood.com\/de\/prodotto\/espresso-kaffeemaschine-la-spaziale-s2-ek\/#breadcrumb"},"inLanguage":"de","potentialAction":[{"@type":"ReadAction","target":["https:\/\/www.bertazzofood.com\/de\/prodotto\/espresso-kaffeemaschine-la-spaziale-s2-ek\/"]}]},{"@type":"ImageObject","inLanguage":"de","@id":"https:\/\/www.bertazzofood.com\/de\/prodotto\/espresso-kaffeemaschine-la-spaziale-s2-ek\/#primaryimage","url":"https:\/\/www.bertazzofood.com\/wp-content\/uploads\/2026\/02\/La-Spaziale-S2-1-gruppo.jpg","contentUrl":"https:\/\/www.bertazzofood.com\/wp-content\/uploads\/2026\/02\/La-Spaziale-S2-1-gruppo.jpg","width":800,"height":800},{"@type":"BreadcrumbList","@id":"https:\/\/www.bertazzofood.com\/de\/prodotto\/espresso-kaffeemaschine-la-spaziale-s2-ek\/#breadcrumb","itemListElement":[{"@type":"ListItem","position":1,"name":"Home","item":"https:\/\/www.bertazzofood.com\/de\/homepage\/"},{"@type":"ListItem","position":2,"name":"Produkte","item":"https:\/\/www.bertazzofood.com\/de\/shop\/"},{"@type":"ListItem","position":3,"name":"Espresso Kaffeemaschine La Spaziale S2 EK"}]},{"@type":"WebSite","@id":"https:\/\/www.bertazzofood.com\/de\/#website","url":"https:\/\/www.bertazzofood.com\/de\/","name":"Bertazzo Food","description":"Prodotti Alimentari Italiani Online e Macchine Da Caff\u00e8","publisher":{"@id":"https:\/\/www.bertazzofood.com\/de\/#organization"},"potentialAction":[{"@type":"SearchAction","target":{"@type":"EntryPoint","urlTemplate":"https:\/\/www.bertazzofood.com\/de\/?s={search_term_string}"},"query-input":{"@type":"PropertyValueSpecification","valueRequired":true,"valueName":"search_term_string"}}],"inLanguage":"de"},{"@type":"Organization","@id":"https:\/\/www.bertazzofood.com\/de\/#organization","name":"Bertazzo Italian Quality Food S.a.s. di Bertazzo Fabio & C.","alternateName":"Bertazzo Food","url":"https:\/\/www.bertazzofood.com\/de\/","logo":{"@type":"ImageObject","inLanguage":"de","@id":"https:\/\/www.bertazzofood.com\/de\/#\/schema\/logo\/image\/","url":"https:\/\/www.bertazzofood.com\/wp-content\/uploads\/2024\/06\/logo-bertazzo.webp","contentUrl":"https:\/\/www.bertazzofood.com\/wp-content\/uploads\/2024\/06\/logo-bertazzo.webp","width":410,"height":166,"caption":"Bertazzo Italian Quality Food S.a.s. di Bertazzo Fabio & C."},"image":{"@id":"https:\/\/www.bertazzofood.com\/de\/#\/schema\/logo\/image\/"},"sameAs":["https:\/\/www.facebook.com\/BertazzoItalianQualityFood","https:\/\/www.instagram.com\/bertazzo_italian_quality_food\/"]}]}},"_links":{"self":[{"href":"https:\/\/www.bertazzofood.com\/de\/wp-json\/wp\/v2\/product\/32901","targetHints":{"allow":["GET"]}}],"collection":[{"href":"https:\/\/www.bertazzofood.com\/de\/wp-json\/wp\/v2\/product"}],"about":[{"href":"https:\/\/www.bertazzofood.com\/de\/wp-json\/wp\/v2\/types\/product"}],"replies":[{"embeddable":true,"href":"https:\/\/www.bertazzofood.com\/de\/wp-json\/wp\/v2\/comments?post=32901"}],"version-history":[{"count":4,"href":"https:\/\/www.bertazzofood.com\/de\/wp-json\/wp\/v2\/product\/32901\/revisions"}],"predecessor-version":[{"id":32935,"href":"https:\/\/www.bertazzofood.com\/de\/wp-json\/wp\/v2\/product\/32901\/revisions\/32935"}],"wp:featuredmedia":[{"embeddable":true,"href":"https:\/\/www.bertazzofood.com\/de\/wp-json\/wp\/v2\/media\/32919"}],"wp:attachment":[{"href":"https:\/\/www.bertazzofood.com\/de\/wp-json\/wp\/v2\/media?parent=32901"}],"wp:term":[{"taxonomy":"product_brand","embeddable":true,"href":"https:\/\/www.bertazzofood.com\/de\/wp-json\/wp\/v2\/product_brand?post=32901"},{"taxonomy":"product_cat","embeddable":true,"href":"https:\/\/www.bertazzofood.com\/de\/wp-json\/wp\/v2\/product_cat?post=32901"},{"taxonomy":"product_tag","embeddable":true,"href":"https:\/\/www.bertazzofood.com\/de\/wp-json\/wp\/v2\/product_tag?post=32901"},{"taxonomy":"brands","embeddable":true,"href":"https:\/\/www.bertazzofood.com\/de\/wp-json\/wp\/v2\/brands?post=32901"},{"taxonomy":"flag_home","embeddable":true,"href":"https:\/\/www.bertazzofood.com\/de\/wp-json\/wp\/v2\/flag_home?post=32901"}],"curies":[{"name":"wp","href":"https:\/\/api.w.org\/{rel}","templated":true}]}}