{"id":26392,"date":"2024-12-11T16:43:20","date_gmt":"2024-12-11T15:43:20","guid":{"rendered":"https:\/\/www.bertazzofood.com\/?post_type=product&#038;p=26392"},"modified":"2024-12-11T16:49:09","modified_gmt":"2024-12-11T15:49:09","slug":"kaffeemuhle-fiorenzato-f64-evo-xgi-grau","status":"publish","type":"product","link":"https:\/\/www.bertazzofood.com\/de\/prodotto\/kaffeemuhle-fiorenzato-f64-evo-xgi-grau\/","title":{"rendered":"Kaffeem\u00fchle Fiorenzato F64 EVO XGi Grau"},"content":{"rendered":"<p>Fiorenzato F64 EVO XGi: Mit Mahlscheiben 64 mm und automatischem Gebl\u00e4se. Eine technologische, effiziente Kaffeem\u00fchle, die entwickelt wurde, um den Baristas die Arbeit zu erleichtern. Ein Fingerdruck gen\u00fcgt. Um den Rest k\u00fcmmert sich die XGi-Technologie.<\/p>\n<p>Technische Daten:<\/p>\n<p>\u2022\u00a0<strong>Mahlvorgang in Gramm !\u00a0<\/strong><strong>PATENT SYSTEM &#8211; Die in Gramm berechnete Kaffeepulvermenge wird. NUR EINMAL EINGESTELLT.<\/strong><\/p>\n<p>\u2022 Einstellung f\u00fcr kontinuierliches feines Mahlen<\/p>\n<p>\u2022 Leistung: 600 Watt<\/p>\n<p>\u2022 Flache Mahlwerke mit einem Durchmesser von 64 mm <strong>mit Dark-T\u00ae Behandlung<\/strong>, weiterentwicklung unserer M340-Mahlwerke, die zur weiteren Verbesserung der Mahlleistung entwickelt wurden. Die schwarze Beschichtung aus Titan, Aluminium, Kohlenstoff und Stickstoff garantiert eine f\u00fcnfmal l\u00e4ngere Lebensdauer als herk\u00f6mmliche Mahlwerke<\/p>\n<p>\u2022 Fassungsverm\u00f6gen des Beh\u00e4ltnisses (Kaffeebohnen): 1,5 kg<\/p>\n<p>\u2022 Gabel:\u00a0h\u00f6henverstellbar, mit St\u00fctze<\/p>\n<p>\u2022 Umdrehungen der Mahlwerke: 1.350\/min<\/p>\n<p>\u2022 TOUCH-Display<\/p>\n<p>\u2022 Nettogewicht: 15,3 kg<\/p>\n<p>\u2022 Abmessungen: 255x635x320 mm<\/p>\n<p><strong>24 Monate Garantie<\/strong>.<\/p>\n<p><strong>Versand kostenlos<\/strong>.<\/p>\n","protected":false},"excerpt":{"rendered":"<p>Fiorenzato F64 EVO XGi: Mit Mahlscheiben 64 mm und automatischem Gebl\u00e4se. Eine technologische, effiziente Kaffeem\u00fchle, die entwickelt wurde, um den Baristas die Arbeit zu erleichtern. Ein Fingerdruck gen\u00fcgt. Um den Rest k\u00fcmmert sich die XGi-Technologie. Technische Daten: \u2022\u00a0Mahlvorgang in Gramm !\u00a0PATENT SYSTEM &#8211; Die in Gramm berechnete Kaffeepulvermenge wird. NUR EINMAL EINGESTELLT. \u2022 Einstellung f\u00fcr [&hellip;]<\/p>\n","protected":false},"featured_media":26398,"comment_status":"open","ping_status":"closed","template":"","meta":{"_acf_changed":false,"iawp_total_views":70},"product_brand":[],"product_cat":[1155,1178],"product_tag":[1557],"brands":[1639],"flag_home":[],"class_list":{"0":"post-26392","1":"product","2":"type-product","3":"status-publish","4":"has-post-thumbnail","6":"product_cat-kaffeemaschinen-zubehoer","7":"product_cat-kaffeemuehlen","8":"product_tag-ads-ottobre-2024-de","9":"pa_diametro-macine-64-mm","10":"pa_garanzia-24-monate","11":"pa_tipo-macinacaffe-on-demand-de","12":"brands-fiorenzato","14":"first","15":"instock","16":"taxable","17":"shipping-taxable","18":"purchasable","19":"product-type-simple"},"acf":[],"yoast_head":"<!-- This site is optimized with the Yoast SEO plugin v27.5 - https:\/\/yoast.com\/product\/yoast-seo-wordpress\/ -->\n<title>Kaffeem\u00fchle Fiorenzato F64 EVO XGi Grau<\/title>\n<meta name=\"robots\" content=\"index, follow, max-snippet:-1, max-image-preview:large, max-video-preview:-1\" \/>\n<link rel=\"canonical\" href=\"https:\/\/www.bertazzofood.com\/de\/prodotto\/kaffeemuhle-fiorenzato-f64-evo-xgi-grau\/\" \/>\n<meta property=\"og:locale\" content=\"de_DE\" \/>\n<meta property=\"og:type\" content=\"article\" \/>\n<meta property=\"og:title\" content=\"Kaffeem\u00fchle Fiorenzato F64 EVO XGi Grau\" \/>\n<meta property=\"og:description\" content=\"Fiorenzato F64 EVO XGi: Mit Mahlscheiben 64 mm und automatischem Gebl\u00e4se. Eine technologische, effiziente Kaffeem\u00fchle, die entwickelt wurde, um den Baristas die Arbeit zu erleichtern. Ein Fingerdruck gen\u00fcgt. Um den Rest k\u00fcmmert sich die XGi-Technologie. Technische Daten: \u2022\u00a0Mahlvorgang in Gramm !\u00a0PATENT SYSTEM &#8211; Die in Gramm berechnete Kaffeepulvermenge wird. NUR EINMAL EINGESTELLT. \u2022 Einstellung f\u00fcr [&hellip;]\" \/>\n<meta property=\"og:url\" content=\"https:\/\/www.bertazzofood.com\/de\/prodotto\/kaffeemuhle-fiorenzato-f64-evo-xgi-grau\/\" \/>\n<meta property=\"og:site_name\" content=\"Bertazzo Food\" \/>\n<meta property=\"article:publisher\" content=\"https:\/\/www.facebook.com\/BertazzoItalianQualityFood\" \/>\n<meta property=\"article:modified_time\" content=\"2024-12-11T15:49:09+00:00\" \/>\n<meta property=\"og:image\" content=\"https:\/\/www.bertazzofood.com\/wp-content\/uploads\/2024\/12\/Fiorenzato-F64-EVO-XGi-grey.jpg\" \/>\n\t<meta property=\"og:image:width\" content=\"800\" \/>\n\t<meta property=\"og:image:height\" content=\"800\" \/>\n\t<meta property=\"og:image:type\" content=\"image\/jpeg\" \/>\n<meta name=\"twitter:card\" content=\"summary_large_image\" \/>\n<meta name=\"twitter:label1\" content=\"Gesch\u00e4tzte Lesezeit\" \/>\n\t<meta name=\"twitter:data1\" content=\"1\u00a0Minute\" \/>\n<script type=\"application\/ld+json\" class=\"yoast-schema-graph\">{\"@context\":\"https:\\\/\\\/schema.org\",\"@graph\":[{\"@type\":\"WebPage\",\"@id\":\"https:\\\/\\\/www.bertazzofood.com\\\/de\\\/prodotto\\\/kaffeemuhle-fiorenzato-f64-evo-xgi-grau\\\/\",\"url\":\"https:\\\/\\\/www.bertazzofood.com\\\/de\\\/prodotto\\\/kaffeemuhle-fiorenzato-f64-evo-xgi-grau\\\/\",\"name\":\"Kaffeem\u00fchle Fiorenzato F64 EVO XGi Grau\",\"isPartOf\":{\"@id\":\"https:\\\/\\\/www.bertazzofood.com\\\/de\\\/#website\"},\"primaryImageOfPage\":{\"@id\":\"https:\\\/\\\/www.bertazzofood.com\\\/de\\\/prodotto\\\/kaffeemuhle-fiorenzato-f64-evo-xgi-grau\\\/#primaryimage\"},\"image\":{\"@id\":\"https:\\\/\\\/www.bertazzofood.com\\\/de\\\/prodotto\\\/kaffeemuhle-fiorenzato-f64-evo-xgi-grau\\\/#primaryimage\"},\"thumbnailUrl\":\"https:\\\/\\\/www.bertazzofood.com\\\/wp-content\\\/uploads\\\/2024\\\/12\\\/Fiorenzato-F64-EVO-XGi-grey.jpg\",\"datePublished\":\"2024-12-11T15:43:20+00:00\",\"dateModified\":\"2024-12-11T15:49:09+00:00\",\"breadcrumb\":{\"@id\":\"https:\\\/\\\/www.bertazzofood.com\\\/de\\\/prodotto\\\/kaffeemuhle-fiorenzato-f64-evo-xgi-grau\\\/#breadcrumb\"},\"inLanguage\":\"de\",\"potentialAction\":[{\"@type\":\"ReadAction\",\"target\":[\"https:\\\/\\\/www.bertazzofood.com\\\/de\\\/prodotto\\\/kaffeemuhle-fiorenzato-f64-evo-xgi-grau\\\/\"]}]},{\"@type\":\"ImageObject\",\"inLanguage\":\"de\",\"@id\":\"https:\\\/\\\/www.bertazzofood.com\\\/de\\\/prodotto\\\/kaffeemuhle-fiorenzato-f64-evo-xgi-grau\\\/#primaryimage\",\"url\":\"https:\\\/\\\/www.bertazzofood.com\\\/wp-content\\\/uploads\\\/2024\\\/12\\\/Fiorenzato-F64-EVO-XGi-grey.jpg\",\"contentUrl\":\"https:\\\/\\\/www.bertazzofood.com\\\/wp-content\\\/uploads\\\/2024\\\/12\\\/Fiorenzato-F64-EVO-XGi-grey.jpg\",\"width\":800,\"height\":800},{\"@type\":\"BreadcrumbList\",\"@id\":\"https:\\\/\\\/www.bertazzofood.com\\\/de\\\/prodotto\\\/kaffeemuhle-fiorenzato-f64-evo-xgi-grau\\\/#breadcrumb\",\"itemListElement\":[{\"@type\":\"ListItem\",\"position\":1,\"name\":\"Home\",\"item\":\"https:\\\/\\\/www.bertazzofood.com\\\/de\\\/homepage\\\/\"},{\"@type\":\"ListItem\",\"position\":2,\"name\":\"Produkte\",\"item\":\"https:\\\/\\\/www.bertazzofood.com\\\/de\\\/shop\\\/\"},{\"@type\":\"ListItem\",\"position\":3,\"name\":\"Kaffeem\u00fchle Fiorenzato F64 EVO XGi Grau\"}]},{\"@type\":\"WebSite\",\"@id\":\"https:\\\/\\\/www.bertazzofood.com\\\/de\\\/#website\",\"url\":\"https:\\\/\\\/www.bertazzofood.com\\\/de\\\/\",\"name\":\"Bertazzo Food\",\"description\":\"Prodotti Alimentari Italiani Online e Macchine Da Caff\u00e8\",\"publisher\":{\"@id\":\"https:\\\/\\\/www.bertazzofood.com\\\/de\\\/#organization\"},\"potentialAction\":[{\"@type\":\"SearchAction\",\"target\":{\"@type\":\"EntryPoint\",\"urlTemplate\":\"https:\\\/\\\/www.bertazzofood.com\\\/de\\\/?s={search_term_string}\"},\"query-input\":{\"@type\":\"PropertyValueSpecification\",\"valueRequired\":true,\"valueName\":\"search_term_string\"}}],\"inLanguage\":\"de\"},{\"@type\":\"Organization\",\"@id\":\"https:\\\/\\\/www.bertazzofood.com\\\/de\\\/#organization\",\"name\":\"Bertazzo Italian Quality Food S.a.s. di Bertazzo Fabio & C.\",\"alternateName\":\"Bertazzo Food\",\"url\":\"https:\\\/\\\/www.bertazzofood.com\\\/de\\\/\",\"logo\":{\"@type\":\"ImageObject\",\"inLanguage\":\"de\",\"@id\":\"https:\\\/\\\/www.bertazzofood.com\\\/de\\\/#\\\/schema\\\/logo\\\/image\\\/\",\"url\":\"https:\\\/\\\/www.bertazzofood.com\\\/wp-content\\\/uploads\\\/2024\\\/06\\\/logo-bertazzo.webp\",\"contentUrl\":\"https:\\\/\\\/www.bertazzofood.com\\\/wp-content\\\/uploads\\\/2024\\\/06\\\/logo-bertazzo.webp\",\"width\":410,\"height\":166,\"caption\":\"Bertazzo Italian Quality Food S.a.s. di Bertazzo Fabio & C.\"},\"image\":{\"@id\":\"https:\\\/\\\/www.bertazzofood.com\\\/de\\\/#\\\/schema\\\/logo\\\/image\\\/\"},\"sameAs\":[\"https:\\\/\\\/www.facebook.com\\\/BertazzoItalianQualityFood\",\"https:\\\/\\\/www.instagram.com\\\/bertazzo_italian_quality_food\\\/\"]}]}<\/script>\n<!-- \/ Yoast SEO plugin. -->","yoast_head_json":{"title":"Kaffeem\u00fchle Fiorenzato F64 EVO XGi Grau","robots":{"index":"index","follow":"follow","max-snippet":"max-snippet:-1","max-image-preview":"max-image-preview:large","max-video-preview":"max-video-preview:-1"},"canonical":"https:\/\/www.bertazzofood.com\/de\/prodotto\/kaffeemuhle-fiorenzato-f64-evo-xgi-grau\/","og_locale":"de_DE","og_type":"article","og_title":"Kaffeem\u00fchle Fiorenzato F64 EVO XGi Grau","og_description":"Fiorenzato F64 EVO XGi: Mit Mahlscheiben 64 mm und automatischem Gebl\u00e4se. Eine technologische, effiziente Kaffeem\u00fchle, die entwickelt wurde, um den Baristas die Arbeit zu erleichtern. Ein Fingerdruck gen\u00fcgt. Um den Rest k\u00fcmmert sich die XGi-Technologie. Technische Daten: \u2022\u00a0Mahlvorgang in Gramm !\u00a0PATENT SYSTEM &#8211; Die in Gramm berechnete Kaffeepulvermenge wird. NUR EINMAL EINGESTELLT. \u2022 Einstellung f\u00fcr [&hellip;]","og_url":"https:\/\/www.bertazzofood.com\/de\/prodotto\/kaffeemuhle-fiorenzato-f64-evo-xgi-grau\/","og_site_name":"Bertazzo Food","article_publisher":"https:\/\/www.facebook.com\/BertazzoItalianQualityFood","article_modified_time":"2024-12-11T15:49:09+00:00","og_image":[{"width":800,"height":800,"url":"https:\/\/www.bertazzofood.com\/wp-content\/uploads\/2024\/12\/Fiorenzato-F64-EVO-XGi-grey.jpg","type":"image\/jpeg"}],"twitter_card":"summary_large_image","twitter_misc":{"Gesch\u00e4tzte Lesezeit":"1\u00a0Minute"},"schema":{"@context":"https:\/\/schema.org","@graph":[{"@type":"WebPage","@id":"https:\/\/www.bertazzofood.com\/de\/prodotto\/kaffeemuhle-fiorenzato-f64-evo-xgi-grau\/","url":"https:\/\/www.bertazzofood.com\/de\/prodotto\/kaffeemuhle-fiorenzato-f64-evo-xgi-grau\/","name":"Kaffeem\u00fchle Fiorenzato F64 EVO XGi Grau","isPartOf":{"@id":"https:\/\/www.bertazzofood.com\/de\/#website"},"primaryImageOfPage":{"@id":"https:\/\/www.bertazzofood.com\/de\/prodotto\/kaffeemuhle-fiorenzato-f64-evo-xgi-grau\/#primaryimage"},"image":{"@id":"https:\/\/www.bertazzofood.com\/de\/prodotto\/kaffeemuhle-fiorenzato-f64-evo-xgi-grau\/#primaryimage"},"thumbnailUrl":"https:\/\/www.bertazzofood.com\/wp-content\/uploads\/2024\/12\/Fiorenzato-F64-EVO-XGi-grey.jpg","datePublished":"2024-12-11T15:43:20+00:00","dateModified":"2024-12-11T15:49:09+00:00","breadcrumb":{"@id":"https:\/\/www.bertazzofood.com\/de\/prodotto\/kaffeemuhle-fiorenzato-f64-evo-xgi-grau\/#breadcrumb"},"inLanguage":"de","potentialAction":[{"@type":"ReadAction","target":["https:\/\/www.bertazzofood.com\/de\/prodotto\/kaffeemuhle-fiorenzato-f64-evo-xgi-grau\/"]}]},{"@type":"ImageObject","inLanguage":"de","@id":"https:\/\/www.bertazzofood.com\/de\/prodotto\/kaffeemuhle-fiorenzato-f64-evo-xgi-grau\/#primaryimage","url":"https:\/\/www.bertazzofood.com\/wp-content\/uploads\/2024\/12\/Fiorenzato-F64-EVO-XGi-grey.jpg","contentUrl":"https:\/\/www.bertazzofood.com\/wp-content\/uploads\/2024\/12\/Fiorenzato-F64-EVO-XGi-grey.jpg","width":800,"height":800},{"@type":"BreadcrumbList","@id":"https:\/\/www.bertazzofood.com\/de\/prodotto\/kaffeemuhle-fiorenzato-f64-evo-xgi-grau\/#breadcrumb","itemListElement":[{"@type":"ListItem","position":1,"name":"Home","item":"https:\/\/www.bertazzofood.com\/de\/homepage\/"},{"@type":"ListItem","position":2,"name":"Produkte","item":"https:\/\/www.bertazzofood.com\/de\/shop\/"},{"@type":"ListItem","position":3,"name":"Kaffeem\u00fchle Fiorenzato F64 EVO XGi Grau"}]},{"@type":"WebSite","@id":"https:\/\/www.bertazzofood.com\/de\/#website","url":"https:\/\/www.bertazzofood.com\/de\/","name":"Bertazzo Food","description":"Prodotti Alimentari Italiani Online e Macchine Da Caff\u00e8","publisher":{"@id":"https:\/\/www.bertazzofood.com\/de\/#organization"},"potentialAction":[{"@type":"SearchAction","target":{"@type":"EntryPoint","urlTemplate":"https:\/\/www.bertazzofood.com\/de\/?s={search_term_string}"},"query-input":{"@type":"PropertyValueSpecification","valueRequired":true,"valueName":"search_term_string"}}],"inLanguage":"de"},{"@type":"Organization","@id":"https:\/\/www.bertazzofood.com\/de\/#organization","name":"Bertazzo Italian Quality Food S.a.s. di Bertazzo Fabio & C.","alternateName":"Bertazzo Food","url":"https:\/\/www.bertazzofood.com\/de\/","logo":{"@type":"ImageObject","inLanguage":"de","@id":"https:\/\/www.bertazzofood.com\/de\/#\/schema\/logo\/image\/","url":"https:\/\/www.bertazzofood.com\/wp-content\/uploads\/2024\/06\/logo-bertazzo.webp","contentUrl":"https:\/\/www.bertazzofood.com\/wp-content\/uploads\/2024\/06\/logo-bertazzo.webp","width":410,"height":166,"caption":"Bertazzo Italian Quality Food S.a.s. di Bertazzo Fabio & C."},"image":{"@id":"https:\/\/www.bertazzofood.com\/de\/#\/schema\/logo\/image\/"},"sameAs":["https:\/\/www.facebook.com\/BertazzoItalianQualityFood","https:\/\/www.instagram.com\/bertazzo_italian_quality_food\/"]}]}},"_links":{"self":[{"href":"https:\/\/www.bertazzofood.com\/de\/wp-json\/wp\/v2\/product\/26392","targetHints":{"allow":["GET"]}}],"collection":[{"href":"https:\/\/www.bertazzofood.com\/de\/wp-json\/wp\/v2\/product"}],"about":[{"href":"https:\/\/www.bertazzofood.com\/de\/wp-json\/wp\/v2\/types\/product"}],"replies":[{"embeddable":true,"href":"https:\/\/www.bertazzofood.com\/de\/wp-json\/wp\/v2\/comments?post=26392"}],"version-history":[{"count":0,"href":"https:\/\/www.bertazzofood.com\/de\/wp-json\/wp\/v2\/product\/26392\/revisions"}],"wp:featuredmedia":[{"embeddable":true,"href":"https:\/\/www.bertazzofood.com\/de\/wp-json\/wp\/v2\/media\/26398"}],"wp:attachment":[{"href":"https:\/\/www.bertazzofood.com\/de\/wp-json\/wp\/v2\/media?parent=26392"}],"wp:term":[{"taxonomy":"product_brand","embeddable":true,"href":"https:\/\/www.bertazzofood.com\/de\/wp-json\/wp\/v2\/product_brand?post=26392"},{"taxonomy":"product_cat","embeddable":true,"href":"https:\/\/www.bertazzofood.com\/de\/wp-json\/wp\/v2\/product_cat?post=26392"},{"taxonomy":"product_tag","embeddable":true,"href":"https:\/\/www.bertazzofood.com\/de\/wp-json\/wp\/v2\/product_tag?post=26392"},{"taxonomy":"brands","embeddable":true,"href":"https:\/\/www.bertazzofood.com\/de\/wp-json\/wp\/v2\/brands?post=26392"},{"taxonomy":"flag_home","embeddable":true,"href":"https:\/\/www.bertazzofood.com\/de\/wp-json\/wp\/v2\/flag_home?post=26392"}],"curies":[{"name":"wp","href":"https:\/\/api.w.org\/{rel}","templated":true}]}}