{"id":12988,"date":"2023-09-21T09:14:36","date_gmt":"2023-09-21T07:14:36","guid":{"rendered":"https:\/\/thegarden.it\/staging8\/prodotto\/eureka-easy-adjustable-coffee-leveler-58mm-natural-oak-wood\/"},"modified":"2024-06-23T22:48:30","modified_gmt":"2024-06-23T20:48:30","slug":"eureka-easy-adjustable-coffee-leveler-58mm-natural-oak-wood","status":"publish","type":"product","link":"https:\/\/www.bertazzofood.com\/de\/prodotto\/eureka-easy-adjustable-coffee-leveler-58mm-natural-oak-wood\/","title":{"rendered":"Eureka Easy Adjustable Coffee Leveler 58mm natural oak wood"},"content":{"rendered":"<p><strong>EINZIGARTIGE GEOMETRIE<\/strong><\/p>\n<p>Von Eureka R&amp;D entwickelt, um eine gleichm\u00e4\u00dfige und ausgeglichene Kaffeeverteilung zu gew\u00e4hrleisten.<\/p>\n<p><strong>EINZIGARTIGES VERSTELLSYSTEM<\/strong><\/p>\n<p>Zur Regulierung der Tiefe des Verteilers<\/p>\n<p>&#8211; Gestuft, um dem Benutzer eine genaue Wahrnehmung der Ver\u00e4nderungen zu geben, dank der akustischen Einstellung, und um eine totale Stabilit\u00e4t der eingestellten Tiefe zu garantieren;<\/p>\n<p>&#8211; Ausgestattet mit einer numerischen Skala, um eine vollst\u00e4ndige Kontrolle w\u00e4hrend des Regulierungsprozesses zu gew\u00e4hrleisten;<\/p>\n<p>&#8211; Vollst\u00e4ndig anpassbar an die Art des Siebtr\u00e4gers und die Menge des gemahlenen Kaffees;<\/p>\n<p><strong>ERGONOMISCHE FORM UND RUTSCHSICHERE OBERFL\u00c4CHEN<\/strong><\/p>\n<p>Konzipiert, um ein angenehmes und komfortables Erlebnis beim Verteilen des Kaffees zu bieten.<\/p>\n<p><strong>HOCHWERTIGE MATERIALIEN<\/strong><\/p>\n<p>Die Basis aus Edelstahl, die durch eine mechanische Pr\u00e4zisionsbearbeitung hergestellt wird, garantiert eine erstklassige \u00e4sthetische und dimensionale Qualit\u00e4t sowie ein solides, langlebiges Produkt, zusammen mit dem raffinierten Design des oberen Griffs, der in schwarz eloxiertem Aluminium, Olivenholz, Nussbaumholz und nat\u00fcrlichem Eichenholz erh\u00e4ltlich ist.<\/p>\n","protected":false},"excerpt":{"rendered":"<p>EINZIGARTIGE GEOMETRIE Von Eureka R&amp;D entwickelt, um eine gleichm\u00e4\u00dfige und ausgeglichene Kaffeeverteilung zu gew\u00e4hrleisten. EINZIGARTIGES VERSTELLSYSTEM Zur Regulierung der Tiefe des Verteilers &#8211; Gestuft, um dem Benutzer eine genaue Wahrnehmung der Ver\u00e4nderungen zu geben, dank der akustischen Einstellung, und um eine totale Stabilit\u00e4t der eingestellten Tiefe zu garantieren; &#8211; Ausgestattet mit einer numerischen Skala, um [&hellip;]<\/p>\n","protected":false},"featured_media":9037,"comment_status":"open","ping_status":"closed","template":"","meta":{"_acf_changed":false,"iawp_total_views":2},"product_brand":[],"product_cat":[1155,1181],"product_tag":[],"brands":[1705],"flag_home":[],"class_list":{"0":"post-12988","1":"product","2":"type-product","3":"status-publish","4":"has-post-thumbnail","6":"product_cat-kaffeemaschinen-zubehoer","7":"product_cat-tamper-zubehoer","8":"brands-eureka","10":"first","11":"instock","12":"taxable","13":"shipping-taxable","14":"purchasable","15":"product-type-simple"},"acf":[],"yoast_head":"<!-- This site is optimized with the Yoast SEO plugin v27.5 - https:\/\/yoast.com\/product\/yoast-seo-wordpress\/ -->\n<title>Eureka Easy Adjustable Coffee Leveler 58mm natural oak wood<\/title>\n<meta name=\"robots\" content=\"index, follow, max-snippet:-1, max-image-preview:large, max-video-preview:-1\" \/>\n<link rel=\"canonical\" href=\"https:\/\/www.bertazzofood.com\/de\/prodotto\/eureka-easy-adjustable-coffee-leveler-58mm-natural-oak-wood\/\" \/>\n<meta property=\"og:locale\" content=\"de_DE\" \/>\n<meta property=\"og:type\" content=\"article\" \/>\n<meta property=\"og:title\" content=\"Eureka Easy Adjustable Coffee Leveler 58mm natural oak wood\" \/>\n<meta property=\"og:description\" content=\"EINZIGARTIGE GEOMETRIE Von Eureka R&amp;D entwickelt, um eine gleichm\u00e4\u00dfige und ausgeglichene Kaffeeverteilung zu gew\u00e4hrleisten. EINZIGARTIGES VERSTELLSYSTEM Zur Regulierung der Tiefe des Verteilers &#8211; Gestuft, um dem Benutzer eine genaue Wahrnehmung der Ver\u00e4nderungen zu geben, dank der akustischen Einstellung, und um eine totale Stabilit\u00e4t der eingestellten Tiefe zu garantieren; &#8211; Ausgestattet mit einer numerischen Skala, um [&hellip;]\" \/>\n<meta property=\"og:url\" content=\"https:\/\/www.bertazzofood.com\/de\/prodotto\/eureka-easy-adjustable-coffee-leveler-58mm-natural-oak-wood\/\" \/>\n<meta property=\"og:site_name\" content=\"Bertazzo Food\" \/>\n<meta property=\"article:publisher\" content=\"https:\/\/www.facebook.com\/BertazzoItalianQualityFood\" \/>\n<meta property=\"article:modified_time\" content=\"2024-06-23T20:48:30+00:00\" \/>\n<meta property=\"og:image\" content=\"https:\/\/www.bertazzofood.com\/wp-content\/uploads\/2024\/06\/Easy-Adjustable-Leveler-natural-oak-1-2.jpg\" \/>\n\t<meta property=\"og:image:width\" content=\"800\" \/>\n\t<meta property=\"og:image:height\" content=\"800\" \/>\n\t<meta property=\"og:image:type\" content=\"image\/jpeg\" \/>\n<meta name=\"twitter:card\" content=\"summary_large_image\" \/>\n<meta name=\"twitter:label1\" content=\"Gesch\u00e4tzte Lesezeit\" \/>\n\t<meta name=\"twitter:data1\" content=\"1\u00a0Minute\" \/>\n<script type=\"application\/ld+json\" class=\"yoast-schema-graph\">{\"@context\":\"https:\\\/\\\/schema.org\",\"@graph\":[{\"@type\":\"WebPage\",\"@id\":\"https:\\\/\\\/www.bertazzofood.com\\\/de\\\/prodotto\\\/eureka-easy-adjustable-coffee-leveler-58mm-natural-oak-wood\\\/\",\"url\":\"https:\\\/\\\/www.bertazzofood.com\\\/de\\\/prodotto\\\/eureka-easy-adjustable-coffee-leveler-58mm-natural-oak-wood\\\/\",\"name\":\"Eureka Easy Adjustable Coffee Leveler 58mm natural oak wood\",\"isPartOf\":{\"@id\":\"https:\\\/\\\/www.bertazzofood.com\\\/de\\\/#website\"},\"primaryImageOfPage\":{\"@id\":\"https:\\\/\\\/www.bertazzofood.com\\\/de\\\/prodotto\\\/eureka-easy-adjustable-coffee-leveler-58mm-natural-oak-wood\\\/#primaryimage\"},\"image\":{\"@id\":\"https:\\\/\\\/www.bertazzofood.com\\\/de\\\/prodotto\\\/eureka-easy-adjustable-coffee-leveler-58mm-natural-oak-wood\\\/#primaryimage\"},\"thumbnailUrl\":\"https:\\\/\\\/www.bertazzofood.com\\\/wp-content\\\/uploads\\\/2024\\\/06\\\/Easy-Adjustable-Leveler-natural-oak-1-2.jpg\",\"datePublished\":\"2023-09-21T07:14:36+00:00\",\"dateModified\":\"2024-06-23T20:48:30+00:00\",\"breadcrumb\":{\"@id\":\"https:\\\/\\\/www.bertazzofood.com\\\/de\\\/prodotto\\\/eureka-easy-adjustable-coffee-leveler-58mm-natural-oak-wood\\\/#breadcrumb\"},\"inLanguage\":\"de\",\"potentialAction\":[{\"@type\":\"ReadAction\",\"target\":[\"https:\\\/\\\/www.bertazzofood.com\\\/de\\\/prodotto\\\/eureka-easy-adjustable-coffee-leveler-58mm-natural-oak-wood\\\/\"]}]},{\"@type\":\"ImageObject\",\"inLanguage\":\"de\",\"@id\":\"https:\\\/\\\/www.bertazzofood.com\\\/de\\\/prodotto\\\/eureka-easy-adjustable-coffee-leveler-58mm-natural-oak-wood\\\/#primaryimage\",\"url\":\"https:\\\/\\\/www.bertazzofood.com\\\/wp-content\\\/uploads\\\/2024\\\/06\\\/Easy-Adjustable-Leveler-natural-oak-1-2.jpg\",\"contentUrl\":\"https:\\\/\\\/www.bertazzofood.com\\\/wp-content\\\/uploads\\\/2024\\\/06\\\/Easy-Adjustable-Leveler-natural-oak-1-2.jpg\",\"width\":800,\"height\":800},{\"@type\":\"BreadcrumbList\",\"@id\":\"https:\\\/\\\/www.bertazzofood.com\\\/de\\\/prodotto\\\/eureka-easy-adjustable-coffee-leveler-58mm-natural-oak-wood\\\/#breadcrumb\",\"itemListElement\":[{\"@type\":\"ListItem\",\"position\":1,\"name\":\"Home\",\"item\":\"https:\\\/\\\/www.bertazzofood.com\\\/de\\\/homepage\\\/\"},{\"@type\":\"ListItem\",\"position\":2,\"name\":\"Produkte\",\"item\":\"https:\\\/\\\/www.bertazzofood.com\\\/de\\\/shop\\\/\"},{\"@type\":\"ListItem\",\"position\":3,\"name\":\"Eureka Easy Adjustable Coffee Leveler 58mm natural oak wood\"}]},{\"@type\":\"WebSite\",\"@id\":\"https:\\\/\\\/www.bertazzofood.com\\\/de\\\/#website\",\"url\":\"https:\\\/\\\/www.bertazzofood.com\\\/de\\\/\",\"name\":\"Bertazzo Food\",\"description\":\"Prodotti Alimentari Italiani Online e Macchine Da Caff\u00e8\",\"publisher\":{\"@id\":\"https:\\\/\\\/www.bertazzofood.com\\\/de\\\/#organization\"},\"potentialAction\":[{\"@type\":\"SearchAction\",\"target\":{\"@type\":\"EntryPoint\",\"urlTemplate\":\"https:\\\/\\\/www.bertazzofood.com\\\/de\\\/?s={search_term_string}\"},\"query-input\":{\"@type\":\"PropertyValueSpecification\",\"valueRequired\":true,\"valueName\":\"search_term_string\"}}],\"inLanguage\":\"de\"},{\"@type\":\"Organization\",\"@id\":\"https:\\\/\\\/www.bertazzofood.com\\\/de\\\/#organization\",\"name\":\"Bertazzo Italian Quality Food S.a.s. di Bertazzo Fabio & C.\",\"alternateName\":\"Bertazzo Food\",\"url\":\"https:\\\/\\\/www.bertazzofood.com\\\/de\\\/\",\"logo\":{\"@type\":\"ImageObject\",\"inLanguage\":\"de\",\"@id\":\"https:\\\/\\\/www.bertazzofood.com\\\/de\\\/#\\\/schema\\\/logo\\\/image\\\/\",\"url\":\"https:\\\/\\\/www.bertazzofood.com\\\/wp-content\\\/uploads\\\/2024\\\/06\\\/logo-bertazzo.webp\",\"contentUrl\":\"https:\\\/\\\/www.bertazzofood.com\\\/wp-content\\\/uploads\\\/2024\\\/06\\\/logo-bertazzo.webp\",\"width\":410,\"height\":166,\"caption\":\"Bertazzo Italian Quality Food S.a.s. di Bertazzo Fabio & C.\"},\"image\":{\"@id\":\"https:\\\/\\\/www.bertazzofood.com\\\/de\\\/#\\\/schema\\\/logo\\\/image\\\/\"},\"sameAs\":[\"https:\\\/\\\/www.facebook.com\\\/BertazzoItalianQualityFood\",\"https:\\\/\\\/www.instagram.com\\\/bertazzo_italian_quality_food\\\/\"]}]}<\/script>\n<!-- \/ Yoast SEO plugin. -->","yoast_head_json":{"title":"Eureka Easy Adjustable Coffee Leveler 58mm natural oak wood","robots":{"index":"index","follow":"follow","max-snippet":"max-snippet:-1","max-image-preview":"max-image-preview:large","max-video-preview":"max-video-preview:-1"},"canonical":"https:\/\/www.bertazzofood.com\/de\/prodotto\/eureka-easy-adjustable-coffee-leveler-58mm-natural-oak-wood\/","og_locale":"de_DE","og_type":"article","og_title":"Eureka Easy Adjustable Coffee Leveler 58mm natural oak wood","og_description":"EINZIGARTIGE GEOMETRIE Von Eureka R&amp;D entwickelt, um eine gleichm\u00e4\u00dfige und ausgeglichene Kaffeeverteilung zu gew\u00e4hrleisten. EINZIGARTIGES VERSTELLSYSTEM Zur Regulierung der Tiefe des Verteilers &#8211; Gestuft, um dem Benutzer eine genaue Wahrnehmung der Ver\u00e4nderungen zu geben, dank der akustischen Einstellung, und um eine totale Stabilit\u00e4t der eingestellten Tiefe zu garantieren; &#8211; Ausgestattet mit einer numerischen Skala, um [&hellip;]","og_url":"https:\/\/www.bertazzofood.com\/de\/prodotto\/eureka-easy-adjustable-coffee-leveler-58mm-natural-oak-wood\/","og_site_name":"Bertazzo Food","article_publisher":"https:\/\/www.facebook.com\/BertazzoItalianQualityFood","article_modified_time":"2024-06-23T20:48:30+00:00","og_image":[{"width":800,"height":800,"url":"https:\/\/www.bertazzofood.com\/wp-content\/uploads\/2024\/06\/Easy-Adjustable-Leveler-natural-oak-1-2.jpg","type":"image\/jpeg"}],"twitter_card":"summary_large_image","twitter_misc":{"Gesch\u00e4tzte Lesezeit":"1\u00a0Minute"},"schema":{"@context":"https:\/\/schema.org","@graph":[{"@type":"WebPage","@id":"https:\/\/www.bertazzofood.com\/de\/prodotto\/eureka-easy-adjustable-coffee-leveler-58mm-natural-oak-wood\/","url":"https:\/\/www.bertazzofood.com\/de\/prodotto\/eureka-easy-adjustable-coffee-leveler-58mm-natural-oak-wood\/","name":"Eureka Easy Adjustable Coffee Leveler 58mm natural oak wood","isPartOf":{"@id":"https:\/\/www.bertazzofood.com\/de\/#website"},"primaryImageOfPage":{"@id":"https:\/\/www.bertazzofood.com\/de\/prodotto\/eureka-easy-adjustable-coffee-leveler-58mm-natural-oak-wood\/#primaryimage"},"image":{"@id":"https:\/\/www.bertazzofood.com\/de\/prodotto\/eureka-easy-adjustable-coffee-leveler-58mm-natural-oak-wood\/#primaryimage"},"thumbnailUrl":"https:\/\/www.bertazzofood.com\/wp-content\/uploads\/2024\/06\/Easy-Adjustable-Leveler-natural-oak-1-2.jpg","datePublished":"2023-09-21T07:14:36+00:00","dateModified":"2024-06-23T20:48:30+00:00","breadcrumb":{"@id":"https:\/\/www.bertazzofood.com\/de\/prodotto\/eureka-easy-adjustable-coffee-leveler-58mm-natural-oak-wood\/#breadcrumb"},"inLanguage":"de","potentialAction":[{"@type":"ReadAction","target":["https:\/\/www.bertazzofood.com\/de\/prodotto\/eureka-easy-adjustable-coffee-leveler-58mm-natural-oak-wood\/"]}]},{"@type":"ImageObject","inLanguage":"de","@id":"https:\/\/www.bertazzofood.com\/de\/prodotto\/eureka-easy-adjustable-coffee-leveler-58mm-natural-oak-wood\/#primaryimage","url":"https:\/\/www.bertazzofood.com\/wp-content\/uploads\/2024\/06\/Easy-Adjustable-Leveler-natural-oak-1-2.jpg","contentUrl":"https:\/\/www.bertazzofood.com\/wp-content\/uploads\/2024\/06\/Easy-Adjustable-Leveler-natural-oak-1-2.jpg","width":800,"height":800},{"@type":"BreadcrumbList","@id":"https:\/\/www.bertazzofood.com\/de\/prodotto\/eureka-easy-adjustable-coffee-leveler-58mm-natural-oak-wood\/#breadcrumb","itemListElement":[{"@type":"ListItem","position":1,"name":"Home","item":"https:\/\/www.bertazzofood.com\/de\/homepage\/"},{"@type":"ListItem","position":2,"name":"Produkte","item":"https:\/\/www.bertazzofood.com\/de\/shop\/"},{"@type":"ListItem","position":3,"name":"Eureka Easy Adjustable Coffee Leveler 58mm natural oak wood"}]},{"@type":"WebSite","@id":"https:\/\/www.bertazzofood.com\/de\/#website","url":"https:\/\/www.bertazzofood.com\/de\/","name":"Bertazzo Food","description":"Prodotti Alimentari Italiani Online e Macchine Da Caff\u00e8","publisher":{"@id":"https:\/\/www.bertazzofood.com\/de\/#organization"},"potentialAction":[{"@type":"SearchAction","target":{"@type":"EntryPoint","urlTemplate":"https:\/\/www.bertazzofood.com\/de\/?s={search_term_string}"},"query-input":{"@type":"PropertyValueSpecification","valueRequired":true,"valueName":"search_term_string"}}],"inLanguage":"de"},{"@type":"Organization","@id":"https:\/\/www.bertazzofood.com\/de\/#organization","name":"Bertazzo Italian Quality Food S.a.s. di Bertazzo Fabio & C.","alternateName":"Bertazzo Food","url":"https:\/\/www.bertazzofood.com\/de\/","logo":{"@type":"ImageObject","inLanguage":"de","@id":"https:\/\/www.bertazzofood.com\/de\/#\/schema\/logo\/image\/","url":"https:\/\/www.bertazzofood.com\/wp-content\/uploads\/2024\/06\/logo-bertazzo.webp","contentUrl":"https:\/\/www.bertazzofood.com\/wp-content\/uploads\/2024\/06\/logo-bertazzo.webp","width":410,"height":166,"caption":"Bertazzo Italian Quality Food S.a.s. di Bertazzo Fabio & C."},"image":{"@id":"https:\/\/www.bertazzofood.com\/de\/#\/schema\/logo\/image\/"},"sameAs":["https:\/\/www.facebook.com\/BertazzoItalianQualityFood","https:\/\/www.instagram.com\/bertazzo_italian_quality_food\/"]}]}},"_links":{"self":[{"href":"https:\/\/www.bertazzofood.com\/de\/wp-json\/wp\/v2\/product\/12988","targetHints":{"allow":["GET"]}}],"collection":[{"href":"https:\/\/www.bertazzofood.com\/de\/wp-json\/wp\/v2\/product"}],"about":[{"href":"https:\/\/www.bertazzofood.com\/de\/wp-json\/wp\/v2\/types\/product"}],"replies":[{"embeddable":true,"href":"https:\/\/www.bertazzofood.com\/de\/wp-json\/wp\/v2\/comments?post=12988"}],"version-history":[{"count":0,"href":"https:\/\/www.bertazzofood.com\/de\/wp-json\/wp\/v2\/product\/12988\/revisions"}],"wp:featuredmedia":[{"embeddable":true,"href":"https:\/\/www.bertazzofood.com\/de\/wp-json\/wp\/v2\/media\/9037"}],"wp:attachment":[{"href":"https:\/\/www.bertazzofood.com\/de\/wp-json\/wp\/v2\/media?parent=12988"}],"wp:term":[{"taxonomy":"product_brand","embeddable":true,"href":"https:\/\/www.bertazzofood.com\/de\/wp-json\/wp\/v2\/product_brand?post=12988"},{"taxonomy":"product_cat","embeddable":true,"href":"https:\/\/www.bertazzofood.com\/de\/wp-json\/wp\/v2\/product_cat?post=12988"},{"taxonomy":"product_tag","embeddable":true,"href":"https:\/\/www.bertazzofood.com\/de\/wp-json\/wp\/v2\/product_tag?post=12988"},{"taxonomy":"brands","embeddable":true,"href":"https:\/\/www.bertazzofood.com\/de\/wp-json\/wp\/v2\/brands?post=12988"},{"taxonomy":"flag_home","embeddable":true,"href":"https:\/\/www.bertazzofood.com\/de\/wp-json\/wp\/v2\/flag_home?post=12988"}],"curies":[{"name":"wp","href":"https:\/\/api.w.org\/{rel}","templated":true}]}}