{"id":12931,"date":"2023-06-28T07:03:46","date_gmt":"2023-06-28T05:03:46","guid":{"rendered":"https:\/\/thegarden.it\/staging8\/prodotto\/torre-luigino\/"},"modified":"2025-01-08T10:59:15","modified_gmt":"2025-01-08T09:59:15","slug":"torre-luigino-tsp","status":"publish","type":"product","link":"https:\/\/www.bertazzofood.com\/de\/prodotto\/torre-luigino-tsp\/","title":{"rendered":"Torre Luigino TSP"},"content":{"rendered":"<p>20 Jahre Erfahrung in Design, Entwicklung und Bau von Espresso-Kaffeemaschinen. Die Liebe zum Detail, die Verwendung der besten auf dem Markt erh\u00e4ltlichen Komponenten, kombiniert mit. Die perfekte thermische Stabilit\u00e4t macht die Maschinen von <strong>TORRE<\/strong> zu einem Spitzenprodukt.<\/p>\n<p>Die Detailpflege, die Nutzung der besten auf dem Binnenmarkt erh\u00e4ltliche Bestandteile bei perfekter W\u00e4rmebest\u00e4ndigkeit machen <strong>TORRE<\/strong> Maschinen ein Spitzenprodukt. Die Einf\u00fchrung einfacher, funktionaler L\u00f6sungen und optisch erf\u00fcllend wie der Hebel Abgabe ERGO-LIFT, charakterisieren und unterscheiden die Produkte <strong>TORRE<\/strong>.<\/p>\n<p>Ziel von <strong>TORRE<\/strong> ist die kontinuierliche Suche der Veredelung, denn\u00a0besser ist es nicht genug.<\/p>\n<p><strong>Luigino<\/strong>: Kompaktes Design, das sich gut im h\u00e4uslichen Umgebung Integriert mit Leistungen, die mit professionellen Produkten vergleichbar sind. Made in Italy Handwerkskunst.<\/p>\n<p>Technische Daten:<\/p>\n<p>\u2022\u00a0 Eine h\u00e4usliche Machine ganz aus Stahl mit professionnelle Komponenten. Unabh\u00e4ngiger Doppelhahn Dampf und Warmwasser unabhangig f\u00fcr Espresso und Cappuccino Liebhaber<\/p>\n<p>\u2022 Wasserstand Kessel elektronisch gesteuerter. 1.5 lt Kessel mit Innenw\u00e4rmetauscher, der die Abgabe Gleichzeitig mit Espresso, Dampf und Warm Wasser wie in der Bar erm\u00f6glicht<\/p>\n<p>\u2022 Drucksregelung mit Druckshalter un doppel DruckmesserUm Kesseldruck und pampendruck beobachten<\/p>\n<p>\u2022 PID TSP System<\/p>\n<p>\u2022 Oled multifunction display<\/p>\n<p>\u2022 Maximale Vielseitigkeit, professionelle Leistung und termische Stabilit\u00e4t dank E61-Gruppe mit Knopf f\u00fcr die AusgabeERGOLIFT\u2122 mit neuem elegantem und ergonomischem Design<\/p>\n<p>\u2022 2,5 L Ausziehbar Kanister<\/p>\n<p>\u2022 Gruppe E61 mit thermosystolischem Kreislauf<\/p>\n<p>\u2022 Vibrationspumpe<\/p>\n<p>\u2022 Relay SSR Leistung (hohe Zuverl\u00e4ssigkeit)<\/p>\n<p>\u2022 Grosse abnehmbare Tassenw\u00e4rmer Theke<\/p>\n<p>\u2022 Abnehmbare Sammelbecken f\u00fcr Tropfen<\/p>\n<p>\u2022 Ma\u00dfen 26 x 41 x 39,5 cm (W x D x H)<\/p>\n<p>\u2022 Gewicht 20,7 kg<\/p>\n<p>\u2022 Leistung 1100 W<\/p>\n<p>\u2022 Durchmesser\u00a0 58mm<\/p>\n<p class=\" text-LEFT\"><strong>STANDARD EQUIPMENT OF THE MACHINE:<\/strong><\/p>\n<ul>\n<li>1 Espressomaschine mit Bedienungsanleitung<\/li>\n<li>2 Siebtr\u00e4ger mit Einer- und Doppelauslauf mit einem 6-Gramm- und einem 12-Gramm-Sieb<\/li>\n<li>1 Blindsieb<\/li>\n<li>1 Kunststofftamper<\/li>\n<li>1 Kunststoffl\u00f6ffel<\/li>\n<\/ul>\n<p><strong><a href=\"https:\/\/youtu.be\/oc1iIvhmYU0\">Click here to see the video<\/a><\/strong><\/p>\n<p><strong>24 Monate Garantie<\/strong>.<\/p>\n<p><strong>Versand kostenlos<\/strong>.<\/p>\n","protected":false},"excerpt":{"rendered":"<p>20 Jahre Erfahrung in Design, Entwicklung und Bau von Espresso-Kaffeemaschinen. Die Liebe zum Detail, die Verwendung der besten auf dem Markt erh\u00e4ltlichen Komponenten, kombiniert mit. Die perfekte thermische Stabilit\u00e4t macht die Maschinen von TORRE zu einem Spitzenprodukt. Die Detailpflege, die Nutzung der besten auf dem Binnenmarkt erh\u00e4ltliche Bestandteile bei perfekter W\u00e4rmebest\u00e4ndigkeit machen TORRE Maschinen ein [&hellip;]<\/p>\n","protected":false},"featured_media":26804,"comment_status":"open","ping_status":"closed","template":"","meta":{"_acf_changed":false,"iawp_total_views":205},"product_brand":[],"product_cat":[1176,1155],"product_tag":[],"brands":[1861],"flag_home":[],"class_list":{"0":"post-12931","1":"product","2":"type-product","3":"status-publish","4":"has-post-thumbnail","6":"product_cat-espressomaschinen","7":"product_cat-kaffeemaschinen-zubehoer","8":"pa_garanzia-24-monate","9":"pa_tipo-di-alimentazione-acqua-wassertank","10":"pa_tipo-di-caldaia-ein-kessel","11":"pa_tipo-di-pompa-vibrationspumpe","12":"brands-torre","14":"first","15":"instock","16":"taxable","17":"shipping-taxable","18":"purchasable","19":"product-type-simple"},"acf":[],"yoast_head":"<!-- This site is optimized with the Yoast SEO plugin v27.5 - https:\/\/yoast.com\/product\/yoast-seo-wordpress\/ -->\n<title>Torre Luigino TSP<\/title>\n<meta name=\"robots\" content=\"index, follow, max-snippet:-1, max-image-preview:large, max-video-preview:-1\" \/>\n<link rel=\"canonical\" href=\"https:\/\/www.bertazzofood.com\/de\/prodotto\/torre-luigino-tsp\/\" \/>\n<meta property=\"og:locale\" content=\"de_DE\" \/>\n<meta property=\"og:type\" content=\"article\" \/>\n<meta property=\"og:title\" content=\"Torre Luigino TSP\" \/>\n<meta property=\"og:description\" content=\"20 Jahre Erfahrung in Design, Entwicklung und Bau von Espresso-Kaffeemaschinen. Die Liebe zum Detail, die Verwendung der besten auf dem Markt erh\u00e4ltlichen Komponenten, kombiniert mit. Die perfekte thermische Stabilit\u00e4t macht die Maschinen von TORRE zu einem Spitzenprodukt. Die Detailpflege, die Nutzung der besten auf dem Binnenmarkt erh\u00e4ltliche Bestandteile bei perfekter W\u00e4rmebest\u00e4ndigkeit machen TORRE Maschinen ein [&hellip;]\" \/>\n<meta property=\"og:url\" content=\"https:\/\/www.bertazzofood.com\/de\/prodotto\/torre-luigino-tsp\/\" \/>\n<meta property=\"og:site_name\" content=\"Bertazzo Food\" \/>\n<meta property=\"article:publisher\" content=\"https:\/\/www.facebook.com\/BertazzoItalianQualityFood\" \/>\n<meta property=\"article:modified_time\" content=\"2025-01-08T09:59:15+00:00\" \/>\n<meta property=\"og:image\" content=\"https:\/\/www.bertazzofood.com\/wp-content\/uploads\/2024\/06\/Torre-Luigino-7-2.jpg\" \/>\n\t<meta property=\"og:image:width\" content=\"800\" \/>\n\t<meta property=\"og:image:height\" content=\"800\" \/>\n\t<meta property=\"og:image:type\" content=\"image\/jpeg\" \/>\n<meta name=\"twitter:card\" content=\"summary_large_image\" \/>\n<meta name=\"twitter:label1\" content=\"Gesch\u00e4tzte Lesezeit\" \/>\n\t<meta name=\"twitter:data1\" content=\"1\u00a0Minute\" \/>\n<script type=\"application\/ld+json\" class=\"yoast-schema-graph\">{\"@context\":\"https:\\\/\\\/schema.org\",\"@graph\":[{\"@type\":\"WebPage\",\"@id\":\"https:\\\/\\\/www.bertazzofood.com\\\/de\\\/prodotto\\\/torre-luigino-tsp\\\/\",\"url\":\"https:\\\/\\\/www.bertazzofood.com\\\/de\\\/prodotto\\\/torre-luigino-tsp\\\/\",\"name\":\"Torre Luigino TSP\",\"isPartOf\":{\"@id\":\"https:\\\/\\\/www.bertazzofood.com\\\/de\\\/#website\"},\"primaryImageOfPage\":{\"@id\":\"https:\\\/\\\/www.bertazzofood.com\\\/de\\\/prodotto\\\/torre-luigino-tsp\\\/#primaryimage\"},\"image\":{\"@id\":\"https:\\\/\\\/www.bertazzofood.com\\\/de\\\/prodotto\\\/torre-luigino-tsp\\\/#primaryimage\"},\"thumbnailUrl\":\"https:\\\/\\\/www.bertazzofood.com\\\/wp-content\\\/uploads\\\/2023\\\/06\\\/240405_Luigino_plastica_lato.jpg\",\"datePublished\":\"2023-06-28T05:03:46+00:00\",\"dateModified\":\"2025-01-08T09:59:15+00:00\",\"breadcrumb\":{\"@id\":\"https:\\\/\\\/www.bertazzofood.com\\\/de\\\/prodotto\\\/torre-luigino-tsp\\\/#breadcrumb\"},\"inLanguage\":\"de\",\"potentialAction\":[{\"@type\":\"ReadAction\",\"target\":[\"https:\\\/\\\/www.bertazzofood.com\\\/de\\\/prodotto\\\/torre-luigino-tsp\\\/\"]}]},{\"@type\":\"ImageObject\",\"inLanguage\":\"de\",\"@id\":\"https:\\\/\\\/www.bertazzofood.com\\\/de\\\/prodotto\\\/torre-luigino-tsp\\\/#primaryimage\",\"url\":\"https:\\\/\\\/www.bertazzofood.com\\\/wp-content\\\/uploads\\\/2023\\\/06\\\/240405_Luigino_plastica_lato.jpg\",\"contentUrl\":\"https:\\\/\\\/www.bertazzofood.com\\\/wp-content\\\/uploads\\\/2023\\\/06\\\/240405_Luigino_plastica_lato.jpg\",\"width\":800,\"height\":800},{\"@type\":\"BreadcrumbList\",\"@id\":\"https:\\\/\\\/www.bertazzofood.com\\\/de\\\/prodotto\\\/torre-luigino-tsp\\\/#breadcrumb\",\"itemListElement\":[{\"@type\":\"ListItem\",\"position\":1,\"name\":\"Home\",\"item\":\"https:\\\/\\\/www.bertazzofood.com\\\/de\\\/homepage\\\/\"},{\"@type\":\"ListItem\",\"position\":2,\"name\":\"Produkte\",\"item\":\"https:\\\/\\\/www.bertazzofood.com\\\/de\\\/shop\\\/\"},{\"@type\":\"ListItem\",\"position\":3,\"name\":\"Torre Luigino TSP\"}]},{\"@type\":\"WebSite\",\"@id\":\"https:\\\/\\\/www.bertazzofood.com\\\/de\\\/#website\",\"url\":\"https:\\\/\\\/www.bertazzofood.com\\\/de\\\/\",\"name\":\"Bertazzo Food\",\"description\":\"Prodotti Alimentari Italiani Online e Macchine Da Caff\u00e8\",\"publisher\":{\"@id\":\"https:\\\/\\\/www.bertazzofood.com\\\/de\\\/#organization\"},\"potentialAction\":[{\"@type\":\"SearchAction\",\"target\":{\"@type\":\"EntryPoint\",\"urlTemplate\":\"https:\\\/\\\/www.bertazzofood.com\\\/de\\\/?s={search_term_string}\"},\"query-input\":{\"@type\":\"PropertyValueSpecification\",\"valueRequired\":true,\"valueName\":\"search_term_string\"}}],\"inLanguage\":\"de\"},{\"@type\":\"Organization\",\"@id\":\"https:\\\/\\\/www.bertazzofood.com\\\/de\\\/#organization\",\"name\":\"Bertazzo Italian Quality Food S.a.s. di Bertazzo Fabio & C.\",\"alternateName\":\"Bertazzo Food\",\"url\":\"https:\\\/\\\/www.bertazzofood.com\\\/de\\\/\",\"logo\":{\"@type\":\"ImageObject\",\"inLanguage\":\"de\",\"@id\":\"https:\\\/\\\/www.bertazzofood.com\\\/de\\\/#\\\/schema\\\/logo\\\/image\\\/\",\"url\":\"https:\\\/\\\/www.bertazzofood.com\\\/wp-content\\\/uploads\\\/2024\\\/06\\\/logo-bertazzo.webp\",\"contentUrl\":\"https:\\\/\\\/www.bertazzofood.com\\\/wp-content\\\/uploads\\\/2024\\\/06\\\/logo-bertazzo.webp\",\"width\":410,\"height\":166,\"caption\":\"Bertazzo Italian Quality Food S.a.s. di Bertazzo Fabio & C.\"},\"image\":{\"@id\":\"https:\\\/\\\/www.bertazzofood.com\\\/de\\\/#\\\/schema\\\/logo\\\/image\\\/\"},\"sameAs\":[\"https:\\\/\\\/www.facebook.com\\\/BertazzoItalianQualityFood\",\"https:\\\/\\\/www.instagram.com\\\/bertazzo_italian_quality_food\\\/\"]}]}<\/script>\n<!-- \/ Yoast SEO plugin. -->","yoast_head_json":{"title":"Torre Luigino TSP","robots":{"index":"index","follow":"follow","max-snippet":"max-snippet:-1","max-image-preview":"max-image-preview:large","max-video-preview":"max-video-preview:-1"},"canonical":"https:\/\/www.bertazzofood.com\/de\/prodotto\/torre-luigino-tsp\/","og_locale":"de_DE","og_type":"article","og_title":"Torre Luigino TSP","og_description":"20 Jahre Erfahrung in Design, Entwicklung und Bau von Espresso-Kaffeemaschinen. Die Liebe zum Detail, die Verwendung der besten auf dem Markt erh\u00e4ltlichen Komponenten, kombiniert mit. Die perfekte thermische Stabilit\u00e4t macht die Maschinen von TORRE zu einem Spitzenprodukt. Die Detailpflege, die Nutzung der besten auf dem Binnenmarkt erh\u00e4ltliche Bestandteile bei perfekter W\u00e4rmebest\u00e4ndigkeit machen TORRE Maschinen ein [&hellip;]","og_url":"https:\/\/www.bertazzofood.com\/de\/prodotto\/torre-luigino-tsp\/","og_site_name":"Bertazzo Food","article_publisher":"https:\/\/www.facebook.com\/BertazzoItalianQualityFood","article_modified_time":"2025-01-08T09:59:15+00:00","og_image":[{"width":800,"height":800,"url":"https:\/\/www.bertazzofood.com\/wp-content\/uploads\/2024\/06\/Torre-Luigino-7-2.jpg","type":"image\/jpeg"}],"twitter_card":"summary_large_image","twitter_misc":{"Gesch\u00e4tzte Lesezeit":"1\u00a0Minute"},"schema":{"@context":"https:\/\/schema.org","@graph":[{"@type":"WebPage","@id":"https:\/\/www.bertazzofood.com\/de\/prodotto\/torre-luigino-tsp\/","url":"https:\/\/www.bertazzofood.com\/de\/prodotto\/torre-luigino-tsp\/","name":"Torre Luigino TSP","isPartOf":{"@id":"https:\/\/www.bertazzofood.com\/de\/#website"},"primaryImageOfPage":{"@id":"https:\/\/www.bertazzofood.com\/de\/prodotto\/torre-luigino-tsp\/#primaryimage"},"image":{"@id":"https:\/\/www.bertazzofood.com\/de\/prodotto\/torre-luigino-tsp\/#primaryimage"},"thumbnailUrl":"https:\/\/www.bertazzofood.com\/wp-content\/uploads\/2023\/06\/240405_Luigino_plastica_lato.jpg","datePublished":"2023-06-28T05:03:46+00:00","dateModified":"2025-01-08T09:59:15+00:00","breadcrumb":{"@id":"https:\/\/www.bertazzofood.com\/de\/prodotto\/torre-luigino-tsp\/#breadcrumb"},"inLanguage":"de","potentialAction":[{"@type":"ReadAction","target":["https:\/\/www.bertazzofood.com\/de\/prodotto\/torre-luigino-tsp\/"]}]},{"@type":"ImageObject","inLanguage":"de","@id":"https:\/\/www.bertazzofood.com\/de\/prodotto\/torre-luigino-tsp\/#primaryimage","url":"https:\/\/www.bertazzofood.com\/wp-content\/uploads\/2023\/06\/240405_Luigino_plastica_lato.jpg","contentUrl":"https:\/\/www.bertazzofood.com\/wp-content\/uploads\/2023\/06\/240405_Luigino_plastica_lato.jpg","width":800,"height":800},{"@type":"BreadcrumbList","@id":"https:\/\/www.bertazzofood.com\/de\/prodotto\/torre-luigino-tsp\/#breadcrumb","itemListElement":[{"@type":"ListItem","position":1,"name":"Home","item":"https:\/\/www.bertazzofood.com\/de\/homepage\/"},{"@type":"ListItem","position":2,"name":"Produkte","item":"https:\/\/www.bertazzofood.com\/de\/shop\/"},{"@type":"ListItem","position":3,"name":"Torre Luigino TSP"}]},{"@type":"WebSite","@id":"https:\/\/www.bertazzofood.com\/de\/#website","url":"https:\/\/www.bertazzofood.com\/de\/","name":"Bertazzo Food","description":"Prodotti Alimentari Italiani Online e Macchine Da Caff\u00e8","publisher":{"@id":"https:\/\/www.bertazzofood.com\/de\/#organization"},"potentialAction":[{"@type":"SearchAction","target":{"@type":"EntryPoint","urlTemplate":"https:\/\/www.bertazzofood.com\/de\/?s={search_term_string}"},"query-input":{"@type":"PropertyValueSpecification","valueRequired":true,"valueName":"search_term_string"}}],"inLanguage":"de"},{"@type":"Organization","@id":"https:\/\/www.bertazzofood.com\/de\/#organization","name":"Bertazzo Italian Quality Food S.a.s. di Bertazzo Fabio & C.","alternateName":"Bertazzo Food","url":"https:\/\/www.bertazzofood.com\/de\/","logo":{"@type":"ImageObject","inLanguage":"de","@id":"https:\/\/www.bertazzofood.com\/de\/#\/schema\/logo\/image\/","url":"https:\/\/www.bertazzofood.com\/wp-content\/uploads\/2024\/06\/logo-bertazzo.webp","contentUrl":"https:\/\/www.bertazzofood.com\/wp-content\/uploads\/2024\/06\/logo-bertazzo.webp","width":410,"height":166,"caption":"Bertazzo Italian Quality Food S.a.s. di Bertazzo Fabio & C."},"image":{"@id":"https:\/\/www.bertazzofood.com\/de\/#\/schema\/logo\/image\/"},"sameAs":["https:\/\/www.facebook.com\/BertazzoItalianQualityFood","https:\/\/www.instagram.com\/bertazzo_italian_quality_food\/"]}]}},"_links":{"self":[{"href":"https:\/\/www.bertazzofood.com\/de\/wp-json\/wp\/v2\/product\/12931","targetHints":{"allow":["GET"]}}],"collection":[{"href":"https:\/\/www.bertazzofood.com\/de\/wp-json\/wp\/v2\/product"}],"about":[{"href":"https:\/\/www.bertazzofood.com\/de\/wp-json\/wp\/v2\/types\/product"}],"replies":[{"embeddable":true,"href":"https:\/\/www.bertazzofood.com\/de\/wp-json\/wp\/v2\/comments?post=12931"}],"version-history":[{"count":0,"href":"https:\/\/www.bertazzofood.com\/de\/wp-json\/wp\/v2\/product\/12931\/revisions"}],"wp:featuredmedia":[{"embeddable":true,"href":"https:\/\/www.bertazzofood.com\/de\/wp-json\/wp\/v2\/media\/26804"}],"wp:attachment":[{"href":"https:\/\/www.bertazzofood.com\/de\/wp-json\/wp\/v2\/media?parent=12931"}],"wp:term":[{"taxonomy":"product_brand","embeddable":true,"href":"https:\/\/www.bertazzofood.com\/de\/wp-json\/wp\/v2\/product_brand?post=12931"},{"taxonomy":"product_cat","embeddable":true,"href":"https:\/\/www.bertazzofood.com\/de\/wp-json\/wp\/v2\/product_cat?post=12931"},{"taxonomy":"product_tag","embeddable":true,"href":"https:\/\/www.bertazzofood.com\/de\/wp-json\/wp\/v2\/product_tag?post=12931"},{"taxonomy":"brands","embeddable":true,"href":"https:\/\/www.bertazzofood.com\/de\/wp-json\/wp\/v2\/brands?post=12931"},{"taxonomy":"flag_home","embeddable":true,"href":"https:\/\/www.bertazzofood.com\/de\/wp-json\/wp\/v2\/flag_home?post=12931"}],"curies":[{"name":"wp","href":"https:\/\/api.w.org\/{rel}","templated":true}]}}