{"id":12831,"date":"2023-03-15T15:48:12","date_gmt":"2023-03-15T14:48:12","guid":{"rendered":"https:\/\/thegarden.it\/staging8\/prodotto\/espresso-kaffeemaschine-ecm-mechanika-vi-slim-heritage-line\/"},"modified":"2024-06-23T22:46:54","modified_gmt":"2024-06-23T20:46:54","slug":"espresso-kaffeemaschine-ecm-mechanika-vi-slim-heritage-line","status":"publish","type":"product","link":"https:\/\/www.bertazzofood.com\/de\/prodotto\/espresso-kaffeemaschine-ecm-mechanika-vi-slim-heritage-line\/","title":{"rendered":"Espresso Kaffeemaschine Ecm Mechanika VI Slim Heritage Line"},"content":{"rendered":"<p><strong>Ecm Mechanika V Slim Heritage Line <\/strong>in edler Kupferoptik, Satinierte Front und anthrazitfarbenes Geh\u00e4use: Au\u00dfen klein, innen wow. Hochwertige ECM Br\u00fchgruppe mit innovativer Edelstahlglocke, gro\u00dfer Edelstahlkessel und Sehr kompaktes Design. Etwas mehr als 50 Jahre nach Einf\u00fchrung der legend\u00e4ren Br\u00fchgruppe von Faema haben wir die Br\u00fchgruppe ma\u00dfgeblich in Technik &amp; Design verbessert. Dies haben wir zum Anlass genommen unsere Br\u00fchgruppe mit der innovativen Br\u00fchglocke aus Edelstahl patentieren zu lassen.<\/p>\n<p>Handgefertigt in den H\u00fcgeln Heidelbergs.<\/p>\n<p>Main features:<\/p>\n<ul>\n<li>Hochwertige ECM Br\u00fchgruppe mit innovativer Edelstahlglocke<\/li>\n<li>Edelstahlkessel<\/li>\n<li>Pumpendruckmanometer<\/li>\n<li>Kesseldruckmanometer<\/li>\n<li>Bequemer Zugriff zum Wassertank durch abnehmbare Tassenwarmhaltefl\u00e4che<\/li>\n<li>Kesselvolumen: 2.2 L<\/li>\n<li>Vibrationspumpe<\/li>\n<li>PID-Steuerung<\/li>\n<li>Praktischer Kippschalter mit vielen verschiedenen Optionen:<br \/>\n&#8211; Drei Temperaturen w\u00e4hlbar (120\u00b0 C, 124\u00b0 C, 128\u00b0 C)<br \/>\n&#8211; Preinfusion ON\/OFF<br \/>\n&#8211; ECO-Modus ON\/OFF<\/li>\n<li>Frischwasserbeh\u00e4lter: 2.8 L<\/li>\n<li>Lieferumfang:\n<ul>\n<li>1 Filtertr\u00e4ger mit einem Auslauf und schr\u00e4gem Griff<\/li>\n<li>1 Filtertr\u00e4ger mit zwei Ausl\u00e4ufen und schr\u00e4gem Griff<\/li>\n<li>1 Tassensieb 7g<\/li>\n<li>1 Zweitassensieb 14g<\/li>\n<li>1 Blindsieb<\/li>\n<li>1 Tamper<\/li>\n<li>1 Reinigungspinsel<\/li>\n<li>1 Bedienungsanleitung<\/li>\n<li>1 Portionierl\u00f6ffel<\/li>\n<\/ul>\n<\/li>\n<li>Leicht zug\u00e4ngliches Expansionsventil zur individuellen Einstellung des Br\u00fchdrucks<\/li>\n<li>Ma\u00dfe (ohne Filtertr\u00e4ger) B x T x H: 25 x 44,5 x 39,5 cm<\/li>\n<li>Gewicht: 20 kg<\/li>\n<li>Filter diameter: 58mm<\/li>\n<\/ul>\n<p><strong>24 Monate Garantie<\/strong>.<\/p>\n<p><strong>Versand kostenlos<\/strong>.<\/p>\n","protected":false},"excerpt":{"rendered":"<p>Ecm Mechanika V Slim Heritage Line in edler Kupferoptik, Satinierte Front und anthrazitfarbenes Geh\u00e4use: Au\u00dfen klein, innen wow. Hochwertige ECM Br\u00fchgruppe mit innovativer Edelstahlglocke, gro\u00dfer Edelstahlkessel und Sehr kompaktes Design. Etwas mehr als 50 Jahre nach Einf\u00fchrung der legend\u00e4ren Br\u00fchgruppe von Faema haben wir die Br\u00fchgruppe ma\u00dfgeblich in Technik &amp; Design verbessert. Dies haben wir [&hellip;]<\/p>\n","protected":false},"featured_media":8589,"comment_status":"open","ping_status":"closed","template":"","meta":{"_acf_changed":false,"iawp_total_views":40},"product_brand":[],"product_cat":[1176,1155],"product_tag":[],"brands":[1837],"flag_home":[],"class_list":{"0":"post-12831","1":"product","2":"type-product","3":"status-publish","4":"has-post-thumbnail","6":"product_cat-espressomaschinen","7":"product_cat-kaffeemaschinen-zubehoer","8":"pa_garanzia-24-monate","9":"pa_tipo-di-alimentazione-acqua-wassertank","10":"pa_tipo-di-caldaia-ein-kessel","11":"pa_tipo-di-pompa-vibrationspumpe","12":"brands-ecm","14":"first","15":"outofstock","16":"taxable","17":"shipping-taxable","18":"purchasable","19":"product-type-simple"},"acf":[],"yoast_head":"<!-- This site is optimized with the Yoast SEO plugin v27.5 - https:\/\/yoast.com\/product\/yoast-seo-wordpress\/ -->\n<title>Espresso Kaffeemaschine Ecm Mechanika VI Slim Heritage Line<\/title>\n<meta name=\"robots\" content=\"index, follow, max-snippet:-1, max-image-preview:large, max-video-preview:-1\" \/>\n<link rel=\"canonical\" href=\"https:\/\/www.bertazzofood.com\/de\/prodotto\/espresso-kaffeemaschine-ecm-mechanika-vi-slim-heritage-line\/\" \/>\n<meta property=\"og:locale\" content=\"de_DE\" \/>\n<meta property=\"og:type\" content=\"article\" \/>\n<meta property=\"og:title\" content=\"Espresso Kaffeemaschine Ecm Mechanika VI Slim Heritage Line\" \/>\n<meta property=\"og:description\" content=\"Ecm Mechanika V Slim Heritage Line in edler Kupferoptik, Satinierte Front und anthrazitfarbenes Geh\u00e4use: Au\u00dfen klein, innen wow. Hochwertige ECM Br\u00fchgruppe mit innovativer Edelstahlglocke, gro\u00dfer Edelstahlkessel und Sehr kompaktes Design. Etwas mehr als 50 Jahre nach Einf\u00fchrung der legend\u00e4ren Br\u00fchgruppe von Faema haben wir die Br\u00fchgruppe ma\u00dfgeblich in Technik &amp; Design verbessert. Dies haben wir [&hellip;]\" \/>\n<meta property=\"og:url\" content=\"https:\/\/www.bertazzofood.com\/de\/prodotto\/espresso-kaffeemaschine-ecm-mechanika-vi-slim-heritage-line\/\" \/>\n<meta property=\"og:site_name\" content=\"Bertazzo Food\" \/>\n<meta property=\"article:publisher\" content=\"https:\/\/www.facebook.com\/BertazzoItalianQualityFood\" \/>\n<meta property=\"article:modified_time\" content=\"2024-06-23T20:46:54+00:00\" \/>\n<meta property=\"og:image\" content=\"https:\/\/www.bertazzofood.com\/wp-content\/uploads\/2024\/06\/Ecm-Mechanika-VI-Slim-Heritage-Line-2.jpg\" \/>\n\t<meta property=\"og:image:width\" content=\"800\" \/>\n\t<meta property=\"og:image:height\" content=\"800\" \/>\n\t<meta property=\"og:image:type\" content=\"image\/jpeg\" \/>\n<meta name=\"twitter:card\" content=\"summary_large_image\" \/>\n<meta name=\"twitter:label1\" content=\"Gesch\u00e4tzte Lesezeit\" \/>\n\t<meta name=\"twitter:data1\" content=\"1\u00a0Minute\" \/>\n<script type=\"application\/ld+json\" class=\"yoast-schema-graph\">{\"@context\":\"https:\\\/\\\/schema.org\",\"@graph\":[{\"@type\":\"WebPage\",\"@id\":\"https:\\\/\\\/www.bertazzofood.com\\\/de\\\/prodotto\\\/espresso-kaffeemaschine-ecm-mechanika-vi-slim-heritage-line\\\/\",\"url\":\"https:\\\/\\\/www.bertazzofood.com\\\/de\\\/prodotto\\\/espresso-kaffeemaschine-ecm-mechanika-vi-slim-heritage-line\\\/\",\"name\":\"Espresso Kaffeemaschine Ecm Mechanika VI Slim Heritage Line\",\"isPartOf\":{\"@id\":\"https:\\\/\\\/www.bertazzofood.com\\\/de\\\/#website\"},\"primaryImageOfPage\":{\"@id\":\"https:\\\/\\\/www.bertazzofood.com\\\/de\\\/prodotto\\\/espresso-kaffeemaschine-ecm-mechanika-vi-slim-heritage-line\\\/#primaryimage\"},\"image\":{\"@id\":\"https:\\\/\\\/www.bertazzofood.com\\\/de\\\/prodotto\\\/espresso-kaffeemaschine-ecm-mechanika-vi-slim-heritage-line\\\/#primaryimage\"},\"thumbnailUrl\":\"https:\\\/\\\/www.bertazzofood.com\\\/wp-content\\\/uploads\\\/2024\\\/06\\\/Ecm-Mechanika-VI-Slim-Heritage-Line-2.jpg\",\"datePublished\":\"2023-03-15T14:48:12+00:00\",\"dateModified\":\"2024-06-23T20:46:54+00:00\",\"breadcrumb\":{\"@id\":\"https:\\\/\\\/www.bertazzofood.com\\\/de\\\/prodotto\\\/espresso-kaffeemaschine-ecm-mechanika-vi-slim-heritage-line\\\/#breadcrumb\"},\"inLanguage\":\"de\",\"potentialAction\":[{\"@type\":\"ReadAction\",\"target\":[\"https:\\\/\\\/www.bertazzofood.com\\\/de\\\/prodotto\\\/espresso-kaffeemaschine-ecm-mechanika-vi-slim-heritage-line\\\/\"]}]},{\"@type\":\"ImageObject\",\"inLanguage\":\"de\",\"@id\":\"https:\\\/\\\/www.bertazzofood.com\\\/de\\\/prodotto\\\/espresso-kaffeemaschine-ecm-mechanika-vi-slim-heritage-line\\\/#primaryimage\",\"url\":\"https:\\\/\\\/www.bertazzofood.com\\\/wp-content\\\/uploads\\\/2024\\\/06\\\/Ecm-Mechanika-VI-Slim-Heritage-Line-2.jpg\",\"contentUrl\":\"https:\\\/\\\/www.bertazzofood.com\\\/wp-content\\\/uploads\\\/2024\\\/06\\\/Ecm-Mechanika-VI-Slim-Heritage-Line-2.jpg\",\"width\":800,\"height\":800},{\"@type\":\"BreadcrumbList\",\"@id\":\"https:\\\/\\\/www.bertazzofood.com\\\/de\\\/prodotto\\\/espresso-kaffeemaschine-ecm-mechanika-vi-slim-heritage-line\\\/#breadcrumb\",\"itemListElement\":[{\"@type\":\"ListItem\",\"position\":1,\"name\":\"Home\",\"item\":\"https:\\\/\\\/www.bertazzofood.com\\\/de\\\/homepage\\\/\"},{\"@type\":\"ListItem\",\"position\":2,\"name\":\"Produkte\",\"item\":\"https:\\\/\\\/www.bertazzofood.com\\\/de\\\/shop\\\/\"},{\"@type\":\"ListItem\",\"position\":3,\"name\":\"Espresso Kaffeemaschine Ecm Mechanika VI Slim Heritage Line\"}]},{\"@type\":\"WebSite\",\"@id\":\"https:\\\/\\\/www.bertazzofood.com\\\/de\\\/#website\",\"url\":\"https:\\\/\\\/www.bertazzofood.com\\\/de\\\/\",\"name\":\"Bertazzo Food\",\"description\":\"Prodotti Alimentari Italiani Online e Macchine Da Caff\u00e8\",\"publisher\":{\"@id\":\"https:\\\/\\\/www.bertazzofood.com\\\/de\\\/#organization\"},\"potentialAction\":[{\"@type\":\"SearchAction\",\"target\":{\"@type\":\"EntryPoint\",\"urlTemplate\":\"https:\\\/\\\/www.bertazzofood.com\\\/de\\\/?s={search_term_string}\"},\"query-input\":{\"@type\":\"PropertyValueSpecification\",\"valueRequired\":true,\"valueName\":\"search_term_string\"}}],\"inLanguage\":\"de\"},{\"@type\":\"Organization\",\"@id\":\"https:\\\/\\\/www.bertazzofood.com\\\/de\\\/#organization\",\"name\":\"Bertazzo Italian Quality Food S.a.s. di Bertazzo Fabio & C.\",\"alternateName\":\"Bertazzo Food\",\"url\":\"https:\\\/\\\/www.bertazzofood.com\\\/de\\\/\",\"logo\":{\"@type\":\"ImageObject\",\"inLanguage\":\"de\",\"@id\":\"https:\\\/\\\/www.bertazzofood.com\\\/de\\\/#\\\/schema\\\/logo\\\/image\\\/\",\"url\":\"https:\\\/\\\/www.bertazzofood.com\\\/wp-content\\\/uploads\\\/2024\\\/06\\\/logo-bertazzo.webp\",\"contentUrl\":\"https:\\\/\\\/www.bertazzofood.com\\\/wp-content\\\/uploads\\\/2024\\\/06\\\/logo-bertazzo.webp\",\"width\":410,\"height\":166,\"caption\":\"Bertazzo Italian Quality Food S.a.s. di Bertazzo Fabio & C.\"},\"image\":{\"@id\":\"https:\\\/\\\/www.bertazzofood.com\\\/de\\\/#\\\/schema\\\/logo\\\/image\\\/\"},\"sameAs\":[\"https:\\\/\\\/www.facebook.com\\\/BertazzoItalianQualityFood\",\"https:\\\/\\\/www.instagram.com\\\/bertazzo_italian_quality_food\\\/\"]}]}<\/script>\n<!-- \/ Yoast SEO plugin. -->","yoast_head_json":{"title":"Espresso Kaffeemaschine Ecm Mechanika VI Slim Heritage Line","robots":{"index":"index","follow":"follow","max-snippet":"max-snippet:-1","max-image-preview":"max-image-preview:large","max-video-preview":"max-video-preview:-1"},"canonical":"https:\/\/www.bertazzofood.com\/de\/prodotto\/espresso-kaffeemaschine-ecm-mechanika-vi-slim-heritage-line\/","og_locale":"de_DE","og_type":"article","og_title":"Espresso Kaffeemaschine Ecm Mechanika VI Slim Heritage Line","og_description":"Ecm Mechanika V Slim Heritage Line in edler Kupferoptik, Satinierte Front und anthrazitfarbenes Geh\u00e4use: Au\u00dfen klein, innen wow. Hochwertige ECM Br\u00fchgruppe mit innovativer Edelstahlglocke, gro\u00dfer Edelstahlkessel und Sehr kompaktes Design. Etwas mehr als 50 Jahre nach Einf\u00fchrung der legend\u00e4ren Br\u00fchgruppe von Faema haben wir die Br\u00fchgruppe ma\u00dfgeblich in Technik &amp; Design verbessert. Dies haben wir [&hellip;]","og_url":"https:\/\/www.bertazzofood.com\/de\/prodotto\/espresso-kaffeemaschine-ecm-mechanika-vi-slim-heritage-line\/","og_site_name":"Bertazzo Food","article_publisher":"https:\/\/www.facebook.com\/BertazzoItalianQualityFood","article_modified_time":"2024-06-23T20:46:54+00:00","og_image":[{"width":800,"height":800,"url":"https:\/\/www.bertazzofood.com\/wp-content\/uploads\/2024\/06\/Ecm-Mechanika-VI-Slim-Heritage-Line-2.jpg","type":"image\/jpeg"}],"twitter_card":"summary_large_image","twitter_misc":{"Gesch\u00e4tzte Lesezeit":"1\u00a0Minute"},"schema":{"@context":"https:\/\/schema.org","@graph":[{"@type":"WebPage","@id":"https:\/\/www.bertazzofood.com\/de\/prodotto\/espresso-kaffeemaschine-ecm-mechanika-vi-slim-heritage-line\/","url":"https:\/\/www.bertazzofood.com\/de\/prodotto\/espresso-kaffeemaschine-ecm-mechanika-vi-slim-heritage-line\/","name":"Espresso Kaffeemaschine Ecm Mechanika VI Slim Heritage Line","isPartOf":{"@id":"https:\/\/www.bertazzofood.com\/de\/#website"},"primaryImageOfPage":{"@id":"https:\/\/www.bertazzofood.com\/de\/prodotto\/espresso-kaffeemaschine-ecm-mechanika-vi-slim-heritage-line\/#primaryimage"},"image":{"@id":"https:\/\/www.bertazzofood.com\/de\/prodotto\/espresso-kaffeemaschine-ecm-mechanika-vi-slim-heritage-line\/#primaryimage"},"thumbnailUrl":"https:\/\/www.bertazzofood.com\/wp-content\/uploads\/2024\/06\/Ecm-Mechanika-VI-Slim-Heritage-Line-2.jpg","datePublished":"2023-03-15T14:48:12+00:00","dateModified":"2024-06-23T20:46:54+00:00","breadcrumb":{"@id":"https:\/\/www.bertazzofood.com\/de\/prodotto\/espresso-kaffeemaschine-ecm-mechanika-vi-slim-heritage-line\/#breadcrumb"},"inLanguage":"de","potentialAction":[{"@type":"ReadAction","target":["https:\/\/www.bertazzofood.com\/de\/prodotto\/espresso-kaffeemaschine-ecm-mechanika-vi-slim-heritage-line\/"]}]},{"@type":"ImageObject","inLanguage":"de","@id":"https:\/\/www.bertazzofood.com\/de\/prodotto\/espresso-kaffeemaschine-ecm-mechanika-vi-slim-heritage-line\/#primaryimage","url":"https:\/\/www.bertazzofood.com\/wp-content\/uploads\/2024\/06\/Ecm-Mechanika-VI-Slim-Heritage-Line-2.jpg","contentUrl":"https:\/\/www.bertazzofood.com\/wp-content\/uploads\/2024\/06\/Ecm-Mechanika-VI-Slim-Heritage-Line-2.jpg","width":800,"height":800},{"@type":"BreadcrumbList","@id":"https:\/\/www.bertazzofood.com\/de\/prodotto\/espresso-kaffeemaschine-ecm-mechanika-vi-slim-heritage-line\/#breadcrumb","itemListElement":[{"@type":"ListItem","position":1,"name":"Home","item":"https:\/\/www.bertazzofood.com\/de\/homepage\/"},{"@type":"ListItem","position":2,"name":"Produkte","item":"https:\/\/www.bertazzofood.com\/de\/shop\/"},{"@type":"ListItem","position":3,"name":"Espresso Kaffeemaschine Ecm Mechanika VI Slim Heritage Line"}]},{"@type":"WebSite","@id":"https:\/\/www.bertazzofood.com\/de\/#website","url":"https:\/\/www.bertazzofood.com\/de\/","name":"Bertazzo Food","description":"Prodotti Alimentari Italiani Online e Macchine Da Caff\u00e8","publisher":{"@id":"https:\/\/www.bertazzofood.com\/de\/#organization"},"potentialAction":[{"@type":"SearchAction","target":{"@type":"EntryPoint","urlTemplate":"https:\/\/www.bertazzofood.com\/de\/?s={search_term_string}"},"query-input":{"@type":"PropertyValueSpecification","valueRequired":true,"valueName":"search_term_string"}}],"inLanguage":"de"},{"@type":"Organization","@id":"https:\/\/www.bertazzofood.com\/de\/#organization","name":"Bertazzo Italian Quality Food S.a.s. di Bertazzo Fabio & C.","alternateName":"Bertazzo Food","url":"https:\/\/www.bertazzofood.com\/de\/","logo":{"@type":"ImageObject","inLanguage":"de","@id":"https:\/\/www.bertazzofood.com\/de\/#\/schema\/logo\/image\/","url":"https:\/\/www.bertazzofood.com\/wp-content\/uploads\/2024\/06\/logo-bertazzo.webp","contentUrl":"https:\/\/www.bertazzofood.com\/wp-content\/uploads\/2024\/06\/logo-bertazzo.webp","width":410,"height":166,"caption":"Bertazzo Italian Quality Food S.a.s. di Bertazzo Fabio & C."},"image":{"@id":"https:\/\/www.bertazzofood.com\/de\/#\/schema\/logo\/image\/"},"sameAs":["https:\/\/www.facebook.com\/BertazzoItalianQualityFood","https:\/\/www.instagram.com\/bertazzo_italian_quality_food\/"]}]}},"_links":{"self":[{"href":"https:\/\/www.bertazzofood.com\/de\/wp-json\/wp\/v2\/product\/12831","targetHints":{"allow":["GET"]}}],"collection":[{"href":"https:\/\/www.bertazzofood.com\/de\/wp-json\/wp\/v2\/product"}],"about":[{"href":"https:\/\/www.bertazzofood.com\/de\/wp-json\/wp\/v2\/types\/product"}],"replies":[{"embeddable":true,"href":"https:\/\/www.bertazzofood.com\/de\/wp-json\/wp\/v2\/comments?post=12831"}],"version-history":[{"count":0,"href":"https:\/\/www.bertazzofood.com\/de\/wp-json\/wp\/v2\/product\/12831\/revisions"}],"wp:featuredmedia":[{"embeddable":true,"href":"https:\/\/www.bertazzofood.com\/de\/wp-json\/wp\/v2\/media\/8589"}],"wp:attachment":[{"href":"https:\/\/www.bertazzofood.com\/de\/wp-json\/wp\/v2\/media?parent=12831"}],"wp:term":[{"taxonomy":"product_brand","embeddable":true,"href":"https:\/\/www.bertazzofood.com\/de\/wp-json\/wp\/v2\/product_brand?post=12831"},{"taxonomy":"product_cat","embeddable":true,"href":"https:\/\/www.bertazzofood.com\/de\/wp-json\/wp\/v2\/product_cat?post=12831"},{"taxonomy":"product_tag","embeddable":true,"href":"https:\/\/www.bertazzofood.com\/de\/wp-json\/wp\/v2\/product_tag?post=12831"},{"taxonomy":"brands","embeddable":true,"href":"https:\/\/www.bertazzofood.com\/de\/wp-json\/wp\/v2\/brands?post=12831"},{"taxonomy":"flag_home","embeddable":true,"href":"https:\/\/www.bertazzofood.com\/de\/wp-json\/wp\/v2\/flag_home?post=12831"}],"curies":[{"name":"wp","href":"https:\/\/api.w.org\/{rel}","templated":true}]}}