{"id":12816,"date":"2023-03-01T08:14:52","date_gmt":"2023-03-01T07:14:52","guid":{"rendered":"https:\/\/thegarden.it\/staging8\/prodotto\/kaffeemuhle-eureka-atom-touch-65-grau\/"},"modified":"2024-10-01T11:35:45","modified_gmt":"2024-10-01T09:35:45","slug":"kaffeemuhle-eureka-atom-touch-65-grau","status":"publish","type":"product","link":"https:\/\/www.bertazzofood.com\/de\/prodotto\/kaffeemuhle-eureka-atom-touch-65-grau\/","title":{"rendered":"Kaffeem\u00fchle Eureka ATOM Touch 65 Grau"},"content":{"rendered":"<p>Kaffeem\u00fchle\u00a0<strong><em>Eureka ATOM Touch 65<\/em><\/strong>: Direktmahlung (Grind On Demand) mit stufenloser, sehr pr\u00e4ziser Mahlgradverstellung \u00fcber das\u00a0<strong><em>Eureka<\/em><\/strong>-typische Stellrad. Stark reduzierte Mahlger\u00e4usche dank neu entwickeltem Silent Grinding System. Mit einer speziell entwickelten Mahlscheibe produziert die\u00a0<em><strong>ATOM<\/strong>\u00a0<\/em>geringere Feinstaubanteile.<\/p>\n<p><strong>M\u00dcHLEN:<\/strong><\/p>\n<p>Typ: Flach<br \/>\nDurchmesser: 65 mm<br \/>\nMaterial: Geh\u00e4rteter Stahl<\/p>\n<p><strong>DOSER:<\/strong><\/p>\n<p>Touch-display mit TFT Technology<br \/>\nDosenz\u00e4hler: Ja (teilweise und fortlaufend)<br \/>\nProgrammierbare mengen: 2<br \/>\nFortlaufenden Lieferung: Ja (spezielle Taste)<\/p>\n<p><strong>MOTOR:<\/strong><\/p>\n<p>Antrieb: Direkt<br \/>\nUmdrehungen\/Minute: 1370 rpm<br \/>\nLesitung: 280 watt<br \/>\nVersorgung: Einphasig<\/p>\n<p><strong>VERSCHIEDENE:<\/strong><\/p>\n<p>Verf\u00fcgbare Version: Elektronische<br \/>\nStufenloser Mahlgradverstellung: Ja<br \/>\nTrichterinhalt: 300 g<br \/>\nEspresso Mahlleistung: Ca. 2,8 bis 3,8 g\/sek<br \/>\nTechnologie: Silent<br \/>\nACE System<br \/>\n&#8220;High Speed&#8221; Maintenance<br \/>\nAll-Purpose Fork for &#8220;Hands-Free&#8221; Operations<\/p>\n<p>Gewicht: 9,5 kg<\/p>\n<p><strong>24 Monate Garantie<\/strong>.<\/p>\n<p><strong>Versand kostenlos<\/strong>.<\/p>\n","protected":false},"excerpt":{"rendered":"<p>Kaffeem\u00fchle\u00a0Eureka ATOM Touch 65: Direktmahlung (Grind On Demand) mit stufenloser, sehr pr\u00e4ziser Mahlgradverstellung \u00fcber das\u00a0Eureka-typische Stellrad. Stark reduzierte Mahlger\u00e4usche dank neu entwickeltem Silent Grinding System. Mit einer speziell entwickelten Mahlscheibe produziert die\u00a0ATOM\u00a0geringere Feinstaubanteile. M\u00dcHLEN: Typ: Flach Durchmesser: 65 mm Material: Geh\u00e4rteter Stahl DOSER: Touch-display mit TFT Technology Dosenz\u00e4hler: Ja (teilweise und fortlaufend) Programmierbare mengen: 2 [&hellip;]<\/p>\n","protected":false},"featured_media":8568,"comment_status":"open","ping_status":"closed","template":"","meta":{"_acf_changed":false,"iawp_total_views":34},"product_brand":[],"product_cat":[1155,1178],"product_tag":[1557],"brands":[1705],"flag_home":[],"class_list":{"0":"post-12816","1":"product","2":"type-product","3":"status-publish","4":"has-post-thumbnail","6":"product_cat-kaffeemaschinen-zubehoer","7":"product_cat-kaffeemuehlen","8":"product_tag-ads-ottobre-2024-de","9":"pa_diametro-macine-65-mm","10":"pa_garanzia-24-monate","11":"pa_tipo-macinacaffe-on-demand-de","12":"brands-eureka","14":"first","15":"instock","16":"taxable","17":"shipping-taxable","18":"purchasable","19":"product-type-simple"},"acf":[],"yoast_head":"<!-- This site is optimized with the Yoast SEO plugin v27.5 - https:\/\/yoast.com\/product\/yoast-seo-wordpress\/ -->\n<title>Kaffeem\u00fchle Eureka ATOM Touch 65 Grau<\/title>\n<meta name=\"robots\" content=\"index, follow, max-snippet:-1, max-image-preview:large, max-video-preview:-1\" \/>\n<link rel=\"canonical\" href=\"https:\/\/www.bertazzofood.com\/de\/prodotto\/kaffeemuhle-eureka-atom-touch-65-grau\/\" \/>\n<meta property=\"og:locale\" content=\"de_DE\" \/>\n<meta property=\"og:type\" content=\"article\" \/>\n<meta property=\"og:title\" content=\"Kaffeem\u00fchle Eureka ATOM Touch 65 Grau\" \/>\n<meta property=\"og:description\" content=\"Kaffeem\u00fchle\u00a0Eureka ATOM Touch 65: Direktmahlung (Grind On Demand) mit stufenloser, sehr pr\u00e4ziser Mahlgradverstellung \u00fcber das\u00a0Eureka-typische Stellrad. Stark reduzierte Mahlger\u00e4usche dank neu entwickeltem Silent Grinding System. Mit einer speziell entwickelten Mahlscheibe produziert die\u00a0ATOM\u00a0geringere Feinstaubanteile. M\u00dcHLEN: Typ: Flach Durchmesser: 65 mm Material: Geh\u00e4rteter Stahl DOSER: Touch-display mit TFT Technology Dosenz\u00e4hler: Ja (teilweise und fortlaufend) Programmierbare mengen: 2 [&hellip;]\" \/>\n<meta property=\"og:url\" content=\"https:\/\/www.bertazzofood.com\/de\/prodotto\/kaffeemuhle-eureka-atom-touch-65-grau\/\" \/>\n<meta property=\"og:site_name\" content=\"Bertazzo Food\" \/>\n<meta property=\"article:publisher\" content=\"https:\/\/www.facebook.com\/BertazzoItalianQualityFood\" \/>\n<meta property=\"article:modified_time\" content=\"2024-10-01T09:35:45+00:00\" \/>\n<meta property=\"og:image\" content=\"https:\/\/www.bertazzofood.com\/wp-content\/uploads\/2024\/06\/Eureka-Atom-Touch-65-grey-2.jpg\" \/>\n\t<meta property=\"og:image:width\" content=\"800\" \/>\n\t<meta property=\"og:image:height\" content=\"805\" \/>\n\t<meta property=\"og:image:type\" content=\"image\/jpeg\" \/>\n<meta name=\"twitter:card\" content=\"summary_large_image\" \/>\n<meta name=\"twitter:label1\" content=\"Gesch\u00e4tzte Lesezeit\" \/>\n\t<meta name=\"twitter:data1\" content=\"1\u00a0Minute\" \/>\n<script type=\"application\/ld+json\" class=\"yoast-schema-graph\">{\"@context\":\"https:\\\/\\\/schema.org\",\"@graph\":[{\"@type\":\"WebPage\",\"@id\":\"https:\\\/\\\/www.bertazzofood.com\\\/de\\\/prodotto\\\/kaffeemuhle-eureka-atom-touch-65-grau\\\/\",\"url\":\"https:\\\/\\\/www.bertazzofood.com\\\/de\\\/prodotto\\\/kaffeemuhle-eureka-atom-touch-65-grau\\\/\",\"name\":\"Kaffeem\u00fchle Eureka ATOM Touch 65 Grau\",\"isPartOf\":{\"@id\":\"https:\\\/\\\/www.bertazzofood.com\\\/de\\\/#website\"},\"primaryImageOfPage\":{\"@id\":\"https:\\\/\\\/www.bertazzofood.com\\\/de\\\/prodotto\\\/kaffeemuhle-eureka-atom-touch-65-grau\\\/#primaryimage\"},\"image\":{\"@id\":\"https:\\\/\\\/www.bertazzofood.com\\\/de\\\/prodotto\\\/kaffeemuhle-eureka-atom-touch-65-grau\\\/#primaryimage\"},\"thumbnailUrl\":\"https:\\\/\\\/www.bertazzofood.com\\\/wp-content\\\/uploads\\\/2024\\\/06\\\/Eureka-Atom-Touch-65-grey-2.jpg\",\"datePublished\":\"2023-03-01T07:14:52+00:00\",\"dateModified\":\"2024-10-01T09:35:45+00:00\",\"breadcrumb\":{\"@id\":\"https:\\\/\\\/www.bertazzofood.com\\\/de\\\/prodotto\\\/kaffeemuhle-eureka-atom-touch-65-grau\\\/#breadcrumb\"},\"inLanguage\":\"de\",\"potentialAction\":[{\"@type\":\"ReadAction\",\"target\":[\"https:\\\/\\\/www.bertazzofood.com\\\/de\\\/prodotto\\\/kaffeemuhle-eureka-atom-touch-65-grau\\\/\"]}]},{\"@type\":\"ImageObject\",\"inLanguage\":\"de\",\"@id\":\"https:\\\/\\\/www.bertazzofood.com\\\/de\\\/prodotto\\\/kaffeemuhle-eureka-atom-touch-65-grau\\\/#primaryimage\",\"url\":\"https:\\\/\\\/www.bertazzofood.com\\\/wp-content\\\/uploads\\\/2024\\\/06\\\/Eureka-Atom-Touch-65-grey-2.jpg\",\"contentUrl\":\"https:\\\/\\\/www.bertazzofood.com\\\/wp-content\\\/uploads\\\/2024\\\/06\\\/Eureka-Atom-Touch-65-grey-2.jpg\",\"width\":800,\"height\":805},{\"@type\":\"BreadcrumbList\",\"@id\":\"https:\\\/\\\/www.bertazzofood.com\\\/de\\\/prodotto\\\/kaffeemuhle-eureka-atom-touch-65-grau\\\/#breadcrumb\",\"itemListElement\":[{\"@type\":\"ListItem\",\"position\":1,\"name\":\"Home\",\"item\":\"https:\\\/\\\/www.bertazzofood.com\\\/de\\\/homepage\\\/\"},{\"@type\":\"ListItem\",\"position\":2,\"name\":\"Produkte\",\"item\":\"https:\\\/\\\/www.bertazzofood.com\\\/de\\\/shop\\\/\"},{\"@type\":\"ListItem\",\"position\":3,\"name\":\"Kaffeem\u00fchle Eureka ATOM Touch 65 Grau\"}]},{\"@type\":\"WebSite\",\"@id\":\"https:\\\/\\\/www.bertazzofood.com\\\/de\\\/#website\",\"url\":\"https:\\\/\\\/www.bertazzofood.com\\\/de\\\/\",\"name\":\"Bertazzo Food\",\"description\":\"Prodotti Alimentari Italiani Online e Macchine Da Caff\u00e8\",\"publisher\":{\"@id\":\"https:\\\/\\\/www.bertazzofood.com\\\/de\\\/#organization\"},\"potentialAction\":[{\"@type\":\"SearchAction\",\"target\":{\"@type\":\"EntryPoint\",\"urlTemplate\":\"https:\\\/\\\/www.bertazzofood.com\\\/de\\\/?s={search_term_string}\"},\"query-input\":{\"@type\":\"PropertyValueSpecification\",\"valueRequired\":true,\"valueName\":\"search_term_string\"}}],\"inLanguage\":\"de\"},{\"@type\":\"Organization\",\"@id\":\"https:\\\/\\\/www.bertazzofood.com\\\/de\\\/#organization\",\"name\":\"Bertazzo Italian Quality Food S.a.s. di Bertazzo Fabio & C.\",\"alternateName\":\"Bertazzo Food\",\"url\":\"https:\\\/\\\/www.bertazzofood.com\\\/de\\\/\",\"logo\":{\"@type\":\"ImageObject\",\"inLanguage\":\"de\",\"@id\":\"https:\\\/\\\/www.bertazzofood.com\\\/de\\\/#\\\/schema\\\/logo\\\/image\\\/\",\"url\":\"https:\\\/\\\/www.bertazzofood.com\\\/wp-content\\\/uploads\\\/2024\\\/06\\\/logo-bertazzo.webp\",\"contentUrl\":\"https:\\\/\\\/www.bertazzofood.com\\\/wp-content\\\/uploads\\\/2024\\\/06\\\/logo-bertazzo.webp\",\"width\":410,\"height\":166,\"caption\":\"Bertazzo Italian Quality Food S.a.s. di Bertazzo Fabio & C.\"},\"image\":{\"@id\":\"https:\\\/\\\/www.bertazzofood.com\\\/de\\\/#\\\/schema\\\/logo\\\/image\\\/\"},\"sameAs\":[\"https:\\\/\\\/www.facebook.com\\\/BertazzoItalianQualityFood\",\"https:\\\/\\\/www.instagram.com\\\/bertazzo_italian_quality_food\\\/\"]}]}<\/script>\n<!-- \/ Yoast SEO plugin. -->","yoast_head_json":{"title":"Kaffeem\u00fchle Eureka ATOM Touch 65 Grau","robots":{"index":"index","follow":"follow","max-snippet":"max-snippet:-1","max-image-preview":"max-image-preview:large","max-video-preview":"max-video-preview:-1"},"canonical":"https:\/\/www.bertazzofood.com\/de\/prodotto\/kaffeemuhle-eureka-atom-touch-65-grau\/","og_locale":"de_DE","og_type":"article","og_title":"Kaffeem\u00fchle Eureka ATOM Touch 65 Grau","og_description":"Kaffeem\u00fchle\u00a0Eureka ATOM Touch 65: Direktmahlung (Grind On Demand) mit stufenloser, sehr pr\u00e4ziser Mahlgradverstellung \u00fcber das\u00a0Eureka-typische Stellrad. Stark reduzierte Mahlger\u00e4usche dank neu entwickeltem Silent Grinding System. Mit einer speziell entwickelten Mahlscheibe produziert die\u00a0ATOM\u00a0geringere Feinstaubanteile. M\u00dcHLEN: Typ: Flach Durchmesser: 65 mm Material: Geh\u00e4rteter Stahl DOSER: Touch-display mit TFT Technology Dosenz\u00e4hler: Ja (teilweise und fortlaufend) Programmierbare mengen: 2 [&hellip;]","og_url":"https:\/\/www.bertazzofood.com\/de\/prodotto\/kaffeemuhle-eureka-atom-touch-65-grau\/","og_site_name":"Bertazzo Food","article_publisher":"https:\/\/www.facebook.com\/BertazzoItalianQualityFood","article_modified_time":"2024-10-01T09:35:45+00:00","og_image":[{"width":800,"height":805,"url":"https:\/\/www.bertazzofood.com\/wp-content\/uploads\/2024\/06\/Eureka-Atom-Touch-65-grey-2.jpg","type":"image\/jpeg"}],"twitter_card":"summary_large_image","twitter_misc":{"Gesch\u00e4tzte Lesezeit":"1\u00a0Minute"},"schema":{"@context":"https:\/\/schema.org","@graph":[{"@type":"WebPage","@id":"https:\/\/www.bertazzofood.com\/de\/prodotto\/kaffeemuhle-eureka-atom-touch-65-grau\/","url":"https:\/\/www.bertazzofood.com\/de\/prodotto\/kaffeemuhle-eureka-atom-touch-65-grau\/","name":"Kaffeem\u00fchle Eureka ATOM Touch 65 Grau","isPartOf":{"@id":"https:\/\/www.bertazzofood.com\/de\/#website"},"primaryImageOfPage":{"@id":"https:\/\/www.bertazzofood.com\/de\/prodotto\/kaffeemuhle-eureka-atom-touch-65-grau\/#primaryimage"},"image":{"@id":"https:\/\/www.bertazzofood.com\/de\/prodotto\/kaffeemuhle-eureka-atom-touch-65-grau\/#primaryimage"},"thumbnailUrl":"https:\/\/www.bertazzofood.com\/wp-content\/uploads\/2024\/06\/Eureka-Atom-Touch-65-grey-2.jpg","datePublished":"2023-03-01T07:14:52+00:00","dateModified":"2024-10-01T09:35:45+00:00","breadcrumb":{"@id":"https:\/\/www.bertazzofood.com\/de\/prodotto\/kaffeemuhle-eureka-atom-touch-65-grau\/#breadcrumb"},"inLanguage":"de","potentialAction":[{"@type":"ReadAction","target":["https:\/\/www.bertazzofood.com\/de\/prodotto\/kaffeemuhle-eureka-atom-touch-65-grau\/"]}]},{"@type":"ImageObject","inLanguage":"de","@id":"https:\/\/www.bertazzofood.com\/de\/prodotto\/kaffeemuhle-eureka-atom-touch-65-grau\/#primaryimage","url":"https:\/\/www.bertazzofood.com\/wp-content\/uploads\/2024\/06\/Eureka-Atom-Touch-65-grey-2.jpg","contentUrl":"https:\/\/www.bertazzofood.com\/wp-content\/uploads\/2024\/06\/Eureka-Atom-Touch-65-grey-2.jpg","width":800,"height":805},{"@type":"BreadcrumbList","@id":"https:\/\/www.bertazzofood.com\/de\/prodotto\/kaffeemuhle-eureka-atom-touch-65-grau\/#breadcrumb","itemListElement":[{"@type":"ListItem","position":1,"name":"Home","item":"https:\/\/www.bertazzofood.com\/de\/homepage\/"},{"@type":"ListItem","position":2,"name":"Produkte","item":"https:\/\/www.bertazzofood.com\/de\/shop\/"},{"@type":"ListItem","position":3,"name":"Kaffeem\u00fchle Eureka ATOM Touch 65 Grau"}]},{"@type":"WebSite","@id":"https:\/\/www.bertazzofood.com\/de\/#website","url":"https:\/\/www.bertazzofood.com\/de\/","name":"Bertazzo Food","description":"Prodotti Alimentari Italiani Online e Macchine Da Caff\u00e8","publisher":{"@id":"https:\/\/www.bertazzofood.com\/de\/#organization"},"potentialAction":[{"@type":"SearchAction","target":{"@type":"EntryPoint","urlTemplate":"https:\/\/www.bertazzofood.com\/de\/?s={search_term_string}"},"query-input":{"@type":"PropertyValueSpecification","valueRequired":true,"valueName":"search_term_string"}}],"inLanguage":"de"},{"@type":"Organization","@id":"https:\/\/www.bertazzofood.com\/de\/#organization","name":"Bertazzo Italian Quality Food S.a.s. di Bertazzo Fabio & C.","alternateName":"Bertazzo Food","url":"https:\/\/www.bertazzofood.com\/de\/","logo":{"@type":"ImageObject","inLanguage":"de","@id":"https:\/\/www.bertazzofood.com\/de\/#\/schema\/logo\/image\/","url":"https:\/\/www.bertazzofood.com\/wp-content\/uploads\/2024\/06\/logo-bertazzo.webp","contentUrl":"https:\/\/www.bertazzofood.com\/wp-content\/uploads\/2024\/06\/logo-bertazzo.webp","width":410,"height":166,"caption":"Bertazzo Italian Quality Food S.a.s. di Bertazzo Fabio & C."},"image":{"@id":"https:\/\/www.bertazzofood.com\/de\/#\/schema\/logo\/image\/"},"sameAs":["https:\/\/www.facebook.com\/BertazzoItalianQualityFood","https:\/\/www.instagram.com\/bertazzo_italian_quality_food\/"]}]}},"_links":{"self":[{"href":"https:\/\/www.bertazzofood.com\/de\/wp-json\/wp\/v2\/product\/12816","targetHints":{"allow":["GET"]}}],"collection":[{"href":"https:\/\/www.bertazzofood.com\/de\/wp-json\/wp\/v2\/product"}],"about":[{"href":"https:\/\/www.bertazzofood.com\/de\/wp-json\/wp\/v2\/types\/product"}],"replies":[{"embeddable":true,"href":"https:\/\/www.bertazzofood.com\/de\/wp-json\/wp\/v2\/comments?post=12816"}],"version-history":[{"count":0,"href":"https:\/\/www.bertazzofood.com\/de\/wp-json\/wp\/v2\/product\/12816\/revisions"}],"wp:featuredmedia":[{"embeddable":true,"href":"https:\/\/www.bertazzofood.com\/de\/wp-json\/wp\/v2\/media\/8568"}],"wp:attachment":[{"href":"https:\/\/www.bertazzofood.com\/de\/wp-json\/wp\/v2\/media?parent=12816"}],"wp:term":[{"taxonomy":"product_brand","embeddable":true,"href":"https:\/\/www.bertazzofood.com\/de\/wp-json\/wp\/v2\/product_brand?post=12816"},{"taxonomy":"product_cat","embeddable":true,"href":"https:\/\/www.bertazzofood.com\/de\/wp-json\/wp\/v2\/product_cat?post=12816"},{"taxonomy":"product_tag","embeddable":true,"href":"https:\/\/www.bertazzofood.com\/de\/wp-json\/wp\/v2\/product_tag?post=12816"},{"taxonomy":"brands","embeddable":true,"href":"https:\/\/www.bertazzofood.com\/de\/wp-json\/wp\/v2\/brands?post=12816"},{"taxonomy":"flag_home","embeddable":true,"href":"https:\/\/www.bertazzofood.com\/de\/wp-json\/wp\/v2\/flag_home?post=12816"}],"curies":[{"name":"wp","href":"https:\/\/api.w.org\/{rel}","templated":true}]}}