{"id":12756,"date":"2022-12-13T08:45:38","date_gmt":"2022-12-13T07:45:38","guid":{"rendered":"https:\/\/thegarden.it\/staging8\/prodotto\/dynamometrischer-tamper-eureka-58mm\/"},"modified":"2024-06-23T22:46:09","modified_gmt":"2024-06-23T20:46:09","slug":"dynamometrischer-tamper-eureka-58mm","status":"publish","type":"product","link":"https:\/\/www.bertazzofood.com\/de\/prodotto\/dynamometrischer-tamper-eureka-58mm\/","title":{"rendered":"Dynamometrischer Tamper Eureka 58mm"},"content":{"rendered":"<p>Konzipiert f\u00fcr alle, die wenig Zeit zur Verf\u00fcgung haben und trotzdem gut arbeiten und von einem perfekten und gleichm\u00e4\u00dfigen Tamping profitieren wollen.<\/p>\n<p><strong>DYNAMOMETRISCHES SYSTEM<\/strong><\/p>\n<p>F\u00fcr ein gleichm\u00e4\u00dfiges und konsistentes Tamping \u00fcber die Zeit.<\/p>\n<p><strong>CHANNELING-FREI<\/strong><\/p>\n<p>Dank der Randauflage auf dem Siebtr\u00e4ger, die es erm\u00f6glicht, perfekt senkrecht zu pressen, ohne gro\u00dfe Anstrengung und schnell das beste Ergebnis zu erzielen.<\/p>\n<p><strong>ERGONOMISCH AND SEHR ANGENEHM IN DER ANWENDUNG<\/strong><\/p>\n<p>Dank des Griffs, der speziell von Eureka R&amp;D und den Barista-Partnern weltweit entwickelt wurde;<\/p>\n<p><strong>PREMIUM QUALIT\u00c4T UND VERARBEITUNG<\/strong><\/p>\n<p>Die Basis aus rostfreiem Stahl, die durch mechanische Pr\u00e4zisionsbearbeitung hergestellt wird, gew\u00e4hrleistet eine erstklassige \u00c4sthetik und ma\u00dfliche Qualit\u00e4t sowie ein zuverl\u00e4ssiges, langlebiges Produkt.<\/p>\n","protected":false},"excerpt":{"rendered":"<p>Konzipiert f\u00fcr alle, die wenig Zeit zur Verf\u00fcgung haben und trotzdem gut arbeiten und von einem perfekten und gleichm\u00e4\u00dfigen Tamping profitieren wollen. DYNAMOMETRISCHES SYSTEM F\u00fcr ein gleichm\u00e4\u00dfiges und konsistentes Tamping \u00fcber die Zeit. CHANNELING-FREI Dank der Randauflage auf dem Siebtr\u00e4ger, die es erm\u00f6glicht, perfekt senkrecht zu pressen, ohne gro\u00dfe Anstrengung und schnell das beste Ergebnis [&hellip;]<\/p>\n","protected":false},"featured_media":8431,"comment_status":"open","ping_status":"closed","template":"","meta":{"_acf_changed":false,"iawp_total_views":55},"product_brand":[],"product_cat":[1155,1181],"product_tag":[],"brands":[1705],"flag_home":[],"class_list":{"0":"post-12756","1":"product","2":"type-product","3":"status-publish","4":"has-post-thumbnail","6":"product_cat-kaffeemaschinen-zubehoer","7":"product_cat-tamper-zubehoer","8":"brands-eureka","10":"first","11":"instock","12":"taxable","13":"shipping-taxable","14":"purchasable","15":"product-type-simple"},"acf":[],"yoast_head":"<!-- This site is optimized with the Yoast SEO plugin v27.5 - https:\/\/yoast.com\/product\/yoast-seo-wordpress\/ -->\n<title>Dynamometrischer Tamper Eureka 58mm<\/title>\n<meta name=\"robots\" content=\"index, follow, max-snippet:-1, max-image-preview:large, max-video-preview:-1\" \/>\n<link rel=\"canonical\" href=\"https:\/\/www.bertazzofood.com\/de\/prodotto\/dynamometrischer-tamper-eureka-58mm\/\" \/>\n<meta property=\"og:locale\" content=\"de_DE\" \/>\n<meta property=\"og:type\" content=\"article\" \/>\n<meta property=\"og:title\" content=\"Dynamometrischer Tamper Eureka 58mm\" \/>\n<meta property=\"og:description\" content=\"Konzipiert f\u00fcr alle, die wenig Zeit zur Verf\u00fcgung haben und trotzdem gut arbeiten und von einem perfekten und gleichm\u00e4\u00dfigen Tamping profitieren wollen. DYNAMOMETRISCHES SYSTEM F\u00fcr ein gleichm\u00e4\u00dfiges und konsistentes Tamping \u00fcber die Zeit. CHANNELING-FREI Dank der Randauflage auf dem Siebtr\u00e4ger, die es erm\u00f6glicht, perfekt senkrecht zu pressen, ohne gro\u00dfe Anstrengung und schnell das beste Ergebnis [&hellip;]\" \/>\n<meta property=\"og:url\" content=\"https:\/\/www.bertazzofood.com\/de\/prodotto\/dynamometrischer-tamper-eureka-58mm\/\" \/>\n<meta property=\"og:site_name\" content=\"Bertazzo Food\" \/>\n<meta property=\"article:publisher\" content=\"https:\/\/www.facebook.com\/BertazzoItalianQualityFood\" \/>\n<meta property=\"article:modified_time\" content=\"2024-06-23T20:46:09+00:00\" \/>\n<meta property=\"og:image\" content=\"https:\/\/www.bertazzofood.com\/wp-content\/uploads\/2024\/06\/Dynamometric-easy-tamping-2-2.jpg\" \/>\n\t<meta property=\"og:image:width\" content=\"800\" \/>\n\t<meta property=\"og:image:height\" content=\"800\" \/>\n\t<meta property=\"og:image:type\" content=\"image\/jpeg\" \/>\n<meta name=\"twitter:card\" content=\"summary_large_image\" \/>\n<meta name=\"twitter:label1\" content=\"Gesch\u00e4tzte Lesezeit\" \/>\n\t<meta name=\"twitter:data1\" content=\"1\u00a0Minute\" \/>\n<script type=\"application\/ld+json\" class=\"yoast-schema-graph\">{\"@context\":\"https:\\\/\\\/schema.org\",\"@graph\":[{\"@type\":\"WebPage\",\"@id\":\"https:\\\/\\\/www.bertazzofood.com\\\/de\\\/prodotto\\\/dynamometrischer-tamper-eureka-58mm\\\/\",\"url\":\"https:\\\/\\\/www.bertazzofood.com\\\/de\\\/prodotto\\\/dynamometrischer-tamper-eureka-58mm\\\/\",\"name\":\"Dynamometrischer Tamper Eureka 58mm\",\"isPartOf\":{\"@id\":\"https:\\\/\\\/www.bertazzofood.com\\\/de\\\/#website\"},\"primaryImageOfPage\":{\"@id\":\"https:\\\/\\\/www.bertazzofood.com\\\/de\\\/prodotto\\\/dynamometrischer-tamper-eureka-58mm\\\/#primaryimage\"},\"image\":{\"@id\":\"https:\\\/\\\/www.bertazzofood.com\\\/de\\\/prodotto\\\/dynamometrischer-tamper-eureka-58mm\\\/#primaryimage\"},\"thumbnailUrl\":\"https:\\\/\\\/www.bertazzofood.com\\\/wp-content\\\/uploads\\\/2024\\\/06\\\/Dynamometric-easy-tamping-2-2.jpg\",\"datePublished\":\"2022-12-13T07:45:38+00:00\",\"dateModified\":\"2024-06-23T20:46:09+00:00\",\"breadcrumb\":{\"@id\":\"https:\\\/\\\/www.bertazzofood.com\\\/de\\\/prodotto\\\/dynamometrischer-tamper-eureka-58mm\\\/#breadcrumb\"},\"inLanguage\":\"de\",\"potentialAction\":[{\"@type\":\"ReadAction\",\"target\":[\"https:\\\/\\\/www.bertazzofood.com\\\/de\\\/prodotto\\\/dynamometrischer-tamper-eureka-58mm\\\/\"]}]},{\"@type\":\"ImageObject\",\"inLanguage\":\"de\",\"@id\":\"https:\\\/\\\/www.bertazzofood.com\\\/de\\\/prodotto\\\/dynamometrischer-tamper-eureka-58mm\\\/#primaryimage\",\"url\":\"https:\\\/\\\/www.bertazzofood.com\\\/wp-content\\\/uploads\\\/2024\\\/06\\\/Dynamometric-easy-tamping-2-2.jpg\",\"contentUrl\":\"https:\\\/\\\/www.bertazzofood.com\\\/wp-content\\\/uploads\\\/2024\\\/06\\\/Dynamometric-easy-tamping-2-2.jpg\",\"width\":800,\"height\":800},{\"@type\":\"BreadcrumbList\",\"@id\":\"https:\\\/\\\/www.bertazzofood.com\\\/de\\\/prodotto\\\/dynamometrischer-tamper-eureka-58mm\\\/#breadcrumb\",\"itemListElement\":[{\"@type\":\"ListItem\",\"position\":1,\"name\":\"Home\",\"item\":\"https:\\\/\\\/www.bertazzofood.com\\\/de\\\/homepage\\\/\"},{\"@type\":\"ListItem\",\"position\":2,\"name\":\"Produkte\",\"item\":\"https:\\\/\\\/www.bertazzofood.com\\\/de\\\/shop\\\/\"},{\"@type\":\"ListItem\",\"position\":3,\"name\":\"Dynamometrischer Tamper Eureka 58mm\"}]},{\"@type\":\"WebSite\",\"@id\":\"https:\\\/\\\/www.bertazzofood.com\\\/de\\\/#website\",\"url\":\"https:\\\/\\\/www.bertazzofood.com\\\/de\\\/\",\"name\":\"Bertazzo Food\",\"description\":\"Prodotti Alimentari Italiani Online e Macchine Da Caff\u00e8\",\"publisher\":{\"@id\":\"https:\\\/\\\/www.bertazzofood.com\\\/de\\\/#organization\"},\"potentialAction\":[{\"@type\":\"SearchAction\",\"target\":{\"@type\":\"EntryPoint\",\"urlTemplate\":\"https:\\\/\\\/www.bertazzofood.com\\\/de\\\/?s={search_term_string}\"},\"query-input\":{\"@type\":\"PropertyValueSpecification\",\"valueRequired\":true,\"valueName\":\"search_term_string\"}}],\"inLanguage\":\"de\"},{\"@type\":\"Organization\",\"@id\":\"https:\\\/\\\/www.bertazzofood.com\\\/de\\\/#organization\",\"name\":\"Bertazzo Italian Quality Food S.a.s. di Bertazzo Fabio & C.\",\"alternateName\":\"Bertazzo Food\",\"url\":\"https:\\\/\\\/www.bertazzofood.com\\\/de\\\/\",\"logo\":{\"@type\":\"ImageObject\",\"inLanguage\":\"de\",\"@id\":\"https:\\\/\\\/www.bertazzofood.com\\\/de\\\/#\\\/schema\\\/logo\\\/image\\\/\",\"url\":\"https:\\\/\\\/www.bertazzofood.com\\\/wp-content\\\/uploads\\\/2024\\\/06\\\/logo-bertazzo.webp\",\"contentUrl\":\"https:\\\/\\\/www.bertazzofood.com\\\/wp-content\\\/uploads\\\/2024\\\/06\\\/logo-bertazzo.webp\",\"width\":410,\"height\":166,\"caption\":\"Bertazzo Italian Quality Food S.a.s. di Bertazzo Fabio & C.\"},\"image\":{\"@id\":\"https:\\\/\\\/www.bertazzofood.com\\\/de\\\/#\\\/schema\\\/logo\\\/image\\\/\"},\"sameAs\":[\"https:\\\/\\\/www.facebook.com\\\/BertazzoItalianQualityFood\",\"https:\\\/\\\/www.instagram.com\\\/bertazzo_italian_quality_food\\\/\"]}]}<\/script>\n<!-- \/ Yoast SEO plugin. -->","yoast_head_json":{"title":"Dynamometrischer Tamper Eureka 58mm","robots":{"index":"index","follow":"follow","max-snippet":"max-snippet:-1","max-image-preview":"max-image-preview:large","max-video-preview":"max-video-preview:-1"},"canonical":"https:\/\/www.bertazzofood.com\/de\/prodotto\/dynamometrischer-tamper-eureka-58mm\/","og_locale":"de_DE","og_type":"article","og_title":"Dynamometrischer Tamper Eureka 58mm","og_description":"Konzipiert f\u00fcr alle, die wenig Zeit zur Verf\u00fcgung haben und trotzdem gut arbeiten und von einem perfekten und gleichm\u00e4\u00dfigen Tamping profitieren wollen. DYNAMOMETRISCHES SYSTEM F\u00fcr ein gleichm\u00e4\u00dfiges und konsistentes Tamping \u00fcber die Zeit. CHANNELING-FREI Dank der Randauflage auf dem Siebtr\u00e4ger, die es erm\u00f6glicht, perfekt senkrecht zu pressen, ohne gro\u00dfe Anstrengung und schnell das beste Ergebnis [&hellip;]","og_url":"https:\/\/www.bertazzofood.com\/de\/prodotto\/dynamometrischer-tamper-eureka-58mm\/","og_site_name":"Bertazzo Food","article_publisher":"https:\/\/www.facebook.com\/BertazzoItalianQualityFood","article_modified_time":"2024-06-23T20:46:09+00:00","og_image":[{"width":800,"height":800,"url":"https:\/\/www.bertazzofood.com\/wp-content\/uploads\/2024\/06\/Dynamometric-easy-tamping-2-2.jpg","type":"image\/jpeg"}],"twitter_card":"summary_large_image","twitter_misc":{"Gesch\u00e4tzte Lesezeit":"1\u00a0Minute"},"schema":{"@context":"https:\/\/schema.org","@graph":[{"@type":"WebPage","@id":"https:\/\/www.bertazzofood.com\/de\/prodotto\/dynamometrischer-tamper-eureka-58mm\/","url":"https:\/\/www.bertazzofood.com\/de\/prodotto\/dynamometrischer-tamper-eureka-58mm\/","name":"Dynamometrischer Tamper Eureka 58mm","isPartOf":{"@id":"https:\/\/www.bertazzofood.com\/de\/#website"},"primaryImageOfPage":{"@id":"https:\/\/www.bertazzofood.com\/de\/prodotto\/dynamometrischer-tamper-eureka-58mm\/#primaryimage"},"image":{"@id":"https:\/\/www.bertazzofood.com\/de\/prodotto\/dynamometrischer-tamper-eureka-58mm\/#primaryimage"},"thumbnailUrl":"https:\/\/www.bertazzofood.com\/wp-content\/uploads\/2024\/06\/Dynamometric-easy-tamping-2-2.jpg","datePublished":"2022-12-13T07:45:38+00:00","dateModified":"2024-06-23T20:46:09+00:00","breadcrumb":{"@id":"https:\/\/www.bertazzofood.com\/de\/prodotto\/dynamometrischer-tamper-eureka-58mm\/#breadcrumb"},"inLanguage":"de","potentialAction":[{"@type":"ReadAction","target":["https:\/\/www.bertazzofood.com\/de\/prodotto\/dynamometrischer-tamper-eureka-58mm\/"]}]},{"@type":"ImageObject","inLanguage":"de","@id":"https:\/\/www.bertazzofood.com\/de\/prodotto\/dynamometrischer-tamper-eureka-58mm\/#primaryimage","url":"https:\/\/www.bertazzofood.com\/wp-content\/uploads\/2024\/06\/Dynamometric-easy-tamping-2-2.jpg","contentUrl":"https:\/\/www.bertazzofood.com\/wp-content\/uploads\/2024\/06\/Dynamometric-easy-tamping-2-2.jpg","width":800,"height":800},{"@type":"BreadcrumbList","@id":"https:\/\/www.bertazzofood.com\/de\/prodotto\/dynamometrischer-tamper-eureka-58mm\/#breadcrumb","itemListElement":[{"@type":"ListItem","position":1,"name":"Home","item":"https:\/\/www.bertazzofood.com\/de\/homepage\/"},{"@type":"ListItem","position":2,"name":"Produkte","item":"https:\/\/www.bertazzofood.com\/de\/shop\/"},{"@type":"ListItem","position":3,"name":"Dynamometrischer Tamper Eureka 58mm"}]},{"@type":"WebSite","@id":"https:\/\/www.bertazzofood.com\/de\/#website","url":"https:\/\/www.bertazzofood.com\/de\/","name":"Bertazzo Food","description":"Prodotti Alimentari Italiani Online e Macchine Da Caff\u00e8","publisher":{"@id":"https:\/\/www.bertazzofood.com\/de\/#organization"},"potentialAction":[{"@type":"SearchAction","target":{"@type":"EntryPoint","urlTemplate":"https:\/\/www.bertazzofood.com\/de\/?s={search_term_string}"},"query-input":{"@type":"PropertyValueSpecification","valueRequired":true,"valueName":"search_term_string"}}],"inLanguage":"de"},{"@type":"Organization","@id":"https:\/\/www.bertazzofood.com\/de\/#organization","name":"Bertazzo Italian Quality Food S.a.s. di Bertazzo Fabio & C.","alternateName":"Bertazzo Food","url":"https:\/\/www.bertazzofood.com\/de\/","logo":{"@type":"ImageObject","inLanguage":"de","@id":"https:\/\/www.bertazzofood.com\/de\/#\/schema\/logo\/image\/","url":"https:\/\/www.bertazzofood.com\/wp-content\/uploads\/2024\/06\/logo-bertazzo.webp","contentUrl":"https:\/\/www.bertazzofood.com\/wp-content\/uploads\/2024\/06\/logo-bertazzo.webp","width":410,"height":166,"caption":"Bertazzo Italian Quality Food S.a.s. di Bertazzo Fabio & C."},"image":{"@id":"https:\/\/www.bertazzofood.com\/de\/#\/schema\/logo\/image\/"},"sameAs":["https:\/\/www.facebook.com\/BertazzoItalianQualityFood","https:\/\/www.instagram.com\/bertazzo_italian_quality_food\/"]}]}},"_links":{"self":[{"href":"https:\/\/www.bertazzofood.com\/de\/wp-json\/wp\/v2\/product\/12756","targetHints":{"allow":["GET"]}}],"collection":[{"href":"https:\/\/www.bertazzofood.com\/de\/wp-json\/wp\/v2\/product"}],"about":[{"href":"https:\/\/www.bertazzofood.com\/de\/wp-json\/wp\/v2\/types\/product"}],"replies":[{"embeddable":true,"href":"https:\/\/www.bertazzofood.com\/de\/wp-json\/wp\/v2\/comments?post=12756"}],"version-history":[{"count":0,"href":"https:\/\/www.bertazzofood.com\/de\/wp-json\/wp\/v2\/product\/12756\/revisions"}],"wp:featuredmedia":[{"embeddable":true,"href":"https:\/\/www.bertazzofood.com\/de\/wp-json\/wp\/v2\/media\/8431"}],"wp:attachment":[{"href":"https:\/\/www.bertazzofood.com\/de\/wp-json\/wp\/v2\/media?parent=12756"}],"wp:term":[{"taxonomy":"product_brand","embeddable":true,"href":"https:\/\/www.bertazzofood.com\/de\/wp-json\/wp\/v2\/product_brand?post=12756"},{"taxonomy":"product_cat","embeddable":true,"href":"https:\/\/www.bertazzofood.com\/de\/wp-json\/wp\/v2\/product_cat?post=12756"},{"taxonomy":"product_tag","embeddable":true,"href":"https:\/\/www.bertazzofood.com\/de\/wp-json\/wp\/v2\/product_tag?post=12756"},{"taxonomy":"brands","embeddable":true,"href":"https:\/\/www.bertazzofood.com\/de\/wp-json\/wp\/v2\/brands?post=12756"},{"taxonomy":"flag_home","embeddable":true,"href":"https:\/\/www.bertazzofood.com\/de\/wp-json\/wp\/v2\/flag_home?post=12756"}],"curies":[{"name":"wp","href":"https:\/\/api.w.org\/{rel}","templated":true}]}}