{"id":12728,"date":"2022-11-09T13:45:40","date_gmt":"2022-11-09T12:45:40","guid":{"rendered":"https:\/\/thegarden.it\/staging8\/prodotto\/kaffeemuehle-fiorenzato-f71-ek-pro-matt-schwarz\/"},"modified":"2025-07-07T08:53:50","modified_gmt":"2025-07-07T06:53:50","slug":"kaffeemuehle-fiorenzato-f71-ek-pro-matt-schwarz","status":"publish","type":"product","link":"https:\/\/www.bertazzofood.com\/de\/prodotto\/kaffeemuehle-fiorenzato-f71-ek-pro-matt-schwarz\/","title":{"rendered":"Kaffeem\u00fchle Fiorenzato F71 EK PRO Matt Schwarz"},"content":{"rendered":"<p><strong>Fiorenzato F71 EK PRO<\/strong>: Elektronische Kaffeem\u00fchle, neue TOUCHSCREEN-Display mit CapSense-Technologie. Mit konischen Mahlscheiben 71 mm und einer Leistung von 850 Watt. Zuverl\u00e4ssig, robust, liefert stets perfekte Ergebnisse und ist auf hohe Langlebigkeit ausgelegt. <strong>F71 EK PRO<\/strong>\u00a0 ist ideal f\u00fcr den Einzelhandel, Kaffeebars, Caf\u00e9s und alle anderen Arten von Lokalen und Gastst\u00e4tten.<\/p>\n<p>Technische Daten:<\/p>\n<p>\u2022<strong> Schnell ausziehbarer Mahlkammer<\/strong>: Sie erm\u00f6glicht die das Herausnehmen der gew\u00fcnschten Komponente, ohne die Einstellung der Korngr\u00f6\u00dfe zu ver\u00e4ndern<\/p>\n<p>\u2022 Einstellung f\u00fcr kontinuierliches feines Mahlen<\/p>\n<p>\u2022 Leistung: 850 Watt<\/p>\n<p>\u2022 Konisch Mahlwerke mit einem Durchmesser von 71 mm<\/p>\n<p>\u2022 Fassungsverm\u00f6gen des Beh\u00e4ltnisses (Kaffeebohnen): 1,5 kg<\/p>\n<p>\u2022 Umdrehungen der Mahlwerke: 300\/min<\/p>\n<p>\u2022 TOUCH-Display<\/p>\n<p>\u2022 Gabel:\u00a0h\u00f6henverstellbar, mit St\u00fctze<\/p>\n<p>\u2022 Nettogewicht: 19 kg<\/p>\n<p><strong><a href=\"https:\/\/youtu.be\/dEYptTKJSP8\">Click for the video<\/a><\/strong><\/p>\n<p><strong>24 Monate Garantie<\/strong>.<\/p>\n<p><strong>Versand kostenlos<\/strong>.<\/p>\n","protected":false},"excerpt":{"rendered":"<p>Fiorenzato F71 EK PRO: Elektronische Kaffeem\u00fchle, neue TOUCHSCREEN-Display mit CapSense-Technologie. Mit konischen Mahlscheiben 71 mm und einer Leistung von 850 Watt. Zuverl\u00e4ssig, robust, liefert stets perfekte Ergebnisse und ist auf hohe Langlebigkeit ausgelegt. F71 EK PRO\u00a0 ist ideal f\u00fcr den Einzelhandel, Kaffeebars, Caf\u00e9s und alle anderen Arten von Lokalen und Gastst\u00e4tten. Technische Daten: \u2022 Schnell [&hellip;]<\/p>\n","protected":false},"featured_media":8324,"comment_status":"open","ping_status":"closed","template":"","meta":{"_acf_changed":false,"iawp_total_views":155},"product_brand":[],"product_cat":[1155,1178],"product_tag":[1557],"brands":[1639],"flag_home":[],"class_list":{"0":"post-12728","1":"product","2":"type-product","3":"status-publish","4":"has-post-thumbnail","6":"product_cat-kaffeemaschinen-zubehoer","7":"product_cat-kaffeemuehlen","8":"product_tag-ads-ottobre-2024-de","9":"pa_diametro-macine-71-mm-coniche","10":"pa_garanzia-24-monate","11":"pa_tipo-macinacaffe-on-demand-de","12":"brands-fiorenzato","14":"first","15":"instock","16":"taxable","17":"shipping-taxable","18":"purchasable","19":"product-type-simple"},"acf":[],"yoast_head":"<!-- This site is optimized with the Yoast SEO plugin v27.5 - https:\/\/yoast.com\/product\/yoast-seo-wordpress\/ -->\n<title>Kaffeem\u00fchle Fiorenzato F71 EK PRO Matt Schwarz<\/title>\n<meta name=\"robots\" content=\"index, follow, max-snippet:-1, max-image-preview:large, max-video-preview:-1\" \/>\n<link rel=\"canonical\" href=\"https:\/\/www.bertazzofood.com\/de\/prodotto\/kaffeemuehle-fiorenzato-f71-ek-pro-matt-schwarz\/\" \/>\n<meta property=\"og:locale\" content=\"de_DE\" \/>\n<meta property=\"og:type\" content=\"article\" \/>\n<meta property=\"og:title\" content=\"Kaffeem\u00fchle Fiorenzato F71 EK PRO Matt Schwarz\" \/>\n<meta property=\"og:description\" content=\"Fiorenzato F71 EK PRO: Elektronische Kaffeem\u00fchle, neue TOUCHSCREEN-Display mit CapSense-Technologie. Mit konischen Mahlscheiben 71 mm und einer Leistung von 850 Watt. Zuverl\u00e4ssig, robust, liefert stets perfekte Ergebnisse und ist auf hohe Langlebigkeit ausgelegt. F71 EK PRO\u00a0 ist ideal f\u00fcr den Einzelhandel, Kaffeebars, Caf\u00e9s und alle anderen Arten von Lokalen und Gastst\u00e4tten. Technische Daten: \u2022 Schnell [&hellip;]\" \/>\n<meta property=\"og:url\" content=\"https:\/\/www.bertazzofood.com\/de\/prodotto\/kaffeemuehle-fiorenzato-f71-ek-pro-matt-schwarz\/\" \/>\n<meta property=\"og:site_name\" content=\"Bertazzo Food\" \/>\n<meta property=\"article:publisher\" content=\"https:\/\/www.facebook.com\/BertazzoItalianQualityFood\" \/>\n<meta property=\"article:modified_time\" content=\"2025-07-07T06:53:50+00:00\" \/>\n<meta property=\"og:image\" content=\"https:\/\/www.bertazzofood.com\/wp-content\/uploads\/2024\/06\/Fiorenzato-F71-EK-PRO-2.jpg\" \/>\n\t<meta property=\"og:image:width\" content=\"800\" \/>\n\t<meta property=\"og:image:height\" content=\"800\" \/>\n\t<meta property=\"og:image:type\" content=\"image\/jpeg\" \/>\n<meta name=\"twitter:card\" content=\"summary_large_image\" \/>\n<meta name=\"twitter:label1\" content=\"Gesch\u00e4tzte Lesezeit\" \/>\n\t<meta name=\"twitter:data1\" content=\"1\u00a0Minute\" \/>\n<script type=\"application\/ld+json\" class=\"yoast-schema-graph\">{\"@context\":\"https:\\\/\\\/schema.org\",\"@graph\":[{\"@type\":\"WebPage\",\"@id\":\"https:\\\/\\\/www.bertazzofood.com\\\/de\\\/prodotto\\\/kaffeemuehle-fiorenzato-f71-ek-pro-matt-schwarz\\\/\",\"url\":\"https:\\\/\\\/www.bertazzofood.com\\\/de\\\/prodotto\\\/kaffeemuehle-fiorenzato-f71-ek-pro-matt-schwarz\\\/\",\"name\":\"Kaffeem\u00fchle Fiorenzato F71 EK PRO Matt Schwarz\",\"isPartOf\":{\"@id\":\"https:\\\/\\\/www.bertazzofood.com\\\/de\\\/#website\"},\"primaryImageOfPage\":{\"@id\":\"https:\\\/\\\/www.bertazzofood.com\\\/de\\\/prodotto\\\/kaffeemuehle-fiorenzato-f71-ek-pro-matt-schwarz\\\/#primaryimage\"},\"image\":{\"@id\":\"https:\\\/\\\/www.bertazzofood.com\\\/de\\\/prodotto\\\/kaffeemuehle-fiorenzato-f71-ek-pro-matt-schwarz\\\/#primaryimage\"},\"thumbnailUrl\":\"https:\\\/\\\/www.bertazzofood.com\\\/wp-content\\\/uploads\\\/2024\\\/06\\\/Fiorenzato-F71-EK-PRO-2.jpg\",\"datePublished\":\"2022-11-09T12:45:40+00:00\",\"dateModified\":\"2025-07-07T06:53:50+00:00\",\"breadcrumb\":{\"@id\":\"https:\\\/\\\/www.bertazzofood.com\\\/de\\\/prodotto\\\/kaffeemuehle-fiorenzato-f71-ek-pro-matt-schwarz\\\/#breadcrumb\"},\"inLanguage\":\"de\",\"potentialAction\":[{\"@type\":\"ReadAction\",\"target\":[\"https:\\\/\\\/www.bertazzofood.com\\\/de\\\/prodotto\\\/kaffeemuehle-fiorenzato-f71-ek-pro-matt-schwarz\\\/\"]}]},{\"@type\":\"ImageObject\",\"inLanguage\":\"de\",\"@id\":\"https:\\\/\\\/www.bertazzofood.com\\\/de\\\/prodotto\\\/kaffeemuehle-fiorenzato-f71-ek-pro-matt-schwarz\\\/#primaryimage\",\"url\":\"https:\\\/\\\/www.bertazzofood.com\\\/wp-content\\\/uploads\\\/2024\\\/06\\\/Fiorenzato-F71-EK-PRO-2.jpg\",\"contentUrl\":\"https:\\\/\\\/www.bertazzofood.com\\\/wp-content\\\/uploads\\\/2024\\\/06\\\/Fiorenzato-F71-EK-PRO-2.jpg\",\"width\":800,\"height\":800},{\"@type\":\"BreadcrumbList\",\"@id\":\"https:\\\/\\\/www.bertazzofood.com\\\/de\\\/prodotto\\\/kaffeemuehle-fiorenzato-f71-ek-pro-matt-schwarz\\\/#breadcrumb\",\"itemListElement\":[{\"@type\":\"ListItem\",\"position\":1,\"name\":\"Home\",\"item\":\"https:\\\/\\\/www.bertazzofood.com\\\/de\\\/homepage\\\/\"},{\"@type\":\"ListItem\",\"position\":2,\"name\":\"Produkte\",\"item\":\"https:\\\/\\\/www.bertazzofood.com\\\/de\\\/shop\\\/\"},{\"@type\":\"ListItem\",\"position\":3,\"name\":\"Kaffeem\u00fchle Fiorenzato F71 EK PRO Matt Schwarz\"}]},{\"@type\":\"WebSite\",\"@id\":\"https:\\\/\\\/www.bertazzofood.com\\\/de\\\/#website\",\"url\":\"https:\\\/\\\/www.bertazzofood.com\\\/de\\\/\",\"name\":\"Bertazzo Food\",\"description\":\"Prodotti Alimentari Italiani Online e Macchine Da Caff\u00e8\",\"publisher\":{\"@id\":\"https:\\\/\\\/www.bertazzofood.com\\\/de\\\/#organization\"},\"potentialAction\":[{\"@type\":\"SearchAction\",\"target\":{\"@type\":\"EntryPoint\",\"urlTemplate\":\"https:\\\/\\\/www.bertazzofood.com\\\/de\\\/?s={search_term_string}\"},\"query-input\":{\"@type\":\"PropertyValueSpecification\",\"valueRequired\":true,\"valueName\":\"search_term_string\"}}],\"inLanguage\":\"de\"},{\"@type\":\"Organization\",\"@id\":\"https:\\\/\\\/www.bertazzofood.com\\\/de\\\/#organization\",\"name\":\"Bertazzo Italian Quality Food S.a.s. di Bertazzo Fabio & C.\",\"alternateName\":\"Bertazzo Food\",\"url\":\"https:\\\/\\\/www.bertazzofood.com\\\/de\\\/\",\"logo\":{\"@type\":\"ImageObject\",\"inLanguage\":\"de\",\"@id\":\"https:\\\/\\\/www.bertazzofood.com\\\/de\\\/#\\\/schema\\\/logo\\\/image\\\/\",\"url\":\"https:\\\/\\\/www.bertazzofood.com\\\/wp-content\\\/uploads\\\/2024\\\/06\\\/logo-bertazzo.webp\",\"contentUrl\":\"https:\\\/\\\/www.bertazzofood.com\\\/wp-content\\\/uploads\\\/2024\\\/06\\\/logo-bertazzo.webp\",\"width\":410,\"height\":166,\"caption\":\"Bertazzo Italian Quality Food S.a.s. di Bertazzo Fabio & C.\"},\"image\":{\"@id\":\"https:\\\/\\\/www.bertazzofood.com\\\/de\\\/#\\\/schema\\\/logo\\\/image\\\/\"},\"sameAs\":[\"https:\\\/\\\/www.facebook.com\\\/BertazzoItalianQualityFood\",\"https:\\\/\\\/www.instagram.com\\\/bertazzo_italian_quality_food\\\/\"]}]}<\/script>\n<!-- \/ Yoast SEO plugin. -->","yoast_head_json":{"title":"Kaffeem\u00fchle Fiorenzato F71 EK PRO Matt Schwarz","robots":{"index":"index","follow":"follow","max-snippet":"max-snippet:-1","max-image-preview":"max-image-preview:large","max-video-preview":"max-video-preview:-1"},"canonical":"https:\/\/www.bertazzofood.com\/de\/prodotto\/kaffeemuehle-fiorenzato-f71-ek-pro-matt-schwarz\/","og_locale":"de_DE","og_type":"article","og_title":"Kaffeem\u00fchle Fiorenzato F71 EK PRO Matt Schwarz","og_description":"Fiorenzato F71 EK PRO: Elektronische Kaffeem\u00fchle, neue TOUCHSCREEN-Display mit CapSense-Technologie. Mit konischen Mahlscheiben 71 mm und einer Leistung von 850 Watt. Zuverl\u00e4ssig, robust, liefert stets perfekte Ergebnisse und ist auf hohe Langlebigkeit ausgelegt. F71 EK PRO\u00a0 ist ideal f\u00fcr den Einzelhandel, Kaffeebars, Caf\u00e9s und alle anderen Arten von Lokalen und Gastst\u00e4tten. Technische Daten: \u2022 Schnell [&hellip;]","og_url":"https:\/\/www.bertazzofood.com\/de\/prodotto\/kaffeemuehle-fiorenzato-f71-ek-pro-matt-schwarz\/","og_site_name":"Bertazzo Food","article_publisher":"https:\/\/www.facebook.com\/BertazzoItalianQualityFood","article_modified_time":"2025-07-07T06:53:50+00:00","og_image":[{"width":800,"height":800,"url":"https:\/\/www.bertazzofood.com\/wp-content\/uploads\/2024\/06\/Fiorenzato-F71-EK-PRO-2.jpg","type":"image\/jpeg"}],"twitter_card":"summary_large_image","twitter_misc":{"Gesch\u00e4tzte Lesezeit":"1\u00a0Minute"},"schema":{"@context":"https:\/\/schema.org","@graph":[{"@type":"WebPage","@id":"https:\/\/www.bertazzofood.com\/de\/prodotto\/kaffeemuehle-fiorenzato-f71-ek-pro-matt-schwarz\/","url":"https:\/\/www.bertazzofood.com\/de\/prodotto\/kaffeemuehle-fiorenzato-f71-ek-pro-matt-schwarz\/","name":"Kaffeem\u00fchle Fiorenzato F71 EK PRO Matt Schwarz","isPartOf":{"@id":"https:\/\/www.bertazzofood.com\/de\/#website"},"primaryImageOfPage":{"@id":"https:\/\/www.bertazzofood.com\/de\/prodotto\/kaffeemuehle-fiorenzato-f71-ek-pro-matt-schwarz\/#primaryimage"},"image":{"@id":"https:\/\/www.bertazzofood.com\/de\/prodotto\/kaffeemuehle-fiorenzato-f71-ek-pro-matt-schwarz\/#primaryimage"},"thumbnailUrl":"https:\/\/www.bertazzofood.com\/wp-content\/uploads\/2024\/06\/Fiorenzato-F71-EK-PRO-2.jpg","datePublished":"2022-11-09T12:45:40+00:00","dateModified":"2025-07-07T06:53:50+00:00","breadcrumb":{"@id":"https:\/\/www.bertazzofood.com\/de\/prodotto\/kaffeemuehle-fiorenzato-f71-ek-pro-matt-schwarz\/#breadcrumb"},"inLanguage":"de","potentialAction":[{"@type":"ReadAction","target":["https:\/\/www.bertazzofood.com\/de\/prodotto\/kaffeemuehle-fiorenzato-f71-ek-pro-matt-schwarz\/"]}]},{"@type":"ImageObject","inLanguage":"de","@id":"https:\/\/www.bertazzofood.com\/de\/prodotto\/kaffeemuehle-fiorenzato-f71-ek-pro-matt-schwarz\/#primaryimage","url":"https:\/\/www.bertazzofood.com\/wp-content\/uploads\/2024\/06\/Fiorenzato-F71-EK-PRO-2.jpg","contentUrl":"https:\/\/www.bertazzofood.com\/wp-content\/uploads\/2024\/06\/Fiorenzato-F71-EK-PRO-2.jpg","width":800,"height":800},{"@type":"BreadcrumbList","@id":"https:\/\/www.bertazzofood.com\/de\/prodotto\/kaffeemuehle-fiorenzato-f71-ek-pro-matt-schwarz\/#breadcrumb","itemListElement":[{"@type":"ListItem","position":1,"name":"Home","item":"https:\/\/www.bertazzofood.com\/de\/homepage\/"},{"@type":"ListItem","position":2,"name":"Produkte","item":"https:\/\/www.bertazzofood.com\/de\/shop\/"},{"@type":"ListItem","position":3,"name":"Kaffeem\u00fchle Fiorenzato F71 EK PRO Matt Schwarz"}]},{"@type":"WebSite","@id":"https:\/\/www.bertazzofood.com\/de\/#website","url":"https:\/\/www.bertazzofood.com\/de\/","name":"Bertazzo Food","description":"Prodotti Alimentari Italiani Online e Macchine Da Caff\u00e8","publisher":{"@id":"https:\/\/www.bertazzofood.com\/de\/#organization"},"potentialAction":[{"@type":"SearchAction","target":{"@type":"EntryPoint","urlTemplate":"https:\/\/www.bertazzofood.com\/de\/?s={search_term_string}"},"query-input":{"@type":"PropertyValueSpecification","valueRequired":true,"valueName":"search_term_string"}}],"inLanguage":"de"},{"@type":"Organization","@id":"https:\/\/www.bertazzofood.com\/de\/#organization","name":"Bertazzo Italian Quality Food S.a.s. di Bertazzo Fabio & C.","alternateName":"Bertazzo Food","url":"https:\/\/www.bertazzofood.com\/de\/","logo":{"@type":"ImageObject","inLanguage":"de","@id":"https:\/\/www.bertazzofood.com\/de\/#\/schema\/logo\/image\/","url":"https:\/\/www.bertazzofood.com\/wp-content\/uploads\/2024\/06\/logo-bertazzo.webp","contentUrl":"https:\/\/www.bertazzofood.com\/wp-content\/uploads\/2024\/06\/logo-bertazzo.webp","width":410,"height":166,"caption":"Bertazzo Italian Quality Food S.a.s. di Bertazzo Fabio & C."},"image":{"@id":"https:\/\/www.bertazzofood.com\/de\/#\/schema\/logo\/image\/"},"sameAs":["https:\/\/www.facebook.com\/BertazzoItalianQualityFood","https:\/\/www.instagram.com\/bertazzo_italian_quality_food\/"]}]}},"_links":{"self":[{"href":"https:\/\/www.bertazzofood.com\/de\/wp-json\/wp\/v2\/product\/12728","targetHints":{"allow":["GET"]}}],"collection":[{"href":"https:\/\/www.bertazzofood.com\/de\/wp-json\/wp\/v2\/product"}],"about":[{"href":"https:\/\/www.bertazzofood.com\/de\/wp-json\/wp\/v2\/types\/product"}],"replies":[{"embeddable":true,"href":"https:\/\/www.bertazzofood.com\/de\/wp-json\/wp\/v2\/comments?post=12728"}],"version-history":[{"count":0,"href":"https:\/\/www.bertazzofood.com\/de\/wp-json\/wp\/v2\/product\/12728\/revisions"}],"wp:featuredmedia":[{"embeddable":true,"href":"https:\/\/www.bertazzofood.com\/de\/wp-json\/wp\/v2\/media\/8324"}],"wp:attachment":[{"href":"https:\/\/www.bertazzofood.com\/de\/wp-json\/wp\/v2\/media?parent=12728"}],"wp:term":[{"taxonomy":"product_brand","embeddable":true,"href":"https:\/\/www.bertazzofood.com\/de\/wp-json\/wp\/v2\/product_brand?post=12728"},{"taxonomy":"product_cat","embeddable":true,"href":"https:\/\/www.bertazzofood.com\/de\/wp-json\/wp\/v2\/product_cat?post=12728"},{"taxonomy":"product_tag","embeddable":true,"href":"https:\/\/www.bertazzofood.com\/de\/wp-json\/wp\/v2\/product_tag?post=12728"},{"taxonomy":"brands","embeddable":true,"href":"https:\/\/www.bertazzofood.com\/de\/wp-json\/wp\/v2\/brands?post=12728"},{"taxonomy":"flag_home","embeddable":true,"href":"https:\/\/www.bertazzofood.com\/de\/wp-json\/wp\/v2\/flag_home?post=12728"}],"curies":[{"name":"wp","href":"https:\/\/api.w.org\/{rel}","templated":true}]}}