{"id":12558,"date":"2022-08-22T09:58:14","date_gmt":"2022-08-22T07:58:14","guid":{"rendered":"https:\/\/thegarden.it\/staging8\/prodotto\/kaffeemuehle-fiorenzato-f64-e-pro-matt-schwarz\/"},"modified":"2024-12-11T11:20:10","modified_gmt":"2024-12-11T10:20:10","slug":"kaffeemuehle-fiorenzato-f64-e-pro-matt-schwarz","status":"publish","type":"product","link":"https:\/\/www.bertazzofood.com\/de\/prodotto\/kaffeemuehle-fiorenzato-f64-e-pro-matt-schwarz\/","title":{"rendered":"Kaffeem\u00fchle Fiorenzato F64 E PRO Matt Schwarz"},"content":{"rendered":"<p><strong>Fiorenzato F64 E PRO<\/strong>: Elektronische Kaffeem\u00fchle, neue TOUCHSCREEN-Display mit CapSense-Technologie. Technische Daten:<\/p>\n<p>\u2022<strong> Schnell ausziehbarer Mahlkammer<\/strong>: Sie erm\u00f6glicht die das Herausnehmen der gew\u00fcnschten Komponente, ohne die Einstellung der Korngr\u00f6\u00dfe zu ver\u00e4ndern<\/p>\n<p>\u2022 Einstellung f\u00fcr kontinuierliches feines Mahlen<\/p>\n<p>\u2022 Leistung: 450 Watt<\/p>\n<p>\u2022 <strong>Flache Mahlwerke mit einem Durchmesser von 64 mm mit Dark-T\u00ae Behandlung<\/strong>, weiterentwicklung unserer M340-Mahlwerke, die zur weiteren Verbesserung der Mahlleistung entwickelt wurden. Die schwarze Beschichtung aus Titan, Aluminium, Kohlenstoff und Stickstoff garantiert eine f\u00fcnfmal l\u00e4ngere Lebensdauer als herk\u00f6mmliche Mahlwerke<\/p>\n<p>\u2022 Fassungsverm\u00f6gen des Beh\u00e4ltnisses (Kaffeebohnen): 1,5 kg<\/p>\n<p>\u2022 Umdrehungen der Mahlwerke: 1.350\/min<\/p>\n<p>\u2022 TOUCH-Display<\/p>\n<p>\u2022 Gabel:\u00a0h\u00f6henverstellbar, mit St\u00fctze<\/p>\n<p>\u2022 Nettogewicht:\u00a013 kg<\/p>\n<p><strong><a href=\"https:\/\/youtu.be\/dEYptTKJSP8\">Click for the video<\/a><\/strong><\/p>\n<p><strong>24 Monate Garantie<\/strong>.<\/p>\n<p><strong>Versand kostenlos<\/strong>.<\/p>\n","protected":false},"excerpt":{"rendered":"<p>Fiorenzato F64 E PRO: Elektronische Kaffeem\u00fchle, neue TOUCHSCREEN-Display mit CapSense-Technologie. Technische Daten: \u2022 Schnell ausziehbarer Mahlkammer: Sie erm\u00f6glicht die das Herausnehmen der gew\u00fcnschten Komponente, ohne die Einstellung der Korngr\u00f6\u00dfe zu ver\u00e4ndern \u2022 Einstellung f\u00fcr kontinuierliches feines Mahlen \u2022 Leistung: 450 Watt \u2022 Flache Mahlwerke mit einem Durchmesser von 64 mm mit Dark-T\u00ae Behandlung, weiterentwicklung unserer [&hellip;]<\/p>\n","protected":false},"featured_media":7769,"comment_status":"open","ping_status":"closed","template":"","meta":{"_acf_changed":false,"iawp_total_views":118},"product_brand":[],"product_cat":[1155,1178],"product_tag":[1557],"brands":[1639],"flag_home":[],"class_list":{"0":"post-12558","1":"product","2":"type-product","3":"status-publish","4":"has-post-thumbnail","6":"product_cat-kaffeemaschinen-zubehoer","7":"product_cat-kaffeemuehlen","8":"product_tag-ads-ottobre-2024-de","9":"pa_diametro-macine-64-mm","10":"pa_garanzia-24-monate","11":"pa_tipo-macinacaffe-on-demand-de","12":"brands-fiorenzato","14":"first","15":"instock","16":"taxable","17":"shipping-taxable","18":"purchasable","19":"product-type-simple"},"acf":[],"yoast_head":"<!-- This site is optimized with the Yoast SEO plugin v27.5 - https:\/\/yoast.com\/product\/yoast-seo-wordpress\/ -->\n<title>Kaffeem\u00fchle Fiorenzato F64 E PRO Matt Schwarz<\/title>\n<meta name=\"robots\" content=\"index, follow, max-snippet:-1, max-image-preview:large, max-video-preview:-1\" \/>\n<link rel=\"canonical\" href=\"https:\/\/www.bertazzofood.com\/de\/prodotto\/kaffeemuehle-fiorenzato-f64-e-pro-matt-schwarz\/\" \/>\n<meta property=\"og:locale\" content=\"de_DE\" \/>\n<meta property=\"og:type\" content=\"article\" \/>\n<meta property=\"og:title\" content=\"Kaffeem\u00fchle Fiorenzato F64 E PRO Matt Schwarz\" \/>\n<meta property=\"og:description\" content=\"Fiorenzato F64 E PRO: Elektronische Kaffeem\u00fchle, neue TOUCHSCREEN-Display mit CapSense-Technologie. Technische Daten: \u2022 Schnell ausziehbarer Mahlkammer: Sie erm\u00f6glicht die das Herausnehmen der gew\u00fcnschten Komponente, ohne die Einstellung der Korngr\u00f6\u00dfe zu ver\u00e4ndern \u2022 Einstellung f\u00fcr kontinuierliches feines Mahlen \u2022 Leistung: 450 Watt \u2022 Flache Mahlwerke mit einem Durchmesser von 64 mm mit Dark-T\u00ae Behandlung, weiterentwicklung unserer [&hellip;]\" \/>\n<meta property=\"og:url\" content=\"https:\/\/www.bertazzofood.com\/de\/prodotto\/kaffeemuehle-fiorenzato-f64-e-pro-matt-schwarz\/\" \/>\n<meta property=\"og:site_name\" content=\"Bertazzo Food\" \/>\n<meta property=\"article:publisher\" content=\"https:\/\/www.facebook.com\/BertazzoItalianQualityFood\" \/>\n<meta property=\"article:modified_time\" content=\"2024-12-11T10:20:10+00:00\" \/>\n<meta property=\"og:image\" content=\"https:\/\/www.bertazzofood.com\/wp-content\/uploads\/2024\/06\/Fiorenzato-F64-E-PRO-black-1-2.jpg\" \/>\n\t<meta property=\"og:image:width\" content=\"800\" \/>\n\t<meta property=\"og:image:height\" content=\"800\" \/>\n\t<meta property=\"og:image:type\" content=\"image\/webp\" \/>\n<meta name=\"twitter:card\" content=\"summary_large_image\" \/>\n<meta name=\"twitter:label1\" content=\"Gesch\u00e4tzte Lesezeit\" \/>\n\t<meta name=\"twitter:data1\" content=\"1\u00a0Minute\" \/>\n<script type=\"application\/ld+json\" class=\"yoast-schema-graph\">{\"@context\":\"https:\\\/\\\/schema.org\",\"@graph\":[{\"@type\":\"WebPage\",\"@id\":\"https:\\\/\\\/www.bertazzofood.com\\\/de\\\/prodotto\\\/kaffeemuehle-fiorenzato-f64-e-pro-matt-schwarz\\\/\",\"url\":\"https:\\\/\\\/www.bertazzofood.com\\\/de\\\/prodotto\\\/kaffeemuehle-fiorenzato-f64-e-pro-matt-schwarz\\\/\",\"name\":\"Kaffeem\u00fchle Fiorenzato F64 E PRO Matt Schwarz\",\"isPartOf\":{\"@id\":\"https:\\\/\\\/www.bertazzofood.com\\\/de\\\/#website\"},\"primaryImageOfPage\":{\"@id\":\"https:\\\/\\\/www.bertazzofood.com\\\/de\\\/prodotto\\\/kaffeemuehle-fiorenzato-f64-e-pro-matt-schwarz\\\/#primaryimage\"},\"image\":{\"@id\":\"https:\\\/\\\/www.bertazzofood.com\\\/de\\\/prodotto\\\/kaffeemuehle-fiorenzato-f64-e-pro-matt-schwarz\\\/#primaryimage\"},\"thumbnailUrl\":\"https:\\\/\\\/www.bertazzofood.com\\\/wp-content\\\/uploads\\\/2024\\\/06\\\/Fiorenzato-F64-E-PRO-black-1-2.jpg\",\"datePublished\":\"2022-08-22T07:58:14+00:00\",\"dateModified\":\"2024-12-11T10:20:10+00:00\",\"breadcrumb\":{\"@id\":\"https:\\\/\\\/www.bertazzofood.com\\\/de\\\/prodotto\\\/kaffeemuehle-fiorenzato-f64-e-pro-matt-schwarz\\\/#breadcrumb\"},\"inLanguage\":\"de\",\"potentialAction\":[{\"@type\":\"ReadAction\",\"target\":[\"https:\\\/\\\/www.bertazzofood.com\\\/de\\\/prodotto\\\/kaffeemuehle-fiorenzato-f64-e-pro-matt-schwarz\\\/\"]}]},{\"@type\":\"ImageObject\",\"inLanguage\":\"de\",\"@id\":\"https:\\\/\\\/www.bertazzofood.com\\\/de\\\/prodotto\\\/kaffeemuehle-fiorenzato-f64-e-pro-matt-schwarz\\\/#primaryimage\",\"url\":\"https:\\\/\\\/www.bertazzofood.com\\\/wp-content\\\/uploads\\\/2024\\\/06\\\/Fiorenzato-F64-E-PRO-black-1-2.jpg\",\"contentUrl\":\"https:\\\/\\\/www.bertazzofood.com\\\/wp-content\\\/uploads\\\/2024\\\/06\\\/Fiorenzato-F64-E-PRO-black-1-2.jpg\",\"width\":800,\"height\":800},{\"@type\":\"BreadcrumbList\",\"@id\":\"https:\\\/\\\/www.bertazzofood.com\\\/de\\\/prodotto\\\/kaffeemuehle-fiorenzato-f64-e-pro-matt-schwarz\\\/#breadcrumb\",\"itemListElement\":[{\"@type\":\"ListItem\",\"position\":1,\"name\":\"Home\",\"item\":\"https:\\\/\\\/www.bertazzofood.com\\\/de\\\/homepage\\\/\"},{\"@type\":\"ListItem\",\"position\":2,\"name\":\"Produkte\",\"item\":\"https:\\\/\\\/www.bertazzofood.com\\\/de\\\/shop\\\/\"},{\"@type\":\"ListItem\",\"position\":3,\"name\":\"Kaffeem\u00fchle Fiorenzato F64 E PRO Matt Schwarz\"}]},{\"@type\":\"WebSite\",\"@id\":\"https:\\\/\\\/www.bertazzofood.com\\\/de\\\/#website\",\"url\":\"https:\\\/\\\/www.bertazzofood.com\\\/de\\\/\",\"name\":\"Bertazzo Food\",\"description\":\"Prodotti Alimentari Italiani Online e Macchine Da Caff\u00e8\",\"publisher\":{\"@id\":\"https:\\\/\\\/www.bertazzofood.com\\\/de\\\/#organization\"},\"potentialAction\":[{\"@type\":\"SearchAction\",\"target\":{\"@type\":\"EntryPoint\",\"urlTemplate\":\"https:\\\/\\\/www.bertazzofood.com\\\/de\\\/?s={search_term_string}\"},\"query-input\":{\"@type\":\"PropertyValueSpecification\",\"valueRequired\":true,\"valueName\":\"search_term_string\"}}],\"inLanguage\":\"de\"},{\"@type\":\"Organization\",\"@id\":\"https:\\\/\\\/www.bertazzofood.com\\\/de\\\/#organization\",\"name\":\"Bertazzo Italian Quality Food S.a.s. di Bertazzo Fabio & C.\",\"alternateName\":\"Bertazzo Food\",\"url\":\"https:\\\/\\\/www.bertazzofood.com\\\/de\\\/\",\"logo\":{\"@type\":\"ImageObject\",\"inLanguage\":\"de\",\"@id\":\"https:\\\/\\\/www.bertazzofood.com\\\/de\\\/#\\\/schema\\\/logo\\\/image\\\/\",\"url\":\"https:\\\/\\\/www.bertazzofood.com\\\/wp-content\\\/uploads\\\/2024\\\/06\\\/logo-bertazzo.webp\",\"contentUrl\":\"https:\\\/\\\/www.bertazzofood.com\\\/wp-content\\\/uploads\\\/2024\\\/06\\\/logo-bertazzo.webp\",\"width\":410,\"height\":166,\"caption\":\"Bertazzo Italian Quality Food S.a.s. di Bertazzo Fabio & C.\"},\"image\":{\"@id\":\"https:\\\/\\\/www.bertazzofood.com\\\/de\\\/#\\\/schema\\\/logo\\\/image\\\/\"},\"sameAs\":[\"https:\\\/\\\/www.facebook.com\\\/BertazzoItalianQualityFood\",\"https:\\\/\\\/www.instagram.com\\\/bertazzo_italian_quality_food\\\/\"]}]}<\/script>\n<!-- \/ Yoast SEO plugin. -->","yoast_head_json":{"title":"Kaffeem\u00fchle Fiorenzato F64 E PRO Matt Schwarz","robots":{"index":"index","follow":"follow","max-snippet":"max-snippet:-1","max-image-preview":"max-image-preview:large","max-video-preview":"max-video-preview:-1"},"canonical":"https:\/\/www.bertazzofood.com\/de\/prodotto\/kaffeemuehle-fiorenzato-f64-e-pro-matt-schwarz\/","og_locale":"de_DE","og_type":"article","og_title":"Kaffeem\u00fchle Fiorenzato F64 E PRO Matt Schwarz","og_description":"Fiorenzato F64 E PRO: Elektronische Kaffeem\u00fchle, neue TOUCHSCREEN-Display mit CapSense-Technologie. Technische Daten: \u2022 Schnell ausziehbarer Mahlkammer: Sie erm\u00f6glicht die das Herausnehmen der gew\u00fcnschten Komponente, ohne die Einstellung der Korngr\u00f6\u00dfe zu ver\u00e4ndern \u2022 Einstellung f\u00fcr kontinuierliches feines Mahlen \u2022 Leistung: 450 Watt \u2022 Flache Mahlwerke mit einem Durchmesser von 64 mm mit Dark-T\u00ae Behandlung, weiterentwicklung unserer [&hellip;]","og_url":"https:\/\/www.bertazzofood.com\/de\/prodotto\/kaffeemuehle-fiorenzato-f64-e-pro-matt-schwarz\/","og_site_name":"Bertazzo Food","article_publisher":"https:\/\/www.facebook.com\/BertazzoItalianQualityFood","article_modified_time":"2024-12-11T10:20:10+00:00","og_image":[{"width":800,"height":800,"url":"https:\/\/www.bertazzofood.com\/wp-content\/uploads\/2024\/06\/Fiorenzato-F64-E-PRO-black-1-2.jpg","type":"image\/webp"}],"twitter_card":"summary_large_image","twitter_misc":{"Gesch\u00e4tzte Lesezeit":"1\u00a0Minute"},"schema":{"@context":"https:\/\/schema.org","@graph":[{"@type":"WebPage","@id":"https:\/\/www.bertazzofood.com\/de\/prodotto\/kaffeemuehle-fiorenzato-f64-e-pro-matt-schwarz\/","url":"https:\/\/www.bertazzofood.com\/de\/prodotto\/kaffeemuehle-fiorenzato-f64-e-pro-matt-schwarz\/","name":"Kaffeem\u00fchle Fiorenzato F64 E PRO Matt Schwarz","isPartOf":{"@id":"https:\/\/www.bertazzofood.com\/de\/#website"},"primaryImageOfPage":{"@id":"https:\/\/www.bertazzofood.com\/de\/prodotto\/kaffeemuehle-fiorenzato-f64-e-pro-matt-schwarz\/#primaryimage"},"image":{"@id":"https:\/\/www.bertazzofood.com\/de\/prodotto\/kaffeemuehle-fiorenzato-f64-e-pro-matt-schwarz\/#primaryimage"},"thumbnailUrl":"https:\/\/www.bertazzofood.com\/wp-content\/uploads\/2024\/06\/Fiorenzato-F64-E-PRO-black-1-2.jpg","datePublished":"2022-08-22T07:58:14+00:00","dateModified":"2024-12-11T10:20:10+00:00","breadcrumb":{"@id":"https:\/\/www.bertazzofood.com\/de\/prodotto\/kaffeemuehle-fiorenzato-f64-e-pro-matt-schwarz\/#breadcrumb"},"inLanguage":"de","potentialAction":[{"@type":"ReadAction","target":["https:\/\/www.bertazzofood.com\/de\/prodotto\/kaffeemuehle-fiorenzato-f64-e-pro-matt-schwarz\/"]}]},{"@type":"ImageObject","inLanguage":"de","@id":"https:\/\/www.bertazzofood.com\/de\/prodotto\/kaffeemuehle-fiorenzato-f64-e-pro-matt-schwarz\/#primaryimage","url":"https:\/\/www.bertazzofood.com\/wp-content\/uploads\/2024\/06\/Fiorenzato-F64-E-PRO-black-1-2.jpg","contentUrl":"https:\/\/www.bertazzofood.com\/wp-content\/uploads\/2024\/06\/Fiorenzato-F64-E-PRO-black-1-2.jpg","width":800,"height":800},{"@type":"BreadcrumbList","@id":"https:\/\/www.bertazzofood.com\/de\/prodotto\/kaffeemuehle-fiorenzato-f64-e-pro-matt-schwarz\/#breadcrumb","itemListElement":[{"@type":"ListItem","position":1,"name":"Home","item":"https:\/\/www.bertazzofood.com\/de\/homepage\/"},{"@type":"ListItem","position":2,"name":"Produkte","item":"https:\/\/www.bertazzofood.com\/de\/shop\/"},{"@type":"ListItem","position":3,"name":"Kaffeem\u00fchle Fiorenzato F64 E PRO Matt Schwarz"}]},{"@type":"WebSite","@id":"https:\/\/www.bertazzofood.com\/de\/#website","url":"https:\/\/www.bertazzofood.com\/de\/","name":"Bertazzo Food","description":"Prodotti Alimentari Italiani Online e Macchine Da Caff\u00e8","publisher":{"@id":"https:\/\/www.bertazzofood.com\/de\/#organization"},"potentialAction":[{"@type":"SearchAction","target":{"@type":"EntryPoint","urlTemplate":"https:\/\/www.bertazzofood.com\/de\/?s={search_term_string}"},"query-input":{"@type":"PropertyValueSpecification","valueRequired":true,"valueName":"search_term_string"}}],"inLanguage":"de"},{"@type":"Organization","@id":"https:\/\/www.bertazzofood.com\/de\/#organization","name":"Bertazzo Italian Quality Food S.a.s. di Bertazzo Fabio & C.","alternateName":"Bertazzo Food","url":"https:\/\/www.bertazzofood.com\/de\/","logo":{"@type":"ImageObject","inLanguage":"de","@id":"https:\/\/www.bertazzofood.com\/de\/#\/schema\/logo\/image\/","url":"https:\/\/www.bertazzofood.com\/wp-content\/uploads\/2024\/06\/logo-bertazzo.webp","contentUrl":"https:\/\/www.bertazzofood.com\/wp-content\/uploads\/2024\/06\/logo-bertazzo.webp","width":410,"height":166,"caption":"Bertazzo Italian Quality Food S.a.s. di Bertazzo Fabio & C."},"image":{"@id":"https:\/\/www.bertazzofood.com\/de\/#\/schema\/logo\/image\/"},"sameAs":["https:\/\/www.facebook.com\/BertazzoItalianQualityFood","https:\/\/www.instagram.com\/bertazzo_italian_quality_food\/"]}]}},"_links":{"self":[{"href":"https:\/\/www.bertazzofood.com\/de\/wp-json\/wp\/v2\/product\/12558","targetHints":{"allow":["GET"]}}],"collection":[{"href":"https:\/\/www.bertazzofood.com\/de\/wp-json\/wp\/v2\/product"}],"about":[{"href":"https:\/\/www.bertazzofood.com\/de\/wp-json\/wp\/v2\/types\/product"}],"replies":[{"embeddable":true,"href":"https:\/\/www.bertazzofood.com\/de\/wp-json\/wp\/v2\/comments?post=12558"}],"version-history":[{"count":0,"href":"https:\/\/www.bertazzofood.com\/de\/wp-json\/wp\/v2\/product\/12558\/revisions"}],"wp:featuredmedia":[{"embeddable":true,"href":"https:\/\/www.bertazzofood.com\/de\/wp-json\/wp\/v2\/media\/7769"}],"wp:attachment":[{"href":"https:\/\/www.bertazzofood.com\/de\/wp-json\/wp\/v2\/media?parent=12558"}],"wp:term":[{"taxonomy":"product_brand","embeddable":true,"href":"https:\/\/www.bertazzofood.com\/de\/wp-json\/wp\/v2\/product_brand?post=12558"},{"taxonomy":"product_cat","embeddable":true,"href":"https:\/\/www.bertazzofood.com\/de\/wp-json\/wp\/v2\/product_cat?post=12558"},{"taxonomy":"product_tag","embeddable":true,"href":"https:\/\/www.bertazzofood.com\/de\/wp-json\/wp\/v2\/product_tag?post=12558"},{"taxonomy":"brands","embeddable":true,"href":"https:\/\/www.bertazzofood.com\/de\/wp-json\/wp\/v2\/brands?post=12558"},{"taxonomy":"flag_home","embeddable":true,"href":"https:\/\/www.bertazzofood.com\/de\/wp-json\/wp\/v2\/flag_home?post=12558"}],"curies":[{"name":"wp","href":"https:\/\/api.w.org\/{rel}","templated":true}]}}